{"id":28156,"date":"2024-04-29T13:15:10","date_gmt":"2024-04-29T13:15:10","guid":{"rendered":"https:\/\/chemsxpress.com\/?post_type=product&#038;p=28156"},"modified":"2024-07-04T23:25:52","modified_gmt":"2024-07-04T23:25:52","slug":"acheter-ethyl-pentedrone-nep-crystals","status":"publish","type":"product","link":"https:\/\/chemsxpress.com\/fr\/produit\/acheter-ethyl-pentedrone-nep-crystals\/","title":{"rendered":"Cristaux d'\u00e9thyl-pentedrone (NEP)"},"content":{"rendered":"<h1 style=\"text-align: center;\">Acheter des cristaux d'Ethyl-Pentedrone (NEP)<\/h1>\n<h4 style=\"text-align: center;\"><strong>Bienvenue \u00e0 ChemsXpress : Votre source de confiance pour les cristaux d'Ethyl-Pentedrone (NEP)<\/strong><\/h4>\n<p style=\"text-align: center;\">Achetez des cristaux d'Ethyl-Pentedrone (NEP). D\u00e9couvrez la qualit\u00e9 exceptionnelle des cristaux d'Ethyl-Pentedrone (NEP), m\u00e9ticuleusement synth\u00e9tis\u00e9s et rigoureusement test\u00e9s \u00e0 des fins de recherche. ChemsXpress s'engage \u00e0 vous fournir des cristaux d'Ethyl-Pentedrone (NEP) de premi\u00e8re qualit\u00e9. <a href=\"https:\/\/chemsxpress.com\/fr\/categorie-produit\/produits-chimiques-de-recherche\/\">produits chimiques de recherche<\/a> \u00e0 l'appui de vos recherches scientifiques.<\/p>\n<p style=\"text-align: center;\"><strong>Pourquoi choisir ChemsXpress ?<\/strong><\/p>\n<ul style=\"text-align: center;\">\n<li><strong>Qualit\u00e9 sup\u00e9rieure :<\/strong> Nos cristaux d'Ethyl-Pentedrone (NEP) sont synth\u00e9tis\u00e9s \u00e0 l'aide de techniques de pointe et sont soumis \u00e0 des mesures strictes de contr\u00f4le de la qualit\u00e9 afin d'en garantir la puret\u00e9 et la coh\u00e9rence.<\/li>\n<li><strong>Exp\u00e9dition rapide :<\/strong> Nous comprenons l'importance d'une livraison rapide pour vos projets de recherche. Votre commande de cristaux d'Ethyl-Pentedrone (NEP) sera trait\u00e9e et exp\u00e9di\u00e9e dans les plus brefs d\u00e9lais et arrivera rapidement dans votre laboratoire.<\/li>\n<li><strong>Un service exceptionnel :<\/strong> Notre \u00e9quipe de service \u00e0 la client\u00e8le est l\u00e0 pour vous aider \u00e0 chaque \u00e9tape. Que vous ayez des questions sur nos produits ou que vous ayez besoin d'aide pour passer votre commande, nous nous engageons \u00e0 vous fournir le meilleur niveau d'assistance possible.<\/li>\n<\/ul>\n<p style=\"text-align: center;\"><strong>Commandez d\u00e8s aujourd'hui des cristaux d'Ethyl-Pentedrone (NEP)<\/strong><\/p>\n<p style=\"text-align: center;\">Faites l'exp\u00e9rience de la qualit\u00e9 exceptionnelle et de la fiabilit\u00e9 des cristaux d'Ethyl-Pentedrone (NEP) de ChemsXpress. Faites-nous confiance pour vous fournir des cristaux de<\/p>\n<p style=\"text-align: center;\">\u00a0avec int\u00e9grit\u00e9 et professionnalisme.<\/p>\n<p style=\"text-align: center;\"><strong>Rejoignez notre communaut\u00e9 de recherche<\/strong><\/p>\n<p style=\"text-align: center;\">Restez inform\u00e9 des derni\u00e8res avanc\u00e9es en mati\u00e8re de produits chimiques de recherche et recevez des offres exclusives en vous inscrivant \u00e0 notre lettre d'information. Rejoignez notre communaut\u00e9 de chercheurs et soyez les premiers \u00e0 acc\u00e9der aux nouveaux produits et aux mises \u00e0 jour.<\/p>\n<p style=\"text-align: center;\"><strong>Choisissez la qualit\u00e9, choisissez ChemsXpress<\/strong><\/p>\n<p style=\"text-align: center;\">Merci d'avoir choisi <a href=\"https:\/\/chemsxpress.com\/fr\/\">ChemsXpress<\/a> en tant que fournisseur de confiance de cristaux d'Ethyl-Pentedrone (NEP). Gr\u00e2ce \u00e0 notre engagement in\u00e9branlable en faveur de la qualit\u00e9 et de la satisfaction des clients, vous pouvez mener vos recherches en toute confiance.<\/p>","protected":false},"excerpt":{"rendered":"<p><strong>Nom IUPAC : <\/strong>2-(\u00e9thylamino)-1-ph\u00e9nylpentan-1-one<\/p>\n<p><strong>CAS # <\/strong>18268-16-1<\/p>\n<p><strong>Autre nom : <\/strong>PEN<\/p>\n<p><strong>Apparence : <\/strong>poudre de cristal<\/p>\n<p><strong>Analyse RMN : <\/strong>C13H19NO<\/p>","protected":false},"featured_media":28239,"comment_status":"open","ping_status":"closed","template":"","meta":[],"product_brand":[],"product_cat":[79],"product_tag":[],"class_list":{"0":"post-28156","1":"product","2":"type-product","3":"status-publish","4":"has-post-thumbnail","6":"product_cat-cathinone","8":"first","9":"instock","10":"shipping-taxable","11":"purchasable","12":"product-type-variable"},"yoast_head":"<!-- This site is optimized with the Yoast SEO Premium plugin v24.1 (Yoast SEO v27.4) - https:\/\/yoast.com\/product\/yoast-seo-premium-wordpress\/ -->\n<title>Buy Ethyl-Pentedrone (NEP) Crystals : Best RC&#039;s | ChemsXpress<\/title>\n<meta name=\"description\" content=\"Buy high-quality Ethyl-Pentedrone (NEP) crystals for your research needs at ChemsXpress. Fast shipping, exceptional service. Order now\" \/>\n<meta name=\"robots\" content=\"index, follow, max-snippet:-1, max-image-preview:large, max-video-preview:-1\" \/>\n<link rel=\"canonical\" href=\"https:\/\/chemsxpress.com\/fr\/produit\/acheter-ethyl-pentedrone-nep-crystals\/\" \/>\n<meta property=\"og:locale\" content=\"fr_FR\" \/>\n<meta property=\"og:type\" content=\"article\" \/>\n<meta property=\"og:title\" content=\"Ethyl-Pentedrone (NEP) crystals\" \/>\n<meta property=\"og:description\" content=\"Buy high-quality Ethyl-Pentedrone (NEP) crystals for your research needs at ChemsXpress. Fast shipping, exceptional service. Order now\" \/>\n<meta property=\"og:url\" content=\"https:\/\/chemsxpress.com\/fr\/produit\/acheter-ethyl-pentedrone-nep-crystals\/\" \/>\n<meta property=\"og:site_name\" content=\"SHOP MDPHP\" \/>\n<meta property=\"article:modified_time\" content=\"2024-07-04T23:25:52+00:00\" \/>\n<meta property=\"og:image\" content=\"https:\/\/chemsxpress.com\/wp-content\/uploads\/2024\/04\/Ethyl-Pentedrone-NEP-crystals.jpg\" \/>\n\t<meta property=\"og:image:width\" content=\"600\" \/>\n\t<meta property=\"og:image:height\" content=\"600\" \/>\n\t<meta property=\"og:image:type\" content=\"image\/jpeg\" \/>\n<meta name=\"twitter:card\" content=\"summary_large_image\" \/>\n<meta name=\"twitter:label1\" content=\"Dur\u00e9e de lecture estim\u00e9e\" \/>\n\t<meta name=\"twitter:data1\" content=\"2 minutes\" \/>\n<script type=\"application\/ld+json\" class=\"yoast-schema-graph\">{\"@context\":\"https:\\\/\\\/schema.org\",\"@graph\":[{\"@type\":\"WebPage\",\"@id\":\"https:\\\/\\\/chemsxpress.com\\\/product\\\/buy-ethyl-pentedrone-nep-crystals\\\/\",\"url\":\"https:\\\/\\\/chemsxpress.com\\\/product\\\/buy-ethyl-pentedrone-nep-crystals\\\/\",\"name\":\"Buy Ethyl-Pentedrone (NEP) Crystals : Best RC's | ChemsXpress\",\"isPartOf\":{\"@id\":\"https:\\\/\\\/chemsxpress.com\\\/#website\"},\"primaryImageOfPage\":{\"@id\":\"https:\\\/\\\/chemsxpress.com\\\/product\\\/buy-ethyl-pentedrone-nep-crystals\\\/#primaryimage\"},\"image\":{\"@id\":\"https:\\\/\\\/chemsxpress.com\\\/product\\\/buy-ethyl-pentedrone-nep-crystals\\\/#primaryimage\"},\"thumbnailUrl\":\"https:\\\/\\\/chemsxpress.com\\\/wp-content\\\/uploads\\\/2024\\\/04\\\/Ethyl-Pentedrone-NEP-crystals.jpg\",\"datePublished\":\"2024-04-29T13:15:10+00:00\",\"dateModified\":\"2024-07-04T23:25:52+00:00\",\"description\":\"Buy high-quality Ethyl-Pentedrone (NEP) crystals for your research needs at ChemsXpress. Fast shipping, exceptional service. Order now\",\"breadcrumb\":{\"@id\":\"https:\\\/\\\/chemsxpress.com\\\/product\\\/buy-ethyl-pentedrone-nep-crystals\\\/#breadcrumb\"},\"inLanguage\":\"fr-FR\",\"potentialAction\":[{\"@type\":\"ReadAction\",\"target\":[\"https:\\\/\\\/chemsxpress.com\\\/product\\\/buy-ethyl-pentedrone-nep-crystals\\\/\"]}]},{\"@type\":\"ImageObject\",\"inLanguage\":\"fr-FR\",\"@id\":\"https:\\\/\\\/chemsxpress.com\\\/product\\\/buy-ethyl-pentedrone-nep-crystals\\\/#primaryimage\",\"url\":\"https:\\\/\\\/chemsxpress.com\\\/wp-content\\\/uploads\\\/2024\\\/04\\\/Ethyl-Pentedrone-NEP-crystals.jpg\",\"contentUrl\":\"https:\\\/\\\/chemsxpress.com\\\/wp-content\\\/uploads\\\/2024\\\/04\\\/Ethyl-Pentedrone-NEP-crystals.jpg\",\"width\":600,\"height\":600,\"caption\":\"Buy Ethyl-Pentedrone (NEP) crystals\"},{\"@type\":\"BreadcrumbList\",\"@id\":\"https:\\\/\\\/chemsxpress.com\\\/product\\\/buy-ethyl-pentedrone-nep-crystals\\\/#breadcrumb\",\"itemListElement\":[{\"@type\":\"ListItem\",\"position\":1,\"name\":\"Home\",\"item\":\"https:\\\/\\\/chemsxpress.com\\\/\"},{\"@type\":\"ListItem\",\"position\":2,\"name\":\"Shop\",\"item\":\"https:\\\/\\\/chemsxpress.com\\\/shop\\\/\"},{\"@type\":\"ListItem\",\"position\":3,\"name\":\"Ethyl-Pentedrone (NEP) crystals\"}]},{\"@type\":\"WebSite\",\"@id\":\"https:\\\/\\\/chemsxpress.com\\\/#website\",\"url\":\"https:\\\/\\\/chemsxpress.com\\\/\",\"name\":\"SHOP MDPHP\",\"description\":\"Buy MDPHP freebase from reliable supplier\",\"potentialAction\":[{\"@type\":\"SearchAction\",\"target\":{\"@type\":\"EntryPoint\",\"urlTemplate\":\"https:\\\/\\\/chemsxpress.com\\\/?s={search_term_string}\"},\"query-input\":{\"@type\":\"PropertyValueSpecification\",\"valueRequired\":true,\"valueName\":\"search_term_string\"}}],\"inLanguage\":\"fr-FR\"}]}<\/script>\n<!-- \/ Yoast SEO Premium plugin. -->","yoast_head_json":{"title":"Acheter des cristaux d'Ethyl-Pentedrone (NEP)","description":"D\u00e9couvrez l'A-PCYP de haute qualit\u00e9 pour vos besoins de recherche chez ChemsXpress. Exp\u00e9dition rapide, service exceptionnel. Commandez maintenant 50% de r\u00e9duction","robots":{"index":"index","follow":"follow","max-snippet":"max-snippet:-1","max-image-preview":"max-image-preview:large","max-video-preview":"max-video-preview:-1"},"canonical":"https:\/\/chemsxpress.com\/fr\/produit\/acheter-ethyl-pentedrone-nep-crystals\/","og_locale":"fr_FR","og_type":"article","og_title":"Ethyl-Pentedrone (NEP) crystals","og_description":"Buy high-quality Ethyl-Pentedrone (NEP) crystals for your research needs at ChemsXpress. Fast shipping, exceptional service. Order now","og_url":"https:\/\/chemsxpress.com\/fr\/produit\/acheter-ethyl-pentedrone-nep-crystals\/","og_site_name":"SHOP MDPHP","article_modified_time":"2024-07-04T23:25:52+00:00","og_image":[{"width":600,"height":600,"url":"https:\/\/chemsxpress.com\/wp-content\/uploads\/2024\/04\/Ethyl-Pentedrone-NEP-crystals.jpg","type":"image\/jpeg"}],"twitter_card":"summary_large_image","twitter_misc":{"Dur\u00e9e de lecture estim\u00e9e":"2 minutes"},"schema":{"@context":"https:\/\/schema.org","@graph":[{"@type":"WebPage","@id":"https:\/\/chemsxpress.com\/product\/buy-ethyl-pentedrone-nep-crystals\/","url":"https:\/\/chemsxpress.com\/product\/buy-ethyl-pentedrone-nep-crystals\/","name":"Acheter des cristaux d'Ethyl-Pentedrone (NEP)","isPartOf":{"@id":"https:\/\/chemsxpress.com\/#website"},"primaryImageOfPage":{"@id":"https:\/\/chemsxpress.com\/product\/buy-ethyl-pentedrone-nep-crystals\/#primaryimage"},"image":{"@id":"https:\/\/chemsxpress.com\/product\/buy-ethyl-pentedrone-nep-crystals\/#primaryimage"},"thumbnailUrl":"https:\/\/chemsxpress.com\/wp-content\/uploads\/2024\/04\/Ethyl-Pentedrone-NEP-crystals.jpg","datePublished":"2024-04-29T13:15:10+00:00","dateModified":"2024-07-04T23:25:52+00:00","description":"D\u00e9couvrez l'A-PCYP de haute qualit\u00e9 pour vos besoins de recherche chez ChemsXpress. Exp\u00e9dition rapide, service exceptionnel. Commandez maintenant 50% de r\u00e9duction","breadcrumb":{"@id":"https:\/\/chemsxpress.com\/product\/buy-ethyl-pentedrone-nep-crystals\/#breadcrumb"},"inLanguage":"fr-FR","potentialAction":[{"@type":"ReadAction","target":["https:\/\/chemsxpress.com\/product\/buy-ethyl-pentedrone-nep-crystals\/"]}]},{"@type":"ImageObject","inLanguage":"fr-FR","@id":"https:\/\/chemsxpress.com\/product\/buy-ethyl-pentedrone-nep-crystals\/#primaryimage","url":"https:\/\/chemsxpress.com\/wp-content\/uploads\/2024\/04\/Ethyl-Pentedrone-NEP-crystals.jpg","contentUrl":"https:\/\/chemsxpress.com\/wp-content\/uploads\/2024\/04\/Ethyl-Pentedrone-NEP-crystals.jpg","width":600,"height":600,"caption":"Buy Ethyl-Pentedrone (NEP) crystals"},{"@type":"BreadcrumbList","@id":"https:\/\/chemsxpress.com\/product\/buy-ethyl-pentedrone-nep-crystals\/#breadcrumb","itemListElement":[{"@type":"ListItem","position":1,"name":"Home","item":"https:\/\/chemsxpress.com\/"},{"@type":"ListItem","position":2,"name":"Shop","item":"https:\/\/chemsxpress.com\/shop\/"},{"@type":"ListItem","position":3,"name":"Ethyl-Pentedrone (NEP) crystals"}]},{"@type":"WebSite","@id":"https:\/\/chemsxpress.com\/#website","url":"https:\/\/chemsxpress.com\/","name":"SHOP MDPHP","description":"Acheter MDPHP freebase aupr\u00e8s d'un fournisseur fiable","potentialAction":[{"@type":"SearchAction","target":{"@type":"EntryPoint","urlTemplate":"https:\/\/chemsxpress.com\/?s={search_term_string}"},"query-input":{"@type":"PropertyValueSpecification","valueRequired":true,"valueName":"search_term_string"}}],"inLanguage":"fr-FR"}]}},"jetpack_sharing_enabled":true,"_links":{"self":[{"href":"https:\/\/chemsxpress.com\/fr\/wp-json\/wp\/v2\/product\/28156","targetHints":{"allow":["GET"]}}],"collection":[{"href":"https:\/\/chemsxpress.com\/fr\/wp-json\/wp\/v2\/product"}],"about":[{"href":"https:\/\/chemsxpress.com\/fr\/wp-json\/wp\/v2\/types\/product"}],"replies":[{"embeddable":true,"href":"https:\/\/chemsxpress.com\/fr\/wp-json\/wp\/v2\/comments?post=28156"}],"version-history":[{"count":4,"href":"https:\/\/chemsxpress.com\/fr\/wp-json\/wp\/v2\/product\/28156\/revisions"}],"predecessor-version":[{"id":30063,"href":"https:\/\/chemsxpress.com\/fr\/wp-json\/wp\/v2\/product\/28156\/revisions\/30063"}],"wp:featuredmedia":[{"embeddable":true,"href":"https:\/\/chemsxpress.com\/fr\/wp-json\/wp\/v2\/media\/28239"}],"wp:attachment":[{"href":"https:\/\/chemsxpress.com\/fr\/wp-json\/wp\/v2\/media?parent=28156"}],"wp:term":[{"taxonomy":"product_brand","embeddable":true,"href":"https:\/\/chemsxpress.com\/fr\/wp-json\/wp\/v2\/product_brand?post=28156"},{"taxonomy":"product_cat","embeddable":true,"href":"https:\/\/chemsxpress.com\/fr\/wp-json\/wp\/v2\/product_cat?post=28156"},{"taxonomy":"product_tag","embeddable":true,"href":"https:\/\/chemsxpress.com\/fr\/wp-json\/wp\/v2\/product_tag?post=28156"}],"curies":[{"name":"wp","href":"https:\/\/api.w.org\/{rel}","templated":true}]}}