{"id":28501,"date":"2024-04-29T13:16:52","date_gmt":"2024-04-29T13:16:52","guid":{"rendered":"https:\/\/chemsxpress.com\/?post_type=product&#038;p=28501"},"modified":"2024-07-04T23:19:21","modified_gmt":"2024-07-04T23:19:21","slug":"acheter-fluorexetamine-fxe-en-ligne","status":"publish","type":"product","link":"https:\/\/chemsxpress.com\/fr\/produit\/acheter-fluorexetamine-fxe-en-ligne\/","title":{"rendered":"Fluorex\u00e9tamine (FXE)"},"content":{"rendered":"<h1>Acheter de la fluorex\u00e9tamine (FXE) en ligne<br \/>\nInformations g\u00e9n\u00e9rales Fluorex\u00e9tamine<\/h1>\n<p>Acheter Fluorexetamine (FXE) en ligne, Fluorexetamine (hydrochloride) est un standard analytique scientifique class\u00e9 comme arylcyclohexylamine. Cet article est destin\u00e9 \u00e0 la recherche et aux applications mesurables.<\/p>\n<p>La fluorex\u00e9tamine est un planificateur sportif Research Chemical aux effets dissociatifs. Un planificateur sportif <a href=\"https:\/\/chemsxpress.com\/fr\/categorie-produit\/produits-chimiques-de-recherche\/\">recherche chimique<\/a> connue sous le nom de Fluorexetamine (3-Fluoro-2-Oxo-PCE, FXE) a \u00e9t\u00e9 vendue sur le web \u00e0 partir de 2017 environ.<\/p>\n<p>Bien qu'elle existe depuis un certain temps, elle reste g\u00e9n\u00e9ralement peu r\u00e9pandue. La fluorex\u00e9tamine est un produit chimique de recherche de planificateur sportif de la famille des arylcyclohexylamines, et ses propri\u00e9t\u00e9s peuvent \u00eatre tr\u00e8s dissociatives. Cependant, elle est pr\u00eate \u00e0 circuler sur l'internet depuis 2017, et son utilisation est rest\u00e9e mod\u00e9r\u00e9ment in\u00e9dite.<\/p>\n<p>La situation a chang\u00e9 en avril 2022, lorsque la reconnaissance algorithmique du produit chimique de recherche sur Reddit a d\u00e9clench\u00e9 une alarme. \u00c0 partir de ce moment-l\u00e0, les notifications de Fluorexetamine ont \u00e9t\u00e9 multipli\u00e9es par plus de deux, alors qu'elles \u00e9taient \u00e0 leur niveau le plus \u00e9lev\u00e9 en avril 2022. Les propri\u00e9t\u00e9s physiologiques et toxicologiques de ce compos\u00e9 n'ont pas \u00e9t\u00e9 examin\u00e9es. L'utilisation de ce produit chimique doit se faire \u00e0 des fins de recherche et de mesure, pour ainsi dire. Attention, ce produit n'est pas destin\u00e9 \u00e0 un usage humain ou v\u00e9t\u00e9rinaire.<\/p>\n<h3>Composition chimique de la fluorex\u00e9tamine<\/h3>\n<p>La fluorex\u00e9tamine (3\u2032- Fluoro-2-oxo-PCE, FXE) est un produit chimique de recherche de designer sportif de la famille des arylcyclohexylamines ayant des impacts dissociatifs. Il est suppos\u00e9 \u00eatre vendu sur le web depuis environ 2017. Cependant, il est rest\u00e9 mod\u00e9r\u00e9ment extraordinaire.<\/p>\n<p>Son \u00e9quation est C14H18FNO, et sa masse molaire est 235,302 g-mol-1.<\/p>\n<p>&nbsp;<\/p>\n<h3>Pharmacologie de la fluorex\u00e9tamine<\/h3>\n<p>La fluox\u00e9tine exerce ses effets en emp\u00eachant la recapture de la s\u00e9rotonine dans les neurones \u00e0 s\u00e9rotonine pr\u00e9synaptiques en entravant la prot\u00e9ine porteuse de la recapture situ\u00e9e dans le terminal pr\u00e9synaptique. La fluox\u00e9tine agit \u00e9galement en douceur sur les r\u00e9cepteurs 5HT2A et 5HT2C.<\/p>\n<p>La fluox\u00e9tine est consomm\u00e9e apr\u00e8s avoir \u00e9t\u00e9 administr\u00e9e par voie orale, elle est profond\u00e9ment li\u00e9e aux prot\u00e9ines et son volume de transport est \u00e9norme. La demi-vie d'\u00e9limination de la fluox\u00e9tine est d'environ 1 \u00e0 4 jours, tandis que celle de son m\u00e9tabolite, la norfluox\u00e9tine, est de 7 \u00e0 15 jours. La fluox\u00e9tine a un profil pharmacocin\u00e9tique non lin\u00e9aire.<\/p>\n<p>&nbsp;<\/p>\n<h3>Acheter de la Fluorex\u00e9tamine de haute qualit\u00e9<\/h3>\n<p><a href=\"https:\/\/chemsxpress.com\/fr\/\">ChemsXpress<\/a> a de nombreuses ann\u00e9es d'exp\u00e9rience dans l'industrie de la conception de produits chimiques de recherche, ce qui nous permet de garantir la plus haute qualit\u00e9 de ces produits chimiques de recherche. L'\u00e9quipe de recherche chimique vend de la Fluorex\u00e9tamine. Les produits chimiques de recherche, y compris les fluorex\u00e9tamines, r\u00e9pondent \u00e0 toutes les exigences de s\u00e9curit\u00e9. Les produits chimiques de recherche sont soigneusement distribu\u00e9s et stock\u00e9s dans un endroit frais et sec.<\/p>\n<p>Tous les produits sont r\u00e9guli\u00e8rement contr\u00f4l\u00e9s pour en v\u00e9rifier la qualit\u00e9, la puret\u00e9 et la s\u00e9curit\u00e9. Conservez toujours Fluorexetamine \u00e0 temp\u00e9rature ambiante et hors de port\u00e9e des enfants et des animaux domestiques. Notre Fluorex\u00e9tamine n'est pas destin\u00e9e \u00e0 un usage personnel. Elle est uniquement destin\u00e9e \u00e0 la recherche.<\/p>\n<p>Il ne doit pas \u00eatre m\u00e9lang\u00e9 avec de l'alcool ou des produits chimiques de recherche lors de la recherche de ce produit chimique de recherche !<\/p>\n<p>Tous nos produits ont un prix \u00e9quitable !<\/p>\n<p>&nbsp;<\/p>\n<h3>Le laboratoire a test\u00e9 la fluorex\u00e9tamine et a obtenu des r\u00e9sultats.<\/h3>\n<p>Remakes progresse vers la satisfaction g\u00e9n\u00e9rale de ses clients. Diff\u00e9rents examens ont montr\u00e9 que les clients demandent autant de donn\u00e9es que pr\u00e9vu avant d'acheter des produits chimiques de recherche synth\u00e9tiques. En outre, nous publions toutes les cons\u00e9quences de laboratoire de chaque compos\u00e9 d'examen sur une fiche PDF.<\/p>\n<p>Notre cristal de fluorex\u00e9tamine r\u00e9pond toujours aux principes actifs et est visible par tout le monde.<\/p>\n<p>Nous distribuons toutes les cons\u00e9quences de laboratoire de chaque produit chimique de recherche sur un document PDF.<\/p>\n<p>&nbsp;<\/p>\n<h3>Commandez en toute s\u00e9curit\u00e9 de Fluorexetamine.<\/h3>\n<p>Les produits chimiques de recherche de Panacea Chems sont d'excellente qualit\u00e9 et ont un co\u00fbt raisonnable. Par cons\u00e9quent, lorsque vous demandez vos produits chimiques de recherche \u00e0 ChemsXpress, nous vous garantissons que nous acheminerons votre demande \u00e0 votre domicile rapidement et en toute s\u00e9curit\u00e9, car la vente de produits chimiques de recherche est toujours disponible sur Panacea Chems.<\/p>\n<p>Il est facile de demander des compos\u00e9s de recherche synth\u00e9tiques avec Bitcoin ou par virement bancaire sur le site ChemsXpress.<\/p>\n<p>Nous exp\u00e9dions les poudres chimiques de recherche le m\u00eame jour ouvrable si le paiement est re\u00e7u avant 15h00 CEST.<\/p>\n<p>Nous ne fournissons pas d'articles aux personnes de moins de 18 ans !<\/p>\n<p>La vente de produits chimiques de recherche n'a lieu qu'\u00e0 des fins de recherche.<\/p>\n<p>Exp\u00e9dition discr\u00e8te de produits chimiques destin\u00e9s \u00e0 la recherche.<\/p>\n<p>ChemsXpress emballera votre commande de mani\u00e8re s\u00fbre et s\u00e9curis\u00e9e afin d'assurer un transport ad\u00e9quat. De plus, nous emballons en toute discr\u00e9tion, et aucun signe de ce qui pourrait se trouver \u00e0 l'int\u00e9rieur ne sera visible \u00e0 l'ext\u00e9rieur.<\/p>\n<p>&nbsp;<\/p>\n<h3>Pr\u00e9cautions<\/h3>\n<ul>\n<li>Achetez les \u00e9quipements de protection individuelle appropri\u00e9s, tels que des lunettes et des gants. Nettoyez-les et entretenez-les de mani\u00e8re appropri\u00e9e. Suivez des syst\u00e8mes s\u00fbrs lorsque vous manipulez des produits chimiques destin\u00e9s \u00e0 la recherche et ne prenez pas de raccourcis.<\/li>\n<li>Si le produit chimique de recherche entre en contact avec les yeux, rincer abondamment et \u00e9liminer les lentilles de contact si elles sont essentielles.<\/li>\n<li>Essayez d'utiliser un masque lorsque vous utilisez ces produits chimiques afin qu'ils ne p\u00e9n\u00e8trent pas \u00e0 l'int\u00e9rieur de vous lorsque vous respirez.<\/li>\n<li>Comme l'indiquent les m\u00e9thodes soutenues, manipulez, stockez et \u00e9liminez les mati\u00e8res dangereuses en toute s\u00e9curit\u00e9. Ne jamais les d\u00e9verser dans les \u00e9gouts ou les canaux.<\/li>\n<li>Stockez les produits chimiques de recherche de mani\u00e8re appropri\u00e9e, comme indiqu\u00e9 sur leur nom. Les produits chimiques inflammables doivent \u00eatre rang\u00e9s dans un excellent cannabis sec, \u00e0 l'abri de l'intensit\u00e9 et de la lumi\u00e8re du jour. Quelques produits synth\u00e9tiques, comme les acides, doivent \u00eatre rang\u00e9s ind\u00e9pendamment les uns des autres.<\/li>\n<li><a href=\"https:\/\/chemsxpress.com\/fr\/\">ChemsXpress<\/a> offerts au rc le sont \u00e0 des fins de recherche ; la consommation humaine est fortement interdite.<\/li>\n<\/ul>","protected":false},"excerpt":{"rendered":"<p><strong>Nom IUPAC : <\/strong>2-(\u00e9thylamino)-2-(3-fluoroph\u00e9nyl)cyclohexan-1-one<\/p>\n<p><strong>Autre nom : <\/strong>FXE<\/p>\n<p><strong>Forme : <\/strong>cristal<\/p>\n<p><strong>Analyse RMN : <\/strong>C14H18FNO<\/p>","protected":false},"featured_media":28531,"comment_status":"open","ping_status":"closed","template":"","meta":[],"product_brand":[],"product_cat":[80],"product_tag":[],"class_list":{"0":"post-28501","1":"product","2":"type-product","3":"status-publish","4":"has-post-thumbnail","6":"product_cat-dissociatives","8":"first","9":"instock","10":"shipping-taxable","11":"purchasable","12":"product-type-variable"},"yoast_head":"<!-- This site is optimized with the Yoast SEO Premium plugin v24.1 (Yoast SEO v27.4) - https:\/\/yoast.com\/product\/yoast-seo-premium-wordpress\/ -->\n<title>Buy Fluorexetamine (FXE) Online: Premium RRC&#039;s| ChemsXpress<\/title>\n<meta name=\"description\" content=\"Discover high-quality Fluorexetamine (FXE) for your research needs at ChemsXpress. Fast shipping, exceptional service. Order now\" \/>\n<meta name=\"robots\" content=\"index, follow, max-snippet:-1, max-image-preview:large, max-video-preview:-1\" \/>\n<link rel=\"canonical\" href=\"https:\/\/chemsxpress.com\/fr\/produit\/acheter-fluorexetamine-fxe-en-ligne\/\" \/>\n<meta property=\"og:locale\" content=\"fr_FR\" \/>\n<meta property=\"og:type\" content=\"article\" \/>\n<meta property=\"og:title\" content=\"Fluorexetamine (FXE)\" \/>\n<meta property=\"og:description\" content=\"Discover high-quality Fluorexetamine (FXE) for your research needs at ChemsXpress. Fast shipping, exceptional service. Order now\" \/>\n<meta property=\"og:url\" content=\"https:\/\/chemsxpress.com\/fr\/produit\/acheter-fluorexetamine-fxe-en-ligne\/\" \/>\n<meta property=\"og:site_name\" content=\"SHOP MDPHP\" \/>\n<meta property=\"article:modified_time\" content=\"2024-07-04T23:19:21+00:00\" \/>\n<meta property=\"og:image\" content=\"https:\/\/chemsxpress.com\/wp-content\/uploads\/2024\/04\/Fluorexetamine-FXE.jpg\" \/>\n\t<meta property=\"og:image:width\" content=\"600\" \/>\n\t<meta property=\"og:image:height\" content=\"600\" \/>\n\t<meta property=\"og:image:type\" content=\"image\/jpeg\" \/>\n<meta name=\"twitter:card\" content=\"summary_large_image\" \/>\n<meta name=\"twitter:label1\" content=\"Dur\u00e9e de lecture estim\u00e9e\" \/>\n\t<meta name=\"twitter:data1\" content=\"4 minutes\" \/>\n<script type=\"application\/ld+json\" class=\"yoast-schema-graph\">{\"@context\":\"https:\\\/\\\/schema.org\",\"@graph\":[{\"@type\":\"WebPage\",\"@id\":\"https:\\\/\\\/chemsxpress.com\\\/product\\\/buy-fluorexetamine-fxe-online\\\/\",\"url\":\"https:\\\/\\\/chemsxpress.com\\\/product\\\/buy-fluorexetamine-fxe-online\\\/\",\"name\":\"Buy Fluorexetamine (FXE) Online: Premium RRC's| ChemsXpress\",\"isPartOf\":{\"@id\":\"https:\\\/\\\/chemsxpress.com\\\/#website\"},\"primaryImageOfPage\":{\"@id\":\"https:\\\/\\\/chemsxpress.com\\\/product\\\/buy-fluorexetamine-fxe-online\\\/#primaryimage\"},\"image\":{\"@id\":\"https:\\\/\\\/chemsxpress.com\\\/product\\\/buy-fluorexetamine-fxe-online\\\/#primaryimage\"},\"thumbnailUrl\":\"https:\\\/\\\/chemsxpress.com\\\/wp-content\\\/uploads\\\/2024\\\/04\\\/Fluorexetamine-FXE.jpg\",\"datePublished\":\"2024-04-29T13:16:52+00:00\",\"dateModified\":\"2024-07-04T23:19:21+00:00\",\"description\":\"Discover high-quality Fluorexetamine (FXE) for your research needs at ChemsXpress. Fast shipping, exceptional service. Order now\",\"breadcrumb\":{\"@id\":\"https:\\\/\\\/chemsxpress.com\\\/product\\\/buy-fluorexetamine-fxe-online\\\/#breadcrumb\"},\"inLanguage\":\"fr-FR\",\"potentialAction\":[{\"@type\":\"ReadAction\",\"target\":[\"https:\\\/\\\/chemsxpress.com\\\/product\\\/buy-fluorexetamine-fxe-online\\\/\"]}]},{\"@type\":\"ImageObject\",\"inLanguage\":\"fr-FR\",\"@id\":\"https:\\\/\\\/chemsxpress.com\\\/product\\\/buy-fluorexetamine-fxe-online\\\/#primaryimage\",\"url\":\"https:\\\/\\\/chemsxpress.com\\\/wp-content\\\/uploads\\\/2024\\\/04\\\/Fluorexetamine-FXE.jpg\",\"contentUrl\":\"https:\\\/\\\/chemsxpress.com\\\/wp-content\\\/uploads\\\/2024\\\/04\\\/Fluorexetamine-FXE.jpg\",\"width\":600,\"height\":600,\"caption\":\"Buy Fluorexetamine (FXE) Online\"},{\"@type\":\"BreadcrumbList\",\"@id\":\"https:\\\/\\\/chemsxpress.com\\\/product\\\/buy-fluorexetamine-fxe-online\\\/#breadcrumb\",\"itemListElement\":[{\"@type\":\"ListItem\",\"position\":1,\"name\":\"Home\",\"item\":\"https:\\\/\\\/chemsxpress.com\\\/\"},{\"@type\":\"ListItem\",\"position\":2,\"name\":\"Shop\",\"item\":\"https:\\\/\\\/chemsxpress.com\\\/shop\\\/\"},{\"@type\":\"ListItem\",\"position\":3,\"name\":\"Fluorexetamine (FXE)\"}]},{\"@type\":\"WebSite\",\"@id\":\"https:\\\/\\\/chemsxpress.com\\\/#website\",\"url\":\"https:\\\/\\\/chemsxpress.com\\\/\",\"name\":\"SHOP MDPHP\",\"description\":\"Buy MDPHP freebase from reliable supplier\",\"potentialAction\":[{\"@type\":\"SearchAction\",\"target\":{\"@type\":\"EntryPoint\",\"urlTemplate\":\"https:\\\/\\\/chemsxpress.com\\\/?s={search_term_string}\"},\"query-input\":{\"@type\":\"PropertyValueSpecification\",\"valueRequired\":true,\"valueName\":\"search_term_string\"}}],\"inLanguage\":\"fr-FR\"}]}<\/script>\n<!-- \/ Yoast SEO Premium plugin. -->","yoast_head_json":{"title":"Achetez de la fluorex\u00e9tamine (FXE) en ligne\u00a0: Premium RRC | ChemsXpress","description":"D\u00e9couvrez l'A-PCYP de haute qualit\u00e9 pour vos besoins de recherche chez ChemsXpress. Exp\u00e9dition rapide, service exceptionnel. Commandez maintenant 50% de r\u00e9duction","robots":{"index":"index","follow":"follow","max-snippet":"max-snippet:-1","max-image-preview":"max-image-preview:large","max-video-preview":"max-video-preview:-1"},"canonical":"https:\/\/chemsxpress.com\/fr\/produit\/acheter-fluorexetamine-fxe-en-ligne\/","og_locale":"fr_FR","og_type":"article","og_title":"Fluorexetamine (FXE)","og_description":"Discover high-quality Fluorexetamine (FXE) for your research needs at ChemsXpress. Fast shipping, exceptional service. Order now","og_url":"https:\/\/chemsxpress.com\/fr\/produit\/acheter-fluorexetamine-fxe-en-ligne\/","og_site_name":"SHOP MDPHP","article_modified_time":"2024-07-04T23:19:21+00:00","og_image":[{"width":600,"height":600,"url":"https:\/\/chemsxpress.com\/wp-content\/uploads\/2024\/04\/Fluorexetamine-FXE.jpg","type":"image\/jpeg"}],"twitter_card":"summary_large_image","twitter_misc":{"Dur\u00e9e de lecture estim\u00e9e":"4 minutes"},"schema":{"@context":"https:\/\/schema.org","@graph":[{"@type":"WebPage","@id":"https:\/\/chemsxpress.com\/product\/buy-fluorexetamine-fxe-online\/","url":"https:\/\/chemsxpress.com\/product\/buy-fluorexetamine-fxe-online\/","name":"Achetez de la fluorex\u00e9tamine (FXE) en ligne\u00a0: Premium RRC | ChemsXpress","isPartOf":{"@id":"https:\/\/chemsxpress.com\/#website"},"primaryImageOfPage":{"@id":"https:\/\/chemsxpress.com\/product\/buy-fluorexetamine-fxe-online\/#primaryimage"},"image":{"@id":"https:\/\/chemsxpress.com\/product\/buy-fluorexetamine-fxe-online\/#primaryimage"},"thumbnailUrl":"https:\/\/chemsxpress.com\/wp-content\/uploads\/2024\/04\/Fluorexetamine-FXE.jpg","datePublished":"2024-04-29T13:16:52+00:00","dateModified":"2024-07-04T23:19:21+00:00","description":"D\u00e9couvrez l'A-PCYP de haute qualit\u00e9 pour vos besoins de recherche chez ChemsXpress. Exp\u00e9dition rapide, service exceptionnel. Commandez maintenant 50% de r\u00e9duction","breadcrumb":{"@id":"https:\/\/chemsxpress.com\/product\/buy-fluorexetamine-fxe-online\/#breadcrumb"},"inLanguage":"fr-FR","potentialAction":[{"@type":"ReadAction","target":["https:\/\/chemsxpress.com\/product\/buy-fluorexetamine-fxe-online\/"]}]},{"@type":"ImageObject","inLanguage":"fr-FR","@id":"https:\/\/chemsxpress.com\/product\/buy-fluorexetamine-fxe-online\/#primaryimage","url":"https:\/\/chemsxpress.com\/wp-content\/uploads\/2024\/04\/Fluorexetamine-FXE.jpg","contentUrl":"https:\/\/chemsxpress.com\/wp-content\/uploads\/2024\/04\/Fluorexetamine-FXE.jpg","width":600,"height":600,"caption":"Buy Fluorexetamine (FXE) Online"},{"@type":"BreadcrumbList","@id":"https:\/\/chemsxpress.com\/product\/buy-fluorexetamine-fxe-online\/#breadcrumb","itemListElement":[{"@type":"ListItem","position":1,"name":"Home","item":"https:\/\/chemsxpress.com\/"},{"@type":"ListItem","position":2,"name":"Shop","item":"https:\/\/chemsxpress.com\/shop\/"},{"@type":"ListItem","position":3,"name":"Fluorexetamine (FXE)"}]},{"@type":"WebSite","@id":"https:\/\/chemsxpress.com\/#website","url":"https:\/\/chemsxpress.com\/","name":"SHOP MDPHP","description":"Acheter MDPHP freebase aupr\u00e8s d'un fournisseur fiable","potentialAction":[{"@type":"SearchAction","target":{"@type":"EntryPoint","urlTemplate":"https:\/\/chemsxpress.com\/?s={search_term_string}"},"query-input":{"@type":"PropertyValueSpecification","valueRequired":true,"valueName":"search_term_string"}}],"inLanguage":"fr-FR"}]}},"jetpack_sharing_enabled":true,"_links":{"self":[{"href":"https:\/\/chemsxpress.com\/fr\/wp-json\/wp\/v2\/product\/28501","targetHints":{"allow":["GET"]}}],"collection":[{"href":"https:\/\/chemsxpress.com\/fr\/wp-json\/wp\/v2\/product"}],"about":[{"href":"https:\/\/chemsxpress.com\/fr\/wp-json\/wp\/v2\/types\/product"}],"replies":[{"embeddable":true,"href":"https:\/\/chemsxpress.com\/fr\/wp-json\/wp\/v2\/comments?post=28501"}],"version-history":[{"count":4,"href":"https:\/\/chemsxpress.com\/fr\/wp-json\/wp\/v2\/product\/28501\/revisions"}],"predecessor-version":[{"id":30056,"href":"https:\/\/chemsxpress.com\/fr\/wp-json\/wp\/v2\/product\/28501\/revisions\/30056"}],"wp:featuredmedia":[{"embeddable":true,"href":"https:\/\/chemsxpress.com\/fr\/wp-json\/wp\/v2\/media\/28531"}],"wp:attachment":[{"href":"https:\/\/chemsxpress.com\/fr\/wp-json\/wp\/v2\/media?parent=28501"}],"wp:term":[{"taxonomy":"product_brand","embeddable":true,"href":"https:\/\/chemsxpress.com\/fr\/wp-json\/wp\/v2\/product_brand?post=28501"},{"taxonomy":"product_cat","embeddable":true,"href":"https:\/\/chemsxpress.com\/fr\/wp-json\/wp\/v2\/product_cat?post=28501"},{"taxonomy":"product_tag","embeddable":true,"href":"https:\/\/chemsxpress.com\/fr\/wp-json\/wp\/v2\/product_tag?post=28501"}],"curies":[{"name":"wp","href":"https:\/\/api.w.org\/{rel}","templated":true}]}}