{"id":28504,"date":"2024-04-29T13:16:52","date_gmt":"2024-04-29T13:16:52","guid":{"rendered":"https:\/\/chemsxpress.com\/?post_type=product&#038;p=28504"},"modified":"2024-07-04T23:17:59","modified_gmt":"2024-07-04T23:17:59","slug":"acheter-mxe-3d-en-ligne-2","status":"publish","type":"product","link":"https:\/\/chemsxpress.com\/fr\/produit\/acheter-mxe-3d-en-ligne-2\/","title":{"rendered":"3D-MXE"},"content":{"rendered":"<h1 style=\"text-align: center;\">Acheter 3D-MXE en ligne<\/h1>\n<p>Achetez 3D-MXE en ligne, explorez la meilleure qualit\u00e9 de 3D-MXE disponible en ligne sur ChemsXpress. Nous nous engageons \u00e0 fournir aux chercheurs des produits chimiques de qualit\u00e9 sup\u00e9rieure pour leurs recherches scientifiques. Nos 3D-MXE sont m\u00e9ticuleusement synth\u00e9tis\u00e9s et rigoureusement test\u00e9s pour garantir leur puret\u00e9, leur coh\u00e9rence et leur fiabilit\u00e9.<\/p>\n<p><strong>Pourquoi choisir ChemsXpress ?<\/strong><\/p>\n<ul>\n<li><strong>Qualit\u00e9 sup\u00e9rieure :<\/strong> Notre 3D-MXE est synth\u00e9tis\u00e9 \u00e0 l'aide de techniques de pointe et fait l'objet de mesures de contr\u00f4le de qualit\u00e9 compl\u00e8tes afin de garantir un niveau de puret\u00e9 et de coh\u00e9rence optimal.<\/li>\n<li><strong>Exp\u00e9dition rapide :<\/strong> Nous comprenons l'urgence de vos projets de recherche. Votre commande sera trait\u00e9e dans les meilleurs d\u00e9lais, et notre \u00e9quipe efficace d'experts en recherche et d\u00e9veloppement sera \u00e0 votre disposition pour r\u00e9pondre \u00e0 vos questions. <a href=\"https:\/\/chemsxpress.com\/fr\/?cms_block=shipping-delivery\">l'exp\u00e9dition assure une livraison rapide<\/a> \u00e0 votre laboratoire.<\/li>\n<li><strong>Un service exceptionnel :<\/strong> Notre \u00e9quipe de service \u00e0 la client\u00e8le est \u00e0 votre disposition pour r\u00e9pondre \u00e0 toutes vos questions. Nous nous engageons \u00e0 vous fournir un soutien exceptionnel tout au long de votre exp\u00e9rience d'achat.<\/li>\n<\/ul>\n<p><strong>Commander 3D-MXE aujourd'hui<\/strong><\/p>\n<p>D\u00e9couvrez la qualit\u00e9 et la fiabilit\u00e9 exceptionnelles de 3D-MXE de ChemsXpress. Faites-nous confiance pour vous fournir des <a href=\"https:\/\/chemsxpress.com\/fr\/categorie-produit\/produits-chimiques-de-recherche\/\">produits chimiques de recherche<\/a> pour soutenir vos efforts scientifiques.<\/p>\n<p><strong>Rejoignez notre communaut\u00e9 de recherche<\/strong><\/p>\n<p>Restez inform\u00e9 des derniers d\u00e9veloppements dans le domaine des produits chimiques de recherche et acc\u00e9dez \u00e0 des offres exclusives en vous inscrivant \u00e0 notre lettre d'information. Rejoignez notre communaut\u00e9 de chercheurs et soyez les premiers \u00e0 recevoir des informations sur les nouveaux produits et les promotions.<\/p>\n<p><strong>Choisissez la qualit\u00e9, choisissez ChemsXpress<\/strong><\/p>\n<p>Merci d'avoir choisi <a href=\"https:\/\/chemsxpress.com\/fr\/\">ChemsXpress<\/a> en tant que fournisseur de confiance de 3D-MXE. Gr\u00e2ce \u00e0 notre engagement in\u00e9branlable en faveur de la qualit\u00e9 et de la satisfaction des clients, vous pouvez mener vos recherches en toute confiance.<\/p>","protected":false},"excerpt":{"rendered":"<p><strong>Nom IUPAC : <\/strong>2-(\u00e9thylamino)-2-(3m\u00e9thylph\u00e9nyl)-cyclohexanone hcl<\/p>\n<p><strong>Autre nom : <\/strong>DMXE<\/p>\n<p><strong>Apparence : <\/strong>poudre<\/p>\n<p><strong>Forme : <\/strong>HCL<\/p>","protected":false},"featured_media":28539,"comment_status":"open","ping_status":"closed","template":"","meta":[],"product_brand":[],"product_cat":[80],"product_tag":[],"class_list":{"0":"post-28504","1":"product","2":"type-product","3":"status-publish","4":"has-post-thumbnail","6":"product_cat-dissociatives","8":"first","9":"instock","10":"shipping-taxable","11":"purchasable","12":"product-type-variable"},"yoast_head":"<!-- This site is optimized with the Yoast SEO Premium plugin v24.1 (Yoast SEO v27.3) - https:\/\/yoast.com\/product\/yoast-seo-premium-wordpress\/ -->\n<title>Buy 3D-MXE Online:Quality Research Chemical | ChemsXpress<\/title>\n<meta name=\"description\" content=\"Buy 3D-MXE for your research needs at ChemsXpress. Fast shipping, exceptional service. Order now and advance your scientific endeavors with confidence\" \/>\n<meta name=\"robots\" content=\"index, follow, max-snippet:-1, max-image-preview:large, max-video-preview:-1\" \/>\n<link rel=\"canonical\" href=\"https:\/\/chemsxpress.com\/fr\/produit\/acheter-mxe-3d-en-ligne-2\/\" \/>\n<meta property=\"og:locale\" content=\"fr_FR\" \/>\n<meta property=\"og:type\" content=\"article\" \/>\n<meta property=\"og:title\" content=\"3D-MXE\" \/>\n<meta property=\"og:description\" content=\"Buy 3D-MXE for your research needs at ChemsXpress. Fast shipping, exceptional service. Order now and advance your scientific endeavors with confidence\" \/>\n<meta property=\"og:url\" content=\"https:\/\/chemsxpress.com\/fr\/produit\/acheter-mxe-3d-en-ligne-2\/\" \/>\n<meta property=\"og:site_name\" content=\"SHOP MDPHP\" \/>\n<meta property=\"article:modified_time\" content=\"2024-07-04T23:17:59+00:00\" \/>\n<meta property=\"og:image\" content=\"https:\/\/chemsxpress.com\/wp-content\/uploads\/2024\/04\/3D-MXE.jpg\" \/>\n\t<meta property=\"og:image:width\" content=\"600\" \/>\n\t<meta property=\"og:image:height\" content=\"600\" \/>\n\t<meta property=\"og:image:type\" content=\"image\/jpeg\" \/>\n<meta name=\"twitter:card\" content=\"summary_large_image\" \/>\n<meta name=\"twitter:label1\" content=\"Dur\u00e9e de lecture estim\u00e9e\" \/>\n\t<meta name=\"twitter:data1\" content=\"2 minutes\" \/>\n<script type=\"application\/ld+json\" class=\"yoast-schema-graph\">{\"@context\":\"https:\\\/\\\/schema.org\",\"@graph\":[{\"@type\":\"WebPage\",\"@id\":\"https:\\\/\\\/chemsxpress.com\\\/product\\\/buy-3d-mxe-online-2\\\/\",\"url\":\"https:\\\/\\\/chemsxpress.com\\\/product\\\/buy-3d-mxe-online-2\\\/\",\"name\":\"Buy 3D-MXE Online:Quality Research Chemical | ChemsXpress\",\"isPartOf\":{\"@id\":\"https:\\\/\\\/chemsxpress.com\\\/#website\"},\"primaryImageOfPage\":{\"@id\":\"https:\\\/\\\/chemsxpress.com\\\/product\\\/buy-3d-mxe-online-2\\\/#primaryimage\"},\"image\":{\"@id\":\"https:\\\/\\\/chemsxpress.com\\\/product\\\/buy-3d-mxe-online-2\\\/#primaryimage\"},\"thumbnailUrl\":\"https:\\\/\\\/chemsxpress.com\\\/wp-content\\\/uploads\\\/2024\\\/04\\\/3D-MXE.jpg\",\"datePublished\":\"2024-04-29T13:16:52+00:00\",\"dateModified\":\"2024-07-04T23:17:59+00:00\",\"description\":\"Buy 3D-MXE for your research needs at ChemsXpress. Fast shipping, exceptional service. Order now and advance your scientific endeavors with confidence\",\"breadcrumb\":{\"@id\":\"https:\\\/\\\/chemsxpress.com\\\/product\\\/buy-3d-mxe-online-2\\\/#breadcrumb\"},\"inLanguage\":\"fr-FR\",\"potentialAction\":[{\"@type\":\"ReadAction\",\"target\":[\"https:\\\/\\\/chemsxpress.com\\\/product\\\/buy-3d-mxe-online-2\\\/\"]}]},{\"@type\":\"ImageObject\",\"inLanguage\":\"fr-FR\",\"@id\":\"https:\\\/\\\/chemsxpress.com\\\/product\\\/buy-3d-mxe-online-2\\\/#primaryimage\",\"url\":\"https:\\\/\\\/chemsxpress.com\\\/wp-content\\\/uploads\\\/2024\\\/04\\\/3D-MXE.jpg\",\"contentUrl\":\"https:\\\/\\\/chemsxpress.com\\\/wp-content\\\/uploads\\\/2024\\\/04\\\/3D-MXE.jpg\",\"width\":600,\"height\":600,\"caption\":\"Buy 3D-MXE Online\"},{\"@type\":\"BreadcrumbList\",\"@id\":\"https:\\\/\\\/chemsxpress.com\\\/product\\\/buy-3d-mxe-online-2\\\/#breadcrumb\",\"itemListElement\":[{\"@type\":\"ListItem\",\"position\":1,\"name\":\"Home\",\"item\":\"https:\\\/\\\/chemsxpress.com\\\/\"},{\"@type\":\"ListItem\",\"position\":2,\"name\":\"Shop\",\"item\":\"https:\\\/\\\/chemsxpress.com\\\/shop\\\/\"},{\"@type\":\"ListItem\",\"position\":3,\"name\":\"3D-MXE\"}]},{\"@type\":\"WebSite\",\"@id\":\"https:\\\/\\\/chemsxpress.com\\\/#website\",\"url\":\"https:\\\/\\\/chemsxpress.com\\\/\",\"name\":\"SHOP MDPHP\",\"description\":\"Buy MDPHP freebase from reliable supplier\",\"potentialAction\":[{\"@type\":\"SearchAction\",\"target\":{\"@type\":\"EntryPoint\",\"urlTemplate\":\"https:\\\/\\\/chemsxpress.com\\\/?s={search_term_string}\"},\"query-input\":{\"@type\":\"PropertyValueSpecification\",\"valueRequired\":true,\"valueName\":\"search_term_string\"}}],\"inLanguage\":\"fr-FR\"}]}<\/script>\n<!-- \/ Yoast SEO Premium plugin. -->","yoast_head_json":{"title":"Achetez 3D-MXE en ligne\u00a0: produits chimiques de recherche de qualit\u00e9 | ChemsXpress","description":"Achetez du 2-MMC en ligne pour vos besoins de recherche sur ChemsXpress. Exp\u00e9dition rapide, service exceptionnel. Commandez maintenant et avancez vos efforts scientifiques en toute confiance","robots":{"index":"index","follow":"follow","max-snippet":"max-snippet:-1","max-image-preview":"max-image-preview:large","max-video-preview":"max-video-preview:-1"},"canonical":"https:\/\/chemsxpress.com\/fr\/produit\/acheter-mxe-3d-en-ligne-2\/","og_locale":"fr_FR","og_type":"article","og_title":"3D-MXE","og_description":"Buy 3D-MXE for your research needs at ChemsXpress. Fast shipping, exceptional service. Order now and advance your scientific endeavors with confidence","og_url":"https:\/\/chemsxpress.com\/fr\/produit\/acheter-mxe-3d-en-ligne-2\/","og_site_name":"SHOP MDPHP","article_modified_time":"2024-07-04T23:17:59+00:00","og_image":[{"width":600,"height":600,"url":"https:\/\/chemsxpress.com\/wp-content\/uploads\/2024\/04\/3D-MXE.jpg","type":"image\/jpeg"}],"twitter_card":"summary_large_image","twitter_misc":{"Dur\u00e9e de lecture estim\u00e9e":"2 minutes"},"schema":{"@context":"https:\/\/schema.org","@graph":[{"@type":"WebPage","@id":"https:\/\/chemsxpress.com\/product\/buy-3d-mxe-online-2\/","url":"https:\/\/chemsxpress.com\/product\/buy-3d-mxe-online-2\/","name":"Achetez 3D-MXE en ligne\u00a0: produits chimiques de recherche de qualit\u00e9 | ChemsXpress","isPartOf":{"@id":"https:\/\/chemsxpress.com\/#website"},"primaryImageOfPage":{"@id":"https:\/\/chemsxpress.com\/product\/buy-3d-mxe-online-2\/#primaryimage"},"image":{"@id":"https:\/\/chemsxpress.com\/product\/buy-3d-mxe-online-2\/#primaryimage"},"thumbnailUrl":"https:\/\/chemsxpress.com\/wp-content\/uploads\/2024\/04\/3D-MXE.jpg","datePublished":"2024-04-29T13:16:52+00:00","dateModified":"2024-07-04T23:17:59+00:00","description":"Achetez du 2-MMC en ligne pour vos besoins de recherche sur ChemsXpress. Exp\u00e9dition rapide, service exceptionnel. Commandez maintenant et avancez vos efforts scientifiques en toute confiance","breadcrumb":{"@id":"https:\/\/chemsxpress.com\/product\/buy-3d-mxe-online-2\/#breadcrumb"},"inLanguage":"fr-FR","potentialAction":[{"@type":"ReadAction","target":["https:\/\/chemsxpress.com\/product\/buy-3d-mxe-online-2\/"]}]},{"@type":"ImageObject","inLanguage":"fr-FR","@id":"https:\/\/chemsxpress.com\/product\/buy-3d-mxe-online-2\/#primaryimage","url":"https:\/\/chemsxpress.com\/wp-content\/uploads\/2024\/04\/3D-MXE.jpg","contentUrl":"https:\/\/chemsxpress.com\/wp-content\/uploads\/2024\/04\/3D-MXE.jpg","width":600,"height":600,"caption":"Buy 3D-MXE Online"},{"@type":"BreadcrumbList","@id":"https:\/\/chemsxpress.com\/product\/buy-3d-mxe-online-2\/#breadcrumb","itemListElement":[{"@type":"ListItem","position":1,"name":"Home","item":"https:\/\/chemsxpress.com\/"},{"@type":"ListItem","position":2,"name":"Shop","item":"https:\/\/chemsxpress.com\/shop\/"},{"@type":"ListItem","position":3,"name":"3D-MXE"}]},{"@type":"WebSite","@id":"https:\/\/chemsxpress.com\/#website","url":"https:\/\/chemsxpress.com\/","name":"SHOP MDPHP","description":"Acheter MDPHP freebase aupr\u00e8s d'un fournisseur fiable","potentialAction":[{"@type":"SearchAction","target":{"@type":"EntryPoint","urlTemplate":"https:\/\/chemsxpress.com\/?s={search_term_string}"},"query-input":{"@type":"PropertyValueSpecification","valueRequired":true,"valueName":"search_term_string"}}],"inLanguage":"fr-FR"}]}},"jetpack_sharing_enabled":true,"_links":{"self":[{"href":"https:\/\/chemsxpress.com\/fr\/wp-json\/wp\/v2\/product\/28504","targetHints":{"allow":["GET"]}}],"collection":[{"href":"https:\/\/chemsxpress.com\/fr\/wp-json\/wp\/v2\/product"}],"about":[{"href":"https:\/\/chemsxpress.com\/fr\/wp-json\/wp\/v2\/types\/product"}],"replies":[{"embeddable":true,"href":"https:\/\/chemsxpress.com\/fr\/wp-json\/wp\/v2\/comments?post=28504"}],"version-history":[{"count":4,"href":"https:\/\/chemsxpress.com\/fr\/wp-json\/wp\/v2\/product\/28504\/revisions"}],"predecessor-version":[{"id":30054,"href":"https:\/\/chemsxpress.com\/fr\/wp-json\/wp\/v2\/product\/28504\/revisions\/30054"}],"wp:featuredmedia":[{"embeddable":true,"href":"https:\/\/chemsxpress.com\/fr\/wp-json\/wp\/v2\/media\/28539"}],"wp:attachment":[{"href":"https:\/\/chemsxpress.com\/fr\/wp-json\/wp\/v2\/media?parent=28504"}],"wp:term":[{"taxonomy":"product_brand","embeddable":true,"href":"https:\/\/chemsxpress.com\/fr\/wp-json\/wp\/v2\/product_brand?post=28504"},{"taxonomy":"product_cat","embeddable":true,"href":"https:\/\/chemsxpress.com\/fr\/wp-json\/wp\/v2\/product_cat?post=28504"},{"taxonomy":"product_tag","embeddable":true,"href":"https:\/\/chemsxpress.com\/fr\/wp-json\/wp\/v2\/product_tag?post=28504"}],"curies":[{"name":"wp","href":"https:\/\/api.w.org\/{rel}","templated":true}]}}