{"id":28507,"date":"2024-04-29T13:16:52","date_gmt":"2024-04-29T13:16:52","guid":{"rendered":"https:\/\/chemsxpress.com\/?post_type=product&#038;p=28507"},"modified":"2025-05-26T08:34:42","modified_gmt":"2025-05-26T08:34:42","slug":"acheter-mxipr-en-ligne","status":"publish","type":"product","link":"https:\/\/chemsxpress.com\/fr\/produit\/acheter-mxipr-en-ligne\/","title":{"rendered":"MXiPr"},"content":{"rendered":"<h1 style=\"text-align: center;\">Acheter MXiPr en ligne<\/h1>\n<p style=\"text-align: center;\">Achetez MXiPr en ligne, explorez la meilleure qualit\u00e9 de MXiPr disponible en ligne sur ChemsXpress. Nous nous engageons \u00e0 fournir aux chercheurs des produits chimiques de qualit\u00e9 sup\u00e9rieure pour leurs recherches scientifiques. Notre MXiPr est m\u00e9ticuleusement synth\u00e9tis\u00e9 et rigoureusement test\u00e9 pour garantir sa puret\u00e9, sa coh\u00e9rence et sa fiabilit\u00e9.<\/p>\n<p style=\"text-align: center;\"><strong>Pourquoi choisir ChemsXpress ?<\/strong><\/p>\n<ul style=\"text-align: center;\">\n<li><strong>Qualit\u00e9 sup\u00e9rieure :<\/strong> Notre MXiPr est synth\u00e9tis\u00e9 \u00e0 l'aide de techniques de pointe et fait l'objet de mesures compl\u00e8tes de contr\u00f4le de la qualit\u00e9 afin de garantir le plus haut niveau de puret\u00e9 et de coh\u00e9rence.<\/li>\n<li><strong>Exp\u00e9dition rapide :<\/strong> Nous comprenons l'urgence de vos projets de recherche. Votre commande sera trait\u00e9e dans les meilleurs d\u00e9lais, et notre \u00e9quipe efficace d'experts en recherche et d\u00e9veloppement sera \u00e0 votre disposition pour r\u00e9pondre \u00e0 vos questions. <a href=\"https:\/\/chemsxpress.com\/fr\/?cms_block=shipping-delivery\">l'exp\u00e9dition assure une livraison rapide<\/a> \u00e0 votre laboratoire.<\/li>\n<li><strong>Un service exceptionnel :<\/strong> Notre \u00e9quipe de service \u00e0 la client\u00e8le est \u00e0 votre disposition pour r\u00e9pondre \u00e0 toutes vos questions. Nous nous engageons \u00e0 vous fournir un soutien exceptionnel tout au long de votre exp\u00e9rience d'achat.<\/li>\n<\/ul>\n<p style=\"text-align: center;\"><strong>Commander MXiPr aujourd'hui<\/strong><\/p>\n<p style=\"text-align: center;\">D\u00e9couvrez la qualit\u00e9 et la fiabilit\u00e9 exceptionnelles de MXiPr de ChemsXpress. Faites-nous confiance pour vous fournir des <a href=\"https:\/\/chemsxpress.com\/fr\/categorie-produit\/produits-chimiques-de-recherche\/\">produits chimiques de recherche<\/a> pour soutenir vos efforts scientifiques.<\/p>\n<p style=\"text-align: center;\"><strong>Rejoignez notre communaut\u00e9 de recherche<\/strong><\/p>\n<p style=\"text-align: center;\">Restez inform\u00e9 des derniers d\u00e9veloppements dans le domaine des produits chimiques de recherche et acc\u00e9dez \u00e0 des offres exclusives en vous inscrivant \u00e0 notre lettre d'information. Rejoignez notre communaut\u00e9 de chercheurs et soyez les premiers \u00e0 recevoir des informations sur les nouveaux produits et les promotions.<\/p>\n<p style=\"text-align: center;\"><strong>Choisissez la qualit\u00e9, choisissez ChemsXpress<\/strong><\/p>\n<p style=\"text-align: center;\">Merci d'avoir choisi <a href=\"https:\/\/chemsxpress.com\/fr\/\">ChemsXpress<\/a> en tant que fournisseur de confiance de MXiPr. Gr\u00e2ce \u00e0 notre engagement in\u00e9branlable en faveur de la qualit\u00e9 et de la satisfaction des clients, vous pouvez mener vos recherches en toute confiance.<\/p>","protected":false},"excerpt":{"rendered":"<p><strong>Nom IUPAC : <\/strong>Chlorhydrate de 2-(isopropylamino)-2-(3-m\u00e9thoxyph\u00e9nyl)-cyclohexanone<\/p>\n<p><strong>Autre nom : <\/strong>Chlorhydrate de MXiPr<\/p>\n<p><strong>Forme : <\/strong>poudre<\/p>\n<p><strong>Analyse RMN : <\/strong>C16H23NO2<\/p>","protected":false},"featured_media":28548,"comment_status":"open","ping_status":"closed","template":"","meta":[],"product_brand":[],"product_cat":[80],"product_tag":[],"class_list":{"0":"post-28507","1":"product","2":"type-product","3":"status-publish","4":"has-post-thumbnail","6":"product_cat-dissociatives","8":"first","9":"instock","10":"shipping-taxable","11":"purchasable","12":"product-type-variable"},"yoast_head":"<!-- This site is optimized with the Yoast SEO Premium plugin v24.1 (Yoast SEO v27.4) - https:\/\/yoast.com\/product\/yoast-seo-premium-wordpress\/ -->\n<title>Buy MXiPr Online: Quality Methoxpropamine | ChemsXpress<\/title>\n<meta name=\"description\" content=\"Discover high-quality MXiPr for your research needs at ChemsXpress. Fast shipping, exceptional service. Buy Quality Methoxpropamine here\" \/>\n<meta name=\"robots\" content=\"index, follow, max-snippet:-1, max-image-preview:large, max-video-preview:-1\" \/>\n<link rel=\"canonical\" href=\"https:\/\/chemsxpress.com\/fr\/produit\/acheter-mxipr-en-ligne\/\" \/>\n<meta property=\"og:locale\" content=\"fr_FR\" \/>\n<meta property=\"og:type\" content=\"article\" \/>\n<meta property=\"og:title\" content=\"MXiPr\" \/>\n<meta property=\"og:description\" content=\"Discover high-quality MXiPr for your research needs at ChemsXpress. Fast shipping, exceptional service. Buy Quality Methoxpropamine here\" \/>\n<meta property=\"og:url\" content=\"https:\/\/chemsxpress.com\/fr\/produit\/acheter-mxipr-en-ligne\/\" \/>\n<meta property=\"og:site_name\" content=\"SHOP MDPHP\" \/>\n<meta property=\"article:modified_time\" content=\"2025-05-26T08:34:42+00:00\" \/>\n<meta property=\"og:image\" content=\"https:\/\/chemsxpress.com\/wp-content\/uploads\/2024\/04\/MXiPr.jpg\" \/>\n\t<meta property=\"og:image:width\" content=\"600\" \/>\n\t<meta property=\"og:image:height\" content=\"600\" \/>\n\t<meta property=\"og:image:type\" content=\"image\/jpeg\" \/>\n<meta name=\"twitter:card\" content=\"summary_large_image\" \/>\n<meta name=\"twitter:label1\" content=\"Dur\u00e9e de lecture estim\u00e9e\" \/>\n\t<meta name=\"twitter:data1\" content=\"2 minutes\" \/>\n<script type=\"application\/ld+json\" class=\"yoast-schema-graph\">{\"@context\":\"https:\\\/\\\/schema.org\",\"@graph\":[{\"@type\":\"WebPage\",\"@id\":\"https:\\\/\\\/chemsxpress.com\\\/product\\\/buy-mxipr-online\\\/\",\"url\":\"https:\\\/\\\/chemsxpress.com\\\/product\\\/buy-mxipr-online\\\/\",\"name\":\"Buy MXiPr Online: Quality Methoxpropamine | ChemsXpress\",\"isPartOf\":{\"@id\":\"https:\\\/\\\/chemsxpress.com\\\/#website\"},\"primaryImageOfPage\":{\"@id\":\"https:\\\/\\\/chemsxpress.com\\\/product\\\/buy-mxipr-online\\\/#primaryimage\"},\"image\":{\"@id\":\"https:\\\/\\\/chemsxpress.com\\\/product\\\/buy-mxipr-online\\\/#primaryimage\"},\"thumbnailUrl\":\"https:\\\/\\\/chemsxpress.com\\\/wp-content\\\/uploads\\\/2024\\\/04\\\/MXiPr.jpg\",\"datePublished\":\"2024-04-29T13:16:52+00:00\",\"dateModified\":\"2025-05-26T08:34:42+00:00\",\"description\":\"Discover high-quality MXiPr for your research needs at ChemsXpress. Fast shipping, exceptional service. Buy Quality Methoxpropamine here\",\"breadcrumb\":{\"@id\":\"https:\\\/\\\/chemsxpress.com\\\/product\\\/buy-mxipr-online\\\/#breadcrumb\"},\"inLanguage\":\"fr-FR\",\"potentialAction\":[{\"@type\":\"ReadAction\",\"target\":[\"https:\\\/\\\/chemsxpress.com\\\/product\\\/buy-mxipr-online\\\/\"]}]},{\"@type\":\"ImageObject\",\"inLanguage\":\"fr-FR\",\"@id\":\"https:\\\/\\\/chemsxpress.com\\\/product\\\/buy-mxipr-online\\\/#primaryimage\",\"url\":\"https:\\\/\\\/chemsxpress.com\\\/wp-content\\\/uploads\\\/2024\\\/04\\\/MXiPr.jpg\",\"contentUrl\":\"https:\\\/\\\/chemsxpress.com\\\/wp-content\\\/uploads\\\/2024\\\/04\\\/MXiPr.jpg\",\"width\":600,\"height\":600,\"caption\":\"Buy MXiPr Online\"},{\"@type\":\"BreadcrumbList\",\"@id\":\"https:\\\/\\\/chemsxpress.com\\\/product\\\/buy-mxipr-online\\\/#breadcrumb\",\"itemListElement\":[{\"@type\":\"ListItem\",\"position\":1,\"name\":\"Home\",\"item\":\"https:\\\/\\\/chemsxpress.com\\\/\"},{\"@type\":\"ListItem\",\"position\":2,\"name\":\"Shop\",\"item\":\"https:\\\/\\\/chemsxpress.com\\\/shop\\\/\"},{\"@type\":\"ListItem\",\"position\":3,\"name\":\"MXiPr\"}]},{\"@type\":\"WebSite\",\"@id\":\"https:\\\/\\\/chemsxpress.com\\\/#website\",\"url\":\"https:\\\/\\\/chemsxpress.com\\\/\",\"name\":\"SHOP MDPHP\",\"description\":\"Buy MDPHP freebase from reliable supplier\",\"potentialAction\":[{\"@type\":\"SearchAction\",\"target\":{\"@type\":\"EntryPoint\",\"urlTemplate\":\"https:\\\/\\\/chemsxpress.com\\\/?s={search_term_string}\"},\"query-input\":{\"@type\":\"PropertyValueSpecification\",\"valueRequired\":true,\"valueName\":\"search_term_string\"}}],\"inLanguage\":\"fr-FR\"}]}<\/script>\n<!-- \/ Yoast SEO Premium plugin. -->","yoast_head_json":{"title":"Acheter de la m\u00e9thoxpropamine (MXPr) en ligne","description":"D\u00e9couvrez l'A-PCYP de haute qualit\u00e9 pour vos besoins de recherche chez ChemsXpress. Exp\u00e9dition rapide, service exceptionnel. Commandez maintenant 50% de r\u00e9duction","robots":{"index":"index","follow":"follow","max-snippet":"max-snippet:-1","max-image-preview":"max-image-preview:large","max-video-preview":"max-video-preview:-1"},"canonical":"https:\/\/chemsxpress.com\/fr\/produit\/acheter-mxipr-en-ligne\/","og_locale":"fr_FR","og_type":"article","og_title":"MXiPr","og_description":"Discover high-quality MXiPr for your research needs at ChemsXpress. Fast shipping, exceptional service. Buy Quality Methoxpropamine here","og_url":"https:\/\/chemsxpress.com\/fr\/produit\/acheter-mxipr-en-ligne\/","og_site_name":"SHOP MDPHP","article_modified_time":"2025-05-26T08:34:42+00:00","og_image":[{"width":600,"height":600,"url":"https:\/\/chemsxpress.com\/wp-content\/uploads\/2024\/04\/MXiPr.jpg","type":"image\/jpeg"}],"twitter_card":"summary_large_image","twitter_misc":{"Dur\u00e9e de lecture estim\u00e9e":"2 minutes"},"schema":{"@context":"https:\/\/schema.org","@graph":[{"@type":"WebPage","@id":"https:\/\/chemsxpress.com\/product\/buy-mxipr-online\/","url":"https:\/\/chemsxpress.com\/product\/buy-mxipr-online\/","name":"Acheter de la m\u00e9thoxpropamine (MXPr) en ligne","isPartOf":{"@id":"https:\/\/chemsxpress.com\/#website"},"primaryImageOfPage":{"@id":"https:\/\/chemsxpress.com\/product\/buy-mxipr-online\/#primaryimage"},"image":{"@id":"https:\/\/chemsxpress.com\/product\/buy-mxipr-online\/#primaryimage"},"thumbnailUrl":"https:\/\/chemsxpress.com\/wp-content\/uploads\/2024\/04\/MXiPr.jpg","datePublished":"2024-04-29T13:16:52+00:00","dateModified":"2025-05-26T08:34:42+00:00","description":"D\u00e9couvrez l'A-PCYP de haute qualit\u00e9 pour vos besoins de recherche chez ChemsXpress. Exp\u00e9dition rapide, service exceptionnel. Commandez maintenant 50% de r\u00e9duction","breadcrumb":{"@id":"https:\/\/chemsxpress.com\/product\/buy-mxipr-online\/#breadcrumb"},"inLanguage":"fr-FR","potentialAction":[{"@type":"ReadAction","target":["https:\/\/chemsxpress.com\/product\/buy-mxipr-online\/"]}]},{"@type":"ImageObject","inLanguage":"fr-FR","@id":"https:\/\/chemsxpress.com\/product\/buy-mxipr-online\/#primaryimage","url":"https:\/\/chemsxpress.com\/wp-content\/uploads\/2024\/04\/MXiPr.jpg","contentUrl":"https:\/\/chemsxpress.com\/wp-content\/uploads\/2024\/04\/MXiPr.jpg","width":600,"height":600,"caption":"Buy MXiPr Online"},{"@type":"BreadcrumbList","@id":"https:\/\/chemsxpress.com\/product\/buy-mxipr-online\/#breadcrumb","itemListElement":[{"@type":"ListItem","position":1,"name":"Home","item":"https:\/\/chemsxpress.com\/"},{"@type":"ListItem","position":2,"name":"Shop","item":"https:\/\/chemsxpress.com\/shop\/"},{"@type":"ListItem","position":3,"name":"MXiPr"}]},{"@type":"WebSite","@id":"https:\/\/chemsxpress.com\/#website","url":"https:\/\/chemsxpress.com\/","name":"SHOP MDPHP","description":"Acheter MDPHP freebase aupr\u00e8s d'un fournisseur fiable","potentialAction":[{"@type":"SearchAction","target":{"@type":"EntryPoint","urlTemplate":"https:\/\/chemsxpress.com\/?s={search_term_string}"},"query-input":{"@type":"PropertyValueSpecification","valueRequired":true,"valueName":"search_term_string"}}],"inLanguage":"fr-FR"}]}},"jetpack_sharing_enabled":true,"_links":{"self":[{"href":"https:\/\/chemsxpress.com\/fr\/wp-json\/wp\/v2\/product\/28507","targetHints":{"allow":["GET"]}}],"collection":[{"href":"https:\/\/chemsxpress.com\/fr\/wp-json\/wp\/v2\/product"}],"about":[{"href":"https:\/\/chemsxpress.com\/fr\/wp-json\/wp\/v2\/types\/product"}],"replies":[{"embeddable":true,"href":"https:\/\/chemsxpress.com\/fr\/wp-json\/wp\/v2\/comments?post=28507"}],"version-history":[{"count":4,"href":"https:\/\/chemsxpress.com\/fr\/wp-json\/wp\/v2\/product\/28507\/revisions"}],"predecessor-version":[{"id":30051,"href":"https:\/\/chemsxpress.com\/fr\/wp-json\/wp\/v2\/product\/28507\/revisions\/30051"}],"wp:featuredmedia":[{"embeddable":true,"href":"https:\/\/chemsxpress.com\/fr\/wp-json\/wp\/v2\/media\/28548"}],"wp:attachment":[{"href":"https:\/\/chemsxpress.com\/fr\/wp-json\/wp\/v2\/media?parent=28507"}],"wp:term":[{"taxonomy":"product_brand","embeddable":true,"href":"https:\/\/chemsxpress.com\/fr\/wp-json\/wp\/v2\/product_brand?post=28507"},{"taxonomy":"product_cat","embeddable":true,"href":"https:\/\/chemsxpress.com\/fr\/wp-json\/wp\/v2\/product_cat?post=28507"},{"taxonomy":"product_tag","embeddable":true,"href":"https:\/\/chemsxpress.com\/fr\/wp-json\/wp\/v2\/product_tag?post=28507"}],"curies":[{"name":"wp","href":"https:\/\/api.w.org\/{rel}","templated":true}]}}