{"id":28510,"date":"2024-04-29T13:16:52","date_gmt":"2024-04-29T13:16:52","guid":{"rendered":"https:\/\/chemsxpress.com\/?post_type=product&#038;p=28510"},"modified":"2024-07-04T23:21:16","modified_gmt":"2024-07-04T23:21:16","slug":"acheter-3-meo-pce-en-ligne","status":"publish","type":"product","link":"https:\/\/chemsxpress.com\/fr\/produit\/acheter-3-meo-pce-en-ligne\/","title":{"rendered":"3-MeO-PCE"},"content":{"rendered":"<h1 style=\"text-align: center;\">Acheter 3-MeO-PCE<\/h1>\n<h5 style=\"text-align: center;\"><strong>Lib\u00e9rez le potentiel de votre recherche avec le 3-MeO-PCE de ChemsXpress<\/strong><\/h5>\n<p style=\"text-align: center;\">Acheter du 3-MeO-PCE, chez ChemsXpress, nous nous engageons \u00e0 alimenter l'exploration scientifique en offrant la meilleure qualit\u00e9 de 3-MeO-PCE disponible. Notre produit est soumis \u00e0 des contr\u00f4les de qualit\u00e9 rigoureux afin de garantir une puret\u00e9 et une coh\u00e9rence in\u00e9gal\u00e9es.<\/p>\n<p style=\"text-align: center;\"><strong>Pourquoi ChemsXpress ?<\/strong><\/p>\n<ul style=\"text-align: center;\">\n<li><strong>Une qualit\u00e9 sans compromis :<\/strong> Nous respectons des normes strictes, garantissant que chaque lot de 3-MeO-PCE r\u00e9pond \u00e0 nos sp\u00e9cifications exactes en mati\u00e8re de puret\u00e9 et de puissance.<\/li>\n<li><strong>Exp\u00e9dition fiable :<\/strong> Votre recherche est importante, c'est pourquoi nous nous effor\u00e7ons de traiter rapidement les commandes et d'assurer une livraison rapide et fiable afin de ne pas retarder vos exp\u00e9riences.<\/li>\n<li><strong>Soutien d'un expert :<\/strong> Vous avez des questions ou besoin d'aide ? Notre \u00e9quipe de service \u00e0 la client\u00e8le est l\u00e0 pour vous fournir des conseils d'experts et une assistance \u00e0 chaque \u00e9tape du processus.<\/li>\n<\/ul>\n<p style=\"text-align: center;\"><strong>Commandez aujourd'hui et am\u00e9liorez votre recherche<\/strong><\/p>\n<p style=\"text-align: center;\">D\u00e9couvrez la diff\u00e9rence avec ChemsXpress. Passez votre commande de 3-MeO-PCE d\u00e8s aujourd'hui et donnez une nouvelle dimension \u00e0 votre recherche en ayant confiance en la qualit\u00e9 de vos mat\u00e9riaux.<\/p>\n<p style=\"text-align: center;\"><strong>Rejoindre notre communaut\u00e9<\/strong><\/p>\n<p style=\"text-align: center;\">Restez inform\u00e9 des derni\u00e8res avanc\u00e9es en mati\u00e8re de <a href=\"https:\/\/chemsxpress.com\/fr\/categorie-produit\/produits-chimiques-de-recherche\/\">produits chimiques de recherche<\/a> et b\u00e9n\u00e9ficiez d'offres exclusives en vous inscrivant \u00e0 notre lettre d'information. Rejoignez une communaut\u00e9 de chercheurs d\u00e9sireux de repousser les limites de la science.<\/p>\n<p style=\"text-align: center;\"><strong>La confiance dans ChemsXpress<\/strong><\/p>\n<p style=\"text-align: center;\">Merci d'avoir choisi <a href=\"https:\/\/chemsxpress.com\/fr\/\">ChemsXpress<\/a> en tant que partenaire de votre recherche. Gr\u00e2ce \u00e0 notre engagement in\u00e9branlable en faveur de la qualit\u00e9 et de la satisfaction du client, vous pouvez \u00eatre s\u00fbr que votre recherche est entre de bonnes mains.<\/p>","protected":false},"excerpt":{"rendered":"<p><strong>Nom IUPAC : <\/strong>Monochlorhydrate de N-\u00e9thyl-1-(3-m\u00e9thoxyph\u00e9nyl)-cyclohexanamine<\/p>\n<p><strong>CAS # <\/strong>1797121-52-8<\/p>\n<p><strong>Apparence : <\/strong>poudre<\/p>\n<p><strong>Analyse RMN : <\/strong>C15H23NO<\/p>","protected":false},"featured_media":28567,"comment_status":"open","ping_status":"closed","template":"","meta":[],"product_brand":[],"product_cat":[80],"product_tag":[],"class_list":{"0":"post-28510","1":"product","2":"type-product","3":"status-publish","4":"has-post-thumbnail","6":"product_cat-dissociatives","8":"first","9":"instock","10":"shipping-taxable","11":"purchasable","12":"product-type-variable"},"yoast_head":"<!-- This site is optimized with the Yoast SEO Premium plugin v24.1 (Yoast SEO v27.4) - https:\/\/yoast.com\/product\/yoast-seo-premium-wordpress\/ -->\n<title>Buy 3-MeO-PCE from ChemsXpress. Unlock Scientific Discovery<\/title>\n<meta name=\"description\" content=\"Buy top-quality 3-MeO-PCE from ChemsXpress. Elevate your experiments with our uncompromising commitment to quality and service.\" \/>\n<meta name=\"robots\" content=\"index, follow, max-snippet:-1, max-image-preview:large, max-video-preview:-1\" \/>\n<link rel=\"canonical\" href=\"https:\/\/chemsxpress.com\/fr\/produit\/acheter-3-meo-pce-en-ligne\/\" \/>\n<meta property=\"og:locale\" content=\"fr_FR\" \/>\n<meta property=\"og:type\" content=\"article\" \/>\n<meta property=\"og:title\" content=\"3-MeO-PCE\" \/>\n<meta property=\"og:description\" content=\"Buy top-quality 3-MeO-PCE from ChemsXpress. Elevate your experiments with our uncompromising commitment to quality and service.\" \/>\n<meta property=\"og:url\" content=\"https:\/\/chemsxpress.com\/fr\/produit\/acheter-3-meo-pce-en-ligne\/\" \/>\n<meta property=\"og:site_name\" content=\"SHOP MDPHP\" \/>\n<meta property=\"article:modified_time\" content=\"2024-07-04T23:21:16+00:00\" \/>\n<meta property=\"og:image\" content=\"https:\/\/chemsxpress.com\/wp-content\/uploads\/2024\/04\/3-MeO-PCE.jpg\" \/>\n\t<meta property=\"og:image:width\" content=\"600\" \/>\n\t<meta property=\"og:image:height\" content=\"600\" \/>\n\t<meta property=\"og:image:type\" content=\"image\/jpeg\" \/>\n<meta name=\"twitter:card\" content=\"summary_large_image\" \/>\n<meta name=\"twitter:label1\" content=\"Dur\u00e9e de lecture estim\u00e9e\" \/>\n\t<meta name=\"twitter:data1\" content=\"2 minutes\" \/>\n<script type=\"application\/ld+json\" class=\"yoast-schema-graph\">{\"@context\":\"https:\\\/\\\/schema.org\",\"@graph\":[{\"@type\":\"WebPage\",\"@id\":\"https:\\\/\\\/chemsxpress.com\\\/product\\\/buy-3-meo-pce-online\\\/\",\"url\":\"https:\\\/\\\/chemsxpress.com\\\/product\\\/buy-3-meo-pce-online\\\/\",\"name\":\"Buy 3-MeO-PCE from ChemsXpress. Unlock Scientific Discovery\",\"isPartOf\":{\"@id\":\"https:\\\/\\\/chemsxpress.com\\\/#website\"},\"primaryImageOfPage\":{\"@id\":\"https:\\\/\\\/chemsxpress.com\\\/product\\\/buy-3-meo-pce-online\\\/#primaryimage\"},\"image\":{\"@id\":\"https:\\\/\\\/chemsxpress.com\\\/product\\\/buy-3-meo-pce-online\\\/#primaryimage\"},\"thumbnailUrl\":\"https:\\\/\\\/chemsxpress.com\\\/wp-content\\\/uploads\\\/2024\\\/04\\\/3-MeO-PCE.jpg\",\"datePublished\":\"2024-04-29T13:16:52+00:00\",\"dateModified\":\"2024-07-04T23:21:16+00:00\",\"description\":\"Buy top-quality 3-MeO-PCE from ChemsXpress. Elevate your experiments with our uncompromising commitment to quality and service.\",\"breadcrumb\":{\"@id\":\"https:\\\/\\\/chemsxpress.com\\\/product\\\/buy-3-meo-pce-online\\\/#breadcrumb\"},\"inLanguage\":\"fr-FR\",\"potentialAction\":[{\"@type\":\"ReadAction\",\"target\":[\"https:\\\/\\\/chemsxpress.com\\\/product\\\/buy-3-meo-pce-online\\\/\"]}]},{\"@type\":\"ImageObject\",\"inLanguage\":\"fr-FR\",\"@id\":\"https:\\\/\\\/chemsxpress.com\\\/product\\\/buy-3-meo-pce-online\\\/#primaryimage\",\"url\":\"https:\\\/\\\/chemsxpress.com\\\/wp-content\\\/uploads\\\/2024\\\/04\\\/3-MeO-PCE.jpg\",\"contentUrl\":\"https:\\\/\\\/chemsxpress.com\\\/wp-content\\\/uploads\\\/2024\\\/04\\\/3-MeO-PCE.jpg\",\"width\":600,\"height\":600,\"caption\":\"Buy 3-MeO-PCE\"},{\"@type\":\"BreadcrumbList\",\"@id\":\"https:\\\/\\\/chemsxpress.com\\\/product\\\/buy-3-meo-pce-online\\\/#breadcrumb\",\"itemListElement\":[{\"@type\":\"ListItem\",\"position\":1,\"name\":\"Home\",\"item\":\"https:\\\/\\\/chemsxpress.com\\\/\"},{\"@type\":\"ListItem\",\"position\":2,\"name\":\"Shop\",\"item\":\"https:\\\/\\\/chemsxpress.com\\\/shop\\\/\"},{\"@type\":\"ListItem\",\"position\":3,\"name\":\"3-MeO-PCE\"}]},{\"@type\":\"WebSite\",\"@id\":\"https:\\\/\\\/chemsxpress.com\\\/#website\",\"url\":\"https:\\\/\\\/chemsxpress.com\\\/\",\"name\":\"SHOP MDPHP\",\"description\":\"Buy MDPHP freebase from reliable supplier\",\"potentialAction\":[{\"@type\":\"SearchAction\",\"target\":{\"@type\":\"EntryPoint\",\"urlTemplate\":\"https:\\\/\\\/chemsxpress.com\\\/?s={search_term_string}\"},\"query-input\":{\"@type\":\"PropertyValueSpecification\",\"valueRequired\":true,\"valueName\":\"search_term_string\"}}],\"inLanguage\":\"fr-FR\"}]}<\/script>\n<!-- \/ Yoast SEO Premium plugin. -->","yoast_head_json":{"title":"Achetez du 3-MeO-PCE aupr\u00e8s de ChemsXpress. D\u00e9bloquez la d\u00e9couverte scientifique","description":"Achetez du 3-MeO-PCE de qualit\u00e9 sup\u00e9rieure aupr\u00e8s de ChemsXpress. \u00c9levez vos exp\u00e9riences gr\u00e2ce \u00e0 notre engagement sans compromis envers la qualit\u00e9 et le service.","robots":{"index":"index","follow":"follow","max-snippet":"max-snippet:-1","max-image-preview":"max-image-preview:large","max-video-preview":"max-video-preview:-1"},"canonical":"https:\/\/chemsxpress.com\/fr\/produit\/acheter-3-meo-pce-en-ligne\/","og_locale":"fr_FR","og_type":"article","og_title":"3-MeO-PCE","og_description":"Buy top-quality 3-MeO-PCE from ChemsXpress. Elevate your experiments with our uncompromising commitment to quality and service.","og_url":"https:\/\/chemsxpress.com\/fr\/produit\/acheter-3-meo-pce-en-ligne\/","og_site_name":"SHOP MDPHP","article_modified_time":"2024-07-04T23:21:16+00:00","og_image":[{"width":600,"height":600,"url":"https:\/\/chemsxpress.com\/wp-content\/uploads\/2024\/04\/3-MeO-PCE.jpg","type":"image\/jpeg"}],"twitter_card":"summary_large_image","twitter_misc":{"Dur\u00e9e de lecture estim\u00e9e":"2 minutes"},"schema":{"@context":"https:\/\/schema.org","@graph":[{"@type":"WebPage","@id":"https:\/\/chemsxpress.com\/product\/buy-3-meo-pce-online\/","url":"https:\/\/chemsxpress.com\/product\/buy-3-meo-pce-online\/","name":"Achetez du 3-MeO-PCE aupr\u00e8s de ChemsXpress. D\u00e9bloquez la d\u00e9couverte scientifique","isPartOf":{"@id":"https:\/\/chemsxpress.com\/#website"},"primaryImageOfPage":{"@id":"https:\/\/chemsxpress.com\/product\/buy-3-meo-pce-online\/#primaryimage"},"image":{"@id":"https:\/\/chemsxpress.com\/product\/buy-3-meo-pce-online\/#primaryimage"},"thumbnailUrl":"https:\/\/chemsxpress.com\/wp-content\/uploads\/2024\/04\/3-MeO-PCE.jpg","datePublished":"2024-04-29T13:16:52+00:00","dateModified":"2024-07-04T23:21:16+00:00","description":"Achetez du 3-MeO-PCE de qualit\u00e9 sup\u00e9rieure aupr\u00e8s de ChemsXpress. \u00c9levez vos exp\u00e9riences gr\u00e2ce \u00e0 notre engagement sans compromis envers la qualit\u00e9 et le service.","breadcrumb":{"@id":"https:\/\/chemsxpress.com\/product\/buy-3-meo-pce-online\/#breadcrumb"},"inLanguage":"fr-FR","potentialAction":[{"@type":"ReadAction","target":["https:\/\/chemsxpress.com\/product\/buy-3-meo-pce-online\/"]}]},{"@type":"ImageObject","inLanguage":"fr-FR","@id":"https:\/\/chemsxpress.com\/product\/buy-3-meo-pce-online\/#primaryimage","url":"https:\/\/chemsxpress.com\/wp-content\/uploads\/2024\/04\/3-MeO-PCE.jpg","contentUrl":"https:\/\/chemsxpress.com\/wp-content\/uploads\/2024\/04\/3-MeO-PCE.jpg","width":600,"height":600,"caption":"Buy 3-MeO-PCE"},{"@type":"BreadcrumbList","@id":"https:\/\/chemsxpress.com\/product\/buy-3-meo-pce-online\/#breadcrumb","itemListElement":[{"@type":"ListItem","position":1,"name":"Home","item":"https:\/\/chemsxpress.com\/"},{"@type":"ListItem","position":2,"name":"Shop","item":"https:\/\/chemsxpress.com\/shop\/"},{"@type":"ListItem","position":3,"name":"3-MeO-PCE"}]},{"@type":"WebSite","@id":"https:\/\/chemsxpress.com\/#website","url":"https:\/\/chemsxpress.com\/","name":"SHOP MDPHP","description":"Acheter MDPHP freebase aupr\u00e8s d'un fournisseur fiable","potentialAction":[{"@type":"SearchAction","target":{"@type":"EntryPoint","urlTemplate":"https:\/\/chemsxpress.com\/?s={search_term_string}"},"query-input":{"@type":"PropertyValueSpecification","valueRequired":true,"valueName":"search_term_string"}}],"inLanguage":"fr-FR"}]}},"jetpack_sharing_enabled":true,"_links":{"self":[{"href":"https:\/\/chemsxpress.com\/fr\/wp-json\/wp\/v2\/product\/28510","targetHints":{"allow":["GET"]}}],"collection":[{"href":"https:\/\/chemsxpress.com\/fr\/wp-json\/wp\/v2\/product"}],"about":[{"href":"https:\/\/chemsxpress.com\/fr\/wp-json\/wp\/v2\/types\/product"}],"replies":[{"embeddable":true,"href":"https:\/\/chemsxpress.com\/fr\/wp-json\/wp\/v2\/comments?post=28510"}],"version-history":[{"count":4,"href":"https:\/\/chemsxpress.com\/fr\/wp-json\/wp\/v2\/product\/28510\/revisions"}],"predecessor-version":[{"id":30059,"href":"https:\/\/chemsxpress.com\/fr\/wp-json\/wp\/v2\/product\/28510\/revisions\/30059"}],"wp:featuredmedia":[{"embeddable":true,"href":"https:\/\/chemsxpress.com\/fr\/wp-json\/wp\/v2\/media\/28567"}],"wp:attachment":[{"href":"https:\/\/chemsxpress.com\/fr\/wp-json\/wp\/v2\/media?parent=28510"}],"wp:term":[{"taxonomy":"product_brand","embeddable":true,"href":"https:\/\/chemsxpress.com\/fr\/wp-json\/wp\/v2\/product_brand?post=28510"},{"taxonomy":"product_cat","embeddable":true,"href":"https:\/\/chemsxpress.com\/fr\/wp-json\/wp\/v2\/product_cat?post=28510"},{"taxonomy":"product_tag","embeddable":true,"href":"https:\/\/chemsxpress.com\/fr\/wp-json\/wp\/v2\/product_tag?post=28510"}],"curies":[{"name":"wp","href":"https:\/\/api.w.org\/{rel}","templated":true}]}}