{"id":28511,"date":"2024-04-29T13:16:52","date_gmt":"2024-04-29T13:16:52","guid":{"rendered":"https:\/\/chemsxpress.com\/?post_type=product&#038;p=28511"},"modified":"2025-05-28T07:08:33","modified_gmt":"2025-05-28T07:08:33","slug":"acheter-dck-dxe-en-ligne","status":"publish","type":"product","link":"https:\/\/chemsxpress.com\/fr\/produit\/acheter-dck-dxe-en-ligne\/","title":{"rendered":"DCK (DXE)"},"content":{"rendered":"<p style=\"text-align: center;\"><strong>Acheter DCK (DXE) en ligne<\/strong><\/p>\n<p style=\"text-align: center;\"><strong>Bienvenue \u00e0 ChemsXpress : Votre premi\u00e8re source de DCK (DXE)<\/strong><\/p>\n<p style=\"text-align: center;\">Achetez DCK (DXE) en ligne, explorez la meilleure qualit\u00e9 de DCK (Deschloroketamine), \u00e9galement connu sous le nom de DXE, disponible en ligne sur ChemsXpress. Nous nous engageons \u00e0 fournir aux chercheurs des produits chimiques de qualit\u00e9 sup\u00e9rieure pour leurs recherches scientifiques. Notre DCK est m\u00e9ticuleusement synth\u00e9tis\u00e9 et rigoureusement test\u00e9 pour garantir sa puret\u00e9, sa coh\u00e9rence et sa fiabilit\u00e9.<\/p>\n<p style=\"text-align: center;\"><strong>Pourquoi choisir ChemsXpress ?<\/strong><\/p>\n<ul style=\"text-align: center;\">\n<li><strong>Qualit\u00e9 sup\u00e9rieure :<\/strong> Notre DCK est synth\u00e9tis\u00e9 \u00e0 l'aide de techniques de pointe et fait l'objet de mesures de contr\u00f4le de qualit\u00e9 compl\u00e8tes afin de garantir un niveau de puret\u00e9 et de coh\u00e9rence optimal.<\/li>\n<li><strong>Exp\u00e9dition rapide :<\/strong> Nous comprenons l'urgence de vos projets de recherche. Votre commande sera trait\u00e9e dans les meilleurs d\u00e9lais, et notre \u00e9quipe efficace d'experts en recherche et d\u00e9veloppement sera \u00e0 votre disposition pour r\u00e9pondre \u00e0 vos questions. <a href=\"https:\/\/chemsxpress.com\/fr\/?cms_block=shipping-delivery\">l'exp\u00e9dition assure une livraison rapide<\/a> \u00e0 votre laboratoire.<\/li>\n<li><strong>Un service exceptionnel :<\/strong> Notre \u00e9quipe de service \u00e0 la client\u00e8le est \u00e0 votre disposition pour r\u00e9pondre \u00e0 toutes vos questions. Nous nous engageons \u00e0 vous fournir un soutien exceptionnel tout au long de votre exp\u00e9rience d'achat.<\/li>\n<\/ul>\n<p style=\"text-align: center;\"><strong>Commander DCK (DXE) aujourd'hui<\/strong><\/p>\n<p style=\"text-align: center;\">Faites l'exp\u00e9rience de la qualit\u00e9 et de la fiabilit\u00e9 exceptionnelles de DCK (DXE) de ChemsXpress. Faites-nous confiance pour vous fournir des <a href=\"https:\/\/chemsxpress.com\/fr\/categorie-produit\/produits-chimiques-de-recherche\/\">produits chimiques de recherche<\/a> pour soutenir vos efforts scientifiques.<\/p>\n<p style=\"text-align: center;\"><strong>Rejoignez notre communaut\u00e9 de recherche<\/strong><\/p>\n<p style=\"text-align: center;\">Restez inform\u00e9 des derniers d\u00e9veloppements dans le domaine des produits chimiques de recherche et acc\u00e9dez \u00e0 des offres exclusives en vous inscrivant \u00e0 notre lettre d'information. Rejoignez notre communaut\u00e9 de chercheurs et soyez les premiers \u00e0 recevoir des informations sur les nouveaux produits et les promotions.<\/p>\n<p style=\"text-align: center;\"><strong>Choisissez la qualit\u00e9, choisissez ChemsXpress<\/strong><\/p>\n<p style=\"text-align: center;\">Merci d'avoir choisi <a href=\"http:\/\/Buy DCK (DXE) Online\">ChemsXpress<\/a> en tant que fournisseur de confiance de DCK (DXE). Gr\u00e2ce \u00e0 notre engagement in\u00e9branlable en faveur de la qualit\u00e9 et de la satisfaction des clients, vous pouvez mener vos recherches en toute confiance.<\/p>","protected":false},"excerpt":{"rendered":"<p><strong>Nom IUPAC : <\/strong>2-(m\u00e9thylamino)-2-ph\u00e9nyl-cyclohexanone, monohydrochlorure<\/p>\n<p><strong>CAS # <\/strong>4631-27-0<\/p>\n<p><strong>Autre nom : <\/strong>- 2\u2032-Oxo-PCM - O-PCM<\/p>\n<p><strong>Apparence : <\/strong>cristal<\/p>\n<p><strong>Forme : <\/strong>HCL<\/p>\n<p><strong>Analyse RMN : <\/strong>C13H17NO<\/p>","protected":false},"featured_media":28570,"comment_status":"open","ping_status":"closed","template":"","meta":[],"product_brand":[],"product_cat":[80],"product_tag":[],"class_list":{"0":"post-28511","1":"product","2":"type-product","3":"status-publish","4":"has-post-thumbnail","6":"product_cat-dissociatives","8":"first","9":"instock","10":"shipping-taxable","11":"purchasable","12":"product-type-variable"},"yoast_head":"<!-- This site is optimized with the Yoast SEO Premium plugin v24.1 (Yoast SEO v27.4) - https:\/\/yoast.com\/product\/yoast-seo-premium-wordpress\/ -->\n<title>Buy DCK (DXE) Online: Quality Deschloroketamine | ChemsXpress<\/title>\n<meta name=\"description\" content=\"Buy high-quality DCK (DXE) for your research needs at ChemsXpress. Fast shipping, exceptional service. Order your Quality Deschloroketamine here\" \/>\n<meta name=\"robots\" content=\"index, follow, max-snippet:-1, max-image-preview:large, max-video-preview:-1\" \/>\n<link rel=\"canonical\" href=\"https:\/\/chemsxpress.com\/fr\/produit\/acheter-dck-dxe-en-ligne\/\" \/>\n<meta property=\"og:locale\" content=\"fr_FR\" \/>\n<meta property=\"og:type\" content=\"article\" \/>\n<meta property=\"og:title\" content=\"DCK (DXE)\" \/>\n<meta property=\"og:description\" content=\"Buy high-quality DCK (DXE) for your research needs at ChemsXpress. Fast shipping, exceptional service. Order your Quality Deschloroketamine here\" \/>\n<meta property=\"og:url\" content=\"https:\/\/chemsxpress.com\/fr\/produit\/acheter-dck-dxe-en-ligne\/\" \/>\n<meta property=\"og:site_name\" content=\"SHOP MDPHP\" \/>\n<meta property=\"article:modified_time\" content=\"2025-05-28T07:08:33+00:00\" \/>\n<meta property=\"og:image\" content=\"https:\/\/chemsxpress.com\/wp-content\/uploads\/2024\/04\/DCK-DXE.jpg\" \/>\n\t<meta property=\"og:image:width\" content=\"600\" \/>\n\t<meta property=\"og:image:height\" content=\"600\" \/>\n\t<meta property=\"og:image:type\" content=\"image\/jpeg\" \/>\n<meta name=\"twitter:card\" content=\"summary_large_image\" \/>\n<meta name=\"twitter:label1\" content=\"Dur\u00e9e de lecture estim\u00e9e\" \/>\n\t<meta name=\"twitter:data1\" content=\"2 minutes\" \/>\n<script type=\"application\/ld+json\" class=\"yoast-schema-graph\">{\"@context\":\"https:\\\/\\\/schema.org\",\"@graph\":[{\"@type\":\"WebPage\",\"@id\":\"https:\\\/\\\/chemsxpress.com\\\/product\\\/buy-dck-dxe-online\\\/\",\"url\":\"https:\\\/\\\/chemsxpress.com\\\/product\\\/buy-dck-dxe-online\\\/\",\"name\":\"Buy DCK (DXE) Online: Quality Deschloroketamine | ChemsXpress\",\"isPartOf\":{\"@id\":\"https:\\\/\\\/chemsxpress.com\\\/#website\"},\"primaryImageOfPage\":{\"@id\":\"https:\\\/\\\/chemsxpress.com\\\/product\\\/buy-dck-dxe-online\\\/#primaryimage\"},\"image\":{\"@id\":\"https:\\\/\\\/chemsxpress.com\\\/product\\\/buy-dck-dxe-online\\\/#primaryimage\"},\"thumbnailUrl\":\"https:\\\/\\\/chemsxpress.com\\\/wp-content\\\/uploads\\\/2024\\\/04\\\/DCK-DXE.jpg\",\"datePublished\":\"2024-04-29T13:16:52+00:00\",\"dateModified\":\"2025-05-28T07:08:33+00:00\",\"description\":\"Buy high-quality DCK (DXE) for your research needs at ChemsXpress. Fast shipping, exceptional service. Order your Quality Deschloroketamine here\",\"breadcrumb\":{\"@id\":\"https:\\\/\\\/chemsxpress.com\\\/product\\\/buy-dck-dxe-online\\\/#breadcrumb\"},\"inLanguage\":\"fr-FR\",\"potentialAction\":[{\"@type\":\"ReadAction\",\"target\":[\"https:\\\/\\\/chemsxpress.com\\\/product\\\/buy-dck-dxe-online\\\/\"]}]},{\"@type\":\"ImageObject\",\"inLanguage\":\"fr-FR\",\"@id\":\"https:\\\/\\\/chemsxpress.com\\\/product\\\/buy-dck-dxe-online\\\/#primaryimage\",\"url\":\"https:\\\/\\\/chemsxpress.com\\\/wp-content\\\/uploads\\\/2024\\\/04\\\/DCK-DXE.jpg\",\"contentUrl\":\"https:\\\/\\\/chemsxpress.com\\\/wp-content\\\/uploads\\\/2024\\\/04\\\/DCK-DXE.jpg\",\"width\":600,\"height\":600,\"caption\":\"Buy DCK (DXE) Online\"},{\"@type\":\"BreadcrumbList\",\"@id\":\"https:\\\/\\\/chemsxpress.com\\\/product\\\/buy-dck-dxe-online\\\/#breadcrumb\",\"itemListElement\":[{\"@type\":\"ListItem\",\"position\":1,\"name\":\"Home\",\"item\":\"https:\\\/\\\/chemsxpress.com\\\/\"},{\"@type\":\"ListItem\",\"position\":2,\"name\":\"Shop\",\"item\":\"https:\\\/\\\/chemsxpress.com\\\/shop\\\/\"},{\"@type\":\"ListItem\",\"position\":3,\"name\":\"DCK (DXE)\"}]},{\"@type\":\"WebSite\",\"@id\":\"https:\\\/\\\/chemsxpress.com\\\/#website\",\"url\":\"https:\\\/\\\/chemsxpress.com\\\/\",\"name\":\"SHOP MDPHP\",\"description\":\"Buy MDPHP freebase from reliable supplier\",\"potentialAction\":[{\"@type\":\"SearchAction\",\"target\":{\"@type\":\"EntryPoint\",\"urlTemplate\":\"https:\\\/\\\/chemsxpress.com\\\/?s={search_term_string}\"},\"query-input\":{\"@type\":\"PropertyValueSpecification\",\"valueRequired\":true,\"valueName\":\"search_term_string\"}}],\"inLanguage\":\"fr-FR\"}]}<\/script>\n<!-- \/ Yoast SEO Premium plugin. -->","yoast_head_json":{"title":"Achetez DCK (DXE) en ligne\u00a0: Deschlorok\u00e9tamine de qualit\u00e9 | ChemsXpress","description":"Achetez 2-FDCK en ligne pour vos besoins de recherche \u00e0 ChemsXpress. Livraison rapide, service exceptionnel. Commandez de la 2-Fluorodeschloroketamine de qualit\u00e9 ici","robots":{"index":"index","follow":"follow","max-snippet":"max-snippet:-1","max-image-preview":"max-image-preview:large","max-video-preview":"max-video-preview:-1"},"canonical":"https:\/\/chemsxpress.com\/fr\/produit\/acheter-dck-dxe-en-ligne\/","og_locale":"fr_FR","og_type":"article","og_title":"DCK (DXE)","og_description":"Buy high-quality DCK (DXE) for your research needs at ChemsXpress. Fast shipping, exceptional service. Order your Quality Deschloroketamine here","og_url":"https:\/\/chemsxpress.com\/fr\/produit\/acheter-dck-dxe-en-ligne\/","og_site_name":"SHOP MDPHP","article_modified_time":"2025-05-28T07:08:33+00:00","og_image":[{"width":600,"height":600,"url":"https:\/\/chemsxpress.com\/wp-content\/uploads\/2024\/04\/DCK-DXE.jpg","type":"image\/jpeg"}],"twitter_card":"summary_large_image","twitter_misc":{"Dur\u00e9e de lecture estim\u00e9e":"2 minutes"},"schema":{"@context":"https:\/\/schema.org","@graph":[{"@type":"WebPage","@id":"https:\/\/chemsxpress.com\/product\/buy-dck-dxe-online\/","url":"https:\/\/chemsxpress.com\/product\/buy-dck-dxe-online\/","name":"Achetez DCK (DXE) en ligne\u00a0: Deschlorok\u00e9tamine de qualit\u00e9 | ChemsXpress","isPartOf":{"@id":"https:\/\/chemsxpress.com\/#website"},"primaryImageOfPage":{"@id":"https:\/\/chemsxpress.com\/product\/buy-dck-dxe-online\/#primaryimage"},"image":{"@id":"https:\/\/chemsxpress.com\/product\/buy-dck-dxe-online\/#primaryimage"},"thumbnailUrl":"https:\/\/chemsxpress.com\/wp-content\/uploads\/2024\/04\/DCK-DXE.jpg","datePublished":"2024-04-29T13:16:52+00:00","dateModified":"2025-05-28T07:08:33+00:00","description":"Achetez 2-FDCK en ligne pour vos besoins de recherche \u00e0 ChemsXpress. Livraison rapide, service exceptionnel. Commandez de la 2-Fluorodeschloroketamine de qualit\u00e9 ici","breadcrumb":{"@id":"https:\/\/chemsxpress.com\/product\/buy-dck-dxe-online\/#breadcrumb"},"inLanguage":"fr-FR","potentialAction":[{"@type":"ReadAction","target":["https:\/\/chemsxpress.com\/product\/buy-dck-dxe-online\/"]}]},{"@type":"ImageObject","inLanguage":"fr-FR","@id":"https:\/\/chemsxpress.com\/product\/buy-dck-dxe-online\/#primaryimage","url":"https:\/\/chemsxpress.com\/wp-content\/uploads\/2024\/04\/DCK-DXE.jpg","contentUrl":"https:\/\/chemsxpress.com\/wp-content\/uploads\/2024\/04\/DCK-DXE.jpg","width":600,"height":600,"caption":"Buy DCK (DXE) Online"},{"@type":"BreadcrumbList","@id":"https:\/\/chemsxpress.com\/product\/buy-dck-dxe-online\/#breadcrumb","itemListElement":[{"@type":"ListItem","position":1,"name":"Home","item":"https:\/\/chemsxpress.com\/"},{"@type":"ListItem","position":2,"name":"Shop","item":"https:\/\/chemsxpress.com\/shop\/"},{"@type":"ListItem","position":3,"name":"DCK (DXE)"}]},{"@type":"WebSite","@id":"https:\/\/chemsxpress.com\/#website","url":"https:\/\/chemsxpress.com\/","name":"SHOP MDPHP","description":"Acheter MDPHP freebase aupr\u00e8s d'un fournisseur fiable","potentialAction":[{"@type":"SearchAction","target":{"@type":"EntryPoint","urlTemplate":"https:\/\/chemsxpress.com\/?s={search_term_string}"},"query-input":{"@type":"PropertyValueSpecification","valueRequired":true,"valueName":"search_term_string"}}],"inLanguage":"fr-FR"}]}},"jetpack_sharing_enabled":true,"_links":{"self":[{"href":"https:\/\/chemsxpress.com\/fr\/wp-json\/wp\/v2\/product\/28511","targetHints":{"allow":["GET"]}}],"collection":[{"href":"https:\/\/chemsxpress.com\/fr\/wp-json\/wp\/v2\/product"}],"about":[{"href":"https:\/\/chemsxpress.com\/fr\/wp-json\/wp\/v2\/types\/product"}],"replies":[{"embeddable":true,"href":"https:\/\/chemsxpress.com\/fr\/wp-json\/wp\/v2\/comments?post=28511"}],"version-history":[{"count":4,"href":"https:\/\/chemsxpress.com\/fr\/wp-json\/wp\/v2\/product\/28511\/revisions"}],"predecessor-version":[{"id":30060,"href":"https:\/\/chemsxpress.com\/fr\/wp-json\/wp\/v2\/product\/28511\/revisions\/30060"}],"wp:featuredmedia":[{"embeddable":true,"href":"https:\/\/chemsxpress.com\/fr\/wp-json\/wp\/v2\/media\/28570"}],"wp:attachment":[{"href":"https:\/\/chemsxpress.com\/fr\/wp-json\/wp\/v2\/media?parent=28511"}],"wp:term":[{"taxonomy":"product_brand","embeddable":true,"href":"https:\/\/chemsxpress.com\/fr\/wp-json\/wp\/v2\/product_brand?post=28511"},{"taxonomy":"product_cat","embeddable":true,"href":"https:\/\/chemsxpress.com\/fr\/wp-json\/wp\/v2\/product_cat?post=28511"},{"taxonomy":"product_tag","embeddable":true,"href":"https:\/\/chemsxpress.com\/fr\/wp-json\/wp\/v2\/product_tag?post=28511"}],"curies":[{"name":"wp","href":"https:\/\/api.w.org\/{rel}","templated":true}]}}