{"id":28512,"date":"2024-04-29T13:16:52","date_gmt":"2024-04-29T13:16:52","guid":{"rendered":"https:\/\/chemsxpress.com\/?post_type=product&#038;p=28512"},"modified":"2025-05-23T11:46:49","modified_gmt":"2025-05-23T11:46:49","slug":"acheter-mxp-en-ligne","status":"publish","type":"product","link":"https:\/\/chemsxpress.com\/fr\/produit\/acheter-mxp-en-ligne\/","title":{"rendered":"MXP"},"content":{"rendered":"<h1 style=\"text-align: center;\">Acheter MXP en ligne<\/h1>\n<h4 style=\"text-align: center;\"><strong>D\u00e9couvrez le MXP Premium pour votre recherche chez ChemsXpress<\/strong><\/h4>\n<p style=\"text-align: center;\">Achetez du MXP en ligne, ChemsXpress est votre source fiable de MXP de haute qualit\u00e9, m\u00e9ticuleusement synth\u00e9tis\u00e9 et rigoureusement test\u00e9 pour r\u00e9pondre aux exigences de l'exploration scientifique. Am\u00e9liorez votre recherche avec notre MXP de qualit\u00e9 sup\u00e9rieure et ouvrez de nouvelles possibilit\u00e9s dans vos \u00e9tudes.<\/p>\n<p style=\"text-align: center;\"><strong>Pourquoi choisir ChemsXpress ?<\/strong><\/p>\n<ul style=\"text-align: center;\">\n<li><strong>Qualit\u00e9 exceptionnelle :<\/strong> Notre MXP est soumis \u00e0 des mesures rigoureuses de contr\u00f4le de la qualit\u00e9 afin d'en garantir la puret\u00e9 et la coh\u00e9rence, ce qui vous permet d'obtenir des r\u00e9sultats fiables pour vos travaux de recherche.<\/li>\n<li><strong>Exp\u00e9dition rapide et fiable :<\/strong> Nous comprenons l'importance d'une livraison rapide pour vos projets de recherche. Gr\u00e2ce \u00e0 notre processus d'exp\u00e9dition efficace, vous pouvez vous attendre \u00e0 une livraison rapide de votre commande MXP.<\/li>\n<li><strong>Support client d\u00e9di\u00e9 :<\/strong> Vous avez des questions ou besoin d'aide ? Notre \u00e9quipe d'assistance \u00e0 la client\u00e8le est \u00e0 votre disposition pour r\u00e9pondre \u00e0 vos questions et vous aider tout au long de votre exp\u00e9rience d'achat.<\/li>\n<\/ul>\n<p style=\"text-align: center;\"><strong>Commander MXP aujourd'hui<\/strong><\/p>\n<p style=\"text-align: center;\">Faites l'exp\u00e9rience de la diff\u00e9rence en travaillant avec le MXP de haute qualit\u00e9 de ChemsXpress. Passez votre commande d\u00e8s aujourd'hui et passez \u00e0 l'\u00e9tape suivante en faisant progresser vos efforts de recherche en toute confiance.<\/p>\n<p style=\"text-align: center;\"><strong>Rejoignez notre communaut\u00e9 de recherche<\/strong><\/p>\n<p style=\"text-align: center;\">Restez inform\u00e9 des derniers d\u00e9veloppements dans le domaine des produits chimiques de recherche et b\u00e9n\u00e9ficiez d'offres exclusives en vous inscrivant \u00e0 notre lettre d'information. Rejoignez notre communaut\u00e9 de chercheurs d\u00e9sireux de repousser les limites de l'exploration scientifique.<\/p>\n<p style=\"text-align: center;\"><strong>Choisissez ChemsXpress pour vos besoins de recherche<\/strong><\/p>\n<p style=\"text-align: center;\">Merci d'avoir choisi <a href=\"https:\/\/chemsxpress.com\/fr\/\">ChemsXpress<\/a> en tant que fournisseur de confiance de MXP. Gr\u00e2ce \u00e0 notre engagement en faveur de la qualit\u00e9, de la fiabilit\u00e9 et de la satisfaction du client, vous pouvez nous faire confiance pour soutenir vos efforts de recherche.<\/p>","protected":false},"excerpt":{"rendered":"<p><strong>IUPAC-Name: <\/strong>1-[1-(2-methoxyphenyl)-2-phenylethyl]piperidine<\/p>\n<p><strong>CAS # <\/strong>127529-46-8<\/p>\n<p><strong>Other name: <\/strong>Methoxphenidine<\/p>\n<p><strong>Appearance: <\/strong>crystal<\/p>\n<p><strong>NMR Analysis: <\/strong>C20H25NO<\/p>\n","protected":false},"featured_media":28573,"comment_status":"open","ping_status":"closed","template":"","meta":[],"product_brand":[],"product_cat":[80],"product_tag":[],"class_list":{"0":"post-28512","1":"product","2":"type-product","3":"status-publish","4":"has-post-thumbnail","6":"product_cat-dissociatives","8":"first","9":"instock","10":"shipping-taxable","11":"purchasable","12":"product-type-variable"},"yoast_head":"<!-- This site is optimized with the Yoast SEO Premium plugin v24.1 (Yoast SEO v27.4) - https:\/\/yoast.com\/product\/yoast-seo-premium-wordpress\/ -->\n<title>Buy MXP Online: Premium Research Chemicals | ChemsXpress<\/title>\n<meta name=\"description\" content=\"Buy Quality MXP at ChemsXpress. With exceptional quality, fast shipping, and dedicated customer support, trust us to elevate your scientific endeavors.\" \/>\n<meta name=\"robots\" content=\"index, follow, max-snippet:-1, max-image-preview:large, max-video-preview:-1\" \/>\n<link rel=\"canonical\" href=\"https:\/\/chemsxpress.com\/fr\/produit\/acheter-mxp-en-ligne\/\" \/>\n<meta property=\"og:locale\" content=\"fr_FR\" \/>\n<meta property=\"og:type\" content=\"article\" \/>\n<meta property=\"og:title\" content=\"MXP\" \/>\n<meta property=\"og:description\" content=\"Buy Quality MXP at ChemsXpress. With exceptional quality, fast shipping, and dedicated customer support, trust us to elevate your scientific endeavors.\" \/>\n<meta property=\"og:url\" content=\"https:\/\/chemsxpress.com\/fr\/produit\/acheter-mxp-en-ligne\/\" \/>\n<meta property=\"og:site_name\" content=\"SHOP MDPHP\" \/>\n<meta property=\"article:modified_time\" content=\"2025-05-23T11:46:49+00:00\" \/>\n<meta property=\"og:image\" content=\"https:\/\/chemsxpress.com\/wp-content\/uploads\/2024\/04\/MXP.jpg\" \/>\n\t<meta property=\"og:image:width\" content=\"600\" \/>\n\t<meta property=\"og:image:height\" content=\"600\" \/>\n\t<meta property=\"og:image:type\" content=\"image\/jpeg\" \/>\n<meta name=\"twitter:card\" content=\"summary_large_image\" \/>\n<meta name=\"twitter:label1\" content=\"Dur\u00e9e de lecture estim\u00e9e\" \/>\n\t<meta name=\"twitter:data1\" content=\"2 minutes\" \/>\n<script type=\"application\/ld+json\" class=\"yoast-schema-graph\">{\"@context\":\"https:\\\/\\\/schema.org\",\"@graph\":[{\"@type\":\"WebPage\",\"@id\":\"https:\\\/\\\/chemsxpress.com\\\/product\\\/buy-mxp-online\\\/\",\"url\":\"https:\\\/\\\/chemsxpress.com\\\/product\\\/buy-mxp-online\\\/\",\"name\":\"Buy MXP Online: Premium Research Chemicals | ChemsXpress\",\"isPartOf\":{\"@id\":\"https:\\\/\\\/chemsxpress.com\\\/#website\"},\"primaryImageOfPage\":{\"@id\":\"https:\\\/\\\/chemsxpress.com\\\/product\\\/buy-mxp-online\\\/#primaryimage\"},\"image\":{\"@id\":\"https:\\\/\\\/chemsxpress.com\\\/product\\\/buy-mxp-online\\\/#primaryimage\"},\"thumbnailUrl\":\"https:\\\/\\\/chemsxpress.com\\\/wp-content\\\/uploads\\\/2024\\\/04\\\/MXP.jpg\",\"datePublished\":\"2024-04-29T13:16:52+00:00\",\"dateModified\":\"2025-05-23T11:46:49+00:00\",\"description\":\"Buy Quality MXP at ChemsXpress. With exceptional quality, fast shipping, and dedicated customer support, trust us to elevate your scientific endeavors.\",\"breadcrumb\":{\"@id\":\"https:\\\/\\\/chemsxpress.com\\\/product\\\/buy-mxp-online\\\/#breadcrumb\"},\"inLanguage\":\"fr-FR\",\"potentialAction\":[{\"@type\":\"ReadAction\",\"target\":[\"https:\\\/\\\/chemsxpress.com\\\/product\\\/buy-mxp-online\\\/\"]}]},{\"@type\":\"ImageObject\",\"inLanguage\":\"fr-FR\",\"@id\":\"https:\\\/\\\/chemsxpress.com\\\/product\\\/buy-mxp-online\\\/#primaryimage\",\"url\":\"https:\\\/\\\/chemsxpress.com\\\/wp-content\\\/uploads\\\/2024\\\/04\\\/MXP.jpg\",\"contentUrl\":\"https:\\\/\\\/chemsxpress.com\\\/wp-content\\\/uploads\\\/2024\\\/04\\\/MXP.jpg\",\"width\":600,\"height\":600,\"caption\":\"Buy MXP Online\"},{\"@type\":\"BreadcrumbList\",\"@id\":\"https:\\\/\\\/chemsxpress.com\\\/product\\\/buy-mxp-online\\\/#breadcrumb\",\"itemListElement\":[{\"@type\":\"ListItem\",\"position\":1,\"name\":\"Home\",\"item\":\"https:\\\/\\\/chemsxpress.com\\\/\"},{\"@type\":\"ListItem\",\"position\":2,\"name\":\"Shop\",\"item\":\"https:\\\/\\\/chemsxpress.com\\\/shop\\\/\"},{\"@type\":\"ListItem\",\"position\":3,\"name\":\"MXP\"}]},{\"@type\":\"WebSite\",\"@id\":\"https:\\\/\\\/chemsxpress.com\\\/#website\",\"url\":\"https:\\\/\\\/chemsxpress.com\\\/\",\"name\":\"SHOP MDPHP\",\"description\":\"Buy MDPHP freebase from reliable supplier\",\"potentialAction\":[{\"@type\":\"SearchAction\",\"target\":{\"@type\":\"EntryPoint\",\"urlTemplate\":\"https:\\\/\\\/chemsxpress.com\\\/?s={search_term_string}\"},\"query-input\":{\"@type\":\"PropertyValueSpecification\",\"valueRequired\":true,\"valueName\":\"search_term_string\"}}],\"inLanguage\":\"fr-FR\"}]}<\/script>\n<!-- \/ Yoast SEO Premium plugin. -->","yoast_head_json":{"title":"Achetez MXP en ligne\u00a0: produits chimiques de recherche haut de gamme | ChemsXpress","description":"Achetez du 4F-ABINAC chez ChemsXpress. Avec une qualit\u00e9 exceptionnelle, une puret\u00e9 test\u00e9e en laboratoire et un support client expert, faites-nous confiance pour alimenter vos efforts scientifiques.","robots":{"index":"index","follow":"follow","max-snippet":"max-snippet:-1","max-image-preview":"max-image-preview:large","max-video-preview":"max-video-preview:-1"},"canonical":"https:\/\/chemsxpress.com\/fr\/produit\/acheter-mxp-en-ligne\/","og_locale":"fr_FR","og_type":"article","og_title":"MXP","og_description":"Buy Quality MXP at ChemsXpress. With exceptional quality, fast shipping, and dedicated customer support, trust us to elevate your scientific endeavors.","og_url":"https:\/\/chemsxpress.com\/fr\/produit\/acheter-mxp-en-ligne\/","og_site_name":"SHOP MDPHP","article_modified_time":"2025-05-23T11:46:49+00:00","og_image":[{"width":600,"height":600,"url":"https:\/\/chemsxpress.com\/wp-content\/uploads\/2024\/04\/MXP.jpg","type":"image\/jpeg"}],"twitter_card":"summary_large_image","twitter_misc":{"Dur\u00e9e de lecture estim\u00e9e":"2 minutes"},"schema":{"@context":"https:\/\/schema.org","@graph":[{"@type":"WebPage","@id":"https:\/\/chemsxpress.com\/product\/buy-mxp-online\/","url":"https:\/\/chemsxpress.com\/product\/buy-mxp-online\/","name":"Achetez MXP en ligne\u00a0: produits chimiques de recherche haut de gamme | ChemsXpress","isPartOf":{"@id":"https:\/\/chemsxpress.com\/#website"},"primaryImageOfPage":{"@id":"https:\/\/chemsxpress.com\/product\/buy-mxp-online\/#primaryimage"},"image":{"@id":"https:\/\/chemsxpress.com\/product\/buy-mxp-online\/#primaryimage"},"thumbnailUrl":"https:\/\/chemsxpress.com\/wp-content\/uploads\/2024\/04\/MXP.jpg","datePublished":"2024-04-29T13:16:52+00:00","dateModified":"2025-05-23T11:46:49+00:00","description":"Achetez du 4F-ABINAC chez ChemsXpress. Avec une qualit\u00e9 exceptionnelle, une puret\u00e9 test\u00e9e en laboratoire et un support client expert, faites-nous confiance pour alimenter vos efforts scientifiques.","breadcrumb":{"@id":"https:\/\/chemsxpress.com\/product\/buy-mxp-online\/#breadcrumb"},"inLanguage":"fr-FR","potentialAction":[{"@type":"ReadAction","target":["https:\/\/chemsxpress.com\/product\/buy-mxp-online\/"]}]},{"@type":"ImageObject","inLanguage":"fr-FR","@id":"https:\/\/chemsxpress.com\/product\/buy-mxp-online\/#primaryimage","url":"https:\/\/chemsxpress.com\/wp-content\/uploads\/2024\/04\/MXP.jpg","contentUrl":"https:\/\/chemsxpress.com\/wp-content\/uploads\/2024\/04\/MXP.jpg","width":600,"height":600,"caption":"Buy MXP Online"},{"@type":"BreadcrumbList","@id":"https:\/\/chemsxpress.com\/product\/buy-mxp-online\/#breadcrumb","itemListElement":[{"@type":"ListItem","position":1,"name":"Home","item":"https:\/\/chemsxpress.com\/"},{"@type":"ListItem","position":2,"name":"Shop","item":"https:\/\/chemsxpress.com\/shop\/"},{"@type":"ListItem","position":3,"name":"MXP"}]},{"@type":"WebSite","@id":"https:\/\/chemsxpress.com\/#website","url":"https:\/\/chemsxpress.com\/","name":"SHOP MDPHP","description":"Acheter MDPHP freebase aupr\u00e8s d'un fournisseur fiable","potentialAction":[{"@type":"SearchAction","target":{"@type":"EntryPoint","urlTemplate":"https:\/\/chemsxpress.com\/?s={search_term_string}"},"query-input":{"@type":"PropertyValueSpecification","valueRequired":true,"valueName":"search_term_string"}}],"inLanguage":"fr-FR"}]}},"jetpack_sharing_enabled":true,"_links":{"self":[{"href":"https:\/\/chemsxpress.com\/fr\/wp-json\/wp\/v2\/product\/28512","targetHints":{"allow":["GET"]}}],"collection":[{"href":"https:\/\/chemsxpress.com\/fr\/wp-json\/wp\/v2\/product"}],"about":[{"href":"https:\/\/chemsxpress.com\/fr\/wp-json\/wp\/v2\/types\/product"}],"replies":[{"embeddable":true,"href":"https:\/\/chemsxpress.com\/fr\/wp-json\/wp\/v2\/comments?post=28512"}],"version-history":[{"count":3,"href":"https:\/\/chemsxpress.com\/fr\/wp-json\/wp\/v2\/product\/28512\/revisions"}],"predecessor-version":[{"id":29806,"href":"https:\/\/chemsxpress.com\/fr\/wp-json\/wp\/v2\/product\/28512\/revisions\/29806"}],"wp:featuredmedia":[{"embeddable":true,"href":"https:\/\/chemsxpress.com\/fr\/wp-json\/wp\/v2\/media\/28573"}],"wp:attachment":[{"href":"https:\/\/chemsxpress.com\/fr\/wp-json\/wp\/v2\/media?parent=28512"}],"wp:term":[{"taxonomy":"product_brand","embeddable":true,"href":"https:\/\/chemsxpress.com\/fr\/wp-json\/wp\/v2\/product_brand?post=28512"},{"taxonomy":"product_cat","embeddable":true,"href":"https:\/\/chemsxpress.com\/fr\/wp-json\/wp\/v2\/product_cat?post=28512"},{"taxonomy":"product_tag","embeddable":true,"href":"https:\/\/chemsxpress.com\/fr\/wp-json\/wp\/v2\/product_tag?post=28512"}],"curies":[{"name":"wp","href":"https:\/\/api.w.org\/{rel}","templated":true}]}}