{"id":28523,"date":"2024-04-29T13:16:53","date_gmt":"2024-04-29T13:16:53","guid":{"rendered":"https:\/\/chemsxpress.com\/?post_type=product&#038;p=28523"},"modified":"2024-05-04T06:17:06","modified_gmt":"2024-05-04T06:17:06","slug":"acheter-kratom-corne-de-veine-blanche","status":"publish","type":"product","link":"https:\/\/chemsxpress.com\/fr\/produit\/acheter-kratom-corne-de-veine-blanche\/","title":{"rendered":"Corne de veine blanche"},"content":{"rendered":"<h1>Acheter White Vein Horn.<\/h1>\n<p>Achetez White Vein Horn, d\u00e9couvrez la qualit\u00e9 exceptionnelle du kratom White Vein Horn, provenant directement des for\u00eats luxuriantes d'Asie du Sud-Est. Chez ChemsXpress, nous nous engageons \u00e0 vous fournir des vari\u00e9t\u00e9s de kratom de premi\u00e8re qualit\u00e9 pour am\u00e9liorer votre bien-\u00eatre.<\/p>\n<p><strong>Pourquoi choisir ChemsXpress ?<\/strong><\/p>\n<ul>\n<li><strong>Qualit\u00e9 sup\u00e9rieure :<\/strong> Notre kratom White Vein Horn provient m\u00e9ticuleusement de cultivateurs de confiance et subit des tests rigoureux pour garantir sa puret\u00e9 et sa puissance. Vous pouvez \u00eatre s\u00fbr de recevoir le meilleur produit.<\/li>\n<li><strong>Exp\u00e9dition rapide :<\/strong> Nous donnons la priorit\u00e9 \u00e0 une livraison rapide. Votre commande de White Vein Horn Kratom sera trait\u00e9e et exp\u00e9di\u00e9e rapidement, assurant une arriv\u00e9e \u00e0 temps \u00e0 votre porte.<\/li>\n<li><strong>Un service \u00e0 la client\u00e8le exceptionnel :<\/strong> Vous avez des questions ou besoin d'aide ? Notre \u00e9quipe de service \u00e0 la client\u00e8le, amicale et comp\u00e9tente, est l\u00e0 pour vous aider et vous apporter le soutien dont vous avez besoin pour une exp\u00e9rience d'achat sans faille.<\/li>\n<\/ul>\n<p><strong>Faites l'exp\u00e9rience de la diff\u00e9rence : Commandez le kratom White Vein Horn d\u00e8s aujourd'hui<\/strong><\/p>\n<p>Laissez-vous tenter par les effets revigorants et stimulants du White Vein Horn Kratom de ChemsXpress. Que vous recherchiez de l'\u00e9nergie naturelle, de la concentration ou de la relaxation, notre White Vein Horn Kratom est s\u00fbr de d\u00e9passer vos attentes.<\/p>\n<p><strong>Rejoindre notre communaut\u00e9<\/strong><\/p>\n<p>Restez inform\u00e9 des derni\u00e8res nouvelles sur le kratom, des promotions et plus encore en vous inscrivant \u00e0 notre newsletter. Rejoignez notre communaut\u00e9 d'amateurs de kratom et soyez les premiers \u00e0 conna\u00eetre les nouveaux produits et les offres exclusives.<\/p>\n<p><strong>Choisissez la qualit\u00e9, choisissez ChemsXpress<\/strong><\/p>\n<p>Merci d'avoir choisi <a href=\"https:\/\/chemsxpress.com\/fr\/\">ChemsXpress<\/a> comme votre source de confiance pour le kratom White Vein Horn. Avec notre engagement \u00e0 la qualit\u00e9 et \u00e0 la satisfaction du client, vous pouvez acheter en toute confiance en sachant que vous obtenez la meilleure exp\u00e9rience de kratom possible.<\/p>","protected":false},"excerpt":{"rendered":"<p><strong>Forme : <\/strong>poudre<\/p>\n<p><strong>Analyse RMN : <\/strong>N\/A<\/p>","protected":false},"featured_media":28608,"comment_status":"open","ping_status":"closed","template":"","meta":[],"product_brand":[],"product_cat":[81],"product_tag":[],"class_list":{"0":"post-28523","1":"product","2":"type-product","3":"status-publish","4":"has-post-thumbnail","6":"product_cat-kratom","8":"first","9":"instock","10":"shipping-taxable","11":"purchasable","12":"product-type-variable"},"yoast_head":"<!-- This site is optimized with the Yoast SEO Premium plugin v24.1 (Yoast SEO v27.3) - https:\/\/yoast.com\/product\/yoast-seo-premium-wordpress\/ -->\n<title>Buy White Vein Horn : Premium Quality Strains | ChemsXpress<\/title>\n<meta name=\"description\" content=\"Buy White Vein Horn Kratom at ChemsXpress. Premium quality strains, fast shipping. Trust our quality assurance for all your kratom needs. Order now\" \/>\n<meta name=\"robots\" content=\"index, follow, max-snippet:-1, max-image-preview:large, max-video-preview:-1\" \/>\n<link rel=\"canonical\" href=\"https:\/\/chemsxpress.com\/fr\/produit\/acheter-kratom-corne-de-veine-blanche\/\" \/>\n<meta property=\"og:locale\" content=\"fr_FR\" \/>\n<meta property=\"og:type\" content=\"article\" \/>\n<meta property=\"og:title\" content=\"White Vein Horn\" \/>\n<meta property=\"og:description\" content=\"Buy White Vein Horn Kratom at ChemsXpress. Premium quality strains, fast shipping. Trust our quality assurance for all your kratom needs. Order now\" \/>\n<meta property=\"og:url\" content=\"https:\/\/chemsxpress.com\/fr\/produit\/acheter-kratom-corne-de-veine-blanche\/\" \/>\n<meta property=\"og:site_name\" content=\"SHOP MDPHP\" \/>\n<meta property=\"article:modified_time\" content=\"2024-05-04T06:17:06+00:00\" \/>\n<meta property=\"og:image\" content=\"https:\/\/chemsxpress.com\/wp-content\/uploads\/2024\/04\/White-Vein-Horn.jpg\" \/>\n\t<meta property=\"og:image:width\" content=\"600\" \/>\n\t<meta property=\"og:image:height\" content=\"600\" \/>\n\t<meta property=\"og:image:type\" content=\"image\/jpeg\" \/>\n<meta name=\"twitter:card\" content=\"summary_large_image\" \/>\n<meta name=\"twitter:label1\" content=\"Dur\u00e9e de lecture estim\u00e9e\" \/>\n\t<meta name=\"twitter:data1\" content=\"2 minutes\" \/>\n<script type=\"application\/ld+json\" class=\"yoast-schema-graph\">{\"@context\":\"https:\\\/\\\/schema.org\",\"@graph\":[{\"@type\":\"WebPage\",\"@id\":\"https:\\\/\\\/chemsxpress.com\\\/product\\\/buy-white-vein-horn-kratom\\\/\",\"url\":\"https:\\\/\\\/chemsxpress.com\\\/product\\\/buy-white-vein-horn-kratom\\\/\",\"name\":\"Buy White Vein Horn : Premium Quality Strains | ChemsXpress\",\"isPartOf\":{\"@id\":\"https:\\\/\\\/chemsxpress.com\\\/#website\"},\"primaryImageOfPage\":{\"@id\":\"https:\\\/\\\/chemsxpress.com\\\/product\\\/buy-white-vein-horn-kratom\\\/#primaryimage\"},\"image\":{\"@id\":\"https:\\\/\\\/chemsxpress.com\\\/product\\\/buy-white-vein-horn-kratom\\\/#primaryimage\"},\"thumbnailUrl\":\"https:\\\/\\\/chemsxpress.com\\\/wp-content\\\/uploads\\\/2024\\\/04\\\/White-Vein-Horn.jpg\",\"datePublished\":\"2024-04-29T13:16:53+00:00\",\"dateModified\":\"2024-05-04T06:17:06+00:00\",\"description\":\"Buy White Vein Horn Kratom at ChemsXpress. Premium quality strains, fast shipping. Trust our quality assurance for all your kratom needs. Order now\",\"breadcrumb\":{\"@id\":\"https:\\\/\\\/chemsxpress.com\\\/product\\\/buy-white-vein-horn-kratom\\\/#breadcrumb\"},\"inLanguage\":\"fr-FR\",\"potentialAction\":[{\"@type\":\"ReadAction\",\"target\":[\"https:\\\/\\\/chemsxpress.com\\\/product\\\/buy-white-vein-horn-kratom\\\/\"]}]},{\"@type\":\"ImageObject\",\"inLanguage\":\"fr-FR\",\"@id\":\"https:\\\/\\\/chemsxpress.com\\\/product\\\/buy-white-vein-horn-kratom\\\/#primaryimage\",\"url\":\"https:\\\/\\\/chemsxpress.com\\\/wp-content\\\/uploads\\\/2024\\\/04\\\/White-Vein-Horn.jpg\",\"contentUrl\":\"https:\\\/\\\/chemsxpress.com\\\/wp-content\\\/uploads\\\/2024\\\/04\\\/White-Vein-Horn.jpg\",\"width\":600,\"height\":600,\"caption\":\"Buy White Vein Horn\"},{\"@type\":\"BreadcrumbList\",\"@id\":\"https:\\\/\\\/chemsxpress.com\\\/product\\\/buy-white-vein-horn-kratom\\\/#breadcrumb\",\"itemListElement\":[{\"@type\":\"ListItem\",\"position\":1,\"name\":\"Home\",\"item\":\"https:\\\/\\\/chemsxpress.com\\\/\"},{\"@type\":\"ListItem\",\"position\":2,\"name\":\"Shop\",\"item\":\"https:\\\/\\\/chemsxpress.com\\\/shop\\\/\"},{\"@type\":\"ListItem\",\"position\":3,\"name\":\"White Vein Horn\"}]},{\"@type\":\"WebSite\",\"@id\":\"https:\\\/\\\/chemsxpress.com\\\/#website\",\"url\":\"https:\\\/\\\/chemsxpress.com\\\/\",\"name\":\"SHOP MDPHP\",\"description\":\"Buy MDPHP freebase from reliable supplier\",\"potentialAction\":[{\"@type\":\"SearchAction\",\"target\":{\"@type\":\"EntryPoint\",\"urlTemplate\":\"https:\\\/\\\/chemsxpress.com\\\/?s={search_term_string}\"},\"query-input\":{\"@type\":\"PropertyValueSpecification\",\"valueRequired\":true,\"valueName\":\"search_term_string\"}}],\"inLanguage\":\"fr-FR\"}]}<\/script>\n<!-- \/ Yoast SEO Premium plugin. -->","yoast_head_json":{"title":"Acheter Corne de Veine Blanche : Vari\u00e9t\u00e9s de Qualit\u00e9 Premium | ChemsXpress","description":"D\u00e9couvrez Green Indo Kratom chez ChemsXpress. Des souches de qualit\u00e9 sup\u00e9rieure, une livraison rapide. Faites confiance \u00e0 notre assurance qualit\u00e9 pour tous vos besoins en kratom. Commandez maintenant","robots":{"index":"index","follow":"follow","max-snippet":"max-snippet:-1","max-image-preview":"max-image-preview:large","max-video-preview":"max-video-preview:-1"},"canonical":"https:\/\/chemsxpress.com\/fr\/produit\/acheter-kratom-corne-de-veine-blanche\/","og_locale":"fr_FR","og_type":"article","og_title":"White Vein Horn","og_description":"Buy White Vein Horn Kratom at ChemsXpress. Premium quality strains, fast shipping. Trust our quality assurance for all your kratom needs. Order now","og_url":"https:\/\/chemsxpress.com\/fr\/produit\/acheter-kratom-corne-de-veine-blanche\/","og_site_name":"SHOP MDPHP","article_modified_time":"2024-05-04T06:17:06+00:00","og_image":[{"width":600,"height":600,"url":"https:\/\/chemsxpress.com\/wp-content\/uploads\/2024\/04\/White-Vein-Horn.jpg","type":"image\/jpeg"}],"twitter_card":"summary_large_image","twitter_misc":{"Dur\u00e9e de lecture estim\u00e9e":"2 minutes"},"schema":{"@context":"https:\/\/schema.org","@graph":[{"@type":"WebPage","@id":"https:\/\/chemsxpress.com\/product\/buy-white-vein-horn-kratom\/","url":"https:\/\/chemsxpress.com\/product\/buy-white-vein-horn-kratom\/","name":"Acheter Corne de Veine Blanche : Vari\u00e9t\u00e9s de Qualit\u00e9 Premium | ChemsXpress","isPartOf":{"@id":"https:\/\/chemsxpress.com\/#website"},"primaryImageOfPage":{"@id":"https:\/\/chemsxpress.com\/product\/buy-white-vein-horn-kratom\/#primaryimage"},"image":{"@id":"https:\/\/chemsxpress.com\/product\/buy-white-vein-horn-kratom\/#primaryimage"},"thumbnailUrl":"https:\/\/chemsxpress.com\/wp-content\/uploads\/2024\/04\/White-Vein-Horn.jpg","datePublished":"2024-04-29T13:16:53+00:00","dateModified":"2024-05-04T06:17:06+00:00","description":"D\u00e9couvrez Green Indo Kratom chez ChemsXpress. Des souches de qualit\u00e9 sup\u00e9rieure, une livraison rapide. Faites confiance \u00e0 notre assurance qualit\u00e9 pour tous vos besoins en kratom. Commandez maintenant","breadcrumb":{"@id":"https:\/\/chemsxpress.com\/product\/buy-white-vein-horn-kratom\/#breadcrumb"},"inLanguage":"fr-FR","potentialAction":[{"@type":"ReadAction","target":["https:\/\/chemsxpress.com\/product\/buy-white-vein-horn-kratom\/"]}]},{"@type":"ImageObject","inLanguage":"fr-FR","@id":"https:\/\/chemsxpress.com\/product\/buy-white-vein-horn-kratom\/#primaryimage","url":"https:\/\/chemsxpress.com\/wp-content\/uploads\/2024\/04\/White-Vein-Horn.jpg","contentUrl":"https:\/\/chemsxpress.com\/wp-content\/uploads\/2024\/04\/White-Vein-Horn.jpg","width":600,"height":600,"caption":"Buy White Vein Horn"},{"@type":"BreadcrumbList","@id":"https:\/\/chemsxpress.com\/product\/buy-white-vein-horn-kratom\/#breadcrumb","itemListElement":[{"@type":"ListItem","position":1,"name":"Home","item":"https:\/\/chemsxpress.com\/"},{"@type":"ListItem","position":2,"name":"Shop","item":"https:\/\/chemsxpress.com\/shop\/"},{"@type":"ListItem","position":3,"name":"White Vein Horn"}]},{"@type":"WebSite","@id":"https:\/\/chemsxpress.com\/#website","url":"https:\/\/chemsxpress.com\/","name":"SHOP MDPHP","description":"Acheter MDPHP freebase aupr\u00e8s d'un fournisseur fiable","potentialAction":[{"@type":"SearchAction","target":{"@type":"EntryPoint","urlTemplate":"https:\/\/chemsxpress.com\/?s={search_term_string}"},"query-input":{"@type":"PropertyValueSpecification","valueRequired":true,"valueName":"search_term_string"}}],"inLanguage":"fr-FR"}]}},"jetpack_sharing_enabled":true,"_links":{"self":[{"href":"https:\/\/chemsxpress.com\/fr\/wp-json\/wp\/v2\/product\/28523","targetHints":{"allow":["GET"]}}],"collection":[{"href":"https:\/\/chemsxpress.com\/fr\/wp-json\/wp\/v2\/product"}],"about":[{"href":"https:\/\/chemsxpress.com\/fr\/wp-json\/wp\/v2\/types\/product"}],"replies":[{"embeddable":true,"href":"https:\/\/chemsxpress.com\/fr\/wp-json\/wp\/v2\/comments?post=28523"}],"version-history":[{"count":3,"href":"https:\/\/chemsxpress.com\/fr\/wp-json\/wp\/v2\/product\/28523\/revisions"}],"predecessor-version":[{"id":29745,"href":"https:\/\/chemsxpress.com\/fr\/wp-json\/wp\/v2\/product\/28523\/revisions\/29745"}],"wp:featuredmedia":[{"embeddable":true,"href":"https:\/\/chemsxpress.com\/fr\/wp-json\/wp\/v2\/media\/28608"}],"wp:attachment":[{"href":"https:\/\/chemsxpress.com\/fr\/wp-json\/wp\/v2\/media?parent=28523"}],"wp:term":[{"taxonomy":"product_brand","embeddable":true,"href":"https:\/\/chemsxpress.com\/fr\/wp-json\/wp\/v2\/product_brand?post=28523"},{"taxonomy":"product_cat","embeddable":true,"href":"https:\/\/chemsxpress.com\/fr\/wp-json\/wp\/v2\/product_cat?post=28523"},{"taxonomy":"product_tag","embeddable":true,"href":"https:\/\/chemsxpress.com\/fr\/wp-json\/wp\/v2\/product_tag?post=28523"}],"curies":[{"name":"wp","href":"https:\/\/api.w.org\/{rel}","templated":true}]}}