{"id":28527,"date":"2024-04-29T13:16:53","date_gmt":"2024-04-29T13:16:53","guid":{"rendered":"https:\/\/chemsxpress.com\/?post_type=product&#038;p=28527"},"modified":"2024-05-04T06:09:36","modified_gmt":"2024-05-04T06:09:36","slug":"acheter-green-elephant-kratom","status":"publish","type":"product","link":"https:\/\/chemsxpress.com\/fr\/produit\/acheter-green-elephant-kratom\/","title":{"rendered":"\u00c9l\u00e9phant vert"},"content":{"rendered":"<h1>Acheter Green Elephant Kratom.<\/h1>\n<p>Achetez Green Elephant Kratom, d\u00e9couvrez l'excellence de Green Elephant Kratom, provenant directement des for\u00eats luxuriantes d'Asie du Sud-Est. Chez ChemsXpress, nous nous engageons \u00e0 vous fournir des vari\u00e9t\u00e9s de kratom de premi\u00e8re qualit\u00e9 pour am\u00e9liorer votre bien-\u00eatre.<\/p>\n<p><strong>Pourquoi choisir ChemsXpress ?<\/strong><\/p>\n<ul>\n<li><strong>Qualit\u00e9 sup\u00e9rieure :<\/strong> Notre Green Elephant Kratom provient de cultivateurs de confiance et est soumis \u00e0 des tests rigoureux pour garantir sa puret\u00e9 et sa puissance. Vous pouvez \u00eatre s\u00fbr de recevoir le meilleur produit.<\/li>\n<li><strong>Exp\u00e9dition rapide :<\/strong> Nous donnons la priorit\u00e9 \u00e0 une livraison rapide. Votre commande de Green Elephant Kratom sera trait\u00e9e et exp\u00e9di\u00e9e rapidement, assurant une arriv\u00e9e \u00e0 temps \u00e0 votre porte.<\/li>\n<li><strong>Un service \u00e0 la client\u00e8le exceptionnel :<\/strong> Vous avez des questions ou besoin d'aide ? Notre \u00e9quipe de service \u00e0 la client\u00e8le, amicale et comp\u00e9tente, est l\u00e0 pour vous aider et vous apporter le soutien dont vous avez besoin pour une exp\u00e9rience d'achat sans faille.<\/li>\n<\/ul>\n<p><strong>Faites l'exp\u00e9rience de la diff\u00e9rence : Commandez Green Elephant Kratom aujourd'hui<\/strong><\/p>\n<p>Laissez-vous tenter par les effets revitalisants et \u00e9nergisants de Green Elephant Kratom de ChemsXpress. Que vous recherchiez de l'\u00e9nergie naturelle, de la concentration ou de la relaxation, notre Kratom d'\u00e9l\u00e9phant vert est s\u00fbr de d\u00e9passer vos attentes.<\/p>\n<p><strong>Rejoindre notre communaut\u00e9<\/strong><\/p>\n<p>Restez inform\u00e9 des derni\u00e8res nouvelles sur le kratom, des promotions et plus encore en vous inscrivant \u00e0 notre newsletter. Rejoignez notre communaut\u00e9 d'amateurs de kratom et soyez les premiers \u00e0 conna\u00eetre les nouveaux produits et les offres exclusives.<\/p>\n<p><strong>Choisissez la qualit\u00e9, choisissez ChemsXpress<\/strong><\/p>\n<p>Merci d'avoir choisi <a href=\"https:\/\/chemsxpress.com\/fr\/\">ChemsXpress<\/a> comme votre source de confiance pour Green Elephant Kratom. Gr\u00e2ce \u00e0 notre engagement envers la qualit\u00e9 et la satisfaction du client, vous pouvez acheter en toute confiance en sachant que vous obtiendrez la meilleure exp\u00e9rience possible en mati\u00e8re de kratom.<\/p>","protected":false},"excerpt":{"rendered":"<p><strong>Forme : <\/strong>poudre<\/p>\n<p><strong>Analyse RMN : <\/strong>N\/A<\/p>","protected":false},"featured_media":28616,"comment_status":"open","ping_status":"closed","template":"","meta":[],"product_brand":[],"product_cat":[81],"product_tag":[],"class_list":{"0":"post-28527","1":"product","2":"type-product","3":"status-publish","4":"has-post-thumbnail","6":"product_cat-kratom","8":"first","9":"instock","10":"shipping-taxable","11":"purchasable","12":"product-type-variable"},"yoast_head":"<!-- This site is optimized with the Yoast SEO Premium plugin v24.1 (Yoast SEO v27.4) - https:\/\/yoast.com\/product\/yoast-seo-premium-wordpress\/ -->\n<title>Buy Green Elephant Kratom : Premium Strains | ChemsXpress<\/title>\n<meta name=\"description\" content=\"Buy Green Elephant Kratom at ChemsXpress. Premium quality strains, fast shipping. Trust our quality assurance for all your kratom needs. Order now\" \/>\n<meta name=\"robots\" content=\"index, follow, max-snippet:-1, max-image-preview:large, max-video-preview:-1\" \/>\n<link rel=\"canonical\" href=\"https:\/\/chemsxpress.com\/fr\/produit\/acheter-green-elephant-kratom\/\" \/>\n<meta property=\"og:locale\" content=\"fr_FR\" \/>\n<meta property=\"og:type\" content=\"article\" \/>\n<meta property=\"og:title\" content=\"Green Elephant\" \/>\n<meta property=\"og:description\" content=\"Buy Green Elephant Kratom at ChemsXpress. Premium quality strains, fast shipping. Trust our quality assurance for all your kratom needs. Order now\" \/>\n<meta property=\"og:url\" content=\"https:\/\/chemsxpress.com\/fr\/produit\/acheter-green-elephant-kratom\/\" \/>\n<meta property=\"og:site_name\" content=\"SHOP MDPHP\" \/>\n<meta property=\"article:modified_time\" content=\"2024-05-04T06:09:36+00:00\" \/>\n<meta property=\"og:image\" content=\"https:\/\/chemsxpress.com\/wp-content\/uploads\/2024\/04\/Green-Elephant.jpg\" \/>\n\t<meta property=\"og:image:width\" content=\"600\" \/>\n\t<meta property=\"og:image:height\" content=\"600\" \/>\n\t<meta property=\"og:image:type\" content=\"image\/jpeg\" \/>\n<meta name=\"twitter:card\" content=\"summary_large_image\" \/>\n<meta name=\"twitter:label1\" content=\"Dur\u00e9e de lecture estim\u00e9e\" \/>\n\t<meta name=\"twitter:data1\" content=\"2 minutes\" \/>\n<script type=\"application\/ld+json\" class=\"yoast-schema-graph\">{\"@context\":\"https:\\\/\\\/schema.org\",\"@graph\":[{\"@type\":\"WebPage\",\"@id\":\"https:\\\/\\\/chemsxpress.com\\\/product\\\/buy-green-elephant-kratom\\\/\",\"url\":\"https:\\\/\\\/chemsxpress.com\\\/product\\\/buy-green-elephant-kratom\\\/\",\"name\":\"Buy Green Elephant Kratom : Premium Strains | ChemsXpress\",\"isPartOf\":{\"@id\":\"https:\\\/\\\/chemsxpress.com\\\/#website\"},\"primaryImageOfPage\":{\"@id\":\"https:\\\/\\\/chemsxpress.com\\\/product\\\/buy-green-elephant-kratom\\\/#primaryimage\"},\"image\":{\"@id\":\"https:\\\/\\\/chemsxpress.com\\\/product\\\/buy-green-elephant-kratom\\\/#primaryimage\"},\"thumbnailUrl\":\"https:\\\/\\\/chemsxpress.com\\\/wp-content\\\/uploads\\\/2024\\\/04\\\/Green-Elephant.jpg\",\"datePublished\":\"2024-04-29T13:16:53+00:00\",\"dateModified\":\"2024-05-04T06:09:36+00:00\",\"description\":\"Buy Green Elephant Kratom at ChemsXpress. Premium quality strains, fast shipping. Trust our quality assurance for all your kratom needs. Order now\",\"breadcrumb\":{\"@id\":\"https:\\\/\\\/chemsxpress.com\\\/product\\\/buy-green-elephant-kratom\\\/#breadcrumb\"},\"inLanguage\":\"fr-FR\",\"potentialAction\":[{\"@type\":\"ReadAction\",\"target\":[\"https:\\\/\\\/chemsxpress.com\\\/product\\\/buy-green-elephant-kratom\\\/\"]}]},{\"@type\":\"ImageObject\",\"inLanguage\":\"fr-FR\",\"@id\":\"https:\\\/\\\/chemsxpress.com\\\/product\\\/buy-green-elephant-kratom\\\/#primaryimage\",\"url\":\"https:\\\/\\\/chemsxpress.com\\\/wp-content\\\/uploads\\\/2024\\\/04\\\/Green-Elephant.jpg\",\"contentUrl\":\"https:\\\/\\\/chemsxpress.com\\\/wp-content\\\/uploads\\\/2024\\\/04\\\/Green-Elephant.jpg\",\"width\":600,\"height\":600,\"caption\":\"Buy Green Elephant Kratom\"},{\"@type\":\"BreadcrumbList\",\"@id\":\"https:\\\/\\\/chemsxpress.com\\\/product\\\/buy-green-elephant-kratom\\\/#breadcrumb\",\"itemListElement\":[{\"@type\":\"ListItem\",\"position\":1,\"name\":\"Home\",\"item\":\"https:\\\/\\\/chemsxpress.com\\\/\"},{\"@type\":\"ListItem\",\"position\":2,\"name\":\"Shop\",\"item\":\"https:\\\/\\\/chemsxpress.com\\\/shop\\\/\"},{\"@type\":\"ListItem\",\"position\":3,\"name\":\"Green Elephant\"}]},{\"@type\":\"WebSite\",\"@id\":\"https:\\\/\\\/chemsxpress.com\\\/#website\",\"url\":\"https:\\\/\\\/chemsxpress.com\\\/\",\"name\":\"SHOP MDPHP\",\"description\":\"Buy MDPHP freebase from reliable supplier\",\"potentialAction\":[{\"@type\":\"SearchAction\",\"target\":{\"@type\":\"EntryPoint\",\"urlTemplate\":\"https:\\\/\\\/chemsxpress.com\\\/?s={search_term_string}\"},\"query-input\":{\"@type\":\"PropertyValueSpecification\",\"valueRequired\":true,\"valueName\":\"search_term_string\"}}],\"inLanguage\":\"fr-FR\"}]}<\/script>\n<!-- \/ Yoast SEO Premium plugin. -->","yoast_head_json":{"title":"Acheter Green Elephant Kratom : Vari\u00e9t\u00e9s Premium | ChemsXpress","description":"D\u00e9couvrez Green Indo Kratom chez ChemsXpress. Des souches de qualit\u00e9 sup\u00e9rieure, une livraison rapide. Faites confiance \u00e0 notre assurance qualit\u00e9 pour tous vos besoins en kratom. Commandez maintenant","robots":{"index":"index","follow":"follow","max-snippet":"max-snippet:-1","max-image-preview":"max-image-preview:large","max-video-preview":"max-video-preview:-1"},"canonical":"https:\/\/chemsxpress.com\/fr\/produit\/acheter-green-elephant-kratom\/","og_locale":"fr_FR","og_type":"article","og_title":"Green Elephant","og_description":"Buy Green Elephant Kratom at ChemsXpress. Premium quality strains, fast shipping. Trust our quality assurance for all your kratom needs. Order now","og_url":"https:\/\/chemsxpress.com\/fr\/produit\/acheter-green-elephant-kratom\/","og_site_name":"SHOP MDPHP","article_modified_time":"2024-05-04T06:09:36+00:00","og_image":[{"width":600,"height":600,"url":"https:\/\/chemsxpress.com\/wp-content\/uploads\/2024\/04\/Green-Elephant.jpg","type":"image\/jpeg"}],"twitter_card":"summary_large_image","twitter_misc":{"Dur\u00e9e de lecture estim\u00e9e":"2 minutes"},"schema":{"@context":"https:\/\/schema.org","@graph":[{"@type":"WebPage","@id":"https:\/\/chemsxpress.com\/product\/buy-green-elephant-kratom\/","url":"https:\/\/chemsxpress.com\/product\/buy-green-elephant-kratom\/","name":"Acheter Green Elephant Kratom : Vari\u00e9t\u00e9s Premium | ChemsXpress","isPartOf":{"@id":"https:\/\/chemsxpress.com\/#website"},"primaryImageOfPage":{"@id":"https:\/\/chemsxpress.com\/product\/buy-green-elephant-kratom\/#primaryimage"},"image":{"@id":"https:\/\/chemsxpress.com\/product\/buy-green-elephant-kratom\/#primaryimage"},"thumbnailUrl":"https:\/\/chemsxpress.com\/wp-content\/uploads\/2024\/04\/Green-Elephant.jpg","datePublished":"2024-04-29T13:16:53+00:00","dateModified":"2024-05-04T06:09:36+00:00","description":"D\u00e9couvrez Green Indo Kratom chez ChemsXpress. Des souches de qualit\u00e9 sup\u00e9rieure, une livraison rapide. Faites confiance \u00e0 notre assurance qualit\u00e9 pour tous vos besoins en kratom. Commandez maintenant","breadcrumb":{"@id":"https:\/\/chemsxpress.com\/product\/buy-green-elephant-kratom\/#breadcrumb"},"inLanguage":"fr-FR","potentialAction":[{"@type":"ReadAction","target":["https:\/\/chemsxpress.com\/product\/buy-green-elephant-kratom\/"]}]},{"@type":"ImageObject","inLanguage":"fr-FR","@id":"https:\/\/chemsxpress.com\/product\/buy-green-elephant-kratom\/#primaryimage","url":"https:\/\/chemsxpress.com\/wp-content\/uploads\/2024\/04\/Green-Elephant.jpg","contentUrl":"https:\/\/chemsxpress.com\/wp-content\/uploads\/2024\/04\/Green-Elephant.jpg","width":600,"height":600,"caption":"Buy Green Elephant Kratom"},{"@type":"BreadcrumbList","@id":"https:\/\/chemsxpress.com\/product\/buy-green-elephant-kratom\/#breadcrumb","itemListElement":[{"@type":"ListItem","position":1,"name":"Home","item":"https:\/\/chemsxpress.com\/"},{"@type":"ListItem","position":2,"name":"Shop","item":"https:\/\/chemsxpress.com\/shop\/"},{"@type":"ListItem","position":3,"name":"Green Elephant"}]},{"@type":"WebSite","@id":"https:\/\/chemsxpress.com\/#website","url":"https:\/\/chemsxpress.com\/","name":"SHOP MDPHP","description":"Acheter MDPHP freebase aupr\u00e8s d'un fournisseur fiable","potentialAction":[{"@type":"SearchAction","target":{"@type":"EntryPoint","urlTemplate":"https:\/\/chemsxpress.com\/?s={search_term_string}"},"query-input":{"@type":"PropertyValueSpecification","valueRequired":true,"valueName":"search_term_string"}}],"inLanguage":"fr-FR"}]}},"jetpack_sharing_enabled":true,"_links":{"self":[{"href":"https:\/\/chemsxpress.com\/fr\/wp-json\/wp\/v2\/product\/28527","targetHints":{"allow":["GET"]}}],"collection":[{"href":"https:\/\/chemsxpress.com\/fr\/wp-json\/wp\/v2\/product"}],"about":[{"href":"https:\/\/chemsxpress.com\/fr\/wp-json\/wp\/v2\/types\/product"}],"replies":[{"embeddable":true,"href":"https:\/\/chemsxpress.com\/fr\/wp-json\/wp\/v2\/comments?post=28527"}],"version-history":[{"count":3,"href":"https:\/\/chemsxpress.com\/fr\/wp-json\/wp\/v2\/product\/28527\/revisions"}],"predecessor-version":[{"id":29743,"href":"https:\/\/chemsxpress.com\/fr\/wp-json\/wp\/v2\/product\/28527\/revisions\/29743"}],"wp:featuredmedia":[{"embeddable":true,"href":"https:\/\/chemsxpress.com\/fr\/wp-json\/wp\/v2\/media\/28616"}],"wp:attachment":[{"href":"https:\/\/chemsxpress.com\/fr\/wp-json\/wp\/v2\/media?parent=28527"}],"wp:term":[{"taxonomy":"product_brand","embeddable":true,"href":"https:\/\/chemsxpress.com\/fr\/wp-json\/wp\/v2\/product_brand?post=28527"},{"taxonomy":"product_cat","embeddable":true,"href":"https:\/\/chemsxpress.com\/fr\/wp-json\/wp\/v2\/product_cat?post=28527"},{"taxonomy":"product_tag","embeddable":true,"href":"https:\/\/chemsxpress.com\/fr\/wp-json\/wp\/v2\/product_tag?post=28527"}],"curies":[{"name":"wp","href":"https:\/\/api.w.org\/{rel}","templated":true}]}}