{"id":28559,"date":"2024-04-29T13:17:16","date_gmt":"2024-04-29T13:17:16","guid":{"rendered":"https:\/\/chemsxpress.com\/?post_type=product&#038;p=28559"},"modified":"2024-05-04T05:40:08","modified_gmt":"2024-05-04T05:40:08","slug":"acheter-kratom-vert-kapuas","status":"publish","type":"product","link":"https:\/\/chemsxpress.com\/fr\/produit\/acheter-kratom-vert-kapuas\/","title":{"rendered":"Kapuas vertes"},"content":{"rendered":"<h1>Acheter des Kapuas verts en ligne.<\/h1>\n<p>Achetez Green Kapuas en ligne, d\u00e9couvrez les propri\u00e9t\u00e9s uniques et revigorantes du kratom Green Kapuas, provenant directement des for\u00eats luxuriantes de la r\u00e9gion de Kapuas Hulu en Indon\u00e9sie. Chez ChemsXpress, nous nous engageons \u00e0 vous fournir des vari\u00e9t\u00e9s de kratom de premi\u00e8re qualit\u00e9 pour am\u00e9liorer votre bien-\u00eatre.<\/p>\n<p><strong>Pourquoi choisir ChemsXpress ?<\/strong><\/p>\n<ul>\n<li><strong>Qualit\u00e9 sup\u00e9rieure :<\/strong> Notre kratom vert Kapuas est soigneusement s\u00e9lectionn\u00e9 aupr\u00e8s de cultivateurs de confiance et fait l'objet de tests rigoureux pour en garantir la puret\u00e9 et la puissance, ce qui vous assure de recevoir un produit de la plus haute qualit\u00e9.<\/li>\n<li><strong>Exp\u00e9dition rapide :<\/strong> Nous donnons la priorit\u00e9 \u00e0 une livraison rapide. Gr\u00e2ce \u00e0 notre processus d'exp\u00e9dition efficace, votre commande sera rapidement exp\u00e9di\u00e9e \u00e0 votre porte, vous assurant de recevoir votre Green Kapuas Kratom dans les meilleurs d\u00e9lais.<\/li>\n<li><strong>Un service \u00e0 la client\u00e8le exceptionnel :<\/strong> Vous avez des questions ou besoin d'aide ? Notre \u00e9quipe de service \u00e0 la client\u00e8le, amicale et comp\u00e9tente, est l\u00e0 pour vous aider et veiller \u00e0 ce que votre exp\u00e9rience d'achat soit transparente et agr\u00e9able.<\/li>\n<\/ul>\n<p><strong>Faites l'exp\u00e9rience de la diff\u00e9rence : Commander Green Kapuas Kratom aujourd'hui<\/strong><\/p>\n<p>Laissez-vous tenter par les effets apaisants et stimulants du Kapuas Kratom Vert de ChemsXpress. Que vous recherchiez la relaxation, la concentration ou un regain d'\u00e9nergie, notre Green Kapuas Kratom est s\u00fbr d'\u00e9lever votre exp\u00e9rience.<\/p>\n<p><strong>Rejoindre notre communaut\u00e9<\/strong><\/p>\n<p>Restez inform\u00e9 des derni\u00e8res nouvelles sur le kratom, des promotions et plus encore en vous inscrivant \u00e0 notre newsletter. Rejoignez notre communaut\u00e9 d'amateurs de kratom et soyez les premiers \u00e0 conna\u00eetre les nouveaux produits et les offres exclusives.<\/p>\n<p><strong>Choisissez la qualit\u00e9, choisissez ChemsXpress<\/strong><\/p>\n<p>Merci d'avoir choisi <a href=\"https:\/\/chemsxpress.com\/fr\/\">ChemsXpress<\/a> comme votre source de confiance pour Green Kapuas Kratom. Nous nous engageons \u00e0 vous fournir des produits de qualit\u00e9 sup\u00e9rieure et un service exceptionnel, afin que vous puissiez profiter des avantages du kratom en toute confiance.<\/p>","protected":false},"excerpt":{"rendered":"<p><strong>Forme : <\/strong>poudre<\/p>\n<p><strong>Analyse RMN : <\/strong>N\/A<\/p>","protected":false},"featured_media":28643,"comment_status":"open","ping_status":"closed","template":"","meta":[],"product_brand":[],"product_cat":[81],"product_tag":[],"class_list":{"0":"post-28559","1":"product","2":"type-product","3":"status-publish","4":"has-post-thumbnail","6":"product_cat-kratom","8":"first","9":"instock","10":"shipping-taxable","11":"purchasable","12":"product-type-variable"},"yoast_head":"<!-- This site is optimized with the Yoast SEO Premium plugin v24.1 (Yoast SEO v27.4) - https:\/\/yoast.com\/product\/yoast-seo-premium-wordpress\/ -->\n<title>Buy Green Kapuas Online: Premium Strains | ChemsXpress<\/title>\n<meta name=\"description\" content=\"Buy Green Kapuas Kratom at ChemsXpress. Premium quality strains, fast shipping. Trust our quality assurance for all your kratom needs. Order now.\" \/>\n<meta name=\"robots\" content=\"index, follow, max-snippet:-1, max-image-preview:large, max-video-preview:-1\" \/>\n<link rel=\"canonical\" href=\"https:\/\/chemsxpress.com\/fr\/produit\/acheter-kratom-vert-kapuas\/\" \/>\n<meta property=\"og:locale\" content=\"fr_FR\" \/>\n<meta property=\"og:type\" content=\"article\" \/>\n<meta property=\"og:title\" content=\"Green Kapuas\" \/>\n<meta property=\"og:description\" content=\"Buy Green Kapuas Kratom at ChemsXpress. Premium quality strains, fast shipping. Trust our quality assurance for all your kratom needs. Order now.\" \/>\n<meta property=\"og:url\" content=\"https:\/\/chemsxpress.com\/fr\/produit\/acheter-kratom-vert-kapuas\/\" \/>\n<meta property=\"og:site_name\" content=\"SHOP MDPHP\" \/>\n<meta property=\"article:modified_time\" content=\"2024-05-04T05:40:08+00:00\" \/>\n<meta property=\"og:image\" content=\"https:\/\/chemsxpress.com\/wp-content\/uploads\/2024\/04\/Green-Kapuas.jpg\" \/>\n\t<meta property=\"og:image:width\" content=\"600\" \/>\n\t<meta property=\"og:image:height\" content=\"600\" \/>\n\t<meta property=\"og:image:type\" content=\"image\/jpeg\" \/>\n<meta name=\"twitter:card\" content=\"summary_large_image\" \/>\n<meta name=\"twitter:label1\" content=\"Dur\u00e9e de lecture estim\u00e9e\" \/>\n\t<meta name=\"twitter:data1\" content=\"2 minutes\" \/>\n<script type=\"application\/ld+json\" class=\"yoast-schema-graph\">{\"@context\":\"https:\\\/\\\/schema.org\",\"@graph\":[{\"@type\":\"WebPage\",\"@id\":\"https:\\\/\\\/chemsxpress.com\\\/product\\\/buy-green-kapuas-kratom\\\/\",\"url\":\"https:\\\/\\\/chemsxpress.com\\\/product\\\/buy-green-kapuas-kratom\\\/\",\"name\":\"Buy Green Kapuas Online: Premium Strains | ChemsXpress\",\"isPartOf\":{\"@id\":\"https:\\\/\\\/chemsxpress.com\\\/#website\"},\"primaryImageOfPage\":{\"@id\":\"https:\\\/\\\/chemsxpress.com\\\/product\\\/buy-green-kapuas-kratom\\\/#primaryimage\"},\"image\":{\"@id\":\"https:\\\/\\\/chemsxpress.com\\\/product\\\/buy-green-kapuas-kratom\\\/#primaryimage\"},\"thumbnailUrl\":\"https:\\\/\\\/chemsxpress.com\\\/wp-content\\\/uploads\\\/2024\\\/04\\\/Green-Kapuas.jpg\",\"datePublished\":\"2024-04-29T13:17:16+00:00\",\"dateModified\":\"2024-05-04T05:40:08+00:00\",\"description\":\"Buy Green Kapuas Kratom at ChemsXpress. Premium quality strains, fast shipping. Trust our quality assurance for all your kratom needs. Order now.\",\"breadcrumb\":{\"@id\":\"https:\\\/\\\/chemsxpress.com\\\/product\\\/buy-green-kapuas-kratom\\\/#breadcrumb\"},\"inLanguage\":\"fr-FR\",\"potentialAction\":[{\"@type\":\"ReadAction\",\"target\":[\"https:\\\/\\\/chemsxpress.com\\\/product\\\/buy-green-kapuas-kratom\\\/\"]}]},{\"@type\":\"ImageObject\",\"inLanguage\":\"fr-FR\",\"@id\":\"https:\\\/\\\/chemsxpress.com\\\/product\\\/buy-green-kapuas-kratom\\\/#primaryimage\",\"url\":\"https:\\\/\\\/chemsxpress.com\\\/wp-content\\\/uploads\\\/2024\\\/04\\\/Green-Kapuas.jpg\",\"contentUrl\":\"https:\\\/\\\/chemsxpress.com\\\/wp-content\\\/uploads\\\/2024\\\/04\\\/Green-Kapuas.jpg\",\"width\":600,\"height\":600,\"caption\":\"Buy Green Kapuas Online\"},{\"@type\":\"BreadcrumbList\",\"@id\":\"https:\\\/\\\/chemsxpress.com\\\/product\\\/buy-green-kapuas-kratom\\\/#breadcrumb\",\"itemListElement\":[{\"@type\":\"ListItem\",\"position\":1,\"name\":\"Home\",\"item\":\"https:\\\/\\\/chemsxpress.com\\\/\"},{\"@type\":\"ListItem\",\"position\":2,\"name\":\"Shop\",\"item\":\"https:\\\/\\\/chemsxpress.com\\\/shop\\\/\"},{\"@type\":\"ListItem\",\"position\":3,\"name\":\"Green Kapuas\"}]},{\"@type\":\"WebSite\",\"@id\":\"https:\\\/\\\/chemsxpress.com\\\/#website\",\"url\":\"https:\\\/\\\/chemsxpress.com\\\/\",\"name\":\"SHOP MDPHP\",\"description\":\"Buy MDPHP freebase from reliable supplier\",\"potentialAction\":[{\"@type\":\"SearchAction\",\"target\":{\"@type\":\"EntryPoint\",\"urlTemplate\":\"https:\\\/\\\/chemsxpress.com\\\/?s={search_term_string}\"},\"query-input\":{\"@type\":\"PropertyValueSpecification\",\"valueRequired\":true,\"valueName\":\"search_term_string\"}}],\"inLanguage\":\"fr-FR\"}]}<\/script>\n<!-- \/ Yoast SEO Premium plugin. -->","yoast_head_json":{"title":"Acheter Green Indo Kratom : Premium Quality Strains | ChemsXpress","description":"D\u00e9couvrez Green Indo Kratom chez ChemsXpress. Des souches de qualit\u00e9 sup\u00e9rieure, une livraison rapide. Faites confiance \u00e0 notre assurance qualit\u00e9 pour tous vos besoins en kratom. Commandez maintenant","robots":{"index":"index","follow":"follow","max-snippet":"max-snippet:-1","max-image-preview":"max-image-preview:large","max-video-preview":"max-video-preview:-1"},"canonical":"https:\/\/chemsxpress.com\/fr\/produit\/acheter-kratom-vert-kapuas\/","og_locale":"fr_FR","og_type":"article","og_title":"Green Kapuas","og_description":"Buy Green Kapuas Kratom at ChemsXpress. Premium quality strains, fast shipping. Trust our quality assurance for all your kratom needs. Order now.","og_url":"https:\/\/chemsxpress.com\/fr\/produit\/acheter-kratom-vert-kapuas\/","og_site_name":"SHOP MDPHP","article_modified_time":"2024-05-04T05:40:08+00:00","og_image":[{"width":600,"height":600,"url":"https:\/\/chemsxpress.com\/wp-content\/uploads\/2024\/04\/Green-Kapuas.jpg","type":"image\/jpeg"}],"twitter_card":"summary_large_image","twitter_misc":{"Dur\u00e9e de lecture estim\u00e9e":"2 minutes"},"schema":{"@context":"https:\/\/schema.org","@graph":[{"@type":"WebPage","@id":"https:\/\/chemsxpress.com\/product\/buy-green-kapuas-kratom\/","url":"https:\/\/chemsxpress.com\/product\/buy-green-kapuas-kratom\/","name":"Acheter Green Indo Kratom : Premium Quality Strains | ChemsXpress","isPartOf":{"@id":"https:\/\/chemsxpress.com\/#website"},"primaryImageOfPage":{"@id":"https:\/\/chemsxpress.com\/product\/buy-green-kapuas-kratom\/#primaryimage"},"image":{"@id":"https:\/\/chemsxpress.com\/product\/buy-green-kapuas-kratom\/#primaryimage"},"thumbnailUrl":"https:\/\/chemsxpress.com\/wp-content\/uploads\/2024\/04\/Green-Kapuas.jpg","datePublished":"2024-04-29T13:17:16+00:00","dateModified":"2024-05-04T05:40:08+00:00","description":"D\u00e9couvrez Green Indo Kratom chez ChemsXpress. Des souches de qualit\u00e9 sup\u00e9rieure, une livraison rapide. Faites confiance \u00e0 notre assurance qualit\u00e9 pour tous vos besoins en kratom. Commandez maintenant","breadcrumb":{"@id":"https:\/\/chemsxpress.com\/product\/buy-green-kapuas-kratom\/#breadcrumb"},"inLanguage":"fr-FR","potentialAction":[{"@type":"ReadAction","target":["https:\/\/chemsxpress.com\/product\/buy-green-kapuas-kratom\/"]}]},{"@type":"ImageObject","inLanguage":"fr-FR","@id":"https:\/\/chemsxpress.com\/product\/buy-green-kapuas-kratom\/#primaryimage","url":"https:\/\/chemsxpress.com\/wp-content\/uploads\/2024\/04\/Green-Kapuas.jpg","contentUrl":"https:\/\/chemsxpress.com\/wp-content\/uploads\/2024\/04\/Green-Kapuas.jpg","width":600,"height":600,"caption":"Buy Green Kapuas Online"},{"@type":"BreadcrumbList","@id":"https:\/\/chemsxpress.com\/product\/buy-green-kapuas-kratom\/#breadcrumb","itemListElement":[{"@type":"ListItem","position":1,"name":"Home","item":"https:\/\/chemsxpress.com\/"},{"@type":"ListItem","position":2,"name":"Shop","item":"https:\/\/chemsxpress.com\/shop\/"},{"@type":"ListItem","position":3,"name":"Green Kapuas"}]},{"@type":"WebSite","@id":"https:\/\/chemsxpress.com\/#website","url":"https:\/\/chemsxpress.com\/","name":"SHOP MDPHP","description":"Acheter MDPHP freebase aupr\u00e8s d'un fournisseur fiable","potentialAction":[{"@type":"SearchAction","target":{"@type":"EntryPoint","urlTemplate":"https:\/\/chemsxpress.com\/?s={search_term_string}"},"query-input":{"@type":"PropertyValueSpecification","valueRequired":true,"valueName":"search_term_string"}}],"inLanguage":"fr-FR"}]}},"jetpack_sharing_enabled":true,"_links":{"self":[{"href":"https:\/\/chemsxpress.com\/fr\/wp-json\/wp\/v2\/product\/28559","targetHints":{"allow":["GET"]}}],"collection":[{"href":"https:\/\/chemsxpress.com\/fr\/wp-json\/wp\/v2\/product"}],"about":[{"href":"https:\/\/chemsxpress.com\/fr\/wp-json\/wp\/v2\/types\/product"}],"replies":[{"embeddable":true,"href":"https:\/\/chemsxpress.com\/fr\/wp-json\/wp\/v2\/comments?post=28559"}],"version-history":[{"count":3,"href":"https:\/\/chemsxpress.com\/fr\/wp-json\/wp\/v2\/product\/28559\/revisions"}],"predecessor-version":[{"id":29730,"href":"https:\/\/chemsxpress.com\/fr\/wp-json\/wp\/v2\/product\/28559\/revisions\/29730"}],"wp:featuredmedia":[{"embeddable":true,"href":"https:\/\/chemsxpress.com\/fr\/wp-json\/wp\/v2\/media\/28643"}],"wp:attachment":[{"href":"https:\/\/chemsxpress.com\/fr\/wp-json\/wp\/v2\/media?parent=28559"}],"wp:term":[{"taxonomy":"product_brand","embeddable":true,"href":"https:\/\/chemsxpress.com\/fr\/wp-json\/wp\/v2\/product_brand?post=28559"},{"taxonomy":"product_cat","embeddable":true,"href":"https:\/\/chemsxpress.com\/fr\/wp-json\/wp\/v2\/product_cat?post=28559"},{"taxonomy":"product_tag","embeddable":true,"href":"https:\/\/chemsxpress.com\/fr\/wp-json\/wp\/v2\/product_tag?post=28559"}],"curies":[{"name":"wp","href":"https:\/\/api.w.org\/{rel}","templated":true}]}}