{"id":28561,"date":"2024-04-29T13:17:16","date_gmt":"2024-04-29T13:17:16","guid":{"rendered":"https:\/\/chemsxpress.com\/?post_type=product&#038;p=28561"},"modified":"2025-05-24T11:25:55","modified_gmt":"2025-05-24T11:25:55","slug":"acheter-kratom-vert-vietnamien","status":"publish","type":"product","link":"https:\/\/chemsxpress.com\/fr\/produit\/acheter-kratom-vert-vietnamien\/","title":{"rendered":"Le Vietnam vert"},"content":{"rendered":"<h1>Acheter Green Vietnam Kratom<\/h1>\n<p>Achetez du Kratom vert du Vietnam, D\u00e9couvrez les effets uniques et puissants du Kratom vert du Vietnam chez ChemsXpress. Provenant des for\u00eats luxuriantes du Vietnam, notre Kratom vert du Vietnam offre un m\u00e9lange harmonieux d'alcalo\u00efdes qui peuvent fournir une exp\u00e9rience stimulante et euphorique.<\/p>\n<p><strong>Pourquoi choisir ChemsXpress ?<\/strong><\/p>\n<ul>\n<li><strong>Qualit\u00e9 sup\u00e9rieure :<\/strong> Nous accordons la priorit\u00e9 \u00e0 la qualit\u00e9, en veillant \u00e0 ce que notre kratom vert du Vietnam provienne de cultivateurs r\u00e9put\u00e9s et subisse des tests rigoureux pour r\u00e9pondre \u00e0 nos normes \u00e9lev\u00e9es.<\/li>\n<li><strong>Exp\u00e9dition rapide :<\/strong> Gr\u00e2ce \u00e0 notre processus d'exp\u00e9dition efficace, votre commande sera rapidement exp\u00e9di\u00e9e, afin que vous puissiez profiter des avantages de Green Vietnam Kratom le plus rapidement possible.<\/li>\n<li><strong>Un service \u00e0 la client\u00e8le exceptionnel :<\/strong> Notre \u00e9quipe de service \u00e0 la client\u00e8le, amicale et comp\u00e9tente, est \u00e0 votre disposition pour r\u00e9pondre \u00e0 toutes vos questions.<\/li>\n<\/ul>\n<p><strong>Faites l'exp\u00e9rience de la diff\u00e9rence : Commandez Green Vietnam Kratom aujourd'hui<\/strong><\/p>\n<p>Am\u00e9liorez votre exp\u00e9rience du kratom avec Green Vietnam Kratom de ChemsXpress. Explorez ses effets uniques et d\u00e9couvrez pourquoi il est le pr\u00e9f\u00e9r\u00e9 des amateurs de kratom. Commandez maintenant et d\u00e9couvrez la qualit\u00e9 et la fiabilit\u00e9 de ChemsXpress.<\/p>\n<p><strong>Rejoindre notre communaut\u00e9<\/strong><\/p>\n<p>Restez inform\u00e9 des derni\u00e8res nouvelles sur le kratom, des promotions et plus encore en vous inscrivant \u00e0 notre newsletter. Rejoignez notre communaut\u00e9 d'amateurs de kratom et soyez les premiers \u00e0 conna\u00eetre les nouveaux produits et les offres exclusives.<\/p>\n<p><strong>Choisissez la qualit\u00e9, choisissez ChemsXpress<\/strong><\/p>\n<p>Merci d'avoir choisi <a href=\"https:\/\/chemsxpress.com\/fr\/\">ChemsXpress<\/a> comme votre source de confiance pour Green Vietnam Kratom. Nous nous engageons \u00e0 vous fournir des produits de la plus haute qualit\u00e9 et un service exceptionnel, afin que vous puissiez profiter des avantages du kratom en toute confiance.<\/p>","protected":false},"excerpt":{"rendered":"<p><strong>Forme : <\/strong>poudre<\/p>\n<p><strong>Analyse RMN : <\/strong>N\/A<\/p>","protected":false},"featured_media":28647,"comment_status":"open","ping_status":"closed","template":"","meta":[],"product_brand":[],"product_cat":[81],"product_tag":[],"class_list":{"0":"post-28561","1":"product","2":"type-product","3":"status-publish","4":"has-post-thumbnail","6":"product_cat-kratom","8":"first","9":"instock","10":"shipping-taxable","11":"purchasable","12":"product-type-variable"},"yoast_head":"<!-- This site is optimized with the Yoast SEO Premium plugin v24.1 (Yoast SEO v27.4) - https:\/\/yoast.com\/product\/yoast-seo-premium-wordpress\/ -->\n<title>Buy Green Vietnam Kratom Online: Quality Strains | ChemsXpress<\/title>\n<meta name=\"description\" content=\"Buy Green Vietnam Kratom at ChemsXpress. Premium quality strains, fast shipping. Trust our quality assurance for all your kratom needs. Order now\" \/>\n<meta name=\"robots\" content=\"index, follow, max-snippet:-1, max-image-preview:large, max-video-preview:-1\" \/>\n<link rel=\"canonical\" href=\"https:\/\/chemsxpress.com\/fr\/produit\/acheter-kratom-vert-vietnamien\/\" \/>\n<meta property=\"og:locale\" content=\"fr_FR\" \/>\n<meta property=\"og:type\" content=\"article\" \/>\n<meta property=\"og:title\" content=\"Green Vietnam\" \/>\n<meta property=\"og:description\" content=\"Buy Green Vietnam Kratom at ChemsXpress. Premium quality strains, fast shipping. Trust our quality assurance for all your kratom needs. Order now\" \/>\n<meta property=\"og:url\" content=\"https:\/\/chemsxpress.com\/fr\/produit\/acheter-kratom-vert-vietnamien\/\" \/>\n<meta property=\"og:site_name\" content=\"SHOP MDPHP\" \/>\n<meta property=\"article:modified_time\" content=\"2025-05-24T11:25:55+00:00\" \/>\n<meta property=\"og:image\" content=\"https:\/\/chemsxpress.com\/wp-content\/uploads\/2024\/04\/Green-Vietnam.jpg\" \/>\n\t<meta property=\"og:image:width\" content=\"600\" \/>\n\t<meta property=\"og:image:height\" content=\"600\" \/>\n\t<meta property=\"og:image:type\" content=\"image\/jpeg\" \/>\n<meta name=\"twitter:card\" content=\"summary_large_image\" \/>\n<meta name=\"twitter:label1\" content=\"Dur\u00e9e de lecture estim\u00e9e\" \/>\n\t<meta name=\"twitter:data1\" content=\"2 minutes\" \/>\n<script type=\"application\/ld+json\" class=\"yoast-schema-graph\">{\"@context\":\"https:\\\/\\\/schema.org\",\"@graph\":[{\"@type\":\"WebPage\",\"@id\":\"https:\\\/\\\/chemsxpress.com\\\/product\\\/buy-green-vietnam-kratom\\\/\",\"url\":\"https:\\\/\\\/chemsxpress.com\\\/product\\\/buy-green-vietnam-kratom\\\/\",\"name\":\"Buy Green Vietnam Kratom Online: Quality Strains | ChemsXpress\",\"isPartOf\":{\"@id\":\"https:\\\/\\\/chemsxpress.com\\\/#website\"},\"primaryImageOfPage\":{\"@id\":\"https:\\\/\\\/chemsxpress.com\\\/product\\\/buy-green-vietnam-kratom\\\/#primaryimage\"},\"image\":{\"@id\":\"https:\\\/\\\/chemsxpress.com\\\/product\\\/buy-green-vietnam-kratom\\\/#primaryimage\"},\"thumbnailUrl\":\"https:\\\/\\\/chemsxpress.com\\\/wp-content\\\/uploads\\\/2024\\\/04\\\/Green-Vietnam.jpg\",\"datePublished\":\"2024-04-29T13:17:16+00:00\",\"dateModified\":\"2025-05-24T11:25:55+00:00\",\"description\":\"Buy Green Vietnam Kratom at ChemsXpress. Premium quality strains, fast shipping. Trust our quality assurance for all your kratom needs. Order now\",\"breadcrumb\":{\"@id\":\"https:\\\/\\\/chemsxpress.com\\\/product\\\/buy-green-vietnam-kratom\\\/#breadcrumb\"},\"inLanguage\":\"fr-FR\",\"potentialAction\":[{\"@type\":\"ReadAction\",\"target\":[\"https:\\\/\\\/chemsxpress.com\\\/product\\\/buy-green-vietnam-kratom\\\/\"]}]},{\"@type\":\"ImageObject\",\"inLanguage\":\"fr-FR\",\"@id\":\"https:\\\/\\\/chemsxpress.com\\\/product\\\/buy-green-vietnam-kratom\\\/#primaryimage\",\"url\":\"https:\\\/\\\/chemsxpress.com\\\/wp-content\\\/uploads\\\/2024\\\/04\\\/Green-Vietnam.jpg\",\"contentUrl\":\"https:\\\/\\\/chemsxpress.com\\\/wp-content\\\/uploads\\\/2024\\\/04\\\/Green-Vietnam.jpg\",\"width\":600,\"height\":600},{\"@type\":\"BreadcrumbList\",\"@id\":\"https:\\\/\\\/chemsxpress.com\\\/product\\\/buy-green-vietnam-kratom\\\/#breadcrumb\",\"itemListElement\":[{\"@type\":\"ListItem\",\"position\":1,\"name\":\"Home\",\"item\":\"https:\\\/\\\/chemsxpress.com\\\/\"},{\"@type\":\"ListItem\",\"position\":2,\"name\":\"Shop\",\"item\":\"https:\\\/\\\/chemsxpress.com\\\/shop\\\/\"},{\"@type\":\"ListItem\",\"position\":3,\"name\":\"Green Vietnam\"}]},{\"@type\":\"WebSite\",\"@id\":\"https:\\\/\\\/chemsxpress.com\\\/#website\",\"url\":\"https:\\\/\\\/chemsxpress.com\\\/\",\"name\":\"SHOP MDPHP\",\"description\":\"Buy MDPHP freebase from reliable supplier\",\"potentialAction\":[{\"@type\":\"SearchAction\",\"target\":{\"@type\":\"EntryPoint\",\"urlTemplate\":\"https:\\\/\\\/chemsxpress.com\\\/?s={search_term_string}\"},\"query-input\":{\"@type\":\"PropertyValueSpecification\",\"valueRequired\":true,\"valueName\":\"search_term_string\"}}],\"inLanguage\":\"fr-FR\"}]}<\/script>\n<!-- \/ Yoast SEO Premium plugin. -->","yoast_head_json":{"title":"Achetez du Green Vietnam Kratom en ligne : vari\u00e9t\u00e9s de qualit\u00e9 | ChemsXpress","description":"D\u00e9couvrez Green Indo Kratom chez ChemsXpress. Des souches de qualit\u00e9 sup\u00e9rieure, une livraison rapide. Faites confiance \u00e0 notre assurance qualit\u00e9 pour tous vos besoins en kratom. Commandez maintenant","robots":{"index":"index","follow":"follow","max-snippet":"max-snippet:-1","max-image-preview":"max-image-preview:large","max-video-preview":"max-video-preview:-1"},"canonical":"https:\/\/chemsxpress.com\/fr\/produit\/acheter-kratom-vert-vietnamien\/","og_locale":"fr_FR","og_type":"article","og_title":"Green Vietnam","og_description":"Buy Green Vietnam Kratom at ChemsXpress. Premium quality strains, fast shipping. Trust our quality assurance for all your kratom needs. Order now","og_url":"https:\/\/chemsxpress.com\/fr\/produit\/acheter-kratom-vert-vietnamien\/","og_site_name":"SHOP MDPHP","article_modified_time":"2025-05-24T11:25:55+00:00","og_image":[{"width":600,"height":600,"url":"https:\/\/chemsxpress.com\/wp-content\/uploads\/2024\/04\/Green-Vietnam.jpg","type":"image\/jpeg"}],"twitter_card":"summary_large_image","twitter_misc":{"Dur\u00e9e de lecture estim\u00e9e":"2 minutes"},"schema":{"@context":"https:\/\/schema.org","@graph":[{"@type":"WebPage","@id":"https:\/\/chemsxpress.com\/product\/buy-green-vietnam-kratom\/","url":"https:\/\/chemsxpress.com\/product\/buy-green-vietnam-kratom\/","name":"Achetez du Green Vietnam Kratom en ligne : vari\u00e9t\u00e9s de qualit\u00e9 | ChemsXpress","isPartOf":{"@id":"https:\/\/chemsxpress.com\/#website"},"primaryImageOfPage":{"@id":"https:\/\/chemsxpress.com\/product\/buy-green-vietnam-kratom\/#primaryimage"},"image":{"@id":"https:\/\/chemsxpress.com\/product\/buy-green-vietnam-kratom\/#primaryimage"},"thumbnailUrl":"https:\/\/chemsxpress.com\/wp-content\/uploads\/2024\/04\/Green-Vietnam.jpg","datePublished":"2024-04-29T13:17:16+00:00","dateModified":"2025-05-24T11:25:55+00:00","description":"D\u00e9couvrez Green Indo Kratom chez ChemsXpress. Des souches de qualit\u00e9 sup\u00e9rieure, une livraison rapide. Faites confiance \u00e0 notre assurance qualit\u00e9 pour tous vos besoins en kratom. Commandez maintenant","breadcrumb":{"@id":"https:\/\/chemsxpress.com\/product\/buy-green-vietnam-kratom\/#breadcrumb"},"inLanguage":"fr-FR","potentialAction":[{"@type":"ReadAction","target":["https:\/\/chemsxpress.com\/product\/buy-green-vietnam-kratom\/"]}]},{"@type":"ImageObject","inLanguage":"fr-FR","@id":"https:\/\/chemsxpress.com\/product\/buy-green-vietnam-kratom\/#primaryimage","url":"https:\/\/chemsxpress.com\/wp-content\/uploads\/2024\/04\/Green-Vietnam.jpg","contentUrl":"https:\/\/chemsxpress.com\/wp-content\/uploads\/2024\/04\/Green-Vietnam.jpg","width":600,"height":600},{"@type":"BreadcrumbList","@id":"https:\/\/chemsxpress.com\/product\/buy-green-vietnam-kratom\/#breadcrumb","itemListElement":[{"@type":"ListItem","position":1,"name":"Home","item":"https:\/\/chemsxpress.com\/"},{"@type":"ListItem","position":2,"name":"Shop","item":"https:\/\/chemsxpress.com\/shop\/"},{"@type":"ListItem","position":3,"name":"Green Vietnam"}]},{"@type":"WebSite","@id":"https:\/\/chemsxpress.com\/#website","url":"https:\/\/chemsxpress.com\/","name":"SHOP MDPHP","description":"Acheter MDPHP freebase aupr\u00e8s d'un fournisseur fiable","potentialAction":[{"@type":"SearchAction","target":{"@type":"EntryPoint","urlTemplate":"https:\/\/chemsxpress.com\/?s={search_term_string}"},"query-input":{"@type":"PropertyValueSpecification","valueRequired":true,"valueName":"search_term_string"}}],"inLanguage":"fr-FR"}]}},"jetpack_sharing_enabled":true,"_links":{"self":[{"href":"https:\/\/chemsxpress.com\/fr\/wp-json\/wp\/v2\/product\/28561","targetHints":{"allow":["GET"]}}],"collection":[{"href":"https:\/\/chemsxpress.com\/fr\/wp-json\/wp\/v2\/product"}],"about":[{"href":"https:\/\/chemsxpress.com\/fr\/wp-json\/wp\/v2\/types\/product"}],"replies":[{"embeddable":true,"href":"https:\/\/chemsxpress.com\/fr\/wp-json\/wp\/v2\/comments?post=28561"}],"version-history":[{"count":3,"href":"https:\/\/chemsxpress.com\/fr\/wp-json\/wp\/v2\/product\/28561\/revisions"}],"predecessor-version":[{"id":29716,"href":"https:\/\/chemsxpress.com\/fr\/wp-json\/wp\/v2\/product\/28561\/revisions\/29716"}],"wp:featuredmedia":[{"embeddable":true,"href":"https:\/\/chemsxpress.com\/fr\/wp-json\/wp\/v2\/media\/28647"}],"wp:attachment":[{"href":"https:\/\/chemsxpress.com\/fr\/wp-json\/wp\/v2\/media?parent=28561"}],"wp:term":[{"taxonomy":"product_brand","embeddable":true,"href":"https:\/\/chemsxpress.com\/fr\/wp-json\/wp\/v2\/product_brand?post=28561"},{"taxonomy":"product_cat","embeddable":true,"href":"https:\/\/chemsxpress.com\/fr\/wp-json\/wp\/v2\/product_cat?post=28561"},{"taxonomy":"product_tag","embeddable":true,"href":"https:\/\/chemsxpress.com\/fr\/wp-json\/wp\/v2\/product_tag?post=28561"}],"curies":[{"name":"wp","href":"https:\/\/api.w.org\/{rel}","templated":true}]}}