{"id":28591,"date":"2024-04-29T13:17:39","date_gmt":"2024-04-29T13:17:39","guid":{"rendered":"https:\/\/chemsxpress.com\/?post_type=product&#038;p=28591"},"modified":"2025-05-23T06:53:26","modified_gmt":"2025-05-23T06:53:26","slug":"acheter-metodesnitazene-en-ligne","status":"publish","type":"product","link":"https:\/\/chemsxpress.com\/fr\/produit\/acheter-metodesnitazene-en-ligne\/","title":{"rendered":"M\u00c9TODESNITAZ\u00c8NE.HCL"},"content":{"rendered":"<h1>Acheter METODESNITAZENE en ligne.<\/h1>\n<p>Achetez METODESNITAZENE en ligne \u00e0 ChemsXpress, o\u00f9 la recherche de pointe rencontre des produits chimiques de premi\u00e8re qualit\u00e9. Nous nous engageons \u00e0 fournir aux chercheurs les meilleurs produits chimiques de recherche pour alimenter leurs recherches scientifiques et stimuler l'innovation.<\/p>\n<p><strong>METODESNITAZENE : de nouvelles possibilit\u00e9s pour la recherche<\/strong><\/p>\n<p>Le METODESNITAZENE est un nouveau <a href=\"https:\/\/chemsxpress.com\/fr\/categorie-produit\/produits-chimiques-de-recherche\/\">recherche chimique<\/a> connu pour ses puissantes propri\u00e9t\u00e9s opio\u00efdes. Les chercheurs qui \u00e9tudient la gestion de la douleur et les r\u00e9cepteurs opio\u00efdes se tournent vers le METODESNITAZENE pour ses applications th\u00e9rapeutiques potentielles. Plongez dans les profondeurs pharmacologiques du METODESNITAZENE et d\u00e9couvrez de nouvelles perspectives en chimie m\u00e9dicinale.<\/p>\n<p><strong>Pourquoi choisir ChemsXpress ?<\/strong><\/p>\n<ul>\n<li><strong>Qualit\u00e9 exceptionnelle :<\/strong> Chez ChemsXpress, la qualit\u00e9 est notre priorit\u00e9 absolue. Notre METODESNITAZENE et nos autres produits chimiques de recherche sont soumis \u00e0 des mesures strictes de contr\u00f4le de la qualit\u00e9 afin de garantir leur puret\u00e9, leur puissance et leur coh\u00e9rence, conform\u00e9ment aux normes les plus strictes de l'industrie.<\/li>\n<li><strong>Exp\u00e9dition rapide :<\/strong> Nous comprenons l'urgence des projets de recherche. Gr\u00e2ce \u00e0 nos processus d'exp\u00e9dition efficaces, votre commande sera exp\u00e9di\u00e9e rapidement, garantissant une livraison \u00e0 votre porte dans les d\u00e9lais impartis.<\/li>\n<li><strong>Soutien d'un expert :<\/strong> Besoin d'aide ou de conseils ? Notre \u00e9quipe d'experts est l\u00e0 pour vous apporter un soutien avis\u00e9 \u00e0 chaque \u00e9tape du processus, afin de vous garantir une exp\u00e9rience de recherche fluide et sans faille.<\/li>\n<\/ul>\n<p><strong>Faites l'exp\u00e9rience de la diff\u00e9rence : Achetez METODESNITAZENE en ligne aujourd'hui<\/strong><\/p>\n<p>Faites passer votre recherche \u00e0 la vitesse sup\u00e9rieure avec le METODESNITAZENE de ChemsXpress. Explorez ses propri\u00e9t\u00e9s pharmacologiques et ouvrez la voie \u00e0 des d\u00e9couvertes r\u00e9volutionnaires dans le domaine de la recherche sur les opio\u00efdes. Commandez d\u00e8s maintenant et embarquez pour votre recherche en toute confiance !<\/p>\n<p><strong>Rejoindre le <a href=\"https:\/\/chemsxpress.com\/fr\/\">ChemsXpress<\/a> Communaut\u00e9<\/strong><\/p>\n<p>Restez au courant des derniers d\u00e9veloppements de la recherche, acc\u00e9dez \u00e0 des offres exclusives et entrez en contact avec d'autres chercheurs en vous inscrivant \u00e0 notre lettre d'information. Ensemble, repoussons les limites de l'exploration et de l'innovation scientifiques.<\/p>\n<p><strong>Choisissez l'excellence : Choisissez ChemsXpress<\/strong><\/p>\n<p>Nous vous remercions d'avoir choisi ChemsXpress comme fournisseur de confiance de produits chimiques pour la recherche. Nous nous engageons \u00e0 vous fournir les outils et les ressources dont vous avez besoin pour apporter des contributions significatives \u00e0 votre domaine. Ensemble, faisons progresser la connaissance scientifique !<\/p>","protected":false},"excerpt":{"rendered":"<p><strong>IUPAC-Name: <\/strong>N,N-diethyl-2-(2-(4-fluorobenzyl)-5-nitro-1H-benzo[d]imidazol-1-yl)ethan-1-amine<\/p>\n<p><strong>Appearance: <\/strong>powder<\/p>\n<p><strong>Form: <\/strong>HCL<\/p>\n<p><strong>NMR Analysis: <\/strong>C20H23FN4O2<\/p>\n","protected":false},"featured_media":28659,"comment_status":"open","ping_status":"closed","template":"","meta":[],"product_brand":[],"product_cat":[82],"product_tag":[],"class_list":{"0":"post-28591","1":"product","2":"type-product","3":"status-publish","4":"has-post-thumbnail","6":"product_cat-others","8":"first","9":"instock","10":"shipping-taxable","11":"purchasable","12":"product-type-variable"},"yoast_head":"<!-- This site is optimized with the Yoast SEO Premium plugin v24.1 (Yoast SEO v27.4) - https:\/\/yoast.com\/product\/yoast-seo-premium-wordpress\/ -->\n<title>Buy METODESNITAZENE Online: Quality RC&#039;s ChemsXpress<\/title>\n<meta name=\"description\" content=\"Discover METODESNITAZENE at ChemsXpress. Premium research chemicals, fast shipping. Trust our quality assurance for all your research needs. Order now\" \/>\n<meta name=\"robots\" content=\"index, follow, max-snippet:-1, max-image-preview:large, max-video-preview:-1\" \/>\n<link rel=\"canonical\" href=\"https:\/\/chemsxpress.com\/fr\/produit\/acheter-metodesnitazene-en-ligne\/\" \/>\n<meta property=\"og:locale\" content=\"fr_FR\" \/>\n<meta property=\"og:type\" content=\"article\" \/>\n<meta property=\"og:title\" content=\"METODESNITAZENE.HCL\" \/>\n<meta property=\"og:description\" content=\"Discover METODESNITAZENE at ChemsXpress. Premium research chemicals, fast shipping. Trust our quality assurance for all your research needs. Order now\" \/>\n<meta property=\"og:url\" content=\"https:\/\/chemsxpress.com\/fr\/produit\/acheter-metodesnitazene-en-ligne\/\" \/>\n<meta property=\"og:site_name\" content=\"SHOP MDPHP\" \/>\n<meta property=\"article:modified_time\" content=\"2025-05-23T06:53:26+00:00\" \/>\n<meta property=\"og:image\" content=\"https:\/\/chemsxpress.com\/wp-content\/uploads\/2024\/04\/METODESNITAZENE.HCL_.jpg\" \/>\n\t<meta property=\"og:image:width\" content=\"600\" \/>\n\t<meta property=\"og:image:height\" content=\"600\" \/>\n\t<meta property=\"og:image:type\" content=\"image\/jpeg\" \/>\n<meta name=\"twitter:card\" content=\"summary_large_image\" \/>\n<meta name=\"twitter:label1\" content=\"Dur\u00e9e de lecture estim\u00e9e\" \/>\n\t<meta name=\"twitter:data1\" content=\"2 minutes\" \/>\n<script type=\"application\/ld+json\" class=\"yoast-schema-graph\">{\"@context\":\"https:\\\/\\\/schema.org\",\"@graph\":[{\"@type\":\"WebPage\",\"@id\":\"https:\\\/\\\/chemsxpress.com\\\/product\\\/buy-metodesnitazene-online\\\/\",\"url\":\"https:\\\/\\\/chemsxpress.com\\\/product\\\/buy-metodesnitazene-online\\\/\",\"name\":\"Buy METODESNITAZENE Online: Quality RC's ChemsXpress\",\"isPartOf\":{\"@id\":\"https:\\\/\\\/chemsxpress.com\\\/#website\"},\"primaryImageOfPage\":{\"@id\":\"https:\\\/\\\/chemsxpress.com\\\/product\\\/buy-metodesnitazene-online\\\/#primaryimage\"},\"image\":{\"@id\":\"https:\\\/\\\/chemsxpress.com\\\/product\\\/buy-metodesnitazene-online\\\/#primaryimage\"},\"thumbnailUrl\":\"https:\\\/\\\/chemsxpress.com\\\/wp-content\\\/uploads\\\/2024\\\/04\\\/METODESNITAZENE.HCL_.jpg\",\"datePublished\":\"2024-04-29T13:17:39+00:00\",\"dateModified\":\"2025-05-23T06:53:26+00:00\",\"description\":\"Discover METODESNITAZENE at ChemsXpress. Premium research chemicals, fast shipping. Trust our quality assurance for all your research needs. Order now\",\"breadcrumb\":{\"@id\":\"https:\\\/\\\/chemsxpress.com\\\/product\\\/buy-metodesnitazene-online\\\/#breadcrumb\"},\"inLanguage\":\"fr-FR\",\"potentialAction\":[{\"@type\":\"ReadAction\",\"target\":[\"https:\\\/\\\/chemsxpress.com\\\/product\\\/buy-metodesnitazene-online\\\/\"]}]},{\"@type\":\"ImageObject\",\"inLanguage\":\"fr-FR\",\"@id\":\"https:\\\/\\\/chemsxpress.com\\\/product\\\/buy-metodesnitazene-online\\\/#primaryimage\",\"url\":\"https:\\\/\\\/chemsxpress.com\\\/wp-content\\\/uploads\\\/2024\\\/04\\\/METODESNITAZENE.HCL_.jpg\",\"contentUrl\":\"https:\\\/\\\/chemsxpress.com\\\/wp-content\\\/uploads\\\/2024\\\/04\\\/METODESNITAZENE.HCL_.jpg\",\"width\":600,\"height\":600,\"caption\":\"Buy METODESNITAZENE Online\"},{\"@type\":\"BreadcrumbList\",\"@id\":\"https:\\\/\\\/chemsxpress.com\\\/product\\\/buy-metodesnitazene-online\\\/#breadcrumb\",\"itemListElement\":[{\"@type\":\"ListItem\",\"position\":1,\"name\":\"Home\",\"item\":\"https:\\\/\\\/chemsxpress.com\\\/\"},{\"@type\":\"ListItem\",\"position\":2,\"name\":\"Shop\",\"item\":\"https:\\\/\\\/chemsxpress.com\\\/shop\\\/\"},{\"@type\":\"ListItem\",\"position\":3,\"name\":\"METODESNITAZENE.HCL\"}]},{\"@type\":\"WebSite\",\"@id\":\"https:\\\/\\\/chemsxpress.com\\\/#website\",\"url\":\"https:\\\/\\\/chemsxpress.com\\\/\",\"name\":\"SHOP MDPHP\",\"description\":\"Buy MDPHP freebase from reliable supplier\",\"potentialAction\":[{\"@type\":\"SearchAction\",\"target\":{\"@type\":\"EntryPoint\",\"urlTemplate\":\"https:\\\/\\\/chemsxpress.com\\\/?s={search_term_string}\"},\"query-input\":{\"@type\":\"PropertyValueSpecification\",\"valueRequired\":true,\"valueName\":\"search_term_string\"}}],\"inLanguage\":\"fr-FR\"}]}<\/script>\n<!-- \/ Yoast SEO Premium plugin. -->","yoast_head_json":{"title":"Achetez du METODESNITAZENE en ligne\u00a0: ChemsXpress de qualit\u00e9 RC","description":"D\u00e9couvrez METODESNITAZENE chez ChemsXpress. Produits chimiques de recherche de premi\u00e8re qualit\u00e9, livraison rapide. Faites confiance \u00e0 notre assurance qualit\u00e9 pour tous vos besoins de recherche. Commandez maintenant","robots":{"index":"index","follow":"follow","max-snippet":"max-snippet:-1","max-image-preview":"max-image-preview:large","max-video-preview":"max-video-preview:-1"},"canonical":"https:\/\/chemsxpress.com\/fr\/produit\/acheter-metodesnitazene-en-ligne\/","og_locale":"fr_FR","og_type":"article","og_title":"METODESNITAZENE.HCL","og_description":"Discover METODESNITAZENE at ChemsXpress. Premium research chemicals, fast shipping. Trust our quality assurance for all your research needs. Order now","og_url":"https:\/\/chemsxpress.com\/fr\/produit\/acheter-metodesnitazene-en-ligne\/","og_site_name":"SHOP MDPHP","article_modified_time":"2025-05-23T06:53:26+00:00","og_image":[{"width":600,"height":600,"url":"https:\/\/chemsxpress.com\/wp-content\/uploads\/2024\/04\/METODESNITAZENE.HCL_.jpg","type":"image\/jpeg"}],"twitter_card":"summary_large_image","twitter_misc":{"Dur\u00e9e de lecture estim\u00e9e":"2 minutes"},"schema":{"@context":"https:\/\/schema.org","@graph":[{"@type":"WebPage","@id":"https:\/\/chemsxpress.com\/product\/buy-metodesnitazene-online\/","url":"https:\/\/chemsxpress.com\/product\/buy-metodesnitazene-online\/","name":"Achetez du METODESNITAZENE en ligne\u00a0: ChemsXpress de qualit\u00e9 RC","isPartOf":{"@id":"https:\/\/chemsxpress.com\/#website"},"primaryImageOfPage":{"@id":"https:\/\/chemsxpress.com\/product\/buy-metodesnitazene-online\/#primaryimage"},"image":{"@id":"https:\/\/chemsxpress.com\/product\/buy-metodesnitazene-online\/#primaryimage"},"thumbnailUrl":"https:\/\/chemsxpress.com\/wp-content\/uploads\/2024\/04\/METODESNITAZENE.HCL_.jpg","datePublished":"2024-04-29T13:17:39+00:00","dateModified":"2025-05-23T06:53:26+00:00","description":"D\u00e9couvrez METODESNITAZENE chez ChemsXpress. Produits chimiques de recherche de premi\u00e8re qualit\u00e9, livraison rapide. Faites confiance \u00e0 notre assurance qualit\u00e9 pour tous vos besoins de recherche. Commandez maintenant","breadcrumb":{"@id":"https:\/\/chemsxpress.com\/product\/buy-metodesnitazene-online\/#breadcrumb"},"inLanguage":"fr-FR","potentialAction":[{"@type":"ReadAction","target":["https:\/\/chemsxpress.com\/product\/buy-metodesnitazene-online\/"]}]},{"@type":"ImageObject","inLanguage":"fr-FR","@id":"https:\/\/chemsxpress.com\/product\/buy-metodesnitazene-online\/#primaryimage","url":"https:\/\/chemsxpress.com\/wp-content\/uploads\/2024\/04\/METODESNITAZENE.HCL_.jpg","contentUrl":"https:\/\/chemsxpress.com\/wp-content\/uploads\/2024\/04\/METODESNITAZENE.HCL_.jpg","width":600,"height":600,"caption":"Buy METODESNITAZENE Online"},{"@type":"BreadcrumbList","@id":"https:\/\/chemsxpress.com\/product\/buy-metodesnitazene-online\/#breadcrumb","itemListElement":[{"@type":"ListItem","position":1,"name":"Home","item":"https:\/\/chemsxpress.com\/"},{"@type":"ListItem","position":2,"name":"Shop","item":"https:\/\/chemsxpress.com\/shop\/"},{"@type":"ListItem","position":3,"name":"METODESNITAZENE.HCL"}]},{"@type":"WebSite","@id":"https:\/\/chemsxpress.com\/#website","url":"https:\/\/chemsxpress.com\/","name":"SHOP MDPHP","description":"Acheter MDPHP freebase aupr\u00e8s d'un fournisseur fiable","potentialAction":[{"@type":"SearchAction","target":{"@type":"EntryPoint","urlTemplate":"https:\/\/chemsxpress.com\/?s={search_term_string}"},"query-input":{"@type":"PropertyValueSpecification","valueRequired":true,"valueName":"search_term_string"}}],"inLanguage":"fr-FR"}]}},"jetpack_sharing_enabled":true,"_links":{"self":[{"href":"https:\/\/chemsxpress.com\/fr\/wp-json\/wp\/v2\/product\/28591","targetHints":{"allow":["GET"]}}],"collection":[{"href":"https:\/\/chemsxpress.com\/fr\/wp-json\/wp\/v2\/product"}],"about":[{"href":"https:\/\/chemsxpress.com\/fr\/wp-json\/wp\/v2\/types\/product"}],"replies":[{"embeddable":true,"href":"https:\/\/chemsxpress.com\/fr\/wp-json\/wp\/v2\/comments?post=28591"}],"version-history":[{"count":4,"href":"https:\/\/chemsxpress.com\/fr\/wp-json\/wp\/v2\/product\/28591\/revisions"}],"predecessor-version":[{"id":30044,"href":"https:\/\/chemsxpress.com\/fr\/wp-json\/wp\/v2\/product\/28591\/revisions\/30044"}],"wp:featuredmedia":[{"embeddable":true,"href":"https:\/\/chemsxpress.com\/fr\/wp-json\/wp\/v2\/media\/28659"}],"wp:attachment":[{"href":"https:\/\/chemsxpress.com\/fr\/wp-json\/wp\/v2\/media?parent=28591"}],"wp:term":[{"taxonomy":"product_brand","embeddable":true,"href":"https:\/\/chemsxpress.com\/fr\/wp-json\/wp\/v2\/product_brand?post=28591"},{"taxonomy":"product_cat","embeddable":true,"href":"https:\/\/chemsxpress.com\/fr\/wp-json\/wp\/v2\/product_cat?post=28591"},{"taxonomy":"product_tag","embeddable":true,"href":"https:\/\/chemsxpress.com\/fr\/wp-json\/wp\/v2\/product_tag?post=28591"}],"curies":[{"name":"wp","href":"https:\/\/api.w.org\/{rel}","templated":true}]}}