{"id":28597,"date":"2024-04-29T13:17:39","date_gmt":"2024-04-29T13:17:39","guid":{"rendered":"https:\/\/chemsxpress.com\/?post_type=product&#038;p=28597"},"modified":"2024-07-04T23:01:24","modified_gmt":"2024-07-04T23:01:24","slug":"acheter-flubromazepam-de-haute-qualite","status":"publish","type":"product","link":"https:\/\/chemsxpress.com\/fr\/produit\/acheter-flubromazepam-de-haute-qualite\/","title":{"rendered":"FLUBROMAZEPAM PELLETS 8mg"},"content":{"rendered":"<h1>Acheter du Flubromazepam de haute qualit\u00e9.<\/h1>\n<p>Achetez du Flubromazepam de haute qualit\u00e9 chez ChemsXpress, votre fournisseur de confiance de produits chimiques de recherche de premi\u00e8re qualit\u00e9. Nous sommes fiers d'offrir des substances de qualit\u00e9 sup\u00e9rieure pour soutenir vos efforts scientifiques et stimuler l'innovation.<\/p>\n<p><strong>Introduction du flubromaz\u00e9pam de haute qualit\u00e9 : Ouvrir de nouvelles voies de recherche<\/strong><\/p>\n<p>Notre Flubromazepam de haute qualit\u00e9 offre aux chercheurs une opportunit\u00e9 passionnante d'explorer les propri\u00e9t\u00e9s pharmacologiques de ce nouveau compos\u00e9. Avec ses effets anxiolytiques et s\u00e9datifs potentiels, le Flubromazepam a suscit\u00e9 l'int\u00e9r\u00eat de divers domaines de recherche, notamment les neurosciences et la pharmacologie.<\/p>\n<p><strong>Pourquoi choisir ChemsXpress ?<\/strong><\/p>\n<ul>\n<li><strong>Qualit\u00e9 exceptionnelle :<\/strong> Chez ChemsXpress, la qualit\u00e9 est notre priorit\u00e9 absolue. Notre Flubromazepam est soumis \u00e0 des tests rigoureux pour garantir sa puret\u00e9 et sa puissance, r\u00e9pondant ainsi aux normes d'excellence les plus \u00e9lev\u00e9es.<\/li>\n<li><strong>Exp\u00e9dition rapide :<\/strong> Nous comprenons l'importance d'une livraison dans les d\u00e9lais pour les projets de recherche. Gr\u00e2ce \u00e0 notre processus d'exp\u00e9dition efficace, votre commande sera rapidement exp\u00e9di\u00e9e \u00e0 votre porte.<\/li>\n<li><strong>Soutien d'un expert :<\/strong> Besoin d'aide ou de conseils ? Notre \u00e9quipe d'experts est \u00e0 votre disposition pour vous apporter un soutien avis\u00e9 et r\u00e9pondre \u00e0 toutes vos questions.<\/li>\n<\/ul>\n<p><strong>Faites l'exp\u00e9rience de la diff\u00e9rence : Commandez aujourd'hui du Flubromazepam de haute qualit\u00e9<\/strong><\/p>\n<p>Faites passer votre recherche \u00e0 la vitesse sup\u00e9rieure gr\u00e2ce au Flubromazepam de haute qualit\u00e9 de ChemsXpress. Explorez les applications th\u00e9rapeutiques potentielles de ce compos\u00e9 et ouvrez la voie \u00e0 des d\u00e9couvertes r\u00e9volutionnaires dans votre domaine. Commandez maintenant et faites le premier pas vers l'avancement des connaissances scientifiques.<\/p>\n<p><strong>Rejoindre la communaut\u00e9 ChemsXpress<\/strong><\/p>\n<p>Restez au courant des derniers d\u00e9veloppements de la recherche, acc\u00e9dez \u00e0 des offres exclusives et entrez en contact avec d'autres chercheurs en vous inscrivant \u00e0 notre lettre d'information. Ensemble, repoussons les limites de l'exploration et de l'innovation scientifiques.<\/p>\n<p><strong>Choisissez l'excellence : Choisissez ChemsXpress<\/strong><\/p>\n<p>Merci d'avoir choisi <a href=\"https:\/\/chemsxpress.com\/fr\/\">ChemsXpress<\/a> en tant que partenaire de confiance dans le domaine de la recherche. Nous nous engageons \u00e0 vous fournir des services de la plus haute qualit\u00e9. <a href=\"https:\/\/chemsxpress.com\/fr\/categorie-produit\/produits-chimiques-de-recherche\/\">produits chimiques de recherche<\/a> et de vous soutenir dans votre d\u00e9marche scientifique. Embarquons ensemble pour ce voyage de d\u00e9couverte !<\/p>","protected":false},"excerpt":{"rendered":"<p><strong>Forme : <\/strong>Granul\u00e9s<\/p>","protected":false},"featured_media":28687,"comment_status":"open","ping_status":"closed","template":"","meta":[],"product_brand":[],"product_cat":[83],"product_tag":[],"class_list":{"0":"post-28597","1":"product","2":"type-product","3":"status-publish","4":"has-post-thumbnail","6":"product_cat-pellets","8":"first","9":"instock","10":"shipping-taxable","11":"purchasable","12":"product-type-variable"},"yoast_head":"<!-- This site is optimized with the Yoast SEO Premium plugin v24.1 (Yoast SEO v27.4) - https:\/\/yoast.com\/product\/yoast-seo-premium-wordpress\/ -->\n<title>Buy High-Quality Flubromazepam Online: RC&#039;s | ChemsXpress<\/title>\n<meta name=\"description\" content=\"Buy high-quality Flubromazepam at ChemsXpress. Premium research chemicals, fast shipping. Trust our quality assurance for all your research needs.\" \/>\n<meta name=\"robots\" content=\"index, follow, max-snippet:-1, max-image-preview:large, max-video-preview:-1\" \/>\n<link rel=\"canonical\" href=\"https:\/\/chemsxpress.com\/fr\/produit\/acheter-flubromazepam-de-haute-qualite\/\" \/>\n<meta property=\"og:locale\" content=\"fr_FR\" \/>\n<meta property=\"og:type\" content=\"article\" \/>\n<meta property=\"og:title\" content=\"FLUBROMAZEPAM PELLETS 8mg\" \/>\n<meta property=\"og:description\" content=\"Buy high-quality Flubromazepam at ChemsXpress. Premium research chemicals, fast shipping. Trust our quality assurance for all your research needs.\" \/>\n<meta property=\"og:url\" content=\"https:\/\/chemsxpress.com\/fr\/produit\/acheter-flubromazepam-de-haute-qualite\/\" \/>\n<meta property=\"og:site_name\" content=\"SHOP MDPHP\" \/>\n<meta property=\"article:modified_time\" content=\"2024-07-04T23:01:24+00:00\" \/>\n<meta property=\"og:image\" content=\"https:\/\/chemsxpress.com\/wp-content\/uploads\/2024\/04\/FLUBROMAZEPAM-PELLETS-8mg.jpg\" \/>\n\t<meta property=\"og:image:width\" content=\"600\" \/>\n\t<meta property=\"og:image:height\" content=\"600\" \/>\n\t<meta property=\"og:image:type\" content=\"image\/jpeg\" \/>\n<meta name=\"twitter:card\" content=\"summary_large_image\" \/>\n<meta name=\"twitter:label1\" content=\"Dur\u00e9e de lecture estim\u00e9e\" \/>\n\t<meta name=\"twitter:data1\" content=\"2 minutes\" \/>\n<script type=\"application\/ld+json\" class=\"yoast-schema-graph\">{\"@context\":\"https:\\\/\\\/schema.org\",\"@graph\":[{\"@type\":\"WebPage\",\"@id\":\"https:\\\/\\\/chemsxpress.com\\\/product\\\/buy-high-quality-flubromazepam\\\/\",\"url\":\"https:\\\/\\\/chemsxpress.com\\\/product\\\/buy-high-quality-flubromazepam\\\/\",\"name\":\"Buy High-Quality Flubromazepam Online: RC's | ChemsXpress\",\"isPartOf\":{\"@id\":\"https:\\\/\\\/chemsxpress.com\\\/#website\"},\"primaryImageOfPage\":{\"@id\":\"https:\\\/\\\/chemsxpress.com\\\/product\\\/buy-high-quality-flubromazepam\\\/#primaryimage\"},\"image\":{\"@id\":\"https:\\\/\\\/chemsxpress.com\\\/product\\\/buy-high-quality-flubromazepam\\\/#primaryimage\"},\"thumbnailUrl\":\"https:\\\/\\\/chemsxpress.com\\\/wp-content\\\/uploads\\\/2024\\\/04\\\/FLUBROMAZEPAM-PELLETS-8mg.jpg\",\"datePublished\":\"2024-04-29T13:17:39+00:00\",\"dateModified\":\"2024-07-04T23:01:24+00:00\",\"description\":\"Buy high-quality Flubromazepam at ChemsXpress. Premium research chemicals, fast shipping. Trust our quality assurance for all your research needs.\",\"breadcrumb\":{\"@id\":\"https:\\\/\\\/chemsxpress.com\\\/product\\\/buy-high-quality-flubromazepam\\\/#breadcrumb\"},\"inLanguage\":\"fr-FR\",\"potentialAction\":[{\"@type\":\"ReadAction\",\"target\":[\"https:\\\/\\\/chemsxpress.com\\\/product\\\/buy-high-quality-flubromazepam\\\/\"]}]},{\"@type\":\"ImageObject\",\"inLanguage\":\"fr-FR\",\"@id\":\"https:\\\/\\\/chemsxpress.com\\\/product\\\/buy-high-quality-flubromazepam\\\/#primaryimage\",\"url\":\"https:\\\/\\\/chemsxpress.com\\\/wp-content\\\/uploads\\\/2024\\\/04\\\/FLUBROMAZEPAM-PELLETS-8mg.jpg\",\"contentUrl\":\"https:\\\/\\\/chemsxpress.com\\\/wp-content\\\/uploads\\\/2024\\\/04\\\/FLUBROMAZEPAM-PELLETS-8mg.jpg\",\"width\":600,\"height\":600,\"caption\":\"Buy Flubromazepam pellets\"},{\"@type\":\"BreadcrumbList\",\"@id\":\"https:\\\/\\\/chemsxpress.com\\\/product\\\/buy-high-quality-flubromazepam\\\/#breadcrumb\",\"itemListElement\":[{\"@type\":\"ListItem\",\"position\":1,\"name\":\"Home\",\"item\":\"https:\\\/\\\/chemsxpress.com\\\/\"},{\"@type\":\"ListItem\",\"position\":2,\"name\":\"Shop\",\"item\":\"https:\\\/\\\/chemsxpress.com\\\/shop\\\/\"},{\"@type\":\"ListItem\",\"position\":3,\"name\":\"FLUBROMAZEPAM PELLETS 8mg\"}]},{\"@type\":\"WebSite\",\"@id\":\"https:\\\/\\\/chemsxpress.com\\\/#website\",\"url\":\"https:\\\/\\\/chemsxpress.com\\\/\",\"name\":\"SHOP MDPHP\",\"description\":\"Buy MDPHP freebase from reliable supplier\",\"potentialAction\":[{\"@type\":\"SearchAction\",\"target\":{\"@type\":\"EntryPoint\",\"urlTemplate\":\"https:\\\/\\\/chemsxpress.com\\\/?s={search_term_string}\"},\"query-input\":{\"@type\":\"PropertyValueSpecification\",\"valueRequired\":true,\"valueName\":\"search_term_string\"}}],\"inLanguage\":\"fr-FR\"}]}<\/script>\n<!-- \/ Yoast SEO Premium plugin. -->","yoast_head_json":{"title":"Acheter Flubromaz\u00e9pam HCl en ligne | ChemsXpress - RC de haute qualit\u00e9","description":"Achetez des pastilles de 2C-D \u00e0 ChemsXpress. Produits chimiques de recherche de premi\u00e8re qualit\u00e9, livraison rapide. Faites confiance \u00e0 notre assurance qualit\u00e9 pour tous vos besoins de recherche. Commandez maintenant","robots":{"index":"index","follow":"follow","max-snippet":"max-snippet:-1","max-image-preview":"max-image-preview:large","max-video-preview":"max-video-preview:-1"},"canonical":"https:\/\/chemsxpress.com\/fr\/produit\/acheter-flubromazepam-de-haute-qualite\/","og_locale":"fr_FR","og_type":"article","og_title":"FLUBROMAZEPAM PELLETS 8mg","og_description":"Buy high-quality Flubromazepam at ChemsXpress. Premium research chemicals, fast shipping. Trust our quality assurance for all your research needs.","og_url":"https:\/\/chemsxpress.com\/fr\/produit\/acheter-flubromazepam-de-haute-qualite\/","og_site_name":"SHOP MDPHP","article_modified_time":"2024-07-04T23:01:24+00:00","og_image":[{"width":600,"height":600,"url":"https:\/\/chemsxpress.com\/wp-content\/uploads\/2024\/04\/FLUBROMAZEPAM-PELLETS-8mg.jpg","type":"image\/jpeg"}],"twitter_card":"summary_large_image","twitter_misc":{"Dur\u00e9e de lecture estim\u00e9e":"2 minutes"},"schema":{"@context":"https:\/\/schema.org","@graph":[{"@type":"WebPage","@id":"https:\/\/chemsxpress.com\/product\/buy-high-quality-flubromazepam\/","url":"https:\/\/chemsxpress.com\/product\/buy-high-quality-flubromazepam\/","name":"Acheter Flubromaz\u00e9pam HCl en ligne | ChemsXpress - RC de haute qualit\u00e9","isPartOf":{"@id":"https:\/\/chemsxpress.com\/#website"},"primaryImageOfPage":{"@id":"https:\/\/chemsxpress.com\/product\/buy-high-quality-flubromazepam\/#primaryimage"},"image":{"@id":"https:\/\/chemsxpress.com\/product\/buy-high-quality-flubromazepam\/#primaryimage"},"thumbnailUrl":"https:\/\/chemsxpress.com\/wp-content\/uploads\/2024\/04\/FLUBROMAZEPAM-PELLETS-8mg.jpg","datePublished":"2024-04-29T13:17:39+00:00","dateModified":"2024-07-04T23:01:24+00:00","description":"Achetez des pastilles de 2C-D \u00e0 ChemsXpress. Produits chimiques de recherche de premi\u00e8re qualit\u00e9, livraison rapide. Faites confiance \u00e0 notre assurance qualit\u00e9 pour tous vos besoins de recherche. Commandez maintenant","breadcrumb":{"@id":"https:\/\/chemsxpress.com\/product\/buy-high-quality-flubromazepam\/#breadcrumb"},"inLanguage":"fr-FR","potentialAction":[{"@type":"ReadAction","target":["https:\/\/chemsxpress.com\/product\/buy-high-quality-flubromazepam\/"]}]},{"@type":"ImageObject","inLanguage":"fr-FR","@id":"https:\/\/chemsxpress.com\/product\/buy-high-quality-flubromazepam\/#primaryimage","url":"https:\/\/chemsxpress.com\/wp-content\/uploads\/2024\/04\/FLUBROMAZEPAM-PELLETS-8mg.jpg","contentUrl":"https:\/\/chemsxpress.com\/wp-content\/uploads\/2024\/04\/FLUBROMAZEPAM-PELLETS-8mg.jpg","width":600,"height":600,"caption":"Buy Flubromazepam pellets"},{"@type":"BreadcrumbList","@id":"https:\/\/chemsxpress.com\/product\/buy-high-quality-flubromazepam\/#breadcrumb","itemListElement":[{"@type":"ListItem","position":1,"name":"Home","item":"https:\/\/chemsxpress.com\/"},{"@type":"ListItem","position":2,"name":"Shop","item":"https:\/\/chemsxpress.com\/shop\/"},{"@type":"ListItem","position":3,"name":"FLUBROMAZEPAM PELLETS 8mg"}]},{"@type":"WebSite","@id":"https:\/\/chemsxpress.com\/#website","url":"https:\/\/chemsxpress.com\/","name":"SHOP MDPHP","description":"Acheter MDPHP freebase aupr\u00e8s d'un fournisseur fiable","potentialAction":[{"@type":"SearchAction","target":{"@type":"EntryPoint","urlTemplate":"https:\/\/chemsxpress.com\/?s={search_term_string}"},"query-input":{"@type":"PropertyValueSpecification","valueRequired":true,"valueName":"search_term_string"}}],"inLanguage":"fr-FR"}]}},"jetpack_sharing_enabled":true,"_links":{"self":[{"href":"https:\/\/chemsxpress.com\/fr\/wp-json\/wp\/v2\/product\/28597","targetHints":{"allow":["GET"]}}],"collection":[{"href":"https:\/\/chemsxpress.com\/fr\/wp-json\/wp\/v2\/product"}],"about":[{"href":"https:\/\/chemsxpress.com\/fr\/wp-json\/wp\/v2\/types\/product"}],"replies":[{"embeddable":true,"href":"https:\/\/chemsxpress.com\/fr\/wp-json\/wp\/v2\/comments?post=28597"}],"version-history":[{"count":4,"href":"https:\/\/chemsxpress.com\/fr\/wp-json\/wp\/v2\/product\/28597\/revisions"}],"predecessor-version":[{"id":30050,"href":"https:\/\/chemsxpress.com\/fr\/wp-json\/wp\/v2\/product\/28597\/revisions\/30050"}],"wp:featuredmedia":[{"embeddable":true,"href":"https:\/\/chemsxpress.com\/fr\/wp-json\/wp\/v2\/media\/28687"}],"wp:attachment":[{"href":"https:\/\/chemsxpress.com\/fr\/wp-json\/wp\/v2\/media?parent=28597"}],"wp:term":[{"taxonomy":"product_brand","embeddable":true,"href":"https:\/\/chemsxpress.com\/fr\/wp-json\/wp\/v2\/product_brand?post=28597"},{"taxonomy":"product_cat","embeddable":true,"href":"https:\/\/chemsxpress.com\/fr\/wp-json\/wp\/v2\/product_cat?post=28597"},{"taxonomy":"product_tag","embeddable":true,"href":"https:\/\/chemsxpress.com\/fr\/wp-json\/wp\/v2\/product_tag?post=28597"}],"curies":[{"name":"wp","href":"https:\/\/api.w.org\/{rel}","templated":true}]}}