{"id":28889,"date":"2024-04-29T13:19:10","date_gmt":"2024-04-29T13:19:10","guid":{"rendered":"https:\/\/chemsxpress.com\/?post_type=product&#038;p=28889"},"modified":"2025-05-29T10:36:36","modified_gmt":"2025-05-29T10:36:36","slug":"acheter-o-pce-en-ligne","status":"publish","type":"product","link":"https:\/\/chemsxpress.com\/fr\/produit\/acheter-o-pce-en-ligne\/","title":{"rendered":"O-PCE 10 mg en comprim\u00e9s"},"content":{"rendered":"<h1><strong>Acheter O-PCE en ligne<\/strong><\/h1>\n<h5><strong>Bienvenue \u00e0 ChemsXpress : Votre source de confiance pour l'ECP-O et plus encore<\/strong><\/h5>\n<p>Acheter O-PCE en ligne sur <a href=\"https:\/\/chemsxpress.com\/fr\/\">ChemsXpress<\/a>Nous sommes sp\u00e9cialis\u00e9s dans l'acc\u00e8s des chercheurs \u00e0 des produits chimiques de haute qualit\u00e9 pour leurs recherches scientifiques. Avec un engagement d'excellence et de satisfaction du client, nous nous effor\u00e7ons d'\u00eatre votre partenaire de confiance dans l'avancement de la connaissance et de la d\u00e9couverte scientifiques.<\/p>\n<p><strong>A propos de l'O-PCE<\/strong><\/p>\n<p>L'O-PCE (2\u2032-Oxo-PCE) est un produit chimique de recherche dissociatif appartenant \u00e0 la classe des arylcyclohexylamines. Il est connu pour ses effets dissociatifs et hallucinog\u00e8nes, ce qui en fait un sujet d'int\u00e9r\u00eat pour les chercheurs qui \u00e9tudient la conscience, la perception et l'anesth\u00e9sie. L'O-PCE est structurellement apparent\u00e9 \u00e0 des substances telles que la k\u00e9tamine et le PCP et poss\u00e8de des propri\u00e9t\u00e9s pharmacologiques similaires.<\/p>\n<p><strong>Notre engagement en faveur de la qualit\u00e9<\/strong><\/p>\n<p>Chez ChemsXpress, nous donnons la priorit\u00e9 \u00e0 la qualit\u00e9 et \u00e0 la fiabilit\u00e9 dans tout ce que nous faisons. Nos produits O-PCE et autres <a href=\"https:\/\/chemsxpress.com\/fr\/categorie-produit\/produits-chimiques-de-recherche\/\">produits chimiques de recherche<\/a> sont soumis \u00e0 des tests rigoureux et \u00e0 des mesures de contr\u00f4le de la qualit\u00e9 afin de garantir leur puret\u00e9, leur puissance et leur coh\u00e9rence. Nous travaillons avec des fournisseurs de confiance et respectons des normes strictes afin de fournir des produits qui r\u00e9pondent aux normes scientifiques les plus \u00e9lev\u00e9es.<\/p>\n<p><strong>Pourquoi choisir ChemsXpress pour l'ECP-O ?<\/strong><\/p>\n<ul>\n<li><strong>Qualit\u00e9 sup\u00e9rieure :<\/strong> Nous nous engageons \u00e0 fournir aux chercheurs des O-PCE et des produits chimiques de recherche de la plus haute qualit\u00e9. Nos produits proviennent de fournisseurs r\u00e9put\u00e9s et sont soumis \u00e0 des tests approfondis afin de garantir leur puret\u00e9 et leur puissance.<\/li>\n<li><strong>Exp\u00e9dition rapide :<\/strong> Nous comprenons l'importance d'une livraison rapide pour les projets de recherche. C'est pourquoi nous proposons des options d'exp\u00e9dition rapides et fiables afin que votre commande vous parvienne rapidement et en toute s\u00e9curit\u00e9.<\/li>\n<li><strong>Support d\u00e9di\u00e9 :<\/strong> Notre \u00e9quipe est l\u00e0 pour vous aider \u00e0 chaque \u00e9tape. Que vous ayez des questions sur les sp\u00e9cifications des produits, les d\u00e9tails d'exp\u00e9dition ou les demandes de renseignements sur les commandes, notre personnel comp\u00e9tent est \u00e0 votre disposition pour vous fournir une assistance rapide et utile.<\/li>\n<\/ul>\n<p><strong>Acheter l'O-PCE en ligne aujourd'hui<\/strong><\/p>\n<p>Pr\u00eat \u00e0 explorer le potentiel de l'O-PCE dans votre recherche ? Parcourez notre catalogue et passez votre commande en toute confiance. Avec ChemsXpress comme partenaire de confiance, vous pouvez mener vos recherches scientifiques avec assurance et pr\u00e9cision.<\/p>\n<p>Merci d'avoir choisi <a href=\"https:\/\/chemsxpress.com\/fr\/\">ChemsXpress<\/a> pour vos besoins en produits chimiques de recherche. Nous nous r\u00e9jouissons de vous servir !<\/p>","protected":false},"excerpt":{"rendered":"<p><strong>Nom IUPAC :<\/strong><\/p>\n<p><strong>Forme : <\/strong>granul\u00e9s<\/p>\n<p><strong>Analyse RMN : <\/strong>N\/A<\/p>","protected":false},"featured_media":28906,"comment_status":"open","ping_status":"closed","template":"","meta":[],"product_brand":[],"product_cat":[83],"product_tag":[],"class_list":{"0":"post-28889","1":"product","2":"type-product","3":"status-publish","4":"has-post-thumbnail","6":"product_cat-pellets","8":"first","9":"instock","10":"shipping-taxable","11":"purchasable","12":"product-type-variable"},"yoast_head":"<!-- This site is optimized with the Yoast SEO Premium plugin v24.1 (Yoast SEO v27.4) - https:\/\/yoast.com\/product\/yoast-seo-premium-wordpress\/ -->\n<title>Buy O-PCE Online: Research Chemicals | ChemsXpress<\/title>\n<meta name=\"description\" content=\"Discover O-PCE at ChemsXpress. Premium research chemicals, fast shipping. Trust our quality assurance for all your research needs. Order now\" \/>\n<meta name=\"robots\" content=\"index, follow, max-snippet:-1, max-image-preview:large, max-video-preview:-1\" \/>\n<link rel=\"canonical\" href=\"https:\/\/chemsxpress.com\/fr\/produit\/acheter-o-pce-en-ligne\/\" \/>\n<meta property=\"og:locale\" content=\"fr_FR\" \/>\n<meta property=\"og:type\" content=\"article\" \/>\n<meta property=\"og:title\" content=\"O-PCE 10mg pellets\" \/>\n<meta property=\"og:description\" content=\"Discover O-PCE at ChemsXpress. Premium research chemicals, fast shipping. Trust our quality assurance for all your research needs. Order now\" \/>\n<meta property=\"og:url\" content=\"https:\/\/chemsxpress.com\/fr\/produit\/acheter-o-pce-en-ligne\/\" \/>\n<meta property=\"og:site_name\" content=\"SHOP MDPHP\" \/>\n<meta property=\"article:modified_time\" content=\"2025-05-29T10:36:36+00:00\" \/>\n<meta property=\"og:image\" content=\"https:\/\/chemsxpress.com\/wp-content\/uploads\/2024\/04\/O-PCE-10mg-pellets.jpg\" \/>\n\t<meta property=\"og:image:width\" content=\"600\" \/>\n\t<meta property=\"og:image:height\" content=\"600\" \/>\n\t<meta property=\"og:image:type\" content=\"image\/jpeg\" \/>\n<meta name=\"twitter:card\" content=\"summary_large_image\" \/>\n<meta name=\"twitter:label1\" content=\"Dur\u00e9e de lecture estim\u00e9e\" \/>\n\t<meta name=\"twitter:data1\" content=\"2 minutes\" \/>\n<script type=\"application\/ld+json\" class=\"yoast-schema-graph\">{\"@context\":\"https:\\\/\\\/schema.org\",\"@graph\":[{\"@type\":\"WebPage\",\"@id\":\"https:\\\/\\\/chemsxpress.com\\\/product\\\/buy-o-pce-online\\\/\",\"url\":\"https:\\\/\\\/chemsxpress.com\\\/product\\\/buy-o-pce-online\\\/\",\"name\":\"Buy O-PCE Online: Research Chemicals | ChemsXpress\",\"isPartOf\":{\"@id\":\"https:\\\/\\\/chemsxpress.com\\\/#website\"},\"primaryImageOfPage\":{\"@id\":\"https:\\\/\\\/chemsxpress.com\\\/product\\\/buy-o-pce-online\\\/#primaryimage\"},\"image\":{\"@id\":\"https:\\\/\\\/chemsxpress.com\\\/product\\\/buy-o-pce-online\\\/#primaryimage\"},\"thumbnailUrl\":\"https:\\\/\\\/chemsxpress.com\\\/wp-content\\\/uploads\\\/2024\\\/04\\\/O-PCE-10mg-pellets.jpg\",\"datePublished\":\"2024-04-29T13:19:10+00:00\",\"dateModified\":\"2025-05-29T10:36:36+00:00\",\"description\":\"Discover O-PCE at ChemsXpress. Premium research chemicals, fast shipping. Trust our quality assurance for all your research needs. Order now\",\"breadcrumb\":{\"@id\":\"https:\\\/\\\/chemsxpress.com\\\/product\\\/buy-o-pce-online\\\/#breadcrumb\"},\"inLanguage\":\"fr-FR\",\"potentialAction\":[{\"@type\":\"ReadAction\",\"target\":[\"https:\\\/\\\/chemsxpress.com\\\/product\\\/buy-o-pce-online\\\/\"]}]},{\"@type\":\"ImageObject\",\"inLanguage\":\"fr-FR\",\"@id\":\"https:\\\/\\\/chemsxpress.com\\\/product\\\/buy-o-pce-online\\\/#primaryimage\",\"url\":\"https:\\\/\\\/chemsxpress.com\\\/wp-content\\\/uploads\\\/2024\\\/04\\\/O-PCE-10mg-pellets.jpg\",\"contentUrl\":\"https:\\\/\\\/chemsxpress.com\\\/wp-content\\\/uploads\\\/2024\\\/04\\\/O-PCE-10mg-pellets.jpg\",\"width\":600,\"height\":600,\"caption\":\"Buy O-PCE online\"},{\"@type\":\"BreadcrumbList\",\"@id\":\"https:\\\/\\\/chemsxpress.com\\\/product\\\/buy-o-pce-online\\\/#breadcrumb\",\"itemListElement\":[{\"@type\":\"ListItem\",\"position\":1,\"name\":\"Home\",\"item\":\"https:\\\/\\\/chemsxpress.com\\\/\"},{\"@type\":\"ListItem\",\"position\":2,\"name\":\"Shop\",\"item\":\"https:\\\/\\\/chemsxpress.com\\\/shop\\\/\"},{\"@type\":\"ListItem\",\"position\":3,\"name\":\"O-PCE 10mg pellets\"}]},{\"@type\":\"WebSite\",\"@id\":\"https:\\\/\\\/chemsxpress.com\\\/#website\",\"url\":\"https:\\\/\\\/chemsxpress.com\\\/\",\"name\":\"SHOP MDPHP\",\"description\":\"Buy MDPHP freebase from reliable supplier\",\"potentialAction\":[{\"@type\":\"SearchAction\",\"target\":{\"@type\":\"EntryPoint\",\"urlTemplate\":\"https:\\\/\\\/chemsxpress.com\\\/?s={search_term_string}\"},\"query-input\":{\"@type\":\"PropertyValueSpecification\",\"valueRequired\":true,\"valueName\":\"search_term_string\"}}],\"inLanguage\":\"fr-FR\"}]}<\/script>\n<!-- \/ Yoast SEO Premium plugin. -->","yoast_head_json":{"title":"Achetez 3-Me-PCE en ligne\u00a0: produits chimiques de recherche de qualit\u00e9 | ChemsXpress","description":"D\u00e9couvrez Pink Star Pellets sur ChemsXpress. Produits chimiques de recherche de premi\u00e8re qualit\u00e9, livraison rapide. Faites confiance \u00e0 notre assurance qualit\u00e9 pour tous vos besoins de recherche. Commandez maintenant","robots":{"index":"index","follow":"follow","max-snippet":"max-snippet:-1","max-image-preview":"max-image-preview:large","max-video-preview":"max-video-preview:-1"},"canonical":"https:\/\/chemsxpress.com\/fr\/produit\/acheter-o-pce-en-ligne\/","og_locale":"fr_FR","og_type":"article","og_title":"O-PCE 10mg pellets","og_description":"Discover O-PCE at ChemsXpress. Premium research chemicals, fast shipping. Trust our quality assurance for all your research needs. Order now","og_url":"https:\/\/chemsxpress.com\/fr\/produit\/acheter-o-pce-en-ligne\/","og_site_name":"SHOP MDPHP","article_modified_time":"2025-05-29T10:36:36+00:00","og_image":[{"width":600,"height":600,"url":"https:\/\/chemsxpress.com\/wp-content\/uploads\/2024\/04\/O-PCE-10mg-pellets.jpg","type":"image\/jpeg"}],"twitter_card":"summary_large_image","twitter_misc":{"Dur\u00e9e de lecture estim\u00e9e":"2 minutes"},"schema":{"@context":"https:\/\/schema.org","@graph":[{"@type":"WebPage","@id":"https:\/\/chemsxpress.com\/product\/buy-o-pce-online\/","url":"https:\/\/chemsxpress.com\/product\/buy-o-pce-online\/","name":"Achetez 3-Me-PCE en ligne\u00a0: produits chimiques de recherche de qualit\u00e9 | ChemsXpress","isPartOf":{"@id":"https:\/\/chemsxpress.com\/#website"},"primaryImageOfPage":{"@id":"https:\/\/chemsxpress.com\/product\/buy-o-pce-online\/#primaryimage"},"image":{"@id":"https:\/\/chemsxpress.com\/product\/buy-o-pce-online\/#primaryimage"},"thumbnailUrl":"https:\/\/chemsxpress.com\/wp-content\/uploads\/2024\/04\/O-PCE-10mg-pellets.jpg","datePublished":"2024-04-29T13:19:10+00:00","dateModified":"2025-05-29T10:36:36+00:00","description":"D\u00e9couvrez Pink Star Pellets sur ChemsXpress. Produits chimiques de recherche de premi\u00e8re qualit\u00e9, livraison rapide. Faites confiance \u00e0 notre assurance qualit\u00e9 pour tous vos besoins de recherche. Commandez maintenant","breadcrumb":{"@id":"https:\/\/chemsxpress.com\/product\/buy-o-pce-online\/#breadcrumb"},"inLanguage":"fr-FR","potentialAction":[{"@type":"ReadAction","target":["https:\/\/chemsxpress.com\/product\/buy-o-pce-online\/"]}]},{"@type":"ImageObject","inLanguage":"fr-FR","@id":"https:\/\/chemsxpress.com\/product\/buy-o-pce-online\/#primaryimage","url":"https:\/\/chemsxpress.com\/wp-content\/uploads\/2024\/04\/O-PCE-10mg-pellets.jpg","contentUrl":"https:\/\/chemsxpress.com\/wp-content\/uploads\/2024\/04\/O-PCE-10mg-pellets.jpg","width":600,"height":600,"caption":"Buy O-PCE online"},{"@type":"BreadcrumbList","@id":"https:\/\/chemsxpress.com\/product\/buy-o-pce-online\/#breadcrumb","itemListElement":[{"@type":"ListItem","position":1,"name":"Home","item":"https:\/\/chemsxpress.com\/"},{"@type":"ListItem","position":2,"name":"Shop","item":"https:\/\/chemsxpress.com\/shop\/"},{"@type":"ListItem","position":3,"name":"O-PCE 10mg pellets"}]},{"@type":"WebSite","@id":"https:\/\/chemsxpress.com\/#website","url":"https:\/\/chemsxpress.com\/","name":"SHOP MDPHP","description":"Acheter MDPHP freebase aupr\u00e8s d'un fournisseur fiable","potentialAction":[{"@type":"SearchAction","target":{"@type":"EntryPoint","urlTemplate":"https:\/\/chemsxpress.com\/?s={search_term_string}"},"query-input":{"@type":"PropertyValueSpecification","valueRequired":true,"valueName":"search_term_string"}}],"inLanguage":"fr-FR"}]}},"jetpack_sharing_enabled":true,"_links":{"self":[{"href":"https:\/\/chemsxpress.com\/fr\/wp-json\/wp\/v2\/product\/28889","targetHints":{"allow":["GET"]}}],"collection":[{"href":"https:\/\/chemsxpress.com\/fr\/wp-json\/wp\/v2\/product"}],"about":[{"href":"https:\/\/chemsxpress.com\/fr\/wp-json\/wp\/v2\/types\/product"}],"replies":[{"embeddable":true,"href":"https:\/\/chemsxpress.com\/fr\/wp-json\/wp\/v2\/comments?post=28889"}],"version-history":[{"count":4,"href":"https:\/\/chemsxpress.com\/fr\/wp-json\/wp\/v2\/product\/28889\/revisions"}],"predecessor-version":[{"id":30032,"href":"https:\/\/chemsxpress.com\/fr\/wp-json\/wp\/v2\/product\/28889\/revisions\/30032"}],"wp:featuredmedia":[{"embeddable":true,"href":"https:\/\/chemsxpress.com\/fr\/wp-json\/wp\/v2\/media\/28906"}],"wp:attachment":[{"href":"https:\/\/chemsxpress.com\/fr\/wp-json\/wp\/v2\/media?parent=28889"}],"wp:term":[{"taxonomy":"product_brand","embeddable":true,"href":"https:\/\/chemsxpress.com\/fr\/wp-json\/wp\/v2\/product_brand?post=28889"},{"taxonomy":"product_cat","embeddable":true,"href":"https:\/\/chemsxpress.com\/fr\/wp-json\/wp\/v2\/product_cat?post=28889"},{"taxonomy":"product_tag","embeddable":true,"href":"https:\/\/chemsxpress.com\/fr\/wp-json\/wp\/v2\/product_tag?post=28889"}],"curies":[{"name":"wp","href":"https:\/\/api.w.org\/{rel}","templated":true}]}}