{"id":28891,"date":"2024-04-29T13:19:10","date_gmt":"2024-04-29T13:19:10","guid":{"rendered":"https:\/\/chemsxpress.com\/?post_type=product&#038;p=28891"},"modified":"2024-07-04T22:45:34","modified_gmt":"2024-07-04T22:45:34","slug":"acheter-mdphp-en-ligne","status":"publish","type":"product","link":"https:\/\/chemsxpress.com\/fr\/produit\/acheter-mdphp-en-ligne\/","title":{"rendered":"MDPHP granul\u00e9s 25mg"},"content":{"rendered":"<div id=\"tw-target-text\" class=\"tw-data-text tw-text-large tw-ta\" dir=\"ltr\" data-placeholder=\"Vertaling\">\n<h1>Acheter MDPHP en ligne<\/h1>\n<h6><strong>Bienvenue \u00e0 ChemsXpress : Votre source de confiance pour MDPHP et plus encore<\/strong><\/h6>\n<p>Acheter MDPHP en ligne chez ChemsXpress, nous sommes sp\u00e9cialis\u00e9s dans l'acc\u00e8s des chercheurs \u00e0 des produits chimiques de haute qualit\u00e9 pour leurs recherches scientifiques. Avec un engagement d'excellence et de satisfaction du client, nous nous effor\u00e7ons d'\u00eatre votre partenaire de confiance dans l'avancement de la connaissance et de la d\u00e9couverte scientifiques.<\/p>\n<p><strong>\u00c0 propos de MDPHP<\/strong><\/p>\n<p>Le MDPHP (3\u2032,4\u2032-M\u00e9thyl\u00e8nedioxy-\u03b1-pyrrolidinohexioph\u00e9none) est un stimulant synth\u00e9tique appartenant \u00e0 la classe des cathinones. Il est connu pour ses effets stimulants, notamment l'augmentation de l'\u00e9nergie, l'euphorie et l'am\u00e9lioration de la cognition. Les chercheurs sont int\u00e9ress\u00e9s par l'\u00e9tude de ses propri\u00e9t\u00e9s pharmacologiques et de ses applications th\u00e9rapeutiques potentielles.<\/p>\n<p><strong>Notre engagement en faveur de la qualit\u00e9<\/strong><\/p>\n<p>Au <a href=\"https:\/\/chemsxpress.com\/fr\/\">ChemsXpress,<\/a> nous donnons la priorit\u00e9 \u00e0 la qualit\u00e9 et \u00e0 la fiabilit\u00e9 dans tout ce que nous faisons. Nos MDPHP et autres <a href=\"https:\/\/chemsxpress.com\/fr\/categorie-produit\/produits-chimiques-de-recherche\/\">produits chimiques de recherche<\/a> sont soumis \u00e0 des tests rigoureux et \u00e0 des mesures de contr\u00f4le de la qualit\u00e9 afin de garantir leur puret\u00e9, leur puissance et leur coh\u00e9rence. Nous travaillons avec des fournisseurs de confiance et respectons des normes strictes afin de fournir des produits qui r\u00e9pondent aux normes scientifiques les plus \u00e9lev\u00e9es.<\/p>\n<p><strong>Pourquoi choisir ChemsXpress pour MDPHP ?<\/strong><\/p>\n<ul>\n<li><strong>Qualit\u00e9 sup\u00e9rieure :<\/strong> Nous nous engageons \u00e0 fournir aux chercheurs la meilleure qualit\u00e9 de MDPHP et de produits chimiques de recherche disponibles. Nos produits proviennent de fournisseurs r\u00e9put\u00e9s et sont soumis \u00e0 des tests approfondis afin de garantir leur puret\u00e9 et leur puissance.<\/li>\n<li><strong>Exp\u00e9dition rapide :<\/strong> Nous comprenons l'importance d'une livraison rapide pour les projets de recherche. C'est pourquoi nous proposons des options d'exp\u00e9dition rapides et fiables afin que votre commande vous parvienne rapidement et en toute s\u00e9curit\u00e9.<\/li>\n<li><strong>Support d\u00e9di\u00e9 :<\/strong> Notre \u00e9quipe est l\u00e0 pour vous aider \u00e0 chaque \u00e9tape. Que vous ayez des questions sur les sp\u00e9cifications des produits, les d\u00e9tails d'exp\u00e9dition ou les demandes de renseignements sur les commandes, notre personnel comp\u00e9tent est \u00e0 votre disposition pour vous fournir une assistance rapide et utile.<\/li>\n<\/ul>\n<p><strong>Achetez MDPHP en ligne d\u00e8s aujourd'hui.<\/strong><\/p>\n<p>Pr\u00eat \u00e0 explorer le potentiel de la MDPHP dans votre recherche ? Parcourez notre catalogue et passez votre commande en toute confiance. Avec ChemsXpress comme partenaire de confiance, vous pouvez mener vos recherches scientifiques avec assurance et pr\u00e9cision.<\/p>\n<p>Nous vous remercions d'avoir choisi ChemsXpress pour vos besoins en produits chimiques de recherche. Nous sommes impatients de vous servir !<\/p>\n<p><span class=\"Y2IQFc\" lang=\"en\"><strong>Tous les produits sont vendus pour un usage en laboratoire uniquement, et non pour la consommation humaine.<\/strong><\/span><\/p>\n<p>Qu'est-ce que le 4F-MPH ?<\/p>\n<\/div>\n<div class=\"tw-data-text tw-text-large tw-ta\" dir=\"ltr\" data-placeholder=\"Vertaling\"><span class=\"Y2IQFc\" lang=\"en\">MDPHP <a href=\"https:\/\/chemsxpress.com\/fr\/produit\/acheter-des-pastilles-de-bromonordiazepam\/\">pastilles 25mg<\/a> est un produit chimique de recherche qui appartient \u00e0 la classe des produits fluor\u00e9s.\u00a0<\/span><\/div>\n<div dir=\"ltr\" data-placeholder=\"Vertaling\"><\/div>\n<div class=\"tw-data-text tw-text-large tw-ta\" dir=\"ltr\" data-placeholder=\"Vertaling\"><span class=\"Y2IQFc\" lang=\"en\"><strong>Informations importantes lors de l'achat du 4F-MPH<\/strong><\/span><\/div>\n<div class=\"tw-data-text tw-text-large tw-ta\" dir=\"ltr\" data-placeholder=\"Vertaling\"><span class=\"Y2IQFc\" lang=\"en\">- Vente uniquement \u00e0 des fins de recherche<\/span><\/div>\n<div class=\"tw-data-text tw-text-large tw-ta\" dir=\"ltr\" data-placeholder=\"Vertaling\"><span class=\"Y2IQFc\" lang=\"en\">- Emp\u00eacher le rejet de substances chimiques de recherche dans l'environnement<\/span><\/div>\n<div class=\"tw-data-text tw-text-large tw-ta\" dir=\"ltr\" data-placeholder=\"Vertaling\"><\/div>\n<div class=\"tw-data-text tw-text-large tw-ta\" dir=\"ltr\" data-placeholder=\"Vertaling\"><span class=\"Y2IQFc\" lang=\"en\"><strong>Avertissements 4F-MPH<\/strong><\/span><\/div>\n<div class=\"tw-data-text tw-text-large tw-ta\" dir=\"ltr\" data-placeholder=\"Vertaling\"><span class=\"Y2IQFc\" lang=\"en\">- Le 4F-MPH peut provoquer une irritation des voies respiratoires<\/span><\/div>\n<div class=\"tw-data-text tw-text-large tw-ta\" dir=\"ltr\" data-placeholder=\"Vertaling\"><span class=\"Y2IQFc\" lang=\"en\">- Le 4F-MPH peut provoquer une irritation des yeux<\/span><\/div>\n<div class=\"tw-data-text tw-text-large tw-ta\" dir=\"ltr\" data-placeholder=\"Vertaling\"><\/div>\n<div class=\"tw-data-text tw-text-large tw-ta\" dir=\"ltr\" data-placeholder=\"Vertaling\"><span class=\"Y2IQFc\" lang=\"en\"><strong>Quelle est la meilleure fa\u00e7on de conserver le 4F-MPH ?<\/strong><\/span><\/div>\n<div class=\"tw-data-text tw-text-large tw-ta\" dir=\"ltr\" data-placeholder=\"Vertaling\"><span class=\"Y2IQFc\" lang=\"en\">La meilleure fa\u00e7on de conserver le 4F-MPH est de le stocker dans un endroit frais et sec. Le 4F-MPH doit \u00eatre conserv\u00e9 \u00e0 l'\u00e9cart de la chaleur et des flammes nues. Avec un stockage appropri\u00e9, les produits chimiques de recherche peuvent \u00eatre conserv\u00e9s pendant au moins 1 \u00e0 2 ans. Commander MDPHP <a href=\"https:\/\/chemsxpress.com\/fr\/produit\/acheter-des-pastilles-de-cbd-en-ligne\/\">pastilles 25mg<\/a> en ligne. Livraison simple, discr\u00e8te et rapide. Nous exp\u00e9dions gratuitement 4F-MPH<\/span><\/div>","protected":false},"excerpt":{"rendered":"<p><strong>Forme : <\/strong>HCL en pastilles<\/p>\n<p><strong>Analyse RMN : <\/strong>N\/A<\/p>","protected":false},"featured_media":28912,"comment_status":"open","ping_status":"closed","template":"","meta":[],"product_brand":[],"product_cat":[83],"product_tag":[],"class_list":{"0":"post-28891","1":"product","2":"type-product","3":"status-publish","4":"has-post-thumbnail","6":"product_cat-pellets","8":"first","9":"instock","10":"shipping-taxable","11":"purchasable","12":"product-type-variable"},"yoast_head":"<!-- This site is optimized with the Yoast SEO Premium plugin v24.1 (Yoast SEO v27.4) - https:\/\/yoast.com\/product\/yoast-seo-premium-wordpress\/ -->\n<title>Buy MDPHP Online: Quality Research Chemicals | ChemsXpress<\/title>\n<meta name=\"description\" content=\"Discover MDPHP at ChemsXpress. Premium research chemicals, fast shipping. Trust our quality assurance for all your research needs. Order now\" \/>\n<meta name=\"robots\" content=\"index, follow, max-snippet:-1, max-image-preview:large, max-video-preview:-1\" \/>\n<link rel=\"canonical\" href=\"https:\/\/chemsxpress.com\/fr\/produit\/acheter-mdphp-en-ligne\/\" \/>\n<meta property=\"og:locale\" content=\"fr_FR\" \/>\n<meta property=\"og:type\" content=\"article\" \/>\n<meta property=\"og:title\" content=\"MDPHP pellets 25mg\" \/>\n<meta property=\"og:description\" content=\"Discover MDPHP at ChemsXpress. Premium research chemicals, fast shipping. Trust our quality assurance for all your research needs. Order now\" \/>\n<meta property=\"og:url\" content=\"https:\/\/chemsxpress.com\/fr\/produit\/acheter-mdphp-en-ligne\/\" \/>\n<meta property=\"og:site_name\" content=\"SHOP MDPHP\" \/>\n<meta property=\"article:modified_time\" content=\"2024-07-04T22:45:34+00:00\" \/>\n<meta property=\"og:image\" content=\"https:\/\/chemsxpress.com\/wp-content\/uploads\/2024\/04\/MDPHP-pellets-25mg.jpg\" \/>\n\t<meta property=\"og:image:width\" content=\"600\" \/>\n\t<meta property=\"og:image:height\" content=\"600\" \/>\n\t<meta property=\"og:image:type\" content=\"image\/jpeg\" \/>\n<meta name=\"twitter:card\" content=\"summary_large_image\" \/>\n<meta name=\"twitter:label1\" content=\"Dur\u00e9e de lecture estim\u00e9e\" \/>\n\t<meta name=\"twitter:data1\" content=\"3 minutes\" \/>\n<script type=\"application\/ld+json\" class=\"yoast-schema-graph\">{\"@context\":\"https:\\\/\\\/schema.org\",\"@graph\":[{\"@type\":\"WebPage\",\"@id\":\"https:\\\/\\\/chemsxpress.com\\\/product\\\/buy-mdphp-online\\\/\",\"url\":\"https:\\\/\\\/chemsxpress.com\\\/product\\\/buy-mdphp-online\\\/\",\"name\":\"Buy MDPHP Online: Quality Research Chemicals | ChemsXpress\",\"isPartOf\":{\"@id\":\"https:\\\/\\\/chemsxpress.com\\\/#website\"},\"primaryImageOfPage\":{\"@id\":\"https:\\\/\\\/chemsxpress.com\\\/product\\\/buy-mdphp-online\\\/#primaryimage\"},\"image\":{\"@id\":\"https:\\\/\\\/chemsxpress.com\\\/product\\\/buy-mdphp-online\\\/#primaryimage\"},\"thumbnailUrl\":\"https:\\\/\\\/chemsxpress.com\\\/wp-content\\\/uploads\\\/2024\\\/04\\\/MDPHP-pellets-25mg.jpg\",\"datePublished\":\"2024-04-29T13:19:10+00:00\",\"dateModified\":\"2024-07-04T22:45:34+00:00\",\"description\":\"Discover MDPHP at ChemsXpress. Premium research chemicals, fast shipping. Trust our quality assurance for all your research needs. Order now\",\"breadcrumb\":{\"@id\":\"https:\\\/\\\/chemsxpress.com\\\/product\\\/buy-mdphp-online\\\/#breadcrumb\"},\"inLanguage\":\"fr-FR\",\"potentialAction\":[{\"@type\":\"ReadAction\",\"target\":[\"https:\\\/\\\/chemsxpress.com\\\/product\\\/buy-mdphp-online\\\/\"]}]},{\"@type\":\"ImageObject\",\"inLanguage\":\"fr-FR\",\"@id\":\"https:\\\/\\\/chemsxpress.com\\\/product\\\/buy-mdphp-online\\\/#primaryimage\",\"url\":\"https:\\\/\\\/chemsxpress.com\\\/wp-content\\\/uploads\\\/2024\\\/04\\\/MDPHP-pellets-25mg.jpg\",\"contentUrl\":\"https:\\\/\\\/chemsxpress.com\\\/wp-content\\\/uploads\\\/2024\\\/04\\\/MDPHP-pellets-25mg.jpg\",\"width\":600,\"height\":600,\"caption\":\"Buy MDPHP Online\"},{\"@type\":\"BreadcrumbList\",\"@id\":\"https:\\\/\\\/chemsxpress.com\\\/product\\\/buy-mdphp-online\\\/#breadcrumb\",\"itemListElement\":[{\"@type\":\"ListItem\",\"position\":1,\"name\":\"Home\",\"item\":\"https:\\\/\\\/chemsxpress.com\\\/\"},{\"@type\":\"ListItem\",\"position\":2,\"name\":\"Shop\",\"item\":\"https:\\\/\\\/chemsxpress.com\\\/shop\\\/\"},{\"@type\":\"ListItem\",\"position\":3,\"name\":\"MDPHP pellets 25mg\"}]},{\"@type\":\"WebSite\",\"@id\":\"https:\\\/\\\/chemsxpress.com\\\/#website\",\"url\":\"https:\\\/\\\/chemsxpress.com\\\/\",\"name\":\"SHOP MDPHP\",\"description\":\"Buy MDPHP freebase from reliable supplier\",\"potentialAction\":[{\"@type\":\"SearchAction\",\"target\":{\"@type\":\"EntryPoint\",\"urlTemplate\":\"https:\\\/\\\/chemsxpress.com\\\/?s={search_term_string}\"},\"query-input\":{\"@type\":\"PropertyValueSpecification\",\"valueRequired\":true,\"valueName\":\"search_term_string\"}}],\"inLanguage\":\"fr-FR\"}]}<\/script>\n<!-- \/ Yoast SEO Premium plugin. -->","yoast_head_json":{"title":"Achetez du MDPHP en ligne\u00a0: produits chimiques de recherche de qualit\u00e9 | ChemsXpress","description":"D\u00e9couvrez Pink Star Pellets sur ChemsXpress. Produits chimiques de recherche de premi\u00e8re qualit\u00e9, livraison rapide. Faites confiance \u00e0 notre assurance qualit\u00e9 pour tous vos besoins de recherche. Commandez maintenant","robots":{"index":"index","follow":"follow","max-snippet":"max-snippet:-1","max-image-preview":"max-image-preview:large","max-video-preview":"max-video-preview:-1"},"canonical":"https:\/\/chemsxpress.com\/fr\/produit\/acheter-mdphp-en-ligne\/","og_locale":"fr_FR","og_type":"article","og_title":"MDPHP pellets 25mg","og_description":"Discover MDPHP at ChemsXpress. Premium research chemicals, fast shipping. Trust our quality assurance for all your research needs. Order now","og_url":"https:\/\/chemsxpress.com\/fr\/produit\/acheter-mdphp-en-ligne\/","og_site_name":"SHOP MDPHP","article_modified_time":"2024-07-04T22:45:34+00:00","og_image":[{"width":600,"height":600,"url":"https:\/\/chemsxpress.com\/wp-content\/uploads\/2024\/04\/MDPHP-pellets-25mg.jpg","type":"image\/jpeg"}],"twitter_card":"summary_large_image","twitter_misc":{"Dur\u00e9e de lecture estim\u00e9e":"3 minutes"},"schema":{"@context":"https:\/\/schema.org","@graph":[{"@type":"WebPage","@id":"https:\/\/chemsxpress.com\/product\/buy-mdphp-online\/","url":"https:\/\/chemsxpress.com\/product\/buy-mdphp-online\/","name":"Achetez du MDPHP en ligne\u00a0: produits chimiques de recherche de qualit\u00e9 | ChemsXpress","isPartOf":{"@id":"https:\/\/chemsxpress.com\/#website"},"primaryImageOfPage":{"@id":"https:\/\/chemsxpress.com\/product\/buy-mdphp-online\/#primaryimage"},"image":{"@id":"https:\/\/chemsxpress.com\/product\/buy-mdphp-online\/#primaryimage"},"thumbnailUrl":"https:\/\/chemsxpress.com\/wp-content\/uploads\/2024\/04\/MDPHP-pellets-25mg.jpg","datePublished":"2024-04-29T13:19:10+00:00","dateModified":"2024-07-04T22:45:34+00:00","description":"D\u00e9couvrez Pink Star Pellets sur ChemsXpress. Produits chimiques de recherche de premi\u00e8re qualit\u00e9, livraison rapide. Faites confiance \u00e0 notre assurance qualit\u00e9 pour tous vos besoins de recherche. Commandez maintenant","breadcrumb":{"@id":"https:\/\/chemsxpress.com\/product\/buy-mdphp-online\/#breadcrumb"},"inLanguage":"fr-FR","potentialAction":[{"@type":"ReadAction","target":["https:\/\/chemsxpress.com\/product\/buy-mdphp-online\/"]}]},{"@type":"ImageObject","inLanguage":"fr-FR","@id":"https:\/\/chemsxpress.com\/product\/buy-mdphp-online\/#primaryimage","url":"https:\/\/chemsxpress.com\/wp-content\/uploads\/2024\/04\/MDPHP-pellets-25mg.jpg","contentUrl":"https:\/\/chemsxpress.com\/wp-content\/uploads\/2024\/04\/MDPHP-pellets-25mg.jpg","width":600,"height":600,"caption":"Buy MDPHP Online"},{"@type":"BreadcrumbList","@id":"https:\/\/chemsxpress.com\/product\/buy-mdphp-online\/#breadcrumb","itemListElement":[{"@type":"ListItem","position":1,"name":"Home","item":"https:\/\/chemsxpress.com\/"},{"@type":"ListItem","position":2,"name":"Shop","item":"https:\/\/chemsxpress.com\/shop\/"},{"@type":"ListItem","position":3,"name":"MDPHP pellets 25mg"}]},{"@type":"WebSite","@id":"https:\/\/chemsxpress.com\/#website","url":"https:\/\/chemsxpress.com\/","name":"SHOP MDPHP","description":"Acheter MDPHP freebase aupr\u00e8s d'un fournisseur fiable","potentialAction":[{"@type":"SearchAction","target":{"@type":"EntryPoint","urlTemplate":"https:\/\/chemsxpress.com\/?s={search_term_string}"},"query-input":{"@type":"PropertyValueSpecification","valueRequired":true,"valueName":"search_term_string"}}],"inLanguage":"fr-FR"}]}},"jetpack_sharing_enabled":true,"_links":{"self":[{"href":"https:\/\/chemsxpress.com\/fr\/wp-json\/wp\/v2\/product\/28891","targetHints":{"allow":["GET"]}}],"collection":[{"href":"https:\/\/chemsxpress.com\/fr\/wp-json\/wp\/v2\/product"}],"about":[{"href":"https:\/\/chemsxpress.com\/fr\/wp-json\/wp\/v2\/types\/product"}],"replies":[{"embeddable":true,"href":"https:\/\/chemsxpress.com\/fr\/wp-json\/wp\/v2\/comments?post=28891"}],"version-history":[{"count":4,"href":"https:\/\/chemsxpress.com\/fr\/wp-json\/wp\/v2\/product\/28891\/revisions"}],"predecessor-version":[{"id":30034,"href":"https:\/\/chemsxpress.com\/fr\/wp-json\/wp\/v2\/product\/28891\/revisions\/30034"}],"wp:featuredmedia":[{"embeddable":true,"href":"https:\/\/chemsxpress.com\/fr\/wp-json\/wp\/v2\/media\/28912"}],"wp:attachment":[{"href":"https:\/\/chemsxpress.com\/fr\/wp-json\/wp\/v2\/media?parent=28891"}],"wp:term":[{"taxonomy":"product_brand","embeddable":true,"href":"https:\/\/chemsxpress.com\/fr\/wp-json\/wp\/v2\/product_brand?post=28891"},{"taxonomy":"product_cat","embeddable":true,"href":"https:\/\/chemsxpress.com\/fr\/wp-json\/wp\/v2\/product_cat?post=28891"},{"taxonomy":"product_tag","embeddable":true,"href":"https:\/\/chemsxpress.com\/fr\/wp-json\/wp\/v2\/product_tag?post=28891"}],"curies":[{"name":"wp","href":"https:\/\/api.w.org\/{rel}","templated":true}]}}