{"id":28892,"date":"2024-04-29T13:19:10","date_gmt":"2024-04-29T13:19:10","guid":{"rendered":"https:\/\/chemsxpress.com\/?post_type=product&#038;p=28892"},"modified":"2025-05-22T21:23:22","modified_gmt":"2025-05-22T21:23:22","slug":"buy-2-fdck-ketamine-online","status":"publish","type":"product","link":"https:\/\/chemsxpress.com\/fr\/produit\/buy-2-fdck-ketamine-online\/","title":{"rendered":"2-FDCK pastilles 50mg"},"content":{"rendered":"<h1>Acheter 2-FDCK K\u00e9tamine<\/h1>\n<h2>Informations sur la 2F-K\u00e9tamine<\/h2>\n<p>Acheter de la 2-FDCK K\u00e9tamine, 2F-K\u00e9tamine, \u00e9galement connue sous le nom de 2-fdck, est similaire \u00e0 la k\u00e9tamine utilis\u00e9e dans le monde m\u00e9dical. Il s'agit d'une substance dissociative peu connue appartenant \u00e0 la classe des arylcyclohexylamines.<\/p>\n<p>Actuellement, la 2F-K\u00e9tamine est disponible sous forme de poudre.<\/p>\n<p>Selon les rapports des laboratoires, il existe de nombreuses similitudes entre la k\u00e9tamine et la 2F-K\u00e9tamine (2-FDCK). D'un point de vue chimique, leurs structures sont presque identiques. La diff\u00e9rence r\u00e9side dans la composition, o\u00f9 le composant chlore est remplac\u00e9 par un composant fluor.<\/p>\n<h2>K\u00e9tamine, la chimie<\/h2>\n<p>Le 2-FDCK est une arylcyclohexylamine (ACH) dont le nom chimique est 2-(2-chloroph\u00e9nyl)-2-(m\u00e9thylamino)cyclohexanone. Il s'agit d'une substance blanche <a href=\"https:\/\/chemsxpress.com\/fr\/produit\/acheter-3-mmc-poudre-cristalline\/\">poudre cristalline<\/a> qui est soluble dans l'eau et les solvants organiques tels que l'\u00e9thanol et l'ac\u00e9tone.<\/p>\n<p><strong>Nom IUPAC :<\/strong>\u00a02-(2-Fluoroph\u00e9nyl)-2-m\u00e9thylamino-cyclohexanone<br \/>\n<strong>Disponible en tant que :<\/strong>\u00a0poudre, cristaux<br \/>\n<strong>La puret\u00e9 :<\/strong>\u00a098%+<br \/>\n<strong>Couleur :<\/strong>\u00a0blanc<br \/>\n<strong>Nom syst\u00e9matique :<\/strong>\u00a0(R\/S)-2-(2-fluoroph\u00e9nyl)-2-(m\u00e9thylamino)cyclohexanone<br \/>\n<strong>Formule :<\/strong>\u00a0C13H16FNO<br \/>\n<strong>Classe chimique :<\/strong>\u00a0Arylcyclohexylamine<\/p>\n<h2>Comment la k\u00e9tamine est-elle utilis\u00e9e ?<\/h2>\n<p>Si vous effectuez des recherches avec ce produit, veillez \u00e0 prendre les pr\u00e9cautions de laboratoire n\u00e9cessaires, telles que le nettoyage des surfaces et le port de gants, d'un masque et de v\u00eatements de protection.<\/p>\n<h3>Quelle est la meilleure fa\u00e7on de conserver le 2-FDCK ?<\/h3>\n<p>Pour stocker votre <a href=\"https:\/\/chemsxpress.com\/fr\/categorie-produit\/produits-chimiques-de-recherche\/\">produits chimiques de recherche<\/a> Pour garantir une bonne conservation et une dur\u00e9e de vie optimale, il est fortement recommand\u00e9 de les conserver dans un environnement sec et frais.<\/p>\n<p>Dans la mesure du possible, conserver le 2-FDCK \u00e0 l'\u00e9cart des flammes nues et de la chaleur. Les produits chimiques de recherche peuvent \u00eatre conserv\u00e9s pendant au moins 1 \u00e0 2 ans.<\/p>\n<p>Au <a href=\"https:\/\/chemsxpress.com\/fr\/\">ChemsXpress<\/a>Nous sommes sp\u00e9cialis\u00e9s dans l'acc\u00e8s des chercheurs \u00e0 des produits chimiques de haute qualit\u00e9 pour leurs recherches scientifiques. Avec un engagement d'excellence et de satisfaction du client, nous nous effor\u00e7ons d'\u00eatre votre partenaire de confiance dans l'avancement de la connaissance et de la d\u00e9couverte scientifiques.<\/p>\n<p><strong>A propos de la 2-FDCK K\u00e9tamine<\/strong><\/p>\n<p>La 2-Fluorodeschloroc\u00e9tamine (2-FDCK) est un produit chimique de recherche dissociatif dont la structure est apparent\u00e9e \u00e0 celle de la k\u00e9tamine. Il est connu pour ses effets dissociatifs et anesth\u00e9siques, ce qui en fait un sujet d'int\u00e9r\u00eat pour les chercheurs qui \u00e9tudient la conscience, la perception et l'anesth\u00e9sie. Le 2-FDCK est souvent utilis\u00e9 comme outil de recherche en laboratoire pour explorer ses propri\u00e9t\u00e9s pharmacologiques et ses applications th\u00e9rapeutiques potentielles.<\/p>","protected":false},"excerpt":{"rendered":"<p><strong>Analyse RMN : <\/strong>N\/A<\/p>","protected":false},"featured_media":28915,"comment_status":"open","ping_status":"closed","template":"","meta":[],"product_brand":[],"product_cat":[83],"product_tag":[],"class_list":{"0":"post-28892","1":"product","2":"type-product","3":"status-publish","4":"has-post-thumbnail","6":"product_cat-pellets","8":"first","9":"instock","10":"shipping-taxable","11":"purchasable","12":"product-type-variable"},"yoast_head":"<!-- This site is optimized with the Yoast SEO Premium plugin v24.1 (Yoast SEO v27.4) - https:\/\/yoast.com\/product\/yoast-seo-premium-wordpress\/ -->\n<title>Buy 2-FDCK Ketamine Online: Quality RC&#039;s | ChemsXpress<\/title>\n<meta name=\"description\" content=\"Buy 2-FDCK Ketamine online at ChemsXpress. Premium research chemicals, fast shipping. Trust our quality assurance for all your research needs. Order now\" \/>\n<meta name=\"robots\" content=\"index, follow, max-snippet:-1, max-image-preview:large, max-video-preview:-1\" \/>\n<link rel=\"canonical\" href=\"https:\/\/chemsxpress.com\/fr\/produit\/buy-2-fdck-ketamine-online\/\" \/>\n<meta property=\"og:locale\" content=\"fr_FR\" \/>\n<meta property=\"og:type\" content=\"article\" \/>\n<meta property=\"og:title\" content=\"2-FDCK pellets 50mg\" \/>\n<meta property=\"og:description\" content=\"Buy 2-FDCK Ketamine online at ChemsXpress. Premium research chemicals, fast shipping. Trust our quality assurance for all your research needs. Order now\" \/>\n<meta property=\"og:url\" content=\"https:\/\/chemsxpress.com\/fr\/produit\/buy-2-fdck-ketamine-online\/\" \/>\n<meta property=\"og:site_name\" content=\"SHOP MDPHP\" \/>\n<meta property=\"article:modified_time\" content=\"2025-05-22T21:23:22+00:00\" \/>\n<meta property=\"og:image\" content=\"https:\/\/chemsxpress.com\/wp-content\/uploads\/2024\/04\/2-FDCK-pellets-50mg.jpg\" \/>\n\t<meta property=\"og:image:width\" content=\"600\" \/>\n\t<meta property=\"og:image:height\" content=\"600\" \/>\n\t<meta property=\"og:image:type\" content=\"image\/jpeg\" \/>\n<meta name=\"twitter:card\" content=\"summary_large_image\" \/>\n<meta name=\"twitter:label1\" content=\"Dur\u00e9e de lecture estim\u00e9e\" \/>\n\t<meta name=\"twitter:data1\" content=\"2 minutes\" \/>\n<script type=\"application\/ld+json\" class=\"yoast-schema-graph\">{\"@context\":\"https:\\\/\\\/schema.org\",\"@graph\":[{\"@type\":\"WebPage\",\"@id\":\"https:\\\/\\\/chemsxpress.com\\\/product\\\/buy-2-fdck-ketamine-online\\\/\",\"url\":\"https:\\\/\\\/chemsxpress.com\\\/product\\\/buy-2-fdck-ketamine-online\\\/\",\"name\":\"Buy 2-FDCK Ketamine Online: Quality RC's | ChemsXpress\",\"isPartOf\":{\"@id\":\"https:\\\/\\\/chemsxpress.com\\\/#website\"},\"primaryImageOfPage\":{\"@id\":\"https:\\\/\\\/chemsxpress.com\\\/product\\\/buy-2-fdck-ketamine-online\\\/#primaryimage\"},\"image\":{\"@id\":\"https:\\\/\\\/chemsxpress.com\\\/product\\\/buy-2-fdck-ketamine-online\\\/#primaryimage\"},\"thumbnailUrl\":\"https:\\\/\\\/chemsxpress.com\\\/wp-content\\\/uploads\\\/2024\\\/04\\\/2-FDCK-pellets-50mg.jpg\",\"datePublished\":\"2024-04-29T13:19:10+00:00\",\"dateModified\":\"2025-05-22T21:23:22+00:00\",\"description\":\"Buy 2-FDCK Ketamine online at ChemsXpress. Premium research chemicals, fast shipping. Trust our quality assurance for all your research needs. Order now\",\"breadcrumb\":{\"@id\":\"https:\\\/\\\/chemsxpress.com\\\/product\\\/buy-2-fdck-ketamine-online\\\/#breadcrumb\"},\"inLanguage\":\"fr-FR\",\"potentialAction\":[{\"@type\":\"ReadAction\",\"target\":[\"https:\\\/\\\/chemsxpress.com\\\/product\\\/buy-2-fdck-ketamine-online\\\/\"]}]},{\"@type\":\"ImageObject\",\"inLanguage\":\"fr-FR\",\"@id\":\"https:\\\/\\\/chemsxpress.com\\\/product\\\/buy-2-fdck-ketamine-online\\\/#primaryimage\",\"url\":\"https:\\\/\\\/chemsxpress.com\\\/wp-content\\\/uploads\\\/2024\\\/04\\\/2-FDCK-pellets-50mg.jpg\",\"contentUrl\":\"https:\\\/\\\/chemsxpress.com\\\/wp-content\\\/uploads\\\/2024\\\/04\\\/2-FDCK-pellets-50mg.jpg\",\"width\":600,\"height\":600,\"caption\":\"Buy 2-FDCK Ketamin\"},{\"@type\":\"BreadcrumbList\",\"@id\":\"https:\\\/\\\/chemsxpress.com\\\/product\\\/buy-2-fdck-ketamine-online\\\/#breadcrumb\",\"itemListElement\":[{\"@type\":\"ListItem\",\"position\":1,\"name\":\"Home\",\"item\":\"https:\\\/\\\/chemsxpress.com\\\/\"},{\"@type\":\"ListItem\",\"position\":2,\"name\":\"Shop\",\"item\":\"https:\\\/\\\/chemsxpress.com\\\/shop\\\/\"},{\"@type\":\"ListItem\",\"position\":3,\"name\":\"2-FDCK pellets 50mg\"}]},{\"@type\":\"WebSite\",\"@id\":\"https:\\\/\\\/chemsxpress.com\\\/#website\",\"url\":\"https:\\\/\\\/chemsxpress.com\\\/\",\"name\":\"SHOP MDPHP\",\"description\":\"Buy MDPHP freebase from reliable supplier\",\"potentialAction\":[{\"@type\":\"SearchAction\",\"target\":{\"@type\":\"EntryPoint\",\"urlTemplate\":\"https:\\\/\\\/chemsxpress.com\\\/?s={search_term_string}\"},\"query-input\":{\"@type\":\"PropertyValueSpecification\",\"valueRequired\":true,\"valueName\":\"search_term_string\"}}],\"inLanguage\":\"fr-FR\"}]}<\/script>\n<!-- \/ Yoast SEO Premium plugin. -->","yoast_head_json":{"title":"Achetez de la 2-FDCK k\u00e9tamine en ligne\u00a0: RC de qualit\u00e9 | ChemsXpress","description":"Achetez des pastilles de 2C-C en ligne sur ChemsXpress. Produits chimiques de recherche de premi\u00e8re qualit\u00e9, livraison rapide. Faites confiance \u00e0 notre assurance qualit\u00e9 pour tous vos besoins de recherche. Commandez maintenant","robots":{"index":"index","follow":"follow","max-snippet":"max-snippet:-1","max-image-preview":"max-image-preview:large","max-video-preview":"max-video-preview:-1"},"canonical":"https:\/\/chemsxpress.com\/fr\/produit\/buy-2-fdck-ketamine-online\/","og_locale":"fr_FR","og_type":"article","og_title":"2-FDCK pellets 50mg","og_description":"Buy 2-FDCK Ketamine online at ChemsXpress. Premium research chemicals, fast shipping. Trust our quality assurance for all your research needs. Order now","og_url":"https:\/\/chemsxpress.com\/fr\/produit\/buy-2-fdck-ketamine-online\/","og_site_name":"SHOP MDPHP","article_modified_time":"2025-05-22T21:23:22+00:00","og_image":[{"width":600,"height":600,"url":"https:\/\/chemsxpress.com\/wp-content\/uploads\/2024\/04\/2-FDCK-pellets-50mg.jpg","type":"image\/jpeg"}],"twitter_card":"summary_large_image","twitter_misc":{"Dur\u00e9e de lecture estim\u00e9e":"2 minutes"},"schema":{"@context":"https:\/\/schema.org","@graph":[{"@type":"WebPage","@id":"https:\/\/chemsxpress.com\/product\/buy-2-fdck-ketamine-online\/","url":"https:\/\/chemsxpress.com\/product\/buy-2-fdck-ketamine-online\/","name":"Achetez de la 2-FDCK k\u00e9tamine en ligne\u00a0: RC de qualit\u00e9 | ChemsXpress","isPartOf":{"@id":"https:\/\/chemsxpress.com\/#website"},"primaryImageOfPage":{"@id":"https:\/\/chemsxpress.com\/product\/buy-2-fdck-ketamine-online\/#primaryimage"},"image":{"@id":"https:\/\/chemsxpress.com\/product\/buy-2-fdck-ketamine-online\/#primaryimage"},"thumbnailUrl":"https:\/\/chemsxpress.com\/wp-content\/uploads\/2024\/04\/2-FDCK-pellets-50mg.jpg","datePublished":"2024-04-29T13:19:10+00:00","dateModified":"2025-05-22T21:23:22+00:00","description":"Achetez des pastilles de 2C-C en ligne sur ChemsXpress. Produits chimiques de recherche de premi\u00e8re qualit\u00e9, livraison rapide. Faites confiance \u00e0 notre assurance qualit\u00e9 pour tous vos besoins de recherche. Commandez maintenant","breadcrumb":{"@id":"https:\/\/chemsxpress.com\/product\/buy-2-fdck-ketamine-online\/#breadcrumb"},"inLanguage":"fr-FR","potentialAction":[{"@type":"ReadAction","target":["https:\/\/chemsxpress.com\/product\/buy-2-fdck-ketamine-online\/"]}]},{"@type":"ImageObject","inLanguage":"fr-FR","@id":"https:\/\/chemsxpress.com\/product\/buy-2-fdck-ketamine-online\/#primaryimage","url":"https:\/\/chemsxpress.com\/wp-content\/uploads\/2024\/04\/2-FDCK-pellets-50mg.jpg","contentUrl":"https:\/\/chemsxpress.com\/wp-content\/uploads\/2024\/04\/2-FDCK-pellets-50mg.jpg","width":600,"height":600,"caption":"Buy 2-FDCK Ketamin"},{"@type":"BreadcrumbList","@id":"https:\/\/chemsxpress.com\/product\/buy-2-fdck-ketamine-online\/#breadcrumb","itemListElement":[{"@type":"ListItem","position":1,"name":"Home","item":"https:\/\/chemsxpress.com\/"},{"@type":"ListItem","position":2,"name":"Shop","item":"https:\/\/chemsxpress.com\/shop\/"},{"@type":"ListItem","position":3,"name":"2-FDCK pellets 50mg"}]},{"@type":"WebSite","@id":"https:\/\/chemsxpress.com\/#website","url":"https:\/\/chemsxpress.com\/","name":"SHOP MDPHP","description":"Acheter MDPHP freebase aupr\u00e8s d'un fournisseur fiable","potentialAction":[{"@type":"SearchAction","target":{"@type":"EntryPoint","urlTemplate":"https:\/\/chemsxpress.com\/?s={search_term_string}"},"query-input":{"@type":"PropertyValueSpecification","valueRequired":true,"valueName":"search_term_string"}}],"inLanguage":"fr-FR"}]}},"jetpack_sharing_enabled":true,"_links":{"self":[{"href":"https:\/\/chemsxpress.com\/fr\/wp-json\/wp\/v2\/product\/28892","targetHints":{"allow":["GET"]}}],"collection":[{"href":"https:\/\/chemsxpress.com\/fr\/wp-json\/wp\/v2\/product"}],"about":[{"href":"https:\/\/chemsxpress.com\/fr\/wp-json\/wp\/v2\/types\/product"}],"replies":[{"embeddable":true,"href":"https:\/\/chemsxpress.com\/fr\/wp-json\/wp\/v2\/comments?post=28892"}],"version-history":[{"count":4,"href":"https:\/\/chemsxpress.com\/fr\/wp-json\/wp\/v2\/product\/28892\/revisions"}],"predecessor-version":[{"id":30035,"href":"https:\/\/chemsxpress.com\/fr\/wp-json\/wp\/v2\/product\/28892\/revisions\/30035"}],"wp:featuredmedia":[{"embeddable":true,"href":"https:\/\/chemsxpress.com\/fr\/wp-json\/wp\/v2\/media\/28915"}],"wp:attachment":[{"href":"https:\/\/chemsxpress.com\/fr\/wp-json\/wp\/v2\/media?parent=28892"}],"wp:term":[{"taxonomy":"product_brand","embeddable":true,"href":"https:\/\/chemsxpress.com\/fr\/wp-json\/wp\/v2\/product_brand?post=28892"},{"taxonomy":"product_cat","embeddable":true,"href":"https:\/\/chemsxpress.com\/fr\/wp-json\/wp\/v2\/product_cat?post=28892"},{"taxonomy":"product_tag","embeddable":true,"href":"https:\/\/chemsxpress.com\/fr\/wp-json\/wp\/v2\/product_tag?post=28892"}],"curies":[{"name":"wp","href":"https:\/\/api.w.org\/{rel}","templated":true}]}}