{"id":28894,"date":"2024-04-29T13:19:10","date_gmt":"2024-04-29T13:19:10","guid":{"rendered":"https:\/\/chemsxpress.com\/?post_type=product&#038;p=28894"},"modified":"2024-07-04T22:47:05","modified_gmt":"2024-07-04T22:47:05","slug":"acheter-des-pastilles-de-cbd-en-ligne","status":"publish","type":"product","link":"https:\/\/chemsxpress.com\/fr\/produit\/acheter-des-pastilles-de-cbd-en-ligne\/","title":{"rendered":"Pastilles de CBD 25mg"},"content":{"rendered":"<h1>Acheter des pastilles de CBD en ligne<\/h1>\n<p>Acheter des pastilles de CBD en ligne sur\u00a0<a href=\"https:\/\/chemsxpress.com\/fr\/\"> ChemsXpress<\/a>Nous nous engageons \u00e0 fournir aux chercheurs un acc\u00e8s \u00e0 des produits chimiques de recherche de haute qualit\u00e9 pour leurs travaux scientifiques. Avec un engagement d'excellence et de satisfaction du client, nous nous effor\u00e7ons d'\u00eatre votre partenaire de confiance dans l'avancement de la connaissance et de la d\u00e9couverte scientifiques.<\/p>\n<p><strong>\u00c0 propos des pastilles de CBD<\/strong><\/p>\n<p>Le CBD (cannabidiol) est un compos\u00e9 naturel pr\u00e9sent dans la plante de cannabis. Il est connu pour ses effets th\u00e9rapeutiques potentiels, notamment le soulagement de la douleur, les propri\u00e9t\u00e9s anti-inflammatoires et la r\u00e9duction de l'anxi\u00e9t\u00e9. Les pastilles de CBD constituent un moyen pratique d'administrer du CBD \u00e0 des fins de recherche, ce qui permet aux chercheurs d'explorer ses diverses applications dans un environnement de laboratoire contr\u00f4l\u00e9.<\/p>\n<p><strong>Notre engagement en faveur de la qualit\u00e9<\/strong><\/p>\n<p>Chez ChemsXpress, nous privil\u00e9gions la qualit\u00e9 et la fiabilit\u00e9 dans tout ce que nous faisons. Nos granul\u00e9s de CBD et autres <a href=\"https:\/\/chemsxpress.com\/fr\/categorie-produit\/produits-chimiques-de-recherche\/\">produits chimiques de recherche<\/a> sont soumis \u00e0 des tests rigoureux et \u00e0 des mesures de contr\u00f4le de la qualit\u00e9 afin de garantir leur puret\u00e9, leur puissance et leur coh\u00e9rence. Nous travaillons avec des fournisseurs de confiance et respectons des normes strictes afin de fournir des produits qui r\u00e9pondent aux normes scientifiques les plus \u00e9lev\u00e9es.<\/p>\n<p><strong>Pourquoi choisir ChemsXpress pour les granul\u00e9s de CBD ?<\/strong><\/p>\n<ul>\n<li><strong>Qualit\u00e9 sup\u00e9rieure :<\/strong> Nous nous engageons \u00e0 fournir aux chercheurs des pastilles de CBD et des produits chimiques de recherche de la plus haute qualit\u00e9. Nos produits proviennent de fournisseurs r\u00e9put\u00e9s et sont soumis \u00e0 des tests approfondis pour garantir leur puret\u00e9 et leur puissance.<\/li>\n<li><strong>Exp\u00e9dition rapide :<\/strong> Nous comprenons l'importance d'une livraison rapide pour les projets de recherche. C'est pourquoi nous proposons des options d'exp\u00e9dition rapides et fiables afin que votre commande vous parvienne rapidement et en toute s\u00e9curit\u00e9.<\/li>\n<li><strong>Support d\u00e9di\u00e9 :<\/strong> Notre \u00e9quipe est l\u00e0 pour vous aider \u00e0 chaque \u00e9tape. Que vous ayez des questions sur les sp\u00e9cifications des produits, les d\u00e9tails d'exp\u00e9dition ou les demandes de renseignements sur les commandes, notre personnel comp\u00e9tent est \u00e0 votre disposition pour vous fournir une assistance rapide et utile.<\/li>\n<\/ul>\n<p><strong>Acheter des pastilles de CBD en ligne aujourd'hui<\/strong><\/p>\n<p>Pr\u00eat \u00e0 explorer le potentiel du CBD dans votre recherche ? Parcourez notre catalogue et passez votre commande en toute confiance. Avec ChemsXpress comme partenaire de confiance, vous pouvez mener vos recherches scientifiques avec assurance et pr\u00e9cision.<\/p>\n<p>Merci d'avoir choisi <a href=\"https:\/\/chemsxpress.com\/fr\/\">ChemsXpress<\/a> pour vos besoins en produits chimiques de recherche. Nous nous r\u00e9jouissons de vous servir !<\/p>","protected":false},"excerpt":{"rendered":"<p><strong>Analyse RMN : <\/strong>N\/A<\/p>","protected":false},"featured_media":28921,"comment_status":"open","ping_status":"closed","template":"","meta":[],"product_brand":[],"product_cat":[83],"product_tag":[],"class_list":{"0":"post-28894","1":"product","2":"type-product","3":"status-publish","4":"has-post-thumbnail","6":"product_cat-pellets","8":"first","9":"instock","10":"shipping-taxable","11":"purchasable","12":"product-type-variable"},"yoast_head":"<!-- This site is optimized with the Yoast SEO Premium plugin v24.1 (Yoast SEO v27.4) - https:\/\/yoast.com\/product\/yoast-seo-premium-wordpress\/ -->\n<title>Buy CBD Pellets Online: Premium Quality RC&#039;S @ ChemsXpress<\/title>\n<meta name=\"description\" content=\"Discover CBD pellets at ChemsXpress. Premium research chemicals, fast shipping. Trust our quality assurance for all your research needs. Order now\" \/>\n<meta name=\"robots\" content=\"index, follow, max-snippet:-1, max-image-preview:large, max-video-preview:-1\" \/>\n<link rel=\"canonical\" href=\"https:\/\/chemsxpress.com\/fr\/produit\/acheter-des-pastilles-de-cbd-en-ligne\/\" \/>\n<meta property=\"og:locale\" content=\"fr_FR\" \/>\n<meta property=\"og:type\" content=\"article\" \/>\n<meta property=\"og:title\" content=\"CBD pellets 25mg\" \/>\n<meta property=\"og:description\" content=\"Discover CBD pellets at ChemsXpress. Premium research chemicals, fast shipping. Trust our quality assurance for all your research needs. Order now\" \/>\n<meta property=\"og:url\" content=\"https:\/\/chemsxpress.com\/fr\/produit\/acheter-des-pastilles-de-cbd-en-ligne\/\" \/>\n<meta property=\"og:site_name\" content=\"SHOP MDPHP\" \/>\n<meta property=\"article:modified_time\" content=\"2024-07-04T22:47:05+00:00\" \/>\n<meta property=\"og:image\" content=\"https:\/\/chemsxpress.com\/wp-content\/uploads\/2024\/04\/CBD-pellets-25mg-2.jpg\" \/>\n\t<meta property=\"og:image:width\" content=\"600\" \/>\n\t<meta property=\"og:image:height\" content=\"600\" \/>\n\t<meta property=\"og:image:type\" content=\"image\/jpeg\" \/>\n<meta name=\"twitter:card\" content=\"summary_large_image\" \/>\n<meta name=\"twitter:label1\" content=\"Dur\u00e9e de lecture estim\u00e9e\" \/>\n\t<meta name=\"twitter:data1\" content=\"2 minutes\" \/>\n<script type=\"application\/ld+json\" class=\"yoast-schema-graph\">{\"@context\":\"https:\\\/\\\/schema.org\",\"@graph\":[{\"@type\":\"WebPage\",\"@id\":\"https:\\\/\\\/chemsxpress.com\\\/product\\\/buy-cbd-pellets-online\\\/\",\"url\":\"https:\\\/\\\/chemsxpress.com\\\/product\\\/buy-cbd-pellets-online\\\/\",\"name\":\"Buy CBD Pellets Online: Premium Quality RC'S @ ChemsXpress\",\"isPartOf\":{\"@id\":\"https:\\\/\\\/chemsxpress.com\\\/#website\"},\"primaryImageOfPage\":{\"@id\":\"https:\\\/\\\/chemsxpress.com\\\/product\\\/buy-cbd-pellets-online\\\/#primaryimage\"},\"image\":{\"@id\":\"https:\\\/\\\/chemsxpress.com\\\/product\\\/buy-cbd-pellets-online\\\/#primaryimage\"},\"thumbnailUrl\":\"https:\\\/\\\/chemsxpress.com\\\/wp-content\\\/uploads\\\/2024\\\/04\\\/CBD-pellets-25mg-2.jpg\",\"datePublished\":\"2024-04-29T13:19:10+00:00\",\"dateModified\":\"2024-07-04T22:47:05+00:00\",\"description\":\"Discover CBD pellets at ChemsXpress. Premium research chemicals, fast shipping. Trust our quality assurance for all your research needs. Order now\",\"breadcrumb\":{\"@id\":\"https:\\\/\\\/chemsxpress.com\\\/product\\\/buy-cbd-pellets-online\\\/#breadcrumb\"},\"inLanguage\":\"fr-FR\",\"potentialAction\":[{\"@type\":\"ReadAction\",\"target\":[\"https:\\\/\\\/chemsxpress.com\\\/product\\\/buy-cbd-pellets-online\\\/\"]}]},{\"@type\":\"ImageObject\",\"inLanguage\":\"fr-FR\",\"@id\":\"https:\\\/\\\/chemsxpress.com\\\/product\\\/buy-cbd-pellets-online\\\/#primaryimage\",\"url\":\"https:\\\/\\\/chemsxpress.com\\\/wp-content\\\/uploads\\\/2024\\\/04\\\/CBD-pellets-25mg-2.jpg\",\"contentUrl\":\"https:\\\/\\\/chemsxpress.com\\\/wp-content\\\/uploads\\\/2024\\\/04\\\/CBD-pellets-25mg-2.jpg\",\"width\":600,\"height\":600,\"caption\":\"Buy CBD pellets online\"},{\"@type\":\"BreadcrumbList\",\"@id\":\"https:\\\/\\\/chemsxpress.com\\\/product\\\/buy-cbd-pellets-online\\\/#breadcrumb\",\"itemListElement\":[{\"@type\":\"ListItem\",\"position\":1,\"name\":\"Home\",\"item\":\"https:\\\/\\\/chemsxpress.com\\\/\"},{\"@type\":\"ListItem\",\"position\":2,\"name\":\"Shop\",\"item\":\"https:\\\/\\\/chemsxpress.com\\\/shop\\\/\"},{\"@type\":\"ListItem\",\"position\":3,\"name\":\"CBD pellets 25mg\"}]},{\"@type\":\"WebSite\",\"@id\":\"https:\\\/\\\/chemsxpress.com\\\/#website\",\"url\":\"https:\\\/\\\/chemsxpress.com\\\/\",\"name\":\"SHOP MDPHP\",\"description\":\"Buy MDPHP freebase from reliable supplier\",\"potentialAction\":[{\"@type\":\"SearchAction\",\"target\":{\"@type\":\"EntryPoint\",\"urlTemplate\":\"https:\\\/\\\/chemsxpress.com\\\/?s={search_term_string}\"},\"query-input\":{\"@type\":\"PropertyValueSpecification\",\"valueRequired\":true,\"valueName\":\"search_term_string\"}}],\"inLanguage\":\"fr-FR\"}]}<\/script>\n<!-- \/ Yoast SEO Premium plugin. -->","yoast_head_json":{"title":"Achetez des pellets de CBD en ligne\u00a0: RC'S de qualit\u00e9 sup\u00e9rieure @ ChemsXpress","description":"D\u00e9couvrez Pink Star Pellets sur ChemsXpress. Produits chimiques de recherche de premi\u00e8re qualit\u00e9, livraison rapide. Faites confiance \u00e0 notre assurance qualit\u00e9 pour tous vos besoins de recherche. Commandez maintenant","robots":{"index":"index","follow":"follow","max-snippet":"max-snippet:-1","max-image-preview":"max-image-preview:large","max-video-preview":"max-video-preview:-1"},"canonical":"https:\/\/chemsxpress.com\/fr\/produit\/acheter-des-pastilles-de-cbd-en-ligne\/","og_locale":"fr_FR","og_type":"article","og_title":"CBD pellets 25mg","og_description":"Discover CBD pellets at ChemsXpress. Premium research chemicals, fast shipping. Trust our quality assurance for all your research needs. Order now","og_url":"https:\/\/chemsxpress.com\/fr\/produit\/acheter-des-pastilles-de-cbd-en-ligne\/","og_site_name":"SHOP MDPHP","article_modified_time":"2024-07-04T22:47:05+00:00","og_image":[{"width":600,"height":600,"url":"https:\/\/chemsxpress.com\/wp-content\/uploads\/2024\/04\/CBD-pellets-25mg-2.jpg","type":"image\/jpeg"}],"twitter_card":"summary_large_image","twitter_misc":{"Dur\u00e9e de lecture estim\u00e9e":"2 minutes"},"schema":{"@context":"https:\/\/schema.org","@graph":[{"@type":"WebPage","@id":"https:\/\/chemsxpress.com\/product\/buy-cbd-pellets-online\/","url":"https:\/\/chemsxpress.com\/product\/buy-cbd-pellets-online\/","name":"Achetez des pellets de CBD en ligne\u00a0: RC'S de qualit\u00e9 sup\u00e9rieure @ ChemsXpress","isPartOf":{"@id":"https:\/\/chemsxpress.com\/#website"},"primaryImageOfPage":{"@id":"https:\/\/chemsxpress.com\/product\/buy-cbd-pellets-online\/#primaryimage"},"image":{"@id":"https:\/\/chemsxpress.com\/product\/buy-cbd-pellets-online\/#primaryimage"},"thumbnailUrl":"https:\/\/chemsxpress.com\/wp-content\/uploads\/2024\/04\/CBD-pellets-25mg-2.jpg","datePublished":"2024-04-29T13:19:10+00:00","dateModified":"2024-07-04T22:47:05+00:00","description":"D\u00e9couvrez Pink Star Pellets sur ChemsXpress. Produits chimiques de recherche de premi\u00e8re qualit\u00e9, livraison rapide. Faites confiance \u00e0 notre assurance qualit\u00e9 pour tous vos besoins de recherche. Commandez maintenant","breadcrumb":{"@id":"https:\/\/chemsxpress.com\/product\/buy-cbd-pellets-online\/#breadcrumb"},"inLanguage":"fr-FR","potentialAction":[{"@type":"ReadAction","target":["https:\/\/chemsxpress.com\/product\/buy-cbd-pellets-online\/"]}]},{"@type":"ImageObject","inLanguage":"fr-FR","@id":"https:\/\/chemsxpress.com\/product\/buy-cbd-pellets-online\/#primaryimage","url":"https:\/\/chemsxpress.com\/wp-content\/uploads\/2024\/04\/CBD-pellets-25mg-2.jpg","contentUrl":"https:\/\/chemsxpress.com\/wp-content\/uploads\/2024\/04\/CBD-pellets-25mg-2.jpg","width":600,"height":600,"caption":"Buy CBD pellets online"},{"@type":"BreadcrumbList","@id":"https:\/\/chemsxpress.com\/product\/buy-cbd-pellets-online\/#breadcrumb","itemListElement":[{"@type":"ListItem","position":1,"name":"Home","item":"https:\/\/chemsxpress.com\/"},{"@type":"ListItem","position":2,"name":"Shop","item":"https:\/\/chemsxpress.com\/shop\/"},{"@type":"ListItem","position":3,"name":"CBD pellets 25mg"}]},{"@type":"WebSite","@id":"https:\/\/chemsxpress.com\/#website","url":"https:\/\/chemsxpress.com\/","name":"SHOP MDPHP","description":"Acheter MDPHP freebase aupr\u00e8s d'un fournisseur fiable","potentialAction":[{"@type":"SearchAction","target":{"@type":"EntryPoint","urlTemplate":"https:\/\/chemsxpress.com\/?s={search_term_string}"},"query-input":{"@type":"PropertyValueSpecification","valueRequired":true,"valueName":"search_term_string"}}],"inLanguage":"fr-FR"}]}},"jetpack_sharing_enabled":true,"_links":{"self":[{"href":"https:\/\/chemsxpress.com\/fr\/wp-json\/wp\/v2\/product\/28894","targetHints":{"allow":["GET"]}}],"collection":[{"href":"https:\/\/chemsxpress.com\/fr\/wp-json\/wp\/v2\/product"}],"about":[{"href":"https:\/\/chemsxpress.com\/fr\/wp-json\/wp\/v2\/types\/product"}],"replies":[{"embeddable":true,"href":"https:\/\/chemsxpress.com\/fr\/wp-json\/wp\/v2\/comments?post=28894"}],"version-history":[{"count":4,"href":"https:\/\/chemsxpress.com\/fr\/wp-json\/wp\/v2\/product\/28894\/revisions"}],"predecessor-version":[{"id":30036,"href":"https:\/\/chemsxpress.com\/fr\/wp-json\/wp\/v2\/product\/28894\/revisions\/30036"}],"wp:featuredmedia":[{"embeddable":true,"href":"https:\/\/chemsxpress.com\/fr\/wp-json\/wp\/v2\/media\/28921"}],"wp:attachment":[{"href":"https:\/\/chemsxpress.com\/fr\/wp-json\/wp\/v2\/media?parent=28894"}],"wp:term":[{"taxonomy":"product_brand","embeddable":true,"href":"https:\/\/chemsxpress.com\/fr\/wp-json\/wp\/v2\/product_brand?post=28894"},{"taxonomy":"product_cat","embeddable":true,"href":"https:\/\/chemsxpress.com\/fr\/wp-json\/wp\/v2\/product_cat?post=28894"},{"taxonomy":"product_tag","embeddable":true,"href":"https:\/\/chemsxpress.com\/fr\/wp-json\/wp\/v2\/product_tag?post=28894"}],"curies":[{"name":"wp","href":"https:\/\/api.w.org\/{rel}","templated":true}]}}