{"id":28898,"date":"2024-04-29T13:19:10","date_gmt":"2024-04-29T13:19:10","guid":{"rendered":"https:\/\/chemsxpress.com\/?post_type=product&#038;p=28898"},"modified":"2026-02-19T15:13:21","modified_gmt":"2026-02-19T15:13:21","slug":"acheter-bromazolam-en-ligne","status":"publish","type":"product","link":"https:\/\/chemsxpress.com\/fr\/produit\/acheter-bromazolam-en-ligne\/","title":{"rendered":"bromazolam PELLETS 3mg"},"content":{"rendered":"<h1>Acheter du bromazolam en ligne.<\/h1>\n<h4><strong>Bienvenue \u00e0 ChemsXpress : Votre source pour le bromazolam et les produits chimiques de recherche de premi\u00e8re qualit\u00e9<\/strong><\/h4>\n<p>Achetez du bromazolam en ligne chez ChemsXpress, nous nous engageons \u00e0 fournir aux chercheurs un acc\u00e8s \u00e0 des produits chimiques de recherche de haute qualit\u00e9 pour leurs investigations scientifiques. Notre mission est de soutenir les avanc\u00e9es dans divers domaines d'\u00e9tude en proposant des compos\u00e9s fiables et innovants, y compris le Bromazolam.<\/p>\n<p><strong>A propos du bromazolam<\/strong><\/p>\n<p>Le bromazolam est un d\u00e9riv\u00e9 de la benzodiaz\u00e9pine qui pr\u00e9sente des propri\u00e9t\u00e9s anxiolytiques, s\u00e9datives et hypnotiques. Il est structurellement apparent\u00e9 \u00e0 d'autres benzodiaz\u00e9pines, telles que l'alprazolam et le bromaz\u00e9pam, mais pr\u00e9sente des caract\u00e9ristiques pharmacologiques uniques. Les chercheurs souhaitent \u00e9tudier le bromazolam pour ses applications th\u00e9rapeutiques potentielles dans le traitement des troubles anxieux, de l'insomnie et d'autres affections connexes.<\/p>\n<p><strong>Notre engagement en faveur de la qualit\u00e9<\/strong><\/p>\n<p>Chez ChemsXpress, nous donnons la priorit\u00e9 \u00e0 la qualit\u00e9 et \u00e0 la fiabilit\u00e9 dans tout ce que nous faisons. Notre Bromazolam et autres <a href=\"https:\/\/chemsxpress.com\/fr\/categorie-produit\/produits-chimiques-de-recherche\/\">produits chimiques de recherche<\/a> sont soumis \u00e0 des tests rigoureux et \u00e0 des mesures de contr\u00f4le de la qualit\u00e9 afin de garantir leur puret\u00e9, leur puissance et leur coh\u00e9rence. Nous travaillons avec des fournisseurs de confiance et respectons des normes strictes afin de fournir des produits qui r\u00e9pondent aux normes scientifiques les plus \u00e9lev\u00e9es.<\/p>\n<h4>Pourquoi acheter du bromazolam en ligne ?<\/h4>\n<ul>\n<li><strong>Qualit\u00e9 sup\u00e9rieure :<\/strong> Nous nous engageons \u00e0 fournir aux chercheurs des produits chimiques de recherche de la plus haute qualit\u00e9. Notre Bromazolam est synth\u00e9tis\u00e9 \u00e0 l'aide de techniques de pointe et subit des tests approfondis pour garantir sa puret\u00e9 et sa puissance.<\/li>\n<li><strong>Exp\u00e9dition rapide :<\/strong> Nous proposons des options d'exp\u00e9dition rapides et fiables aux chercheurs du monde entier. Nous comprenons l'importance d'une livraison dans les d\u00e9lais pour les projets de recherche et nous nous effor\u00e7ons de faire en sorte que votre commande vous parvienne rapidement et en toute s\u00e9curit\u00e9.<\/li>\n<li><strong>Support d\u00e9di\u00e9 :<\/strong> Notre \u00e9quipe est l\u00e0 pour vous aider \u00e0 chaque \u00e9tape. Que vous ayez des questions sur les sp\u00e9cifications des produits, les d\u00e9tails d'exp\u00e9dition ou les demandes de renseignements sur les commandes, notre personnel comp\u00e9tent est \u00e0 votre disposition pour vous fournir une assistance rapide et utile.<\/li>\n<\/ul>\n<p><strong>Commander du Bromazolam aujourd'hui<\/strong><\/p>\n<p>Pr\u00eat \u00e0 explorer le potentiel du Bromazolam dans votre recherche ? Parcourez notre catalogue et passez votre commande en toute confiance. Avec <a href=\"https:\/\/chemsxpress.com\/fr\/\">ChemsXpress<\/a> en tant que partenaire de confiance, vous pouvez mener vos recherches scientifiques avec assurance et pr\u00e9cision.<\/p>\n<p>Nous vous remercions d'avoir choisi ChemsXpress pour vos besoins en produits chimiques de recherche. Nous nous r\u00e9jouissons de servir<\/p>","protected":false},"excerpt":{"rendered":"<p><strong>Forme : <\/strong>granul\u00e9s<\/p>\n<p><strong>Analyse RMN : <\/strong>N\/A<\/p>","protected":false},"featured_media":28954,"comment_status":"open","ping_status":"closed","template":"","meta":[],"product_brand":[],"product_cat":[83],"product_tag":[],"class_list":{"0":"post-28898","1":"product","2":"type-product","3":"status-publish","4":"has-post-thumbnail","6":"product_cat-pellets","8":"first","9":"instock","10":"shipping-taxable","11":"purchasable","12":"product-type-variable"},"yoast_head":"<!-- This site is optimized with the Yoast SEO Premium plugin v24.1 (Yoast SEO v27.3) - https:\/\/yoast.com\/product\/yoast-seo-premium-wordpress\/ -->\n<title>Buy Bromazolam Online: Premium Quality RC&#039;s | ChemsXpress<\/title>\n<meta name=\"description\" content=\"Buy Bromazolam at ChemsXpress. Premium research chemicals, fast shipping. Trust our quality assurance for all your research needs. Order now\" \/>\n<meta name=\"robots\" content=\"index, follow, max-snippet:-1, max-image-preview:large, max-video-preview:-1\" \/>\n<link rel=\"canonical\" href=\"https:\/\/chemsxpress.com\/fr\/produit\/acheter-bromazolam-en-ligne\/\" \/>\n<meta property=\"og:locale\" content=\"fr_FR\" \/>\n<meta property=\"og:type\" content=\"article\" \/>\n<meta property=\"og:title\" content=\"bromazolam PELLETS 3mg\" \/>\n<meta property=\"og:description\" content=\"Buy Bromazolam at ChemsXpress. Premium research chemicals, fast shipping. Trust our quality assurance for all your research needs. Order now\" \/>\n<meta property=\"og:url\" content=\"https:\/\/chemsxpress.com\/fr\/produit\/acheter-bromazolam-en-ligne\/\" \/>\n<meta property=\"og:site_name\" content=\"SHOP MDPHP\" \/>\n<meta property=\"article:modified_time\" content=\"2026-02-19T15:13:21+00:00\" \/>\n<meta property=\"og:image\" content=\"https:\/\/chemsxpress.com\/wp-content\/uploads\/2024\/04\/bromazolam-PELLETS-3mg.jpg\" \/>\n\t<meta property=\"og:image:width\" content=\"600\" \/>\n\t<meta property=\"og:image:height\" content=\"600\" \/>\n\t<meta property=\"og:image:type\" content=\"image\/jpeg\" \/>\n<meta name=\"twitter:card\" content=\"summary_large_image\" \/>\n<meta name=\"twitter:label1\" content=\"Dur\u00e9e de lecture estim\u00e9e\" \/>\n\t<meta name=\"twitter:data1\" content=\"2 minutes\" \/>\n<script type=\"application\/ld+json\" class=\"yoast-schema-graph\">{\"@context\":\"https:\\\/\\\/schema.org\",\"@graph\":[{\"@type\":\"WebPage\",\"@id\":\"https:\\\/\\\/chemsxpress.com\\\/product\\\/buy-bromazolam-online\\\/\",\"url\":\"https:\\\/\\\/chemsxpress.com\\\/product\\\/buy-bromazolam-online\\\/\",\"name\":\"Buy Bromazolam Online: Premium Quality RC's | ChemsXpress\",\"isPartOf\":{\"@id\":\"https:\\\/\\\/chemsxpress.com\\\/#website\"},\"primaryImageOfPage\":{\"@id\":\"https:\\\/\\\/chemsxpress.com\\\/product\\\/buy-bromazolam-online\\\/#primaryimage\"},\"image\":{\"@id\":\"https:\\\/\\\/chemsxpress.com\\\/product\\\/buy-bromazolam-online\\\/#primaryimage\"},\"thumbnailUrl\":\"https:\\\/\\\/chemsxpress.com\\\/wp-content\\\/uploads\\\/2024\\\/04\\\/bromazolam-PELLETS-3mg.jpg\",\"datePublished\":\"2024-04-29T13:19:10+00:00\",\"dateModified\":\"2026-02-19T15:13:21+00:00\",\"description\":\"Buy Bromazolam at ChemsXpress. Premium research chemicals, fast shipping. Trust our quality assurance for all your research needs. Order now\",\"breadcrumb\":{\"@id\":\"https:\\\/\\\/chemsxpress.com\\\/product\\\/buy-bromazolam-online\\\/#breadcrumb\"},\"inLanguage\":\"fr-FR\",\"potentialAction\":[{\"@type\":\"ReadAction\",\"target\":[\"https:\\\/\\\/chemsxpress.com\\\/product\\\/buy-bromazolam-online\\\/\"]}]},{\"@type\":\"ImageObject\",\"inLanguage\":\"fr-FR\",\"@id\":\"https:\\\/\\\/chemsxpress.com\\\/product\\\/buy-bromazolam-online\\\/#primaryimage\",\"url\":\"https:\\\/\\\/chemsxpress.com\\\/wp-content\\\/uploads\\\/2024\\\/04\\\/bromazolam-PELLETS-3mg.jpg\",\"contentUrl\":\"https:\\\/\\\/chemsxpress.com\\\/wp-content\\\/uploads\\\/2024\\\/04\\\/bromazolam-PELLETS-3mg.jpg\",\"width\":600,\"height\":600,\"caption\":\"Buy bromazolam online\"},{\"@type\":\"BreadcrumbList\",\"@id\":\"https:\\\/\\\/chemsxpress.com\\\/product\\\/buy-bromazolam-online\\\/#breadcrumb\",\"itemListElement\":[{\"@type\":\"ListItem\",\"position\":1,\"name\":\"Home\",\"item\":\"https:\\\/\\\/chemsxpress.com\\\/\"},{\"@type\":\"ListItem\",\"position\":2,\"name\":\"Shop\",\"item\":\"https:\\\/\\\/chemsxpress.com\\\/shop\\\/\"},{\"@type\":\"ListItem\",\"position\":3,\"name\":\"bromazolam PELLETS 3mg\"}]},{\"@type\":\"WebSite\",\"@id\":\"https:\\\/\\\/chemsxpress.com\\\/#website\",\"url\":\"https:\\\/\\\/chemsxpress.com\\\/\",\"name\":\"SHOP MDPHP\",\"description\":\"Buy MDPHP freebase from reliable supplier\",\"potentialAction\":[{\"@type\":\"SearchAction\",\"target\":{\"@type\":\"EntryPoint\",\"urlTemplate\":\"https:\\\/\\\/chemsxpress.com\\\/?s={search_term_string}\"},\"query-input\":{\"@type\":\"PropertyValueSpecification\",\"valueRequired\":true,\"valueName\":\"search_term_string\"}}],\"inLanguage\":\"fr-FR\"}]}<\/script>\n<!-- \/ Yoast SEO Premium plugin. -->","yoast_head_json":{"title":"Achetez du bromazolam en ligne\u00a0: RC de qualit\u00e9 sup\u00e9rieure | ChemsXpress","description":"Achetez des pastilles de 2C-D \u00e0 ChemsXpress. Produits chimiques de recherche de premi\u00e8re qualit\u00e9, livraison rapide. Faites confiance \u00e0 notre assurance qualit\u00e9 pour tous vos besoins de recherche. Commandez maintenant","robots":{"index":"index","follow":"follow","max-snippet":"max-snippet:-1","max-image-preview":"max-image-preview:large","max-video-preview":"max-video-preview:-1"},"canonical":"https:\/\/chemsxpress.com\/fr\/produit\/acheter-bromazolam-en-ligne\/","og_locale":"fr_FR","og_type":"article","og_title":"bromazolam PELLETS 3mg","og_description":"Buy Bromazolam at ChemsXpress. Premium research chemicals, fast shipping. Trust our quality assurance for all your research needs. Order now","og_url":"https:\/\/chemsxpress.com\/fr\/produit\/acheter-bromazolam-en-ligne\/","og_site_name":"SHOP MDPHP","article_modified_time":"2026-02-19T15:13:21+00:00","og_image":[{"width":600,"height":600,"url":"https:\/\/chemsxpress.com\/wp-content\/uploads\/2024\/04\/bromazolam-PELLETS-3mg.jpg","type":"image\/jpeg"}],"twitter_card":"summary_large_image","twitter_misc":{"Dur\u00e9e de lecture estim\u00e9e":"2 minutes"},"schema":{"@context":"https:\/\/schema.org","@graph":[{"@type":"WebPage","@id":"https:\/\/chemsxpress.com\/product\/buy-bromazolam-online\/","url":"https:\/\/chemsxpress.com\/product\/buy-bromazolam-online\/","name":"Achetez du bromazolam en ligne\u00a0: RC de qualit\u00e9 sup\u00e9rieure | ChemsXpress","isPartOf":{"@id":"https:\/\/chemsxpress.com\/#website"},"primaryImageOfPage":{"@id":"https:\/\/chemsxpress.com\/product\/buy-bromazolam-online\/#primaryimage"},"image":{"@id":"https:\/\/chemsxpress.com\/product\/buy-bromazolam-online\/#primaryimage"},"thumbnailUrl":"https:\/\/chemsxpress.com\/wp-content\/uploads\/2024\/04\/bromazolam-PELLETS-3mg.jpg","datePublished":"2024-04-29T13:19:10+00:00","dateModified":"2026-02-19T15:13:21+00:00","description":"Achetez des pastilles de 2C-D \u00e0 ChemsXpress. Produits chimiques de recherche de premi\u00e8re qualit\u00e9, livraison rapide. Faites confiance \u00e0 notre assurance qualit\u00e9 pour tous vos besoins de recherche. Commandez maintenant","breadcrumb":{"@id":"https:\/\/chemsxpress.com\/product\/buy-bromazolam-online\/#breadcrumb"},"inLanguage":"fr-FR","potentialAction":[{"@type":"ReadAction","target":["https:\/\/chemsxpress.com\/product\/buy-bromazolam-online\/"]}]},{"@type":"ImageObject","inLanguage":"fr-FR","@id":"https:\/\/chemsxpress.com\/product\/buy-bromazolam-online\/#primaryimage","url":"https:\/\/chemsxpress.com\/wp-content\/uploads\/2024\/04\/bromazolam-PELLETS-3mg.jpg","contentUrl":"https:\/\/chemsxpress.com\/wp-content\/uploads\/2024\/04\/bromazolam-PELLETS-3mg.jpg","width":600,"height":600,"caption":"Buy bromazolam online"},{"@type":"BreadcrumbList","@id":"https:\/\/chemsxpress.com\/product\/buy-bromazolam-online\/#breadcrumb","itemListElement":[{"@type":"ListItem","position":1,"name":"Home","item":"https:\/\/chemsxpress.com\/"},{"@type":"ListItem","position":2,"name":"Shop","item":"https:\/\/chemsxpress.com\/shop\/"},{"@type":"ListItem","position":3,"name":"bromazolam PELLETS 3mg"}]},{"@type":"WebSite","@id":"https:\/\/chemsxpress.com\/#website","url":"https:\/\/chemsxpress.com\/","name":"SHOP MDPHP","description":"Acheter MDPHP freebase aupr\u00e8s d'un fournisseur fiable","potentialAction":[{"@type":"SearchAction","target":{"@type":"EntryPoint","urlTemplate":"https:\/\/chemsxpress.com\/?s={search_term_string}"},"query-input":{"@type":"PropertyValueSpecification","valueRequired":true,"valueName":"search_term_string"}}],"inLanguage":"fr-FR"}]}},"jetpack_sharing_enabled":true,"_links":{"self":[{"href":"https:\/\/chemsxpress.com\/fr\/wp-json\/wp\/v2\/product\/28898","targetHints":{"allow":["GET"]}}],"collection":[{"href":"https:\/\/chemsxpress.com\/fr\/wp-json\/wp\/v2\/product"}],"about":[{"href":"https:\/\/chemsxpress.com\/fr\/wp-json\/wp\/v2\/types\/product"}],"replies":[{"embeddable":true,"href":"https:\/\/chemsxpress.com\/fr\/wp-json\/wp\/v2\/comments?post=28898"}],"version-history":[{"count":4,"href":"https:\/\/chemsxpress.com\/fr\/wp-json\/wp\/v2\/product\/28898\/revisions"}],"predecessor-version":[{"id":30037,"href":"https:\/\/chemsxpress.com\/fr\/wp-json\/wp\/v2\/product\/28898\/revisions\/30037"}],"wp:featuredmedia":[{"embeddable":true,"href":"https:\/\/chemsxpress.com\/fr\/wp-json\/wp\/v2\/media\/28954"}],"wp:attachment":[{"href":"https:\/\/chemsxpress.com\/fr\/wp-json\/wp\/v2\/media?parent=28898"}],"wp:term":[{"taxonomy":"product_brand","embeddable":true,"href":"https:\/\/chemsxpress.com\/fr\/wp-json\/wp\/v2\/product_brand?post=28898"},{"taxonomy":"product_cat","embeddable":true,"href":"https:\/\/chemsxpress.com\/fr\/wp-json\/wp\/v2\/product_cat?post=28898"},{"taxonomy":"product_tag","embeddable":true,"href":"https:\/\/chemsxpress.com\/fr\/wp-json\/wp\/v2\/product_tag?post=28898"}],"curies":[{"name":"wp","href":"https:\/\/api.w.org\/{rel}","templated":true}]}}