{"id":28901,"date":"2024-04-29T13:19:11","date_gmt":"2024-04-29T13:19:11","guid":{"rendered":"https:\/\/chemsxpress.com\/?post_type=product&#038;p=28901"},"modified":"2024-05-03T07:55:41","modified_gmt":"2024-05-03T07:55:41","slug":"acheter-des-pellets-damt-en-ligne","status":"publish","type":"product","link":"https:\/\/chemsxpress.com\/fr\/produit\/acheter-des-pellets-damt-en-ligne\/","title":{"rendered":"AMT granul\u00e9s 25mg"},"content":{"rendered":"<h1>Acheter des granul\u00e9s AMT en ligne<\/h1>\n<p>&nbsp;<\/p>\n<p>Achetez des pastilles AMT en ligne sur ChemsXpress, nous sommes sp\u00e9cialis\u00e9s dans l'acc\u00e8s des chercheurs \u00e0 des produits chimiques de haute qualit\u00e9 pour leurs recherches scientifiques. Avec un engagement d'excellence et de satisfaction du client, nous nous effor\u00e7ons d'\u00eatre votre partenaire de confiance dans l'avancement de la connaissance scientifique et de la d\u00e9couverte.<\/p>\n<h5>**Nos produits**<\/h5>\n<p>Notre vaste catalogue comprend une large gamme de produits chimiques de recherche, notamment<\/p>\n<p>- Stimulants<br \/>\n- D\u00e9presseurs<br \/>\n- Hallucinog\u00e8nes<br \/>\n- Dissociatifs<br \/>\n- Cannabino\u00efdes<br \/>\n- Benzodiaz\u00e9pines<br \/>\n- Et bien plus encore<\/p>\n<p>Chaque produit de notre catalogue provient de fournisseurs r\u00e9put\u00e9s et fait l'objet de tests rigoureux et de mesures de contr\u00f4le de la qualit\u00e9 afin d'en garantir la puret\u00e9, l'efficacit\u00e9 et la coh\u00e9rence. Nous comprenons l'importance d'un mat\u00e9riel de recherche fiable pour obtenir des r\u00e9sultats pr\u00e9cis et reproductibles. C'est pourquoi nous prenons grand soin de s\u00e9lectionner et de v\u00e9rifier la qualit\u00e9 de nos produits.<\/p>\n<h4>**Pourquoi choisir ChemsXpress ?<\/h4>\n<p>- **Assurance qualit\u00e9:** Nous accordons la priorit\u00e9 aux normes les plus \u00e9lev\u00e9es en mati\u00e8re d'assurance qualit\u00e9 afin de garantir que nos clients ne re\u00e7oivent que les meilleurs produits chimiques disponibles pour la recherche.<\/p>\n<p>- **Exp\u00e9dition rapide et discr\u00e8te:** Nous proposons des options d'exp\u00e9dition rapide et discr\u00e8te aux chercheurs du monde entier, afin que votre commande vous parvienne rapidement et en toute s\u00e9curit\u00e9.<\/p>\n<p>- Notre \u00e9quipe d'assistance \u00e0 la client\u00e8le est \u00e0 votre disposition pour r\u00e9pondre \u00e0 toutes vos questions. Que vous ayez besoin d'aide pour s\u00e9lectionner le bon produit ou pour passer votre commande, nous sommes l\u00e0 pour vous aider.<\/p>\n<h6>**Processus de commande**<\/h6>\n<p>Commander aupr\u00e8s de ChemsXpress est simple et pratique. Il vous suffit de parcourir notre catalogue, de s\u00e9lectionner les produits dont vous avez besoin et de passer \u00e0 la caisse. Notre passerelle de paiement s\u00e9curis\u00e9e garantit la s\u00e9curit\u00e9 et la protection de vos transactions. Une fois votre commande pass\u00e9e, nous nous occupons du reste, en veillant \u00e0 ce que votre mat\u00e9riel de recherche vous soit livr\u00e9 en temps voulu.<\/p>\n<h6>**Contactez-nous**<\/h6>\n<p>Vous avez des questions ou besoin d'aide ? N'h\u00e9sitez pas \u00e0 nous contacter. Notre \u00e9quipe d'assistance \u00e0 la client\u00e8le se tient \u00e0 votre disposition pour vous aider.<\/p>\n<p>Merci d'avoir choisi <a href=\"https:\/\/chemsxpress.com\/fr\/\">ChemsXpress<\/a> pour vos besoins en produits chimiques destin\u00e9s \u00e0 la recherche. Nous sommes impatients de vous servir et de soutenir vos efforts scientifiques.<\/p>\n<p>&#8212;<\/p>","protected":false},"excerpt":{"rendered":"<p><strong>Nom IUPAC :<\/strong><\/p>\n<p><strong>Apparence : <\/strong>orange<\/p>\n<p><strong>Forme : <\/strong>granul\u00e9s<\/p>\n<p><strong>Analyse RMN : <\/strong>N\/A<\/p>","protected":false},"featured_media":28963,"comment_status":"open","ping_status":"closed","template":"","meta":[],"product_brand":[],"product_cat":[83],"product_tag":[],"class_list":{"0":"post-28901","1":"product","2":"type-product","3":"status-publish","4":"has-post-thumbnail","6":"product_cat-pellets","8":"first","9":"instock","10":"shipping-taxable","11":"purchasable","12":"product-type-variable"},"yoast_head":"<!-- This site is optimized with the Yoast SEO Premium plugin v24.1 (Yoast SEO v27.4) - https:\/\/yoast.com\/product\/yoast-seo-premium-wordpress\/ -->\n<title>Buy AMT Pellets Online @ChemsXpress:Quality Research Chems<\/title>\n<meta name=\"description\" content=\"Discover AMT pellets at ChemsXpress. Premium research chemicals, fast shipping. Trust our quality assurance for all your research needs. Order now!\" \/>\n<meta name=\"robots\" content=\"index, follow, max-snippet:-1, max-image-preview:large, max-video-preview:-1\" \/>\n<link rel=\"canonical\" href=\"https:\/\/chemsxpress.com\/fr\/produit\/acheter-des-pellets-damt-en-ligne\/\" \/>\n<meta property=\"og:locale\" content=\"fr_FR\" \/>\n<meta property=\"og:type\" content=\"article\" \/>\n<meta property=\"og:title\" content=\"AMT pellets 25mg\" \/>\n<meta property=\"og:description\" content=\"Discover AMT pellets at ChemsXpress. Premium research chemicals, fast shipping. Trust our quality assurance for all your research needs. Order now!\" \/>\n<meta property=\"og:url\" content=\"https:\/\/chemsxpress.com\/fr\/produit\/acheter-des-pellets-damt-en-ligne\/\" \/>\n<meta property=\"og:site_name\" content=\"SHOP MDPHP\" \/>\n<meta property=\"article:modified_time\" content=\"2024-05-03T07:55:41+00:00\" \/>\n<meta property=\"og:image\" content=\"https:\/\/chemsxpress.com\/wp-content\/uploads\/2024\/04\/AMT-pellets-25mg.jpg\" \/>\n\t<meta property=\"og:image:width\" content=\"600\" \/>\n\t<meta property=\"og:image:height\" content=\"600\" \/>\n\t<meta property=\"og:image:type\" content=\"image\/jpeg\" \/>\n<meta name=\"twitter:card\" content=\"summary_large_image\" \/>\n<meta name=\"twitter:label1\" content=\"Dur\u00e9e de lecture estim\u00e9e\" \/>\n\t<meta name=\"twitter:data1\" content=\"2 minutes\" \/>\n<script type=\"application\/ld+json\" class=\"yoast-schema-graph\">{\"@context\":\"https:\\\/\\\/schema.org\",\"@graph\":[{\"@type\":\"WebPage\",\"@id\":\"https:\\\/\\\/chemsxpress.com\\\/product\\\/buy-amt-pellets-online\\\/\",\"url\":\"https:\\\/\\\/chemsxpress.com\\\/product\\\/buy-amt-pellets-online\\\/\",\"name\":\"Buy AMT Pellets Online @ChemsXpress:Quality Research Chems\",\"isPartOf\":{\"@id\":\"https:\\\/\\\/chemsxpress.com\\\/#website\"},\"primaryImageOfPage\":{\"@id\":\"https:\\\/\\\/chemsxpress.com\\\/product\\\/buy-amt-pellets-online\\\/#primaryimage\"},\"image\":{\"@id\":\"https:\\\/\\\/chemsxpress.com\\\/product\\\/buy-amt-pellets-online\\\/#primaryimage\"},\"thumbnailUrl\":\"https:\\\/\\\/chemsxpress.com\\\/wp-content\\\/uploads\\\/2024\\\/04\\\/AMT-pellets-25mg.jpg\",\"datePublished\":\"2024-04-29T13:19:11+00:00\",\"dateModified\":\"2024-05-03T07:55:41+00:00\",\"description\":\"Discover AMT pellets at ChemsXpress. Premium research chemicals, fast shipping. Trust our quality assurance for all your research needs. Order now!\",\"breadcrumb\":{\"@id\":\"https:\\\/\\\/chemsxpress.com\\\/product\\\/buy-amt-pellets-online\\\/#breadcrumb\"},\"inLanguage\":\"fr-FR\",\"potentialAction\":[{\"@type\":\"ReadAction\",\"target\":[\"https:\\\/\\\/chemsxpress.com\\\/product\\\/buy-amt-pellets-online\\\/\"]}]},{\"@type\":\"ImageObject\",\"inLanguage\":\"fr-FR\",\"@id\":\"https:\\\/\\\/chemsxpress.com\\\/product\\\/buy-amt-pellets-online\\\/#primaryimage\",\"url\":\"https:\\\/\\\/chemsxpress.com\\\/wp-content\\\/uploads\\\/2024\\\/04\\\/AMT-pellets-25mg.jpg\",\"contentUrl\":\"https:\\\/\\\/chemsxpress.com\\\/wp-content\\\/uploads\\\/2024\\\/04\\\/AMT-pellets-25mg.jpg\",\"width\":600,\"height\":600},{\"@type\":\"BreadcrumbList\",\"@id\":\"https:\\\/\\\/chemsxpress.com\\\/product\\\/buy-amt-pellets-online\\\/#breadcrumb\",\"itemListElement\":[{\"@type\":\"ListItem\",\"position\":1,\"name\":\"Home\",\"item\":\"https:\\\/\\\/chemsxpress.com\\\/\"},{\"@type\":\"ListItem\",\"position\":2,\"name\":\"Shop\",\"item\":\"https:\\\/\\\/chemsxpress.com\\\/shop\\\/\"},{\"@type\":\"ListItem\",\"position\":3,\"name\":\"AMT pellets 25mg\"}]},{\"@type\":\"WebSite\",\"@id\":\"https:\\\/\\\/chemsxpress.com\\\/#website\",\"url\":\"https:\\\/\\\/chemsxpress.com\\\/\",\"name\":\"SHOP MDPHP\",\"description\":\"Buy MDPHP freebase from reliable supplier\",\"potentialAction\":[{\"@type\":\"SearchAction\",\"target\":{\"@type\":\"EntryPoint\",\"urlTemplate\":\"https:\\\/\\\/chemsxpress.com\\\/?s={search_term_string}\"},\"query-input\":{\"@type\":\"PropertyValueSpecification\",\"valueRequired\":true,\"valueName\":\"search_term_string\"}}],\"inLanguage\":\"fr-FR\"}]}<\/script>\n<!-- \/ Yoast SEO Premium plugin. -->","yoast_head_json":{"title":"Achetez du 5-DBFPV en ligne\u00a0: produits chimiques de recherche de qualit\u00e9 | ChemsXpress","description":"D\u00e9couvrez Pink Star Pellets sur ChemsXpress. Produits chimiques de recherche de premi\u00e8re qualit\u00e9, livraison rapide. Faites confiance \u00e0 notre assurance qualit\u00e9 pour tous vos besoins de recherche. Commandez maintenant","robots":{"index":"index","follow":"follow","max-snippet":"max-snippet:-1","max-image-preview":"max-image-preview:large","max-video-preview":"max-video-preview:-1"},"canonical":"https:\/\/chemsxpress.com\/fr\/produit\/acheter-des-pellets-damt-en-ligne\/","og_locale":"fr_FR","og_type":"article","og_title":"AMT pellets 25mg","og_description":"Discover AMT pellets at ChemsXpress. Premium research chemicals, fast shipping. Trust our quality assurance for all your research needs. Order now!","og_url":"https:\/\/chemsxpress.com\/fr\/produit\/acheter-des-pellets-damt-en-ligne\/","og_site_name":"SHOP MDPHP","article_modified_time":"2024-05-03T07:55:41+00:00","og_image":[{"width":600,"height":600,"url":"https:\/\/chemsxpress.com\/wp-content\/uploads\/2024\/04\/AMT-pellets-25mg.jpg","type":"image\/jpeg"}],"twitter_card":"summary_large_image","twitter_misc":{"Dur\u00e9e de lecture estim\u00e9e":"2 minutes"},"schema":{"@context":"https:\/\/schema.org","@graph":[{"@type":"WebPage","@id":"https:\/\/chemsxpress.com\/product\/buy-amt-pellets-online\/","url":"https:\/\/chemsxpress.com\/product\/buy-amt-pellets-online\/","name":"Achetez du 5-DBFPV en ligne\u00a0: produits chimiques de recherche de qualit\u00e9 | ChemsXpress","isPartOf":{"@id":"https:\/\/chemsxpress.com\/#website"},"primaryImageOfPage":{"@id":"https:\/\/chemsxpress.com\/product\/buy-amt-pellets-online\/#primaryimage"},"image":{"@id":"https:\/\/chemsxpress.com\/product\/buy-amt-pellets-online\/#primaryimage"},"thumbnailUrl":"https:\/\/chemsxpress.com\/wp-content\/uploads\/2024\/04\/AMT-pellets-25mg.jpg","datePublished":"2024-04-29T13:19:11+00:00","dateModified":"2024-05-03T07:55:41+00:00","description":"D\u00e9couvrez Pink Star Pellets sur ChemsXpress. Produits chimiques de recherche de premi\u00e8re qualit\u00e9, livraison rapide. Faites confiance \u00e0 notre assurance qualit\u00e9 pour tous vos besoins de recherche. Commandez maintenant","breadcrumb":{"@id":"https:\/\/chemsxpress.com\/product\/buy-amt-pellets-online\/#breadcrumb"},"inLanguage":"fr-FR","potentialAction":[{"@type":"ReadAction","target":["https:\/\/chemsxpress.com\/product\/buy-amt-pellets-online\/"]}]},{"@type":"ImageObject","inLanguage":"fr-FR","@id":"https:\/\/chemsxpress.com\/product\/buy-amt-pellets-online\/#primaryimage","url":"https:\/\/chemsxpress.com\/wp-content\/uploads\/2024\/04\/AMT-pellets-25mg.jpg","contentUrl":"https:\/\/chemsxpress.com\/wp-content\/uploads\/2024\/04\/AMT-pellets-25mg.jpg","width":600,"height":600},{"@type":"BreadcrumbList","@id":"https:\/\/chemsxpress.com\/product\/buy-amt-pellets-online\/#breadcrumb","itemListElement":[{"@type":"ListItem","position":1,"name":"Home","item":"https:\/\/chemsxpress.com\/"},{"@type":"ListItem","position":2,"name":"Shop","item":"https:\/\/chemsxpress.com\/shop\/"},{"@type":"ListItem","position":3,"name":"AMT pellets 25mg"}]},{"@type":"WebSite","@id":"https:\/\/chemsxpress.com\/#website","url":"https:\/\/chemsxpress.com\/","name":"SHOP MDPHP","description":"Acheter MDPHP freebase aupr\u00e8s d'un fournisseur fiable","potentialAction":[{"@type":"SearchAction","target":{"@type":"EntryPoint","urlTemplate":"https:\/\/chemsxpress.com\/?s={search_term_string}"},"query-input":{"@type":"PropertyValueSpecification","valueRequired":true,"valueName":"search_term_string"}}],"inLanguage":"fr-FR"}]}},"jetpack_sharing_enabled":true,"_links":{"self":[{"href":"https:\/\/chemsxpress.com\/fr\/wp-json\/wp\/v2\/product\/28901","targetHints":{"allow":["GET"]}}],"collection":[{"href":"https:\/\/chemsxpress.com\/fr\/wp-json\/wp\/v2\/product"}],"about":[{"href":"https:\/\/chemsxpress.com\/fr\/wp-json\/wp\/v2\/types\/product"}],"replies":[{"embeddable":true,"href":"https:\/\/chemsxpress.com\/fr\/wp-json\/wp\/v2\/comments?post=28901"}],"version-history":[{"count":3,"href":"https:\/\/chemsxpress.com\/fr\/wp-json\/wp\/v2\/product\/28901\/revisions"}],"predecessor-version":[{"id":29668,"href":"https:\/\/chemsxpress.com\/fr\/wp-json\/wp\/v2\/product\/28901\/revisions\/29668"}],"wp:featuredmedia":[{"embeddable":true,"href":"https:\/\/chemsxpress.com\/fr\/wp-json\/wp\/v2\/media\/28963"}],"wp:attachment":[{"href":"https:\/\/chemsxpress.com\/fr\/wp-json\/wp\/v2\/media?parent=28901"}],"wp:term":[{"taxonomy":"product_brand","embeddable":true,"href":"https:\/\/chemsxpress.com\/fr\/wp-json\/wp\/v2\/product_brand?post=28901"},{"taxonomy":"product_cat","embeddable":true,"href":"https:\/\/chemsxpress.com\/fr\/wp-json\/wp\/v2\/product_cat?post=28901"},{"taxonomy":"product_tag","embeddable":true,"href":"https:\/\/chemsxpress.com\/fr\/wp-json\/wp\/v2\/product_tag?post=28901"}],"curies":[{"name":"wp","href":"https:\/\/api.w.org\/{rel}","templated":true}]}}