{"id":28903,"date":"2024-04-29T13:19:11","date_gmt":"2024-04-29T13:19:11","guid":{"rendered":"https:\/\/chemsxpress.com\/?post_type=product&#038;p=28903"},"modified":"2024-07-04T22:42:03","modified_gmt":"2024-07-04T22:42:03","slug":"acheter-3-fa-pellets","status":"publish","type":"product","link":"https:\/\/chemsxpress.com\/fr\/produit\/acheter-3-fa-pellets\/","title":{"rendered":"3-FA pastilles 50mg"},"content":{"rendered":"<h1>Acheter des pastilles de 3-FA.<\/h1>\n<p>Acheter des pastilles de 3-FA, bienvenue sur <a href=\"https:\/\/chemsxpress.com\/fr\/\">ChemsXpress<\/a>Nous sommes fiers de vous proposer des pastilles de 3-FA, un compos\u00e9 fascinant qui offre un immense potentiel de d\u00e9couverte scientifique. Parmi notre vaste s\u00e9lection, nous sommes fiers de proposer des pastilles de 3-FA, un compos\u00e9 fascinant dot\u00e9 d'un immense potentiel de d\u00e9couverte scientifique. Plongeons dans l'univers du 3-FA et explorons ses applications dans divers domaines de recherche.<\/p>\n<h3>**Comprendre les pastilles 3-FA**.<\/h3>\n<p>La 3-FA, ou 3-Fluoroamph\u00e9tamine, est un compos\u00e9 synth\u00e9tique appartenant \u00e0 la classe des amph\u00e9tamines. Elle pr\u00e9sente des similitudes structurelles avec l'amph\u00e9tamine et la m\u00e9thamph\u00e9tamine, mais poss\u00e8de des propri\u00e9t\u00e9s pharmacologiques uniques qui lui conf\u00e8rent un grand int\u00e9r\u00eat pour les chercheurs. En tant que stimulant et entactog\u00e8ne, la 3-FA a \u00e9t\u00e9 \u00e9tudi\u00e9e pour ses effets sur les syst\u00e8mes neurotransmetteurs, notamment la dopamine, la s\u00e9rotonine et la nor\u00e9pin\u00e9phrine.<\/p>\n<h3>**Explorer le potentiel de recherche**<\/h3>\n<p>Les chercheurs sont attir\u00e9s par le 3-FA pour ses applications potentielles dans plusieurs domaines d'\u00e9tude. Ses propri\u00e9t\u00e9s stimulantes pourraient permettre de mieux comprendre les fonctions cognitives, la r\u00e9gulation de l'humeur et les m\u00e9canismes d'excitation. En outre, ses effets entactog\u00e8nes soul\u00e8vent des questions sur le comportement social, l'empathie et le traitement des \u00e9motions. Les \u00e9tudes sur la pharmacocin\u00e9tique et le profil de toxicit\u00e9 du 3-FA contribuent \u00e0 notre compr\u00e9hension de sa s\u00e9curit\u00e9 et de ses utilisations th\u00e9rapeutiques potentielles.<\/p>\n<h4>Acheter 3-FA Pellets en ligne<\/h4>\n<p>Lorsqu'il s'agit de s'approvisionner <a href=\"https:\/\/chemsxpress.com\/fr\/categorie-produit\/produits-chimiques-de-recherche\/\">produits chimiques de recherche<\/a>Pour ChemsXpress, la qualit\u00e9 et la fiabilit\u00e9 sont primordiales. Chez ChemsXpress, nous accordons la priorit\u00e9 aux normes d'assurance qualit\u00e9 les plus \u00e9lev\u00e9es afin de garantir la puret\u00e9 et la coh\u00e9rence de nos produits. Nos pastilles de 3-FA sont synth\u00e9tis\u00e9es \u00e0 l'aide de techniques de pointe et subissent des tests rigoureux dans des laboratoires certifi\u00e9s.<\/p>\n<p>Outre la qualit\u00e9, nous comprenons l'importance d'une exp\u00e9dition rapide et s\u00fbre pour les projets de recherche. C'est pourquoi nous proposons aux chercheurs du monde entier des options d'exp\u00e9dition rapides et discr\u00e8tes. Que vous meniez des \u00e9tudes dans le domaine universitaire, pharmaceutique ou m\u00e9dico-l\u00e9gal, vous pouvez faire confiance \u00e0 ChemsXpress pour livrer votre mat\u00e9riel de recherche rapidement et en toute confidentialit\u00e9.<\/p>\n<p>De plus, notre \u00e9quipe d'assistance \u00e0 la client\u00e8le est l\u00e0 pour vous aider \u00e0 chaque \u00e9tape. Que vous ayez des questions sur les sp\u00e9cifications des produits, les d\u00e9tails d'exp\u00e9dition ou les demandes de renseignements sur les commandes, notre personnel comp\u00e9tent est \u00e0 votre disposition pour vous fournir une assistance rapide et utile.<\/p>\n<h5>**Commandez les granul\u00e9s 3-FA d\u00e8s aujourd'hui**<\/h5>\n<p>Pr\u00eat \u00e0 am\u00e9liorer votre recherche avec les pastilles de 3-FA ? Explorez notre catalogue et passez votre commande en toute confiance. Avec ChemsXpress comme partenaire de confiance, vous pouvez vous lancer dans votre voyage scientifique avec assurance et pr\u00e9cision. Rejoignez les chercheurs du monde entier qui font confiance \u00e0 ChemsXpress pour des produits chimiques de recherche de premi\u00e8re qualit\u00e9 et un service client in\u00e9gal\u00e9.<\/p>","protected":false},"excerpt":{"rendered":"<p><strong>Nom IUPAC :<\/strong><\/p>\n<p><strong>Forme : <\/strong>granul\u00e9s<\/p>\n<p><strong>Analyse RMN : <\/strong>N\/A<\/p>","protected":false},"featured_media":28969,"comment_status":"open","ping_status":"closed","template":"","meta":[],"product_brand":[],"product_cat":[83],"product_tag":[],"class_list":{"0":"post-28903","1":"product","2":"type-product","3":"status-publish","4":"has-post-thumbnail","6":"product_cat-pellets","8":"first","9":"instock","10":"shipping-taxable","11":"purchasable","12":"product-type-variable"},"yoast_head":"<!-- This site is optimized with the Yoast SEO Premium plugin v24.1 (Yoast SEO v27.4) - https:\/\/yoast.com\/product\/yoast-seo-premium-wordpress\/ -->\n<title>Buy 3-FA Pellets Online: Premium Quality RC&#039;s | ChemsXpress<\/title>\n<meta name=\"description\" content=\"Discover 3-FA pellets at ChemsXpress. Premium research chemicals, fast shipping. Trust our quality assurance for all your research needs. Order now\" \/>\n<meta name=\"robots\" content=\"index, follow, max-snippet:-1, max-image-preview:large, max-video-preview:-1\" \/>\n<link rel=\"canonical\" href=\"https:\/\/chemsxpress.com\/fr\/produit\/acheter-3-fa-pellets\/\" \/>\n<meta property=\"og:locale\" content=\"fr_FR\" \/>\n<meta property=\"og:type\" content=\"article\" \/>\n<meta property=\"og:title\" content=\"3-FA pellets 50mg\" \/>\n<meta property=\"og:description\" content=\"Discover 3-FA pellets at ChemsXpress. Premium research chemicals, fast shipping. Trust our quality assurance for all your research needs. Order now\" \/>\n<meta property=\"og:url\" content=\"https:\/\/chemsxpress.com\/fr\/produit\/acheter-3-fa-pellets\/\" \/>\n<meta property=\"og:site_name\" content=\"SHOP MDPHP\" \/>\n<meta property=\"article:modified_time\" content=\"2024-07-04T22:42:03+00:00\" \/>\n<meta property=\"og:image\" content=\"https:\/\/chemsxpress.com\/wp-content\/uploads\/2024\/04\/3-FA-pellets-50mg.jpg\" \/>\n\t<meta property=\"og:image:width\" content=\"600\" \/>\n\t<meta property=\"og:image:height\" content=\"600\" \/>\n\t<meta property=\"og:image:type\" content=\"image\/jpeg\" \/>\n<meta name=\"twitter:card\" content=\"summary_large_image\" \/>\n<meta name=\"twitter:label1\" content=\"Dur\u00e9e de lecture estim\u00e9e\" \/>\n\t<meta name=\"twitter:data1\" content=\"2 minutes\" \/>\n<script type=\"application\/ld+json\" class=\"yoast-schema-graph\">{\"@context\":\"https:\\\/\\\/schema.org\",\"@graph\":[{\"@type\":\"WebPage\",\"@id\":\"https:\\\/\\\/chemsxpress.com\\\/product\\\/buy-3-fa-pellets\\\/\",\"url\":\"https:\\\/\\\/chemsxpress.com\\\/product\\\/buy-3-fa-pellets\\\/\",\"name\":\"Buy 3-FA Pellets Online: Premium Quality RC's | ChemsXpress\",\"isPartOf\":{\"@id\":\"https:\\\/\\\/chemsxpress.com\\\/#website\"},\"primaryImageOfPage\":{\"@id\":\"https:\\\/\\\/chemsxpress.com\\\/product\\\/buy-3-fa-pellets\\\/#primaryimage\"},\"image\":{\"@id\":\"https:\\\/\\\/chemsxpress.com\\\/product\\\/buy-3-fa-pellets\\\/#primaryimage\"},\"thumbnailUrl\":\"https:\\\/\\\/chemsxpress.com\\\/wp-content\\\/uploads\\\/2024\\\/04\\\/3-FA-pellets-50mg.jpg\",\"datePublished\":\"2024-04-29T13:19:11+00:00\",\"dateModified\":\"2024-07-04T22:42:03+00:00\",\"description\":\"Discover 3-FA pellets at ChemsXpress. Premium research chemicals, fast shipping. Trust our quality assurance for all your research needs. Order now\",\"breadcrumb\":{\"@id\":\"https:\\\/\\\/chemsxpress.com\\\/product\\\/buy-3-fa-pellets\\\/#breadcrumb\"},\"inLanguage\":\"fr-FR\",\"potentialAction\":[{\"@type\":\"ReadAction\",\"target\":[\"https:\\\/\\\/chemsxpress.com\\\/product\\\/buy-3-fa-pellets\\\/\"]}]},{\"@type\":\"ImageObject\",\"inLanguage\":\"fr-FR\",\"@id\":\"https:\\\/\\\/chemsxpress.com\\\/product\\\/buy-3-fa-pellets\\\/#primaryimage\",\"url\":\"https:\\\/\\\/chemsxpress.com\\\/wp-content\\\/uploads\\\/2024\\\/04\\\/3-FA-pellets-50mg.jpg\",\"contentUrl\":\"https:\\\/\\\/chemsxpress.com\\\/wp-content\\\/uploads\\\/2024\\\/04\\\/3-FA-pellets-50mg.jpg\",\"width\":600,\"height\":600,\"caption\":\"Buy 3-FA pellets\"},{\"@type\":\"BreadcrumbList\",\"@id\":\"https:\\\/\\\/chemsxpress.com\\\/product\\\/buy-3-fa-pellets\\\/#breadcrumb\",\"itemListElement\":[{\"@type\":\"ListItem\",\"position\":1,\"name\":\"Home\",\"item\":\"https:\\\/\\\/chemsxpress.com\\\/\"},{\"@type\":\"ListItem\",\"position\":2,\"name\":\"Shop\",\"item\":\"https:\\\/\\\/chemsxpress.com\\\/shop\\\/\"},{\"@type\":\"ListItem\",\"position\":3,\"name\":\"3-FA pellets 50mg\"}]},{\"@type\":\"WebSite\",\"@id\":\"https:\\\/\\\/chemsxpress.com\\\/#website\",\"url\":\"https:\\\/\\\/chemsxpress.com\\\/\",\"name\":\"SHOP MDPHP\",\"description\":\"Buy MDPHP freebase from reliable supplier\",\"potentialAction\":[{\"@type\":\"SearchAction\",\"target\":{\"@type\":\"EntryPoint\",\"urlTemplate\":\"https:\\\/\\\/chemsxpress.com\\\/?s={search_term_string}\"},\"query-input\":{\"@type\":\"PropertyValueSpecification\",\"valueRequired\":true,\"valueName\":\"search_term_string\"}}],\"inLanguage\":\"fr-FR\"}]}<\/script>\n<!-- \/ Yoast SEO Premium plugin. -->","yoast_head_json":{"title":"Acheter des pastilles 2C-D en ligne : ChemsXpress - RC's de qualit\u00e9 sup\u00e9rieure","description":"D\u00e9couvrez Pink Star Pellets sur ChemsXpress. Produits chimiques de recherche de premi\u00e8re qualit\u00e9, livraison rapide. Faites confiance \u00e0 notre assurance qualit\u00e9 pour tous vos besoins de recherche. Commandez maintenant","robots":{"index":"index","follow":"follow","max-snippet":"max-snippet:-1","max-image-preview":"max-image-preview:large","max-video-preview":"max-video-preview:-1"},"canonical":"https:\/\/chemsxpress.com\/fr\/produit\/acheter-3-fa-pellets\/","og_locale":"fr_FR","og_type":"article","og_title":"3-FA pellets 50mg","og_description":"Discover 3-FA pellets at ChemsXpress. Premium research chemicals, fast shipping. Trust our quality assurance for all your research needs. Order now","og_url":"https:\/\/chemsxpress.com\/fr\/produit\/acheter-3-fa-pellets\/","og_site_name":"SHOP MDPHP","article_modified_time":"2024-07-04T22:42:03+00:00","og_image":[{"width":600,"height":600,"url":"https:\/\/chemsxpress.com\/wp-content\/uploads\/2024\/04\/3-FA-pellets-50mg.jpg","type":"image\/jpeg"}],"twitter_card":"summary_large_image","twitter_misc":{"Dur\u00e9e de lecture estim\u00e9e":"2 minutes"},"schema":{"@context":"https:\/\/schema.org","@graph":[{"@type":"WebPage","@id":"https:\/\/chemsxpress.com\/product\/buy-3-fa-pellets\/","url":"https:\/\/chemsxpress.com\/product\/buy-3-fa-pellets\/","name":"Acheter des pastilles 2C-D en ligne : ChemsXpress - RC's de qualit\u00e9 sup\u00e9rieure","isPartOf":{"@id":"https:\/\/chemsxpress.com\/#website"},"primaryImageOfPage":{"@id":"https:\/\/chemsxpress.com\/product\/buy-3-fa-pellets\/#primaryimage"},"image":{"@id":"https:\/\/chemsxpress.com\/product\/buy-3-fa-pellets\/#primaryimage"},"thumbnailUrl":"https:\/\/chemsxpress.com\/wp-content\/uploads\/2024\/04\/3-FA-pellets-50mg.jpg","datePublished":"2024-04-29T13:19:11+00:00","dateModified":"2024-07-04T22:42:03+00:00","description":"D\u00e9couvrez Pink Star Pellets sur ChemsXpress. Produits chimiques de recherche de premi\u00e8re qualit\u00e9, livraison rapide. Faites confiance \u00e0 notre assurance qualit\u00e9 pour tous vos besoins de recherche. Commandez maintenant","breadcrumb":{"@id":"https:\/\/chemsxpress.com\/product\/buy-3-fa-pellets\/#breadcrumb"},"inLanguage":"fr-FR","potentialAction":[{"@type":"ReadAction","target":["https:\/\/chemsxpress.com\/product\/buy-3-fa-pellets\/"]}]},{"@type":"ImageObject","inLanguage":"fr-FR","@id":"https:\/\/chemsxpress.com\/product\/buy-3-fa-pellets\/#primaryimage","url":"https:\/\/chemsxpress.com\/wp-content\/uploads\/2024\/04\/3-FA-pellets-50mg.jpg","contentUrl":"https:\/\/chemsxpress.com\/wp-content\/uploads\/2024\/04\/3-FA-pellets-50mg.jpg","width":600,"height":600,"caption":"Buy 3-FA pellets"},{"@type":"BreadcrumbList","@id":"https:\/\/chemsxpress.com\/product\/buy-3-fa-pellets\/#breadcrumb","itemListElement":[{"@type":"ListItem","position":1,"name":"Home","item":"https:\/\/chemsxpress.com\/"},{"@type":"ListItem","position":2,"name":"Shop","item":"https:\/\/chemsxpress.com\/shop\/"},{"@type":"ListItem","position":3,"name":"3-FA pellets 50mg"}]},{"@type":"WebSite","@id":"https:\/\/chemsxpress.com\/#website","url":"https:\/\/chemsxpress.com\/","name":"SHOP MDPHP","description":"Acheter MDPHP freebase aupr\u00e8s d'un fournisseur fiable","potentialAction":[{"@type":"SearchAction","target":{"@type":"EntryPoint","urlTemplate":"https:\/\/chemsxpress.com\/?s={search_term_string}"},"query-input":{"@type":"PropertyValueSpecification","valueRequired":true,"valueName":"search_term_string"}}],"inLanguage":"fr-FR"}]}},"jetpack_sharing_enabled":true,"_links":{"self":[{"href":"https:\/\/chemsxpress.com\/fr\/wp-json\/wp\/v2\/product\/28903","targetHints":{"allow":["GET"]}}],"collection":[{"href":"https:\/\/chemsxpress.com\/fr\/wp-json\/wp\/v2\/product"}],"about":[{"href":"https:\/\/chemsxpress.com\/fr\/wp-json\/wp\/v2\/types\/product"}],"replies":[{"embeddable":true,"href":"https:\/\/chemsxpress.com\/fr\/wp-json\/wp\/v2\/comments?post=28903"}],"version-history":[{"count":4,"href":"https:\/\/chemsxpress.com\/fr\/wp-json\/wp\/v2\/product\/28903\/revisions"}],"predecessor-version":[{"id":30029,"href":"https:\/\/chemsxpress.com\/fr\/wp-json\/wp\/v2\/product\/28903\/revisions\/30029"}],"wp:featuredmedia":[{"embeddable":true,"href":"https:\/\/chemsxpress.com\/fr\/wp-json\/wp\/v2\/media\/28969"}],"wp:attachment":[{"href":"https:\/\/chemsxpress.com\/fr\/wp-json\/wp\/v2\/media?parent=28903"}],"wp:term":[{"taxonomy":"product_brand","embeddable":true,"href":"https:\/\/chemsxpress.com\/fr\/wp-json\/wp\/v2\/product_brand?post=28903"},{"taxonomy":"product_cat","embeddable":true,"href":"https:\/\/chemsxpress.com\/fr\/wp-json\/wp\/v2\/product_cat?post=28903"},{"taxonomy":"product_tag","embeddable":true,"href":"https:\/\/chemsxpress.com\/fr\/wp-json\/wp\/v2\/product_tag?post=28903"}],"curies":[{"name":"wp","href":"https:\/\/api.w.org\/{rel}","templated":true}]}}