{"id":28905,"date":"2024-04-29T13:19:11","date_gmt":"2024-04-29T13:19:11","guid":{"rendered":"https:\/\/chemsxpress.com\/?post_type=product&#038;p=28905"},"modified":"2024-07-04T22:38:29","modified_gmt":"2024-07-04T22:38:29","slug":"acheter-2-fea-3-fea-en-ligne","status":"publish","type":"product","link":"https:\/\/chemsxpress.com\/fr\/produit\/acheter-2-fea-3-fea-en-ligne\/","title":{"rendered":"2-FEA pastilles 60mg"},"content":{"rendered":"<h1>Acheter 2-FEA\/3-FEA en ligne<\/h1>\n<p>BUY 2-FEA\/3-FEA Online, 3Phoria est un produit chimique de recherche compos\u00e9 d'un m\u00e9lange minutieux de 2-FEA et de 3-FEA. Selon les rapports scientifiques, 2\/3-FEA produit les effets stimulants classiques suivants :<\/p>\n<p>Le 2-FEA est un stimulant de la classe des amph\u00e9tamines et est \u00e9troitement li\u00e9 au <a href=\"https:\/\/chemsxpress.com\/fr\/categorie-produit\/produits-chimiques-de-recherche\/\">2-FMA<\/a> \u00e9galement connu sous le nom de 2-Fluorethamphetamine. Les r\u00e9sultats de la recherche scientifique sur le 2-FEA se traduisent par diff\u00e9rentes stimulations et euphories. En th\u00e9orie, le 2-FEA augmente efficacement les niveaux de monoamine, de neurotransmetteurs, de dopamine, de nor\u00e9pin\u00e9phrine et de s\u00e9rotonine.<\/p>\n<p>Le 3-FEA, alias 3-fluorom\u00e9thamph\u00e9tamine, est un compos\u00e9 fluor\u00e9 de la famille des amph\u00e9tamines. Des rapports de recherche ont caract\u00e9ris\u00e9 le 3-FEA comme un triple lib\u00e9rateur de monoamines \u00e0 dominance s\u00e9rotonine mod\u00e9r\u00e9ment puissant qui produit un m\u00e9lange de r\u00e9sultats entactog\u00e8nes et l\u00e9g\u00e8rement stimulants sur les sujets test\u00e9s.<\/p>\n<p>&nbsp;<\/p>\n<h2><strong>COMMENT UTILISER LES PASTILLES 2-FEA\/3-FEA (3PHORIA) ?<\/strong><\/h2>\n<p><a href=\"https:\/\/chemsxpress.com\/fr\/produit\/acheter-3-fea-en-poudre\/\">Pastilles 2\/3-FEA<\/a> La substance est press\u00e9e en 160 mg de granul\u00e9s de haute qualit\u00e9 pour tous vos besoins en mati\u00e8re de recherche. Conserver les pastilles dans un endroit sec et frais pour une dur\u00e9e de conservation maximale. <a href=\"https:\/\/chemsxpress.com\/fr\/produit\/acheter-mxe-3d-en-ligne\/\">le comprim\u00e9 est de 40 mg<\/a> de 2-FEA \u00e0 120mg de 3-FEA. Conserver dans un endroit sec et frais pour une dur\u00e9e de conservation maximale. Lorsque vous manipulez des produits chimiques destin\u00e9s \u00e0 la recherche, veillez \u00e0 toujours prendre les pr\u00e9cautions qui s'imposent dans le laboratoire, comme essuyer les surfaces et porter des gants, un masque et des v\u00eatements de protection.<\/p>\n<p>&nbsp;<\/p>\n<h2><strong>D\u00c9FINITION 2-FEA\/3-FEA (3PHORIA)<\/strong><\/h2>\n<p>La d\u00e9finition de 2-FEA\/3FEA (3phoria) est officiellement connue sous le nom de 2-Fluoro\u00e9thamph\u00e9tamine et 3-Fluoro\u00e9thamph\u00e9tamine, deux amph\u00e9tamines synth\u00e9tiques puissantes. La 2-Fluoro\u00e9thamph\u00e9tamine et la 3-Fluoro\u00e9thamph\u00e9tamine sont structurellement li\u00e9es \u00e0 une s\u00e9rie d'amph\u00e9tamines fluor\u00e9es substitu\u00e9es qui comprenaient \u00e0 l'origine des compos\u00e9s tels que la 2-FA, la 3-FA, la 4-FA, la 2-FMA et la 4-FMA.<\/p>\n<p>&nbsp;<\/p>\n<h2><strong>INFORMATIONS DE BASE SUR LA CHIMIE 2-FEA\/3-FEA (3PHORIA)<\/strong><\/h2>\n<p>Les 2-FEA\/3-FEA sont des mol\u00e9cules synth\u00e9tiques de la classe des amph\u00e9tamines. Les mol\u00e9cules de cette classe contiennent un noyau de ph\u00e9n\u00e9thylamine. Ce noyau est constitu\u00e9 d'un anneau ph\u00e9nyle li\u00e9 \u00e0 un groupe amino par l'interm\u00e9diaire d'une cha\u00eene \u00e9thyle substitu\u00e9e par un groupe m\u00e9thyle (les amph\u00e9tamines sont des ph\u00e9n\u00e9thylamines alpha-m\u00e9thyl\u00e9es). Le 3-FEA en particulier est l'analogue fluor\u00e9 en position 3 de l'\u00e9thylamph\u00e9tamine, \u00e9galement connue sous le nom d'\u00e9thamph\u00e9tamine. Il pr\u00e9sente des similitudes structurelles avec la fenfluramine 3-FA. Ce compos\u00e9 n'a fait l'objet que de tr\u00e8s peu de recherches scientifiques et est relativement nouveau sur le march\u00e9 des produits chimiques de recherche. Par cons\u00e9quent, il est fortement conseill\u00e9 de recourir \u00e0 des pratiques de r\u00e9duction des risques en cas d'utilisation de cette substance.<\/p>\n<p>&nbsp;<\/p>\n<h2><strong>O\u00d9 ACHETER 2-FEA\/3-FEA (3PHORIA) ?<\/strong><\/h2>\n<p>2-FEA\/3FEA (3phoria) peuvent \u00eatre achet\u00e9s ici sur le site de la <a href=\"https:\/\/chemsxpress.com\/fr\/\">ChemsXpress<\/a>\u00a0site web. Nous vendons de la 2-FEA\/3FEA (3phoria) de premi\u00e8re qualit\u00e9, g\u00e9n\u00e9ralement sous forme de granul\u00e9s. Cependant, nous avons souvent d'autres formes de substances disponibles, alors n'h\u00e9sitez pas \u00e0 nous contacter pour savoir si nous avons la forme de substance que vous pr\u00e9f\u00e9rez en stock. Vous devez avoir au moins 18 ans pour acheter de la 2-FEA\/3FEA (3phoria) chez nous.<\/p>","protected":false},"excerpt":{"rendered":"<p><strong>Nom IUPAC : <\/strong>N-\u00e9thyl-2-fluoro-\u03b1-m\u00e9thyl-benz\u00e8ne\u00e9thanamine, monohydrochloride<\/p>\n<p><strong>CAS # <\/strong>3871-89-4<\/p>\n<p><strong>Apparence : <\/strong>granul\u00e9s<\/p>\n<p><strong>Analyse RMN : <\/strong>s\/o<\/p>","protected":false},"featured_media":28983,"comment_status":"open","ping_status":"closed","template":"","meta":[],"product_brand":[],"product_cat":[83],"product_tag":[],"class_list":{"0":"post-28905","1":"product","2":"type-product","3":"status-publish","4":"has-post-thumbnail","6":"product_cat-pellets","8":"first","9":"instock","10":"shipping-taxable","11":"purchasable","12":"product-type-variable"},"yoast_head":"<!-- This site is optimized with the Yoast SEO Premium plugin v24.1 (Yoast SEO v27.3) - https:\/\/yoast.com\/product\/yoast-seo-premium-wordpress\/ -->\n<title>Buy 2-FEA\/3-FEA Online: Research Chemicals | ChemsXpress<\/title>\n<meta name=\"description\" content=\"BUY 2-FEA\/3-FEA Online at ChemsXpress. Premium research chemicals, fast shipping. Trust our quality assurance for all your research needs. Order now\" \/>\n<meta name=\"robots\" content=\"index, follow, max-snippet:-1, max-image-preview:large, max-video-preview:-1\" \/>\n<link rel=\"canonical\" href=\"https:\/\/chemsxpress.com\/fr\/produit\/acheter-2-fea-3-fea-en-ligne\/\" \/>\n<meta property=\"og:locale\" content=\"fr_FR\" \/>\n<meta property=\"og:type\" content=\"article\" \/>\n<meta property=\"og:title\" content=\"2-FEA pellets 60mg\" \/>\n<meta property=\"og:description\" content=\"BUY 2-FEA\/3-FEA Online at ChemsXpress. Premium research chemicals, fast shipping. Trust our quality assurance for all your research needs. Order now\" \/>\n<meta property=\"og:url\" content=\"https:\/\/chemsxpress.com\/fr\/produit\/acheter-2-fea-3-fea-en-ligne\/\" \/>\n<meta property=\"og:site_name\" content=\"SHOP MDPHP\" \/>\n<meta property=\"article:modified_time\" content=\"2024-07-04T22:38:29+00:00\" \/>\n<meta property=\"og:image\" content=\"https:\/\/chemsxpress.com\/wp-content\/uploads\/2024\/04\/2-FEA-pellets-60mg.jpg\" \/>\n\t<meta property=\"og:image:width\" content=\"600\" \/>\n\t<meta property=\"og:image:height\" content=\"600\" \/>\n\t<meta property=\"og:image:type\" content=\"image\/jpeg\" \/>\n<meta name=\"twitter:card\" content=\"summary_large_image\" \/>\n<meta name=\"twitter:label1\" content=\"Dur\u00e9e de lecture estim\u00e9e\" \/>\n\t<meta name=\"twitter:data1\" content=\"2 minutes\" \/>\n<script type=\"application\/ld+json\" class=\"yoast-schema-graph\">{\"@context\":\"https:\\\/\\\/schema.org\",\"@graph\":[{\"@type\":\"WebPage\",\"@id\":\"https:\\\/\\\/chemsxpress.com\\\/product\\\/buy-2-fea-3-fea-online\\\/\",\"url\":\"https:\\\/\\\/chemsxpress.com\\\/product\\\/buy-2-fea-3-fea-online\\\/\",\"name\":\"Buy 2-FEA\\\/3-FEA Online: Research Chemicals | ChemsXpress\",\"isPartOf\":{\"@id\":\"https:\\\/\\\/chemsxpress.com\\\/#website\"},\"primaryImageOfPage\":{\"@id\":\"https:\\\/\\\/chemsxpress.com\\\/product\\\/buy-2-fea-3-fea-online\\\/#primaryimage\"},\"image\":{\"@id\":\"https:\\\/\\\/chemsxpress.com\\\/product\\\/buy-2-fea-3-fea-online\\\/#primaryimage\"},\"thumbnailUrl\":\"https:\\\/\\\/chemsxpress.com\\\/wp-content\\\/uploads\\\/2024\\\/04\\\/2-FEA-pellets-60mg.jpg\",\"datePublished\":\"2024-04-29T13:19:11+00:00\",\"dateModified\":\"2024-07-04T22:38:29+00:00\",\"description\":\"BUY 2-FEA\\\/3-FEA Online at ChemsXpress. Premium research chemicals, fast shipping. Trust our quality assurance for all your research needs. Order now\",\"breadcrumb\":{\"@id\":\"https:\\\/\\\/chemsxpress.com\\\/product\\\/buy-2-fea-3-fea-online\\\/#breadcrumb\"},\"inLanguage\":\"fr-FR\",\"potentialAction\":[{\"@type\":\"ReadAction\",\"target\":[\"https:\\\/\\\/chemsxpress.com\\\/product\\\/buy-2-fea-3-fea-online\\\/\"]}]},{\"@type\":\"ImageObject\",\"inLanguage\":\"fr-FR\",\"@id\":\"https:\\\/\\\/chemsxpress.com\\\/product\\\/buy-2-fea-3-fea-online\\\/#primaryimage\",\"url\":\"https:\\\/\\\/chemsxpress.com\\\/wp-content\\\/uploads\\\/2024\\\/04\\\/2-FEA-pellets-60mg.jpg\",\"contentUrl\":\"https:\\\/\\\/chemsxpress.com\\\/wp-content\\\/uploads\\\/2024\\\/04\\\/2-FEA-pellets-60mg.jpg\",\"width\":600,\"height\":600,\"caption\":\"BUY 2-FEA\\\/3-FEA Online\"},{\"@type\":\"BreadcrumbList\",\"@id\":\"https:\\\/\\\/chemsxpress.com\\\/product\\\/buy-2-fea-3-fea-online\\\/#breadcrumb\",\"itemListElement\":[{\"@type\":\"ListItem\",\"position\":1,\"name\":\"Home\",\"item\":\"https:\\\/\\\/chemsxpress.com\\\/\"},{\"@type\":\"ListItem\",\"position\":2,\"name\":\"Shop\",\"item\":\"https:\\\/\\\/chemsxpress.com\\\/shop\\\/\"},{\"@type\":\"ListItem\",\"position\":3,\"name\":\"2-FEA pellets 60mg\"}]},{\"@type\":\"WebSite\",\"@id\":\"https:\\\/\\\/chemsxpress.com\\\/#website\",\"url\":\"https:\\\/\\\/chemsxpress.com\\\/\",\"name\":\"SHOP MDPHP\",\"description\":\"Buy MDPHP freebase from reliable supplier\",\"potentialAction\":[{\"@type\":\"SearchAction\",\"target\":{\"@type\":\"EntryPoint\",\"urlTemplate\":\"https:\\\/\\\/chemsxpress.com\\\/?s={search_term_string}\"},\"query-input\":{\"@type\":\"PropertyValueSpecification\",\"valueRequired\":true,\"valueName\":\"search_term_string\"}}],\"inLanguage\":\"fr-FR\"}]}<\/script>\n<!-- \/ Yoast SEO Premium plugin. -->","yoast_head_json":{"title":"Achetez du 2-FEA\/3-FEA en ligne\u00a0: produits chimiques de recherche | ChemsXpress","description":"Achetez des pastilles de 2C-C en ligne sur ChemsXpress. Produits chimiques de recherche de premi\u00e8re qualit\u00e9, livraison rapide. Faites confiance \u00e0 notre assurance qualit\u00e9 pour tous vos besoins de recherche. Commandez maintenant","robots":{"index":"index","follow":"follow","max-snippet":"max-snippet:-1","max-image-preview":"max-image-preview:large","max-video-preview":"max-video-preview:-1"},"canonical":"https:\/\/chemsxpress.com\/fr\/produit\/acheter-2-fea-3-fea-en-ligne\/","og_locale":"fr_FR","og_type":"article","og_title":"2-FEA pellets 60mg","og_description":"BUY 2-FEA\/3-FEA Online at ChemsXpress. Premium research chemicals, fast shipping. Trust our quality assurance for all your research needs. Order now","og_url":"https:\/\/chemsxpress.com\/fr\/produit\/acheter-2-fea-3-fea-en-ligne\/","og_site_name":"SHOP MDPHP","article_modified_time":"2024-07-04T22:38:29+00:00","og_image":[{"width":600,"height":600,"url":"https:\/\/chemsxpress.com\/wp-content\/uploads\/2024\/04\/2-FEA-pellets-60mg.jpg","type":"image\/jpeg"}],"twitter_card":"summary_large_image","twitter_misc":{"Dur\u00e9e de lecture estim\u00e9e":"2 minutes"},"schema":{"@context":"https:\/\/schema.org","@graph":[{"@type":"WebPage","@id":"https:\/\/chemsxpress.com\/product\/buy-2-fea-3-fea-online\/","url":"https:\/\/chemsxpress.com\/product\/buy-2-fea-3-fea-online\/","name":"Achetez du 2-FEA\/3-FEA en ligne\u00a0: produits chimiques de recherche | ChemsXpress","isPartOf":{"@id":"https:\/\/chemsxpress.com\/#website"},"primaryImageOfPage":{"@id":"https:\/\/chemsxpress.com\/product\/buy-2-fea-3-fea-online\/#primaryimage"},"image":{"@id":"https:\/\/chemsxpress.com\/product\/buy-2-fea-3-fea-online\/#primaryimage"},"thumbnailUrl":"https:\/\/chemsxpress.com\/wp-content\/uploads\/2024\/04\/2-FEA-pellets-60mg.jpg","datePublished":"2024-04-29T13:19:11+00:00","dateModified":"2024-07-04T22:38:29+00:00","description":"Achetez des pastilles de 2C-C en ligne sur ChemsXpress. Produits chimiques de recherche de premi\u00e8re qualit\u00e9, livraison rapide. Faites confiance \u00e0 notre assurance qualit\u00e9 pour tous vos besoins de recherche. Commandez maintenant","breadcrumb":{"@id":"https:\/\/chemsxpress.com\/product\/buy-2-fea-3-fea-online\/#breadcrumb"},"inLanguage":"fr-FR","potentialAction":[{"@type":"ReadAction","target":["https:\/\/chemsxpress.com\/product\/buy-2-fea-3-fea-online\/"]}]},{"@type":"ImageObject","inLanguage":"fr-FR","@id":"https:\/\/chemsxpress.com\/product\/buy-2-fea-3-fea-online\/#primaryimage","url":"https:\/\/chemsxpress.com\/wp-content\/uploads\/2024\/04\/2-FEA-pellets-60mg.jpg","contentUrl":"https:\/\/chemsxpress.com\/wp-content\/uploads\/2024\/04\/2-FEA-pellets-60mg.jpg","width":600,"height":600,"caption":"BUY 2-FEA\/3-FEA Online"},{"@type":"BreadcrumbList","@id":"https:\/\/chemsxpress.com\/product\/buy-2-fea-3-fea-online\/#breadcrumb","itemListElement":[{"@type":"ListItem","position":1,"name":"Home","item":"https:\/\/chemsxpress.com\/"},{"@type":"ListItem","position":2,"name":"Shop","item":"https:\/\/chemsxpress.com\/shop\/"},{"@type":"ListItem","position":3,"name":"2-FEA pellets 60mg"}]},{"@type":"WebSite","@id":"https:\/\/chemsxpress.com\/#website","url":"https:\/\/chemsxpress.com\/","name":"SHOP MDPHP","description":"Acheter MDPHP freebase aupr\u00e8s d'un fournisseur fiable","potentialAction":[{"@type":"SearchAction","target":{"@type":"EntryPoint","urlTemplate":"https:\/\/chemsxpress.com\/?s={search_term_string}"},"query-input":{"@type":"PropertyValueSpecification","valueRequired":true,"valueName":"search_term_string"}}],"inLanguage":"fr-FR"}]}},"jetpack_sharing_enabled":true,"_links":{"self":[{"href":"https:\/\/chemsxpress.com\/fr\/wp-json\/wp\/v2\/product\/28905","targetHints":{"allow":["GET"]}}],"collection":[{"href":"https:\/\/chemsxpress.com\/fr\/wp-json\/wp\/v2\/product"}],"about":[{"href":"https:\/\/chemsxpress.com\/fr\/wp-json\/wp\/v2\/types\/product"}],"replies":[{"embeddable":true,"href":"https:\/\/chemsxpress.com\/fr\/wp-json\/wp\/v2\/comments?post=28905"}],"version-history":[{"count":4,"href":"https:\/\/chemsxpress.com\/fr\/wp-json\/wp\/v2\/product\/28905\/revisions"}],"predecessor-version":[{"id":30026,"href":"https:\/\/chemsxpress.com\/fr\/wp-json\/wp\/v2\/product\/28905\/revisions\/30026"}],"wp:featuredmedia":[{"embeddable":true,"href":"https:\/\/chemsxpress.com\/fr\/wp-json\/wp\/v2\/media\/28983"}],"wp:attachment":[{"href":"https:\/\/chemsxpress.com\/fr\/wp-json\/wp\/v2\/media?parent=28905"}],"wp:term":[{"taxonomy":"product_brand","embeddable":true,"href":"https:\/\/chemsxpress.com\/fr\/wp-json\/wp\/v2\/product_brand?post=28905"},{"taxonomy":"product_cat","embeddable":true,"href":"https:\/\/chemsxpress.com\/fr\/wp-json\/wp\/v2\/product_cat?post=28905"},{"taxonomy":"product_tag","embeddable":true,"href":"https:\/\/chemsxpress.com\/fr\/wp-json\/wp\/v2\/product_tag?post=28905"}],"curies":[{"name":"wp","href":"https:\/\/api.w.org\/{rel}","templated":true}]}}