{"id":28931,"date":"2024-04-29T13:19:33","date_gmt":"2024-04-29T13:19:33","guid":{"rendered":"https:\/\/chemsxpress.com\/?post_type=product&#038;p=28931"},"modified":"2025-05-26T12:59:50","modified_gmt":"2025-05-26T12:59:50","slug":"acheter-2-fma-pellets-50mg","status":"publish","type":"product","link":"https:\/\/chemsxpress.com\/fr\/produit\/acheter-2-fma-pellets-50mg\/","title":{"rendered":"2-FMA pastilles 50mg"},"content":{"rendered":"<h1>Acheter 2-FMA pellets 50mg.<\/h1>\n<p>Acheter 2-FMA pellets 50mg,2-FMA (2-Fluorom\u00e9thamph\u00e9tamine) est un stimulant chimique qui fait partie de la classe des amph\u00e9tamines. La 2-FMA produit ses effets par l'interm\u00e9diaire des r\u00e9cepteurs de la dopamine et de la nor\u00e9pin\u00e9phrine dans le cerveau. Cette substance chimique est compar\u00e9e au 2-FA, au 4-MA et au 3-FA. Elle est \u00e9galement un analogue structurel de la m\u00e9thamph\u00e9tamine. Depuis la fin des ann\u00e9es 2000, ce produit est disponible sur le march\u00e9. <a href=\"https:\/\/chemsxpress.com\/fr\/categorie-produit\/produits-chimiques-de-recherche\/\">Recherche chimique<\/a> et est aujourd'hui l'un de nos stimulants les plus populaires. Selon des rapports anecdotiques, les participants ont pr\u00e9sent\u00e9 des effets de libido accrue, d'euphorie physique, de distorsion du temps et d'am\u00e9lioration de la concentration.<\/p>\n<p>*D\u00e9ni de responsabilit\u00e9 : nos produits ne sont pas destin\u00e9s \u00e0 la consommation humaine mais \u00e0 la recherche UNIQUEMENT. Des pr\u00e9cautions de s\u00e9curit\u00e9 ad\u00e9quates doivent \u00eatre prises lors de la recherche de ces produits chimiques.<\/p>\n<h1>O\u00f9 acheter 2-FMA pellets 50mg ?<\/h1>\n<p>**Bienvenue \u00e0 <a href=\"https:\/\/chemsxpress.com\/fr\/\">ChemsXpress<\/a>: Votre source pour 2-FMA**<\/p>\n<p>Chez ChemsXpress, nous sommes fiers de proposer des produits chimiques de recherche de premi\u00e8re qualit\u00e9, notamment la 2-FMA (2-Fluorom\u00e9thamph\u00e9tamine). En tant que fournisseur de confiance dans l'industrie des produits chimiques de recherche, nous donnons la priorit\u00e9 \u00e0 la qualit\u00e9, \u00e0 la fiabilit\u00e9 et \u00e0 la satisfaction des clients.<\/p>\n<p>**Qu'est-ce que le 2-FMA?**<\/p>\n<p>La 2-FMA est un stimulant synth\u00e9tique appartenant \u00e0 la classe des amph\u00e9tamines. Elle pr\u00e9sente des similitudes structurelles avec la m\u00e9thamph\u00e9tamine, mais poss\u00e8de des propri\u00e9t\u00e9s uniques qui la rendent pr\u00e9cieuse pour la recherche. Les chercheurs sont int\u00e9ress\u00e9s par l'\u00e9tude de ses effets sur la cognition, le comportement et la neurochimie.<\/p>\n<p>**Pourquoi choisir ChemsXpress pour 2-FMA ?<\/p>\n<p>- **Assurance qualit\u00e9:** Notre 2-FMA est synth\u00e9tis\u00e9 \u00e0 l'aide de techniques avanc\u00e9es et subit des tests rigoureux pour garantir sa puret\u00e9 et sa puissance.<br \/>\n- **Exp\u00e9dition rapide:** Nous comprenons l'importance d'une livraison dans les d\u00e9lais pour les projets de recherche. C'est pourquoi nous proposons des options d'exp\u00e9dition rapides et fiables.<br \/>\n- Notre \u00e9quipe d'assistance \u00e0 la client\u00e8le est l\u00e0 pour vous aider \u00e0 r\u00e9pondre \u00e0 toutes vos questions. Nous nous effor\u00e7ons de fournir un excellent service \u00e0 chaque \u00e9tape.<\/p>\n<p>**Commandez 2-FMA aujourd'hui**<\/p>\n<p>Pr\u00eat \u00e0 commencer votre recherche avec le 2-FMA ? Il vous suffit de parcourir notre catalogue, de passer votre commande et de profiter de la commodit\u00e9 de commander des produits chimiques de recherche en ligne avec ChemsXpress. Nous sommes impatients de r\u00e9pondre \u00e0 vos besoins en mati\u00e8re de recherche !<\/p>\n<p>&#8212;<\/p>\n<p>N'h\u00e9sitez pas \u00e0 personnaliser le contenu en fonction du style et de l'image de marque de votre site web. N'h\u00e9sitez pas \u00e0 me contacter si vous avez besoin d'aide ou de r\u00e9visions !<\/p>","protected":false},"excerpt":{"rendered":"<p><strong>Nom IUPAC :<\/strong><\/p>\n<p><strong>Apparence : <\/strong>granul\u00e9s<\/p>\n<p><strong>Analyse RMN : <\/strong>N\/A<\/p>","protected":false},"featured_media":28989,"comment_status":"open","ping_status":"closed","template":"","meta":[],"product_brand":[],"product_cat":[83],"product_tag":[],"class_list":{"0":"post-28931","1":"product","2":"type-product","3":"status-publish","4":"has-post-thumbnail","6":"product_cat-pellets","8":"first","9":"instock","10":"shipping-taxable","11":"purchasable","12":"product-type-variable"},"yoast_head":"<!-- This site is optimized with the Yoast SEO Premium plugin v24.1 (Yoast SEO v27.6) - https:\/\/yoast.com\/product\/yoast-seo-premium-wordpress\/ -->\n<title>Buy 2-FMA Pellets 50mg: Premium Quality RC&#039;s | ChemsXpres<\/title>\n<meta name=\"description\" content=\"Buy 2-FMA pellets with a dosage of 50mg at ChemsXpress. Premium rc&#039;s, fast shipping. Trust our quality assurance for all your research needs. Order now!\" \/>\n<meta name=\"robots\" content=\"index, follow, max-snippet:-1, max-image-preview:large, max-video-preview:-1\" \/>\n<link rel=\"canonical\" href=\"https:\/\/chemsxpress.com\/fr\/produit\/acheter-2-fma-pellets-50mg\/\" \/>\n<meta property=\"og:locale\" content=\"fr_FR\" \/>\n<meta property=\"og:type\" content=\"article\" \/>\n<meta property=\"og:title\" content=\"2-FMA pellets 50mg\" \/>\n<meta property=\"og:description\" content=\"Buy 2-FMA pellets with a dosage of 50mg at ChemsXpress. Premium rc&#039;s, fast shipping. Trust our quality assurance for all your research needs. Order now!\" \/>\n<meta property=\"og:url\" content=\"https:\/\/chemsxpress.com\/fr\/produit\/acheter-2-fma-pellets-50mg\/\" \/>\n<meta property=\"og:site_name\" content=\"SHOP MDPHP\" \/>\n<meta property=\"article:modified_time\" content=\"2025-05-26T12:59:50+00:00\" \/>\n<meta property=\"og:image\" content=\"https:\/\/chemsxpress.com\/wp-content\/uploads\/2024\/04\/2-FMA-pellets-50mg.jpg\" \/>\n\t<meta property=\"og:image:width\" content=\"600\" \/>\n\t<meta property=\"og:image:height\" content=\"600\" \/>\n\t<meta property=\"og:image:type\" content=\"image\/jpeg\" \/>\n<meta name=\"twitter:card\" content=\"summary_large_image\" \/>\n<meta name=\"twitter:label1\" content=\"Dur\u00e9e de lecture estim\u00e9e\" \/>\n\t<meta name=\"twitter:data1\" content=\"2 minutes\" \/>\n<script type=\"application\/ld+json\" class=\"yoast-schema-graph\">{\"@context\":\"https:\\\/\\\/schema.org\",\"@graph\":[{\"@type\":\"WebPage\",\"@id\":\"https:\\\/\\\/chemsxpress.com\\\/product\\\/buy-2-fma-pellets-50mg\\\/\",\"url\":\"https:\\\/\\\/chemsxpress.com\\\/product\\\/buy-2-fma-pellets-50mg\\\/\",\"name\":\"Buy 2-FMA Pellets 50mg: Premium Quality RC's | ChemsXpres\",\"isPartOf\":{\"@id\":\"https:\\\/\\\/chemsxpress.com\\\/#website\"},\"primaryImageOfPage\":{\"@id\":\"https:\\\/\\\/chemsxpress.com\\\/product\\\/buy-2-fma-pellets-50mg\\\/#primaryimage\"},\"image\":{\"@id\":\"https:\\\/\\\/chemsxpress.com\\\/product\\\/buy-2-fma-pellets-50mg\\\/#primaryimage\"},\"thumbnailUrl\":\"https:\\\/\\\/chemsxpress.com\\\/wp-content\\\/uploads\\\/2024\\\/04\\\/2-FMA-pellets-50mg.jpg\",\"datePublished\":\"2024-04-29T13:19:33+00:00\",\"dateModified\":\"2025-05-26T12:59:50+00:00\",\"description\":\"Buy 2-FMA pellets with a dosage of 50mg at ChemsXpress. Premium rc's, fast shipping. Trust our quality assurance for all your research needs. Order now!\",\"breadcrumb\":{\"@id\":\"https:\\\/\\\/chemsxpress.com\\\/product\\\/buy-2-fma-pellets-50mg\\\/#breadcrumb\"},\"inLanguage\":\"fr-FR\",\"potentialAction\":[{\"@type\":\"ReadAction\",\"target\":[\"https:\\\/\\\/chemsxpress.com\\\/product\\\/buy-2-fma-pellets-50mg\\\/\"]}]},{\"@type\":\"ImageObject\",\"inLanguage\":\"fr-FR\",\"@id\":\"https:\\\/\\\/chemsxpress.com\\\/product\\\/buy-2-fma-pellets-50mg\\\/#primaryimage\",\"url\":\"https:\\\/\\\/chemsxpress.com\\\/wp-content\\\/uploads\\\/2024\\\/04\\\/2-FMA-pellets-50mg.jpg\",\"contentUrl\":\"https:\\\/\\\/chemsxpress.com\\\/wp-content\\\/uploads\\\/2024\\\/04\\\/2-FMA-pellets-50mg.jpg\",\"width\":600,\"height\":600,\"caption\":\"Buy 2-FMA pellets 50mg\"},{\"@type\":\"BreadcrumbList\",\"@id\":\"https:\\\/\\\/chemsxpress.com\\\/product\\\/buy-2-fma-pellets-50mg\\\/#breadcrumb\",\"itemListElement\":[{\"@type\":\"ListItem\",\"position\":1,\"name\":\"Home\",\"item\":\"https:\\\/\\\/chemsxpress.com\\\/\"},{\"@type\":\"ListItem\",\"position\":2,\"name\":\"Shop\",\"item\":\"https:\\\/\\\/chemsxpress.com\\\/shop\\\/\"},{\"@type\":\"ListItem\",\"position\":3,\"name\":\"2-FMA pellets 50mg\"}]},{\"@type\":\"WebSite\",\"@id\":\"https:\\\/\\\/chemsxpress.com\\\/#website\",\"url\":\"https:\\\/\\\/chemsxpress.com\\\/\",\"name\":\"SHOP MDPHP\",\"description\":\"Buy MDPHP freebase from reliable supplier\",\"potentialAction\":[{\"@type\":\"SearchAction\",\"target\":{\"@type\":\"EntryPoint\",\"urlTemplate\":\"https:\\\/\\\/chemsxpress.com\\\/?s={search_term_string}\"},\"query-input\":{\"@type\":\"PropertyValueSpecification\",\"valueRequired\":true,\"valueName\":\"search_term_string\"}}],\"inLanguage\":\"fr-FR\"}]}<\/script>\n<!-- \/ Yoast SEO Premium plugin. -->","yoast_head_json":{"title":"Achetez 3-FPM en ligne\u00a0: RC de qualit\u00e9 sup\u00e9rieure | ChemsXpres","description":"Achetez des pastilles de 4-FMA \u00e0 ChemsXpress. Produits chimiques de recherche de premi\u00e8re qualit\u00e9, livraison rapide. Faites confiance \u00e0 notre assurance qualit\u00e9 pour tous vos besoins de recherche. Commandez sans","robots":{"index":"index","follow":"follow","max-snippet":"max-snippet:-1","max-image-preview":"max-image-preview:large","max-video-preview":"max-video-preview:-1"},"canonical":"https:\/\/chemsxpress.com\/fr\/produit\/acheter-2-fma-pellets-50mg\/","og_locale":"fr_FR","og_type":"article","og_title":"2-FMA pellets 50mg","og_description":"Buy 2-FMA pellets with a dosage of 50mg at ChemsXpress. Premium rc's, fast shipping. Trust our quality assurance for all your research needs. Order now!","og_url":"https:\/\/chemsxpress.com\/fr\/produit\/acheter-2-fma-pellets-50mg\/","og_site_name":"SHOP MDPHP","article_modified_time":"2025-05-26T12:59:50+00:00","og_image":[{"width":600,"height":600,"url":"https:\/\/chemsxpress.com\/wp-content\/uploads\/2024\/04\/2-FMA-pellets-50mg.jpg","type":"image\/jpeg"}],"twitter_card":"summary_large_image","twitter_misc":{"Dur\u00e9e de lecture estim\u00e9e":"2 minutes"},"schema":{"@context":"https:\/\/schema.org","@graph":[{"@type":"WebPage","@id":"https:\/\/chemsxpress.com\/product\/buy-2-fma-pellets-50mg\/","url":"https:\/\/chemsxpress.com\/product\/buy-2-fma-pellets-50mg\/","name":"Achetez 3-FPM en ligne\u00a0: RC de qualit\u00e9 sup\u00e9rieure | ChemsXpres","isPartOf":{"@id":"https:\/\/chemsxpress.com\/#website"},"primaryImageOfPage":{"@id":"https:\/\/chemsxpress.com\/product\/buy-2-fma-pellets-50mg\/#primaryimage"},"image":{"@id":"https:\/\/chemsxpress.com\/product\/buy-2-fma-pellets-50mg\/#primaryimage"},"thumbnailUrl":"https:\/\/chemsxpress.com\/wp-content\/uploads\/2024\/04\/2-FMA-pellets-50mg.jpg","datePublished":"2024-04-29T13:19:33+00:00","dateModified":"2025-05-26T12:59:50+00:00","description":"Achetez des pastilles de 4-FMA \u00e0 ChemsXpress. Produits chimiques de recherche de premi\u00e8re qualit\u00e9, livraison rapide. Faites confiance \u00e0 notre assurance qualit\u00e9 pour tous vos besoins de recherche. Commandez sans","breadcrumb":{"@id":"https:\/\/chemsxpress.com\/product\/buy-2-fma-pellets-50mg\/#breadcrumb"},"inLanguage":"fr-FR","potentialAction":[{"@type":"ReadAction","target":["https:\/\/chemsxpress.com\/product\/buy-2-fma-pellets-50mg\/"]}]},{"@type":"ImageObject","inLanguage":"fr-FR","@id":"https:\/\/chemsxpress.com\/product\/buy-2-fma-pellets-50mg\/#primaryimage","url":"https:\/\/chemsxpress.com\/wp-content\/uploads\/2024\/04\/2-FMA-pellets-50mg.jpg","contentUrl":"https:\/\/chemsxpress.com\/wp-content\/uploads\/2024\/04\/2-FMA-pellets-50mg.jpg","width":600,"height":600,"caption":"Buy 2-FMA pellets 50mg"},{"@type":"BreadcrumbList","@id":"https:\/\/chemsxpress.com\/product\/buy-2-fma-pellets-50mg\/#breadcrumb","itemListElement":[{"@type":"ListItem","position":1,"name":"Home","item":"https:\/\/chemsxpress.com\/"},{"@type":"ListItem","position":2,"name":"Shop","item":"https:\/\/chemsxpress.com\/shop\/"},{"@type":"ListItem","position":3,"name":"2-FMA pellets 50mg"}]},{"@type":"WebSite","@id":"https:\/\/chemsxpress.com\/#website","url":"https:\/\/chemsxpress.com\/","name":"SHOP MDPHP","description":"Acheter MDPHP freebase aupr\u00e8s d'un fournisseur fiable","potentialAction":[{"@type":"SearchAction","target":{"@type":"EntryPoint","urlTemplate":"https:\/\/chemsxpress.com\/?s={search_term_string}"},"query-input":{"@type":"PropertyValueSpecification","valueRequired":true,"valueName":"search_term_string"}}],"inLanguage":"fr-FR"}]}},"jetpack_sharing_enabled":true,"_links":{"self":[{"href":"https:\/\/chemsxpress.com\/fr\/wp-json\/wp\/v2\/product\/28931","targetHints":{"allow":["GET"]}}],"collection":[{"href":"https:\/\/chemsxpress.com\/fr\/wp-json\/wp\/v2\/product"}],"about":[{"href":"https:\/\/chemsxpress.com\/fr\/wp-json\/wp\/v2\/types\/product"}],"replies":[{"embeddable":true,"href":"https:\/\/chemsxpress.com\/fr\/wp-json\/wp\/v2\/comments?post=28931"}],"version-history":[{"count":4,"href":"https:\/\/chemsxpress.com\/fr\/wp-json\/wp\/v2\/product\/28931\/revisions"}],"predecessor-version":[{"id":30023,"href":"https:\/\/chemsxpress.com\/fr\/wp-json\/wp\/v2\/product\/28931\/revisions\/30023"}],"wp:featuredmedia":[{"embeddable":true,"href":"https:\/\/chemsxpress.com\/fr\/wp-json\/wp\/v2\/media\/28989"}],"wp:attachment":[{"href":"https:\/\/chemsxpress.com\/fr\/wp-json\/wp\/v2\/media?parent=28931"}],"wp:term":[{"taxonomy":"product_brand","embeddable":true,"href":"https:\/\/chemsxpress.com\/fr\/wp-json\/wp\/v2\/product_brand?post=28931"},{"taxonomy":"product_cat","embeddable":true,"href":"https:\/\/chemsxpress.com\/fr\/wp-json\/wp\/v2\/product_cat?post=28931"},{"taxonomy":"product_tag","embeddable":true,"href":"https:\/\/chemsxpress.com\/fr\/wp-json\/wp\/v2\/product_tag?post=28931"}],"curies":[{"name":"wp","href":"https:\/\/api.w.org\/{rel}","templated":true}]}}