{"id":28932,"date":"2024-04-29T13:19:33","date_gmt":"2024-04-29T13:19:33","guid":{"rendered":"https:\/\/chemsxpress.com\/?post_type=product&#038;p=28932"},"modified":"2025-05-29T10:54:02","modified_gmt":"2025-05-29T10:54:02","slug":"acheter-3-fma-en-ligne-2","status":"publish","type":"product","link":"https:\/\/chemsxpress.com\/fr\/produit\/acheter-3-fma-en-ligne-2\/","title":{"rendered":"3-FMA pastilles 50 mg"},"content":{"rendered":"<h1>Acheter 3-FMA en ligne<\/h1>\n<p>Acheter 3-FMA en ligne, 3-FMA est un produit chimique de recherche qui appartient \u00e0 la classe chimique des amph\u00e9tamines de substitution. En termes de structure chimique, la 3-FMA est tr\u00e8s similaire \u00e0 la 2-FMA, la 3-FA, la 4-FMA et la 4-FA. 3-FMA signifie 3-Fluorom\u00e9thamph\u00e9tamine. La 3-FMA est l'abr\u00e9viation de 3-Fluorom\u00e9thamph\u00e9tamine. <a href=\"https:\/\/chemsxpress.com\/fr\/categorie-produit\/produits-chimiques-de-recherche\/\">recherche chimique<\/a> est tr\u00e8s r\u00e9cent et, par cons\u00e9quent, il n'y a pas beaucoup de rapports sur les r\u00e9sultats de l'exp\u00e9rimentation de ce produit chimique.<\/p>\n<p>C'est pourquoi vous devez prendre des pr\u00e9cautions si vous envisagez de l'utiliser. Portez des lunettes de protection lorsque vous exp\u00e9rimentez le 3-FMA.<\/p>\n<p>&nbsp;<\/p>\n<h2><strong>O\u00f9 acheter 3-FMA ?<\/strong><\/h2>\n<p>Nous vendons ici certains des meilleurs 3-FMA disponibles sur le march\u00e9. Notre 3-FMA se pr\u00e9sente g\u00e9n\u00e9ralement sous forme de poudre. Cependant, nous avons souvent d'autres formes disponibles. N'h\u00e9sitez donc pas \u00e0 nous contacter si vous souhaitez acheter de la 3-FMA sous une autre forme.<\/p>\n<p>Vous devez \u00eatre \u00e2g\u00e9 d'au moins 18 ans et \u00eatre en conformit\u00e9 avec les lois de votre pays pour pouvoir acheter 3-FMA chez nous. Nous acceptons les principales cartes de cr\u00e9dit ainsi que les paiements en bitcoins. L'exp\u00e9dition le jour m\u00eame est possible dans de nombreux pays.<\/p>\n<p>&nbsp;<\/p>\n<h2><strong>3-FMA L\u00e9galit\u00e9<\/strong><\/h2>\n<p>Nous vous encourageons vivement \u00e0 consulter les lois en vigueur dans votre pays de r\u00e9sidence ou de livraison en ce qui concerne la l\u00e9galit\u00e9 des produits.<\/p>\n<p>Compte tenu de nos contraintes actuelles en mati\u00e8re de transport, nous prenons toutes les mesures raisonnables pour r\u00e9duire le danger pour nos consommateurs.<\/p>\n<p>W<\/p>\n<p>ChemsXpress propose la 3-FMA (3-Fluorom\u00e9thamph\u00e9tamine), un compos\u00e9 stimulant synth\u00e9tique appr\u00e9ci\u00e9 des chercheurs pour ses propri\u00e9t\u00e9s uniques. En tant que fournisseur de confiance de produits chimiques pour la recherche, nous accordons la priorit\u00e9 \u00e0 la qualit\u00e9, \u00e0 la fiabilit\u00e9 et \u00e0 la satisfaction de nos clients.<\/p>\n<p>**Qu'est-ce que la 3-FMA ?<\/p>\n<p>La 3-FMA fait partie de la classe des amph\u00e9tamines et pr\u00e9sente des similitudes avec la m\u00e9thamph\u00e9tamine. Les chercheurs souhaitent \u00e9tudier ses effets sur la cognition, le comportement et la neurochimie.<\/p>\n<p>**Pourquoi choisir <a href=\"https:\/\/chemsxpress.com\/fr\/\">ChemsXpress<\/a> pour 3-FMA?**<\/p>\n<p>- Notre 3-FMA est synth\u00e9tis\u00e9 \u00e0 l'aide de techniques avanc\u00e9es et subit des tests rigoureux pour garantir sa puret\u00e9 et sa puissance.<br \/>\n- **Exp\u00e9dition rapide:** Nous comprenons l'importance d'une livraison dans les d\u00e9lais pour les projets de recherche. C'est pourquoi nous proposons des options d'exp\u00e9dition rapides et fiables.<br \/>\n- **Support d\u00e9di\u00e9:** Notre \u00e9quipe de support client est disponible pour vous aider \u00e0 r\u00e9pondre \u00e0 toutes vos questions ou pr\u00e9occupations.<\/p>\n<p>**Commandez 3-FMA aujourd'hui**<\/p>\n<p>Pr\u00eat \u00e0 vous lancer dans la recherche avec 3-FMA ? Explorez notre catalogue et passez votre commande d\u00e8s aujourd'hui. Avec ChemsXpress, vous pouvez faire confiance \u00e0 notre engagement de qualit\u00e9 et de fiabilit\u00e9 \u00e0 chaque \u00e9tape.<\/p>","protected":false},"excerpt":{"rendered":"<p><strong>Nom IUPAC : <\/strong>1-(3-Fluoroph\u00e9nyl)-N-m\u00e9thylpropane-2-amine<\/p>\n<p><strong>CAS # <\/strong>1182818-14-9<\/p>\n<p><strong>Autre nom : <\/strong>3-Fluorom\u00e9thamph\u00e9tamine<\/p>\n<p><strong>Forme : <\/strong>granul\u00e9s<\/p>\n<p><strong>Analyse RMN : <\/strong>C10H14FN<\/p>","protected":false},"featured_media":28991,"comment_status":"open","ping_status":"closed","template":"","meta":[],"product_brand":[],"product_cat":[83],"product_tag":[],"class_list":{"0":"post-28932","1":"product","2":"type-product","3":"status-publish","4":"has-post-thumbnail","6":"product_cat-pellets","8":"first","9":"instock","10":"shipping-taxable","11":"purchasable","12":"product-type-variable"},"yoast_head":"<!-- This site is optimized with the Yoast SEO Premium plugin v24.1 (Yoast SEO v27.5) - https:\/\/yoast.com\/product\/yoast-seo-premium-wordpress\/ -->\n<title>Buy 3-FMA Online: Premium Quality RC&#039;s | ChemsXpress<\/title>\n<meta name=\"description\" content=\"Buy 3-FMA Online at ChemsXpress. Premium research chemicals, fast shipping. Trust our quality assurance for all your research needs. Order now\" \/>\n<meta name=\"robots\" content=\"index, follow, max-snippet:-1, max-image-preview:large, max-video-preview:-1\" \/>\n<link rel=\"canonical\" href=\"https:\/\/chemsxpress.com\/fr\/produit\/acheter-3-fma-en-ligne-2\/\" \/>\n<meta property=\"og:locale\" content=\"fr_FR\" \/>\n<meta property=\"og:type\" content=\"article\" \/>\n<meta property=\"og:title\" content=\"3-FMA pellets 50 mg\" \/>\n<meta property=\"og:description\" content=\"Buy 3-FMA Online at ChemsXpress. Premium research chemicals, fast shipping. Trust our quality assurance for all your research needs. Order now\" \/>\n<meta property=\"og:url\" content=\"https:\/\/chemsxpress.com\/fr\/produit\/acheter-3-fma-en-ligne-2\/\" \/>\n<meta property=\"og:site_name\" content=\"SHOP MDPHP\" \/>\n<meta property=\"article:modified_time\" content=\"2025-05-29T10:54:02+00:00\" \/>\n<meta property=\"og:image\" content=\"https:\/\/chemsxpress.com\/wp-content\/uploads\/2024\/04\/3-FMA-pellets-50-mg.jpg\" \/>\n\t<meta property=\"og:image:width\" content=\"600\" \/>\n\t<meta property=\"og:image:height\" content=\"600\" \/>\n\t<meta property=\"og:image:type\" content=\"image\/jpeg\" \/>\n<meta name=\"twitter:card\" content=\"summary_large_image\" \/>\n<meta name=\"twitter:label1\" content=\"Dur\u00e9e de lecture estim\u00e9e\" \/>\n\t<meta name=\"twitter:data1\" content=\"2 minutes\" \/>\n<script type=\"application\/ld+json\" class=\"yoast-schema-graph\">{\"@context\":\"https:\\\/\\\/schema.org\",\"@graph\":[{\"@type\":\"WebPage\",\"@id\":\"https:\\\/\\\/chemsxpress.com\\\/product\\\/buy-3-fma-online-2\\\/\",\"url\":\"https:\\\/\\\/chemsxpress.com\\\/product\\\/buy-3-fma-online-2\\\/\",\"name\":\"Buy 3-FMA Online: Premium Quality RC's | ChemsXpress\",\"isPartOf\":{\"@id\":\"https:\\\/\\\/chemsxpress.com\\\/#website\"},\"primaryImageOfPage\":{\"@id\":\"https:\\\/\\\/chemsxpress.com\\\/product\\\/buy-3-fma-online-2\\\/#primaryimage\"},\"image\":{\"@id\":\"https:\\\/\\\/chemsxpress.com\\\/product\\\/buy-3-fma-online-2\\\/#primaryimage\"},\"thumbnailUrl\":\"https:\\\/\\\/chemsxpress.com\\\/wp-content\\\/uploads\\\/2024\\\/04\\\/3-FMA-pellets-50-mg.jpg\",\"datePublished\":\"2024-04-29T13:19:33+00:00\",\"dateModified\":\"2025-05-29T10:54:02+00:00\",\"description\":\"Buy 3-FMA Online at ChemsXpress. Premium research chemicals, fast shipping. Trust our quality assurance for all your research needs. Order now\",\"breadcrumb\":{\"@id\":\"https:\\\/\\\/chemsxpress.com\\\/product\\\/buy-3-fma-online-2\\\/#breadcrumb\"},\"inLanguage\":\"fr-FR\",\"potentialAction\":[{\"@type\":\"ReadAction\",\"target\":[\"https:\\\/\\\/chemsxpress.com\\\/product\\\/buy-3-fma-online-2\\\/\"]}]},{\"@type\":\"ImageObject\",\"inLanguage\":\"fr-FR\",\"@id\":\"https:\\\/\\\/chemsxpress.com\\\/product\\\/buy-3-fma-online-2\\\/#primaryimage\",\"url\":\"https:\\\/\\\/chemsxpress.com\\\/wp-content\\\/uploads\\\/2024\\\/04\\\/3-FMA-pellets-50-mg.jpg\",\"contentUrl\":\"https:\\\/\\\/chemsxpress.com\\\/wp-content\\\/uploads\\\/2024\\\/04\\\/3-FMA-pellets-50-mg.jpg\",\"width\":600,\"height\":600,\"caption\":\"Buy 3-FMA\"},{\"@type\":\"BreadcrumbList\",\"@id\":\"https:\\\/\\\/chemsxpress.com\\\/product\\\/buy-3-fma-online-2\\\/#breadcrumb\",\"itemListElement\":[{\"@type\":\"ListItem\",\"position\":1,\"name\":\"Home\",\"item\":\"https:\\\/\\\/chemsxpress.com\\\/\"},{\"@type\":\"ListItem\",\"position\":2,\"name\":\"Shop\",\"item\":\"https:\\\/\\\/chemsxpress.com\\\/shop\\\/\"},{\"@type\":\"ListItem\",\"position\":3,\"name\":\"3-FMA pellets 50 mg\"}]},{\"@type\":\"WebSite\",\"@id\":\"https:\\\/\\\/chemsxpress.com\\\/#website\",\"url\":\"https:\\\/\\\/chemsxpress.com\\\/\",\"name\":\"SHOP MDPHP\",\"description\":\"Buy MDPHP freebase from reliable supplier\",\"potentialAction\":[{\"@type\":\"SearchAction\",\"target\":{\"@type\":\"EntryPoint\",\"urlTemplate\":\"https:\\\/\\\/chemsxpress.com\\\/?s={search_term_string}\"},\"query-input\":{\"@type\":\"PropertyValueSpecification\",\"valueRequired\":true,\"valueName\":\"search_term_string\"}}],\"inLanguage\":\"fr-FR\"}]}<\/script>\n<!-- \/ Yoast SEO Premium plugin. -->","yoast_head_json":{"title":"Achetez 3-FMA en ligne\u00a0: RC de qualit\u00e9 sup\u00e9rieure | ChemsXpress","description":"Achetez des pastilles de 2C-C en ligne sur ChemsXpress. Produits chimiques de recherche de premi\u00e8re qualit\u00e9, livraison rapide. Faites confiance \u00e0 notre assurance qualit\u00e9 pour tous vos besoins de recherche. Commandez maintenant","robots":{"index":"index","follow":"follow","max-snippet":"max-snippet:-1","max-image-preview":"max-image-preview:large","max-video-preview":"max-video-preview:-1"},"canonical":"https:\/\/chemsxpress.com\/fr\/produit\/acheter-3-fma-en-ligne-2\/","og_locale":"fr_FR","og_type":"article","og_title":"3-FMA pellets 50 mg","og_description":"Buy 3-FMA Online at ChemsXpress. Premium research chemicals, fast shipping. Trust our quality assurance for all your research needs. Order now","og_url":"https:\/\/chemsxpress.com\/fr\/produit\/acheter-3-fma-en-ligne-2\/","og_site_name":"SHOP MDPHP","article_modified_time":"2025-05-29T10:54:02+00:00","og_image":[{"width":600,"height":600,"url":"https:\/\/chemsxpress.com\/wp-content\/uploads\/2024\/04\/3-FMA-pellets-50-mg.jpg","type":"image\/jpeg"}],"twitter_card":"summary_large_image","twitter_misc":{"Dur\u00e9e de lecture estim\u00e9e":"2 minutes"},"schema":{"@context":"https:\/\/schema.org","@graph":[{"@type":"WebPage","@id":"https:\/\/chemsxpress.com\/product\/buy-3-fma-online-2\/","url":"https:\/\/chemsxpress.com\/product\/buy-3-fma-online-2\/","name":"Achetez 3-FMA en ligne\u00a0: RC de qualit\u00e9 sup\u00e9rieure | ChemsXpress","isPartOf":{"@id":"https:\/\/chemsxpress.com\/#website"},"primaryImageOfPage":{"@id":"https:\/\/chemsxpress.com\/product\/buy-3-fma-online-2\/#primaryimage"},"image":{"@id":"https:\/\/chemsxpress.com\/product\/buy-3-fma-online-2\/#primaryimage"},"thumbnailUrl":"https:\/\/chemsxpress.com\/wp-content\/uploads\/2024\/04\/3-FMA-pellets-50-mg.jpg","datePublished":"2024-04-29T13:19:33+00:00","dateModified":"2025-05-29T10:54:02+00:00","description":"Achetez des pastilles de 2C-C en ligne sur ChemsXpress. Produits chimiques de recherche de premi\u00e8re qualit\u00e9, livraison rapide. Faites confiance \u00e0 notre assurance qualit\u00e9 pour tous vos besoins de recherche. Commandez maintenant","breadcrumb":{"@id":"https:\/\/chemsxpress.com\/product\/buy-3-fma-online-2\/#breadcrumb"},"inLanguage":"fr-FR","potentialAction":[{"@type":"ReadAction","target":["https:\/\/chemsxpress.com\/product\/buy-3-fma-online-2\/"]}]},{"@type":"ImageObject","inLanguage":"fr-FR","@id":"https:\/\/chemsxpress.com\/product\/buy-3-fma-online-2\/#primaryimage","url":"https:\/\/chemsxpress.com\/wp-content\/uploads\/2024\/04\/3-FMA-pellets-50-mg.jpg","contentUrl":"https:\/\/chemsxpress.com\/wp-content\/uploads\/2024\/04\/3-FMA-pellets-50-mg.jpg","width":600,"height":600,"caption":"Buy 3-FMA"},{"@type":"BreadcrumbList","@id":"https:\/\/chemsxpress.com\/product\/buy-3-fma-online-2\/#breadcrumb","itemListElement":[{"@type":"ListItem","position":1,"name":"Home","item":"https:\/\/chemsxpress.com\/"},{"@type":"ListItem","position":2,"name":"Shop","item":"https:\/\/chemsxpress.com\/shop\/"},{"@type":"ListItem","position":3,"name":"3-FMA pellets 50 mg"}]},{"@type":"WebSite","@id":"https:\/\/chemsxpress.com\/#website","url":"https:\/\/chemsxpress.com\/","name":"SHOP MDPHP","description":"Acheter MDPHP freebase aupr\u00e8s d'un fournisseur fiable","potentialAction":[{"@type":"SearchAction","target":{"@type":"EntryPoint","urlTemplate":"https:\/\/chemsxpress.com\/?s={search_term_string}"},"query-input":{"@type":"PropertyValueSpecification","valueRequired":true,"valueName":"search_term_string"}}],"inLanguage":"fr-FR"}]}},"jetpack_sharing_enabled":true,"_links":{"self":[{"href":"https:\/\/chemsxpress.com\/fr\/wp-json\/wp\/v2\/product\/28932","targetHints":{"allow":["GET"]}}],"collection":[{"href":"https:\/\/chemsxpress.com\/fr\/wp-json\/wp\/v2\/product"}],"about":[{"href":"https:\/\/chemsxpress.com\/fr\/wp-json\/wp\/v2\/types\/product"}],"replies":[{"embeddable":true,"href":"https:\/\/chemsxpress.com\/fr\/wp-json\/wp\/v2\/comments?post=28932"}],"version-history":[{"count":4,"href":"https:\/\/chemsxpress.com\/fr\/wp-json\/wp\/v2\/product\/28932\/revisions"}],"predecessor-version":[{"id":30020,"href":"https:\/\/chemsxpress.com\/fr\/wp-json\/wp\/v2\/product\/28932\/revisions\/30020"}],"wp:featuredmedia":[{"embeddable":true,"href":"https:\/\/chemsxpress.com\/fr\/wp-json\/wp\/v2\/media\/28991"}],"wp:attachment":[{"href":"https:\/\/chemsxpress.com\/fr\/wp-json\/wp\/v2\/media?parent=28932"}],"wp:term":[{"taxonomy":"product_brand","embeddable":true,"href":"https:\/\/chemsxpress.com\/fr\/wp-json\/wp\/v2\/product_brand?post=28932"},{"taxonomy":"product_cat","embeddable":true,"href":"https:\/\/chemsxpress.com\/fr\/wp-json\/wp\/v2\/product_cat?post=28932"},{"taxonomy":"product_tag","embeddable":true,"href":"https:\/\/chemsxpress.com\/fr\/wp-json\/wp\/v2\/product_tag?post=28932"}],"curies":[{"name":"wp","href":"https:\/\/api.w.org\/{rel}","templated":true}]}}