{"id":28934,"date":"2024-04-29T13:19:33","date_gmt":"2024-04-29T13:19:33","guid":{"rendered":"https:\/\/chemsxpress.com\/?post_type=product&#038;p=28934"},"modified":"2025-05-26T12:22:09","modified_gmt":"2025-05-26T12:22:09","slug":"acheter-2c-d-pellets","status":"publish","type":"product","link":"https:\/\/chemsxpress.com\/fr\/produit\/acheter-2c-d-pellets\/","title":{"rendered":"2C-D granul\u00e9s 25mg"},"content":{"rendered":"<h1>Acheter des granul\u00e9s 2C-D<\/h1>\n<p>Achetez des pastilles de 2C-D chez ChemsXpress, votre source fiable de produits chimiques de recherche de premi\u00e8re qualit\u00e9. Parmi notre vaste catalogue, nous sommes fiers de proposer des pastilles de 2C-D, un compos\u00e9 fascinant ayant des applications potentielles dans diverses \u00e9tudes scientifiques.<\/p>\n<p>**A propos de 2C-D:**<\/p>\n<p>Le 2C-D est une ph\u00e9n\u00e9thylamine psych\u00e9d\u00e9lique appartenant \u00e0 la famille des compos\u00e9s 2C. Il est connu pour ses effets psychoactifs uniques, notamment les distorsions visuelles, l'alt\u00e9ration de la perception du temps et les changements d'humeur et de sch\u00e9mas de pens\u00e9e. Les chercheurs sont intrigu\u00e9s par ses utilisations th\u00e9rapeutiques potentielles et par son r\u00f4le dans la compr\u00e9hension des m\u00e9canismes d'action psych\u00e9d\u00e9lique.<\/p>\n<h2>Pourquoi choisir ChemsXpress pour acheter des granul\u00e9s 2C-D ?<\/h2>\n<p>- Assurance qualit\u00e9:** Nos pastilles de 2C-D sont synth\u00e9tis\u00e9es \u00e0 l'aide de techniques de pointe et sont soumises \u00e0 des mesures strictes de contr\u00f4le de la qualit\u00e9 afin d'en garantir la puret\u00e9 et l'efficacit\u00e9.<br \/>\n- **Exp\u00e9dition rapide:** Nous comprenons l'importance d'une livraison dans les d\u00e9lais pour les projets de recherche. C'est pourquoi nous proposons des options d'exp\u00e9dition rapides et fiables.<br \/>\n- **Support d\u00e9di\u00e9:** Notre \u00e9quipe de support client est disponible pour vous aider \u00e0 r\u00e9pondre \u00e0 toutes vos questions ou pr\u00e9occupations.<\/p>\n<h2>Commandez d\u00e8s aujourd'hui les granul\u00e9s 2C-D :<\/h2>\n<p>Pr\u00eat \u00e0 vous lancer dans la recherche avec les granul\u00e9s 2C-D ? D\u00e9couvrez notre<a href=\"https:\/\/chemsxpress.com\/fr\/\"> catalogue<\/a> et passez votre commande d\u00e8s aujourd'hui. Avec ChemsXpress, vous pouvez faire confiance \u00e0 notre engagement de qualit\u00e9 et de fiabilit\u00e9 \u00e0 chaque \u00e9tape du processus.<\/p>\n<p><strong>Explorer le potentiel des granul\u00e9s 2C-D avec ChemsXpress<\/strong><\/p>\n<p>Bienvenue \u00e0 ChemsXpress, votre premi\u00e8re destination pour des produits de haute qualit\u00e9. <a href=\"https:\/\/chemsxpress.com\/fr\/categorie-produit\/produits-chimiques-de-recherche\/\">produits chimiques de recherche<\/a>. Nous sommes fiers d'offrir une large gamme de compos\u00e9s pour soutenir l'exploration scientifique, y compris notre s\u00e9lection de pellets 2C-D. Plongez dans le monde de la recherche psych\u00e9d\u00e9lique en toute confiance, en sachant que vous vous approvisionnez aupr\u00e8s d'un fournisseur de confiance vou\u00e9 \u00e0 l'excellence.<\/p>","protected":false},"excerpt":{"rendered":"<p><strong>Nom IUPAC : <\/strong>2,5-dim\u00e9thoxy-4-m\u00e9thyl-benz\u00e8ne\u00e9thanamine<\/p>\n<p><strong>CAS # <\/strong>25505-65-1<\/p>\n<p><strong>Autre nom : <\/strong>2,5-Dim\u00e9thoxy-4-m\u00e9thylphn\u00e9thylamine<\/p>\n<p><strong>Apparence : <\/strong>Bleu<\/p>\n<p><strong>Analyse RMN : <\/strong>N\/a<\/p>","protected":false},"featured_media":28997,"comment_status":"open","ping_status":"closed","template":"","meta":[],"product_brand":[],"product_cat":[83],"product_tag":[],"class_list":{"0":"post-28934","1":"product","2":"type-product","3":"status-publish","4":"has-post-thumbnail","6":"product_cat-pellets","8":"first","9":"instock","10":"shipping-taxable","11":"purchasable","12":"product-type-variable"},"yoast_head":"<!-- This site is optimized with the Yoast SEO Premium plugin v24.1 (Yoast SEO v27.5) - https:\/\/yoast.com\/product\/yoast-seo-premium-wordpress\/ -->\n<title>Buy 2C-D Pellets Online: Premium Quality RC&#039;s | ChemsXpress<\/title>\n<meta name=\"description\" content=\"Buy 2C-D pellets at ChemsXpress. Premium research chemicals, fast shipping. Trust our quality assurance for all your research needs. Order now\" \/>\n<meta name=\"robots\" content=\"index, follow, max-snippet:-1, max-image-preview:large, max-video-preview:-1\" \/>\n<link rel=\"canonical\" href=\"https:\/\/chemsxpress.com\/fr\/produit\/acheter-2c-d-pellets\/\" \/>\n<meta property=\"og:locale\" content=\"fr_FR\" \/>\n<meta property=\"og:type\" content=\"article\" \/>\n<meta property=\"og:title\" content=\"2C-D pellets 25mg\" \/>\n<meta property=\"og:description\" content=\"Buy 2C-D pellets at ChemsXpress. Premium research chemicals, fast shipping. Trust our quality assurance for all your research needs. Order now\" \/>\n<meta property=\"og:url\" content=\"https:\/\/chemsxpress.com\/fr\/produit\/acheter-2c-d-pellets\/\" \/>\n<meta property=\"og:site_name\" content=\"SHOP MDPHP\" \/>\n<meta property=\"article:modified_time\" content=\"2025-05-26T12:22:09+00:00\" \/>\n<meta property=\"og:image\" content=\"https:\/\/chemsxpress.com\/wp-content\/uploads\/2024\/04\/2C-D-pellets-25mg.jpg\" \/>\n\t<meta property=\"og:image:width\" content=\"600\" \/>\n\t<meta property=\"og:image:height\" content=\"600\" \/>\n\t<meta property=\"og:image:type\" content=\"image\/jpeg\" \/>\n<meta name=\"twitter:card\" content=\"summary_large_image\" \/>\n<meta name=\"twitter:label1\" content=\"Dur\u00e9e de lecture estim\u00e9e\" \/>\n\t<meta name=\"twitter:data1\" content=\"2 minutes\" \/>\n<script type=\"application\/ld+json\" class=\"yoast-schema-graph\">{\"@context\":\"https:\\\/\\\/schema.org\",\"@graph\":[{\"@type\":\"WebPage\",\"@id\":\"https:\\\/\\\/chemsxpress.com\\\/product\\\/buy-2c-d-pellets\\\/\",\"url\":\"https:\\\/\\\/chemsxpress.com\\\/product\\\/buy-2c-d-pellets\\\/\",\"name\":\"Buy 2C-D Pellets Online: Premium Quality RC's | ChemsXpress\",\"isPartOf\":{\"@id\":\"https:\\\/\\\/chemsxpress.com\\\/#website\"},\"primaryImageOfPage\":{\"@id\":\"https:\\\/\\\/chemsxpress.com\\\/product\\\/buy-2c-d-pellets\\\/#primaryimage\"},\"image\":{\"@id\":\"https:\\\/\\\/chemsxpress.com\\\/product\\\/buy-2c-d-pellets\\\/#primaryimage\"},\"thumbnailUrl\":\"https:\\\/\\\/chemsxpress.com\\\/wp-content\\\/uploads\\\/2024\\\/04\\\/2C-D-pellets-25mg.jpg\",\"datePublished\":\"2024-04-29T13:19:33+00:00\",\"dateModified\":\"2025-05-26T12:22:09+00:00\",\"description\":\"Buy 2C-D pellets at ChemsXpress. Premium research chemicals, fast shipping. Trust our quality assurance for all your research needs. Order now\",\"breadcrumb\":{\"@id\":\"https:\\\/\\\/chemsxpress.com\\\/product\\\/buy-2c-d-pellets\\\/#breadcrumb\"},\"inLanguage\":\"fr-FR\",\"potentialAction\":[{\"@type\":\"ReadAction\",\"target\":[\"https:\\\/\\\/chemsxpress.com\\\/product\\\/buy-2c-d-pellets\\\/\"]}]},{\"@type\":\"ImageObject\",\"inLanguage\":\"fr-FR\",\"@id\":\"https:\\\/\\\/chemsxpress.com\\\/product\\\/buy-2c-d-pellets\\\/#primaryimage\",\"url\":\"https:\\\/\\\/chemsxpress.com\\\/wp-content\\\/uploads\\\/2024\\\/04\\\/2C-D-pellets-25mg.jpg\",\"contentUrl\":\"https:\\\/\\\/chemsxpress.com\\\/wp-content\\\/uploads\\\/2024\\\/04\\\/2C-D-pellets-25mg.jpg\",\"width\":600,\"height\":600,\"caption\":\"Buy 2C-D pellets\u00a0\"},{\"@type\":\"BreadcrumbList\",\"@id\":\"https:\\\/\\\/chemsxpress.com\\\/product\\\/buy-2c-d-pellets\\\/#breadcrumb\",\"itemListElement\":[{\"@type\":\"ListItem\",\"position\":1,\"name\":\"Home\",\"item\":\"https:\\\/\\\/chemsxpress.com\\\/\"},{\"@type\":\"ListItem\",\"position\":2,\"name\":\"Shop\",\"item\":\"https:\\\/\\\/chemsxpress.com\\\/shop\\\/\"},{\"@type\":\"ListItem\",\"position\":3,\"name\":\"2C-D pellets 25mg\"}]},{\"@type\":\"WebSite\",\"@id\":\"https:\\\/\\\/chemsxpress.com\\\/#website\",\"url\":\"https:\\\/\\\/chemsxpress.com\\\/\",\"name\":\"SHOP MDPHP\",\"description\":\"Buy MDPHP freebase from reliable supplier\",\"potentialAction\":[{\"@type\":\"SearchAction\",\"target\":{\"@type\":\"EntryPoint\",\"urlTemplate\":\"https:\\\/\\\/chemsxpress.com\\\/?s={search_term_string}\"},\"query-input\":{\"@type\":\"PropertyValueSpecification\",\"valueRequired\":true,\"valueName\":\"search_term_string\"}}],\"inLanguage\":\"fr-FR\"}]}<\/script>\n<!-- \/ Yoast SEO Premium plugin. -->","yoast_head_json":{"title":"Acheter des pastilles 2C-D en ligne : ChemsXpress - RC's de qualit\u00e9 sup\u00e9rieure","description":"Achetez des pastilles de 2C-D \u00e0 ChemsXpress. Produits chimiques de recherche de premi\u00e8re qualit\u00e9, livraison rapide. Faites confiance \u00e0 notre assurance qualit\u00e9 pour tous vos besoins de recherche. Commandez maintenant","robots":{"index":"index","follow":"follow","max-snippet":"max-snippet:-1","max-image-preview":"max-image-preview:large","max-video-preview":"max-video-preview:-1"},"canonical":"https:\/\/chemsxpress.com\/fr\/produit\/acheter-2c-d-pellets\/","og_locale":"fr_FR","og_type":"article","og_title":"2C-D pellets 25mg","og_description":"Buy 2C-D pellets at ChemsXpress. Premium research chemicals, fast shipping. Trust our quality assurance for all your research needs. Order now","og_url":"https:\/\/chemsxpress.com\/fr\/produit\/acheter-2c-d-pellets\/","og_site_name":"SHOP MDPHP","article_modified_time":"2025-05-26T12:22:09+00:00","og_image":[{"width":600,"height":600,"url":"https:\/\/chemsxpress.com\/wp-content\/uploads\/2024\/04\/2C-D-pellets-25mg.jpg","type":"image\/jpeg"}],"twitter_card":"summary_large_image","twitter_misc":{"Dur\u00e9e de lecture estim\u00e9e":"2 minutes"},"schema":{"@context":"https:\/\/schema.org","@graph":[{"@type":"WebPage","@id":"https:\/\/chemsxpress.com\/product\/buy-2c-d-pellets\/","url":"https:\/\/chemsxpress.com\/product\/buy-2c-d-pellets\/","name":"Acheter des pastilles 2C-D en ligne : ChemsXpress - RC's de qualit\u00e9 sup\u00e9rieure","isPartOf":{"@id":"https:\/\/chemsxpress.com\/#website"},"primaryImageOfPage":{"@id":"https:\/\/chemsxpress.com\/product\/buy-2c-d-pellets\/#primaryimage"},"image":{"@id":"https:\/\/chemsxpress.com\/product\/buy-2c-d-pellets\/#primaryimage"},"thumbnailUrl":"https:\/\/chemsxpress.com\/wp-content\/uploads\/2024\/04\/2C-D-pellets-25mg.jpg","datePublished":"2024-04-29T13:19:33+00:00","dateModified":"2025-05-26T12:22:09+00:00","description":"Achetez des pastilles de 2C-D \u00e0 ChemsXpress. Produits chimiques de recherche de premi\u00e8re qualit\u00e9, livraison rapide. Faites confiance \u00e0 notre assurance qualit\u00e9 pour tous vos besoins de recherche. Commandez maintenant","breadcrumb":{"@id":"https:\/\/chemsxpress.com\/product\/buy-2c-d-pellets\/#breadcrumb"},"inLanguage":"fr-FR","potentialAction":[{"@type":"ReadAction","target":["https:\/\/chemsxpress.com\/product\/buy-2c-d-pellets\/"]}]},{"@type":"ImageObject","inLanguage":"fr-FR","@id":"https:\/\/chemsxpress.com\/product\/buy-2c-d-pellets\/#primaryimage","url":"https:\/\/chemsxpress.com\/wp-content\/uploads\/2024\/04\/2C-D-pellets-25mg.jpg","contentUrl":"https:\/\/chemsxpress.com\/wp-content\/uploads\/2024\/04\/2C-D-pellets-25mg.jpg","width":600,"height":600,"caption":"Buy 2C-D pellets\u00a0"},{"@type":"BreadcrumbList","@id":"https:\/\/chemsxpress.com\/product\/buy-2c-d-pellets\/#breadcrumb","itemListElement":[{"@type":"ListItem","position":1,"name":"Home","item":"https:\/\/chemsxpress.com\/"},{"@type":"ListItem","position":2,"name":"Shop","item":"https:\/\/chemsxpress.com\/shop\/"},{"@type":"ListItem","position":3,"name":"2C-D pellets 25mg"}]},{"@type":"WebSite","@id":"https:\/\/chemsxpress.com\/#website","url":"https:\/\/chemsxpress.com\/","name":"SHOP MDPHP","description":"Acheter MDPHP freebase aupr\u00e8s d'un fournisseur fiable","potentialAction":[{"@type":"SearchAction","target":{"@type":"EntryPoint","urlTemplate":"https:\/\/chemsxpress.com\/?s={search_term_string}"},"query-input":{"@type":"PropertyValueSpecification","valueRequired":true,"valueName":"search_term_string"}}],"inLanguage":"fr-FR"}]}},"jetpack_sharing_enabled":true,"_links":{"self":[{"href":"https:\/\/chemsxpress.com\/fr\/wp-json\/wp\/v2\/product\/28934","targetHints":{"allow":["GET"]}}],"collection":[{"href":"https:\/\/chemsxpress.com\/fr\/wp-json\/wp\/v2\/product"}],"about":[{"href":"https:\/\/chemsxpress.com\/fr\/wp-json\/wp\/v2\/types\/product"}],"replies":[{"embeddable":true,"href":"https:\/\/chemsxpress.com\/fr\/wp-json\/wp\/v2\/comments?post=28934"}],"version-history":[{"count":4,"href":"https:\/\/chemsxpress.com\/fr\/wp-json\/wp\/v2\/product\/28934\/revisions"}],"predecessor-version":[{"id":30022,"href":"https:\/\/chemsxpress.com\/fr\/wp-json\/wp\/v2\/product\/28934\/revisions\/30022"}],"wp:featuredmedia":[{"embeddable":true,"href":"https:\/\/chemsxpress.com\/fr\/wp-json\/wp\/v2\/media\/28997"}],"wp:attachment":[{"href":"https:\/\/chemsxpress.com\/fr\/wp-json\/wp\/v2\/media?parent=28934"}],"wp:term":[{"taxonomy":"product_brand","embeddable":true,"href":"https:\/\/chemsxpress.com\/fr\/wp-json\/wp\/v2\/product_brand?post=28934"},{"taxonomy":"product_cat","embeddable":true,"href":"https:\/\/chemsxpress.com\/fr\/wp-json\/wp\/v2\/product_cat?post=28934"},{"taxonomy":"product_tag","embeddable":true,"href":"https:\/\/chemsxpress.com\/fr\/wp-json\/wp\/v2\/product_tag?post=28934"}],"curies":[{"name":"wp","href":"https:\/\/api.w.org\/{rel}","templated":true}]}}