{"id":28935,"date":"2024-04-29T13:19:33","date_gmt":"2024-04-29T13:19:33","guid":{"rendered":"https:\/\/chemsxpress.com\/?post_type=product&#038;p=28935"},"modified":"2024-07-04T22:26:07","modified_gmt":"2024-07-04T22:26:07","slug":"acheter-2c-c-pellets-en-ligne","status":"publish","type":"product","link":"https:\/\/chemsxpress.com\/fr\/produit\/acheter-2c-c-pellets-en-ligne\/","title":{"rendered":"2C-C pastilles 30mg"},"content":{"rendered":"<h1>Acheter 2C-C Pellets en ligne<\/h1>\n<p>Buy 2C-C Pellets Online, Vous recherchez un produit chimique de recherche de haute qualit\u00e9 pour vos \u00e9tudes de laboratoire ? Ne cherchez pas plus loin que les 2C-C Pellets - 30mg, maintenant disponibles chez ChemsXpress.<\/p>\n<p>Les 2C-C Pellets - 30mg sont un produit chimique de recherche qui appartient \u00e0 la famille des psych\u00e9d\u00e9liques 2C. Ce compos\u00e9 est connu pour ses effets hallucinog\u00e8nes et est souvent utilis\u00e9 \u00e0 des fins de recherche.<\/p>\n<p>Nous nous engageons \u00e0 fournir \u00e0 nos clients des produits de la plus haute qualit\u00e9. <a href=\"https:\/\/chemsxpress.com\/fr\/categorie-produit\/produits-chimiques-de-recherche\/\">produits chimiques de recherche<\/a> et nos 2C-C Pellets - 30mg ne font pas exception \u00e0 la r\u00e8gle. Notre produit est fabriqu\u00e9 dans une usine ultramoderne et fait l'objet de tests approfondis de puret\u00e9 et de qualit\u00e9, ce qui vous garantit de recevoir le meilleur produit possible pour vos besoins en mati\u00e8re de recherche.<\/p>\n<p>Lorsque l'on travaille avec le 2C-C Pellets - 30mg, il est essentiel de suivre les directives et proc\u00e9dures de s\u00e9curit\u00e9 recommand\u00e9es et de manipuler le compos\u00e9 avec pr\u00e9caution. Ce produit chimique de recherche n'est pas destin\u00e9 \u00e0 la consommation humaine et ne doit \u00eatre utilis\u00e9 que par des professionnels qualifi\u00e9s dans un environnement de laboratoire contr\u00f4l\u00e9.<\/p>\n<p>Si vous \u00eates \u00e0 la recherche d'un produit chimique de recherche de haute qualit\u00e9 pour vos \u00e9tudes en laboratoire, ne cherchez pas plus loin que les 2C-C Pellets - 30mg de . Commandez maintenant et d\u00e9couvrez les produits chimiques de recherche de la plus haute qualit\u00e9 disponibles sur le march\u00e9 aujourd'hui.<\/p>\n<p><em>Acheter 2C<\/em>&#8211;<em>C Pellets<\/em>\u00a0- 30mg est un produit chimique de recherche qui appartient \u00e0 la famille des psych\u00e9d\u00e9liques 2C. Ce compos\u00e9 est connu pour ses effets hallucinog\u00e8nes.<\/p>\n<h2>**Achetez les 2C-C Pellets en ligne sur ChemsXpress**.<\/h2>\n<p>Bienvenue \u00e0 <a href=\"https:\/\/chemsxpress.com\/fr\/\">ChemsXpress,<\/a> votre fournisseur de confiance de produits chimiques de recherche de premi\u00e8re qualit\u00e9. Plongez dans notre vaste collection, y compris les pastilles de 2C-C, un compos\u00e9 fascinant avec des applications potentielles dans diverses \u00e9tudes scientifiques.<\/p>\n<h3>**A propos des granul\u00e9s 2C-C:**<\/h3>\n<p>Le 2C-C est un compos\u00e9 psych\u00e9d\u00e9lique de ph\u00e9n\u00e9thylamine r\u00e9put\u00e9 pour ses effets psychoactifs uniques. Faisant partie de la famille des 2C, il offre aux chercheurs des informations pr\u00e9cieuses sur les m\u00e9canismes des psych\u00e9d\u00e9liques et leurs applications th\u00e9rapeutiques potentielles.<\/p>\n<h3>**Pourquoi choisir ChemsXpress pour les granul\u00e9s 2C-C ?<\/h3>\n<p>- **Assurance qualit\u00e9:** Nos <a href=\"https:\/\/chemsxpress.com\/fr\/produit\/buy-o-dsmt-online\/\">2C-C<\/a> sont soumis \u00e0 des mesures de contr\u00f4le de qualit\u00e9 rigoureuses afin de garantir leur puret\u00e9 et leur puissance, ce qui permet d'obtenir des r\u00e9sultats fiables pour vos recherches.<br \/>\n- **Exp\u00e9dition rapide:** Nous comprenons l'importance d'une livraison rapide pour les projets de recherche, c'est pourquoi nous offrons des options d'exp\u00e9dition acc\u00e9l\u00e9r\u00e9e pour r\u00e9pondre \u00e0 vos besoins.<br \/>\n- Notre \u00e9quipe d'assistance est \u00e0 votre disposition pour r\u00e9pondre \u00e0 toutes vos questions et vous fournir une aide personnalis\u00e9e tout au long de votre processus de commande.<\/p>\n<h4>**Commandez les 2C-C Pellets aujourd'hui:**<\/h4>\n<p>Pr\u00eat \u00e0 vous lancer dans la recherche avec les granul\u00e9s 2C-C ? Explorez notre catalogue et passez votre commande en toute confiance. Avec ChemsXpress, vous pouvez faire confiance \u00e0 notre engagement de qualit\u00e9 et de fiabilit\u00e9 \u00e0 chaque \u00e9tape.<\/p>","protected":false},"excerpt":{"rendered":"<p><strong>Nom IUPAC : <\/strong>2,5-Dim\u00e9thoxy-4-chloroph\u00e9n\u00e9thylamine<\/p>\n<p><strong>CAS # <\/strong>88441-15-0<\/p>\n<p><strong>Apparence : <\/strong>rouge<\/p>\n<p><strong>Forme : <\/strong>pastille<\/p>\n<p><strong>Analyse RMN : <\/strong>s\/o<\/p>","protected":false},"featured_media":29000,"comment_status":"open","ping_status":"closed","template":"","meta":[],"product_brand":[],"product_cat":[83],"product_tag":[],"class_list":{"0":"post-28935","1":"product","2":"type-product","3":"status-publish","4":"has-post-thumbnail","6":"product_cat-pellets","8":"first","9":"instock","10":"shipping-taxable","11":"purchasable","12":"product-type-variable"},"yoast_head":"<!-- This site is optimized with the Yoast SEO Premium plugin v24.1 (Yoast SEO v27.4) - https:\/\/yoast.com\/product\/yoast-seo-premium-wordpress\/ -->\n<title>Buy 2C-C Pellets Online: Research Chemicals | ChemsXpress<\/title>\n<meta name=\"description\" content=\"Buy 2C-C pellets online at ChemsXpress. Premium research chemicals, fast shipping. Trust our quality assurance for all your research needs. Order now\" \/>\n<meta name=\"robots\" content=\"index, follow, max-snippet:-1, max-image-preview:large, max-video-preview:-1\" \/>\n<link rel=\"canonical\" href=\"https:\/\/chemsxpress.com\/fr\/produit\/acheter-2c-c-pellets-en-ligne\/\" \/>\n<meta property=\"og:locale\" content=\"fr_FR\" \/>\n<meta property=\"og:type\" content=\"article\" \/>\n<meta property=\"og:title\" content=\"2C-C pellets 30mg\" \/>\n<meta property=\"og:description\" content=\"Buy 2C-C pellets online at ChemsXpress. Premium research chemicals, fast shipping. Trust our quality assurance for all your research needs. Order now\" \/>\n<meta property=\"og:url\" content=\"https:\/\/chemsxpress.com\/fr\/produit\/acheter-2c-c-pellets-en-ligne\/\" \/>\n<meta property=\"og:site_name\" content=\"SHOP MDPHP\" \/>\n<meta property=\"article:modified_time\" content=\"2024-07-04T22:26:07+00:00\" \/>\n<meta property=\"og:image\" content=\"https:\/\/chemsxpress.com\/wp-content\/uploads\/2024\/04\/2C-C-pellets-30mg.jpg\" \/>\n\t<meta property=\"og:image:width\" content=\"600\" \/>\n\t<meta property=\"og:image:height\" content=\"600\" \/>\n\t<meta property=\"og:image:type\" content=\"image\/jpeg\" \/>\n<meta name=\"twitter:card\" content=\"summary_large_image\" \/>\n<meta name=\"twitter:label1\" content=\"Dur\u00e9e de lecture estim\u00e9e\" \/>\n\t<meta name=\"twitter:data1\" content=\"2 minutes\" \/>\n<script type=\"application\/ld+json\" class=\"yoast-schema-graph\">{\"@context\":\"https:\\\/\\\/schema.org\",\"@graph\":[{\"@type\":\"WebPage\",\"@id\":\"https:\\\/\\\/chemsxpress.com\\\/product\\\/buy-2c-c-pellets-online\\\/\",\"url\":\"https:\\\/\\\/chemsxpress.com\\\/product\\\/buy-2c-c-pellets-online\\\/\",\"name\":\"Buy 2C-C Pellets Online: Research Chemicals | ChemsXpress\",\"isPartOf\":{\"@id\":\"https:\\\/\\\/chemsxpress.com\\\/#website\"},\"primaryImageOfPage\":{\"@id\":\"https:\\\/\\\/chemsxpress.com\\\/product\\\/buy-2c-c-pellets-online\\\/#primaryimage\"},\"image\":{\"@id\":\"https:\\\/\\\/chemsxpress.com\\\/product\\\/buy-2c-c-pellets-online\\\/#primaryimage\"},\"thumbnailUrl\":\"https:\\\/\\\/chemsxpress.com\\\/wp-content\\\/uploads\\\/2024\\\/04\\\/2C-C-pellets-30mg.jpg\",\"datePublished\":\"2024-04-29T13:19:33+00:00\",\"dateModified\":\"2024-07-04T22:26:07+00:00\",\"description\":\"Buy 2C-C pellets online at ChemsXpress. Premium research chemicals, fast shipping. Trust our quality assurance for all your research needs. Order now\",\"breadcrumb\":{\"@id\":\"https:\\\/\\\/chemsxpress.com\\\/product\\\/buy-2c-c-pellets-online\\\/#breadcrumb\"},\"inLanguage\":\"fr-FR\",\"potentialAction\":[{\"@type\":\"ReadAction\",\"target\":[\"https:\\\/\\\/chemsxpress.com\\\/product\\\/buy-2c-c-pellets-online\\\/\"]}]},{\"@type\":\"ImageObject\",\"inLanguage\":\"fr-FR\",\"@id\":\"https:\\\/\\\/chemsxpress.com\\\/product\\\/buy-2c-c-pellets-online\\\/#primaryimage\",\"url\":\"https:\\\/\\\/chemsxpress.com\\\/wp-content\\\/uploads\\\/2024\\\/04\\\/2C-C-pellets-30mg.jpg\",\"contentUrl\":\"https:\\\/\\\/chemsxpress.com\\\/wp-content\\\/uploads\\\/2024\\\/04\\\/2C-C-pellets-30mg.jpg\",\"width\":600,\"height\":600},{\"@type\":\"BreadcrumbList\",\"@id\":\"https:\\\/\\\/chemsxpress.com\\\/product\\\/buy-2c-c-pellets-online\\\/#breadcrumb\",\"itemListElement\":[{\"@type\":\"ListItem\",\"position\":1,\"name\":\"Home\",\"item\":\"https:\\\/\\\/chemsxpress.com\\\/\"},{\"@type\":\"ListItem\",\"position\":2,\"name\":\"Shop\",\"item\":\"https:\\\/\\\/chemsxpress.com\\\/shop\\\/\"},{\"@type\":\"ListItem\",\"position\":3,\"name\":\"2C-C pellets 30mg\"}]},{\"@type\":\"WebSite\",\"@id\":\"https:\\\/\\\/chemsxpress.com\\\/#website\",\"url\":\"https:\\\/\\\/chemsxpress.com\\\/\",\"name\":\"SHOP MDPHP\",\"description\":\"Buy MDPHP freebase from reliable supplier\",\"potentialAction\":[{\"@type\":\"SearchAction\",\"target\":{\"@type\":\"EntryPoint\",\"urlTemplate\":\"https:\\\/\\\/chemsxpress.com\\\/?s={search_term_string}\"},\"query-input\":{\"@type\":\"PropertyValueSpecification\",\"valueRequired\":true,\"valueName\":\"search_term_string\"}}],\"inLanguage\":\"fr-FR\"}]}<\/script>\n<!-- \/ Yoast SEO Premium plugin. -->","yoast_head_json":{"title":"Acheter des pastilles de 2C-C en ligne : Research Chemicals | ChemsXpress","description":"Achetez des pastilles de 2C-D \u00e0 ChemsXpress. Produits chimiques de recherche de premi\u00e8re qualit\u00e9, livraison rapide. Faites confiance \u00e0 notre assurance qualit\u00e9 pour tous vos besoins de recherche. Commandez maintenant","robots":{"index":"index","follow":"follow","max-snippet":"max-snippet:-1","max-image-preview":"max-image-preview:large","max-video-preview":"max-video-preview:-1"},"canonical":"https:\/\/chemsxpress.com\/fr\/produit\/acheter-2c-c-pellets-en-ligne\/","og_locale":"fr_FR","og_type":"article","og_title":"2C-C pellets 30mg","og_description":"Buy 2C-C pellets online at ChemsXpress. Premium research chemicals, fast shipping. Trust our quality assurance for all your research needs. Order now","og_url":"https:\/\/chemsxpress.com\/fr\/produit\/acheter-2c-c-pellets-en-ligne\/","og_site_name":"SHOP MDPHP","article_modified_time":"2024-07-04T22:26:07+00:00","og_image":[{"width":600,"height":600,"url":"https:\/\/chemsxpress.com\/wp-content\/uploads\/2024\/04\/2C-C-pellets-30mg.jpg","type":"image\/jpeg"}],"twitter_card":"summary_large_image","twitter_misc":{"Dur\u00e9e de lecture estim\u00e9e":"2 minutes"},"schema":{"@context":"https:\/\/schema.org","@graph":[{"@type":"WebPage","@id":"https:\/\/chemsxpress.com\/product\/buy-2c-c-pellets-online\/","url":"https:\/\/chemsxpress.com\/product\/buy-2c-c-pellets-online\/","name":"Acheter des pastilles de 2C-C en ligne : Research Chemicals | ChemsXpress","isPartOf":{"@id":"https:\/\/chemsxpress.com\/#website"},"primaryImageOfPage":{"@id":"https:\/\/chemsxpress.com\/product\/buy-2c-c-pellets-online\/#primaryimage"},"image":{"@id":"https:\/\/chemsxpress.com\/product\/buy-2c-c-pellets-online\/#primaryimage"},"thumbnailUrl":"https:\/\/chemsxpress.com\/wp-content\/uploads\/2024\/04\/2C-C-pellets-30mg.jpg","datePublished":"2024-04-29T13:19:33+00:00","dateModified":"2024-07-04T22:26:07+00:00","description":"Achetez des pastilles de 2C-D \u00e0 ChemsXpress. Produits chimiques de recherche de premi\u00e8re qualit\u00e9, livraison rapide. Faites confiance \u00e0 notre assurance qualit\u00e9 pour tous vos besoins de recherche. Commandez maintenant","breadcrumb":{"@id":"https:\/\/chemsxpress.com\/product\/buy-2c-c-pellets-online\/#breadcrumb"},"inLanguage":"fr-FR","potentialAction":[{"@type":"ReadAction","target":["https:\/\/chemsxpress.com\/product\/buy-2c-c-pellets-online\/"]}]},{"@type":"ImageObject","inLanguage":"fr-FR","@id":"https:\/\/chemsxpress.com\/product\/buy-2c-c-pellets-online\/#primaryimage","url":"https:\/\/chemsxpress.com\/wp-content\/uploads\/2024\/04\/2C-C-pellets-30mg.jpg","contentUrl":"https:\/\/chemsxpress.com\/wp-content\/uploads\/2024\/04\/2C-C-pellets-30mg.jpg","width":600,"height":600},{"@type":"BreadcrumbList","@id":"https:\/\/chemsxpress.com\/product\/buy-2c-c-pellets-online\/#breadcrumb","itemListElement":[{"@type":"ListItem","position":1,"name":"Home","item":"https:\/\/chemsxpress.com\/"},{"@type":"ListItem","position":2,"name":"Shop","item":"https:\/\/chemsxpress.com\/shop\/"},{"@type":"ListItem","position":3,"name":"2C-C pellets 30mg"}]},{"@type":"WebSite","@id":"https:\/\/chemsxpress.com\/#website","url":"https:\/\/chemsxpress.com\/","name":"SHOP MDPHP","description":"Acheter MDPHP freebase aupr\u00e8s d'un fournisseur fiable","potentialAction":[{"@type":"SearchAction","target":{"@type":"EntryPoint","urlTemplate":"https:\/\/chemsxpress.com\/?s={search_term_string}"},"query-input":{"@type":"PropertyValueSpecification","valueRequired":true,"valueName":"search_term_string"}}],"inLanguage":"fr-FR"}]}},"jetpack_sharing_enabled":true,"_links":{"self":[{"href":"https:\/\/chemsxpress.com\/fr\/wp-json\/wp\/v2\/product\/28935","targetHints":{"allow":["GET"]}}],"collection":[{"href":"https:\/\/chemsxpress.com\/fr\/wp-json\/wp\/v2\/product"}],"about":[{"href":"https:\/\/chemsxpress.com\/fr\/wp-json\/wp\/v2\/types\/product"}],"replies":[{"embeddable":true,"href":"https:\/\/chemsxpress.com\/fr\/wp-json\/wp\/v2\/comments?post=28935"}],"version-history":[{"count":4,"href":"https:\/\/chemsxpress.com\/fr\/wp-json\/wp\/v2\/product\/28935\/revisions"}],"predecessor-version":[{"id":30018,"href":"https:\/\/chemsxpress.com\/fr\/wp-json\/wp\/v2\/product\/28935\/revisions\/30018"}],"wp:featuredmedia":[{"embeddable":true,"href":"https:\/\/chemsxpress.com\/fr\/wp-json\/wp\/v2\/media\/29000"}],"wp:attachment":[{"href":"https:\/\/chemsxpress.com\/fr\/wp-json\/wp\/v2\/media?parent=28935"}],"wp:term":[{"taxonomy":"product_brand","embeddable":true,"href":"https:\/\/chemsxpress.com\/fr\/wp-json\/wp\/v2\/product_brand?post=28935"},{"taxonomy":"product_cat","embeddable":true,"href":"https:\/\/chemsxpress.com\/fr\/wp-json\/wp\/v2\/product_cat?post=28935"},{"taxonomy":"product_tag","embeddable":true,"href":"https:\/\/chemsxpress.com\/fr\/wp-json\/wp\/v2\/product_tag?post=28935"}],"curies":[{"name":"wp","href":"https:\/\/api.w.org\/{rel}","templated":true}]}}