{"id":28936,"date":"2024-04-29T13:19:33","date_gmt":"2024-04-29T13:19:33","guid":{"rendered":"https:\/\/chemsxpress.com\/?post_type=product&#038;p=28936"},"modified":"2025-05-26T11:22:53","modified_gmt":"2025-05-26T11:22:53","slug":"acheter-des-pastilles-pink-star","status":"publish","type":"product","link":"https:\/\/chemsxpress.com\/fr\/produit\/acheter-des-pastilles-pink-star\/","title":{"rendered":"Pink Star Pellet 5-MAPB 70mg \/ 2-FMA 20mg \/ 5-MEO-MIPT 2mg"},"content":{"rendered":"<h2>Acheter Pink Star Pellets .<\/h2>\n<p>Acheter Pink Star Pellets Tous les produits de Research Chemical ne sont PAS destin\u00e9s \u00e0 \u00eatre test\u00e9s sur des humains ou des animaux ou \u00e0 \u00eatre ing\u00e9r\u00e9s. Nous nous opposons absolument \u00e0 toute utilisation non autoris\u00e9e par la recherche.<\/p>\n<h3>Comment l'utiliser ?<\/h3>\n<p>Lorsque vous travaillez avec des produits chimiques de recherche, prenez toujours les mesures n\u00e9cessaires dans le laboratoire, telles que le lavage des surfaces et le port de gants, d'un masque et de v\u00eatements de protection.<\/p>\n<h3>Meilleure fa\u00e7on de conserver :<\/h3>\n<p>Pour une dur\u00e9e de conservation optimale, les Pink Star Pellets doivent \u00eatre stock\u00e9s dans un environnement sec et froid. Tenir les Pink Star Pellets \u00e0 l'\u00e9cart des flammes nues et de la chaleur. <a href=\"https:\/\/chemsxpress.com\/fr\/categorie-produit\/produits-chimiques-de-recherche\/\">Recherche de produits chimiques<\/a> se conservent bien pendant au moins 1 \u00e0 2 ans. Pink Star Pellets en ligne. La livraison est facile, discr\u00e8te et rapide.<\/p>\n<h4>**Achetez les granul\u00e9s Pink Star \u00e0 ChemsXpress**.<\/h4>\n<p>Bienvenue \u00e0 <a href=\"https:\/\/chemsxpress.com\/fr\/\">ChemsXpress,<\/a> votre fournisseur de confiance de produits chimiques de recherche de premi\u00e8re qualit\u00e9. D\u00e9couvrez notre s\u00e9lection vari\u00e9e, y compris les Pink Star Pellets, un compos\u00e9 unique avec des applications potentielles dans diverses \u00e9tudes scientifiques.<\/p>\n<h4>**\u00c0 propos des granul\u00e9s Pink Star:**<\/h4>\n<p>Les Pink Star Pellets sont un m\u00e9lange exclusif formul\u00e9 pour fournir aux chercheurs une substance exp\u00e9rimentale distinctive. Dans le cadre de notre engagement en faveur de l'innovation, nous proposons ce produit exclusif pour soutenir la recherche de pointe dans la communaut\u00e9 scientifique.<\/p>\n<h4>**Pourquoi choisir ChemsXpress pour les granul\u00e9s Pink Star ?<\/h4>\n<p>- Assurance qualit\u00e9:** Nos pastilles Pink Star sont soumises \u00e0 des mesures strictes de contr\u00f4le de la qualit\u00e9 afin de garantir leur puret\u00e9 et leur coh\u00e9rence, ce qui permet d'obtenir des r\u00e9sultats fiables pour vos travaux de recherche.<br \/>\n- **Exp\u00e9dition rapide:** Nous comprenons l'importance d'une livraison rapide pour les projets de recherche, c'est pourquoi nous offrons des options d'exp\u00e9dition acc\u00e9l\u00e9r\u00e9e pour r\u00e9pondre \u00e0 vos besoins.<br \/>\n- Notre \u00e9quipe d'assistance \u00e0 la client\u00e8le est \u00e0 votre disposition pour r\u00e9pondre \u00e0 toutes vos questions et vous garantir une exp\u00e9rience de commande fluide et sans tracas.<\/p>\n<h4>**Commandez les Pink Star Pellets d\u00e8s aujourd'hui:**<\/h4>\n<p>Pr\u00eat \u00e0 explorer le potentiel des Pink Star Pellets ? Parcourez notre catalogue et passez votre commande en toute confiance. Avec ChemsXpress, vous pouvez faire confiance \u00e0 notre engagement de qualit\u00e9 et de fiabilit\u00e9 \u00e0 chaque \u00e9tape.<\/p>","protected":false},"excerpt":{"rendered":"<p><strong>Apparence : <\/strong>Pastille rose<\/p>\n<p><strong>Analyse RMN : <\/strong>N\/A<\/p>","protected":false},"featured_media":29002,"comment_status":"open","ping_status":"closed","template":"","meta":[],"product_brand":[],"product_cat":[83],"product_tag":[],"class_list":{"0":"post-28936","1":"product","2":"type-product","3":"status-publish","4":"has-post-thumbnail","6":"product_cat-pellets","8":"first","9":"instock","10":"shipping-taxable","11":"purchasable","12":"product-type-variable"},"yoast_head":"<!-- This site is optimized with the Yoast SEO Premium plugin v24.1 (Yoast SEO v27.4) - https:\/\/yoast.com\/product\/yoast-seo-premium-wordpress\/ -->\n<title>Buy Pink Star Pellets: Quality Research Chemicals | ChemsXpress<\/title>\n<meta name=\"description\" content=\"Discover Pink Star Pellets at ChemsXpress. Premium research chemicals, fast shipping. Trust our quality assurance for all your research needs. Order now\" \/>\n<meta name=\"robots\" content=\"index, follow, max-snippet:-1, max-image-preview:large, max-video-preview:-1\" \/>\n<link rel=\"canonical\" href=\"https:\/\/chemsxpress.com\/fr\/produit\/acheter-des-pastilles-pink-star\/\" \/>\n<meta property=\"og:locale\" content=\"fr_FR\" \/>\n<meta property=\"og:type\" content=\"article\" \/>\n<meta property=\"og:title\" content=\"Pink Star Pellet 5-MAPB 70mg \/ 2-FMA 20mg \/ 5-MEO-MIPT 2mg\" \/>\n<meta property=\"og:description\" content=\"Discover Pink Star Pellets at ChemsXpress. Premium research chemicals, fast shipping. Trust our quality assurance for all your research needs. Order now\" \/>\n<meta property=\"og:url\" content=\"https:\/\/chemsxpress.com\/fr\/produit\/acheter-des-pastilles-pink-star\/\" \/>\n<meta property=\"og:site_name\" content=\"SHOP MDPHP\" \/>\n<meta property=\"article:modified_time\" content=\"2025-05-26T11:22:53+00:00\" \/>\n<meta property=\"og:image\" content=\"https:\/\/chemsxpress.com\/wp-content\/uploads\/2024\/04\/Pink-Star-Pellet-5-MAPB-70mg.jpg\" \/>\n\t<meta property=\"og:image:width\" content=\"600\" \/>\n\t<meta property=\"og:image:height\" content=\"600\" \/>\n\t<meta property=\"og:image:type\" content=\"image\/jpeg\" \/>\n<meta name=\"twitter:card\" content=\"summary_large_image\" \/>\n<meta name=\"twitter:label1\" content=\"Dur\u00e9e de lecture estim\u00e9e\" \/>\n\t<meta name=\"twitter:data1\" content=\"2 minutes\" \/>\n<script type=\"application\/ld+json\" class=\"yoast-schema-graph\">{\"@context\":\"https:\\\/\\\/schema.org\",\"@graph\":[{\"@type\":\"WebPage\",\"@id\":\"https:\\\/\\\/chemsxpress.com\\\/product\\\/buy-pink-star-pellets\\\/\",\"url\":\"https:\\\/\\\/chemsxpress.com\\\/product\\\/buy-pink-star-pellets\\\/\",\"name\":\"Buy Pink Star Pellets: Quality Research Chemicals | ChemsXpress\",\"isPartOf\":{\"@id\":\"https:\\\/\\\/chemsxpress.com\\\/#website\"},\"primaryImageOfPage\":{\"@id\":\"https:\\\/\\\/chemsxpress.com\\\/product\\\/buy-pink-star-pellets\\\/#primaryimage\"},\"image\":{\"@id\":\"https:\\\/\\\/chemsxpress.com\\\/product\\\/buy-pink-star-pellets\\\/#primaryimage\"},\"thumbnailUrl\":\"https:\\\/\\\/chemsxpress.com\\\/wp-content\\\/uploads\\\/2024\\\/04\\\/Pink-Star-Pellet-5-MAPB-70mg.jpg\",\"datePublished\":\"2024-04-29T13:19:33+00:00\",\"dateModified\":\"2025-05-26T11:22:53+00:00\",\"description\":\"Discover Pink Star Pellets at ChemsXpress. Premium research chemicals, fast shipping. Trust our quality assurance for all your research needs. Order now\",\"breadcrumb\":{\"@id\":\"https:\\\/\\\/chemsxpress.com\\\/product\\\/buy-pink-star-pellets\\\/#breadcrumb\"},\"inLanguage\":\"fr-FR\",\"potentialAction\":[{\"@type\":\"ReadAction\",\"target\":[\"https:\\\/\\\/chemsxpress.com\\\/product\\\/buy-pink-star-pellets\\\/\"]}]},{\"@type\":\"ImageObject\",\"inLanguage\":\"fr-FR\",\"@id\":\"https:\\\/\\\/chemsxpress.com\\\/product\\\/buy-pink-star-pellets\\\/#primaryimage\",\"url\":\"https:\\\/\\\/chemsxpress.com\\\/wp-content\\\/uploads\\\/2024\\\/04\\\/Pink-Star-Pellet-5-MAPB-70mg.jpg\",\"contentUrl\":\"https:\\\/\\\/chemsxpress.com\\\/wp-content\\\/uploads\\\/2024\\\/04\\\/Pink-Star-Pellet-5-MAPB-70mg.jpg\",\"width\":600,\"height\":600,\"caption\":\"Buy Pink Star Pellets\"},{\"@type\":\"BreadcrumbList\",\"@id\":\"https:\\\/\\\/chemsxpress.com\\\/product\\\/buy-pink-star-pellets\\\/#breadcrumb\",\"itemListElement\":[{\"@type\":\"ListItem\",\"position\":1,\"name\":\"Home\",\"item\":\"https:\\\/\\\/chemsxpress.com\\\/\"},{\"@type\":\"ListItem\",\"position\":2,\"name\":\"Shop\",\"item\":\"https:\\\/\\\/chemsxpress.com\\\/shop\\\/\"},{\"@type\":\"ListItem\",\"position\":3,\"name\":\"Pink Star Pellet 5-MAPB 70mg \\\/ 2-FMA 20mg \\\/ 5-MEO-MIPT 2mg\"}]},{\"@type\":\"WebSite\",\"@id\":\"https:\\\/\\\/chemsxpress.com\\\/#website\",\"url\":\"https:\\\/\\\/chemsxpress.com\\\/\",\"name\":\"SHOP MDPHP\",\"description\":\"Buy MDPHP freebase from reliable supplier\",\"potentialAction\":[{\"@type\":\"SearchAction\",\"target\":{\"@type\":\"EntryPoint\",\"urlTemplate\":\"https:\\\/\\\/chemsxpress.com\\\/?s={search_term_string}\"},\"query-input\":{\"@type\":\"PropertyValueSpecification\",\"valueRequired\":true,\"valueName\":\"search_term_string\"}}],\"inLanguage\":\"fr-FR\"}]}<\/script>\n<!-- \/ Yoast SEO Premium plugin. -->","yoast_head_json":{"title":"Acheter Pink Star Pellets : Quality Research Chemicals | ChemsXpress","description":"D\u00e9couvrez Pink Star Pellets sur ChemsXpress. Produits chimiques de recherche de premi\u00e8re qualit\u00e9, livraison rapide. Faites confiance \u00e0 notre assurance qualit\u00e9 pour tous vos besoins de recherche. Commandez maintenant","robots":{"index":"index","follow":"follow","max-snippet":"max-snippet:-1","max-image-preview":"max-image-preview:large","max-video-preview":"max-video-preview:-1"},"canonical":"https:\/\/chemsxpress.com\/fr\/produit\/acheter-des-pastilles-pink-star\/","og_locale":"fr_FR","og_type":"article","og_title":"Pink Star Pellet 5-MAPB 70mg \/ 2-FMA 20mg \/ 5-MEO-MIPT 2mg","og_description":"Discover Pink Star Pellets at ChemsXpress. Premium research chemicals, fast shipping. Trust our quality assurance for all your research needs. Order now","og_url":"https:\/\/chemsxpress.com\/fr\/produit\/acheter-des-pastilles-pink-star\/","og_site_name":"SHOP MDPHP","article_modified_time":"2025-05-26T11:22:53+00:00","og_image":[{"width":600,"height":600,"url":"https:\/\/chemsxpress.com\/wp-content\/uploads\/2024\/04\/Pink-Star-Pellet-5-MAPB-70mg.jpg","type":"image\/jpeg"}],"twitter_card":"summary_large_image","twitter_misc":{"Dur\u00e9e de lecture estim\u00e9e":"2 minutes"},"schema":{"@context":"https:\/\/schema.org","@graph":[{"@type":"WebPage","@id":"https:\/\/chemsxpress.com\/product\/buy-pink-star-pellets\/","url":"https:\/\/chemsxpress.com\/product\/buy-pink-star-pellets\/","name":"Acheter Pink Star Pellets : Quality Research Chemicals | ChemsXpress","isPartOf":{"@id":"https:\/\/chemsxpress.com\/#website"},"primaryImageOfPage":{"@id":"https:\/\/chemsxpress.com\/product\/buy-pink-star-pellets\/#primaryimage"},"image":{"@id":"https:\/\/chemsxpress.com\/product\/buy-pink-star-pellets\/#primaryimage"},"thumbnailUrl":"https:\/\/chemsxpress.com\/wp-content\/uploads\/2024\/04\/Pink-Star-Pellet-5-MAPB-70mg.jpg","datePublished":"2024-04-29T13:19:33+00:00","dateModified":"2025-05-26T11:22:53+00:00","description":"D\u00e9couvrez Pink Star Pellets sur ChemsXpress. Produits chimiques de recherche de premi\u00e8re qualit\u00e9, livraison rapide. Faites confiance \u00e0 notre assurance qualit\u00e9 pour tous vos besoins de recherche. Commandez maintenant","breadcrumb":{"@id":"https:\/\/chemsxpress.com\/product\/buy-pink-star-pellets\/#breadcrumb"},"inLanguage":"fr-FR","potentialAction":[{"@type":"ReadAction","target":["https:\/\/chemsxpress.com\/product\/buy-pink-star-pellets\/"]}]},{"@type":"ImageObject","inLanguage":"fr-FR","@id":"https:\/\/chemsxpress.com\/product\/buy-pink-star-pellets\/#primaryimage","url":"https:\/\/chemsxpress.com\/wp-content\/uploads\/2024\/04\/Pink-Star-Pellet-5-MAPB-70mg.jpg","contentUrl":"https:\/\/chemsxpress.com\/wp-content\/uploads\/2024\/04\/Pink-Star-Pellet-5-MAPB-70mg.jpg","width":600,"height":600,"caption":"Buy Pink Star Pellets"},{"@type":"BreadcrumbList","@id":"https:\/\/chemsxpress.com\/product\/buy-pink-star-pellets\/#breadcrumb","itemListElement":[{"@type":"ListItem","position":1,"name":"Home","item":"https:\/\/chemsxpress.com\/"},{"@type":"ListItem","position":2,"name":"Shop","item":"https:\/\/chemsxpress.com\/shop\/"},{"@type":"ListItem","position":3,"name":"Pink Star Pellet 5-MAPB 70mg \/ 2-FMA 20mg \/ 5-MEO-MIPT 2mg"}]},{"@type":"WebSite","@id":"https:\/\/chemsxpress.com\/#website","url":"https:\/\/chemsxpress.com\/","name":"SHOP MDPHP","description":"Acheter MDPHP freebase aupr\u00e8s d'un fournisseur fiable","potentialAction":[{"@type":"SearchAction","target":{"@type":"EntryPoint","urlTemplate":"https:\/\/chemsxpress.com\/?s={search_term_string}"},"query-input":{"@type":"PropertyValueSpecification","valueRequired":true,"valueName":"search_term_string"}}],"inLanguage":"fr-FR"}]}},"jetpack_sharing_enabled":true,"_links":{"self":[{"href":"https:\/\/chemsxpress.com\/fr\/wp-json\/wp\/v2\/product\/28936","targetHints":{"allow":["GET"]}}],"collection":[{"href":"https:\/\/chemsxpress.com\/fr\/wp-json\/wp\/v2\/product"}],"about":[{"href":"https:\/\/chemsxpress.com\/fr\/wp-json\/wp\/v2\/types\/product"}],"replies":[{"embeddable":true,"href":"https:\/\/chemsxpress.com\/fr\/wp-json\/wp\/v2\/comments?post=28936"}],"version-history":[{"count":4,"href":"https:\/\/chemsxpress.com\/fr\/wp-json\/wp\/v2\/product\/28936\/revisions"}],"predecessor-version":[{"id":30024,"href":"https:\/\/chemsxpress.com\/fr\/wp-json\/wp\/v2\/product\/28936\/revisions\/30024"}],"wp:featuredmedia":[{"embeddable":true,"href":"https:\/\/chemsxpress.com\/fr\/wp-json\/wp\/v2\/media\/29002"}],"wp:attachment":[{"href":"https:\/\/chemsxpress.com\/fr\/wp-json\/wp\/v2\/media?parent=28936"}],"wp:term":[{"taxonomy":"product_brand","embeddable":true,"href":"https:\/\/chemsxpress.com\/fr\/wp-json\/wp\/v2\/product_brand?post=28936"},{"taxonomy":"product_cat","embeddable":true,"href":"https:\/\/chemsxpress.com\/fr\/wp-json\/wp\/v2\/product_cat?post=28936"},{"taxonomy":"product_tag","embeddable":true,"href":"https:\/\/chemsxpress.com\/fr\/wp-json\/wp\/v2\/product_tag?post=28936"}],"curies":[{"name":"wp","href":"https:\/\/api.w.org\/{rel}","templated":true}]}}