{"id":28939,"date":"2024-04-29T13:19:34","date_gmt":"2024-04-29T13:19:34","guid":{"rendered":"https:\/\/chemsxpress.com\/?post_type=product&#038;p=28939"},"modified":"2024-05-02T20:20:18","modified_gmt":"2024-05-02T20:20:18","slug":"acheter-3-fpm-en-ligne-3","status":"publish","type":"product","link":"https:\/\/chemsxpress.com\/fr\/produit\/acheter-3-fpm-en-ligne-3\/","title":{"rendered":"3-FPM pastilles 60mg"},"content":{"rendered":"<h1><strong>Buy3-FPM Online.<\/strong><\/h1>\n<p>Acheter 3-FPM en ligne 3-FPM est l'abr\u00e9viation de 3-Fluorophenmetrazine. Le 3-FPM est un produit chimique destin\u00e9 \u00e0 la recherche qui poss\u00e8de de fortes propri\u00e9t\u00e9s stimulantes. Le 3-FPM appartient \u00e0 la classe des produits chimiques de type ph\u00e9nol morpholine. Les r\u00e9sultats exp\u00e9rimentaux du 3-FPM sont g\u00e9n\u00e9ralement consid\u00e9r\u00e9s comme tr\u00e8s similaires et presque identiques \u00e0 ceux de l'amph\u00e9tamine. Les r\u00e9sultats exp\u00e9rimentaux du 3-FPM sont souvent d\u00e9crits comme \u00e9tant moins intenses que ceux de l'amph\u00e9tamine ou d'autres stimulants.<\/p>\n<h2><strong>O\u00f9 acheter 3-FPM en ligne ?<\/strong><\/h2>\n<p>Ici, \u00e0 <a href=\"https:\/\/chemsxpress.com\/fr\/\">ChemsXpress<\/a> nous proposons \u00e0 la vente du 3-FPM de tr\u00e8s haute qualit\u00e9. Notre 3-FPM est disponible sous forme de poudre et de granul\u00e9s. Quel que soit l'\u00e9tat chimique que vous pr\u00e9f\u00e9rez entre ces deux options, nous avons ce qu'il vous faut.<\/p>\n<p>Le 3-FPM que nous proposons \u00e0 la vente est uniquement destin\u00e9 \u00e0 la recherche. Il n'est pas destin\u00e9 \u00e0 un usage interne. Vous devez \u00e9galement \u00eatre \u00e2g\u00e9 de plus de 18 ans pour acheter du 3-FPM chez nous et \u00eatre en pleine conformit\u00e9 avec les lois de votre pays.<\/p>\n<h2><strong>3-FPM Statut juridique<\/strong><\/h2>\n<p>L'achat, la vente et la possession de 3-FPM sont ill\u00e9gaux en Isra\u00ebl, en Suisse et aux \u00c9tats-Unis. Au Royaume-Uni, il est consid\u00e9r\u00e9 comme un analogue de la phenm\u00e9trazine, qui est une drogue de l'annexe II lorsqu'elle est utilis\u00e9e pour la consommation humaine.<\/p>\n<p>Chez ChemsXpress, vous pouvez acheter du 3-FPM, un puissant produit chimique de recherche r\u00e9put\u00e9 pour ses propri\u00e9t\u00e9s stimulantes. Notre 3-FPM est m\u00e9ticuleusement synth\u00e9tis\u00e9 et fait l'objet d'un contr\u00f4le de qualit\u00e9 rigoureux pour garantir sa puret\u00e9 et sa puissance.<\/p>\n<p>Les chercheurs souhaitant explorer les effets pharmacologiques et les applications th\u00e9rapeutiques potentielles du 3-FPM peuvent faire confiance \u00e0 ChemsXpress pour leur fournir des produits chimiques de recherche de qualit\u00e9 sup\u00e9rieure. Notre engagement en mati\u00e8re d'assurance qualit\u00e9 garantit que les chercheurs re\u00e7oivent des produits fiables pour leurs recherches scientifiques.<\/p>\n<p>Il est important de noter que le 3-FPM est strictement r\u00e9serv\u00e9 \u00e0 la recherche et ne doit pas \u00eatre consomm\u00e9 par l'homme. Les chercheurs doivent manipuler ce compos\u00e9 avec pr\u00e9caution et se conformer \u00e0 tous les protocoles de s\u00e9curit\u00e9 et \u00e0 toutes les r\u00e9glementations l\u00e9gales applicables.<\/p>\n<p>ChemsXpress se consacre \u00e0 l'avancement de la recherche scientifique en offrant des produits chimiques de recherche de qualit\u00e9 sup\u00e9rieure. Parcourez notre catalogue, y compris le 3-FPM, et commencez votre voyage de recherche en toute confiance.<\/p>","protected":false},"excerpt":{"rendered":"<p><strong>Nom IUPAC : <\/strong>2-(3-fluoroph\u00e9nyl)-3-m\u00e9thylmorpholine, monohydrochlorure<\/p>\n<p><strong>CAS # <\/strong>1803562-83-5<\/p>\n<p><strong>Autre nom : <\/strong>3-Fluoroph\u00e9nm\u00e9trazine (chlorhydrate)<\/p>\n<p><strong>Apparence : <\/strong>granul\u00e9s<\/p>\n<p><strong>Analyse RMN : <\/strong>C11H14FNO - HCl<\/p>","protected":false},"featured_media":29018,"comment_status":"open","ping_status":"closed","template":"","meta":[],"product_brand":[],"product_cat":[83],"product_tag":[],"class_list":{"0":"post-28939","1":"product","2":"type-product","3":"status-publish","4":"has-post-thumbnail","6":"product_cat-pellets","8":"first","9":"instock","10":"shipping-taxable","11":"purchasable","12":"product-type-variable"},"yoast_head":"<!-- This site is optimized with the Yoast SEO Premium plugin v24.1 (Yoast SEO v27.4) - https:\/\/yoast.com\/product\/yoast-seo-premium-wordpress\/ -->\n<title>Buy 3-FPM Online: Premium Quality RC&#039;s | ChemsXpress<\/title>\n<meta name=\"description\" content=\"Buy 3-FPM Online at ChemsXpress. Premium research chemicals, fast shipping. Trust our quality assurance for all your research needs.\" \/>\n<meta name=\"robots\" content=\"index, follow, max-snippet:-1, max-image-preview:large, max-video-preview:-1\" \/>\n<link rel=\"canonical\" href=\"https:\/\/chemsxpress.com\/fr\/produit\/acheter-3-fpm-en-ligne-3\/\" \/>\n<meta property=\"og:locale\" content=\"fr_FR\" \/>\n<meta property=\"og:type\" content=\"article\" \/>\n<meta property=\"og:title\" content=\"3-FPM pellets 60mg\" \/>\n<meta property=\"og:description\" content=\"Buy 3-FPM Online at ChemsXpress. Premium research chemicals, fast shipping. Trust our quality assurance for all your research needs.\" \/>\n<meta property=\"og:url\" content=\"https:\/\/chemsxpress.com\/fr\/produit\/acheter-3-fpm-en-ligne-3\/\" \/>\n<meta property=\"og:site_name\" content=\"SHOP MDPHP\" \/>\n<meta property=\"article:modified_time\" content=\"2024-05-02T20:20:18+00:00\" \/>\n<meta property=\"og:image\" content=\"https:\/\/chemsxpress.com\/wp-content\/uploads\/2024\/04\/3-FPM-pellets-60mg.jpg\" \/>\n\t<meta property=\"og:image:width\" content=\"600\" \/>\n\t<meta property=\"og:image:height\" content=\"600\" \/>\n\t<meta property=\"og:image:type\" content=\"image\/jpeg\" \/>\n<meta name=\"twitter:card\" content=\"summary_large_image\" \/>\n<meta name=\"twitter:label1\" content=\"Dur\u00e9e de lecture estim\u00e9e\" \/>\n\t<meta name=\"twitter:data1\" content=\"2 minutes\" \/>\n<script type=\"application\/ld+json\" class=\"yoast-schema-graph\">{\"@context\":\"https:\\\/\\\/schema.org\",\"@graph\":[{\"@type\":\"WebPage\",\"@id\":\"https:\\\/\\\/chemsxpress.com\\\/product\\\/buy-3-fpm-online-2\\\/\",\"url\":\"https:\\\/\\\/chemsxpress.com\\\/product\\\/buy-3-fpm-online-2\\\/\",\"name\":\"Buy 3-FPM Online: Premium Quality RC's | ChemsXpress\",\"isPartOf\":{\"@id\":\"https:\\\/\\\/chemsxpress.com\\\/#website\"},\"primaryImageOfPage\":{\"@id\":\"https:\\\/\\\/chemsxpress.com\\\/product\\\/buy-3-fpm-online-2\\\/#primaryimage\"},\"image\":{\"@id\":\"https:\\\/\\\/chemsxpress.com\\\/product\\\/buy-3-fpm-online-2\\\/#primaryimage\"},\"thumbnailUrl\":\"https:\\\/\\\/chemsxpress.com\\\/wp-content\\\/uploads\\\/2024\\\/04\\\/3-FPM-pellets-60mg.jpg\",\"datePublished\":\"2024-04-29T13:19:34+00:00\",\"dateModified\":\"2024-05-02T20:20:18+00:00\",\"description\":\"Buy 3-FPM Online at ChemsXpress. Premium research chemicals, fast shipping. Trust our quality assurance for all your research needs.\",\"breadcrumb\":{\"@id\":\"https:\\\/\\\/chemsxpress.com\\\/product\\\/buy-3-fpm-online-2\\\/#breadcrumb\"},\"inLanguage\":\"fr-FR\",\"potentialAction\":[{\"@type\":\"ReadAction\",\"target\":[\"https:\\\/\\\/chemsxpress.com\\\/product\\\/buy-3-fpm-online-2\\\/\"]}]},{\"@type\":\"ImageObject\",\"inLanguage\":\"fr-FR\",\"@id\":\"https:\\\/\\\/chemsxpress.com\\\/product\\\/buy-3-fpm-online-2\\\/#primaryimage\",\"url\":\"https:\\\/\\\/chemsxpress.com\\\/wp-content\\\/uploads\\\/2024\\\/04\\\/3-FPM-pellets-60mg.jpg\",\"contentUrl\":\"https:\\\/\\\/chemsxpress.com\\\/wp-content\\\/uploads\\\/2024\\\/04\\\/3-FPM-pellets-60mg.jpg\",\"width\":600,\"height\":600,\"caption\":\"buy 3-FPM online\"},{\"@type\":\"BreadcrumbList\",\"@id\":\"https:\\\/\\\/chemsxpress.com\\\/product\\\/buy-3-fpm-online-2\\\/#breadcrumb\",\"itemListElement\":[{\"@type\":\"ListItem\",\"position\":1,\"name\":\"Home\",\"item\":\"https:\\\/\\\/chemsxpress.com\\\/\"},{\"@type\":\"ListItem\",\"position\":2,\"name\":\"Shop\",\"item\":\"https:\\\/\\\/chemsxpress.com\\\/shop\\\/\"},{\"@type\":\"ListItem\",\"position\":3,\"name\":\"3-FPM pellets 60mg\"}]},{\"@type\":\"WebSite\",\"@id\":\"https:\\\/\\\/chemsxpress.com\\\/#website\",\"url\":\"https:\\\/\\\/chemsxpress.com\\\/\",\"name\":\"SHOP MDPHP\",\"description\":\"Buy MDPHP freebase from reliable supplier\",\"potentialAction\":[{\"@type\":\"SearchAction\",\"target\":{\"@type\":\"EntryPoint\",\"urlTemplate\":\"https:\\\/\\\/chemsxpress.com\\\/?s={search_term_string}\"},\"query-input\":{\"@type\":\"PropertyValueSpecification\",\"valueRequired\":true,\"valueName\":\"search_term_string\"}}],\"inLanguage\":\"fr-FR\"}]}<\/script>\n<!-- \/ Yoast SEO Premium plugin. -->","yoast_head_json":{"title":"Achetez 3-FPM en ligne\u00a0: RC de qualit\u00e9 sup\u00e9rieure | ChemsXpres","description":"Achetez des pastilles de 2C-D \u00e0 ChemsXpress. Produits chimiques de recherche de premi\u00e8re qualit\u00e9, livraison rapide. Faites confiance \u00e0 notre assurance qualit\u00e9 pour tous vos besoins de recherche. Commandez maintenant","robots":{"index":"index","follow":"follow","max-snippet":"max-snippet:-1","max-image-preview":"max-image-preview:large","max-video-preview":"max-video-preview:-1"},"canonical":"https:\/\/chemsxpress.com\/fr\/produit\/acheter-3-fpm-en-ligne-3\/","og_locale":"fr_FR","og_type":"article","og_title":"3-FPM pellets 60mg","og_description":"Buy 3-FPM Online at ChemsXpress. Premium research chemicals, fast shipping. Trust our quality assurance for all your research needs.","og_url":"https:\/\/chemsxpress.com\/fr\/produit\/acheter-3-fpm-en-ligne-3\/","og_site_name":"SHOP MDPHP","article_modified_time":"2024-05-02T20:20:18+00:00","og_image":[{"width":600,"height":600,"url":"https:\/\/chemsxpress.com\/wp-content\/uploads\/2024\/04\/3-FPM-pellets-60mg.jpg","type":"image\/jpeg"}],"twitter_card":"summary_large_image","twitter_misc":{"Dur\u00e9e de lecture estim\u00e9e":"2 minutes"},"schema":{"@context":"https:\/\/schema.org","@graph":[{"@type":"WebPage","@id":"https:\/\/chemsxpress.com\/product\/buy-3-fpm-online-2\/","url":"https:\/\/chemsxpress.com\/product\/buy-3-fpm-online-2\/","name":"Achetez 3-FPM en ligne\u00a0: RC de qualit\u00e9 sup\u00e9rieure | ChemsXpres","isPartOf":{"@id":"https:\/\/chemsxpress.com\/#website"},"primaryImageOfPage":{"@id":"https:\/\/chemsxpress.com\/product\/buy-3-fpm-online-2\/#primaryimage"},"image":{"@id":"https:\/\/chemsxpress.com\/product\/buy-3-fpm-online-2\/#primaryimage"},"thumbnailUrl":"https:\/\/chemsxpress.com\/wp-content\/uploads\/2024\/04\/3-FPM-pellets-60mg.jpg","datePublished":"2024-04-29T13:19:34+00:00","dateModified":"2024-05-02T20:20:18+00:00","description":"Achetez des pastilles de 2C-D \u00e0 ChemsXpress. Produits chimiques de recherche de premi\u00e8re qualit\u00e9, livraison rapide. Faites confiance \u00e0 notre assurance qualit\u00e9 pour tous vos besoins de recherche. Commandez maintenant","breadcrumb":{"@id":"https:\/\/chemsxpress.com\/product\/buy-3-fpm-online-2\/#breadcrumb"},"inLanguage":"fr-FR","potentialAction":[{"@type":"ReadAction","target":["https:\/\/chemsxpress.com\/product\/buy-3-fpm-online-2\/"]}]},{"@type":"ImageObject","inLanguage":"fr-FR","@id":"https:\/\/chemsxpress.com\/product\/buy-3-fpm-online-2\/#primaryimage","url":"https:\/\/chemsxpress.com\/wp-content\/uploads\/2024\/04\/3-FPM-pellets-60mg.jpg","contentUrl":"https:\/\/chemsxpress.com\/wp-content\/uploads\/2024\/04\/3-FPM-pellets-60mg.jpg","width":600,"height":600,"caption":"buy 3-FPM online"},{"@type":"BreadcrumbList","@id":"https:\/\/chemsxpress.com\/product\/buy-3-fpm-online-2\/#breadcrumb","itemListElement":[{"@type":"ListItem","position":1,"name":"Home","item":"https:\/\/chemsxpress.com\/"},{"@type":"ListItem","position":2,"name":"Shop","item":"https:\/\/chemsxpress.com\/shop\/"},{"@type":"ListItem","position":3,"name":"3-FPM pellets 60mg"}]},{"@type":"WebSite","@id":"https:\/\/chemsxpress.com\/#website","url":"https:\/\/chemsxpress.com\/","name":"SHOP MDPHP","description":"Acheter MDPHP freebase aupr\u00e8s d'un fournisseur fiable","potentialAction":[{"@type":"SearchAction","target":{"@type":"EntryPoint","urlTemplate":"https:\/\/chemsxpress.com\/?s={search_term_string}"},"query-input":{"@type":"PropertyValueSpecification","valueRequired":true,"valueName":"search_term_string"}}],"inLanguage":"fr-FR"}]}},"jetpack_sharing_enabled":true,"_links":{"self":[{"href":"https:\/\/chemsxpress.com\/fr\/wp-json\/wp\/v2\/product\/28939","targetHints":{"allow":["GET"]}}],"collection":[{"href":"https:\/\/chemsxpress.com\/fr\/wp-json\/wp\/v2\/product"}],"about":[{"href":"https:\/\/chemsxpress.com\/fr\/wp-json\/wp\/v2\/types\/product"}],"replies":[{"embeddable":true,"href":"https:\/\/chemsxpress.com\/fr\/wp-json\/wp\/v2\/comments?post=28939"}],"version-history":[{"count":3,"href":"https:\/\/chemsxpress.com\/fr\/wp-json\/wp\/v2\/product\/28939\/revisions"}],"predecessor-version":[{"id":29636,"href":"https:\/\/chemsxpress.com\/fr\/wp-json\/wp\/v2\/product\/28939\/revisions\/29636"}],"wp:featuredmedia":[{"embeddable":true,"href":"https:\/\/chemsxpress.com\/fr\/wp-json\/wp\/v2\/media\/29018"}],"wp:attachment":[{"href":"https:\/\/chemsxpress.com\/fr\/wp-json\/wp\/v2\/media?parent=28939"}],"wp:term":[{"taxonomy":"product_brand","embeddable":true,"href":"https:\/\/chemsxpress.com\/fr\/wp-json\/wp\/v2\/product_brand?post=28939"},{"taxonomy":"product_cat","embeddable":true,"href":"https:\/\/chemsxpress.com\/fr\/wp-json\/wp\/v2\/product_cat?post=28939"},{"taxonomy":"product_tag","embeddable":true,"href":"https:\/\/chemsxpress.com\/fr\/wp-json\/wp\/v2\/product_tag?post=28939"}],"curies":[{"name":"wp","href":"https:\/\/api.w.org\/{rel}","templated":true}]}}