{"id":28941,"date":"2024-04-29T13:19:34","date_gmt":"2024-04-29T13:19:34","guid":{"rendered":"https:\/\/chemsxpress.com\/?post_type=product&#038;p=28941"},"modified":"2024-07-04T22:11:07","modified_gmt":"2024-07-04T22:11:07","slug":"acheter-4-ho-mipt-en-ligne","status":"publish","type":"product","link":"https:\/\/chemsxpress.com\/fr\/produit\/acheter-4-ho-mipt-en-ligne\/","title":{"rendered":"4-HO-MIPT pastilles 20mg"},"content":{"rendered":"<h1>Acheter 4-HO-MiPT en ligne<\/h1>\n<p>Acheter 4-HO-MiPT en ligne, 4-HO-MiPT est l'abr\u00e9viation de 4-Hydroxy-N-m\u00e9thyl-N-isopropyltryptamine. Cette substance fait partie de la classe des tryptamines. Elle est tr\u00e8s proche de la psilocine, l'ingr\u00e9dient actif des champignons magiques. Comme la psilocine, la 4-HO-MiPT est connue pour produire des effets psych\u00e9d\u00e9liques lors d'exp\u00e9riences de recherche en laboratoire.<\/p>\n<p>La 4-HO-MiPT gagne en popularit\u00e9 et devient l'une des tryptamines synth\u00e9tiques les plus couramment utilis\u00e9es par les personnes \u00e2g\u00e9es. <a href=\"https:\/\/chemsxpress.com\/fr\/categorie-produit\/produits-chimiques-de-recherche\/\">chercheurs en chimie<\/a>.<\/p>\n<p>&nbsp;<\/p>\n<h2><strong>O\u00f9 acheter le 4-HO-MiPT en ligne ?<\/strong><\/h2>\n<p>Nous vendons ici du 4-HO-MiPT de haute qualit\u00e9. <a href=\"https:\/\/chemsxpress.com\/fr\/\">ChemsXpress<\/a>. Nous proposons ce produit chimique pour la recherche sous forme de poudre hcl ou fumarate, qui est parfaite pour les exp\u00e9riences de laboratoire. Cependant, si vous pr\u00e9f\u00e9rez une autre forme, vous pouvez nous contacter pour savoir quand nous aurons une autre forme disponible.<\/p>\n<p>Vous devez \u00eatre \u00e2g\u00e9 d'au moins 18 ans pour acheter notre 4-HO-MiPT. En outre, vous devez \u00eatre en parfaite conformit\u00e9 avec les lois de votre pays. Notre 4-HO-MiPT n'est pas destin\u00e9 \u00e0 un usage humain ou animal. Il est uniquement destin\u00e9 \u00e0 la recherche.<\/p>\n<p>&nbsp;<\/p>\n<h2><strong>4-HO-MiPT L\u00e9galit\u00e9<\/strong><\/h2>\n<p>La 4-HO-MiPT est ill\u00e9gale au Br\u00e9sil et en Su\u00e8de. Au Royaume-Uni, elle est class\u00e9e comme drogue de classe A. Aux \u00c9tats-Unis, elle n'est pas r\u00e9pertori\u00e9e. Cependant, elle est souvent consid\u00e9r\u00e9e comme un analogue de la psilocine. Ainsi, les personnes qui poss\u00e8dent ou vendent de la 4-HO-MiPT peuvent \u00eatre poursuivies en vertu de la loi f\u00e9d\u00e9rale sur les analogues.<\/p>\n<p><strong>Mesures exp\u00e9rimentales<\/strong>: Comme pour la plupart des 4-hydroxy, vous devez vous assurer que votre laboratoire dispose d'\u00e9chelles fonctionnelles en milligrammes ou qu'il est en mesure d'effectuer une quantification volum\u00e9trique. C'est particuli\u00e8rement important pour le 4-AcO-MiPT car les niveaux de r\u00e9activit\u00e9 commencent \u00e0 partir de 5 mg.<\/p>","protected":false},"excerpt":{"rendered":"<p><strong>IUPAC-Name: <\/strong>3-(2-[Isopropyl (methyl) amino]ethyl)-1H-indol-4-ol<\/p>\n<p><strong>Other name: <\/strong>4-hydroxy-N-methyl-N-isopropyltryptamine<\/p>\n<p><strong>Form: <\/strong>pellets<\/p>\n<p><strong>NMR Analysis: <\/strong>N\/A<\/p>\n","protected":false},"featured_media":29022,"comment_status":"open","ping_status":"closed","template":"","meta":[],"product_brand":[],"product_cat":[83],"product_tag":[],"class_list":{"0":"post-28941","1":"product","2":"type-product","3":"status-publish","4":"has-post-thumbnail","6":"product_cat-pellets","8":"first","9":"instock","10":"shipping-taxable","11":"purchasable","12":"product-type-variable"},"yoast_head":"<!-- This site is optimized with the Yoast SEO Premium plugin v24.1 (Yoast SEO v27.4) - https:\/\/yoast.com\/product\/yoast-seo-premium-wordpress\/ -->\n<title>Buy 4-HO-MiPT Online: Premium Quality RC&#039;s | ChemsXpress<\/title>\n<meta name=\"description\" content=\"Buy 4-HO-MiPT Online at ChemsXpress. Premium research chemicals, fast shipping. Trust our quality assurance for all your research needs.\" \/>\n<meta name=\"robots\" content=\"index, follow, max-snippet:-1, max-image-preview:large, max-video-preview:-1\" \/>\n<link rel=\"canonical\" href=\"https:\/\/chemsxpress.com\/fr\/produit\/acheter-4-ho-mipt-en-ligne\/\" \/>\n<meta property=\"og:locale\" content=\"fr_FR\" \/>\n<meta property=\"og:type\" content=\"article\" \/>\n<meta property=\"og:title\" content=\"4-HO-MIPT pellets 20mg\" \/>\n<meta property=\"og:description\" content=\"Buy 4-HO-MiPT Online at ChemsXpress. Premium research chemicals, fast shipping. Trust our quality assurance for all your research needs.\" \/>\n<meta property=\"og:url\" content=\"https:\/\/chemsxpress.com\/fr\/produit\/acheter-4-ho-mipt-en-ligne\/\" \/>\n<meta property=\"og:site_name\" content=\"SHOP MDPHP\" \/>\n<meta property=\"article:modified_time\" content=\"2024-07-04T22:11:07+00:00\" \/>\n<meta property=\"og:image\" content=\"https:\/\/chemsxpress.com\/wp-content\/uploads\/2024\/04\/4-HO-MIPT-pellets-20mg.jpg\" \/>\n\t<meta property=\"og:image:width\" content=\"600\" \/>\n\t<meta property=\"og:image:height\" content=\"600\" \/>\n\t<meta property=\"og:image:type\" content=\"image\/jpeg\" \/>\n<meta name=\"twitter:card\" content=\"summary_large_image\" \/>\n<meta name=\"twitter:label1\" content=\"Dur\u00e9e de lecture estim\u00e9e\" \/>\n\t<meta name=\"twitter:data1\" content=\"2 minutes\" \/>\n<script type=\"application\/ld+json\" class=\"yoast-schema-graph\">{\"@context\":\"https:\\\/\\\/schema.org\",\"@graph\":[{\"@type\":\"WebPage\",\"@id\":\"https:\\\/\\\/chemsxpress.com\\\/product\\\/buy-4-ho-mipt-online\\\/\",\"url\":\"https:\\\/\\\/chemsxpress.com\\\/product\\\/buy-4-ho-mipt-online\\\/\",\"name\":\"Buy 4-HO-MiPT Online: Premium Quality RC's | ChemsXpress\",\"isPartOf\":{\"@id\":\"https:\\\/\\\/chemsxpress.com\\\/#website\"},\"primaryImageOfPage\":{\"@id\":\"https:\\\/\\\/chemsxpress.com\\\/product\\\/buy-4-ho-mipt-online\\\/#primaryimage\"},\"image\":{\"@id\":\"https:\\\/\\\/chemsxpress.com\\\/product\\\/buy-4-ho-mipt-online\\\/#primaryimage\"},\"thumbnailUrl\":\"https:\\\/\\\/chemsxpress.com\\\/wp-content\\\/uploads\\\/2024\\\/04\\\/4-HO-MIPT-pellets-20mg.jpg\",\"datePublished\":\"2024-04-29T13:19:34+00:00\",\"dateModified\":\"2024-07-04T22:11:07+00:00\",\"description\":\"Buy 4-HO-MiPT Online at ChemsXpress. Premium research chemicals, fast shipping. Trust our quality assurance for all your research needs.\",\"breadcrumb\":{\"@id\":\"https:\\\/\\\/chemsxpress.com\\\/product\\\/buy-4-ho-mipt-online\\\/#breadcrumb\"},\"inLanguage\":\"fr-FR\",\"potentialAction\":[{\"@type\":\"ReadAction\",\"target\":[\"https:\\\/\\\/chemsxpress.com\\\/product\\\/buy-4-ho-mipt-online\\\/\"]}]},{\"@type\":\"ImageObject\",\"inLanguage\":\"fr-FR\",\"@id\":\"https:\\\/\\\/chemsxpress.com\\\/product\\\/buy-4-ho-mipt-online\\\/#primaryimage\",\"url\":\"https:\\\/\\\/chemsxpress.com\\\/wp-content\\\/uploads\\\/2024\\\/04\\\/4-HO-MIPT-pellets-20mg.jpg\",\"contentUrl\":\"https:\\\/\\\/chemsxpress.com\\\/wp-content\\\/uploads\\\/2024\\\/04\\\/4-HO-MIPT-pellets-20mg.jpg\",\"width\":600,\"height\":600,\"caption\":\"Buy 4-HO-MiPT Online\"},{\"@type\":\"BreadcrumbList\",\"@id\":\"https:\\\/\\\/chemsxpress.com\\\/product\\\/buy-4-ho-mipt-online\\\/#breadcrumb\",\"itemListElement\":[{\"@type\":\"ListItem\",\"position\":1,\"name\":\"Home\",\"item\":\"https:\\\/\\\/chemsxpress.com\\\/\"},{\"@type\":\"ListItem\",\"position\":2,\"name\":\"Shop\",\"item\":\"https:\\\/\\\/chemsxpress.com\\\/shop\\\/\"},{\"@type\":\"ListItem\",\"position\":3,\"name\":\"4-HO-MIPT pellets 20mg\"}]},{\"@type\":\"WebSite\",\"@id\":\"https:\\\/\\\/chemsxpress.com\\\/#website\",\"url\":\"https:\\\/\\\/chemsxpress.com\\\/\",\"name\":\"SHOP MDPHP\",\"description\":\"Buy MDPHP freebase from reliable supplier\",\"potentialAction\":[{\"@type\":\"SearchAction\",\"target\":{\"@type\":\"EntryPoint\",\"urlTemplate\":\"https:\\\/\\\/chemsxpress.com\\\/?s={search_term_string}\"},\"query-input\":{\"@type\":\"PropertyValueSpecification\",\"valueRequired\":true,\"valueName\":\"search_term_string\"}}],\"inLanguage\":\"fr-FR\"}]}<\/script>\n<!-- \/ Yoast SEO Premium plugin. -->","yoast_head_json":{"title":"Achetez 4-HO-MiPT en ligne\u00a0: RC de qualit\u00e9 sup\u00e9rieure | ChemsXpress","description":"Achetez des pastilles de 2C-C en ligne sur ChemsXpress. Produits chimiques de recherche de premi\u00e8re qualit\u00e9, livraison rapide. Faites confiance \u00e0 notre assurance qualit\u00e9 pour tous vos besoins de recherche. Commandez maintenant","robots":{"index":"index","follow":"follow","max-snippet":"max-snippet:-1","max-image-preview":"max-image-preview:large","max-video-preview":"max-video-preview:-1"},"canonical":"https:\/\/chemsxpress.com\/fr\/produit\/acheter-4-ho-mipt-en-ligne\/","og_locale":"fr_FR","og_type":"article","og_title":"4-HO-MIPT pellets 20mg","og_description":"Buy 4-HO-MiPT Online at ChemsXpress. Premium research chemicals, fast shipping. Trust our quality assurance for all your research needs.","og_url":"https:\/\/chemsxpress.com\/fr\/produit\/acheter-4-ho-mipt-en-ligne\/","og_site_name":"SHOP MDPHP","article_modified_time":"2024-07-04T22:11:07+00:00","og_image":[{"width":600,"height":600,"url":"https:\/\/chemsxpress.com\/wp-content\/uploads\/2024\/04\/4-HO-MIPT-pellets-20mg.jpg","type":"image\/jpeg"}],"twitter_card":"summary_large_image","twitter_misc":{"Dur\u00e9e de lecture estim\u00e9e":"2 minutes"},"schema":{"@context":"https:\/\/schema.org","@graph":[{"@type":"WebPage","@id":"https:\/\/chemsxpress.com\/product\/buy-4-ho-mipt-online\/","url":"https:\/\/chemsxpress.com\/product\/buy-4-ho-mipt-online\/","name":"Achetez 4-HO-MiPT en ligne\u00a0: RC de qualit\u00e9 sup\u00e9rieure | ChemsXpress","isPartOf":{"@id":"https:\/\/chemsxpress.com\/#website"},"primaryImageOfPage":{"@id":"https:\/\/chemsxpress.com\/product\/buy-4-ho-mipt-online\/#primaryimage"},"image":{"@id":"https:\/\/chemsxpress.com\/product\/buy-4-ho-mipt-online\/#primaryimage"},"thumbnailUrl":"https:\/\/chemsxpress.com\/wp-content\/uploads\/2024\/04\/4-HO-MIPT-pellets-20mg.jpg","datePublished":"2024-04-29T13:19:34+00:00","dateModified":"2024-07-04T22:11:07+00:00","description":"Achetez des pastilles de 2C-C en ligne sur ChemsXpress. Produits chimiques de recherche de premi\u00e8re qualit\u00e9, livraison rapide. Faites confiance \u00e0 notre assurance qualit\u00e9 pour tous vos besoins de recherche. Commandez maintenant","breadcrumb":{"@id":"https:\/\/chemsxpress.com\/product\/buy-4-ho-mipt-online\/#breadcrumb"},"inLanguage":"fr-FR","potentialAction":[{"@type":"ReadAction","target":["https:\/\/chemsxpress.com\/product\/buy-4-ho-mipt-online\/"]}]},{"@type":"ImageObject","inLanguage":"fr-FR","@id":"https:\/\/chemsxpress.com\/product\/buy-4-ho-mipt-online\/#primaryimage","url":"https:\/\/chemsxpress.com\/wp-content\/uploads\/2024\/04\/4-HO-MIPT-pellets-20mg.jpg","contentUrl":"https:\/\/chemsxpress.com\/wp-content\/uploads\/2024\/04\/4-HO-MIPT-pellets-20mg.jpg","width":600,"height":600,"caption":"Buy 4-HO-MiPT Online"},{"@type":"BreadcrumbList","@id":"https:\/\/chemsxpress.com\/product\/buy-4-ho-mipt-online\/#breadcrumb","itemListElement":[{"@type":"ListItem","position":1,"name":"Home","item":"https:\/\/chemsxpress.com\/"},{"@type":"ListItem","position":2,"name":"Shop","item":"https:\/\/chemsxpress.com\/shop\/"},{"@type":"ListItem","position":3,"name":"4-HO-MIPT pellets 20mg"}]},{"@type":"WebSite","@id":"https:\/\/chemsxpress.com\/#website","url":"https:\/\/chemsxpress.com\/","name":"SHOP MDPHP","description":"Acheter MDPHP freebase aupr\u00e8s d'un fournisseur fiable","potentialAction":[{"@type":"SearchAction","target":{"@type":"EntryPoint","urlTemplate":"https:\/\/chemsxpress.com\/?s={search_term_string}"},"query-input":{"@type":"PropertyValueSpecification","valueRequired":true,"valueName":"search_term_string"}}],"inLanguage":"fr-FR"}]}},"jetpack_sharing_enabled":true,"_links":{"self":[{"href":"https:\/\/chemsxpress.com\/fr\/wp-json\/wp\/v2\/product\/28941","targetHints":{"allow":["GET"]}}],"collection":[{"href":"https:\/\/chemsxpress.com\/fr\/wp-json\/wp\/v2\/product"}],"about":[{"href":"https:\/\/chemsxpress.com\/fr\/wp-json\/wp\/v2\/types\/product"}],"replies":[{"embeddable":true,"href":"https:\/\/chemsxpress.com\/fr\/wp-json\/wp\/v2\/comments?post=28941"}],"version-history":[{"count":4,"href":"https:\/\/chemsxpress.com\/fr\/wp-json\/wp\/v2\/product\/28941\/revisions"}],"predecessor-version":[{"id":30012,"href":"https:\/\/chemsxpress.com\/fr\/wp-json\/wp\/v2\/product\/28941\/revisions\/30012"}],"wp:featuredmedia":[{"embeddable":true,"href":"https:\/\/chemsxpress.com\/fr\/wp-json\/wp\/v2\/media\/29022"}],"wp:attachment":[{"href":"https:\/\/chemsxpress.com\/fr\/wp-json\/wp\/v2\/media?parent=28941"}],"wp:term":[{"taxonomy":"product_brand","embeddable":true,"href":"https:\/\/chemsxpress.com\/fr\/wp-json\/wp\/v2\/product_brand?post=28941"},{"taxonomy":"product_cat","embeddable":true,"href":"https:\/\/chemsxpress.com\/fr\/wp-json\/wp\/v2\/product_cat?post=28941"},{"taxonomy":"product_tag","embeddable":true,"href":"https:\/\/chemsxpress.com\/fr\/wp-json\/wp\/v2\/product_tag?post=28941"}],"curies":[{"name":"wp","href":"https:\/\/api.w.org\/{rel}","templated":true}]}}