{"id":28943,"date":"2024-04-29T13:19:34","date_gmt":"2024-04-29T13:19:34","guid":{"rendered":"https:\/\/chemsxpress.com\/?post_type=product&#038;p=28943"},"modified":"2024-07-04T22:15:50","modified_gmt":"2024-07-04T22:15:50","slug":"acheter-2c-b-fly","status":"publish","type":"product","link":"https:\/\/chemsxpress.com\/fr\/produit\/acheter-2c-b-fly\/","title":{"rendered":"2C-B-FLY pastilles 10mg"},"content":{"rendered":"<h1>Acheter 2C-B-FLY<\/h1>\n<p>Buy 2C-B-FLY est un produit chimique destin\u00e9 \u00e0 la recherche et ne doit \u00eatre utilis\u00e9 qu'\u00e0 cette fin. Cependant, le 2C-B-FLY peut \u00e9galement avoir des effets sur le corps lorsqu'il est consomm\u00e9. Notez que ces effets ne sont pas seulement positifs et qu'il y a une raison pour laquelle le 2C-B-FLY ne doit \u00eatre utilis\u00e9 qu'\u00e0 des fins scientifiques. Nous discuterons ici des effets afin de nous assurer que vous ne l'utilisez qu'\u00e0 bon escient.<br \/>\nFuncaps ne vend que du 2C-B-FLY. Vous pouvez acheter le 2C-B-FLY chez ChemsXpress. Nous garantissons une qualit\u00e9 \u00e9lev\u00e9e, afin que vous puissiez l'utiliser \u00e0 des fins de recherche et non de consommation.<\/p>\n<h2>O\u00f9 acheter 2C-B-FLY ?<\/h2>\n<p>Au <a href=\"https:\/\/chemsxpress.com\/fr\/\">ChemsXpress<\/a>Nous proposons le 2C-B-FLY, un compos\u00e9 psych\u00e9d\u00e9lique synth\u00e9tique connu pour ses effets similaires \u00e0 ceux du 2C-B. Notre 2C-B-FLY est synth\u00e9tis\u00e9 \u00e0 l'aide de techniques avanc\u00e9es afin de garantir sa puret\u00e9 et sa puissance, ce qui le rend adapt\u00e9 \u00e0 la recherche.<\/p>\n<p>En tant que membre de la classe des compos\u00e9s de la ph\u00e9n\u00e9thylamine, le 2C-B-FLY est connu pour ses effets psych\u00e9d\u00e9liques, y compris des alt\u00e9rations de la perception, de l'humeur et de la conscience. Les chercheurs int\u00e9ress\u00e9s par l'\u00e9tude des effets pharmacologiques et des applications th\u00e9rapeutiques potentielles de la <a href=\"https:\/\/chemsxpress.com\/fr\/produit\/acheter-o-pce-en-ligne\/\">2C-B-FLY<\/a> peut faire confiance \u00e0 ChemsXpress pour fournir des <a href=\"https:\/\/chemsxpress.com\/fr\/categorie-produit\/produits-chimiques-de-recherche\/\">produits chimiques de recherche<\/a> pour leurs enqu\u00eates.<\/p>\n<p>Il est important de noter que l'utilisation de la 2C-B-FLY pour la consommation humaine n'est pas approuv\u00e9e par les autorit\u00e9s r\u00e9glementaires, et que les chercheurs doivent la manipuler avec pr\u00e9caution et adh\u00e9rer \u00e0 des protocoles de s\u00e9curit\u00e9 stricts et \u00e0 des r\u00e9glementations l\u00e9gales.<\/p>\n<p>ChemsXpress s'engage \u00e0 soutenir la recherche scientifique et l'innovation en fournissant aux chercheurs un acc\u00e8s \u00e0 des produits chimiques de recherche de premi\u00e8re qualit\u00e9. Explorez notre catalogue de produits chimiques de recherche, y compris le 2C-B-FLY, et lancez-vous dans votre recherche en toute confiance.<\/p>","protected":false},"excerpt":{"rendered":"<p><strong>IUPAC-Name: <\/strong>2-(4-bromo-2,3,6,7-tetrahydrofuro[2,3-f][1]benzofuran-8-yl)ethanamine<\/p>\n<p><strong>CAS # <\/strong>733720-95-1<\/p>\n<p><strong>Other name: <\/strong>2-(4-bromo-2,3,6,7-tetrahydrofuro[2,3-f][1]benzofuran-8-yl)ethanamine<\/p>\n<p><strong>Appearance: <\/strong>10mg Pellets<\/p>\n<p><strong>Form: <\/strong>pellet<\/p>\n<p><strong>NMR Analysis: <\/strong>C12H14BrNO2<\/p>\n","protected":false},"featured_media":29026,"comment_status":"open","ping_status":"closed","template":"","meta":[],"product_brand":[],"product_cat":[83],"product_tag":[],"class_list":{"0":"post-28943","1":"product","2":"type-product","3":"status-publish","4":"has-post-thumbnail","6":"product_cat-pellets","8":"first","9":"instock","10":"shipping-taxable","11":"purchasable","12":"product-type-variable"},"yoast_head":"<!-- This site is optimized with the Yoast SEO Premium plugin v24.1 (Yoast SEO v27.3) - https:\/\/yoast.com\/product\/yoast-seo-premium-wordpress\/ -->\n<title>Buy 2C-B-FLY Online: Premium Quality RC&#039;s | ChemsXpress<\/title>\n<meta name=\"description\" content=\"Buy 2C-B-FLY at ChemsXpress. Premium research chemicals, fast shipping. Trust our quality assurance for all your research needs. Order now\" \/>\n<meta name=\"robots\" content=\"index, follow, max-snippet:-1, max-image-preview:large, max-video-preview:-1\" \/>\n<link rel=\"canonical\" href=\"https:\/\/chemsxpress.com\/fr\/produit\/acheter-2c-b-fly\/\" \/>\n<meta property=\"og:locale\" content=\"fr_FR\" \/>\n<meta property=\"og:type\" content=\"article\" \/>\n<meta property=\"og:title\" content=\"2C-B-FLY pellets 10mg\" \/>\n<meta property=\"og:description\" content=\"Buy 2C-B-FLY at ChemsXpress. Premium research chemicals, fast shipping. Trust our quality assurance for all your research needs. Order now\" \/>\n<meta property=\"og:url\" content=\"https:\/\/chemsxpress.com\/fr\/produit\/acheter-2c-b-fly\/\" \/>\n<meta property=\"og:site_name\" content=\"SHOP MDPHP\" \/>\n<meta property=\"article:modified_time\" content=\"2024-07-04T22:15:50+00:00\" \/>\n<meta property=\"og:image\" content=\"https:\/\/chemsxpress.com\/wp-content\/uploads\/2024\/04\/2C-B-FLY-pellets-10mg.jpg\" \/>\n\t<meta property=\"og:image:width\" content=\"600\" \/>\n\t<meta property=\"og:image:height\" content=\"600\" \/>\n\t<meta property=\"og:image:type\" content=\"image\/jpeg\" \/>\n<meta name=\"twitter:card\" content=\"summary_large_image\" \/>\n<meta name=\"twitter:label1\" content=\"Dur\u00e9e de lecture estim\u00e9e\" \/>\n\t<meta name=\"twitter:data1\" content=\"2 minutes\" \/>\n<script type=\"application\/ld+json\" class=\"yoast-schema-graph\">{\"@context\":\"https:\\\/\\\/schema.org\",\"@graph\":[{\"@type\":\"WebPage\",\"@id\":\"https:\\\/\\\/chemsxpress.com\\\/product\\\/buy-2c-b-fly\\\/\",\"url\":\"https:\\\/\\\/chemsxpress.com\\\/product\\\/buy-2c-b-fly\\\/\",\"name\":\"Buy 2C-B-FLY Online: Premium Quality RC's | ChemsXpress\",\"isPartOf\":{\"@id\":\"https:\\\/\\\/chemsxpress.com\\\/#website\"},\"primaryImageOfPage\":{\"@id\":\"https:\\\/\\\/chemsxpress.com\\\/product\\\/buy-2c-b-fly\\\/#primaryimage\"},\"image\":{\"@id\":\"https:\\\/\\\/chemsxpress.com\\\/product\\\/buy-2c-b-fly\\\/#primaryimage\"},\"thumbnailUrl\":\"https:\\\/\\\/chemsxpress.com\\\/wp-content\\\/uploads\\\/2024\\\/04\\\/2C-B-FLY-pellets-10mg.jpg\",\"datePublished\":\"2024-04-29T13:19:34+00:00\",\"dateModified\":\"2024-07-04T22:15:50+00:00\",\"description\":\"Buy 2C-B-FLY at ChemsXpress. Premium research chemicals, fast shipping. Trust our quality assurance for all your research needs. Order now\",\"breadcrumb\":{\"@id\":\"https:\\\/\\\/chemsxpress.com\\\/product\\\/buy-2c-b-fly\\\/#breadcrumb\"},\"inLanguage\":\"fr-FR\",\"potentialAction\":[{\"@type\":\"ReadAction\",\"target\":[\"https:\\\/\\\/chemsxpress.com\\\/product\\\/buy-2c-b-fly\\\/\"]}]},{\"@type\":\"ImageObject\",\"inLanguage\":\"fr-FR\",\"@id\":\"https:\\\/\\\/chemsxpress.com\\\/product\\\/buy-2c-b-fly\\\/#primaryimage\",\"url\":\"https:\\\/\\\/chemsxpress.com\\\/wp-content\\\/uploads\\\/2024\\\/04\\\/2C-B-FLY-pellets-10mg.jpg\",\"contentUrl\":\"https:\\\/\\\/chemsxpress.com\\\/wp-content\\\/uploads\\\/2024\\\/04\\\/2C-B-FLY-pellets-10mg.jpg\",\"width\":600,\"height\":600,\"caption\":\"Buy 2C-B-FLY\"},{\"@type\":\"BreadcrumbList\",\"@id\":\"https:\\\/\\\/chemsxpress.com\\\/product\\\/buy-2c-b-fly\\\/#breadcrumb\",\"itemListElement\":[{\"@type\":\"ListItem\",\"position\":1,\"name\":\"Home\",\"item\":\"https:\\\/\\\/chemsxpress.com\\\/\"},{\"@type\":\"ListItem\",\"position\":2,\"name\":\"Shop\",\"item\":\"https:\\\/\\\/chemsxpress.com\\\/shop\\\/\"},{\"@type\":\"ListItem\",\"position\":3,\"name\":\"2C-B-FLY pellets 10mg\"}]},{\"@type\":\"WebSite\",\"@id\":\"https:\\\/\\\/chemsxpress.com\\\/#website\",\"url\":\"https:\\\/\\\/chemsxpress.com\\\/\",\"name\":\"SHOP MDPHP\",\"description\":\"Buy MDPHP freebase from reliable supplier\",\"potentialAction\":[{\"@type\":\"SearchAction\",\"target\":{\"@type\":\"EntryPoint\",\"urlTemplate\":\"https:\\\/\\\/chemsxpress.com\\\/?s={search_term_string}\"},\"query-input\":{\"@type\":\"PropertyValueSpecification\",\"valueRequired\":true,\"valueName\":\"search_term_string\"}}],\"inLanguage\":\"fr-FR\"}]}<\/script>\n<!-- \/ Yoast SEO Premium plugin. -->","yoast_head_json":{"title":"Achat en ligne 2C-B-FLY\u00a0: RC de qualit\u00e9 sup\u00e9rieure | ChemsXpress","description":"Achetez des pastilles de 2C-D \u00e0 ChemsXpress. Produits chimiques de recherche de premi\u00e8re qualit\u00e9, livraison rapide. Faites confiance \u00e0 notre assurance qualit\u00e9 pour tous vos besoins de recherche. Commandez maintenant","robots":{"index":"index","follow":"follow","max-snippet":"max-snippet:-1","max-image-preview":"max-image-preview:large","max-video-preview":"max-video-preview:-1"},"canonical":"https:\/\/chemsxpress.com\/fr\/produit\/acheter-2c-b-fly\/","og_locale":"fr_FR","og_type":"article","og_title":"2C-B-FLY pellets 10mg","og_description":"Buy 2C-B-FLY at ChemsXpress. Premium research chemicals, fast shipping. Trust our quality assurance for all your research needs. Order now","og_url":"https:\/\/chemsxpress.com\/fr\/produit\/acheter-2c-b-fly\/","og_site_name":"SHOP MDPHP","article_modified_time":"2024-07-04T22:15:50+00:00","og_image":[{"width":600,"height":600,"url":"https:\/\/chemsxpress.com\/wp-content\/uploads\/2024\/04\/2C-B-FLY-pellets-10mg.jpg","type":"image\/jpeg"}],"twitter_card":"summary_large_image","twitter_misc":{"Dur\u00e9e de lecture estim\u00e9e":"2 minutes"},"schema":{"@context":"https:\/\/schema.org","@graph":[{"@type":"WebPage","@id":"https:\/\/chemsxpress.com\/product\/buy-2c-b-fly\/","url":"https:\/\/chemsxpress.com\/product\/buy-2c-b-fly\/","name":"Achat en ligne 2C-B-FLY\u00a0: RC de qualit\u00e9 sup\u00e9rieure | ChemsXpress","isPartOf":{"@id":"https:\/\/chemsxpress.com\/#website"},"primaryImageOfPage":{"@id":"https:\/\/chemsxpress.com\/product\/buy-2c-b-fly\/#primaryimage"},"image":{"@id":"https:\/\/chemsxpress.com\/product\/buy-2c-b-fly\/#primaryimage"},"thumbnailUrl":"https:\/\/chemsxpress.com\/wp-content\/uploads\/2024\/04\/2C-B-FLY-pellets-10mg.jpg","datePublished":"2024-04-29T13:19:34+00:00","dateModified":"2024-07-04T22:15:50+00:00","description":"Achetez des pastilles de 2C-D \u00e0 ChemsXpress. Produits chimiques de recherche de premi\u00e8re qualit\u00e9, livraison rapide. Faites confiance \u00e0 notre assurance qualit\u00e9 pour tous vos besoins de recherche. Commandez maintenant","breadcrumb":{"@id":"https:\/\/chemsxpress.com\/product\/buy-2c-b-fly\/#breadcrumb"},"inLanguage":"fr-FR","potentialAction":[{"@type":"ReadAction","target":["https:\/\/chemsxpress.com\/product\/buy-2c-b-fly\/"]}]},{"@type":"ImageObject","inLanguage":"fr-FR","@id":"https:\/\/chemsxpress.com\/product\/buy-2c-b-fly\/#primaryimage","url":"https:\/\/chemsxpress.com\/wp-content\/uploads\/2024\/04\/2C-B-FLY-pellets-10mg.jpg","contentUrl":"https:\/\/chemsxpress.com\/wp-content\/uploads\/2024\/04\/2C-B-FLY-pellets-10mg.jpg","width":600,"height":600,"caption":"Buy 2C-B-FLY"},{"@type":"BreadcrumbList","@id":"https:\/\/chemsxpress.com\/product\/buy-2c-b-fly\/#breadcrumb","itemListElement":[{"@type":"ListItem","position":1,"name":"Home","item":"https:\/\/chemsxpress.com\/"},{"@type":"ListItem","position":2,"name":"Shop","item":"https:\/\/chemsxpress.com\/shop\/"},{"@type":"ListItem","position":3,"name":"2C-B-FLY pellets 10mg"}]},{"@type":"WebSite","@id":"https:\/\/chemsxpress.com\/#website","url":"https:\/\/chemsxpress.com\/","name":"SHOP MDPHP","description":"Acheter MDPHP freebase aupr\u00e8s d'un fournisseur fiable","potentialAction":[{"@type":"SearchAction","target":{"@type":"EntryPoint","urlTemplate":"https:\/\/chemsxpress.com\/?s={search_term_string}"},"query-input":{"@type":"PropertyValueSpecification","valueRequired":true,"valueName":"search_term_string"}}],"inLanguage":"fr-FR"}]}},"jetpack_sharing_enabled":true,"_links":{"self":[{"href":"https:\/\/chemsxpress.com\/fr\/wp-json\/wp\/v2\/product\/28943","targetHints":{"allow":["GET"]}}],"collection":[{"href":"https:\/\/chemsxpress.com\/fr\/wp-json\/wp\/v2\/product"}],"about":[{"href":"https:\/\/chemsxpress.com\/fr\/wp-json\/wp\/v2\/types\/product"}],"replies":[{"embeddable":true,"href":"https:\/\/chemsxpress.com\/fr\/wp-json\/wp\/v2\/comments?post=28943"}],"version-history":[{"count":4,"href":"https:\/\/chemsxpress.com\/fr\/wp-json\/wp\/v2\/product\/28943\/revisions"}],"predecessor-version":[{"id":30016,"href":"https:\/\/chemsxpress.com\/fr\/wp-json\/wp\/v2\/product\/28943\/revisions\/30016"}],"wp:featuredmedia":[{"embeddable":true,"href":"https:\/\/chemsxpress.com\/fr\/wp-json\/wp\/v2\/media\/29026"}],"wp:attachment":[{"href":"https:\/\/chemsxpress.com\/fr\/wp-json\/wp\/v2\/media?parent=28943"}],"wp:term":[{"taxonomy":"product_brand","embeddable":true,"href":"https:\/\/chemsxpress.com\/fr\/wp-json\/wp\/v2\/product_brand?post=28943"},{"taxonomy":"product_cat","embeddable":true,"href":"https:\/\/chemsxpress.com\/fr\/wp-json\/wp\/v2\/product_cat?post=28943"},{"taxonomy":"product_tag","embeddable":true,"href":"https:\/\/chemsxpress.com\/fr\/wp-json\/wp\/v2\/product_tag?post=28943"}],"curies":[{"name":"wp","href":"https:\/\/api.w.org\/{rel}","templated":true}]}}