{"id":28944,"date":"2024-04-29T13:19:34","date_gmt":"2024-04-29T13:19:34","guid":{"rendered":"https:\/\/chemsxpress.com\/?post_type=product&#038;p=28944"},"modified":"2024-07-04T22:12:33","modified_gmt":"2024-07-04T22:12:33","slug":"acheter-bk-2c-b-hcl","status":"publish","type":"product","link":"https:\/\/chemsxpress.com\/fr\/produit\/acheter-bk-2c-b-hcl\/","title":{"rendered":"bk-2C-B HCL"},"content":{"rendered":"<h2><strong>Informations g\u00e9n\u00e9rales sur bk-2C-B HCL<\/strong><\/h2>\n<p><strong>Acheter bk-2C-B HCL<\/strong>\u00a0est un produit chimique de recherche de planificateurs, plus explicitement une cathinone simple de la substance contr\u00f4l\u00e9e 2C-B (2,5-dim\u00e9thoxy-4-bromoph\u00e9n\u00e9thylamine), qu'Alexander Shulgin a incorpor\u00e9e pour la premi\u00e8re fois. On ne sait pas qui a synth\u00e9tis\u00e9 le bk-2C-B pour la premi\u00e8re fois, mais il \u00e9tait d\u00e9j\u00e0 disponible \u00e0 la mi-2013 en tant que produit chimique d'exploration sportive.<\/p>\n<p>Au cours des ann\u00e9es, quelques articles r\u00e9v\u00e9lant des caract\u00e9risations analytiques de la substance sont apparus. Elle est propos\u00e9e sur des sites internet et est nomm\u00e9e examen hallucinog\u00e8ne de synth\u00e8se.<\/p>\n<p>Depuis le 12 octobre 2016, le bk-2C-B est devenu une substance r\u00e9glement\u00e9e au Canada (calendrier III). Il est \u00e9galement ill\u00e9gal en Allemagne, en Suisse et dans le Royaume unifi\u00e9.<\/p>\n<h3><strong>Composition chimique de bk-2C-B HCL<\/strong><\/h3>\n<p>Son nom conventionnel est 2-amino-1-(4-Bromo-2, 5-dim\u00e9thoxy ph\u00e9nyl)-\u00e9thanone, monohydrochloride, et son \u00e9quation subatomique est C10H12BrNO3 - HCl.<\/p>\n<p>Bk-2C-B est une ph\u00e9n\u00e9thylamine substitu\u00e9e. Elle pr\u00e9sente des substituants m\u00e9thoxy aux positions R2 et R5 et du brome \u00e0 la position R4. Un groupe c\u00e9tonique est disponible en position b\u00eata (\u03b2) \u00e0 partir du groupe amine utile associ\u00e9 au carbone alpha (\u03b1), d'o\u00f9 son nom indiquant qu'il s'agit d'un simple primaire de 2C-B. En raison de la r\u00e9union utile de la c\u00e9tone, elle est souvent appel\u00e9e cathinone substitu\u00e9e.<\/p>\n<h3><strong>Pharmacologie bk-2C-B HCL<\/strong><\/h3>\n<p>Le Bk-2C-B agit probablement comme un agoniste de la voie 5-HT2A. Il est admis que les effets psych\u00e9d\u00e9liques proviennent de sa viabilit\u00e9 au niveau des r\u00e9cepteurs 5-HT2A. Cependant, le r\u00f4le de ces connexions et la mani\u00e8re dont elles provoquent l'exp\u00e9rience psych\u00e9d\u00e9lique restent insaisissables.<\/p>\n<p>Bk-2C-B, ou b\u00eata-c\u00e9to 2C-B, est une ph\u00e9n\u00e9thylamine subordonn\u00e9e mettant en \u00e9vidence un anneau ph\u00e9nyle li\u00e9 \u00e0 un groupe amino (NH2) par l'interm\u00e9diaire d'une cha\u00eene \u00e9thyle. Le Bk-2C-B contient le design du 2C-B sous-bord\u00e9 avec un bouquet c\u00e9tonique sur le carbone b\u00eata de la construction (R1). En outre, bk-2C-B comprend des groupements utilitaires m\u00e9thoxy CH3O reli\u00e9s aux carbones R2 et R5 et une mol\u00e9cule de brome reli\u00e9e au carbone R4 de l'anneau ph\u00e9nyle.<\/p>\n<p>Bk-2C-B fait partie du groupe 2C des ph\u00e9n\u00e9thylamines qui contiennent des grappes de m\u00e9thoxy sur les positions 2-5 de l'anneau benz\u00e9nique.<\/p>\n<h3><strong>Bk-2C-B HCL de haute qualit\u00e9<\/strong><\/h3>\n<p><strong>Panac\u00e9e Chems<\/strong>\u00a0a de nombreuses ann\u00e9es d'exp\u00e9rience dans l'industrie de la conception de produits chimiques de recherche, ce qui nous permet de garantir la plus haute qualit\u00e9 de ces produits chimiques de recherche. L'\u00e9quipe de recherche chimique vend bk-2C-B HCL.\u00a0<strong>Recherche de produits chimiques<\/strong>Les produits chimiques utilis\u00e9s pour la recherche, y compris les HCL bk-2C-B, r\u00e9pondent \u00e0 toutes les exigences de s\u00e9curit\u00e9. Les produits chimiques utilis\u00e9s pour la recherche sont soigneusement distribu\u00e9s et stock\u00e9s dans un endroit frais et sec.<\/p>\n<p>Tous les produits sont r\u00e9guli\u00e8rement contr\u00f4l\u00e9s pour en v\u00e9rifier la qualit\u00e9, la puret\u00e9 et la s\u00e9curit\u00e9. Conservez toujours le bk-2C-B HCL \u00e0 temp\u00e9rature ambiante et hors de port\u00e9e des enfants et des animaux domestiques. Notre bk-2C-B HCL n'est pas destin\u00e9 \u00e0 un usage personnel. Il est destin\u00e9 uniquement \u00e0 la recherche.<\/p>\n<p>Il ne doit pas \u00eatre m\u00e9lang\u00e9 avec de l'alcool ou des produits chimiques de recherche lors de la recherche de ce produit chimique de recherche !<\/p>\n<p>Tous nos produits ont un prix \u00e9quitable !<\/p>\n<h3><strong>Le laboratoire a test\u00e9 le bk-2C-B HCL et a obtenu des r\u00e9sultats.<\/strong><\/h3>\n<p>Remakes progresse vers la satisfaction g\u00e9n\u00e9rale de ses clients. Diff\u00e9rents examens ont montr\u00e9 que les clients demandent autant de donn\u00e9es que pr\u00e9vu avant d'acheter des produits chimiques de recherche synth\u00e9tiques. En outre, nous publions toutes les cons\u00e9quences de laboratoire de chaque compos\u00e9 d'examen sur une fiche PDF.<\/p>\n<p>Notre\u00a0<strong>bk-2C-B HCL Poudre<\/strong>\u00a0contient de mani\u00e8re coh\u00e9rente les ingr\u00e9dients actifs et peut \u00eatre vu directement par tout le monde.<\/p>\n<p>Nous distribuons toutes les cons\u00e9quences de laboratoire de chaque produit chimique de recherche sur un document PDF.<\/p>\n<h3><strong>Commander en toute s\u00e9curit\u00e9 aupr\u00e8s de bk-2C-B HCL.<\/strong><\/h3>\n<p>Les produits chimiques de recherche Chems Xpress sont d'excellente qualit\u00e9 et leur co\u00fbt est raisonnable. Par cons\u00e9quent, lorsque vous demandez vos produits chimiques de recherche \u00e0 <a href=\"https:\/\/chemsxpress.com\/fr\/categorie-produit\/produits-chimiques-de-recherche\/\">ChemsXpress,<\/a> nous vous garantissons un acheminement rapide et s\u00e9curis\u00e9 de votre demande \u00e0 votre domicile, la vente de produits chimiques de recherche \u00e9tant toujours disponible sur notre site.<\/p>\n<p>Il est facile de demander des compos\u00e9s de recherche synth\u00e9tiques par Bitcoin ou par virement bancaire au ChemsXpress.<\/p>\n<p>Nous exp\u00e9dions les poudres chimiques de recherche le m\u00eame jour ouvrable si le paiement est re\u00e7u avant 15h00 CEST.<\/p>\n<p>Nous ne fournissons pas d'articles aux personnes de moins de 18 ans !<\/p>\n<p>La vente de produits chimiques de recherche n'a lieu qu'\u00e0 des fins de recherche.<\/p>\n<p>&nbsp;<\/p>\n<h3><strong>Exp\u00e9dition discr\u00e8te de produits chimiques destin\u00e9s \u00e0 la recherche.<\/strong><\/h3>\n<p><a href=\"https:\/\/chemsxpress.com\/fr\/\">ChemsXpress<\/a> emballera votre commande de mani\u00e8re s\u00fbre et s\u00e9curis\u00e9e afin d'assurer un transport ad\u00e9quat. De plus, nous emballons en toute discr\u00e9tion et aucun signe de ce qui pourrait se trouver \u00e0 l'int\u00e9rieur ne sera visible \u00e0 l'ext\u00e9rieur.<\/p>\n<h3><strong>Pr\u00e9cautions<\/strong><\/h3>\n<ul>\n<li>Achetez bk-2C-B HCL les \u00e9quipements de protection individuelle appropri\u00e9s, tels que des lunettes et des gants. Nettoyez-les et entretenez-les de mani\u00e8re appropri\u00e9e. Suivez des syst\u00e8mes s\u00fbrs lorsque vous manipulez des produits chimiques destin\u00e9s \u00e0 la recherche et ne prenez pas de raccourcis.<\/li>\n<li>Si le produit chimique de recherche entre en contact avec les yeux, rincer abondamment et \u00e9liminer les lentilles de contact si elles sont essentielles.<\/li>\n<li>Essayez d'utiliser un masque lorsque vous utilisez ces produits chimiques afin qu'ils ne p\u00e9n\u00e8trent pas \u00e0 l'int\u00e9rieur de vous lorsque vous respirez.<\/li>\n<li>Comme l'indiquent les m\u00e9thodes soutenues, manipulez, stockez et \u00e9liminez les mati\u00e8res dangereuses en toute s\u00e9curit\u00e9. Ne jamais les d\u00e9verser dans les \u00e9gouts ou les canaux.<\/li>\n<li>Stockez les produits chimiques de recherche de mani\u00e8re appropri\u00e9e, comme indiqu\u00e9 sur leur nom. Les produits chimiques inflammables doivent \u00eatre rang\u00e9s dans un excellent cannabis sec, \u00e0 l'abri de l'intensit\u00e9 et de la lumi\u00e8re du jour. Quelques produits synth\u00e9tiques, comme les acides, doivent \u00eatre rang\u00e9s ind\u00e9pendamment les uns des autres.<\/li>\n<li>Panacea Chems est propos\u00e9 \u00e0 des fins de recherche ; la consommation humaine est fortement interdite.<\/li>\n<\/ul>","protected":false},"excerpt":{"rendered":"<p><strong>Nom IUPAC :<\/strong><\/p>\n<p>Monochlorhydrate de 2-amino-1-(4-bromo-2,5-dim\u00e9thoxyph\u00e9nyl)-\u00e9thanone<\/p>\n<p><strong>CAS #<\/strong><\/p>\n<p>807631-09-0<\/p>\n<p><strong>Autre nom :<\/strong><\/p>\n<p>bk-4-Bromo-2,5-dim\u00e9thoxyph\u00e9n\u00e9thylamine<\/p>\n<p><strong>Apparence :<\/strong><\/p>\n<p>poudre<\/p>\n<p><strong>Forme :<\/strong><\/p>\n<p>HCL<\/p>\n<p><strong>Analyse RMN :<\/strong><\/p>\n<p>C10H12BrNO3<\/p>","protected":false},"featured_media":29028,"comment_status":"open","ping_status":"closed","template":"","meta":[],"product_brand":[],"product_cat":[90],"product_tag":[],"class_list":{"0":"post-28944","1":"product","2":"type-product","3":"status-publish","4":"has-post-thumbnail","6":"product_cat-phenethylamine-derivates","8":"first","9":"instock","10":"shipping-taxable","11":"purchasable","12":"product-type-variable"},"yoast_head":"<!-- This site is optimized with the Yoast SEO Premium plugin v24.1 (Yoast SEO v27.4) - https:\/\/yoast.com\/product\/yoast-seo-premium-wordpress\/ -->\n<title>Buy bk-2C-B HCL Online: Premium Quality RC&#039;s | ChemsXpress<\/title>\n<meta name=\"description\" content=\"Explore bk-2C-B HCL at ChemsXpress. Premium research chemicals, fast shipping. Trust our quality assurance for all your research needs. Order now\" \/>\n<meta name=\"robots\" content=\"index, follow, max-snippet:-1, max-image-preview:large, max-video-preview:-1\" \/>\n<link rel=\"canonical\" href=\"https:\/\/chemsxpress.com\/fr\/produit\/acheter-bk-2c-b-hcl\/\" \/>\n<meta property=\"og:locale\" content=\"fr_FR\" \/>\n<meta property=\"og:type\" content=\"article\" \/>\n<meta property=\"og:title\" content=\"bk-2C-B HCL\" \/>\n<meta property=\"og:description\" content=\"Explore bk-2C-B HCL at ChemsXpress. Premium research chemicals, fast shipping. Trust our quality assurance for all your research needs. Order now\" \/>\n<meta property=\"og:url\" content=\"https:\/\/chemsxpress.com\/fr\/produit\/acheter-bk-2c-b-hcl\/\" \/>\n<meta property=\"og:site_name\" content=\"SHOP MDPHP\" \/>\n<meta property=\"article:modified_time\" content=\"2024-07-04T22:12:33+00:00\" \/>\n<meta property=\"og:image\" content=\"https:\/\/chemsxpress.com\/wp-content\/uploads\/2024\/04\/bk-2C-B-HCL.jpg\" \/>\n\t<meta property=\"og:image:width\" content=\"600\" \/>\n\t<meta property=\"og:image:height\" content=\"600\" \/>\n\t<meta property=\"og:image:type\" content=\"image\/jpeg\" \/>\n<meta name=\"twitter:card\" content=\"summary_large_image\" \/>\n<meta name=\"twitter:label1\" content=\"Dur\u00e9e de lecture estim\u00e9e\" \/>\n\t<meta name=\"twitter:data1\" content=\"4 minutes\" \/>\n<script type=\"application\/ld+json\" class=\"yoast-schema-graph\">{\"@context\":\"https:\\\/\\\/schema.org\",\"@graph\":[{\"@type\":\"WebPage\",\"@id\":\"https:\\\/\\\/chemsxpress.com\\\/product\\\/buy-bk-2c-b-hcl\\\/\",\"url\":\"https:\\\/\\\/chemsxpress.com\\\/product\\\/buy-bk-2c-b-hcl\\\/\",\"name\":\"Buy bk-2C-B HCL Online: Premium Quality RC's | ChemsXpress\",\"isPartOf\":{\"@id\":\"https:\\\/\\\/chemsxpress.com\\\/#website\"},\"primaryImageOfPage\":{\"@id\":\"https:\\\/\\\/chemsxpress.com\\\/product\\\/buy-bk-2c-b-hcl\\\/#primaryimage\"},\"image\":{\"@id\":\"https:\\\/\\\/chemsxpress.com\\\/product\\\/buy-bk-2c-b-hcl\\\/#primaryimage\"},\"thumbnailUrl\":\"https:\\\/\\\/chemsxpress.com\\\/wp-content\\\/uploads\\\/2024\\\/04\\\/bk-2C-B-HCL.jpg\",\"datePublished\":\"2024-04-29T13:19:34+00:00\",\"dateModified\":\"2024-07-04T22:12:33+00:00\",\"description\":\"Explore bk-2C-B HCL at ChemsXpress. Premium research chemicals, fast shipping. Trust our quality assurance for all your research needs. Order now\",\"breadcrumb\":{\"@id\":\"https:\\\/\\\/chemsxpress.com\\\/product\\\/buy-bk-2c-b-hcl\\\/#breadcrumb\"},\"inLanguage\":\"fr-FR\",\"potentialAction\":[{\"@type\":\"ReadAction\",\"target\":[\"https:\\\/\\\/chemsxpress.com\\\/product\\\/buy-bk-2c-b-hcl\\\/\"]}]},{\"@type\":\"ImageObject\",\"inLanguage\":\"fr-FR\",\"@id\":\"https:\\\/\\\/chemsxpress.com\\\/product\\\/buy-bk-2c-b-hcl\\\/#primaryimage\",\"url\":\"https:\\\/\\\/chemsxpress.com\\\/wp-content\\\/uploads\\\/2024\\\/04\\\/bk-2C-B-HCL.jpg\",\"contentUrl\":\"https:\\\/\\\/chemsxpress.com\\\/wp-content\\\/uploads\\\/2024\\\/04\\\/bk-2C-B-HCL.jpg\",\"width\":600,\"height\":600,\"caption\":\"Buy bk-2C-B HCL\"},{\"@type\":\"BreadcrumbList\",\"@id\":\"https:\\\/\\\/chemsxpress.com\\\/product\\\/buy-bk-2c-b-hcl\\\/#breadcrumb\",\"itemListElement\":[{\"@type\":\"ListItem\",\"position\":1,\"name\":\"Home\",\"item\":\"https:\\\/\\\/chemsxpress.com\\\/\"},{\"@type\":\"ListItem\",\"position\":2,\"name\":\"Shop\",\"item\":\"https:\\\/\\\/chemsxpress.com\\\/shop\\\/\"},{\"@type\":\"ListItem\",\"position\":3,\"name\":\"bk-2C-B HCL\"}]},{\"@type\":\"WebSite\",\"@id\":\"https:\\\/\\\/chemsxpress.com\\\/#website\",\"url\":\"https:\\\/\\\/chemsxpress.com\\\/\",\"name\":\"SHOP MDPHP\",\"description\":\"Buy MDPHP freebase from reliable supplier\",\"potentialAction\":[{\"@type\":\"SearchAction\",\"target\":{\"@type\":\"EntryPoint\",\"urlTemplate\":\"https:\\\/\\\/chemsxpress.com\\\/?s={search_term_string}\"},\"query-input\":{\"@type\":\"PropertyValueSpecification\",\"valueRequired\":true,\"valueName\":\"search_term_string\"}}],\"inLanguage\":\"fr-FR\"}]}<\/script>\n<!-- \/ Yoast SEO Premium plugin. -->","yoast_head_json":{"title":"Achetez du HXE HCL de qualit\u00e9 en ligne\u00a0: RC premium | ChemsXpress","description":"Achetez des pastilles de 2C-D \u00e0 ChemsXpress. Produits chimiques de recherche de premi\u00e8re qualit\u00e9, livraison rapide. Faites confiance \u00e0 notre assurance qualit\u00e9 pour tous vos besoins de recherche. Commandez maintenant","robots":{"index":"index","follow":"follow","max-snippet":"max-snippet:-1","max-image-preview":"max-image-preview:large","max-video-preview":"max-video-preview:-1"},"canonical":"https:\/\/chemsxpress.com\/fr\/produit\/acheter-bk-2c-b-hcl\/","og_locale":"fr_FR","og_type":"article","og_title":"bk-2C-B HCL","og_description":"Explore bk-2C-B HCL at ChemsXpress. Premium research chemicals, fast shipping. Trust our quality assurance for all your research needs. Order now","og_url":"https:\/\/chemsxpress.com\/fr\/produit\/acheter-bk-2c-b-hcl\/","og_site_name":"SHOP MDPHP","article_modified_time":"2024-07-04T22:12:33+00:00","og_image":[{"width":600,"height":600,"url":"https:\/\/chemsxpress.com\/wp-content\/uploads\/2024\/04\/bk-2C-B-HCL.jpg","type":"image\/jpeg"}],"twitter_card":"summary_large_image","twitter_misc":{"Dur\u00e9e de lecture estim\u00e9e":"4 minutes"},"schema":{"@context":"https:\/\/schema.org","@graph":[{"@type":"WebPage","@id":"https:\/\/chemsxpress.com\/product\/buy-bk-2c-b-hcl\/","url":"https:\/\/chemsxpress.com\/product\/buy-bk-2c-b-hcl\/","name":"Achetez du HXE HCL de qualit\u00e9 en ligne\u00a0: RC premium | ChemsXpress","isPartOf":{"@id":"https:\/\/chemsxpress.com\/#website"},"primaryImageOfPage":{"@id":"https:\/\/chemsxpress.com\/product\/buy-bk-2c-b-hcl\/#primaryimage"},"image":{"@id":"https:\/\/chemsxpress.com\/product\/buy-bk-2c-b-hcl\/#primaryimage"},"thumbnailUrl":"https:\/\/chemsxpress.com\/wp-content\/uploads\/2024\/04\/bk-2C-B-HCL.jpg","datePublished":"2024-04-29T13:19:34+00:00","dateModified":"2024-07-04T22:12:33+00:00","description":"Achetez des pastilles de 2C-D \u00e0 ChemsXpress. Produits chimiques de recherche de premi\u00e8re qualit\u00e9, livraison rapide. Faites confiance \u00e0 notre assurance qualit\u00e9 pour tous vos besoins de recherche. Commandez maintenant","breadcrumb":{"@id":"https:\/\/chemsxpress.com\/product\/buy-bk-2c-b-hcl\/#breadcrumb"},"inLanguage":"fr-FR","potentialAction":[{"@type":"ReadAction","target":["https:\/\/chemsxpress.com\/product\/buy-bk-2c-b-hcl\/"]}]},{"@type":"ImageObject","inLanguage":"fr-FR","@id":"https:\/\/chemsxpress.com\/product\/buy-bk-2c-b-hcl\/#primaryimage","url":"https:\/\/chemsxpress.com\/wp-content\/uploads\/2024\/04\/bk-2C-B-HCL.jpg","contentUrl":"https:\/\/chemsxpress.com\/wp-content\/uploads\/2024\/04\/bk-2C-B-HCL.jpg","width":600,"height":600,"caption":"Buy bk-2C-B HCL"},{"@type":"BreadcrumbList","@id":"https:\/\/chemsxpress.com\/product\/buy-bk-2c-b-hcl\/#breadcrumb","itemListElement":[{"@type":"ListItem","position":1,"name":"Home","item":"https:\/\/chemsxpress.com\/"},{"@type":"ListItem","position":2,"name":"Shop","item":"https:\/\/chemsxpress.com\/shop\/"},{"@type":"ListItem","position":3,"name":"bk-2C-B HCL"}]},{"@type":"WebSite","@id":"https:\/\/chemsxpress.com\/#website","url":"https:\/\/chemsxpress.com\/","name":"SHOP MDPHP","description":"Acheter MDPHP freebase aupr\u00e8s d'un fournisseur fiable","potentialAction":[{"@type":"SearchAction","target":{"@type":"EntryPoint","urlTemplate":"https:\/\/chemsxpress.com\/?s={search_term_string}"},"query-input":{"@type":"PropertyValueSpecification","valueRequired":true,"valueName":"search_term_string"}}],"inLanguage":"fr-FR"}]}},"jetpack_sharing_enabled":true,"_links":{"self":[{"href":"https:\/\/chemsxpress.com\/fr\/wp-json\/wp\/v2\/product\/28944","targetHints":{"allow":["GET"]}}],"collection":[{"href":"https:\/\/chemsxpress.com\/fr\/wp-json\/wp\/v2\/product"}],"about":[{"href":"https:\/\/chemsxpress.com\/fr\/wp-json\/wp\/v2\/types\/product"}],"replies":[{"embeddable":true,"href":"https:\/\/chemsxpress.com\/fr\/wp-json\/wp\/v2\/comments?post=28944"}],"version-history":[{"count":4,"href":"https:\/\/chemsxpress.com\/fr\/wp-json\/wp\/v2\/product\/28944\/revisions"}],"predecessor-version":[{"id":30013,"href":"https:\/\/chemsxpress.com\/fr\/wp-json\/wp\/v2\/product\/28944\/revisions\/30013"}],"wp:featuredmedia":[{"embeddable":true,"href":"https:\/\/chemsxpress.com\/fr\/wp-json\/wp\/v2\/media\/29028"}],"wp:attachment":[{"href":"https:\/\/chemsxpress.com\/fr\/wp-json\/wp\/v2\/media?parent=28944"}],"wp:term":[{"taxonomy":"product_brand","embeddable":true,"href":"https:\/\/chemsxpress.com\/fr\/wp-json\/wp\/v2\/product_brand?post=28944"},{"taxonomy":"product_cat","embeddable":true,"href":"https:\/\/chemsxpress.com\/fr\/wp-json\/wp\/v2\/product_cat?post=28944"},{"taxonomy":"product_tag","embeddable":true,"href":"https:\/\/chemsxpress.com\/fr\/wp-json\/wp\/v2\/product_tag?post=28944"}],"curies":[{"name":"wp","href":"https:\/\/api.w.org\/{rel}","templated":true}]}}