{"id":28946,"date":"2024-04-29T13:19:34","date_gmt":"2024-04-29T13:19:34","guid":{"rendered":"https:\/\/chemsxpress.com\/?post_type=product&#038;p=28946"},"modified":"2025-05-27T20:01:28","modified_gmt":"2025-05-27T20:01:28","slug":"acheter-25e-nboh-en-ligne","status":"publish","type":"product","link":"https:\/\/chemsxpress.com\/fr\/produit\/acheter-25e-nboh-en-ligne\/","title":{"rendered":"25E-NBOH"},"content":{"rendered":"<h1>Acheter 25E-NBOH en ligne.<\/h1>\n<p>Buy 25E-NBOH Online, \u00e9galement connu sous le nom de 2C-E-NBOH ou NBOH-2C-E, est un d\u00e9riv\u00e9 synth\u00e9tique de la ph\u00e9n\u00e9thylamine et un puissant compos\u00e9 psych\u00e9d\u00e9lique. Il appartient \u00e0 la classe des psych\u00e9d\u00e9liques NBOH et est structurellement apparent\u00e9 \u00e0 la famille des ph\u00e9n\u00e9thylamines 2C, en particulier le 2C-E.<\/p>\n<p>ChemsXpress propose le 25E-NBOH comme produit chimique de recherche pour l'exploration scientifique. Notre 25E-NBOH est synth\u00e9tis\u00e9 \u00e0 l'aide de techniques avanc\u00e9es et subit des tests rigoureux pour garantir sa puret\u00e9 et sa puissance. Les chercheurs peuvent faire confiance \u00e0 ChemsXpress pour obtenir du 25E-NBOH de haute qualit\u00e9 pour leurs recherches.<\/p>\n<p>Les effets du 25E-NBOH seraient similaires \u00e0 ceux d'autres psych\u00e9d\u00e9liques, y compris des alt\u00e9rations de la perception, de l'humeur et de la conscience. Cependant, en raison de sa puissance, m\u00eame de petites doses de 25E-NBOH peuvent produire des exp\u00e9riences psych\u00e9d\u00e9liques intenses. Les chercheurs int\u00e9ress\u00e9s par l'\u00e9tude des effets pharmacologiques et des applications th\u00e9rapeutiques potentielles du 25E-NBOH doivent le manipuler avec pr\u00e9caution et respecter des protocoles de s\u00e9curit\u00e9 stricts.<\/p>\n<p>Bien que le 25E-NBOH soit un outil de recherche prometteur, son utilisation pour la consommation humaine n'est pas approuv\u00e9e par les autorit\u00e9s r\u00e9glementaires. Les chercheurs doivent mener leurs \u00e9tudes avec prudence et s'assurer qu'ils respectent toutes les lois et r\u00e9glementations en vigueur.<\/p>\n<h2>O\u00f9 acheter 25E-NBOH en ligne ?<\/h2>\n<p><a href=\"https:\/\/chemsxpress.com\/fr\/\">ChemsXpress<\/a> se consacre au soutien de la recherche scientifique et de l'innovation en fournissant aux chercheurs un acc\u00e8s \u00e0 des produits chimiques de recherche de premi\u00e8re qualit\u00e9. Explorez notre vaste catalogue de produits chimiques de recherche, y compris le 25E-NBOH, et embarquez pour votre voyage scientifique en toute confiance. <a href=\"https:\/\/chemsxpress.com\/fr\/\">ChemsXpress.<\/a><\/p>","protected":false},"excerpt":{"rendered":"<p><strong>IUPAC-Name: <\/strong>2-({[2-(4-Ethyl-2,5-dimethoxyphenyl)ethyl]amino}methyl)phenol<\/p>\n<p><strong>NMR Analysis: <\/strong>C19H25NO3<\/p>\n","protected":false},"featured_media":29032,"comment_status":"open","ping_status":"closed","template":"","meta":[],"product_brand":[],"product_cat":[90],"product_tag":[],"class_list":{"0":"post-28946","1":"product","2":"type-product","3":"status-publish","4":"has-post-thumbnail","6":"product_cat-phenethylamine-derivates","8":"first","9":"instock","10":"shipping-taxable","11":"purchasable","12":"product-type-variable"},"yoast_head":"<!-- This site is optimized with the Yoast SEO Premium plugin v24.1 (Yoast SEO v27.4) - https:\/\/yoast.com\/product\/yoast-seo-premium-wordpress\/ -->\n<title>Buy 25E-NBOH: High-Quality Research Chemicals | ChemsXpress<\/title>\n<meta name=\"description\" content=\"Explore the potent psychedelic compound buy 25E-NBOH online at ChemsXpress. Trust our quality assurance for all your research needs.\" \/>\n<meta name=\"robots\" content=\"index, follow, max-snippet:-1, max-image-preview:large, max-video-preview:-1\" \/>\n<link rel=\"canonical\" href=\"https:\/\/chemsxpress.com\/fr\/produit\/acheter-25e-nboh-en-ligne\/\" \/>\n<meta property=\"og:locale\" content=\"fr_FR\" \/>\n<meta property=\"og:type\" content=\"article\" \/>\n<meta property=\"og:title\" content=\"25E-NBOH\" \/>\n<meta property=\"og:description\" content=\"Explore the potent psychedelic compound buy 25E-NBOH online at ChemsXpress. Trust our quality assurance for all your research needs.\" \/>\n<meta property=\"og:url\" content=\"https:\/\/chemsxpress.com\/fr\/produit\/acheter-25e-nboh-en-ligne\/\" \/>\n<meta property=\"og:site_name\" content=\"SHOP MDPHP\" \/>\n<meta property=\"article:modified_time\" content=\"2025-05-27T20:01:28+00:00\" \/>\n<meta property=\"og:image\" content=\"https:\/\/chemsxpress.com\/wp-content\/uploads\/2024\/04\/25E-NBOH.jpg\" \/>\n\t<meta property=\"og:image:width\" content=\"600\" \/>\n\t<meta property=\"og:image:height\" content=\"600\" \/>\n\t<meta property=\"og:image:type\" content=\"image\/jpeg\" \/>\n<meta name=\"twitter:card\" content=\"summary_large_image\" \/>\n<meta name=\"twitter:label1\" content=\"Dur\u00e9e de lecture estim\u00e9e\" \/>\n\t<meta name=\"twitter:data1\" content=\"2 minutes\" \/>\n<script type=\"application\/ld+json\" class=\"yoast-schema-graph\">{\"@context\":\"https:\\\/\\\/schema.org\",\"@graph\":[{\"@type\":\"WebPage\",\"@id\":\"https:\\\/\\\/chemsxpress.com\\\/product\\\/buy-25e-nboh-online\\\/\",\"url\":\"https:\\\/\\\/chemsxpress.com\\\/product\\\/buy-25e-nboh-online\\\/\",\"name\":\"Buy 25E-NBOH: High-Quality Research Chemicals | ChemsXpress\",\"isPartOf\":{\"@id\":\"https:\\\/\\\/chemsxpress.com\\\/#website\"},\"primaryImageOfPage\":{\"@id\":\"https:\\\/\\\/chemsxpress.com\\\/product\\\/buy-25e-nboh-online\\\/#primaryimage\"},\"image\":{\"@id\":\"https:\\\/\\\/chemsxpress.com\\\/product\\\/buy-25e-nboh-online\\\/#primaryimage\"},\"thumbnailUrl\":\"https:\\\/\\\/chemsxpress.com\\\/wp-content\\\/uploads\\\/2024\\\/04\\\/25E-NBOH.jpg\",\"datePublished\":\"2024-04-29T13:19:34+00:00\",\"dateModified\":\"2025-05-27T20:01:28+00:00\",\"description\":\"Explore the potent psychedelic compound buy 25E-NBOH online at ChemsXpress. Trust our quality assurance for all your research needs.\",\"breadcrumb\":{\"@id\":\"https:\\\/\\\/chemsxpress.com\\\/product\\\/buy-25e-nboh-online\\\/#breadcrumb\"},\"inLanguage\":\"fr-FR\",\"potentialAction\":[{\"@type\":\"ReadAction\",\"target\":[\"https:\\\/\\\/chemsxpress.com\\\/product\\\/buy-25e-nboh-online\\\/\"]}]},{\"@type\":\"ImageObject\",\"inLanguage\":\"fr-FR\",\"@id\":\"https:\\\/\\\/chemsxpress.com\\\/product\\\/buy-25e-nboh-online\\\/#primaryimage\",\"url\":\"https:\\\/\\\/chemsxpress.com\\\/wp-content\\\/uploads\\\/2024\\\/04\\\/25E-NBOH.jpg\",\"contentUrl\":\"https:\\\/\\\/chemsxpress.com\\\/wp-content\\\/uploads\\\/2024\\\/04\\\/25E-NBOH.jpg\",\"width\":600,\"height\":600,\"caption\":\"Buy 25E-NBOH Online\"},{\"@type\":\"BreadcrumbList\",\"@id\":\"https:\\\/\\\/chemsxpress.com\\\/product\\\/buy-25e-nboh-online\\\/#breadcrumb\",\"itemListElement\":[{\"@type\":\"ListItem\",\"position\":1,\"name\":\"Home\",\"item\":\"https:\\\/\\\/chemsxpress.com\\\/\"},{\"@type\":\"ListItem\",\"position\":2,\"name\":\"Shop\",\"item\":\"https:\\\/\\\/chemsxpress.com\\\/shop\\\/\"},{\"@type\":\"ListItem\",\"position\":3,\"name\":\"25E-NBOH\"}]},{\"@type\":\"WebSite\",\"@id\":\"https:\\\/\\\/chemsxpress.com\\\/#website\",\"url\":\"https:\\\/\\\/chemsxpress.com\\\/\",\"name\":\"SHOP MDPHP\",\"description\":\"Buy MDPHP freebase from reliable supplier\",\"potentialAction\":[{\"@type\":\"SearchAction\",\"target\":{\"@type\":\"EntryPoint\",\"urlTemplate\":\"https:\\\/\\\/chemsxpress.com\\\/?s={search_term_string}\"},\"query-input\":{\"@type\":\"PropertyValueSpecification\",\"valueRequired\":true,\"valueName\":\"search_term_string\"}}],\"inLanguage\":\"fr-FR\"}]}<\/script>\n<!-- \/ Yoast SEO Premium plugin. -->","yoast_head_json":{"title":"Achetez 25E-NBOH : produits chimiques de recherche de haute qualit\u00e9 | ChemsXpress","description":"Explorez le puissant compos\u00e9 psych\u00e9d\u00e9lique, achetez le 25E-NBOH en ligne sur ChemsXpress. Faites confiance \u00e0 notre assurance qualit\u00e9 pour tous vos besoins de recherche.","robots":{"index":"index","follow":"follow","max-snippet":"max-snippet:-1","max-image-preview":"max-image-preview:large","max-video-preview":"max-video-preview:-1"},"canonical":"https:\/\/chemsxpress.com\/fr\/produit\/acheter-25e-nboh-en-ligne\/","og_locale":"fr_FR","og_type":"article","og_title":"25E-NBOH","og_description":"Explore the potent psychedelic compound buy 25E-NBOH online at ChemsXpress. Trust our quality assurance for all your research needs.","og_url":"https:\/\/chemsxpress.com\/fr\/produit\/acheter-25e-nboh-en-ligne\/","og_site_name":"SHOP MDPHP","article_modified_time":"2025-05-27T20:01:28+00:00","og_image":[{"width":600,"height":600,"url":"https:\/\/chemsxpress.com\/wp-content\/uploads\/2024\/04\/25E-NBOH.jpg","type":"image\/jpeg"}],"twitter_card":"summary_large_image","twitter_misc":{"Dur\u00e9e de lecture estim\u00e9e":"2 minutes"},"schema":{"@context":"https:\/\/schema.org","@graph":[{"@type":"WebPage","@id":"https:\/\/chemsxpress.com\/product\/buy-25e-nboh-online\/","url":"https:\/\/chemsxpress.com\/product\/buy-25e-nboh-online\/","name":"Achetez 25E-NBOH : produits chimiques de recherche de haute qualit\u00e9 | ChemsXpress","isPartOf":{"@id":"https:\/\/chemsxpress.com\/#website"},"primaryImageOfPage":{"@id":"https:\/\/chemsxpress.com\/product\/buy-25e-nboh-online\/#primaryimage"},"image":{"@id":"https:\/\/chemsxpress.com\/product\/buy-25e-nboh-online\/#primaryimage"},"thumbnailUrl":"https:\/\/chemsxpress.com\/wp-content\/uploads\/2024\/04\/25E-NBOH.jpg","datePublished":"2024-04-29T13:19:34+00:00","dateModified":"2025-05-27T20:01:28+00:00","description":"Explorez le puissant compos\u00e9 psych\u00e9d\u00e9lique, achetez le 25E-NBOH en ligne sur ChemsXpress. Faites confiance \u00e0 notre assurance qualit\u00e9 pour tous vos besoins de recherche.","breadcrumb":{"@id":"https:\/\/chemsxpress.com\/product\/buy-25e-nboh-online\/#breadcrumb"},"inLanguage":"fr-FR","potentialAction":[{"@type":"ReadAction","target":["https:\/\/chemsxpress.com\/product\/buy-25e-nboh-online\/"]}]},{"@type":"ImageObject","inLanguage":"fr-FR","@id":"https:\/\/chemsxpress.com\/product\/buy-25e-nboh-online\/#primaryimage","url":"https:\/\/chemsxpress.com\/wp-content\/uploads\/2024\/04\/25E-NBOH.jpg","contentUrl":"https:\/\/chemsxpress.com\/wp-content\/uploads\/2024\/04\/25E-NBOH.jpg","width":600,"height":600,"caption":"Buy 25E-NBOH Online"},{"@type":"BreadcrumbList","@id":"https:\/\/chemsxpress.com\/product\/buy-25e-nboh-online\/#breadcrumb","itemListElement":[{"@type":"ListItem","position":1,"name":"Home","item":"https:\/\/chemsxpress.com\/"},{"@type":"ListItem","position":2,"name":"Shop","item":"https:\/\/chemsxpress.com\/shop\/"},{"@type":"ListItem","position":3,"name":"25E-NBOH"}]},{"@type":"WebSite","@id":"https:\/\/chemsxpress.com\/#website","url":"https:\/\/chemsxpress.com\/","name":"SHOP MDPHP","description":"Acheter MDPHP freebase aupr\u00e8s d'un fournisseur fiable","potentialAction":[{"@type":"SearchAction","target":{"@type":"EntryPoint","urlTemplate":"https:\/\/chemsxpress.com\/?s={search_term_string}"},"query-input":{"@type":"PropertyValueSpecification","valueRequired":true,"valueName":"search_term_string"}}],"inLanguage":"fr-FR"}]}},"jetpack_sharing_enabled":true,"_links":{"self":[{"href":"https:\/\/chemsxpress.com\/fr\/wp-json\/wp\/v2\/product\/28946","targetHints":{"allow":["GET"]}}],"collection":[{"href":"https:\/\/chemsxpress.com\/fr\/wp-json\/wp\/v2\/product"}],"about":[{"href":"https:\/\/chemsxpress.com\/fr\/wp-json\/wp\/v2\/types\/product"}],"replies":[{"embeddable":true,"href":"https:\/\/chemsxpress.com\/fr\/wp-json\/wp\/v2\/comments?post=28946"}],"version-history":[{"count":3,"href":"https:\/\/chemsxpress.com\/fr\/wp-json\/wp\/v2\/product\/28946\/revisions"}],"predecessor-version":[{"id":29625,"href":"https:\/\/chemsxpress.com\/fr\/wp-json\/wp\/v2\/product\/28946\/revisions\/29625"}],"wp:featuredmedia":[{"embeddable":true,"href":"https:\/\/chemsxpress.com\/fr\/wp-json\/wp\/v2\/media\/29032"}],"wp:attachment":[{"href":"https:\/\/chemsxpress.com\/fr\/wp-json\/wp\/v2\/media?parent=28946"}],"wp:term":[{"taxonomy":"product_brand","embeddable":true,"href":"https:\/\/chemsxpress.com\/fr\/wp-json\/wp\/v2\/product_brand?post=28946"},{"taxonomy":"product_cat","embeddable":true,"href":"https:\/\/chemsxpress.com\/fr\/wp-json\/wp\/v2\/product_cat?post=28946"},{"taxonomy":"product_tag","embeddable":true,"href":"https:\/\/chemsxpress.com\/fr\/wp-json\/wp\/v2\/product_tag?post=28946"}],"curies":[{"name":"wp","href":"https:\/\/api.w.org\/{rel}","templated":true}]}}