{"id":28947,"date":"2024-04-29T13:19:34","date_gmt":"2024-04-29T13:19:34","guid":{"rendered":"https:\/\/chemsxpress.com\/?post_type=product&#038;p=28947"},"modified":"2025-05-25T05:51:27","modified_gmt":"2025-05-25T05:51:27","slug":"acheter-4f-mph-en-ligne","status":"publish","type":"product","link":"https:\/\/chemsxpress.com\/fr\/produit\/acheter-4f-mph-en-ligne\/","title":{"rendered":"4F-MPH"},"content":{"rendered":"<h1>Acheter le 4F-MPH en ligne<\/h1>\n<h2><strong>Informations g\u00e9n\u00e9rales sur le 4F-MPH<\/strong><\/h2>\n<p>Acheter le 4F-MPH en ligne, \u00e9galement connu sous le nom de 4-Fluorom\u00e9thylph\u00e9nidate, est un produit chimique de recherche synth\u00e9tique qui appartient \u00e0 la classe des ph\u00e9nidates. Il s'agit d'un analogue tr\u00e8s proche du m\u00e9thylph\u00e9nidate (Ritaline), dont il partage de nombreuses propri\u00e9t\u00e9s. Ces substances sont souvent d\u00e9velopp\u00e9es pour explorer de nouvelles structures chimiques.<\/p>\n<p>Le 4F-MPH est un compos\u00e9 relativement nouveau et son historique de recherche est limit\u00e9. Il a \u00e9t\u00e9 synth\u00e9tis\u00e9 pour la premi\u00e8re fois et a fait l'objet d'un rapport dans la litt\u00e9rature scientifique au d\u00e9but des ann\u00e9es 2000. En tant que <a href=\"https:\/\/chemsxpress.com\/fr\/categorie-produit\/produits-chimiques-de-recherche\/\">recherche chimique<\/a>Les propri\u00e9t\u00e9s et les effets de ce m\u00e9dicament sont encore \u00e0 l'\u00e9tude et des recherches peuvent \u00eatre men\u00e9es pour comprendre sa pharmacologie, ses applications potentielles et les risques qu'il pr\u00e9sente.<\/p>\n<p>La structure du 4F-MPH est similaire \u00e0 celle du m\u00e9thylph\u00e9nidate (Ritaline) mais contient un atome de fluor.<\/p>\n<p>&nbsp;<\/p>\n<h3><strong>Composition chimique du 4F-MPH<\/strong><\/h3>\n<p>La 4F-MPH, \u00e9galement connue sous le nom de 4-Fluorom\u00e9thylph\u00e9nidate, est un produit chimique de recherche qui appartient aux classes de la ph\u00e9n\u00e9thylamine et de la pip\u00e9ridine. La composition chimique du 4F-MPH est la suivante :<\/p>\n<p>D\u00e9nomination chimique : acide 2-(4-Fluoroph\u00e9nyl)-2-m\u00e9thyl-3-(pip\u00e9ridin-2-yl)propano\u00efque, ester m\u00e9thylique<\/p>\n<p>Formule mol\u00e9culaire : C14H18FNO2<\/p>\n<p>Poids mol\u00e9culaire : 251,3 g\/mol<\/p>\n<p>Cette formule indique que le 4F-MPH est constitu\u00e9 de quatorze atomes de carbone (C14), dix-huit atomes d'hydrog\u00e8ne (H18), un atome de fluor (F), un atome d'azote (N) et deux atomes d'oxyg\u00e8ne (O2).<\/p>\n<p>Le compos\u00e9 consiste en un anneau ph\u00e9nyle substitu\u00e9 par un atome de fluor en position para (position 4). Il contient \u00e9galement un anneau de pip\u00e9ridine attach\u00e9 \u00e0 l'anneau ph\u00e9nyle par un pont \u00e0 deux carbones. L'anneau de pip\u00e9ridine est une caract\u00e9ristique commune \u00e0 de nombreux produits chimiques de recherche.<\/p>\n<p><strong>O\u00f9 acheter le 4F-MPH en ligne ?<\/strong><\/p>\n<h3><strong>Acheter 4F-MPH de haute qualit\u00e9.<\/strong><\/h3>\n<p><a href=\"https:\/\/chemsxpress.com\/fr\/\"><strong>ChemsXpress <\/strong><\/a>est impliqu\u00e9 depuis longtemps dans l'industrie des produits chimiques de recherche, ce qui nous permet de garantir le meilleur de ces produits chimiques de recherche d'exploration.\u00a0<strong>Achat de 4F-MPH<\/strong>\u00a0est indispensable et de qualit\u00e9 sup\u00e9rieure.\u00a0<strong>4F-MPH<\/strong>est inf\u00e9rieur \u00e0 celui d'autres organisations.<\/p>\n<p>Recherche de produits chimiques, y compris\u00a0<strong>4F-MPH<\/strong>r\u00e9pondent \u00e0 toutes les exigences en mati\u00e8re de s\u00e9curit\u00e9. Les produits chimiques utilis\u00e9s pour la recherche sont distribu\u00e9s avec soin et manipul\u00e9s dans un endroit superbe et sec.<\/p>\n<p>La qualit\u00e9, la s\u00e9curit\u00e9 et la puret\u00e9 de tous les articles font l'objet d'un contr\u00f4le fiable. Nous nous effor\u00e7ons de maintenir\u00a0<strong>4F-MPH<\/strong>\u00a0\u00e0 temp\u00e9rature ambiante. Il est utilis\u00e9 uniquement \u00e0 des fins de recherche.<\/p>\n<p>Le prix de nos produits chimiques est tr\u00e8s raisonnable, et vous pouvez\u00a0<strong>acheter 4F-MPH\u00a0<\/strong>en ligne \u00e0 des prix incroyablement bas.<\/p>\n<p>&nbsp;<\/p>\n<h3><strong>La poudre 4F-MPH a \u00e9t\u00e9 test\u00e9e en laboratoire et a donn\u00e9 des r\u00e9sultats.<\/strong><\/h3>\n<p>Remakes progresse vers la satisfaction g\u00e9n\u00e9rale de ses clients. Diff\u00e9rents examens ont montr\u00e9 que les clients demandent autant de donn\u00e9es que pr\u00e9vu avant d'acheter des produits chimiques de recherche synth\u00e9tiques. En outre, nous publions toutes les cons\u00e9quences de laboratoire de chaque compos\u00e9 d'examen sur une fiche PDF.<\/p>\n<p>Notre\u00a0<strong>4F-MPH achat en ligne\u00a0<\/strong>Les ingr\u00e9dients actifs sont toujours pr\u00e9sents et peuvent \u00eatre vus par tout le monde.<\/p>\n<p>Nous distribuons toutes les cons\u00e9quences de laboratoire de chaque produit chimique de recherche sur un document PDF.<\/p>\n<p>&nbsp;<\/p>\n<h3><strong>Commander en toute s\u00e9curit\u00e9 \u00e0 partir de 4F-MPH.<\/strong><\/h3>\n<p>Les produits chimiques de recherche de ChemsXpress sont d'excellente qualit\u00e9 et ont un co\u00fbt raisonnable. Par cons\u00e9quent, lorsque vous demandez vos produits chimiques de recherche \u00e0 Panacea Chems, nous vous garantissons que nous transmettrons votre demande \u00e0 votre laboratoire de recherche rapidement et en toute s\u00e9curit\u00e9, car la vente de produits chimiques de recherche est toujours disponible chez ChemsXpress.<\/p>\n<p>Chez Panacea Chems, il est facile de demander des compos\u00e9s de recherche synth\u00e9tiques au moyen de Bitcoin ou d'un virement bancaire.<\/p>\n<p>Nous exp\u00e9dions les produits chimiques de recherche le m\u00eame jour ouvrable si le paiement est re\u00e7u avant 15h00 CEST.<\/p>\n<p>Nous ne fournissons pas d'articles aux personnes de moins de 18 ans !<\/p>\n<p><strong>4F-MPH \u00e0 vendre<\/strong>\u00a0ne sert qu'\u00e0 des fins de recherche.<\/p>\n<p>&nbsp;<\/p>\n<h3><strong>Exp\u00e9dition discr\u00e8te de produits chimiques destin\u00e9s \u00e0 la recherche.<\/strong><\/h3>\n<p>ChemsXpress emballera votre commande de mani\u00e8re s\u00fbre et s\u00e9curis\u00e9e afin d'assurer un transport ad\u00e9quat. De plus, nous emballons en toute discr\u00e9tion et aucun signe de ce qui pourrait se trouver \u00e0 l'int\u00e9rieur ne sera visible \u00e0 l'ext\u00e9rieur.<\/p>","protected":false},"excerpt":{"rendered":"<p><strong>Nom IUPAC : <\/strong>Ac\u00e9tate de m\u00e9thyle 2-(4-fluoroph\u00e9nyl)-2-(pip\u00e9ridin-2-yl)<\/p>\n<p><strong>CAS # <\/strong>1354631-33-6<\/p>\n<p><strong>Autre nom : <\/strong>4-Fluorom\u00e9thylph\u00e9nidate, 4-FMPH<\/p>\n<p><strong>Apparence : <\/strong>poudre<\/p>\n<p><strong>Analyse RMN : <\/strong>C14H18FNO2<\/p>","protected":false},"featured_media":29034,"comment_status":"open","ping_status":"closed","template":"","meta":[],"product_brand":[],"product_cat":[91],"product_tag":[],"class_list":{"0":"post-28947","1":"product","2":"type-product","3":"status-publish","4":"has-post-thumbnail","6":"product_cat-piperidines","8":"first","9":"instock","10":"shipping-taxable","11":"purchasable","12":"product-type-variable"},"yoast_head":"<!-- This site is optimized with the Yoast SEO Premium plugin v24.1 (Yoast SEO v27.4) - https:\/\/yoast.com\/product\/yoast-seo-premium-wordpress\/ -->\n<title>Buy 4F-MPH Online: Premium Quality RC&#039;s | ChemsXpress<\/title>\n<meta name=\"description\" content=\"Explore 4F-MPH at ChemsXpress. Premium research chemicals, fast shipping. Trust our quality assurance for all your research needs. Order now\" \/>\n<meta name=\"robots\" content=\"index, follow, max-snippet:-1, max-image-preview:large, max-video-preview:-1\" \/>\n<link rel=\"canonical\" href=\"https:\/\/chemsxpress.com\/fr\/produit\/acheter-4f-mph-en-ligne\/\" \/>\n<meta property=\"og:locale\" content=\"fr_FR\" \/>\n<meta property=\"og:type\" content=\"article\" \/>\n<meta property=\"og:title\" content=\"4F-MPH\" \/>\n<meta property=\"og:description\" content=\"Explore 4F-MPH at ChemsXpress. Premium research chemicals, fast shipping. Trust our quality assurance for all your research needs. Order now\" \/>\n<meta property=\"og:url\" content=\"https:\/\/chemsxpress.com\/fr\/produit\/acheter-4f-mph-en-ligne\/\" \/>\n<meta property=\"og:site_name\" content=\"SHOP MDPHP\" \/>\n<meta property=\"article:modified_time\" content=\"2025-05-25T05:51:27+00:00\" \/>\n<meta property=\"og:image\" content=\"https:\/\/chemsxpress.com\/wp-content\/uploads\/2024\/04\/4-FMA-1.jpg\" \/>\n\t<meta property=\"og:image:width\" content=\"600\" \/>\n\t<meta property=\"og:image:height\" content=\"600\" \/>\n\t<meta property=\"og:image:type\" content=\"image\/jpeg\" \/>\n<meta name=\"twitter:card\" content=\"summary_large_image\" \/>\n<meta name=\"twitter:label1\" content=\"Dur\u00e9e de lecture estim\u00e9e\" \/>\n\t<meta name=\"twitter:data1\" content=\"3 minutes\" \/>\n<script type=\"application\/ld+json\" class=\"yoast-schema-graph\">{\"@context\":\"https:\\\/\\\/schema.org\",\"@graph\":[{\"@type\":\"WebPage\",\"@id\":\"https:\\\/\\\/chemsxpress.com\\\/product\\\/buy-4f-mph-online\\\/\",\"url\":\"https:\\\/\\\/chemsxpress.com\\\/product\\\/buy-4f-mph-online\\\/\",\"name\":\"Buy 4F-MPH Online: Premium Quality RC's | ChemsXpress\",\"isPartOf\":{\"@id\":\"https:\\\/\\\/chemsxpress.com\\\/#website\"},\"primaryImageOfPage\":{\"@id\":\"https:\\\/\\\/chemsxpress.com\\\/product\\\/buy-4f-mph-online\\\/#primaryimage\"},\"image\":{\"@id\":\"https:\\\/\\\/chemsxpress.com\\\/product\\\/buy-4f-mph-online\\\/#primaryimage\"},\"thumbnailUrl\":\"https:\\\/\\\/chemsxpress.com\\\/wp-content\\\/uploads\\\/2024\\\/04\\\/4-FMA-1.jpg\",\"datePublished\":\"2024-04-29T13:19:34+00:00\",\"dateModified\":\"2025-05-25T05:51:27+00:00\",\"description\":\"Explore 4F-MPH at ChemsXpress. Premium research chemicals, fast shipping. Trust our quality assurance for all your research needs. Order now\",\"breadcrumb\":{\"@id\":\"https:\\\/\\\/chemsxpress.com\\\/product\\\/buy-4f-mph-online\\\/#breadcrumb\"},\"inLanguage\":\"fr-FR\",\"potentialAction\":[{\"@type\":\"ReadAction\",\"target\":[\"https:\\\/\\\/chemsxpress.com\\\/product\\\/buy-4f-mph-online\\\/\"]}]},{\"@type\":\"ImageObject\",\"inLanguage\":\"fr-FR\",\"@id\":\"https:\\\/\\\/chemsxpress.com\\\/product\\\/buy-4f-mph-online\\\/#primaryimage\",\"url\":\"https:\\\/\\\/chemsxpress.com\\\/wp-content\\\/uploads\\\/2024\\\/04\\\/4-FMA-1.jpg\",\"contentUrl\":\"https:\\\/\\\/chemsxpress.com\\\/wp-content\\\/uploads\\\/2024\\\/04\\\/4-FMA-1.jpg\",\"width\":600,\"height\":600,\"caption\":\"Buy 4F-MPH Online\"},{\"@type\":\"BreadcrumbList\",\"@id\":\"https:\\\/\\\/chemsxpress.com\\\/product\\\/buy-4f-mph-online\\\/#breadcrumb\",\"itemListElement\":[{\"@type\":\"ListItem\",\"position\":1,\"name\":\"Home\",\"item\":\"https:\\\/\\\/chemsxpress.com\\\/\"},{\"@type\":\"ListItem\",\"position\":2,\"name\":\"Shop\",\"item\":\"https:\\\/\\\/chemsxpress.com\\\/shop\\\/\"},{\"@type\":\"ListItem\",\"position\":3,\"name\":\"4F-MPH\"}]},{\"@type\":\"WebSite\",\"@id\":\"https:\\\/\\\/chemsxpress.com\\\/#website\",\"url\":\"https:\\\/\\\/chemsxpress.com\\\/\",\"name\":\"SHOP MDPHP\",\"description\":\"Buy MDPHP freebase from reliable supplier\",\"potentialAction\":[{\"@type\":\"SearchAction\",\"target\":{\"@type\":\"EntryPoint\",\"urlTemplate\":\"https:\\\/\\\/chemsxpress.com\\\/?s={search_term_string}\"},\"query-input\":{\"@type\":\"PropertyValueSpecification\",\"valueRequired\":true,\"valueName\":\"search_term_string\"}}],\"inLanguage\":\"fr-FR\"}]}<\/script>\n<!-- \/ Yoast SEO Premium plugin. -->","yoast_head_json":{"title":"Achetez des pellets 4F-MPH\u00a0: des RC de qualit\u00e9 sup\u00e9rieure | ChemsXpress","description":"Achetez des pastilles de 2C-D \u00e0 ChemsXpress. Produits chimiques de recherche de premi\u00e8re qualit\u00e9, livraison rapide. Faites confiance \u00e0 notre assurance qualit\u00e9 pour tous vos besoins de recherche. Commandez maintenant","robots":{"index":"index","follow":"follow","max-snippet":"max-snippet:-1","max-image-preview":"max-image-preview:large","max-video-preview":"max-video-preview:-1"},"canonical":"https:\/\/chemsxpress.com\/fr\/produit\/acheter-4f-mph-en-ligne\/","og_locale":"fr_FR","og_type":"article","og_title":"4F-MPH","og_description":"Explore 4F-MPH at ChemsXpress. Premium research chemicals, fast shipping. Trust our quality assurance for all your research needs. Order now","og_url":"https:\/\/chemsxpress.com\/fr\/produit\/acheter-4f-mph-en-ligne\/","og_site_name":"SHOP MDPHP","article_modified_time":"2025-05-25T05:51:27+00:00","og_image":[{"width":600,"height":600,"url":"https:\/\/chemsxpress.com\/wp-content\/uploads\/2024\/04\/4-FMA-1.jpg","type":"image\/jpeg"}],"twitter_card":"summary_large_image","twitter_misc":{"Dur\u00e9e de lecture estim\u00e9e":"3 minutes"},"schema":{"@context":"https:\/\/schema.org","@graph":[{"@type":"WebPage","@id":"https:\/\/chemsxpress.com\/product\/buy-4f-mph-online\/","url":"https:\/\/chemsxpress.com\/product\/buy-4f-mph-online\/","name":"Achetez des pellets 4F-MPH\u00a0: des RC de qualit\u00e9 sup\u00e9rieure | ChemsXpress","isPartOf":{"@id":"https:\/\/chemsxpress.com\/#website"},"primaryImageOfPage":{"@id":"https:\/\/chemsxpress.com\/product\/buy-4f-mph-online\/#primaryimage"},"image":{"@id":"https:\/\/chemsxpress.com\/product\/buy-4f-mph-online\/#primaryimage"},"thumbnailUrl":"https:\/\/chemsxpress.com\/wp-content\/uploads\/2024\/04\/4-FMA-1.jpg","datePublished":"2024-04-29T13:19:34+00:00","dateModified":"2025-05-25T05:51:27+00:00","description":"Achetez des pastilles de 2C-D \u00e0 ChemsXpress. Produits chimiques de recherche de premi\u00e8re qualit\u00e9, livraison rapide. Faites confiance \u00e0 notre assurance qualit\u00e9 pour tous vos besoins de recherche. Commandez maintenant","breadcrumb":{"@id":"https:\/\/chemsxpress.com\/product\/buy-4f-mph-online\/#breadcrumb"},"inLanguage":"fr-FR","potentialAction":[{"@type":"ReadAction","target":["https:\/\/chemsxpress.com\/product\/buy-4f-mph-online\/"]}]},{"@type":"ImageObject","inLanguage":"fr-FR","@id":"https:\/\/chemsxpress.com\/product\/buy-4f-mph-online\/#primaryimage","url":"https:\/\/chemsxpress.com\/wp-content\/uploads\/2024\/04\/4-FMA-1.jpg","contentUrl":"https:\/\/chemsxpress.com\/wp-content\/uploads\/2024\/04\/4-FMA-1.jpg","width":600,"height":600,"caption":"Buy 4F-MPH Online"},{"@type":"BreadcrumbList","@id":"https:\/\/chemsxpress.com\/product\/buy-4f-mph-online\/#breadcrumb","itemListElement":[{"@type":"ListItem","position":1,"name":"Home","item":"https:\/\/chemsxpress.com\/"},{"@type":"ListItem","position":2,"name":"Shop","item":"https:\/\/chemsxpress.com\/shop\/"},{"@type":"ListItem","position":3,"name":"4F-MPH"}]},{"@type":"WebSite","@id":"https:\/\/chemsxpress.com\/#website","url":"https:\/\/chemsxpress.com\/","name":"SHOP MDPHP","description":"Acheter MDPHP freebase aupr\u00e8s d'un fournisseur fiable","potentialAction":[{"@type":"SearchAction","target":{"@type":"EntryPoint","urlTemplate":"https:\/\/chemsxpress.com\/?s={search_term_string}"},"query-input":{"@type":"PropertyValueSpecification","valueRequired":true,"valueName":"search_term_string"}}],"inLanguage":"fr-FR"}]}},"jetpack_sharing_enabled":true,"_links":{"self":[{"href":"https:\/\/chemsxpress.com\/fr\/wp-json\/wp\/v2\/product\/28947","targetHints":{"allow":["GET"]}}],"collection":[{"href":"https:\/\/chemsxpress.com\/fr\/wp-json\/wp\/v2\/product"}],"about":[{"href":"https:\/\/chemsxpress.com\/fr\/wp-json\/wp\/v2\/types\/product"}],"replies":[{"embeddable":true,"href":"https:\/\/chemsxpress.com\/fr\/wp-json\/wp\/v2\/comments?post=28947"}],"version-history":[{"count":4,"href":"https:\/\/chemsxpress.com\/fr\/wp-json\/wp\/v2\/product\/28947\/revisions"}],"predecessor-version":[{"id":30014,"href":"https:\/\/chemsxpress.com\/fr\/wp-json\/wp\/v2\/product\/28947\/revisions\/30014"}],"wp:featuredmedia":[{"embeddable":true,"href":"https:\/\/chemsxpress.com\/fr\/wp-json\/wp\/v2\/media\/29034"}],"wp:attachment":[{"href":"https:\/\/chemsxpress.com\/fr\/wp-json\/wp\/v2\/media?parent=28947"}],"wp:term":[{"taxonomy":"product_brand","embeddable":true,"href":"https:\/\/chemsxpress.com\/fr\/wp-json\/wp\/v2\/product_brand?post=28947"},{"taxonomy":"product_cat","embeddable":true,"href":"https:\/\/chemsxpress.com\/fr\/wp-json\/wp\/v2\/product_cat?post=28947"},{"taxonomy":"product_tag","embeddable":true,"href":"https:\/\/chemsxpress.com\/fr\/wp-json\/wp\/v2\/product_tag?post=28947"}],"curies":[{"name":"wp","href":"https:\/\/api.w.org\/{rel}","templated":true}]}}