{"id":28948,"date":"2024-04-29T13:19:34","date_gmt":"2024-04-29T13:19:34","guid":{"rendered":"https:\/\/chemsxpress.com\/?post_type=product&#038;p=28948"},"modified":"2025-05-27T03:56:03","modified_gmt":"2025-05-27T03:56:03","slug":"acheter-hdmp-28-en-ligne","status":"publish","type":"product","link":"https:\/\/chemsxpress.com\/fr\/produit\/acheter-hdmp-28-en-ligne\/","title":{"rendered":"HDMP-28"},"content":{"rendered":"<h1>Acheter HDMP-28 en ligne<\/h1>\n<p>Acheter HDMP-28 en ligne 1-(2-Hydroxy-2,5-dim\u00e9thylhexyl)-3-(2-m\u00e9thoxy-3-m\u00e9thylpentyl)urea, \u00e9galement connu sous le nom de HDMP-28, est un compos\u00e9 synth\u00e9tique qui appartient \u00e0 la classe des cathinones. Il a \u00e9t\u00e9 synth\u00e9tis\u00e9 pour la premi\u00e8re fois \u00e0 la fin des ann\u00e9es 2000 et a depuis gagn\u00e9 en popularit\u00e9 en tant que produit chimique de recherche. Le HDMP-28 est connu pour ses propri\u00e9t\u00e9s stimulantes et est souvent utilis\u00e9 dans des exp\u00e9riences de laboratoire pour \u00e9tudier ses effets sur le syst\u00e8me nerveux central.<br \/>\nM\u00e9thode de synth\u00e8se :<br \/>\nLa synth\u00e8se de l'achat de HDMP-28 implique la r\u00e9action du 2,5-dim\u00e9thyl-2-hydroxyhexan-1-ol avec la 3-m\u00e9thyl-2-(2-m\u00e9thoxy\u00e9thyl)pentan-2-amine en pr\u00e9sence d'ur\u00e9e et d'un catalyseur. Le produit obtenu est ensuite purifi\u00e9 \u00e0 l'aide de diverses techniques telles que la recristallisation et la chromatographie sur colonne. La puret\u00e9 du produit final est g\u00e9n\u00e9ralement d\u00e9termin\u00e9e \u00e0 l'aide de techniques analytiques telles que la chromatographie en phase gazeuse et la spectrom\u00e9trie de masse (GC-MS) et la spectroscopie de r\u00e9sonance magn\u00e9tique nucl\u00e9aire (RMN).<br \/>\nApplication \u00e0 la recherche scientifique :<br \/>\nLa HDMP-28 est couramment utilis\u00e9e dans les exp\u00e9riences de laboratoire pour \u00e9tudier ses effets sur le syst\u00e8me nerveux central. On sait qu'il agit comme un inhibiteur de la recapture de la dopamine et de la noradr\u00e9naline, ce qui entra\u00eene une augmentation des niveaux de ces neurotransmetteurs dans le cerveau. Cette augmentation des niveaux de neurotransmetteurs serait \u00e0 l'origine des effets stimulants de la HDMP-28.<br \/>\nM\u00e9canisme d'action :<br \/>\nLe m\u00e9canisme d'action du HDMP-28 implique l'inhibition des transporteurs de recapture de la dopamine et de la noradr\u00e9naline. Cela conduit \u00e0 une augmentation des niveaux de ces neurotransmetteurs dans la fente synaptique, ce qui renforce leurs effets sur les r\u00e9cepteurs post-synaptiques. C'est ce qui explique les effets stimulants de la HDMP-28.<\/p>\n<p>O\u00f9 acheter HDMP-28 en ligne ?<\/p>\n<p>Vous pouvez acheter HDMP-28 en ligne \u00e0 l'adresse suivante<a href=\"https:\/\/chemsxpress.com\/fr\/\"> ChemsXpress.<\/a> Nous fournissons des produits chimiques de recherche de premi\u00e8re qualit\u00e9, y compris HDMP-28, avec une livraison rapide et un service fiable. Commandez maintenant et faites confiance \u00e0 notre assurance qualit\u00e9 pour tous vos besoins de recherche.<\/p>","protected":false},"excerpt":{"rendered":"<p><strong>IUPAC-Name: <\/strong>Methyl (2R)-2-naphthyl[(2R)-2-piperidinyl]acetate<\/p>\n<p><strong>CAS # <\/strong>219915-69-2<\/p>\n<p><strong>Appearance: <\/strong>powder<\/p>\n<p><strong>NMR Analysis: <\/strong>C18H21NO2<\/p>\n","protected":false},"featured_media":29036,"comment_status":"open","ping_status":"closed","template":"","meta":[],"product_brand":[],"product_cat":[91],"product_tag":[],"class_list":{"0":"post-28948","1":"product","2":"type-product","3":"status-publish","4":"has-post-thumbnail","6":"product_cat-piperidines","8":"first","9":"instock","10":"shipping-taxable","11":"purchasable","12":"product-type-variable"},"yoast_head":"<!-- This site is optimized with the Yoast SEO Premium plugin v24.1 (Yoast SEO v27.4) - https:\/\/yoast.com\/product\/yoast-seo-premium-wordpress\/ -->\n<title>Buy HDMP-28 Online: Premium Quality RC&#039;s | ChemsXpress<\/title>\n<meta name=\"description\" content=\"Buy HDMP-28 online at ChemsXpress. Premium research chemicals, fast shipping. Trust our quality assurance for all your research needs. Order now\" \/>\n<meta name=\"robots\" content=\"index, follow, max-snippet:-1, max-image-preview:large, max-video-preview:-1\" \/>\n<link rel=\"canonical\" href=\"https:\/\/chemsxpress.com\/fr\/produit\/acheter-hdmp-28-en-ligne\/\" \/>\n<meta property=\"og:locale\" content=\"fr_FR\" \/>\n<meta property=\"og:type\" content=\"article\" \/>\n<meta property=\"og:title\" content=\"HDMP-28\" \/>\n<meta property=\"og:description\" content=\"Buy HDMP-28 online at ChemsXpress. Premium research chemicals, fast shipping. Trust our quality assurance for all your research needs. Order now\" \/>\n<meta property=\"og:url\" content=\"https:\/\/chemsxpress.com\/fr\/produit\/acheter-hdmp-28-en-ligne\/\" \/>\n<meta property=\"og:site_name\" content=\"SHOP MDPHP\" \/>\n<meta property=\"article:modified_time\" content=\"2025-05-27T03:56:03+00:00\" \/>\n<meta property=\"og:image\" content=\"https:\/\/chemsxpress.com\/wp-content\/uploads\/2024\/04\/HDMP-28.jpg\" \/>\n\t<meta property=\"og:image:width\" content=\"600\" \/>\n\t<meta property=\"og:image:height\" content=\"600\" \/>\n\t<meta property=\"og:image:type\" content=\"image\/jpeg\" \/>\n<meta name=\"twitter:card\" content=\"summary_large_image\" \/>\n<meta name=\"twitter:label1\" content=\"Dur\u00e9e de lecture estim\u00e9e\" \/>\n\t<meta name=\"twitter:data1\" content=\"2 minutes\" \/>\n<script type=\"application\/ld+json\" class=\"yoast-schema-graph\">{\"@context\":\"https:\\\/\\\/schema.org\",\"@graph\":[{\"@type\":\"WebPage\",\"@id\":\"https:\\\/\\\/chemsxpress.com\\\/product\\\/buy-hdmp-28-online\\\/\",\"url\":\"https:\\\/\\\/chemsxpress.com\\\/product\\\/buy-hdmp-28-online\\\/\",\"name\":\"Buy HDMP-28 Online: Premium Quality RC's | ChemsXpress\",\"isPartOf\":{\"@id\":\"https:\\\/\\\/chemsxpress.com\\\/#website\"},\"primaryImageOfPage\":{\"@id\":\"https:\\\/\\\/chemsxpress.com\\\/product\\\/buy-hdmp-28-online\\\/#primaryimage\"},\"image\":{\"@id\":\"https:\\\/\\\/chemsxpress.com\\\/product\\\/buy-hdmp-28-online\\\/#primaryimage\"},\"thumbnailUrl\":\"https:\\\/\\\/chemsxpress.com\\\/wp-content\\\/uploads\\\/2024\\\/04\\\/HDMP-28.jpg\",\"datePublished\":\"2024-04-29T13:19:34+00:00\",\"dateModified\":\"2025-05-27T03:56:03+00:00\",\"description\":\"Buy HDMP-28 online at ChemsXpress. Premium research chemicals, fast shipping. Trust our quality assurance for all your research needs. Order now\",\"breadcrumb\":{\"@id\":\"https:\\\/\\\/chemsxpress.com\\\/product\\\/buy-hdmp-28-online\\\/#breadcrumb\"},\"inLanguage\":\"fr-FR\",\"potentialAction\":[{\"@type\":\"ReadAction\",\"target\":[\"https:\\\/\\\/chemsxpress.com\\\/product\\\/buy-hdmp-28-online\\\/\"]}]},{\"@type\":\"ImageObject\",\"inLanguage\":\"fr-FR\",\"@id\":\"https:\\\/\\\/chemsxpress.com\\\/product\\\/buy-hdmp-28-online\\\/#primaryimage\",\"url\":\"https:\\\/\\\/chemsxpress.com\\\/wp-content\\\/uploads\\\/2024\\\/04\\\/HDMP-28.jpg\",\"contentUrl\":\"https:\\\/\\\/chemsxpress.com\\\/wp-content\\\/uploads\\\/2024\\\/04\\\/HDMP-28.jpg\",\"width\":600,\"height\":600,\"caption\":\"Buy HDMP-28 Online\"},{\"@type\":\"BreadcrumbList\",\"@id\":\"https:\\\/\\\/chemsxpress.com\\\/product\\\/buy-hdmp-28-online\\\/#breadcrumb\",\"itemListElement\":[{\"@type\":\"ListItem\",\"position\":1,\"name\":\"Home\",\"item\":\"https:\\\/\\\/chemsxpress.com\\\/\"},{\"@type\":\"ListItem\",\"position\":2,\"name\":\"Shop\",\"item\":\"https:\\\/\\\/chemsxpress.com\\\/shop\\\/\"},{\"@type\":\"ListItem\",\"position\":3,\"name\":\"HDMP-28\"}]},{\"@type\":\"WebSite\",\"@id\":\"https:\\\/\\\/chemsxpress.com\\\/#website\",\"url\":\"https:\\\/\\\/chemsxpress.com\\\/\",\"name\":\"SHOP MDPHP\",\"description\":\"Buy MDPHP freebase from reliable supplier\",\"potentialAction\":[{\"@type\":\"SearchAction\",\"target\":{\"@type\":\"EntryPoint\",\"urlTemplate\":\"https:\\\/\\\/chemsxpress.com\\\/?s={search_term_string}\"},\"query-input\":{\"@type\":\"PropertyValueSpecification\",\"valueRequired\":true,\"valueName\":\"search_term_string\"}}],\"inLanguage\":\"fr-FR\"}]}<\/script>\n<!-- \/ Yoast SEO Premium plugin. -->","yoast_head_json":{"title":"Achetez HDMP-28 en ligne\u00a0: RC de qualit\u00e9 sup\u00e9rieure | ChemsXpress","description":"Achetez des pastilles de 2C-C en ligne sur ChemsXpress. Produits chimiques de recherche de premi\u00e8re qualit\u00e9, livraison rapide. Faites confiance \u00e0 notre assurance qualit\u00e9 pour tous vos besoins de recherche. Commandez maintenant","robots":{"index":"index","follow":"follow","max-snippet":"max-snippet:-1","max-image-preview":"max-image-preview:large","max-video-preview":"max-video-preview:-1"},"canonical":"https:\/\/chemsxpress.com\/fr\/produit\/acheter-hdmp-28-en-ligne\/","og_locale":"fr_FR","og_type":"article","og_title":"HDMP-28","og_description":"Buy HDMP-28 online at ChemsXpress. Premium research chemicals, fast shipping. Trust our quality assurance for all your research needs. Order now","og_url":"https:\/\/chemsxpress.com\/fr\/produit\/acheter-hdmp-28-en-ligne\/","og_site_name":"SHOP MDPHP","article_modified_time":"2025-05-27T03:56:03+00:00","og_image":[{"width":600,"height":600,"url":"https:\/\/chemsxpress.com\/wp-content\/uploads\/2024\/04\/HDMP-28.jpg","type":"image\/jpeg"}],"twitter_card":"summary_large_image","twitter_misc":{"Dur\u00e9e de lecture estim\u00e9e":"2 minutes"},"schema":{"@context":"https:\/\/schema.org","@graph":[{"@type":"WebPage","@id":"https:\/\/chemsxpress.com\/product\/buy-hdmp-28-online\/","url":"https:\/\/chemsxpress.com\/product\/buy-hdmp-28-online\/","name":"Achetez HDMP-28 en ligne\u00a0: RC de qualit\u00e9 sup\u00e9rieure | ChemsXpress","isPartOf":{"@id":"https:\/\/chemsxpress.com\/#website"},"primaryImageOfPage":{"@id":"https:\/\/chemsxpress.com\/product\/buy-hdmp-28-online\/#primaryimage"},"image":{"@id":"https:\/\/chemsxpress.com\/product\/buy-hdmp-28-online\/#primaryimage"},"thumbnailUrl":"https:\/\/chemsxpress.com\/wp-content\/uploads\/2024\/04\/HDMP-28.jpg","datePublished":"2024-04-29T13:19:34+00:00","dateModified":"2025-05-27T03:56:03+00:00","description":"Achetez des pastilles de 2C-C en ligne sur ChemsXpress. Produits chimiques de recherche de premi\u00e8re qualit\u00e9, livraison rapide. Faites confiance \u00e0 notre assurance qualit\u00e9 pour tous vos besoins de recherche. Commandez maintenant","breadcrumb":{"@id":"https:\/\/chemsxpress.com\/product\/buy-hdmp-28-online\/#breadcrumb"},"inLanguage":"fr-FR","potentialAction":[{"@type":"ReadAction","target":["https:\/\/chemsxpress.com\/product\/buy-hdmp-28-online\/"]}]},{"@type":"ImageObject","inLanguage":"fr-FR","@id":"https:\/\/chemsxpress.com\/product\/buy-hdmp-28-online\/#primaryimage","url":"https:\/\/chemsxpress.com\/wp-content\/uploads\/2024\/04\/HDMP-28.jpg","contentUrl":"https:\/\/chemsxpress.com\/wp-content\/uploads\/2024\/04\/HDMP-28.jpg","width":600,"height":600,"caption":"Buy HDMP-28 Online"},{"@type":"BreadcrumbList","@id":"https:\/\/chemsxpress.com\/product\/buy-hdmp-28-online\/#breadcrumb","itemListElement":[{"@type":"ListItem","position":1,"name":"Home","item":"https:\/\/chemsxpress.com\/"},{"@type":"ListItem","position":2,"name":"Shop","item":"https:\/\/chemsxpress.com\/shop\/"},{"@type":"ListItem","position":3,"name":"HDMP-28"}]},{"@type":"WebSite","@id":"https:\/\/chemsxpress.com\/#website","url":"https:\/\/chemsxpress.com\/","name":"SHOP MDPHP","description":"Acheter MDPHP freebase aupr\u00e8s d'un fournisseur fiable","potentialAction":[{"@type":"SearchAction","target":{"@type":"EntryPoint","urlTemplate":"https:\/\/chemsxpress.com\/?s={search_term_string}"},"query-input":{"@type":"PropertyValueSpecification","valueRequired":true,"valueName":"search_term_string"}}],"inLanguage":"fr-FR"}]}},"jetpack_sharing_enabled":true,"_links":{"self":[{"href":"https:\/\/chemsxpress.com\/fr\/wp-json\/wp\/v2\/product\/28948","targetHints":{"allow":["GET"]}}],"collection":[{"href":"https:\/\/chemsxpress.com\/fr\/wp-json\/wp\/v2\/product"}],"about":[{"href":"https:\/\/chemsxpress.com\/fr\/wp-json\/wp\/v2\/types\/product"}],"replies":[{"embeddable":true,"href":"https:\/\/chemsxpress.com\/fr\/wp-json\/wp\/v2\/comments?post=28948"}],"version-history":[{"count":3,"href":"https:\/\/chemsxpress.com\/fr\/wp-json\/wp\/v2\/product\/28948\/revisions"}],"predecessor-version":[{"id":29641,"href":"https:\/\/chemsxpress.com\/fr\/wp-json\/wp\/v2\/product\/28948\/revisions\/29641"}],"wp:featuredmedia":[{"embeddable":true,"href":"https:\/\/chemsxpress.com\/fr\/wp-json\/wp\/v2\/media\/29036"}],"wp:attachment":[{"href":"https:\/\/chemsxpress.com\/fr\/wp-json\/wp\/v2\/media?parent=28948"}],"wp:term":[{"taxonomy":"product_brand","embeddable":true,"href":"https:\/\/chemsxpress.com\/fr\/wp-json\/wp\/v2\/product_brand?post=28948"},{"taxonomy":"product_cat","embeddable":true,"href":"https:\/\/chemsxpress.com\/fr\/wp-json\/wp\/v2\/product_cat?post=28948"},{"taxonomy":"product_tag","embeddable":true,"href":"https:\/\/chemsxpress.com\/fr\/wp-json\/wp\/v2\/product_tag?post=28948"}],"curies":[{"name":"wp","href":"https:\/\/api.w.org\/{rel}","templated":true}]}}