{"id":28949,"date":"2024-04-29T13:19:34","date_gmt":"2024-04-29T13:19:34","guid":{"rendered":"https:\/\/chemsxpress.com\/?post_type=product&#038;p=28949"},"modified":"2024-07-04T22:17:06","modified_gmt":"2024-07-04T22:17:06","slug":"acheter-hdep-28-ethylnaphthidate-en-ligne","status":"publish","type":"product","link":"https:\/\/chemsxpress.com\/fr\/produit\/acheter-hdep-28-ethylnaphthidate-en-ligne\/","title":{"rendered":"HDEP-28"},"content":{"rendered":"<h1>Acheter HDEP-28 Ethylnaphthidate en ligne<\/h1>\n<p>Acheter HDEP-28 Ethylnaphthidate en ligne, HDEP-28 Ethylnaphthidate, \u00e9galement connu sous le nom de N-Ethyl-1,2-diph\u00e9nylethylaminopentane ou Ethylnaphthidate, est un produit chimique de recherche synth\u00e9tique appartenant \u00e0 la classe des cathinones substitu\u00e9es. Il s'agit d'un analogue structurel de l'\u00e9thylph\u00e9nidate qui pr\u00e9sente des similitudes avec d'autres cathinones, telles que le m\u00e9thylph\u00e9nidate et l'\u00e9thylone.<\/p>\n<p>Au <a href=\"https:\/\/chemsxpress.com\/fr\/\">ChemsXpress<\/a>Nous proposons le HDEP-28 Ethylnaphthidate en tant que compos\u00e9 de recherche pour l'exploration scientifique. Notre HDEP-28 est synth\u00e9tis\u00e9 \u00e0 l'aide de m\u00e9thodes avanc\u00e9es et est soumis \u00e0 des mesures strictes de contr\u00f4le de la qualit\u00e9 afin d'en garantir la puret\u00e9 et la coh\u00e9rence. Les chercheurs peuvent compter sur ChemsXpress pour obtenir un HDEP-28 de haute qualit\u00e9 pour leurs recherches.<\/p>\n<p>Les effets pharmacologiques de l'HDEP-28 Ethylnaphthidate n'ont pas fait l'objet d'\u00e9tudes approfondies, mais on pense qu'il agit comme un psychostimulant, semblable \u00e0 d'autres cathinones. Les utilisateurs ont signal\u00e9 des effets tels qu'une augmentation de l'\u00e9nergie, de la vigilance et de l'euphorie, mais des recherches suppl\u00e9mentaires sont n\u00e9cessaires pour comprendre pleinement son m\u00e9canisme d'action et ses applications th\u00e9rapeutiques potentielles.<\/p>\n<p>Comme pour tous les <a href=\"https:\/\/chemsxpress.com\/fr\/categorie-produit\/produits-chimiques-de-recherche\/\">produits chimiques de recherche<\/a>L'utilisation responsable et le respect des protocoles de s\u00e9curit\u00e9 sont essentiels lorsque l'on travaille avec l'HDEP-28. Il est essentiel de manipuler ce compos\u00e9 avec pr\u00e9caution et de respecter toutes les lois et r\u00e9glementations applicables \u00e0 son utilisation et \u00e0 sa distribution.<\/p>\n<h2>O\u00f9 acheter HDEP-28 Ethylnaphthidate en ligne ?<\/h2>\n<p><a href=\"https:\/\/chemsxpress.com\/fr\/\">ChemsXpress<\/a> s'engage \u00e0 soutenir la recherche scientifique en fournissant aux chercheurs un acc\u00e8s \u00e0 des produits chimiques de recherche de premi\u00e8re qualit\u00e9. Explorez notre catalogue de compos\u00e9s de recherche, y compris le HDEP-28 Ethylnaphthidate, et lancez-vous dans votre recherche en toute confiance.<\/p>\n<p>Le HDEP-28 Ethylnaphthidate, \u00e9galement connu sous le nom de N-Ethyl-1,2-diph\u00e9nylethylaminopentane ou simplement Ethylnaphthidate, est un produit chimique de recherche synth\u00e9tique appartenant \u00e0 la classe des cathinones substitu\u00e9es. Structurellement similaire \u00e0 l'\u00e9thylph\u00e9nidate et \u00e0 d'autres cathinones, l'HDEP-28 a suscit\u00e9 l'int\u00e9r\u00eat des milieux scientifiques pour ses effets potentiels.<\/p>\n<p>ChemsXpress fournit du HDEP-28 Ethylnaphthidate \u00e0 des fins de recherche. Notre processus de synth\u00e8se utilise des m\u00e9thodes avanc\u00e9es, garantissant la puret\u00e9 et la coh\u00e9rence du compos\u00e9, ce qui est essentiel pour obtenir des r\u00e9sultats de recherche pr\u00e9cis. Bien que les actions pharmacologiques de l'HDEP-28 ne soient pas enti\u00e8rement \u00e9lucid\u00e9es, on pense qu'il fonctionne comme un psychostimulant semblable \u00e0 d'autres cathinones.<\/p>\n<p>Les utilisateurs ont signal\u00e9 des effets tels qu'une augmentation de l'\u00e9nergie, de la vigilance et de l'euphorie, mais des recherches rigoureuses sont n\u00e9cessaires pour comprendre ses m\u00e9canismes et son utilit\u00e9 th\u00e9rapeutique potentielle. Une manipulation responsable et le respect des r\u00e9glementations l\u00e9gales sont imp\u00e9ratifs lorsque l'on travaille avec le HDEP-28 ou tout autre produit chimique destin\u00e9 \u00e0 la recherche.<\/p>\n<p>ChemsXpress s'engage \u00e0 faciliter les efforts scientifiques en fournissant un acc\u00e8s \u00e0 des produits chimiques de recherche de qualit\u00e9 sup\u00e9rieure tels que l'HDEP-28 Ethylnaphthidate. Notre engagement en mati\u00e8re d'assurance qualit\u00e9 garantit que les chercheurs re\u00e7oivent des compos\u00e9s fiables pour leurs \u00e9tudes. Explorez notre catalogue et commencez votre recherche en toute confiance.<\/p>","protected":false},"excerpt":{"rendered":"<p>Nom IUPAC : Ac\u00e9tate de 2-(naphtal\u00e8ne-2-yl)-2-(pip\u00e9ridin-2-yl) \u00e9thyle<\/p>\n<p>CAS # 2170529-69-6<\/p>\n<p>Aspect : poudre<\/p>\n<p>Analyse RMN : C19H23NO2<\/p>","protected":false},"featured_media":29038,"comment_status":"open","ping_status":"closed","template":"","meta":[],"product_brand":[],"product_cat":[91],"product_tag":[],"class_list":{"0":"post-28949","1":"product","2":"type-product","3":"status-publish","4":"has-post-thumbnail","6":"product_cat-piperidines","8":"first","9":"instock","10":"shipping-taxable","11":"purchasable","12":"product-type-variable"},"yoast_head":"<!-- This site is optimized with the Yoast SEO Premium plugin v24.1 (Yoast SEO v27.5) - https:\/\/yoast.com\/product\/yoast-seo-premium-wordpress\/ -->\n<title>Buy HDEP-28 Ethylnaphthidate Online:Quality RC&#039;s | ChemsXpress<\/title>\n<meta name=\"description\" content=\"Buy HDEP-28 Ethylnaphthidate online at ChemsXpress. Premium research chemicals, fast shipping. Trust our quality assurance for all your research needs.\" \/>\n<meta name=\"robots\" content=\"index, follow, max-snippet:-1, max-image-preview:large, max-video-preview:-1\" \/>\n<link rel=\"canonical\" href=\"https:\/\/chemsxpress.com\/fr\/produit\/acheter-hdep-28-ethylnaphthidate-en-ligne\/\" \/>\n<meta property=\"og:locale\" content=\"fr_FR\" \/>\n<meta property=\"og:type\" content=\"article\" \/>\n<meta property=\"og:title\" content=\"HDEP-28\" \/>\n<meta property=\"og:description\" content=\"Buy HDEP-28 Ethylnaphthidate online at ChemsXpress. Premium research chemicals, fast shipping. Trust our quality assurance for all your research needs.\" \/>\n<meta property=\"og:url\" content=\"https:\/\/chemsxpress.com\/fr\/produit\/acheter-hdep-28-ethylnaphthidate-en-ligne\/\" \/>\n<meta property=\"og:site_name\" content=\"SHOP MDPHP\" \/>\n<meta property=\"article:modified_time\" content=\"2024-07-04T22:17:06+00:00\" \/>\n<meta property=\"og:image\" content=\"https:\/\/chemsxpress.com\/wp-content\/uploads\/2024\/04\/HDEP-28.jpg\" \/>\n\t<meta property=\"og:image:width\" content=\"600\" \/>\n\t<meta property=\"og:image:height\" content=\"600\" \/>\n\t<meta property=\"og:image:type\" content=\"image\/jpeg\" \/>\n<meta name=\"twitter:card\" content=\"summary_large_image\" \/>\n<meta name=\"twitter:label1\" content=\"Dur\u00e9e de lecture estim\u00e9e\" \/>\n\t<meta name=\"twitter:data1\" content=\"2 minutes\" \/>\n<script type=\"application\/ld+json\" class=\"yoast-schema-graph\">{\"@context\":\"https:\\\/\\\/schema.org\",\"@graph\":[{\"@type\":\"WebPage\",\"@id\":\"https:\\\/\\\/chemsxpress.com\\\/product\\\/buy-hdep-28-ethylnaphthidate-online\\\/\",\"url\":\"https:\\\/\\\/chemsxpress.com\\\/product\\\/buy-hdep-28-ethylnaphthidate-online\\\/\",\"name\":\"Buy HDEP-28 Ethylnaphthidate Online:Quality RC's | ChemsXpress\",\"isPartOf\":{\"@id\":\"https:\\\/\\\/chemsxpress.com\\\/#website\"},\"primaryImageOfPage\":{\"@id\":\"https:\\\/\\\/chemsxpress.com\\\/product\\\/buy-hdep-28-ethylnaphthidate-online\\\/#primaryimage\"},\"image\":{\"@id\":\"https:\\\/\\\/chemsxpress.com\\\/product\\\/buy-hdep-28-ethylnaphthidate-online\\\/#primaryimage\"},\"thumbnailUrl\":\"https:\\\/\\\/chemsxpress.com\\\/wp-content\\\/uploads\\\/2024\\\/04\\\/HDEP-28.jpg\",\"datePublished\":\"2024-04-29T13:19:34+00:00\",\"dateModified\":\"2024-07-04T22:17:06+00:00\",\"description\":\"Buy HDEP-28 Ethylnaphthidate online at ChemsXpress. Premium research chemicals, fast shipping. Trust our quality assurance for all your research needs.\",\"breadcrumb\":{\"@id\":\"https:\\\/\\\/chemsxpress.com\\\/product\\\/buy-hdep-28-ethylnaphthidate-online\\\/#breadcrumb\"},\"inLanguage\":\"fr-FR\",\"potentialAction\":[{\"@type\":\"ReadAction\",\"target\":[\"https:\\\/\\\/chemsxpress.com\\\/product\\\/buy-hdep-28-ethylnaphthidate-online\\\/\"]}]},{\"@type\":\"ImageObject\",\"inLanguage\":\"fr-FR\",\"@id\":\"https:\\\/\\\/chemsxpress.com\\\/product\\\/buy-hdep-28-ethylnaphthidate-online\\\/#primaryimage\",\"url\":\"https:\\\/\\\/chemsxpress.com\\\/wp-content\\\/uploads\\\/2024\\\/04\\\/HDEP-28.jpg\",\"contentUrl\":\"https:\\\/\\\/chemsxpress.com\\\/wp-content\\\/uploads\\\/2024\\\/04\\\/HDEP-28.jpg\",\"width\":600,\"height\":600,\"caption\":\"Buy HDEP-28 Ethylnaphthidate online\"},{\"@type\":\"BreadcrumbList\",\"@id\":\"https:\\\/\\\/chemsxpress.com\\\/product\\\/buy-hdep-28-ethylnaphthidate-online\\\/#breadcrumb\",\"itemListElement\":[{\"@type\":\"ListItem\",\"position\":1,\"name\":\"Home\",\"item\":\"https:\\\/\\\/chemsxpress.com\\\/\"},{\"@type\":\"ListItem\",\"position\":2,\"name\":\"Shop\",\"item\":\"https:\\\/\\\/chemsxpress.com\\\/shop\\\/\"},{\"@type\":\"ListItem\",\"position\":3,\"name\":\"HDEP-28\"}]},{\"@type\":\"WebSite\",\"@id\":\"https:\\\/\\\/chemsxpress.com\\\/#website\",\"url\":\"https:\\\/\\\/chemsxpress.com\\\/\",\"name\":\"SHOP MDPHP\",\"description\":\"Buy MDPHP freebase from reliable supplier\",\"potentialAction\":[{\"@type\":\"SearchAction\",\"target\":{\"@type\":\"EntryPoint\",\"urlTemplate\":\"https:\\\/\\\/chemsxpress.com\\\/?s={search_term_string}\"},\"query-input\":{\"@type\":\"PropertyValueSpecification\",\"valueRequired\":true,\"valueName\":\"search_term_string\"}}],\"inLanguage\":\"fr-FR\"}]}<\/script>\n<!-- \/ Yoast SEO Premium plugin. -->","yoast_head_json":{"title":"Achetez HDEP-28 Ethylnaphthidate en ligne : RC de qualit\u00e9 | ChemsXpress","description":"Achetez des pastilles de 2C-C en ligne sur ChemsXpress. Produits chimiques de recherche de premi\u00e8re qualit\u00e9, livraison rapide. Faites confiance \u00e0 notre assurance qualit\u00e9 pour tous vos besoins de recherche. Commandez maintenant","robots":{"index":"index","follow":"follow","max-snippet":"max-snippet:-1","max-image-preview":"max-image-preview:large","max-video-preview":"max-video-preview:-1"},"canonical":"https:\/\/chemsxpress.com\/fr\/produit\/acheter-hdep-28-ethylnaphthidate-en-ligne\/","og_locale":"fr_FR","og_type":"article","og_title":"HDEP-28","og_description":"Buy HDEP-28 Ethylnaphthidate online at ChemsXpress. Premium research chemicals, fast shipping. Trust our quality assurance for all your research needs.","og_url":"https:\/\/chemsxpress.com\/fr\/produit\/acheter-hdep-28-ethylnaphthidate-en-ligne\/","og_site_name":"SHOP MDPHP","article_modified_time":"2024-07-04T22:17:06+00:00","og_image":[{"width":600,"height":600,"url":"https:\/\/chemsxpress.com\/wp-content\/uploads\/2024\/04\/HDEP-28.jpg","type":"image\/jpeg"}],"twitter_card":"summary_large_image","twitter_misc":{"Dur\u00e9e de lecture estim\u00e9e":"2 minutes"},"schema":{"@context":"https:\/\/schema.org","@graph":[{"@type":"WebPage","@id":"https:\/\/chemsxpress.com\/product\/buy-hdep-28-ethylnaphthidate-online\/","url":"https:\/\/chemsxpress.com\/product\/buy-hdep-28-ethylnaphthidate-online\/","name":"Achetez HDEP-28 Ethylnaphthidate en ligne : RC de qualit\u00e9 | ChemsXpress","isPartOf":{"@id":"https:\/\/chemsxpress.com\/#website"},"primaryImageOfPage":{"@id":"https:\/\/chemsxpress.com\/product\/buy-hdep-28-ethylnaphthidate-online\/#primaryimage"},"image":{"@id":"https:\/\/chemsxpress.com\/product\/buy-hdep-28-ethylnaphthidate-online\/#primaryimage"},"thumbnailUrl":"https:\/\/chemsxpress.com\/wp-content\/uploads\/2024\/04\/HDEP-28.jpg","datePublished":"2024-04-29T13:19:34+00:00","dateModified":"2024-07-04T22:17:06+00:00","description":"Achetez des pastilles de 2C-C en ligne sur ChemsXpress. Produits chimiques de recherche de premi\u00e8re qualit\u00e9, livraison rapide. Faites confiance \u00e0 notre assurance qualit\u00e9 pour tous vos besoins de recherche. Commandez maintenant","breadcrumb":{"@id":"https:\/\/chemsxpress.com\/product\/buy-hdep-28-ethylnaphthidate-online\/#breadcrumb"},"inLanguage":"fr-FR","potentialAction":[{"@type":"ReadAction","target":["https:\/\/chemsxpress.com\/product\/buy-hdep-28-ethylnaphthidate-online\/"]}]},{"@type":"ImageObject","inLanguage":"fr-FR","@id":"https:\/\/chemsxpress.com\/product\/buy-hdep-28-ethylnaphthidate-online\/#primaryimage","url":"https:\/\/chemsxpress.com\/wp-content\/uploads\/2024\/04\/HDEP-28.jpg","contentUrl":"https:\/\/chemsxpress.com\/wp-content\/uploads\/2024\/04\/HDEP-28.jpg","width":600,"height":600,"caption":"Buy HDEP-28 Ethylnaphthidate online"},{"@type":"BreadcrumbList","@id":"https:\/\/chemsxpress.com\/product\/buy-hdep-28-ethylnaphthidate-online\/#breadcrumb","itemListElement":[{"@type":"ListItem","position":1,"name":"Home","item":"https:\/\/chemsxpress.com\/"},{"@type":"ListItem","position":2,"name":"Shop","item":"https:\/\/chemsxpress.com\/shop\/"},{"@type":"ListItem","position":3,"name":"HDEP-28"}]},{"@type":"WebSite","@id":"https:\/\/chemsxpress.com\/#website","url":"https:\/\/chemsxpress.com\/","name":"SHOP MDPHP","description":"Acheter MDPHP freebase aupr\u00e8s d'un fournisseur fiable","potentialAction":[{"@type":"SearchAction","target":{"@type":"EntryPoint","urlTemplate":"https:\/\/chemsxpress.com\/?s={search_term_string}"},"query-input":{"@type":"PropertyValueSpecification","valueRequired":true,"valueName":"search_term_string"}}],"inLanguage":"fr-FR"}]}},"jetpack_sharing_enabled":true,"_links":{"self":[{"href":"https:\/\/chemsxpress.com\/fr\/wp-json\/wp\/v2\/product\/28949","targetHints":{"allow":["GET"]}}],"collection":[{"href":"https:\/\/chemsxpress.com\/fr\/wp-json\/wp\/v2\/product"}],"about":[{"href":"https:\/\/chemsxpress.com\/fr\/wp-json\/wp\/v2\/types\/product"}],"replies":[{"embeddable":true,"href":"https:\/\/chemsxpress.com\/fr\/wp-json\/wp\/v2\/comments?post=28949"}],"version-history":[{"count":4,"href":"https:\/\/chemsxpress.com\/fr\/wp-json\/wp\/v2\/product\/28949\/revisions"}],"predecessor-version":[{"id":30017,"href":"https:\/\/chemsxpress.com\/fr\/wp-json\/wp\/v2\/product\/28949\/revisions\/30017"}],"wp:featuredmedia":[{"embeddable":true,"href":"https:\/\/chemsxpress.com\/fr\/wp-json\/wp\/v2\/media\/29038"}],"wp:attachment":[{"href":"https:\/\/chemsxpress.com\/fr\/wp-json\/wp\/v2\/media?parent=28949"}],"wp:term":[{"taxonomy":"product_brand","embeddable":true,"href":"https:\/\/chemsxpress.com\/fr\/wp-json\/wp\/v2\/product_brand?post=28949"},{"taxonomy":"product_cat","embeddable":true,"href":"https:\/\/chemsxpress.com\/fr\/wp-json\/wp\/v2\/product_cat?post=28949"},{"taxonomy":"product_tag","embeddable":true,"href":"https:\/\/chemsxpress.com\/fr\/wp-json\/wp\/v2\/product_tag?post=28949"}],"curies":[{"name":"wp","href":"https:\/\/api.w.org\/{rel}","templated":true}]}}