{"id":28950,"date":"2024-04-29T13:19:34","date_gmt":"2024-04-29T13:19:34","guid":{"rendered":"https:\/\/chemsxpress.com\/?post_type=product&#038;p=28950"},"modified":"2024-07-04T22:10:11","modified_gmt":"2024-07-04T22:10:11","slug":"buy-2-dpmp-desoxypipradrol-online","status":"publish","type":"product","link":"https:\/\/chemsxpress.com\/fr\/produit\/buy-2-dpmp-desoxypipradrol-online\/","title":{"rendered":"d\u00e9soxypipradrol"},"content":{"rendered":"<h2>Acheter du 2-DPMP (Desoxypipradrol) en ligne<\/h2>\n<p>Buy 2-DPMP Online, Desoxypipradrol, \u00e9galement appel\u00e9 2-diphenylmethylpiperidine Buy 2-DPMP, a \u00e9t\u00e9 d\u00e9velopp\u00e9 par Ciba dans les ann\u00e9es 1950. Bien qu'il n'ait jamais \u00e9t\u00e9 vendu ou autoris\u00e9 \u00e0 des fins m\u00e9dicales, il a acquis la r\u00e9putation d'une substance puissante et controvers\u00e9e. Le d\u00e9soxypipradrol, un NDRI (inhibiteur de la recapture de la nor\u00e9pin\u00e9phrine et de la dopamine), a \u00e9t\u00e9 utilis\u00e9 abusivement pour ses effets euphorisants et stimulants.  Malgr\u00e9 son potentiel, ce m\u00e9dicament a \u00e9t\u00e9 largement ignor\u00e9 pendant des d\u00e9cennies et n'a jamais \u00e9t\u00e9 commercialis\u00e9 ni autoris\u00e9 \u00e0 des fins m\u00e9dicales.<\/p>\n<h3>LES EFFETS DU D\u00c9SOXYPIPRADROL<\/h3>\n<p>Le d\u00e9soxypipradrol augmente les niveaux de dopamine et de nor\u00e9pin\u00e9phrine dans le cerveau en tant qu'IRSN. Les avantages qui en d\u00e9coulent sont une am\u00e9lioration de l'humeur, de l'\u00e9nergie et de la vigilance, ainsi qu'une r\u00e9duction du besoin de nourriture et de sommeil. Les effets du d\u00e9soxypipradrol sont comparables \u00e0 ceux d'autres stimulants tels que les amph\u00e9tamines et la coca\u00efne. Le m\u00e9dicament est cependant beaucoup plus puissant et peut avoir des effets secondaires importants comme l'anxi\u00e9t\u00e9, la psychose et les palpitations cardiaques.Le d\u00e9soxypipradrol n'est devenu une drogue r\u00e9cr\u00e9ative bien connue qu'\u00e0 la fin des ann\u00e9es 1990 et au d\u00e9but des ann\u00e9es 2000. Il est devenu populaire aupr\u00e8s des f\u00eatards et des amateurs de sensations fortes en raison de ses puissants effets stimulants et euphorisants. Cependant, les effets du desoxypipradrol sur le corps humain n'\u00e9taient pas encore largement connus.<\/p>\n<h3>LES DANGERS DU DESOXYPIPRADROL<\/h3>\n<p>Outre les effets secondaires \u00e9num\u00e9r\u00e9s ci-dessus, le m\u00e9dicament peut provoquer des crises cardiaques, des palpitations et m\u00eame de l'hypertension. Le d\u00e9soxypipradrol est une substance puissante qui peut rapidement entra\u00eener un surdosage. Cela est particuli\u00e8rement vrai pour les nouveaux utilisateurs et ceux qui prennent de grandes quantit\u00e9s de m\u00e9dicament. Outre ses dangers physiques, le d\u00e9soxypipradrol peut entra\u00eener de graves probl\u00e8mes de sant\u00e9 mentale tels que l'anxi\u00e9t\u00e9, la parano\u00efa et m\u00eame des hallucinations. Ces effets peuvent durer tr\u00e8s longtemps apr\u00e8s l'arr\u00eat du m\u00e9dicament et perturber gravement le patient.<\/p>\n<h3>LE DESOXYPIPRADROL DANS LE PAYSAGE PHARMACEUTIQUE ACTUEL<\/h3>\n<p>Malgr\u00e9 les risques qu'il pr\u00e9sente, en particulier dans les f\u00eates et les clubs, le d\u00e9soxypipradrol est une drogue r\u00e9cr\u00e9ative largement utilis\u00e9e. Les forces de l'ordre et les sp\u00e9cialistes de la sant\u00e9 publique s'int\u00e9ressent d\u00e9sormais de plus pr\u00e8s \u00e0 cette drogue en raison de sa r\u00e9putation de toxine mortelle, soit en la rendant ill\u00e9gale, soit en l'ajoutant \u00e0 une liste de substances interdites. Cela a entra\u00een\u00e9 une diminution de son utilisation dans diverses situations, mais il reste une drogue pr\u00e9f\u00e9r\u00e9e de certaines personnes.<\/p>\n<h2>O\u00f9 acheter le 2-DPMP (Desoxypipradrol) en ligne ?<\/h2>\n<p>Au <a href=\"https:\/\/chemsxpress.com\/fr\/\">ChemsXpress<\/a>Nous proposons le 2-DPMP \u00e0 des fins de recherche. Ce compos\u00e9, scientifiquement connu sous le nom de d\u00e9soxypipradrol, est un psychostimulant appartenant \u00e0 la classe des ph\u00e9nylmorphines. Sa structure ressemble \u00e0 celle du m\u00e9thylph\u00e9nidate mais poss\u00e8de des propri\u00e9t\u00e9s pharmacologiques distinctes.<\/p>\n<p>Les chercheurs souhaitant \u00e9tudier les effets et les applications potentielles du 2-DPMP peuvent faire confiance \u00e0 ChemsXpress pour leur fournir des produits de haute qualit\u00e9. <a href=\"https:\/\/chemsxpress.com\/fr\/categorie-produit\/produits-chimiques-de-recherche\/\">produits chimiques de recherche<\/a>. Nos produits sont soumis \u00e0 des tests rigoureux afin de garantir leur puret\u00e9 et leur puissance, ce qui est essentiel pour obtenir des r\u00e9sultats de recherche fiables.<\/p>\n<p>Il est important de noter que le 2-DPMP est strictement r\u00e9serv\u00e9 \u00e0 la recherche et n'est pas destin\u00e9 \u00e0 la consommation humaine. Les chercheurs doivent manipuler ce compos\u00e9 avec pr\u00e9caution et se conformer \u00e0 tous les protocoles de s\u00e9curit\u00e9 et \u00e0 toutes les r\u00e9glementations l\u00e9gales en vigueur.<\/p>\n<p>ChemsXpress s'engage \u00e0 soutenir la recherche scientifique en fournissant un acc\u00e8s \u00e0 des produits chimiques de recherche de premi\u00e8re qualit\u00e9. Explorez notre catalogue et lancez-vous dans la recherche en toute confiance.<\/p>","protected":false},"excerpt":{"rendered":"<p>Nom IUPAC : 2-benzhydrylpiperidine<br \/>\nCAS # 519-74-4<br \/>\nAspect : poudre<br \/>\nAnalyse RMN : C18H21N<\/p>","protected":false},"featured_media":29040,"comment_status":"open","ping_status":"closed","template":"","meta":[],"product_brand":[],"product_cat":[91],"product_tag":[],"class_list":{"0":"post-28950","1":"product","2":"type-product","3":"status-publish","4":"has-post-thumbnail","6":"product_cat-piperidines","8":"first","9":"instock","10":"shipping-taxable","11":"purchasable","12":"product-type-variable"},"yoast_head":"<!-- This site is optimized with the Yoast SEO Premium plugin v24.1 (Yoast SEO v27.3) - https:\/\/yoast.com\/product\/yoast-seo-premium-wordpress\/ -->\n<title>Buy 2-DPMP (Desoxypipradrol) Online:Premium RC&#039;s | ChemsXpress<\/title>\n<meta name=\"description\" content=\"Buy 2-DPMP (Desoxypipradrol) Online at ChemsXpress. Premium research chemicals, fast shipping. Trust our quality assurance for all your research needs\" \/>\n<meta name=\"robots\" content=\"index, follow, max-snippet:-1, max-image-preview:large, max-video-preview:-1\" \/>\n<link rel=\"canonical\" href=\"https:\/\/chemsxpress.com\/fr\/produit\/buy-2-dpmp-desoxypipradrol-online\/\" \/>\n<meta property=\"og:locale\" content=\"fr_FR\" \/>\n<meta property=\"og:type\" content=\"article\" \/>\n<meta property=\"og:title\" content=\"desoxypipradrol\" \/>\n<meta property=\"og:description\" content=\"Buy 2-DPMP (Desoxypipradrol) Online at ChemsXpress. Premium research chemicals, fast shipping. Trust our quality assurance for all your research needs\" \/>\n<meta property=\"og:url\" content=\"https:\/\/chemsxpress.com\/fr\/produit\/buy-2-dpmp-desoxypipradrol-online\/\" \/>\n<meta property=\"og:site_name\" content=\"SHOP MDPHP\" \/>\n<meta property=\"article:modified_time\" content=\"2024-07-04T22:10:11+00:00\" \/>\n<meta property=\"og:image\" content=\"https:\/\/chemsxpress.com\/wp-content\/uploads\/2024\/04\/desoxypipradrol.jpg\" \/>\n\t<meta property=\"og:image:width\" content=\"600\" \/>\n\t<meta property=\"og:image:height\" content=\"600\" \/>\n\t<meta property=\"og:image:type\" content=\"image\/jpeg\" \/>\n<meta name=\"twitter:card\" content=\"summary_large_image\" \/>\n<meta name=\"twitter:label1\" content=\"Dur\u00e9e de lecture estim\u00e9e\" \/>\n\t<meta name=\"twitter:data1\" content=\"3 minutes\" \/>\n<script type=\"application\/ld+json\" class=\"yoast-schema-graph\">{\"@context\":\"https:\\\/\\\/schema.org\",\"@graph\":[{\"@type\":\"WebPage\",\"@id\":\"https:\\\/\\\/chemsxpress.com\\\/product\\\/buy-2-dpmp-desoxypipradrol-online\\\/\",\"url\":\"https:\\\/\\\/chemsxpress.com\\\/product\\\/buy-2-dpmp-desoxypipradrol-online\\\/\",\"name\":\"Buy 2-DPMP (Desoxypipradrol) Online:Premium RC's | ChemsXpress\",\"isPartOf\":{\"@id\":\"https:\\\/\\\/chemsxpress.com\\\/#website\"},\"primaryImageOfPage\":{\"@id\":\"https:\\\/\\\/chemsxpress.com\\\/product\\\/buy-2-dpmp-desoxypipradrol-online\\\/#primaryimage\"},\"image\":{\"@id\":\"https:\\\/\\\/chemsxpress.com\\\/product\\\/buy-2-dpmp-desoxypipradrol-online\\\/#primaryimage\"},\"thumbnailUrl\":\"https:\\\/\\\/chemsxpress.com\\\/wp-content\\\/uploads\\\/2024\\\/04\\\/desoxypipradrol.jpg\",\"datePublished\":\"2024-04-29T13:19:34+00:00\",\"dateModified\":\"2024-07-04T22:10:11+00:00\",\"description\":\"Buy 2-DPMP (Desoxypipradrol) Online at ChemsXpress. Premium research chemicals, fast shipping. Trust our quality assurance for all your research needs\",\"breadcrumb\":{\"@id\":\"https:\\\/\\\/chemsxpress.com\\\/product\\\/buy-2-dpmp-desoxypipradrol-online\\\/#breadcrumb\"},\"inLanguage\":\"fr-FR\",\"potentialAction\":[{\"@type\":\"ReadAction\",\"target\":[\"https:\\\/\\\/chemsxpress.com\\\/product\\\/buy-2-dpmp-desoxypipradrol-online\\\/\"]}]},{\"@type\":\"ImageObject\",\"inLanguage\":\"fr-FR\",\"@id\":\"https:\\\/\\\/chemsxpress.com\\\/product\\\/buy-2-dpmp-desoxypipradrol-online\\\/#primaryimage\",\"url\":\"https:\\\/\\\/chemsxpress.com\\\/wp-content\\\/uploads\\\/2024\\\/04\\\/desoxypipradrol.jpg\",\"contentUrl\":\"https:\\\/\\\/chemsxpress.com\\\/wp-content\\\/uploads\\\/2024\\\/04\\\/desoxypipradrol.jpg\",\"width\":600,\"height\":600,\"caption\":\"Buy 2-DPMP (Desoxypipradrol) Online\"},{\"@type\":\"BreadcrumbList\",\"@id\":\"https:\\\/\\\/chemsxpress.com\\\/product\\\/buy-2-dpmp-desoxypipradrol-online\\\/#breadcrumb\",\"itemListElement\":[{\"@type\":\"ListItem\",\"position\":1,\"name\":\"Home\",\"item\":\"https:\\\/\\\/chemsxpress.com\\\/\"},{\"@type\":\"ListItem\",\"position\":2,\"name\":\"Shop\",\"item\":\"https:\\\/\\\/chemsxpress.com\\\/shop\\\/\"},{\"@type\":\"ListItem\",\"position\":3,\"name\":\"desoxypipradrol\"}]},{\"@type\":\"WebSite\",\"@id\":\"https:\\\/\\\/chemsxpress.com\\\/#website\",\"url\":\"https:\\\/\\\/chemsxpress.com\\\/\",\"name\":\"SHOP MDPHP\",\"description\":\"Buy MDPHP freebase from reliable supplier\",\"potentialAction\":[{\"@type\":\"SearchAction\",\"target\":{\"@type\":\"EntryPoint\",\"urlTemplate\":\"https:\\\/\\\/chemsxpress.com\\\/?s={search_term_string}\"},\"query-input\":{\"@type\":\"PropertyValueSpecification\",\"valueRequired\":true,\"valueName\":\"search_term_string\"}}],\"inLanguage\":\"fr-FR\"}]}<\/script>\n<!-- \/ Yoast SEO Premium plugin. -->","yoast_head_json":{"title":"Acheter du 2-DPMP (Desoxypipradrol) en ligne","description":"Achetez des pastilles de 2C-C en ligne sur ChemsXpress. Produits chimiques de recherche de premi\u00e8re qualit\u00e9, livraison rapide. Faites confiance \u00e0 notre assurance qualit\u00e9 pour tous vos besoins de recherche. Commandez maintenant","robots":{"index":"index","follow":"follow","max-snippet":"max-snippet:-1","max-image-preview":"max-image-preview:large","max-video-preview":"max-video-preview:-1"},"canonical":"https:\/\/chemsxpress.com\/fr\/produit\/buy-2-dpmp-desoxypipradrol-online\/","og_locale":"fr_FR","og_type":"article","og_title":"desoxypipradrol","og_description":"Buy 2-DPMP (Desoxypipradrol) Online at ChemsXpress. Premium research chemicals, fast shipping. Trust our quality assurance for all your research needs","og_url":"https:\/\/chemsxpress.com\/fr\/produit\/buy-2-dpmp-desoxypipradrol-online\/","og_site_name":"SHOP MDPHP","article_modified_time":"2024-07-04T22:10:11+00:00","og_image":[{"width":600,"height":600,"url":"https:\/\/chemsxpress.com\/wp-content\/uploads\/2024\/04\/desoxypipradrol.jpg","type":"image\/jpeg"}],"twitter_card":"summary_large_image","twitter_misc":{"Dur\u00e9e de lecture estim\u00e9e":"3 minutes"},"schema":{"@context":"https:\/\/schema.org","@graph":[{"@type":"WebPage","@id":"https:\/\/chemsxpress.com\/product\/buy-2-dpmp-desoxypipradrol-online\/","url":"https:\/\/chemsxpress.com\/product\/buy-2-dpmp-desoxypipradrol-online\/","name":"Acheter du 2-DPMP (Desoxypipradrol) en ligne","isPartOf":{"@id":"https:\/\/chemsxpress.com\/#website"},"primaryImageOfPage":{"@id":"https:\/\/chemsxpress.com\/product\/buy-2-dpmp-desoxypipradrol-online\/#primaryimage"},"image":{"@id":"https:\/\/chemsxpress.com\/product\/buy-2-dpmp-desoxypipradrol-online\/#primaryimage"},"thumbnailUrl":"https:\/\/chemsxpress.com\/wp-content\/uploads\/2024\/04\/desoxypipradrol.jpg","datePublished":"2024-04-29T13:19:34+00:00","dateModified":"2024-07-04T22:10:11+00:00","description":"Achetez des pastilles de 2C-C en ligne sur ChemsXpress. Produits chimiques de recherche de premi\u00e8re qualit\u00e9, livraison rapide. Faites confiance \u00e0 notre assurance qualit\u00e9 pour tous vos besoins de recherche. Commandez maintenant","breadcrumb":{"@id":"https:\/\/chemsxpress.com\/product\/buy-2-dpmp-desoxypipradrol-online\/#breadcrumb"},"inLanguage":"fr-FR","potentialAction":[{"@type":"ReadAction","target":["https:\/\/chemsxpress.com\/product\/buy-2-dpmp-desoxypipradrol-online\/"]}]},{"@type":"ImageObject","inLanguage":"fr-FR","@id":"https:\/\/chemsxpress.com\/product\/buy-2-dpmp-desoxypipradrol-online\/#primaryimage","url":"https:\/\/chemsxpress.com\/wp-content\/uploads\/2024\/04\/desoxypipradrol.jpg","contentUrl":"https:\/\/chemsxpress.com\/wp-content\/uploads\/2024\/04\/desoxypipradrol.jpg","width":600,"height":600,"caption":"Buy 2-DPMP (Desoxypipradrol) Online"},{"@type":"BreadcrumbList","@id":"https:\/\/chemsxpress.com\/product\/buy-2-dpmp-desoxypipradrol-online\/#breadcrumb","itemListElement":[{"@type":"ListItem","position":1,"name":"Home","item":"https:\/\/chemsxpress.com\/"},{"@type":"ListItem","position":2,"name":"Shop","item":"https:\/\/chemsxpress.com\/shop\/"},{"@type":"ListItem","position":3,"name":"desoxypipradrol"}]},{"@type":"WebSite","@id":"https:\/\/chemsxpress.com\/#website","url":"https:\/\/chemsxpress.com\/","name":"SHOP MDPHP","description":"Acheter MDPHP freebase aupr\u00e8s d'un fournisseur fiable","potentialAction":[{"@type":"SearchAction","target":{"@type":"EntryPoint","urlTemplate":"https:\/\/chemsxpress.com\/?s={search_term_string}"},"query-input":{"@type":"PropertyValueSpecification","valueRequired":true,"valueName":"search_term_string"}}],"inLanguage":"fr-FR"}]}},"jetpack_sharing_enabled":true,"_links":{"self":[{"href":"https:\/\/chemsxpress.com\/fr\/wp-json\/wp\/v2\/product\/28950","targetHints":{"allow":["GET"]}}],"collection":[{"href":"https:\/\/chemsxpress.com\/fr\/wp-json\/wp\/v2\/product"}],"about":[{"href":"https:\/\/chemsxpress.com\/fr\/wp-json\/wp\/v2\/types\/product"}],"replies":[{"embeddable":true,"href":"https:\/\/chemsxpress.com\/fr\/wp-json\/wp\/v2\/comments?post=28950"}],"version-history":[{"count":4,"href":"https:\/\/chemsxpress.com\/fr\/wp-json\/wp\/v2\/product\/28950\/revisions"}],"predecessor-version":[{"id":30011,"href":"https:\/\/chemsxpress.com\/fr\/wp-json\/wp\/v2\/product\/28950\/revisions\/30011"}],"wp:featuredmedia":[{"embeddable":true,"href":"https:\/\/chemsxpress.com\/fr\/wp-json\/wp\/v2\/media\/29040"}],"wp:attachment":[{"href":"https:\/\/chemsxpress.com\/fr\/wp-json\/wp\/v2\/media?parent=28950"}],"wp:term":[{"taxonomy":"product_brand","embeddable":true,"href":"https:\/\/chemsxpress.com\/fr\/wp-json\/wp\/v2\/product_brand?post=28950"},{"taxonomy":"product_cat","embeddable":true,"href":"https:\/\/chemsxpress.com\/fr\/wp-json\/wp\/v2\/product_cat?post=28950"},{"taxonomy":"product_tag","embeddable":true,"href":"https:\/\/chemsxpress.com\/fr\/wp-json\/wp\/v2\/product_tag?post=28950"}],"curies":[{"name":"wp","href":"https:\/\/api.w.org\/{rel}","templated":true}]}}