{"id":28975,"date":"2024-04-29T13:19:58","date_gmt":"2024-04-29T13:19:58","guid":{"rendered":"https:\/\/chemsxpress.com\/?post_type=product&#038;p=28975"},"modified":"2025-05-23T17:15:44","modified_gmt":"2025-05-23T17:15:44","slug":"acheter-4-mpd-en-ligne","status":"publish","type":"product","link":"https:\/\/chemsxpress.com\/fr\/produit\/acheter-4-mpd-en-ligne\/","title":{"rendered":"4-MPD"},"content":{"rendered":"<h1><strong><span data-preserver-spaces=\"true\">Acheter 4-MPD en ligne :<\/span><\/strong><\/h1>\n<p><span data-preserver-spaces=\"true\">Acheter 4-MPD en ligne. Nous offrons l'endroit id\u00e9al pour acheter votre poudre ou votre drogue r\u00e9cr\u00e9ative Buy 4-MPD. Cette drogue est augment\u00e9e pour que vous vous sentiez bien. C'est une belle drogue. Aujourd'hui, cette drogue est devenue plus connue parmi les adultes et les jeunes. Il s'agit d'une poudre interdite qui est en outre utilis\u00e9e partout dans le monde pour le bien-\u00eatre. C'est un m\u00e9dicament artificiel. Elle se pr\u00e9sente sous diff\u00e9rentes formes : pilule, g\u00e9lule, poudre. Nous vous proposons de la poudre, le processus vital habituel pour pratiquer cette drogue. Nous vous la pr\u00e9sentons \u00e0 un prix raisonnable.\u00a0<\/span><\/p>\n<h4><strong><span data-preserver-spaces=\"true\">Tout sur : 4-mpd Acheter en ligne<\/span><\/strong><\/h4>\n<p><span data-preserver-spaces=\"true\">Il s'agit d'un m\u00e9dicament manufactur\u00e9 connu sous le nom de 4-Methylpentedrone, \u00e9galement reconnu comme 4-MPD ou 4-Methyl-methylamino-valerophenone. Cette poudre appartient \u00e0 la classe des stimulants de type cathinone. Cette poudre appartient \u00e0 la classe des stimulants de type cathinone.\u00a0<\/span><strong><em>m\u00e9dicament de synth\u00e8se<\/em><\/strong><span data-preserver-spaces=\"true\">\u00a0est souvent utilis\u00e9e \u00e0 des fins r\u00e9cr\u00e9atives en raison de ses propri\u00e9t\u00e9s euphorisantes et stimulantes. Malgr\u00e9 son utilisation g\u00e9n\u00e9rale, la cr\u00e9ation, la vente ou l'abus de cette substance sans ordonnance est ill\u00e9gale.<\/span><\/p>\n<p><span data-preserver-spaces=\"true\">Bien que la 4-M\u00e9thylpent\u00e9drone soit souvent vendue comme une option s\u00fbre aux m\u00e9dicaments \u00e9tablis, il est n\u00e9cessaire d'identifier que le manque d'ordonnance et de contr\u00f4le sur sa fabrication et son \u00e9mission en fait un produit chimique potentiellement dangereux. Gr\u00e2ce \u00e0 ces informations, nous nous int\u00e9resserons \u00e0 l'histoire, aux effets et aux risques de la 4-m\u00e9thylpent\u00e9drone, ainsi qu'\u00e0 la n\u00e9cessit\u00e9 de demander l'aide d'un professionnel en cas de consommation de substances.<\/span><\/p>\n<h4><strong><span data-preserver-spaces=\"true\">QU'EST-CE QUE LE 4-MPD ?<\/span><\/strong><\/h4>\n<p><span data-preserver-spaces=\"true\">Le 4-MPD est un stimulant manufactur\u00e9 class\u00e9 parmi les cathinones. Il s'agit du p-m\u00e9thyl d\u00e9riv\u00e9 de la pentedrone et d'un homologue plus \u00e9lev\u00e9 de la 4-m\u00e9thyl m\u00e9thcathinone (m\u00e9ph\u00e9drone) et de la 4-m\u00e9thylbuphedrone (4-MeMABP). Cette th\u00e9rapie est consid\u00e9r\u00e9e comme une drogue de cr\u00e9ation car elle est simul\u00e9e en laboratoire et n'est pas approuv\u00e9e \u00e0 des fins m\u00e9dicales.<\/span><\/p>\n<p><span data-preserver-spaces=\"true\">Depuis sa d\u00e9couverte au d\u00e9but des ann\u00e9es 2011, la 4-m\u00e9thylpent\u00e9drone est devenue une drogue populaire \u00e0 usage d\u00e9tourn\u00e9. Malgr\u00e9 sa popularit\u00e9, on sait tr\u00e8s peu de choses sur les effets \u00e0 long terme de la 4-m\u00e9thylpent\u00e9drone, et les dangers associ\u00e9s \u00e0 son utilisation ne sont pas encore totalement reconnus.<\/span><\/p>\n<h4><strong><span data-preserver-spaces=\"true\">Effets du 4-MPD :<\/span><\/strong><\/h4>\n<p><span data-preserver-spaces=\"true\">Il s'agit d'une stimulation du syst\u00e8me nerveux central qui produit une combinaison de r\u00e9sultats, tels qu'une am\u00e9lioration de l'\u00e9nergie, de l'attention et de l'amabilit\u00e9. Les effets de la 4-M\u00e9thylpent\u00e9drone sont similaires \u00e0 ceux de la m\u00e9thamph\u00e9tamine ou de la coca\u00efne et durent g\u00e9n\u00e9ralement entre deux et trois heures.<\/span><\/p>\n<p><span data-preserver-spaces=\"true\">D'autres d\u00e9clarent une augmentation du stress, de la folie et de la parano\u00efa apr\u00e8s l'utilisation de la 4-M\u00e9thylpent\u00e9drone. Les r\u00e9sultats de la 4-M\u00e9thylpent\u00e9drone diff\u00e8rent selon l'individu, le dosage et le mode de prise en charge.<\/span><\/p>\n<h4><strong><span data-preserver-spaces=\"true\">Dangers de la 4-METHYLPENTEDRONE :<\/span><\/strong><\/h4>\n<p><span data-preserver-spaces=\"true\">Malgr\u00e9 tous les plaisirs qu'il peut procurer, le 4-M\u00e9thylpentedrone est un produit chimique dangereux et potentiellement mortel. Tous les utilisateurs courent le risque de consommer un produit contenant des contaminants ou des combinaisons nocives en raison de l'absence d'ordonnance et de contr\u00f4le sur sa fabrication et sa distribution.<\/span><\/p>\n<p><span data-preserver-spaces=\"true\">Am\u00e9lioration du rythme cardiaque, douleurs thoraciques, anxi\u00e9t\u00e9,\u00a0<a href=\"https:\/\/en.wikipedia.org\/wiki\/Paranoia\" target=\"_blank\" rel=\"noopener\"><strong><em>parano\u00efa<\/em><\/strong><\/a>Les effets secondaires extr\u00eames de l'utilisation de la 4-m\u00e9thylpent\u00e9drone sont notamment des crises d'\u00e9pilepsie et des hallucinations. En plus des augmentations dangereuses de la pression art\u00e9rielle, le m\u00e9dicament provoque des arr\u00eats cardiaques, des crises d'\u00e9pilepsie et des accidents vasculaires c\u00e9r\u00e9braux.<\/span><\/p>\n<p><span data-preserver-spaces=\"true\">En plus de ses risques physiques, le 4-M\u00e9thylpentedrone peut avoir un impact important sur la sant\u00e9 mentale. L'abus d'essence peut engendrer de la tristesse, de l'anxi\u00e9t\u00e9, d'autres maladies mentales et des l\u00e9sions c\u00e9r\u00e9brales sans fin.<\/span><\/p>","protected":false},"excerpt":{"rendered":"<p><strong>Nom IUPAC : <\/strong>3-m\u00e9thyl-2-(p-tolyl)mopholine<\/p>\n<p><strong>CAS # <\/strong>N\/A<\/p>\n<p><strong>Autre nom : <\/strong>4-m\u00e9thylph\u00e9n\u00e9trazine<\/p>\n<p><strong>Apparence : <\/strong>cristaux<\/p>\n<p><strong>Analyse RMN : <\/strong>N\/A<\/p>","protected":false},"featured_media":29042,"comment_status":"open","ping_status":"closed","template":"","meta":[],"product_brand":[],"product_cat":[91],"product_tag":[],"class_list":{"0":"post-28975","1":"product","2":"type-product","3":"status-publish","4":"has-post-thumbnail","6":"product_cat-piperidines","8":"first","9":"instock","10":"shipping-taxable","11":"purchasable","12":"product-type-variable"},"yoast_head":"<!-- This site is optimized with the Yoast SEO Premium plugin v24.1 (Yoast SEO v27.3) - https:\/\/yoast.com\/product\/yoast-seo-premium-wordpress\/ -->\n<title>Buy 4-MPD Online: Premium Quality RC&#039;s | ChemsXpress<\/title>\n<meta name=\"description\" content=\"Discover 4-MPD at ChemsXpress. Premium research chemicals, fast shipping. Trust our quality assurance for all your research needs. Order now\" \/>\n<meta name=\"robots\" content=\"index, follow, max-snippet:-1, max-image-preview:large, max-video-preview:-1\" \/>\n<link rel=\"canonical\" href=\"https:\/\/chemsxpress.com\/fr\/produit\/acheter-4-mpd-en-ligne\/\" \/>\n<meta property=\"og:locale\" content=\"fr_FR\" \/>\n<meta property=\"og:type\" content=\"article\" \/>\n<meta property=\"og:title\" content=\"4-MPD\" \/>\n<meta property=\"og:description\" content=\"Discover 4-MPD at ChemsXpress. Premium research chemicals, fast shipping. Trust our quality assurance for all your research needs. Order now\" \/>\n<meta property=\"og:url\" content=\"https:\/\/chemsxpress.com\/fr\/produit\/acheter-4-mpd-en-ligne\/\" \/>\n<meta property=\"og:site_name\" content=\"SHOP MDPHP\" \/>\n<meta property=\"article:modified_time\" content=\"2025-05-23T17:15:44+00:00\" \/>\n<meta property=\"og:image\" content=\"https:\/\/chemsxpress.com\/wp-content\/uploads\/2024\/04\/4-MPM.jpg\" \/>\n\t<meta property=\"og:image:width\" content=\"600\" \/>\n\t<meta property=\"og:image:height\" content=\"600\" \/>\n\t<meta property=\"og:image:type\" content=\"image\/jpeg\" \/>\n<meta name=\"twitter:card\" content=\"summary_large_image\" \/>\n<meta name=\"twitter:label1\" content=\"Dur\u00e9e de lecture estim\u00e9e\" \/>\n\t<meta name=\"twitter:data1\" content=\"3 minutes\" \/>\n<script type=\"application\/ld+json\" class=\"yoast-schema-graph\">{\"@context\":\"https:\\\/\\\/schema.org\",\"@graph\":[{\"@type\":\"WebPage\",\"@id\":\"https:\\\/\\\/chemsxpress.com\\\/product\\\/buy-4-mpd-online\\\/\",\"url\":\"https:\\\/\\\/chemsxpress.com\\\/product\\\/buy-4-mpd-online\\\/\",\"name\":\"Buy 4-MPD Online: Premium Quality RC's | ChemsXpress\",\"isPartOf\":{\"@id\":\"https:\\\/\\\/chemsxpress.com\\\/#website\"},\"primaryImageOfPage\":{\"@id\":\"https:\\\/\\\/chemsxpress.com\\\/product\\\/buy-4-mpd-online\\\/#primaryimage\"},\"image\":{\"@id\":\"https:\\\/\\\/chemsxpress.com\\\/product\\\/buy-4-mpd-online\\\/#primaryimage\"},\"thumbnailUrl\":\"https:\\\/\\\/chemsxpress.com\\\/wp-content\\\/uploads\\\/2024\\\/04\\\/4-MPM.jpg\",\"datePublished\":\"2024-04-29T13:19:58+00:00\",\"dateModified\":\"2025-05-23T17:15:44+00:00\",\"description\":\"Discover 4-MPD at ChemsXpress. Premium research chemicals, fast shipping. Trust our quality assurance for all your research needs. Order now\",\"breadcrumb\":{\"@id\":\"https:\\\/\\\/chemsxpress.com\\\/product\\\/buy-4-mpd-online\\\/#breadcrumb\"},\"inLanguage\":\"fr-FR\",\"potentialAction\":[{\"@type\":\"ReadAction\",\"target\":[\"https:\\\/\\\/chemsxpress.com\\\/product\\\/buy-4-mpd-online\\\/\"]}]},{\"@type\":\"ImageObject\",\"inLanguage\":\"fr-FR\",\"@id\":\"https:\\\/\\\/chemsxpress.com\\\/product\\\/buy-4-mpd-online\\\/#primaryimage\",\"url\":\"https:\\\/\\\/chemsxpress.com\\\/wp-content\\\/uploads\\\/2024\\\/04\\\/4-MPM.jpg\",\"contentUrl\":\"https:\\\/\\\/chemsxpress.com\\\/wp-content\\\/uploads\\\/2024\\\/04\\\/4-MPM.jpg\",\"width\":600,\"height\":600,\"caption\":\"Buy 4-MPD Online\"},{\"@type\":\"BreadcrumbList\",\"@id\":\"https:\\\/\\\/chemsxpress.com\\\/product\\\/buy-4-mpd-online\\\/#breadcrumb\",\"itemListElement\":[{\"@type\":\"ListItem\",\"position\":1,\"name\":\"Home\",\"item\":\"https:\\\/\\\/chemsxpress.com\\\/\"},{\"@type\":\"ListItem\",\"position\":2,\"name\":\"Shop\",\"item\":\"https:\\\/\\\/chemsxpress.com\\\/shop\\\/\"},{\"@type\":\"ListItem\",\"position\":3,\"name\":\"4-MPD\"}]},{\"@type\":\"WebSite\",\"@id\":\"https:\\\/\\\/chemsxpress.com\\\/#website\",\"url\":\"https:\\\/\\\/chemsxpress.com\\\/\",\"name\":\"SHOP MDPHP\",\"description\":\"Buy MDPHP freebase from reliable supplier\",\"potentialAction\":[{\"@type\":\"SearchAction\",\"target\":{\"@type\":\"EntryPoint\",\"urlTemplate\":\"https:\\\/\\\/chemsxpress.com\\\/?s={search_term_string}\"},\"query-input\":{\"@type\":\"PropertyValueSpecification\",\"valueRequired\":true,\"valueName\":\"search_term_string\"}}],\"inLanguage\":\"fr-FR\"}]}<\/script>\n<!-- \/ Yoast SEO Premium plugin. -->","yoast_head_json":{"title":"Acheter 3-FPM en ligne : RC de qualit\u00e9 premium | ChemsXpres","description":"D\u00e9couvrez Pyrazolam sur ChemsXpress. Produits chimiques de recherche de premi\u00e8re qualit\u00e9, livraison rapide. Faites confiance \u00e0 notre assurance qualit\u00e9 pour tous vos besoins de recherche. Commandez maintenant","robots":{"index":"index","follow":"follow","max-snippet":"max-snippet:-1","max-image-preview":"max-image-preview:large","max-video-preview":"max-video-preview:-1"},"canonical":"https:\/\/chemsxpress.com\/fr\/produit\/acheter-4-mpd-en-ligne\/","og_locale":"fr_FR","og_type":"article","og_title":"4-MPD","og_description":"Discover 4-MPD at ChemsXpress. Premium research chemicals, fast shipping. Trust our quality assurance for all your research needs. Order now","og_url":"https:\/\/chemsxpress.com\/fr\/produit\/acheter-4-mpd-en-ligne\/","og_site_name":"SHOP MDPHP","article_modified_time":"2025-05-23T17:15:44+00:00","og_image":[{"width":600,"height":600,"url":"https:\/\/chemsxpress.com\/wp-content\/uploads\/2024\/04\/4-MPM.jpg","type":"image\/jpeg"}],"twitter_card":"summary_large_image","twitter_misc":{"Dur\u00e9e de lecture estim\u00e9e":"3 minutes"},"schema":{"@context":"https:\/\/schema.org","@graph":[{"@type":"WebPage","@id":"https:\/\/chemsxpress.com\/product\/buy-4-mpd-online\/","url":"https:\/\/chemsxpress.com\/product\/buy-4-mpd-online\/","name":"Acheter 3-FPM en ligne : RC de qualit\u00e9 premium | ChemsXpres","isPartOf":{"@id":"https:\/\/chemsxpress.com\/#website"},"primaryImageOfPage":{"@id":"https:\/\/chemsxpress.com\/product\/buy-4-mpd-online\/#primaryimage"},"image":{"@id":"https:\/\/chemsxpress.com\/product\/buy-4-mpd-online\/#primaryimage"},"thumbnailUrl":"https:\/\/chemsxpress.com\/wp-content\/uploads\/2024\/04\/4-MPM.jpg","datePublished":"2024-04-29T13:19:58+00:00","dateModified":"2025-05-23T17:15:44+00:00","description":"D\u00e9couvrez Pyrazolam sur ChemsXpress. Produits chimiques de recherche de premi\u00e8re qualit\u00e9, livraison rapide. Faites confiance \u00e0 notre assurance qualit\u00e9 pour tous vos besoins de recherche. Commandez maintenant","breadcrumb":{"@id":"https:\/\/chemsxpress.com\/product\/buy-4-mpd-online\/#breadcrumb"},"inLanguage":"fr-FR","potentialAction":[{"@type":"ReadAction","target":["https:\/\/chemsxpress.com\/product\/buy-4-mpd-online\/"]}]},{"@type":"ImageObject","inLanguage":"fr-FR","@id":"https:\/\/chemsxpress.com\/product\/buy-4-mpd-online\/#primaryimage","url":"https:\/\/chemsxpress.com\/wp-content\/uploads\/2024\/04\/4-MPM.jpg","contentUrl":"https:\/\/chemsxpress.com\/wp-content\/uploads\/2024\/04\/4-MPM.jpg","width":600,"height":600,"caption":"Buy 4-MPD Online"},{"@type":"BreadcrumbList","@id":"https:\/\/chemsxpress.com\/product\/buy-4-mpd-online\/#breadcrumb","itemListElement":[{"@type":"ListItem","position":1,"name":"Home","item":"https:\/\/chemsxpress.com\/"},{"@type":"ListItem","position":2,"name":"Shop","item":"https:\/\/chemsxpress.com\/shop\/"},{"@type":"ListItem","position":3,"name":"4-MPD"}]},{"@type":"WebSite","@id":"https:\/\/chemsxpress.com\/#website","url":"https:\/\/chemsxpress.com\/","name":"SHOP MDPHP","description":"Acheter MDPHP freebase aupr\u00e8s d'un fournisseur fiable","potentialAction":[{"@type":"SearchAction","target":{"@type":"EntryPoint","urlTemplate":"https:\/\/chemsxpress.com\/?s={search_term_string}"},"query-input":{"@type":"PropertyValueSpecification","valueRequired":true,"valueName":"search_term_string"}}],"inLanguage":"fr-FR"}]}},"jetpack_sharing_enabled":true,"_links":{"self":[{"href":"https:\/\/chemsxpress.com\/fr\/wp-json\/wp\/v2\/product\/28975","targetHints":{"allow":["GET"]}}],"collection":[{"href":"https:\/\/chemsxpress.com\/fr\/wp-json\/wp\/v2\/product"}],"about":[{"href":"https:\/\/chemsxpress.com\/fr\/wp-json\/wp\/v2\/types\/product"}],"replies":[{"embeddable":true,"href":"https:\/\/chemsxpress.com\/fr\/wp-json\/wp\/v2\/comments?post=28975"}],"version-history":[{"count":3,"href":"https:\/\/chemsxpress.com\/fr\/wp-json\/wp\/v2\/product\/28975\/revisions"}],"predecessor-version":[{"id":29611,"href":"https:\/\/chemsxpress.com\/fr\/wp-json\/wp\/v2\/product\/28975\/revisions\/29611"}],"wp:featuredmedia":[{"embeddable":true,"href":"https:\/\/chemsxpress.com\/fr\/wp-json\/wp\/v2\/media\/29042"}],"wp:attachment":[{"href":"https:\/\/chemsxpress.com\/fr\/wp-json\/wp\/v2\/media?parent=28975"}],"wp:term":[{"taxonomy":"product_brand","embeddable":true,"href":"https:\/\/chemsxpress.com\/fr\/wp-json\/wp\/v2\/product_brand?post=28975"},{"taxonomy":"product_cat","embeddable":true,"href":"https:\/\/chemsxpress.com\/fr\/wp-json\/wp\/v2\/product_cat?post=28975"},{"taxonomy":"product_tag","embeddable":true,"href":"https:\/\/chemsxpress.com\/fr\/wp-json\/wp\/v2\/product_tag?post=28975"}],"curies":[{"name":"wp","href":"https:\/\/api.w.org\/{rel}","templated":true}]}}