{"id":28977,"date":"2024-04-29T13:19:58","date_gmt":"2024-04-29T13:19:58","guid":{"rendered":"https:\/\/chemsxpress.com\/?post_type=product&#038;p=28977"},"modified":"2024-07-04T22:03:38","modified_gmt":"2024-07-04T22:03:38","slug":"acheter-nb-5-meo-mipt","status":"publish","type":"product","link":"https:\/\/chemsxpress.com\/fr\/produit\/acheter-nb-5-meo-mipt\/","title":{"rendered":"NB-5-MeO-MiPT (oxalate)"},"content":{"rendered":"<h1><strong>Acheter NB-5-MeO-MiPT (oxalate)<\/strong><\/h1>\n<h2><strong>Informations g\u00e9n\u00e9rales Tryptamines :\u00a0<\/strong><\/h2>\n<p>Acheter NB-5-MeO-MiPT La tryptamine est un m\u00e9tabolite indolamine de l'amino corrosif n\u00e9cessaire qu'est le tryptophane. Un indole caract\u00e9rise la structure de la substance \u2500 un anneau combin\u00e9 de benz\u00e8ne et de pyrrole et un bouquet de 2-amino\u00e9thyle sur le carbone suivant (troisi\u00e8me iota odorant, le premier \u00e9tant l'azote h\u00e9t\u00e9rocyclique). La construction de la tryptamine est un \u00e9l\u00e9ment commun \u00e0 certains neuromodulateurs aminergiques, notamment la m\u00e9latonine, la s\u00e9rotonine, la bufot\u00e9nine et les filiales hallucinog\u00e8nes, par exemple la dim\u00e9thyltryptamine (DMT), la psilocybine, la psilocine et d'autres. En outre, il a \u00e9t\u00e9 d\u00e9montr\u00e9 que la tryptamine agit sur les r\u00e9cepteurs li\u00e9s aux amines communiqu\u00e9es dans le cerveau des mammif\u00e8res et g\u00e8re l'action des syst\u00e8mes dopaminergiques, s\u00e9rotoninergiques et glutamatergiques.<\/p>\n<p>La 5-MeO-MiPT est un m\u00e9dicament hallucinog\u00e8ne et stimulant utilis\u00e9 par certains comme enth\u00e9og\u00e8ne. Il poss\u00e8de les m\u00eames propri\u00e9t\u00e9s sous-jacentes et pharmacodynamiques que les m\u00e9dicaments 5-MeO-DiPT, DiPT et MiPT. Cependant, il est g\u00e9n\u00e9ralement utilis\u00e9 comme \"substitut\" du 5-MeO-DiPT en raison de sa structure et de ses effets identiques.<\/p>\n<p>&nbsp;<\/p>\n<h3><strong>Composition chimique des tryptamines : NB-5-MeO-MiPT (oxalate)<\/strong><\/h3>\n<p>&nbsp;<\/p>\n<p>La 5-MeO-MiPT fait partie d'une classe de m\u00e9langes connus sous le nom de tryptamines et est l'homologue N-m\u00e9thyl-N-isopropyl de la 5-MeO-DMT hallucinog\u00e8ne. Le nom complet du compos\u00e9 est 5-m\u00e9thoxy-N-m\u00e9thyl-N-isopropyltryptamine.<\/p>\n<p>La 5-MeO-MiPT rend le r\u00e9actif d'Ehrlich violet, puis se fond dans le bleu noir. Il fait passer le r\u00e9actif de Marquis du jaune au fonc\u00e9.<\/p>\n<h3><strong>Pharmacologie des tryptamines : NB-5-MeO-MiPT (oxalate).<\/strong><\/h3>\n<p>Les affinit\u00e9s au niveau d'une carte de 5-HT ne sont pas enti\u00e8rement grav\u00e9es dans le marbre par le programme PDSP soutenu par le NIMH. Par exemple, les associations aux r\u00e9cepteurs 5-HT2A et 5-HT2C de l'homme et du rongeur sont toujours en suspens, utilisant \u00e0 la fois des radioligands agonistes et m\u00e9chants.<\/p>\n<p>En proportion de la force et de la viabilit\u00e9, les changements dans les niveaux de Ca2+ intracellulaires ont \u00e9t\u00e9 estim\u00e9s \u00e0 l'aide d'une plaque d'imagerie fluorom\u00e9trique (FLIPRTETRA, Molecular Devices) au niveau des r\u00e9cepteurs 5-HT2A, 5-HT2B et 5-HT2C humains et des r\u00e9cepteurs 5-HT2A et 5-HT2C de rongeurs. Enfin, en proportion de l'activation du r\u00e9cepteur 5-HT2A in vivo, nous avons \u00e9tudi\u00e9 la capacit\u00e9, toutes choses \u00e9gales par ailleurs, de d\u00e9clencher le HTR de la souris.<\/p>\n<p>Nous avons \u00e9mis l'hypoth\u00e8se que la puissance utilisable au niveau du r\u00e9cepteur 5-HT2A des rongeurs pourrait se connecter au mieux avec l'information sur la conduite des secousses de la t\u00eate de la souris puisque les affinit\u00e9s des ligands au niveau du r\u00e9cepteur 5-HT2A des rongeurs s'associent au r\u00e9cepteur 5-HT2A de la souris, mais pas au r\u00e9cepteur 5-HT2A humain.<\/p>\n<h3><strong>Acheter de la Fluorex\u00e9tamine de haute qualit\u00e9<\/strong><\/h3>\n<p>TRRCSHOP a de nombreuses ann\u00e9es d'exp\u00e9rience dans les domaines suivants <a href=\"https:\/\/chemsxpress.com\/fr\/categorie-produit\/produits-chimiques-de-recherche\/\">recherche chimique<\/a> L'\u00e9quipe de recherche chimique vend de la Fluorex\u00e9tamine et des produits chimiques pour la recherche. L'\u00e9quipe de recherche chimique vend de la Fluorex\u00e9tamine et de la <a href=\"https:\/\/chemsxpress.com\/fr\/produit\/acheter-des-pastilles-de-bromonordiazepam\/\">2,5 mg en comprim\u00e9s<\/a>. Les produits chimiques de recherche, y compris les fluorex\u00e9tamines, r\u00e9pondent \u00e0 toutes les exigences de s\u00e9curit\u00e9. Les produits chimiques de recherche sont soigneusement distribu\u00e9s et stock\u00e9s dans un endroit frais et sec.<\/p>\n<p>Tous les produits sont r\u00e9guli\u00e8rement contr\u00f4l\u00e9s pour en v\u00e9rifier la qualit\u00e9, la puret\u00e9 et la s\u00e9curit\u00e9. Conservez toujours Fluorexetamine \u00e0 temp\u00e9rature ambiante et hors de port\u00e9e des enfants et des animaux domestiques. Notre Fluorex\u00e9tamine n'est pas destin\u00e9e \u00e0 un usage personnel. Elle est uniquement destin\u00e9e \u00e0 la recherche.<\/p>\n<p>Il ne doit pas \u00eatre m\u00e9lang\u00e9 avec de l'alcool ou des produits chimiques de recherche lors de la recherche de ce produit chimique de recherche !<\/p>\n<p>Tous nos produits ont un prix \u00e9quitable !<\/p>\n<h3><strong>Le laboratoire a test\u00e9 la fluorex\u00e9tamine et a obtenu des r\u00e9sultats.<\/strong><\/h3>\n<p>Remakes progresse vers la satisfaction g\u00e9n\u00e9rale de ses clients. Diff\u00e9rents examens ont montr\u00e9 que les clients demandent autant de donn\u00e9es que pr\u00e9vu avant d'acheter des produits chimiques de recherche synth\u00e9tiques. En outre, nous publions toutes les cons\u00e9quences de laboratoire de chaque compos\u00e9 d'examen sur une fiche PDF.<\/p>\n<p>Notre Fluorex\u00e9tamine r\u00e9pond syst\u00e9matiquement aux principes actifs et est visible par tout le monde.<\/p>\n<p>Nous distribuons toutes les cons\u00e9quences de laboratoire de chaque produit chimique de recherche sur un document PDF.<\/p>\n<h3><strong>Commandez en toute s\u00e9curit\u00e9 de Fluorexetamine.<\/strong><\/h3>\n<p>Les produits chimiques de recherche de TRRCSHOP sont d'excellente qualit\u00e9 et d'un co\u00fbt raisonnable. C'est pourquoi, au moment o\u00f9 vous demandez votre\u00a0<strong>Fluorex\u00e9tamine\u00a0<\/strong>Chez ChemsXpress, nous vous garantissons que votre demande sera achemin\u00e9e \u00e0 votre domicile rapidement et en toute s\u00e9curit\u00e9.<\/p>\n<p>La demande de compos\u00e9s de recherche synth\u00e9tiques par Bitcoin ou par virement bancaire est tr\u00e8s simple au TRRCSHOP.<\/p>\n<p>Nous exp\u00e9dions la Fluorex\u00e9tamine le m\u00eame jour ouvrable si le paiement est re\u00e7u avant 14h00 CEST. Nous n'exp\u00e9dions g\u00e9n\u00e9ralement pas le samedi, le dimanche ou les jours f\u00e9ri\u00e9s nationaux\/internationaux.<strong>.<\/strong><\/p>\n<h3><strong>Exp\u00e9dition discr\u00e8te de produits chimiques destin\u00e9s \u00e0 la recherche.<\/strong><\/h3>\n<p>Bien que les produits chimiques de recherche soient l\u00e9galement accessibles en ligne, nous, chez Rcendeavor, les livrons de la mani\u00e8re la plus s\u00fbre et la plus raisonnable. Nous emballons de mani\u00e8re tr\u00e8s discr\u00e8te et aucun signe de ce qui pourrait se trouver \u00e0 l'int\u00e9rieur ne sera visible \u00e0 l'ext\u00e9rieur.<\/p>\n<p>Nous envoyons les commandes de plus de 500 euros avec le track and follow afin que vous puissiez suivre votre colis progressivement. Nous envoyons les commandes de plus de 500 euros avec le track gratuit.<\/p>\n<p>Nous ne fournissons pas d'articles aux personnes de moins de 18 ans !<\/p>\n<h3><strong>Pr\u00e9cautions<\/strong><\/h3>\n<ul>\n<li>Achetez les \u00e9quipements de protection individuelle appropri\u00e9s, tels que des lunettes et des gants. Nettoyez-les et entretenez-les de mani\u00e8re appropri\u00e9e. Suivez des syst\u00e8mes s\u00fbrs lorsque vous manipulez des produits chimiques destin\u00e9s \u00e0 la recherche et ne prenez pas de raccourcis.<\/li>\n<li>Si le produit chimique de recherche entre en contact avec les yeux, rincer abondamment et \u00e9liminer les lentilles de contact si elles sont essentielles.<\/li>\n<li>Essayez d'utiliser un masque lorsque vous utilisez ces produits chimiques afin qu'ils ne p\u00e9n\u00e8trent pas \u00e0 l'int\u00e9rieur de vous lorsque vous respirez.<\/li>\n<li>Comme l'indiquent les m\u00e9thodes soutenues, manipulez, stockez et \u00e9liminez les mati\u00e8res dangereuses en toute s\u00e9curit\u00e9. Ne jamais les d\u00e9verser dans les \u00e9gouts ou les canaux.<\/li>\n<li>Stockez les produits chimiques de recherche de mani\u00e8re appropri\u00e9e, comme indiqu\u00e9 sur leur nom. Les produits chimiques inflammables doivent \u00eatre rang\u00e9s dans un excellent cannabis sec, \u00e0 l'abri de l'intensit\u00e9 et de la lumi\u00e8re du jour. Quelques produits synth\u00e9tiques, comme les acides, doivent \u00eatre rang\u00e9s ind\u00e9pendamment les uns des autres.<\/li>\n<li><a href=\"https:\/\/chemsxpress.com\/fr\/\">ChemsXpress<\/a> offerts \u00e0 des fins de recherche ; la consommation humaine est fortement interdite.<\/li>\n<\/ul>","protected":false},"excerpt":{"rendered":"<p>Nom UICPA : oxalate de tert-butyle 3-(2-(isopropyl(m\u00e9thyl)amino)\u00e9thyl)-5-m\u00e9thoxy-1H-indole-1- carboxylate<br \/>\nAspect : poudre<br \/>\nForme : oxalate<\/p>","protected":false},"featured_media":29046,"comment_status":"open","ping_status":"closed","template":"","meta":[],"product_brand":[],"product_cat":[92],"product_tag":[],"class_list":{"0":"post-28977","1":"product","2":"type-product","3":"status-publish","4":"has-post-thumbnail","6":"product_cat-tryptamines","8":"first","9":"instock","10":"shipping-taxable","11":"purchasable","12":"product-type-variable"},"yoast_head":"<!-- This site is optimized with the Yoast SEO Premium plugin v24.1 (Yoast SEO v27.3) - https:\/\/yoast.com\/product\/yoast-seo-premium-wordpress\/ -->\n<title>Buy NB-5-MeO-MiPT Online: Premium Quality Rc&#039;s | ChemsXpress<\/title>\n<meta name=\"description\" content=\"Buy NB-5-MeO-MiPT Online at ChemsXpress. Premium research chemicals, fast shipping. Trust our quality assurance for all your research needs. Order now\" \/>\n<meta name=\"robots\" content=\"index, follow, max-snippet:-1, max-image-preview:large, max-video-preview:-1\" \/>\n<link rel=\"canonical\" href=\"https:\/\/chemsxpress.com\/fr\/produit\/acheter-nb-5-meo-mipt\/\" \/>\n<meta property=\"og:locale\" content=\"fr_FR\" \/>\n<meta property=\"og:type\" content=\"article\" \/>\n<meta property=\"og:title\" content=\"NB-5-MeO-MiPT (oxalate)\" \/>\n<meta property=\"og:description\" content=\"Buy NB-5-MeO-MiPT Online at ChemsXpress. Premium research chemicals, fast shipping. Trust our quality assurance for all your research needs. Order now\" \/>\n<meta property=\"og:url\" content=\"https:\/\/chemsxpress.com\/fr\/produit\/acheter-nb-5-meo-mipt\/\" \/>\n<meta property=\"og:site_name\" content=\"SHOP MDPHP\" \/>\n<meta property=\"article:modified_time\" content=\"2024-07-04T22:03:38+00:00\" \/>\n<meta property=\"og:image\" content=\"https:\/\/chemsxpress.com\/wp-content\/uploads\/2024\/04\/NB-5-MeO-MiPT-oxalate.jpg\" \/>\n\t<meta property=\"og:image:width\" content=\"600\" \/>\n\t<meta property=\"og:image:height\" content=\"600\" \/>\n\t<meta property=\"og:image:type\" content=\"image\/jpeg\" \/>\n<meta name=\"twitter:card\" content=\"summary_large_image\" \/>\n<meta name=\"twitter:label1\" content=\"Dur\u00e9e de lecture estim\u00e9e\" \/>\n\t<meta name=\"twitter:data1\" content=\"4 minutes\" \/>\n<script type=\"application\/ld+json\" class=\"yoast-schema-graph\">{\"@context\":\"https:\\\/\\\/schema.org\",\"@graph\":[{\"@type\":\"WebPage\",\"@id\":\"https:\\\/\\\/chemsxpress.com\\\/product\\\/buy-nb-5-meo-mipt\\\/\",\"url\":\"https:\\\/\\\/chemsxpress.com\\\/product\\\/buy-nb-5-meo-mipt\\\/\",\"name\":\"Buy NB-5-MeO-MiPT Online: Premium Quality Rc's | ChemsXpress\",\"isPartOf\":{\"@id\":\"https:\\\/\\\/chemsxpress.com\\\/#website\"},\"primaryImageOfPage\":{\"@id\":\"https:\\\/\\\/chemsxpress.com\\\/product\\\/buy-nb-5-meo-mipt\\\/#primaryimage\"},\"image\":{\"@id\":\"https:\\\/\\\/chemsxpress.com\\\/product\\\/buy-nb-5-meo-mipt\\\/#primaryimage\"},\"thumbnailUrl\":\"https:\\\/\\\/chemsxpress.com\\\/wp-content\\\/uploads\\\/2024\\\/04\\\/NB-5-MeO-MiPT-oxalate.jpg\",\"datePublished\":\"2024-04-29T13:19:58+00:00\",\"dateModified\":\"2024-07-04T22:03:38+00:00\",\"description\":\"Buy NB-5-MeO-MiPT Online at ChemsXpress. Premium research chemicals, fast shipping. Trust our quality assurance for all your research needs. Order now\",\"breadcrumb\":{\"@id\":\"https:\\\/\\\/chemsxpress.com\\\/product\\\/buy-nb-5-meo-mipt\\\/#breadcrumb\"},\"inLanguage\":\"fr-FR\",\"potentialAction\":[{\"@type\":\"ReadAction\",\"target\":[\"https:\\\/\\\/chemsxpress.com\\\/product\\\/buy-nb-5-meo-mipt\\\/\"]}]},{\"@type\":\"ImageObject\",\"inLanguage\":\"fr-FR\",\"@id\":\"https:\\\/\\\/chemsxpress.com\\\/product\\\/buy-nb-5-meo-mipt\\\/#primaryimage\",\"url\":\"https:\\\/\\\/chemsxpress.com\\\/wp-content\\\/uploads\\\/2024\\\/04\\\/NB-5-MeO-MiPT-oxalate.jpg\",\"contentUrl\":\"https:\\\/\\\/chemsxpress.com\\\/wp-content\\\/uploads\\\/2024\\\/04\\\/NB-5-MeO-MiPT-oxalate.jpg\",\"width\":600,\"height\":600,\"caption\":\"Buy NB-5-MeO-MiPT\"},{\"@type\":\"BreadcrumbList\",\"@id\":\"https:\\\/\\\/chemsxpress.com\\\/product\\\/buy-nb-5-meo-mipt\\\/#breadcrumb\",\"itemListElement\":[{\"@type\":\"ListItem\",\"position\":1,\"name\":\"Home\",\"item\":\"https:\\\/\\\/chemsxpress.com\\\/\"},{\"@type\":\"ListItem\",\"position\":2,\"name\":\"Shop\",\"item\":\"https:\\\/\\\/chemsxpress.com\\\/shop\\\/\"},{\"@type\":\"ListItem\",\"position\":3,\"name\":\"NB-5-MeO-MiPT (oxalate)\"}]},{\"@type\":\"WebSite\",\"@id\":\"https:\\\/\\\/chemsxpress.com\\\/#website\",\"url\":\"https:\\\/\\\/chemsxpress.com\\\/\",\"name\":\"SHOP MDPHP\",\"description\":\"Buy MDPHP freebase from reliable supplier\",\"potentialAction\":[{\"@type\":\"SearchAction\",\"target\":{\"@type\":\"EntryPoint\",\"urlTemplate\":\"https:\\\/\\\/chemsxpress.com\\\/?s={search_term_string}\"},\"query-input\":{\"@type\":\"PropertyValueSpecification\",\"valueRequired\":true,\"valueName\":\"search_term_string\"}}],\"inLanguage\":\"fr-FR\"}]}<\/script>\n<!-- \/ Yoast SEO Premium plugin. -->","yoast_head_json":{"title":"Acheter NB-5-MeO-MiPT en ligne : ChemsXpress - Rc's de qualit\u00e9 sup\u00e9rieure","description":"Achetez NB-5-MeO-MiPT en ligne \u00e0 ChemsXpress. Produits chimiques de recherche de premi\u00e8re qualit\u00e9, livraison rapide. Faites confiance \u00e0 notre assurance qualit\u00e9 pour tous vos besoins de recherche. Commandez maintenant","robots":{"index":"index","follow":"follow","max-snippet":"max-snippet:-1","max-image-preview":"max-image-preview:large","max-video-preview":"max-video-preview:-1"},"canonical":"https:\/\/chemsxpress.com\/fr\/produit\/acheter-nb-5-meo-mipt\/","og_locale":"fr_FR","og_type":"article","og_title":"NB-5-MeO-MiPT (oxalate)","og_description":"Buy NB-5-MeO-MiPT Online at ChemsXpress. Premium research chemicals, fast shipping. Trust our quality assurance for all your research needs. Order now","og_url":"https:\/\/chemsxpress.com\/fr\/produit\/acheter-nb-5-meo-mipt\/","og_site_name":"SHOP MDPHP","article_modified_time":"2024-07-04T22:03:38+00:00","og_image":[{"width":600,"height":600,"url":"https:\/\/chemsxpress.com\/wp-content\/uploads\/2024\/04\/NB-5-MeO-MiPT-oxalate.jpg","type":"image\/jpeg"}],"twitter_card":"summary_large_image","twitter_misc":{"Dur\u00e9e de lecture estim\u00e9e":"4 minutes"},"schema":{"@context":"https:\/\/schema.org","@graph":[{"@type":"WebPage","@id":"https:\/\/chemsxpress.com\/product\/buy-nb-5-meo-mipt\/","url":"https:\/\/chemsxpress.com\/product\/buy-nb-5-meo-mipt\/","name":"Acheter NB-5-MeO-MiPT en ligne : ChemsXpress - Rc's de qualit\u00e9 sup\u00e9rieure","isPartOf":{"@id":"https:\/\/chemsxpress.com\/#website"},"primaryImageOfPage":{"@id":"https:\/\/chemsxpress.com\/product\/buy-nb-5-meo-mipt\/#primaryimage"},"image":{"@id":"https:\/\/chemsxpress.com\/product\/buy-nb-5-meo-mipt\/#primaryimage"},"thumbnailUrl":"https:\/\/chemsxpress.com\/wp-content\/uploads\/2024\/04\/NB-5-MeO-MiPT-oxalate.jpg","datePublished":"2024-04-29T13:19:58+00:00","dateModified":"2024-07-04T22:03:38+00:00","description":"Achetez NB-5-MeO-MiPT en ligne \u00e0 ChemsXpress. Produits chimiques de recherche de premi\u00e8re qualit\u00e9, livraison rapide. Faites confiance \u00e0 notre assurance qualit\u00e9 pour tous vos besoins de recherche. Commandez maintenant","breadcrumb":{"@id":"https:\/\/chemsxpress.com\/product\/buy-nb-5-meo-mipt\/#breadcrumb"},"inLanguage":"fr-FR","potentialAction":[{"@type":"ReadAction","target":["https:\/\/chemsxpress.com\/product\/buy-nb-5-meo-mipt\/"]}]},{"@type":"ImageObject","inLanguage":"fr-FR","@id":"https:\/\/chemsxpress.com\/product\/buy-nb-5-meo-mipt\/#primaryimage","url":"https:\/\/chemsxpress.com\/wp-content\/uploads\/2024\/04\/NB-5-MeO-MiPT-oxalate.jpg","contentUrl":"https:\/\/chemsxpress.com\/wp-content\/uploads\/2024\/04\/NB-5-MeO-MiPT-oxalate.jpg","width":600,"height":600,"caption":"Buy NB-5-MeO-MiPT"},{"@type":"BreadcrumbList","@id":"https:\/\/chemsxpress.com\/product\/buy-nb-5-meo-mipt\/#breadcrumb","itemListElement":[{"@type":"ListItem","position":1,"name":"Home","item":"https:\/\/chemsxpress.com\/"},{"@type":"ListItem","position":2,"name":"Shop","item":"https:\/\/chemsxpress.com\/shop\/"},{"@type":"ListItem","position":3,"name":"NB-5-MeO-MiPT (oxalate)"}]},{"@type":"WebSite","@id":"https:\/\/chemsxpress.com\/#website","url":"https:\/\/chemsxpress.com\/","name":"SHOP MDPHP","description":"Acheter MDPHP freebase aupr\u00e8s d'un fournisseur fiable","potentialAction":[{"@type":"SearchAction","target":{"@type":"EntryPoint","urlTemplate":"https:\/\/chemsxpress.com\/?s={search_term_string}"},"query-input":{"@type":"PropertyValueSpecification","valueRequired":true,"valueName":"search_term_string"}}],"inLanguage":"fr-FR"}]}},"jetpack_sharing_enabled":true,"_links":{"self":[{"href":"https:\/\/chemsxpress.com\/fr\/wp-json\/wp\/v2\/product\/28977","targetHints":{"allow":["GET"]}}],"collection":[{"href":"https:\/\/chemsxpress.com\/fr\/wp-json\/wp\/v2\/product"}],"about":[{"href":"https:\/\/chemsxpress.com\/fr\/wp-json\/wp\/v2\/types\/product"}],"replies":[{"embeddable":true,"href":"https:\/\/chemsxpress.com\/fr\/wp-json\/wp\/v2\/comments?post=28977"}],"version-history":[{"count":4,"href":"https:\/\/chemsxpress.com\/fr\/wp-json\/wp\/v2\/product\/28977\/revisions"}],"predecessor-version":[{"id":30003,"href":"https:\/\/chemsxpress.com\/fr\/wp-json\/wp\/v2\/product\/28977\/revisions\/30003"}],"wp:featuredmedia":[{"embeddable":true,"href":"https:\/\/chemsxpress.com\/fr\/wp-json\/wp\/v2\/media\/29046"}],"wp:attachment":[{"href":"https:\/\/chemsxpress.com\/fr\/wp-json\/wp\/v2\/media?parent=28977"}],"wp:term":[{"taxonomy":"product_brand","embeddable":true,"href":"https:\/\/chemsxpress.com\/fr\/wp-json\/wp\/v2\/product_brand?post=28977"},{"taxonomy":"product_cat","embeddable":true,"href":"https:\/\/chemsxpress.com\/fr\/wp-json\/wp\/v2\/product_cat?post=28977"},{"taxonomy":"product_tag","embeddable":true,"href":"https:\/\/chemsxpress.com\/fr\/wp-json\/wp\/v2\/product_tag?post=28977"}],"curies":[{"name":"wp","href":"https:\/\/api.w.org\/{rel}","templated":true}]}}