{"id":28978,"date":"2024-04-29T13:19:58","date_gmt":"2024-04-29T13:19:58","guid":{"rendered":"https:\/\/chemsxpress.com\/?post_type=product&#038;p=28978"},"modified":"2025-05-18T11:45:03","modified_gmt":"2025-05-18T11:45:03","slug":"acheter-5-meo-dalt-en-ligne","status":"publish","type":"product","link":"https:\/\/chemsxpress.com\/fr\/produit\/acheter-5-meo-dalt-en-ligne\/","title":{"rendered":"NB-5-MeO-DALT (oxalate)"},"content":{"rendered":"<h1>Acheter 5-MEO-DALT en ligne<\/h1>\n<p>Acheter 5-MEO-DALT en ligne Chez ChemsXpress, nous sommes fiers de proposer 5-MeO-DALT, un compos\u00e9 psych\u00e9d\u00e9lique fascinant r\u00e9put\u00e9 pour ses effets uniques et ses applications th\u00e9rapeutiques potentielles. \u00c9galement connu sous le nom de 5-M\u00e9thoxy-N,N-Diallyltryptamine, le 5-MeO-DALT appartient \u00e0 la classe des tryptamines et pr\u00e9sente des similitudes structurelles avec la DMT (N,N-Dim\u00e9thyltryptamine), un autre compos\u00e9 psych\u00e9d\u00e9lique bien connu.<\/p>\n<p>Notre engagement en mati\u00e8re de qualit\u00e9 et de s\u00e9curit\u00e9 est primordial. Chaque lot de 5-MeO-DALT est synth\u00e9tis\u00e9 \u00e0 l'aide de techniques de pointe et fait l'objet de tests rigoureux afin de garantir sa puret\u00e9, sa puissance et sa coh\u00e9rence. Les chercheurs peuvent faire confiance \u00e0 ChemsXpress pour obtenir du 5-MeO-DALT de haute qualit\u00e9 pour leurs recherches scientifiques, ce qui leur permet de mener leurs \u00e9tudes en toute confiance et avec pr\u00e9cision.<\/p>\n<p>Bien que les effets pharmacologiques exacts du 5-MeO-DALT ne soient pas enti\u00e8rement compris, des recherches pr\u00e9liminaires sugg\u00e8rent qu'il peut induire des effets psych\u00e9d\u00e9liques similaires \u00e0 ceux d'autres tryptamines. Ces effets peuvent inclure des alt\u00e9rations de la perception, de l'humeur et de la conscience. Toutefois, il est essentiel de souligner que les effets et le profil de s\u00e9curit\u00e9 du 5-MeO-DALT n'ont pas fait l'objet d'\u00e9tudes approfondies chez l'homme.<\/p>\n<p>Comme pour tous les <a href=\"https:\/\/chemsxpress.com\/fr\/categorie-produit\/produits-chimiques-de-recherche\/\">produits chimiques de recherche<\/a>L'utilisation responsable du 5-MeO-DALT et le respect des protocoles de s\u00e9curit\u00e9 sont primordiaux. Bien que le 5-MeO-DALT soit un outil de recherche prometteur, son utilisation pour la consommation humaine n'est pas approuv\u00e9e par les autorit\u00e9s r\u00e9glementaires. Les chercheurs doivent mener leurs \u00e9tudes avec prudence, en respectant des protocoles de s\u00e9curit\u00e9 stricts et les r\u00e9glementations l\u00e9gales.<\/p>\n<p><a href=\"https:\/\/chemsxpress.com\/fr\/\">ChemsXpress<\/a> se consacre au soutien de la recherche scientifique et de l'innovation en fournissant aux chercheurs un acc\u00e8s \u00e0 des produits chimiques de recherche de premi\u00e8re qualit\u00e9. Explorez notre vaste catalogue de produits chimiques de recherche, y compris le 5-MeO-DALT, et embarquez pour votre voyage scientifique en toute confiance avec ChemsXpress.<\/p>","protected":false},"excerpt":{"rendered":"<p>Acheter 5-MEO-DALT en ligne Acheter 5-MEO-DALT en ligne Chez ChemsXpress, nous sommes fiers de proposer 5-MeO-DALT, un compos\u00e9 psych\u00e9d\u00e9lique fascinant r\u00e9put\u00e9 pour ses propri\u00e9t\u00e9s uniques.<\/p>","protected":false},"featured_media":29048,"comment_status":"open","ping_status":"closed","template":"","meta":[],"product_brand":[],"product_cat":[92],"product_tag":[],"class_list":{"0":"post-28978","1":"product","2":"type-product","3":"status-publish","4":"has-post-thumbnail","6":"product_cat-tryptamines","8":"first","9":"instock","10":"shipping-taxable","11":"purchasable","12":"product-type-variable"},"yoast_head":"<!-- This site is optimized with the Yoast SEO Premium plugin v24.1 (Yoast SEO v27.4) - https:\/\/yoast.com\/product\/yoast-seo-premium-wordpress\/ -->\n<title>Buy 5-MEO-DALT Online: Premium Quality RC&#039;s | ChemsXpress<\/title>\n<meta name=\"description\" content=\"Buy 5-MEO-DALT online at ChemsXpress. Premium research chemicals, fast shipping. Trust our quality assurance for all your research needs. Order now\" \/>\n<meta name=\"robots\" content=\"index, follow, max-snippet:-1, max-image-preview:large, max-video-preview:-1\" \/>\n<link rel=\"canonical\" href=\"https:\/\/chemsxpress.com\/fr\/produit\/acheter-5-meo-dalt-en-ligne\/\" \/>\n<meta property=\"og:locale\" content=\"fr_FR\" \/>\n<meta property=\"og:type\" content=\"article\" \/>\n<meta property=\"og:title\" content=\"NB-5-MeO-DALT (oxalate)\" \/>\n<meta property=\"og:description\" content=\"Buy 5-MEO-DALT online at ChemsXpress. Premium research chemicals, fast shipping. Trust our quality assurance for all your research needs. Order now\" \/>\n<meta property=\"og:url\" content=\"https:\/\/chemsxpress.com\/fr\/produit\/acheter-5-meo-dalt-en-ligne\/\" \/>\n<meta property=\"og:site_name\" content=\"SHOP MDPHP\" \/>\n<meta property=\"article:modified_time\" content=\"2025-05-18T11:45:03+00:00\" \/>\n<meta property=\"og:image\" content=\"https:\/\/chemsxpress.com\/wp-content\/uploads\/2024\/04\/NB-5-MeO-DALT-oxalate.jpg\" \/>\n\t<meta property=\"og:image:width\" content=\"600\" \/>\n\t<meta property=\"og:image:height\" content=\"600\" \/>\n\t<meta property=\"og:image:type\" content=\"image\/jpeg\" \/>\n<meta name=\"twitter:card\" content=\"summary_large_image\" \/>\n<meta name=\"twitter:label1\" content=\"Dur\u00e9e de lecture estim\u00e9e\" \/>\n\t<meta name=\"twitter:data1\" content=\"2 minutes\" \/>\n<script type=\"application\/ld+json\" class=\"yoast-schema-graph\">{\"@context\":\"https:\\\/\\\/schema.org\",\"@graph\":[{\"@type\":\"WebPage\",\"@id\":\"https:\\\/\\\/chemsxpress.com\\\/product\\\/buy-5-meo-dalt-online\\\/\",\"url\":\"https:\\\/\\\/chemsxpress.com\\\/product\\\/buy-5-meo-dalt-online\\\/\",\"name\":\"Buy 5-MEO-DALT Online: Premium Quality RC's | ChemsXpress\",\"isPartOf\":{\"@id\":\"https:\\\/\\\/chemsxpress.com\\\/#website\"},\"primaryImageOfPage\":{\"@id\":\"https:\\\/\\\/chemsxpress.com\\\/product\\\/buy-5-meo-dalt-online\\\/#primaryimage\"},\"image\":{\"@id\":\"https:\\\/\\\/chemsxpress.com\\\/product\\\/buy-5-meo-dalt-online\\\/#primaryimage\"},\"thumbnailUrl\":\"https:\\\/\\\/chemsxpress.com\\\/wp-content\\\/uploads\\\/2024\\\/04\\\/NB-5-MeO-DALT-oxalate.jpg\",\"datePublished\":\"2024-04-29T13:19:58+00:00\",\"dateModified\":\"2025-05-18T11:45:03+00:00\",\"description\":\"Buy 5-MEO-DALT online at ChemsXpress. Premium research chemicals, fast shipping. Trust our quality assurance for all your research needs. Order now\",\"breadcrumb\":{\"@id\":\"https:\\\/\\\/chemsxpress.com\\\/product\\\/buy-5-meo-dalt-online\\\/#breadcrumb\"},\"inLanguage\":\"fr-FR\",\"potentialAction\":[{\"@type\":\"ReadAction\",\"target\":[\"https:\\\/\\\/chemsxpress.com\\\/product\\\/buy-5-meo-dalt-online\\\/\"]}]},{\"@type\":\"ImageObject\",\"inLanguage\":\"fr-FR\",\"@id\":\"https:\\\/\\\/chemsxpress.com\\\/product\\\/buy-5-meo-dalt-online\\\/#primaryimage\",\"url\":\"https:\\\/\\\/chemsxpress.com\\\/wp-content\\\/uploads\\\/2024\\\/04\\\/NB-5-MeO-DALT-oxalate.jpg\",\"contentUrl\":\"https:\\\/\\\/chemsxpress.com\\\/wp-content\\\/uploads\\\/2024\\\/04\\\/NB-5-MeO-DALT-oxalate.jpg\",\"width\":600,\"height\":600,\"caption\":\"Buy 5-MEO-DALT Online\"},{\"@type\":\"BreadcrumbList\",\"@id\":\"https:\\\/\\\/chemsxpress.com\\\/product\\\/buy-5-meo-dalt-online\\\/#breadcrumb\",\"itemListElement\":[{\"@type\":\"ListItem\",\"position\":1,\"name\":\"Home\",\"item\":\"https:\\\/\\\/chemsxpress.com\\\/\"},{\"@type\":\"ListItem\",\"position\":2,\"name\":\"Shop\",\"item\":\"https:\\\/\\\/chemsxpress.com\\\/shop\\\/\"},{\"@type\":\"ListItem\",\"position\":3,\"name\":\"NB-5-MeO-DALT (oxalate)\"}]},{\"@type\":\"WebSite\",\"@id\":\"https:\\\/\\\/chemsxpress.com\\\/#website\",\"url\":\"https:\\\/\\\/chemsxpress.com\\\/\",\"name\":\"SHOP MDPHP\",\"description\":\"Buy MDPHP freebase from reliable supplier\",\"potentialAction\":[{\"@type\":\"SearchAction\",\"target\":{\"@type\":\"EntryPoint\",\"urlTemplate\":\"https:\\\/\\\/chemsxpress.com\\\/?s={search_term_string}\"},\"query-input\":{\"@type\":\"PropertyValueSpecification\",\"valueRequired\":true,\"valueName\":\"search_term_string\"}}],\"inLanguage\":\"fr-FR\"}]}<\/script>\n<!-- \/ Yoast SEO Premium plugin. -->","yoast_head_json":{"title":"Acheter 5-MEO-DALT en ligne : Premium Quality RC's | ChemsXpress","description":"Achetez 5-MEO-DALT en ligne \u00e0 ChemsXpress. Produits chimiques de recherche de premi\u00e8re qualit\u00e9, livraison rapide. Faites confiance \u00e0 notre assurance qualit\u00e9 pour tous vos besoins de recherche. Commandez maintenant","robots":{"index":"index","follow":"follow","max-snippet":"max-snippet:-1","max-image-preview":"max-image-preview:large","max-video-preview":"max-video-preview:-1"},"canonical":"https:\/\/chemsxpress.com\/fr\/produit\/acheter-5-meo-dalt-en-ligne\/","og_locale":"fr_FR","og_type":"article","og_title":"NB-5-MeO-DALT (oxalate)","og_description":"Buy 5-MEO-DALT online at ChemsXpress. Premium research chemicals, fast shipping. Trust our quality assurance for all your research needs. Order now","og_url":"https:\/\/chemsxpress.com\/fr\/produit\/acheter-5-meo-dalt-en-ligne\/","og_site_name":"SHOP MDPHP","article_modified_time":"2025-05-18T11:45:03+00:00","og_image":[{"width":600,"height":600,"url":"https:\/\/chemsxpress.com\/wp-content\/uploads\/2024\/04\/NB-5-MeO-DALT-oxalate.jpg","type":"image\/jpeg"}],"twitter_card":"summary_large_image","twitter_misc":{"Dur\u00e9e de lecture estim\u00e9e":"2 minutes"},"schema":{"@context":"https:\/\/schema.org","@graph":[{"@type":"WebPage","@id":"https:\/\/chemsxpress.com\/product\/buy-5-meo-dalt-online\/","url":"https:\/\/chemsxpress.com\/product\/buy-5-meo-dalt-online\/","name":"Acheter 5-MEO-DALT en ligne : Premium Quality RC's | ChemsXpress","isPartOf":{"@id":"https:\/\/chemsxpress.com\/#website"},"primaryImageOfPage":{"@id":"https:\/\/chemsxpress.com\/product\/buy-5-meo-dalt-online\/#primaryimage"},"image":{"@id":"https:\/\/chemsxpress.com\/product\/buy-5-meo-dalt-online\/#primaryimage"},"thumbnailUrl":"https:\/\/chemsxpress.com\/wp-content\/uploads\/2024\/04\/NB-5-MeO-DALT-oxalate.jpg","datePublished":"2024-04-29T13:19:58+00:00","dateModified":"2025-05-18T11:45:03+00:00","description":"Achetez 5-MEO-DALT en ligne \u00e0 ChemsXpress. Produits chimiques de recherche de premi\u00e8re qualit\u00e9, livraison rapide. Faites confiance \u00e0 notre assurance qualit\u00e9 pour tous vos besoins de recherche. Commandez maintenant","breadcrumb":{"@id":"https:\/\/chemsxpress.com\/product\/buy-5-meo-dalt-online\/#breadcrumb"},"inLanguage":"fr-FR","potentialAction":[{"@type":"ReadAction","target":["https:\/\/chemsxpress.com\/product\/buy-5-meo-dalt-online\/"]}]},{"@type":"ImageObject","inLanguage":"fr-FR","@id":"https:\/\/chemsxpress.com\/product\/buy-5-meo-dalt-online\/#primaryimage","url":"https:\/\/chemsxpress.com\/wp-content\/uploads\/2024\/04\/NB-5-MeO-DALT-oxalate.jpg","contentUrl":"https:\/\/chemsxpress.com\/wp-content\/uploads\/2024\/04\/NB-5-MeO-DALT-oxalate.jpg","width":600,"height":600,"caption":"Buy 5-MEO-DALT Online"},{"@type":"BreadcrumbList","@id":"https:\/\/chemsxpress.com\/product\/buy-5-meo-dalt-online\/#breadcrumb","itemListElement":[{"@type":"ListItem","position":1,"name":"Home","item":"https:\/\/chemsxpress.com\/"},{"@type":"ListItem","position":2,"name":"Shop","item":"https:\/\/chemsxpress.com\/shop\/"},{"@type":"ListItem","position":3,"name":"NB-5-MeO-DALT (oxalate)"}]},{"@type":"WebSite","@id":"https:\/\/chemsxpress.com\/#website","url":"https:\/\/chemsxpress.com\/","name":"SHOP MDPHP","description":"Acheter MDPHP freebase aupr\u00e8s d'un fournisseur fiable","potentialAction":[{"@type":"SearchAction","target":{"@type":"EntryPoint","urlTemplate":"https:\/\/chemsxpress.com\/?s={search_term_string}"},"query-input":{"@type":"PropertyValueSpecification","valueRequired":true,"valueName":"search_term_string"}}],"inLanguage":"fr-FR"}]}},"jetpack_sharing_enabled":true,"_links":{"self":[{"href":"https:\/\/chemsxpress.com\/fr\/wp-json\/wp\/v2\/product\/28978","targetHints":{"allow":["GET"]}}],"collection":[{"href":"https:\/\/chemsxpress.com\/fr\/wp-json\/wp\/v2\/product"}],"about":[{"href":"https:\/\/chemsxpress.com\/fr\/wp-json\/wp\/v2\/types\/product"}],"replies":[{"embeddable":true,"href":"https:\/\/chemsxpress.com\/fr\/wp-json\/wp\/v2\/comments?post=28978"}],"version-history":[{"count":4,"href":"https:\/\/chemsxpress.com\/fr\/wp-json\/wp\/v2\/product\/28978\/revisions"}],"predecessor-version":[{"id":30007,"href":"https:\/\/chemsxpress.com\/fr\/wp-json\/wp\/v2\/product\/28978\/revisions\/30007"}],"wp:featuredmedia":[{"embeddable":true,"href":"https:\/\/chemsxpress.com\/fr\/wp-json\/wp\/v2\/media\/29048"}],"wp:attachment":[{"href":"https:\/\/chemsxpress.com\/fr\/wp-json\/wp\/v2\/media?parent=28978"}],"wp:term":[{"taxonomy":"product_brand","embeddable":true,"href":"https:\/\/chemsxpress.com\/fr\/wp-json\/wp\/v2\/product_brand?post=28978"},{"taxonomy":"product_cat","embeddable":true,"href":"https:\/\/chemsxpress.com\/fr\/wp-json\/wp\/v2\/product_cat?post=28978"},{"taxonomy":"product_tag","embeddable":true,"href":"https:\/\/chemsxpress.com\/fr\/wp-json\/wp\/v2\/product_tag?post=28978"}],"curies":[{"name":"wp","href":"https:\/\/api.w.org\/{rel}","templated":true}]}}