{"id":28979,"date":"2024-04-29T13:19:58","date_gmt":"2024-04-29T13:19:58","guid":{"rendered":"https:\/\/chemsxpress.com\/?post_type=product&#038;p=28979"},"modified":"2024-07-04T22:04:09","modified_gmt":"2024-07-04T22:04:09","slug":"acheter-5-cl-amt","status":"publish","type":"product","link":"https:\/\/chemsxpress.com\/fr\/produit\/acheter-5-cl-amt\/","title":{"rendered":"5-cl-AMT"},"content":{"rendered":"<h1>Acheter 5-Cl-AMT<\/h1>\n<p>Achetez de la 5-Cl-AMT, un produit chimique de recherche aux propri\u00e9t\u00e9s psych\u00e9d\u00e9liques potentielles. La 5-Cl-AMT, ou 5-Chloro-alpha-m\u00e9thyltryptamine, appartient \u00e0 la classe des tryptamines et pr\u00e9sente des similitudes structurelles avec d'autres psych\u00e9d\u00e9liques tels que l'alpha-m\u00e9thyltryptamine (AMT).<\/p>\n<p>Notre 5-Cl-AMT est synth\u00e9tis\u00e9 \u00e0 l'aide de techniques avanc\u00e9es et fait l'objet de tests rigoureux pour garantir sa puret\u00e9 et sa puissance. Les chercheurs peuvent faire confiance \u00e0 ChemsXpress pour obtenir de la 5-Cl-AMT de haute qualit\u00e9 pour leurs recherches scientifiques.<\/p>\n<p>Bien que les effets pharmacologiques exacts de la 5-Cl-AMT ne soient pas enti\u00e8rement compris, des recherches pr\u00e9liminaires sugg\u00e8rent qu'elle peut induire des exp\u00e9riences psych\u00e9d\u00e9liques similaires \u00e0 d'autres tryptamines. Ces effets peuvent inclure des alt\u00e9rations de la perception, de l'humeur et de la conscience. Il est toutefois important de noter que les effets et le profil de s\u00e9curit\u00e9 du 5-Cl-AMT n'ont pas fait l'objet d'\u00e9tudes approfondies chez l'homme.<\/p>\n<p>Comme pour tous les <a href=\"https:\/\/chemsxpress.com\/fr\/categorie-produit\/produits-chimiques-de-recherche\/\">produits chimiques de recherche<\/a>Il est donc primordial de l'utiliser de mani\u00e8re responsable et de respecter les protocoles de s\u00e9curit\u00e9. Bien que le 5-Cl-AMT soit un outil de recherche prometteur, son utilisation pour la consommation humaine n'est pas approuv\u00e9e par les autorit\u00e9s r\u00e9glementaires. Les chercheurs doivent mener leurs \u00e9tudes avec prudence, en respectant des protocoles de s\u00e9curit\u00e9 stricts et les r\u00e9glementations l\u00e9gales.<\/p>\n<h2>O\u00f9 acheter la 5-Cl-AMT ?<\/h2>\n<p><a href=\"https:\/\/chemsxpress.com\/fr\/\">ChemsXpress<\/a> se consacre au soutien de la recherche scientifique et de l'innovation en fournissant aux chercheurs un acc\u00e8s \u00e0 des produits chimiques de recherche de premi\u00e8re qualit\u00e9. Explorez notre vaste catalogue de produits chimiques de recherche, dont le 5-Cl-AMT, et lancez-vous dans votre voyage scientifique en toute confiance avec ChemsXpress.<\/p>\n<p>Buy 5-cl-AMT est un produit chimique de recherche, ce qui signifie qu'il s'agit d'une substance inconnue, et qu'il peut donc y avoir des cons\u00e9quences inconnues lors de la recherche, c'est pourquoi il faut toujours prendre des mesures appropri\u00e9es lors de la recherche.<\/p>\n<ul>\n<li>Les produits chimiques de recherche peuvent provoquer une irritation des voies respiratoires.<\/li>\n<li>Les produits chimiques de recherche peuvent provoquer une irritation des yeux.<\/li>\n<li>Les produits chimiques de recherche ne sont pas destin\u00e9s \u00e0 la consommation humaine, animale ou autre.<\/li>\n<li>Les produits chimiques utilis\u00e9s pour la recherche ne doivent pas \u00eatre jet\u00e9s \u00e0 l'\u00e9gout ou \u00e9limin\u00e9s de mani\u00e8re inappropri\u00e9e.<\/li>\n<\/ul>","protected":false},"excerpt":{"rendered":"<p><strong>Nom IUPAC : <\/strong>oxalate de 3-(2-(diallylamino)\u00e9thyl)-5-m\u00e9thoxy-1H-indole-1-carboxylate de tert-butyle<\/p>\n<p><strong>Apparence : <\/strong>poudre<\/p>\n<p><strong>Forme : <\/strong>oxalate<\/p>","protected":false},"featured_media":29066,"comment_status":"open","ping_status":"closed","template":"","meta":[],"product_brand":[],"product_cat":[92],"product_tag":[],"class_list":{"0":"post-28979","1":"product","2":"type-product","3":"status-publish","4":"has-post-thumbnail","6":"product_cat-tryptamines","8":"first","9":"instock","10":"shipping-taxable","11":"purchasable","12":"product-type-variable"},"yoast_head":"<!-- This site is optimized with the Yoast SEO Premium plugin v24.1 (Yoast SEO v27.4) - https:\/\/yoast.com\/product\/yoast-seo-premium-wordpress\/ -->\n<title>Buy 5-Cl-AMT Online: Premium Quality RC&#039;s | ChemsXpress<\/title>\n<meta name=\"description\" content=\"Explore 5-Cl-AMT at ChemsXpress. Premium research chemicals, fast shipping. Trust our quality assurance for all your research needs. Order now\" \/>\n<meta name=\"robots\" content=\"index, follow, max-snippet:-1, max-image-preview:large, max-video-preview:-1\" \/>\n<link rel=\"canonical\" href=\"https:\/\/chemsxpress.com\/fr\/produit\/acheter-5-cl-amt\/\" \/>\n<meta property=\"og:locale\" content=\"fr_FR\" \/>\n<meta property=\"og:type\" content=\"article\" \/>\n<meta property=\"og:title\" content=\"5-cl-AMT\" \/>\n<meta property=\"og:description\" content=\"Explore 5-Cl-AMT at ChemsXpress. Premium research chemicals, fast shipping. Trust our quality assurance for all your research needs. Order now\" \/>\n<meta property=\"og:url\" content=\"https:\/\/chemsxpress.com\/fr\/produit\/acheter-5-cl-amt\/\" \/>\n<meta property=\"og:site_name\" content=\"SHOP MDPHP\" \/>\n<meta property=\"article:modified_time\" content=\"2024-07-04T22:04:09+00:00\" \/>\n<meta property=\"og:image\" content=\"https:\/\/chemsxpress.com\/wp-content\/uploads\/2024\/04\/5-cl-AMT.jpg\" \/>\n\t<meta property=\"og:image:width\" content=\"600\" \/>\n\t<meta property=\"og:image:height\" content=\"600\" \/>\n\t<meta property=\"og:image:type\" content=\"image\/jpeg\" \/>\n<meta name=\"twitter:card\" content=\"summary_large_image\" \/>\n<meta name=\"twitter:label1\" content=\"Dur\u00e9e de lecture estim\u00e9e\" \/>\n\t<meta name=\"twitter:data1\" content=\"2 minutes\" \/>\n<script type=\"application\/ld+json\" class=\"yoast-schema-graph\">{\"@context\":\"https:\\\/\\\/schema.org\",\"@graph\":[{\"@type\":\"WebPage\",\"@id\":\"https:\\\/\\\/chemsxpress.com\\\/product\\\/buy-5-cl-amt\\\/\",\"url\":\"https:\\\/\\\/chemsxpress.com\\\/product\\\/buy-5-cl-amt\\\/\",\"name\":\"Buy 5-Cl-AMT Online: Premium Quality RC's | ChemsXpress\",\"isPartOf\":{\"@id\":\"https:\\\/\\\/chemsxpress.com\\\/#website\"},\"primaryImageOfPage\":{\"@id\":\"https:\\\/\\\/chemsxpress.com\\\/product\\\/buy-5-cl-amt\\\/#primaryimage\"},\"image\":{\"@id\":\"https:\\\/\\\/chemsxpress.com\\\/product\\\/buy-5-cl-amt\\\/#primaryimage\"},\"thumbnailUrl\":\"https:\\\/\\\/chemsxpress.com\\\/wp-content\\\/uploads\\\/2024\\\/04\\\/5-cl-AMT.jpg\",\"datePublished\":\"2024-04-29T13:19:58+00:00\",\"dateModified\":\"2024-07-04T22:04:09+00:00\",\"description\":\"Explore 5-Cl-AMT at ChemsXpress. Premium research chemicals, fast shipping. Trust our quality assurance for all your research needs. Order now\",\"breadcrumb\":{\"@id\":\"https:\\\/\\\/chemsxpress.com\\\/product\\\/buy-5-cl-amt\\\/#breadcrumb\"},\"inLanguage\":\"fr-FR\",\"potentialAction\":[{\"@type\":\"ReadAction\",\"target\":[\"https:\\\/\\\/chemsxpress.com\\\/product\\\/buy-5-cl-amt\\\/\"]}]},{\"@type\":\"ImageObject\",\"inLanguage\":\"fr-FR\",\"@id\":\"https:\\\/\\\/chemsxpress.com\\\/product\\\/buy-5-cl-amt\\\/#primaryimage\",\"url\":\"https:\\\/\\\/chemsxpress.com\\\/wp-content\\\/uploads\\\/2024\\\/04\\\/5-cl-AMT.jpg\",\"contentUrl\":\"https:\\\/\\\/chemsxpress.com\\\/wp-content\\\/uploads\\\/2024\\\/04\\\/5-cl-AMT.jpg\",\"width\":600,\"height\":600,\"caption\":\"Buy 5-cl-AMT\"},{\"@type\":\"BreadcrumbList\",\"@id\":\"https:\\\/\\\/chemsxpress.com\\\/product\\\/buy-5-cl-amt\\\/#breadcrumb\",\"itemListElement\":[{\"@type\":\"ListItem\",\"position\":1,\"name\":\"Home\",\"item\":\"https:\\\/\\\/chemsxpress.com\\\/\"},{\"@type\":\"ListItem\",\"position\":2,\"name\":\"Shop\",\"item\":\"https:\\\/\\\/chemsxpress.com\\\/shop\\\/\"},{\"@type\":\"ListItem\",\"position\":3,\"name\":\"5-cl-AMT\"}]},{\"@type\":\"WebSite\",\"@id\":\"https:\\\/\\\/chemsxpress.com\\\/#website\",\"url\":\"https:\\\/\\\/chemsxpress.com\\\/\",\"name\":\"SHOP MDPHP\",\"description\":\"Buy MDPHP freebase from reliable supplier\",\"potentialAction\":[{\"@type\":\"SearchAction\",\"target\":{\"@type\":\"EntryPoint\",\"urlTemplate\":\"https:\\\/\\\/chemsxpress.com\\\/?s={search_term_string}\"},\"query-input\":{\"@type\":\"PropertyValueSpecification\",\"valueRequired\":true,\"valueName\":\"search_term_string\"}}],\"inLanguage\":\"fr-FR\"}]}<\/script>\n<!-- \/ Yoast SEO Premium plugin. -->","yoast_head_json":{"title":"Acheter 5-Cl-AMT en ligne : Premium Quality RC's | ChemsXpress","description":"D\u00e9couvrez le 5-Cl-AMT sur ChemsXpress. Produits chimiques de recherche de premi\u00e8re qualit\u00e9, livraison rapide. Faites confiance \u00e0 notre assurance qualit\u00e9 pour tous vos besoins de recherche. Commandez maintenant","robots":{"index":"index","follow":"follow","max-snippet":"max-snippet:-1","max-image-preview":"max-image-preview:large","max-video-preview":"max-video-preview:-1"},"canonical":"https:\/\/chemsxpress.com\/fr\/produit\/acheter-5-cl-amt\/","og_locale":"fr_FR","og_type":"article","og_title":"5-cl-AMT","og_description":"Explore 5-Cl-AMT at ChemsXpress. Premium research chemicals, fast shipping. Trust our quality assurance for all your research needs. Order now","og_url":"https:\/\/chemsxpress.com\/fr\/produit\/acheter-5-cl-amt\/","og_site_name":"SHOP MDPHP","article_modified_time":"2024-07-04T22:04:09+00:00","og_image":[{"width":600,"height":600,"url":"https:\/\/chemsxpress.com\/wp-content\/uploads\/2024\/04\/5-cl-AMT.jpg","type":"image\/jpeg"}],"twitter_card":"summary_large_image","twitter_misc":{"Dur\u00e9e de lecture estim\u00e9e":"2 minutes"},"schema":{"@context":"https:\/\/schema.org","@graph":[{"@type":"WebPage","@id":"https:\/\/chemsxpress.com\/product\/buy-5-cl-amt\/","url":"https:\/\/chemsxpress.com\/product\/buy-5-cl-amt\/","name":"Acheter 5-Cl-AMT en ligne : Premium Quality RC's | ChemsXpress","isPartOf":{"@id":"https:\/\/chemsxpress.com\/#website"},"primaryImageOfPage":{"@id":"https:\/\/chemsxpress.com\/product\/buy-5-cl-amt\/#primaryimage"},"image":{"@id":"https:\/\/chemsxpress.com\/product\/buy-5-cl-amt\/#primaryimage"},"thumbnailUrl":"https:\/\/chemsxpress.com\/wp-content\/uploads\/2024\/04\/5-cl-AMT.jpg","datePublished":"2024-04-29T13:19:58+00:00","dateModified":"2024-07-04T22:04:09+00:00","description":"D\u00e9couvrez le 5-Cl-AMT sur ChemsXpress. Produits chimiques de recherche de premi\u00e8re qualit\u00e9, livraison rapide. Faites confiance \u00e0 notre assurance qualit\u00e9 pour tous vos besoins de recherche. Commandez maintenant","breadcrumb":{"@id":"https:\/\/chemsxpress.com\/product\/buy-5-cl-amt\/#breadcrumb"},"inLanguage":"fr-FR","potentialAction":[{"@type":"ReadAction","target":["https:\/\/chemsxpress.com\/product\/buy-5-cl-amt\/"]}]},{"@type":"ImageObject","inLanguage":"fr-FR","@id":"https:\/\/chemsxpress.com\/product\/buy-5-cl-amt\/#primaryimage","url":"https:\/\/chemsxpress.com\/wp-content\/uploads\/2024\/04\/5-cl-AMT.jpg","contentUrl":"https:\/\/chemsxpress.com\/wp-content\/uploads\/2024\/04\/5-cl-AMT.jpg","width":600,"height":600,"caption":"Buy 5-cl-AMT"},{"@type":"BreadcrumbList","@id":"https:\/\/chemsxpress.com\/product\/buy-5-cl-amt\/#breadcrumb","itemListElement":[{"@type":"ListItem","position":1,"name":"Home","item":"https:\/\/chemsxpress.com\/"},{"@type":"ListItem","position":2,"name":"Shop","item":"https:\/\/chemsxpress.com\/shop\/"},{"@type":"ListItem","position":3,"name":"5-cl-AMT"}]},{"@type":"WebSite","@id":"https:\/\/chemsxpress.com\/#website","url":"https:\/\/chemsxpress.com\/","name":"SHOP MDPHP","description":"Acheter MDPHP freebase aupr\u00e8s d'un fournisseur fiable","potentialAction":[{"@type":"SearchAction","target":{"@type":"EntryPoint","urlTemplate":"https:\/\/chemsxpress.com\/?s={search_term_string}"},"query-input":{"@type":"PropertyValueSpecification","valueRequired":true,"valueName":"search_term_string"}}],"inLanguage":"fr-FR"}]}},"jetpack_sharing_enabled":true,"_links":{"self":[{"href":"https:\/\/chemsxpress.com\/fr\/wp-json\/wp\/v2\/product\/28979","targetHints":{"allow":["GET"]}}],"collection":[{"href":"https:\/\/chemsxpress.com\/fr\/wp-json\/wp\/v2\/product"}],"about":[{"href":"https:\/\/chemsxpress.com\/fr\/wp-json\/wp\/v2\/types\/product"}],"replies":[{"embeddable":true,"href":"https:\/\/chemsxpress.com\/fr\/wp-json\/wp\/v2\/comments?post=28979"}],"version-history":[{"count":4,"href":"https:\/\/chemsxpress.com\/fr\/wp-json\/wp\/v2\/product\/28979\/revisions"}],"predecessor-version":[{"id":30004,"href":"https:\/\/chemsxpress.com\/fr\/wp-json\/wp\/v2\/product\/28979\/revisions\/30004"}],"wp:featuredmedia":[{"embeddable":true,"href":"https:\/\/chemsxpress.com\/fr\/wp-json\/wp\/v2\/media\/29066"}],"wp:attachment":[{"href":"https:\/\/chemsxpress.com\/fr\/wp-json\/wp\/v2\/media?parent=28979"}],"wp:term":[{"taxonomy":"product_brand","embeddable":true,"href":"https:\/\/chemsxpress.com\/fr\/wp-json\/wp\/v2\/product_brand?post=28979"},{"taxonomy":"product_cat","embeddable":true,"href":"https:\/\/chemsxpress.com\/fr\/wp-json\/wp\/v2\/product_cat?post=28979"},{"taxonomy":"product_tag","embeddable":true,"href":"https:\/\/chemsxpress.com\/fr\/wp-json\/wp\/v2\/product_tag?post=28979"}],"curies":[{"name":"wp","href":"https:\/\/api.w.org\/{rel}","templated":true}]}}