{"id":28980,"date":"2024-04-29T13:19:58","date_gmt":"2024-04-29T13:19:58","guid":{"rendered":"https:\/\/chemsxpress.com\/?post_type=product&#038;p=28980"},"modified":"2025-01-05T09:18:45","modified_gmt":"2025-01-05T09:18:45","slug":"5-bromo-dmt-fumarate","status":"publish","type":"product","link":"https:\/\/chemsxpress.com\/fr\/produit\/5-bromo-dmt-fumarate\/","title":{"rendered":"5-Bromo-DMT .FUMARATE"},"content":{"rendered":"<div class=\"product__items\">\n<div class=\"product__item product__item--col3\">\n<h1>Acheter du 5-bromo-DMT<\/h1>\n<p>Acheter La 5-Bromo-DMT, \u00e9galement connue sous le nom de 5-Bromo-N,N-dim\u00e9thyltryptamine, est un compos\u00e9 chimique appartenant \u00e0 la classe des psych\u00e9d\u00e9liques de type tryptamine. Sa structure est apparent\u00e9e \u00e0 celle de la DMT (N,N-Dim\u00e9thyltryptamine), un compos\u00e9 psych\u00e9d\u00e9lique bien connu que l'on trouve \u00e0 l'\u00e9tat naturel dans certaines plantes et qui est utilis\u00e9 traditionnellement dans les c\u00e9r\u00e9monies spirituelles et religieuses.<\/p>\n<p>Chez ChemsXpress, nous proposons la 5-Bromo-DMT comme produit chimique de recherche pour l'exploration scientifique. Notre 5-Bromo-DMT est synth\u00e9tis\u00e9 \u00e0 l'aide de techniques avanc\u00e9es et subit des tests rigoureux pour garantir sa puret\u00e9 et sa puissance. Les chercheurs peuvent faire confiance \u00e0 ChemsXpress pour obtenir de la 5-Bromo-DMT de haute qualit\u00e9 pour leurs recherches.<\/p>\n<p>Bien que les effets pharmacologiques exacts de la 5-Bromo-DMT ne soient pas enti\u00e8rement compris, des recherches pr\u00e9liminaires sugg\u00e8rent qu'elle peut induire des exp\u00e9riences psych\u00e9d\u00e9liques similaires \u00e0 d'autres tryptamines. Ces effets peuvent inclure des alt\u00e9rations de la perception, de l'humeur et de la conscience. Toutefois, il est important de noter que les effets et le profil de s\u00e9curit\u00e9 du 5-Bromo-DMT n'ont pas fait l'objet d'\u00e9tudes approfondies chez l'homme.<\/p>\n<p>Comme pour tous les <a href=\"https:\/\/chemsxpress.com\/fr\/categorie-produit\/produits-chimiques-de-recherche\/\">produits chimiques de recherche<\/a>L'utilisation responsable de la 5-Bromo-DMT et le respect des protocoles de s\u00e9curit\u00e9 sont primordiaux. Bien que la 5-Bromo-DMT soit un outil de recherche prometteur, son utilisation pour la consommation humaine n'est pas approuv\u00e9e par les autorit\u00e9s r\u00e9glementaires. Les chercheurs doivent mener leurs \u00e9tudes avec prudence, en respectant des protocoles de s\u00e9curit\u00e9 stricts et les r\u00e9glementations l\u00e9gales.<\/p>\n<\/div>\n<h2>O\u00f9 acheter du 5-Bromo-DMT ?<\/h2>\n<div class=\"product__item product__item--col3\">\n<p><a href=\"https:\/\/chemsxpress.com\/fr\/\">ChemsXpress<\/a> s'engage \u00e0 soutenir la recherche scientifique et l'innovation en fournissant aux chercheurs un acc\u00e8s \u00e0 des produits chimiques de recherche de premi\u00e8re qualit\u00e9. Explorez notre vaste catalogue de produits chimiques de recherche, y compris le 5-Bromo-DMT, et embarquez pour votre voyage scientifique en toute confiance avec ChemsXpress.<\/p>\n<\/div>\n<\/div>","protected":false},"excerpt":{"rendered":"<p><strong>Nom IUPAC : <\/strong>2-(5-Bromo-1H-indol-3-yl)-N,N-dimethylethan-1-amine<\/p>\n<p><strong>CAS # <\/strong>17274-65-6<\/p>\n<p><strong>Autre nom : <\/strong>5-bromo-N,N-dim\u00e9thyltryptamine<\/p>\n<p><strong>Forme : <\/strong>poudre<\/p>\n<p><strong>Analyse RMN : <\/strong>C12H15BrN2<\/p>\n<p><strong>Nom IUPAC : <\/strong>2-(5-Bromo-1H-indol-3-yl)-N,N-dimethylethan-1-amine<\/p>\n<p><strong>CAS # <\/strong>17274-65-6<\/p>\n<p><strong>Autre nom : <\/strong>5-bromo-N,N-dim\u00e9thyltryptamine<\/p>\n<p><strong>Forme : <\/strong>poudre<\/p>\n<p><strong>Analyse RMN : <\/strong>C12H15BrN2<\/p>","protected":false},"featured_media":29068,"comment_status":"open","ping_status":"closed","template":"","meta":[],"product_brand":[],"product_cat":[92],"product_tag":[],"class_list":{"0":"post-28980","1":"product","2":"type-product","3":"status-publish","4":"has-post-thumbnail","6":"product_cat-tryptamines","8":"first","9":"instock","10":"shipping-taxable","11":"purchasable","12":"product-type-variable"},"yoast_head":"<!-- This site is optimized with the Yoast SEO Premium plugin v24.1 (Yoast SEO v27.4) - https:\/\/yoast.com\/product\/yoast-seo-premium-wordpress\/ -->\n<title>Buy 5-Bromo-DMT Online: Premium Quality RC&#039;s | ChemsXpress<\/title>\n<meta name=\"description\" content=\"Explore 5-Bromo-DMT at ChemsXpress. Premium research chemicals, fast shipping. Trust our quality assurance for all your research needs. Order now\" \/>\n<meta name=\"robots\" content=\"index, follow, max-snippet:-1, max-image-preview:large, max-video-preview:-1\" \/>\n<link rel=\"canonical\" href=\"https:\/\/chemsxpress.com\/fr\/produit\/5-bromo-dmt-fumarate\/\" \/>\n<meta property=\"og:locale\" content=\"fr_FR\" \/>\n<meta property=\"og:type\" content=\"article\" \/>\n<meta property=\"og:title\" content=\"5-Bromo-DMT .FUMARATE\" \/>\n<meta property=\"og:description\" content=\"Explore 5-Bromo-DMT at ChemsXpress. Premium research chemicals, fast shipping. Trust our quality assurance for all your research needs. Order now\" \/>\n<meta property=\"og:url\" content=\"https:\/\/chemsxpress.com\/fr\/produit\/5-bromo-dmt-fumarate\/\" \/>\n<meta property=\"og:site_name\" content=\"SHOP MDPHP\" \/>\n<meta property=\"article:modified_time\" content=\"2025-01-05T09:18:45+00:00\" \/>\n<meta property=\"og:image\" content=\"https:\/\/chemsxpress.com\/wp-content\/uploads\/2024\/04\/5-Bromo-DMT-.FUMARATE.jpg\" \/>\n\t<meta property=\"og:image:width\" content=\"600\" \/>\n\t<meta property=\"og:image:height\" content=\"600\" \/>\n\t<meta property=\"og:image:type\" content=\"image\/jpeg\" \/>\n<meta name=\"twitter:card\" content=\"summary_large_image\" \/>\n<meta name=\"twitter:label1\" content=\"Dur\u00e9e de lecture estim\u00e9e\" \/>\n\t<meta name=\"twitter:data1\" content=\"2 minutes\" \/>\n<script type=\"application\/ld+json\" class=\"yoast-schema-graph\">{\"@context\":\"https:\\\/\\\/schema.org\",\"@graph\":[{\"@type\":\"WebPage\",\"@id\":\"https:\\\/\\\/chemsxpress.com\\\/product\\\/5-bromo-dmt-fumarate\\\/\",\"url\":\"https:\\\/\\\/chemsxpress.com\\\/product\\\/5-bromo-dmt-fumarate\\\/\",\"name\":\"Buy 5-Bromo-DMT Online: Premium Quality RC's | ChemsXpress\",\"isPartOf\":{\"@id\":\"https:\\\/\\\/chemsxpress.com\\\/#website\"},\"primaryImageOfPage\":{\"@id\":\"https:\\\/\\\/chemsxpress.com\\\/product\\\/5-bromo-dmt-fumarate\\\/#primaryimage\"},\"image\":{\"@id\":\"https:\\\/\\\/chemsxpress.com\\\/product\\\/5-bromo-dmt-fumarate\\\/#primaryimage\"},\"thumbnailUrl\":\"https:\\\/\\\/chemsxpress.com\\\/wp-content\\\/uploads\\\/2024\\\/04\\\/5-Bromo-DMT-.FUMARATE.jpg\",\"datePublished\":\"2024-04-29T13:19:58+00:00\",\"dateModified\":\"2025-01-05T09:18:45+00:00\",\"description\":\"Explore 5-Bromo-DMT at ChemsXpress. Premium research chemicals, fast shipping. Trust our quality assurance for all your research needs. Order now\",\"breadcrumb\":{\"@id\":\"https:\\\/\\\/chemsxpress.com\\\/product\\\/5-bromo-dmt-fumarate\\\/#breadcrumb\"},\"inLanguage\":\"fr-FR\",\"potentialAction\":[{\"@type\":\"ReadAction\",\"target\":[\"https:\\\/\\\/chemsxpress.com\\\/product\\\/5-bromo-dmt-fumarate\\\/\"]}]},{\"@type\":\"ImageObject\",\"inLanguage\":\"fr-FR\",\"@id\":\"https:\\\/\\\/chemsxpress.com\\\/product\\\/5-bromo-dmt-fumarate\\\/#primaryimage\",\"url\":\"https:\\\/\\\/chemsxpress.com\\\/wp-content\\\/uploads\\\/2024\\\/04\\\/5-Bromo-DMT-.FUMARATE.jpg\",\"contentUrl\":\"https:\\\/\\\/chemsxpress.com\\\/wp-content\\\/uploads\\\/2024\\\/04\\\/5-Bromo-DMT-.FUMARATE.jpg\",\"width\":600,\"height\":600,\"caption\":\"Buy 5-bromo-DMT\"},{\"@type\":\"BreadcrumbList\",\"@id\":\"https:\\\/\\\/chemsxpress.com\\\/product\\\/5-bromo-dmt-fumarate\\\/#breadcrumb\",\"itemListElement\":[{\"@type\":\"ListItem\",\"position\":1,\"name\":\"Home\",\"item\":\"https:\\\/\\\/chemsxpress.com\\\/\"},{\"@type\":\"ListItem\",\"position\":2,\"name\":\"Shop\",\"item\":\"https:\\\/\\\/chemsxpress.com\\\/shop\\\/\"},{\"@type\":\"ListItem\",\"position\":3,\"name\":\"5-Bromo-DMT .FUMARATE\"}]},{\"@type\":\"WebSite\",\"@id\":\"https:\\\/\\\/chemsxpress.com\\\/#website\",\"url\":\"https:\\\/\\\/chemsxpress.com\\\/\",\"name\":\"SHOP MDPHP\",\"description\":\"Buy MDPHP freebase from reliable supplier\",\"potentialAction\":[{\"@type\":\"SearchAction\",\"target\":{\"@type\":\"EntryPoint\",\"urlTemplate\":\"https:\\\/\\\/chemsxpress.com\\\/?s={search_term_string}\"},\"query-input\":{\"@type\":\"PropertyValueSpecification\",\"valueRequired\":true,\"valueName\":\"search_term_string\"}}],\"inLanguage\":\"fr-FR\"}]}<\/script>\n<!-- \/ Yoast SEO Premium plugin. -->","yoast_head_json":{"title":"Acheter 5-Bromo-DMT en ligne : Premium Quality RC's | ChemsXpress","description":"D\u00e9couvrez le 5-Bromo-DMT sur ChemsXpress. Produits chimiques de recherche de premi\u00e8re qualit\u00e9, livraison rapide. Faites confiance \u00e0 notre assurance qualit\u00e9 pour tous vos besoins de recherche. Commandez maintenant","robots":{"index":"index","follow":"follow","max-snippet":"max-snippet:-1","max-image-preview":"max-image-preview:large","max-video-preview":"max-video-preview:-1"},"canonical":"https:\/\/chemsxpress.com\/fr\/produit\/5-bromo-dmt-fumarate\/","og_locale":"fr_FR","og_type":"article","og_title":"5-Bromo-DMT .FUMARATE","og_description":"Explore 5-Bromo-DMT at ChemsXpress. Premium research chemicals, fast shipping. Trust our quality assurance for all your research needs. Order now","og_url":"https:\/\/chemsxpress.com\/fr\/produit\/5-bromo-dmt-fumarate\/","og_site_name":"SHOP MDPHP","article_modified_time":"2025-01-05T09:18:45+00:00","og_image":[{"width":600,"height":600,"url":"https:\/\/chemsxpress.com\/wp-content\/uploads\/2024\/04\/5-Bromo-DMT-.FUMARATE.jpg","type":"image\/jpeg"}],"twitter_card":"summary_large_image","twitter_misc":{"Dur\u00e9e de lecture estim\u00e9e":"2 minutes"},"schema":{"@context":"https:\/\/schema.org","@graph":[{"@type":"WebPage","@id":"https:\/\/chemsxpress.com\/product\/5-bromo-dmt-fumarate\/","url":"https:\/\/chemsxpress.com\/product\/5-bromo-dmt-fumarate\/","name":"Acheter 5-Bromo-DMT en ligne : Premium Quality RC's | ChemsXpress","isPartOf":{"@id":"https:\/\/chemsxpress.com\/#website"},"primaryImageOfPage":{"@id":"https:\/\/chemsxpress.com\/product\/5-bromo-dmt-fumarate\/#primaryimage"},"image":{"@id":"https:\/\/chemsxpress.com\/product\/5-bromo-dmt-fumarate\/#primaryimage"},"thumbnailUrl":"https:\/\/chemsxpress.com\/wp-content\/uploads\/2024\/04\/5-Bromo-DMT-.FUMARATE.jpg","datePublished":"2024-04-29T13:19:58+00:00","dateModified":"2025-01-05T09:18:45+00:00","description":"D\u00e9couvrez le 5-Bromo-DMT sur ChemsXpress. Produits chimiques de recherche de premi\u00e8re qualit\u00e9, livraison rapide. Faites confiance \u00e0 notre assurance qualit\u00e9 pour tous vos besoins de recherche. Commandez maintenant","breadcrumb":{"@id":"https:\/\/chemsxpress.com\/product\/5-bromo-dmt-fumarate\/#breadcrumb"},"inLanguage":"fr-FR","potentialAction":[{"@type":"ReadAction","target":["https:\/\/chemsxpress.com\/product\/5-bromo-dmt-fumarate\/"]}]},{"@type":"ImageObject","inLanguage":"fr-FR","@id":"https:\/\/chemsxpress.com\/product\/5-bromo-dmt-fumarate\/#primaryimage","url":"https:\/\/chemsxpress.com\/wp-content\/uploads\/2024\/04\/5-Bromo-DMT-.FUMARATE.jpg","contentUrl":"https:\/\/chemsxpress.com\/wp-content\/uploads\/2024\/04\/5-Bromo-DMT-.FUMARATE.jpg","width":600,"height":600,"caption":"Buy 5-bromo-DMT"},{"@type":"BreadcrumbList","@id":"https:\/\/chemsxpress.com\/product\/5-bromo-dmt-fumarate\/#breadcrumb","itemListElement":[{"@type":"ListItem","position":1,"name":"Home","item":"https:\/\/chemsxpress.com\/"},{"@type":"ListItem","position":2,"name":"Shop","item":"https:\/\/chemsxpress.com\/shop\/"},{"@type":"ListItem","position":3,"name":"5-Bromo-DMT .FUMARATE"}]},{"@type":"WebSite","@id":"https:\/\/chemsxpress.com\/#website","url":"https:\/\/chemsxpress.com\/","name":"SHOP MDPHP","description":"Acheter MDPHP freebase aupr\u00e8s d'un fournisseur fiable","potentialAction":[{"@type":"SearchAction","target":{"@type":"EntryPoint","urlTemplate":"https:\/\/chemsxpress.com\/?s={search_term_string}"},"query-input":{"@type":"PropertyValueSpecification","valueRequired":true,"valueName":"search_term_string"}}],"inLanguage":"fr-FR"}]}},"jetpack_sharing_enabled":true,"_links":{"self":[{"href":"https:\/\/chemsxpress.com\/fr\/wp-json\/wp\/v2\/product\/28980","targetHints":{"allow":["GET"]}}],"collection":[{"href":"https:\/\/chemsxpress.com\/fr\/wp-json\/wp\/v2\/product"}],"about":[{"href":"https:\/\/chemsxpress.com\/fr\/wp-json\/wp\/v2\/types\/product"}],"replies":[{"embeddable":true,"href":"https:\/\/chemsxpress.com\/fr\/wp-json\/wp\/v2\/comments?post=28980"}],"version-history":[{"count":4,"href":"https:\/\/chemsxpress.com\/fr\/wp-json\/wp\/v2\/product\/28980\/revisions"}],"predecessor-version":[{"id":30002,"href":"https:\/\/chemsxpress.com\/fr\/wp-json\/wp\/v2\/product\/28980\/revisions\/30002"}],"wp:featuredmedia":[{"embeddable":true,"href":"https:\/\/chemsxpress.com\/fr\/wp-json\/wp\/v2\/media\/29068"}],"wp:attachment":[{"href":"https:\/\/chemsxpress.com\/fr\/wp-json\/wp\/v2\/media?parent=28980"}],"wp:term":[{"taxonomy":"product_brand","embeddable":true,"href":"https:\/\/chemsxpress.com\/fr\/wp-json\/wp\/v2\/product_brand?post=28980"},{"taxonomy":"product_cat","embeddable":true,"href":"https:\/\/chemsxpress.com\/fr\/wp-json\/wp\/v2\/product_cat?post=28980"},{"taxonomy":"product_tag","embeddable":true,"href":"https:\/\/chemsxpress.com\/fr\/wp-json\/wp\/v2\/product_tag?post=28980"}],"curies":[{"name":"wp","href":"https:\/\/api.w.org\/{rel}","templated":true}]}}