{"id":28981,"date":"2024-04-29T13:19:58","date_gmt":"2024-04-29T13:19:58","guid":{"rendered":"https:\/\/chemsxpress.com\/?post_type=product&#038;p=28981"},"modified":"2025-05-24T16:20:03","modified_gmt":"2025-05-24T16:20:03","slug":"acheter-5-meo-dmt-en-ligne","status":"publish","type":"product","link":"https:\/\/chemsxpress.com\/fr\/produit\/acheter-5-meo-dmt-en-ligne\/","title":{"rendered":"5-CL-DMT .FUMARATE"},"content":{"rendered":"<h2><strong>ACHETER 5-MEO-DMT EN LIGNE<\/strong><\/h2>\n<p>Le 5-MeO-DMT, \u00e9galement connu sous le nom de 5-M\u00e9thoxy-N, N-dim\u00e9thyltryptamine, est un psych\u00e9d\u00e9lique naturel de la classe des tryptamines. Le 5-MeO-DMT pr\u00e9sente des similitudes structurelles avec la N, N-Dim\u00e9thyltryptamine (DMT), mais des \u00e9tudes ont montr\u00e9 des caract\u00e9ristiques chimiques qui pourraient ressembler \u00e0 une puissance sup\u00e9rieure \u00e0 celle du compos\u00e9 le plus connu. Elle est pr\u00e9sente dans une grande vari\u00e9t\u00e9 d'esp\u00e8ces v\u00e9g\u00e9tales et dans le venin de quelques pathog\u00e8nes psychoactifs tels que Bufo Alvaris.<\/p>\n<p>Le 5-MeO-DMT se trouve dans le venin blanc laiteux du crapaud du fleuve Colorado. Les chamans d'Am\u00e9rique du Sud utilisent le poison de crapaud depuis des milliers d'ann\u00e9es. Aujourd'hui, on \u00e9tudie \u00e0 la fois les extraits du poison de crapaud et la forme synth\u00e9tique en poudre. Sa synth\u00e8se et ses r\u00e9sultats ont \u00e9t\u00e9 document\u00e9s pour la premi\u00e8re fois dans le livre TiHKAL (\"Tryptamines I Have Known and Loved\") publi\u00e9 par Alexander Shulgin en 1997. Des \u00e9tudes r\u00e9centes ont montr\u00e9 qu'il pouvait donner des r\u00e9sultats mystiques pendant la recherche et sa popularit\u00e9 a augment\u00e9 au cours des derni\u00e8res ann\u00e9es.<\/p>\n<p>&nbsp;<\/p>\n<h2><strong>COMMENT UTILISER LE 5-MEO-DMT ?<\/strong><\/h2>\n<p>Chez Realchems, vous pouvez acheter du 5-MeO-DMT sous forme de base libre et de chlorhydrate de la plus haute qualit\u00e9. Nous avons du 5-MeO-DMT disponible en quantit\u00e9s de 5gr, 10gr et en vrac. Veillez \u00e0 conserver la 5-MeO-DMT dans un endroit sec et frais pour une dur\u00e9e de conservation maximale. Lorsque vous manipulez des produits chimiques destin\u00e9s \u00e0 la recherche, veillez \u00e0 toujours prendre les pr\u00e9cautions n\u00e9cessaires dans le laboratoire, comme essuyer les surfaces et porter des gants, un masque et des v\u00eatements de protection. Nous conseillons d'\u00eatre particuli\u00e8rement prudent avec le 5-MeO-DMT en raison de sa puissance \u00e9lev\u00e9e.<\/p>\n<p>&nbsp;<\/p>\n<h2><strong>D\u00c9FINITION 5-MEO-DMT<\/strong><\/h2>\n<p>La d\u00e9finition de buy 5-MeO-DMT Online est officiellement connue sous le nom de 5-Methoxy-N, N-dimethyltryptamine. La 5-MeO-DMT est un psych\u00e9d\u00e9lique naturel tr\u00e8s puissant de la classe des tryptamines. Elle est m\u00eame consid\u00e9r\u00e9e comme le psych\u00e9d\u00e9lique le plus puissant de l'histoire de la recherche chimique.<\/p>\n<p>&nbsp;<\/p>\n<h2><strong>INFORMATIONS DE BASE SUR LA CHIMIE 5-MEO-DMT<\/strong><\/h2>\n<p>Les recherches indiquent que la 5-MeO-DMT produit son<a href=\"https:\/\/chemsxpress.com\/fr\/categorie-produit\/produits-chimiques-de-recherche\/\"> r\u00e9sultats<\/a> La 5-m\u00e9thoxy-N-dim\u00e9thyltryptamine est un alcalo\u00efde indolique substitu\u00e9 par un anneau, la tryptamine, qui se lie aux r\u00e9cepteurs de la s\u00e9rotonine. La 5-m\u00e9thoxy-N,N-dim\u00e9thyltryptamine est un alcalo\u00efde indole substitu\u00e9 en anneau, la tryptamine. Elle partage un noyau d'h\u00e9t\u00e9rocycle indole bicyclique attach\u00e9 \u00e0 R3 \u00e0 un groupe amine terminal via une cha\u00eene lat\u00e9rale \u00e9thyle. On suppose que la 5-MeO-DMT est tr\u00e8s puissante. Les recherches indiquent que cette substance est susceptible de produire des r\u00e9sultats importants et spectaculaires dans ce laboratoire. Il est donc fortement conseill\u00e9 d'utiliser des pratiques de r\u00e9duction des risques lors des recherches sur cette substance.<\/p>\n<p>&nbsp;<\/p>\n<h2><strong>O\u00d9 ACHETER 5-MEO-DMT en ligne ?<\/strong><\/h2>\n<p>La 5-MeO-DMT peut \u00eatre achet\u00e9e ici sur le site de la <a href=\"https:\/\/chemsxpress.com\/fr\/\">ChemsXpress<\/a>\u00a0site web. Nous vendons de la 5-MeO-DMT de premi\u00e8re qualit\u00e9, g\u00e9n\u00e9ralement sous forme de poudre. Cependant, nous avons souvent d'autres formes de substances disponibles, alors n'h\u00e9sitez pas \u00e0 nous contacter pour savoir si nous avons la forme de substance que vous pr\u00e9f\u00e9rez en stock. Vous devez \u00eatre \u00e2g\u00e9 d'au moins 18 ans pour acheter du 5-MeO-DMT chez nous.<\/p>","protected":false},"excerpt":{"rendered":"<p><strong>Nom IUPAC : <\/strong>2-(5-chloro-1H-indol-3-yl)-N,N-dim\u00e9thyl\u00e9thane-1-amine Synonymes : 5-CL-N,N-dim\u00e9thyltryptamine<\/p>\n<p><strong>Forme : <\/strong>poudre<\/p>\n<p><strong>Analyse RMN : <\/strong>C12H15ClN2<\/p>","protected":false},"featured_media":29070,"comment_status":"open","ping_status":"closed","template":"","meta":[],"product_brand":[],"product_cat":[92],"product_tag":[],"class_list":{"0":"post-28981","1":"product","2":"type-product","3":"status-publish","4":"has-post-thumbnail","6":"product_cat-tryptamines","8":"first","9":"instock","10":"shipping-taxable","11":"purchasable","12":"product-type-variable"},"yoast_head":"<!-- This site is optimized with the Yoast SEO Premium plugin v24.1 (Yoast SEO v27.4) - https:\/\/yoast.com\/product\/yoast-seo-premium-wordpress\/ -->\n<title>Buy 5-MEO-DMT Online: Premium Quality RC&#039;s | ChemsXpress<\/title>\n<meta name=\"description\" content=\"Buy 5-MEO-DMT online at ChemsXpress. Premium research chemicals, fast shipping. Trust our quality assurance for all your research needs. Order now\" \/>\n<meta name=\"robots\" content=\"index, follow, max-snippet:-1, max-image-preview:large, max-video-preview:-1\" \/>\n<link rel=\"canonical\" href=\"https:\/\/chemsxpress.com\/fr\/produit\/acheter-5-meo-dmt-en-ligne\/\" \/>\n<meta property=\"og:locale\" content=\"fr_FR\" \/>\n<meta property=\"og:type\" content=\"article\" \/>\n<meta property=\"og:title\" content=\"5-CL-DMT .FUMARATE\" \/>\n<meta property=\"og:description\" content=\"Buy 5-MEO-DMT online at ChemsXpress. Premium research chemicals, fast shipping. Trust our quality assurance for all your research needs. Order now\" \/>\n<meta property=\"og:url\" content=\"https:\/\/chemsxpress.com\/fr\/produit\/acheter-5-meo-dmt-en-ligne\/\" \/>\n<meta property=\"og:site_name\" content=\"SHOP MDPHP\" \/>\n<meta property=\"article:modified_time\" content=\"2025-05-24T16:20:03+00:00\" \/>\n<meta property=\"og:image\" content=\"https:\/\/chemsxpress.com\/wp-content\/uploads\/2024\/04\/5-CL-DMT-.FUMARATE.jpg\" \/>\n\t<meta property=\"og:image:width\" content=\"600\" \/>\n\t<meta property=\"og:image:height\" content=\"600\" \/>\n\t<meta property=\"og:image:type\" content=\"image\/jpeg\" \/>\n<meta name=\"twitter:card\" content=\"summary_large_image\" \/>\n<meta name=\"twitter:label1\" content=\"Dur\u00e9e de lecture estim\u00e9e\" \/>\n\t<meta name=\"twitter:data1\" content=\"3 minutes\" \/>\n<script type=\"application\/ld+json\" class=\"yoast-schema-graph\">{\"@context\":\"https:\\\/\\\/schema.org\",\"@graph\":[{\"@type\":\"WebPage\",\"@id\":\"https:\\\/\\\/chemsxpress.com\\\/product\\\/buy-5-meo-dmt-online\\\/\",\"url\":\"https:\\\/\\\/chemsxpress.com\\\/product\\\/buy-5-meo-dmt-online\\\/\",\"name\":\"Buy 5-MEO-DMT Online: Premium Quality RC's | ChemsXpress\",\"isPartOf\":{\"@id\":\"https:\\\/\\\/chemsxpress.com\\\/#website\"},\"primaryImageOfPage\":{\"@id\":\"https:\\\/\\\/chemsxpress.com\\\/product\\\/buy-5-meo-dmt-online\\\/#primaryimage\"},\"image\":{\"@id\":\"https:\\\/\\\/chemsxpress.com\\\/product\\\/buy-5-meo-dmt-online\\\/#primaryimage\"},\"thumbnailUrl\":\"https:\\\/\\\/chemsxpress.com\\\/wp-content\\\/uploads\\\/2024\\\/04\\\/5-CL-DMT-.FUMARATE.jpg\",\"datePublished\":\"2024-04-29T13:19:58+00:00\",\"dateModified\":\"2025-05-24T16:20:03+00:00\",\"description\":\"Buy 5-MEO-DMT online at ChemsXpress. Premium research chemicals, fast shipping. Trust our quality assurance for all your research needs. Order now\",\"breadcrumb\":{\"@id\":\"https:\\\/\\\/chemsxpress.com\\\/product\\\/buy-5-meo-dmt-online\\\/#breadcrumb\"},\"inLanguage\":\"fr-FR\",\"potentialAction\":[{\"@type\":\"ReadAction\",\"target\":[\"https:\\\/\\\/chemsxpress.com\\\/product\\\/buy-5-meo-dmt-online\\\/\"]}]},{\"@type\":\"ImageObject\",\"inLanguage\":\"fr-FR\",\"@id\":\"https:\\\/\\\/chemsxpress.com\\\/product\\\/buy-5-meo-dmt-online\\\/#primaryimage\",\"url\":\"https:\\\/\\\/chemsxpress.com\\\/wp-content\\\/uploads\\\/2024\\\/04\\\/5-CL-DMT-.FUMARATE.jpg\",\"contentUrl\":\"https:\\\/\\\/chemsxpress.com\\\/wp-content\\\/uploads\\\/2024\\\/04\\\/5-CL-DMT-.FUMARATE.jpg\",\"width\":600,\"height\":600,\"caption\":\"BUY 5-MEO-DMT Online\"},{\"@type\":\"BreadcrumbList\",\"@id\":\"https:\\\/\\\/chemsxpress.com\\\/product\\\/buy-5-meo-dmt-online\\\/#breadcrumb\",\"itemListElement\":[{\"@type\":\"ListItem\",\"position\":1,\"name\":\"Home\",\"item\":\"https:\\\/\\\/chemsxpress.com\\\/\"},{\"@type\":\"ListItem\",\"position\":2,\"name\":\"Shop\",\"item\":\"https:\\\/\\\/chemsxpress.com\\\/shop\\\/\"},{\"@type\":\"ListItem\",\"position\":3,\"name\":\"5-CL-DMT .FUMARATE\"}]},{\"@type\":\"WebSite\",\"@id\":\"https:\\\/\\\/chemsxpress.com\\\/#website\",\"url\":\"https:\\\/\\\/chemsxpress.com\\\/\",\"name\":\"SHOP MDPHP\",\"description\":\"Buy MDPHP freebase from reliable supplier\",\"potentialAction\":[{\"@type\":\"SearchAction\",\"target\":{\"@type\":\"EntryPoint\",\"urlTemplate\":\"https:\\\/\\\/chemsxpress.com\\\/?s={search_term_string}\"},\"query-input\":{\"@type\":\"PropertyValueSpecification\",\"valueRequired\":true,\"valueName\":\"search_term_string\"}}],\"inLanguage\":\"fr-FR\"}]}<\/script>\n<!-- \/ Yoast SEO Premium plugin. -->","yoast_head_json":{"title":"Acheter 5-MEO-DMT en ligne : RC's de premi\u00e8re qualit\u00e9 | ChemsXpress","description":"Achetez 5-MEO-DMT en ligne \u00e0 ChemsXpress. Produits chimiques de recherche de premi\u00e8re qualit\u00e9, livraison rapide. Faites confiance \u00e0 notre assurance qualit\u00e9 pour tous vos besoins de recherche. Commandez maintenant","robots":{"index":"index","follow":"follow","max-snippet":"max-snippet:-1","max-image-preview":"max-image-preview:large","max-video-preview":"max-video-preview:-1"},"canonical":"https:\/\/chemsxpress.com\/fr\/produit\/acheter-5-meo-dmt-en-ligne\/","og_locale":"fr_FR","og_type":"article","og_title":"5-CL-DMT .FUMARATE","og_description":"Buy 5-MEO-DMT online at ChemsXpress. Premium research chemicals, fast shipping. Trust our quality assurance for all your research needs. Order now","og_url":"https:\/\/chemsxpress.com\/fr\/produit\/acheter-5-meo-dmt-en-ligne\/","og_site_name":"SHOP MDPHP","article_modified_time":"2025-05-24T16:20:03+00:00","og_image":[{"width":600,"height":600,"url":"https:\/\/chemsxpress.com\/wp-content\/uploads\/2024\/04\/5-CL-DMT-.FUMARATE.jpg","type":"image\/jpeg"}],"twitter_card":"summary_large_image","twitter_misc":{"Dur\u00e9e de lecture estim\u00e9e":"3 minutes"},"schema":{"@context":"https:\/\/schema.org","@graph":[{"@type":"WebPage","@id":"https:\/\/chemsxpress.com\/product\/buy-5-meo-dmt-online\/","url":"https:\/\/chemsxpress.com\/product\/buy-5-meo-dmt-online\/","name":"Acheter 5-MEO-DMT en ligne : RC's de premi\u00e8re qualit\u00e9 | ChemsXpress","isPartOf":{"@id":"https:\/\/chemsxpress.com\/#website"},"primaryImageOfPage":{"@id":"https:\/\/chemsxpress.com\/product\/buy-5-meo-dmt-online\/#primaryimage"},"image":{"@id":"https:\/\/chemsxpress.com\/product\/buy-5-meo-dmt-online\/#primaryimage"},"thumbnailUrl":"https:\/\/chemsxpress.com\/wp-content\/uploads\/2024\/04\/5-CL-DMT-.FUMARATE.jpg","datePublished":"2024-04-29T13:19:58+00:00","dateModified":"2025-05-24T16:20:03+00:00","description":"Achetez 5-MEO-DMT en ligne \u00e0 ChemsXpress. Produits chimiques de recherche de premi\u00e8re qualit\u00e9, livraison rapide. Faites confiance \u00e0 notre assurance qualit\u00e9 pour tous vos besoins de recherche. Commandez maintenant","breadcrumb":{"@id":"https:\/\/chemsxpress.com\/product\/buy-5-meo-dmt-online\/#breadcrumb"},"inLanguage":"fr-FR","potentialAction":[{"@type":"ReadAction","target":["https:\/\/chemsxpress.com\/product\/buy-5-meo-dmt-online\/"]}]},{"@type":"ImageObject","inLanguage":"fr-FR","@id":"https:\/\/chemsxpress.com\/product\/buy-5-meo-dmt-online\/#primaryimage","url":"https:\/\/chemsxpress.com\/wp-content\/uploads\/2024\/04\/5-CL-DMT-.FUMARATE.jpg","contentUrl":"https:\/\/chemsxpress.com\/wp-content\/uploads\/2024\/04\/5-CL-DMT-.FUMARATE.jpg","width":600,"height":600,"caption":"BUY 5-MEO-DMT Online"},{"@type":"BreadcrumbList","@id":"https:\/\/chemsxpress.com\/product\/buy-5-meo-dmt-online\/#breadcrumb","itemListElement":[{"@type":"ListItem","position":1,"name":"Home","item":"https:\/\/chemsxpress.com\/"},{"@type":"ListItem","position":2,"name":"Shop","item":"https:\/\/chemsxpress.com\/shop\/"},{"@type":"ListItem","position":3,"name":"5-CL-DMT .FUMARATE"}]},{"@type":"WebSite","@id":"https:\/\/chemsxpress.com\/#website","url":"https:\/\/chemsxpress.com\/","name":"SHOP MDPHP","description":"Acheter MDPHP freebase aupr\u00e8s d'un fournisseur fiable","potentialAction":[{"@type":"SearchAction","target":{"@type":"EntryPoint","urlTemplate":"https:\/\/chemsxpress.com\/?s={search_term_string}"},"query-input":{"@type":"PropertyValueSpecification","valueRequired":true,"valueName":"search_term_string"}}],"inLanguage":"fr-FR"}]}},"jetpack_sharing_enabled":true,"_links":{"self":[{"href":"https:\/\/chemsxpress.com\/fr\/wp-json\/wp\/v2\/product\/28981","targetHints":{"allow":["GET"]}}],"collection":[{"href":"https:\/\/chemsxpress.com\/fr\/wp-json\/wp\/v2\/product"}],"about":[{"href":"https:\/\/chemsxpress.com\/fr\/wp-json\/wp\/v2\/types\/product"}],"replies":[{"embeddable":true,"href":"https:\/\/chemsxpress.com\/fr\/wp-json\/wp\/v2\/comments?post=28981"}],"version-history":[{"count":4,"href":"https:\/\/chemsxpress.com\/fr\/wp-json\/wp\/v2\/product\/28981\/revisions"}],"predecessor-version":[{"id":30005,"href":"https:\/\/chemsxpress.com\/fr\/wp-json\/wp\/v2\/product\/28981\/revisions\/30005"}],"wp:featuredmedia":[{"embeddable":true,"href":"https:\/\/chemsxpress.com\/fr\/wp-json\/wp\/v2\/media\/29070"}],"wp:attachment":[{"href":"https:\/\/chemsxpress.com\/fr\/wp-json\/wp\/v2\/media?parent=28981"}],"wp:term":[{"taxonomy":"product_brand","embeddable":true,"href":"https:\/\/chemsxpress.com\/fr\/wp-json\/wp\/v2\/product_brand?post=28981"},{"taxonomy":"product_cat","embeddable":true,"href":"https:\/\/chemsxpress.com\/fr\/wp-json\/wp\/v2\/product_cat?post=28981"},{"taxonomy":"product_tag","embeddable":true,"href":"https:\/\/chemsxpress.com\/fr\/wp-json\/wp\/v2\/product_tag?post=28981"}],"curies":[{"name":"wp","href":"https:\/\/api.w.org\/{rel}","templated":true}]}}