{"id":28982,"date":"2024-04-29T13:19:58","date_gmt":"2024-04-29T13:19:58","guid":{"rendered":"https:\/\/chemsxpress.com\/?post_type=product&#038;p=28982"},"modified":"2024-05-02T14:12:03","modified_gmt":"2024-05-02T14:12:03","slug":"acheter-amt-succinate","status":"publish","type":"product","link":"https:\/\/chemsxpress.com\/fr\/produit\/acheter-amt-succinate\/","title":{"rendered":"AMT succinate"},"content":{"rendered":"<h1><strong>Qu'est-ce que Buy aMT Succinate ?<\/strong><\/h1>\n<p>Achetez le succinate d'aMT qui est un compos\u00e9 \u00e0 base de tryptamine. Il est \u00e9galement connu sous le nom de succinate d'alpha-m\u00e9thyltryptamine, compos\u00e9 d'acide succinique avec 3-(2-aminopropyl)indole, succinate de -m\u00e9thyltryptamine, succinate d'alphaMT, succinate de MT, compos\u00e9 d'acide butanedio\u00efque avec -m\u00e9thyl-1H-indole-3-\u00e9thanamine, et compos\u00e9 d'acide butanedio\u00efque avec -m\u00e9thyl-1H-in (1:1).<\/p>\n<p>&nbsp;<\/p>\n<p>La 1-(1H-indol-3-yl)propane-2-amine, souvent appel\u00e9e aMT ou -M\u00e9thyltryptamine, est une mol\u00e9cule synth\u00e9tique indole alcalo\u00efde de la classe des tryptamines. Les tryptamines sont un m\u00e9tabolite indolamine du tryptophane, un acide amin\u00e9 important. Certains neuromodulateurs aminergiques partagent la structure de la tryptamine.<\/p>\n<p>&nbsp;<\/p>\n<p>aMT Le carbone alpha du succinate tryptamine est substitu\u00e9 par un groupe m\u00e9thyle. Sa relation chimique avec la tryptamine est similaire \u00e0 celle de l'amph\u00e9tamine avec la ph\u00e9n\u00e9thylamine. Le neurotransmetteur s\u00e9rotonine est fortement li\u00e9 \u00e0 l'aMT (5-hydroxytryptamine). L'aMT est d\u00e9couverte sous la forme d'un rac\u00e9mate de ses \u00e9nantiom\u00e8res (R-) et (S-) sous forme de base libre.<\/p>\n<p>&nbsp;<\/p>\n<p>Upjohn a produit le succinate d'aMT dans les ann\u00e9es 1960. La condensation Nitroaldol de l'indole-3-carboxald\u00e9hyde et du nitro\u00e9thane sous catalyse d'ac\u00e9tate d'ammonium, ainsi que la condensation de l'indole-3-ac\u00e9tone et de l'hydroxylamine, suivie de la r\u00e9duction de la c\u00e9toxime r\u00e9sultante avec de l'hydrure de lithium et d'aluminium, peuvent \u00eatre utilis\u00e9es pour fabriquer l'aMT. L'aMT agit comme un inhibiteur \u00e9quilibr\u00e9 de la recapture ainsi que comme un agent de lib\u00e9ration de trois monoamines diff\u00e9rentes.<\/p>\n<p>&nbsp;<\/p>\n<h2><strong>Clause de non-responsabilit\u00e9<\/strong><\/h2>\n<p>Ce produit ne doit pas \u00eatre administr\u00e9 aux humains et aux animaux. Il est exclusivement destin\u00e9 \u00e0 un usage en laboratoire. Nous recommandons \u00e9galement que le produit soit manipul\u00e9 avec des \u00e9quipements de protection individuelle afin d'\u00e9viter tout risque li\u00e9 \u00e0 la manipulation du produit chimique.<\/p>\n<p>&nbsp;<\/p>\n<h2><strong>Le succinate d'aMT est-il l\u00e9gal ?<\/strong><\/h2>\n<p>Avant d'acheter du succinate d'aMT, nous vous recommandons de v\u00e9rifier la l\u00e9galit\u00e9 de ce produit chimique aupr\u00e8s des autorit\u00e9s comp\u00e9tentes de votre r\u00e9gion ou de votre lieu d'exp\u00e9dition.<\/p>\n<p>&nbsp;<\/p>\n<p>Pour assurer la s\u00e9curit\u00e9 des clients, nous prenons les mesures appropri\u00e9es en mettant en \u0153uvre des garanties strictes lors de la vente de ces produits. Nous ne pouvons \u00eatre tenus responsables de tout probl\u00e8me juridique pouvant survenir \u00e0 la suite de l'achat de Succinate d'AMT dans votre pays.<\/p>\n<p>&nbsp;<\/p>\n<h2><strong>O\u00f9 acheter le succinate d'aMT ?<\/strong><\/h2>\n<p><a href=\"https:\/\/chemsxpress.com\/fr\/\">ChemsXpress<\/a> est un fournisseur et distributeur de premier plan de succinate d'aMT et de produits chimiques connexes. Le succinate d'aMT est uniquement fourni \u00e0 des fins de recherche en laboratoire et est disponible sous forme de poudre. Cette substance est r\u00e9serv\u00e9e aux adultes \u00e2g\u00e9s de 18 ans et plus et ne doit pas \u00eatre utilis\u00e9e sur les humains ou les animaux.<\/p>","protected":false},"excerpt":{"rendered":"<p><strong>Nom IUPAC :<\/strong><\/p>\n<p><strong>CAS # <\/strong>299-26-3<\/p>\n<p><strong>Autre nom : <\/strong>alpha-m\u00e9thyltryptamine<\/p>\n<p><strong>Analyse RMN : <\/strong>C11H14N2<\/p>","protected":false},"featured_media":29072,"comment_status":"open","ping_status":"closed","template":"","meta":[],"product_brand":[],"product_cat":[92],"product_tag":[],"class_list":{"0":"post-28982","1":"product","2":"type-product","3":"status-publish","4":"has-post-thumbnail","6":"product_cat-tryptamines","8":"first","9":"instock","10":"shipping-taxable","11":"purchasable","12":"product-type-variable"},"yoast_head":"<!-- This site is optimized with the Yoast SEO Premium plugin v24.1 (Yoast SEO v27.4) - https:\/\/yoast.com\/product\/yoast-seo-premium-wordpress\/ -->\n<title>Buy aMT Succinate Online: Premium Quality RC&#039;s | ChemsXpress<\/title>\n<meta name=\"description\" content=\"Explore aMT Succinate at ChemsXpress. Premium research chemicals, fast shipping. Trust our quality assurance for all your research needs. Order now\" \/>\n<meta name=\"robots\" content=\"index, follow, max-snippet:-1, max-image-preview:large, max-video-preview:-1\" \/>\n<link rel=\"canonical\" href=\"https:\/\/chemsxpress.com\/fr\/produit\/acheter-amt-succinate\/\" \/>\n<meta property=\"og:locale\" content=\"fr_FR\" \/>\n<meta property=\"og:type\" content=\"article\" \/>\n<meta property=\"og:title\" content=\"AMT succinate\" \/>\n<meta property=\"og:description\" content=\"Explore aMT Succinate at ChemsXpress. Premium research chemicals, fast shipping. Trust our quality assurance for all your research needs. Order now\" \/>\n<meta property=\"og:url\" content=\"https:\/\/chemsxpress.com\/fr\/produit\/acheter-amt-succinate\/\" \/>\n<meta property=\"og:site_name\" content=\"SHOP MDPHP\" \/>\n<meta property=\"article:modified_time\" content=\"2024-05-02T14:12:03+00:00\" \/>\n<meta property=\"og:image\" content=\"https:\/\/chemsxpress.com\/wp-content\/uploads\/2024\/04\/AMT-succinate.jpg\" \/>\n\t<meta property=\"og:image:width\" content=\"600\" \/>\n\t<meta property=\"og:image:height\" content=\"600\" \/>\n\t<meta property=\"og:image:type\" content=\"image\/jpeg\" \/>\n<meta name=\"twitter:card\" content=\"summary_large_image\" \/>\n<meta name=\"twitter:label1\" content=\"Dur\u00e9e de lecture estim\u00e9e\" \/>\n\t<meta name=\"twitter:data1\" content=\"2 minutes\" \/>\n<script type=\"application\/ld+json\" class=\"yoast-schema-graph\">{\"@context\":\"https:\\\/\\\/schema.org\",\"@graph\":[{\"@type\":\"WebPage\",\"@id\":\"https:\\\/\\\/chemsxpress.com\\\/product\\\/buy-amt-succinate\\\/\",\"url\":\"https:\\\/\\\/chemsxpress.com\\\/product\\\/buy-amt-succinate\\\/\",\"name\":\"Buy aMT Succinate Online: Premium Quality RC's | ChemsXpress\",\"isPartOf\":{\"@id\":\"https:\\\/\\\/chemsxpress.com\\\/#website\"},\"primaryImageOfPage\":{\"@id\":\"https:\\\/\\\/chemsxpress.com\\\/product\\\/buy-amt-succinate\\\/#primaryimage\"},\"image\":{\"@id\":\"https:\\\/\\\/chemsxpress.com\\\/product\\\/buy-amt-succinate\\\/#primaryimage\"},\"thumbnailUrl\":\"https:\\\/\\\/chemsxpress.com\\\/wp-content\\\/uploads\\\/2024\\\/04\\\/AMT-succinate.jpg\",\"datePublished\":\"2024-04-29T13:19:58+00:00\",\"dateModified\":\"2024-05-02T14:12:03+00:00\",\"description\":\"Explore aMT Succinate at ChemsXpress. Premium research chemicals, fast shipping. Trust our quality assurance for all your research needs. Order now\",\"breadcrumb\":{\"@id\":\"https:\\\/\\\/chemsxpress.com\\\/product\\\/buy-amt-succinate\\\/#breadcrumb\"},\"inLanguage\":\"fr-FR\",\"potentialAction\":[{\"@type\":\"ReadAction\",\"target\":[\"https:\\\/\\\/chemsxpress.com\\\/product\\\/buy-amt-succinate\\\/\"]}]},{\"@type\":\"ImageObject\",\"inLanguage\":\"fr-FR\",\"@id\":\"https:\\\/\\\/chemsxpress.com\\\/product\\\/buy-amt-succinate\\\/#primaryimage\",\"url\":\"https:\\\/\\\/chemsxpress.com\\\/wp-content\\\/uploads\\\/2024\\\/04\\\/AMT-succinate.jpg\",\"contentUrl\":\"https:\\\/\\\/chemsxpress.com\\\/wp-content\\\/uploads\\\/2024\\\/04\\\/AMT-succinate.jpg\",\"width\":600,\"height\":600,\"caption\":\"Buy aMT Succinate\"},{\"@type\":\"BreadcrumbList\",\"@id\":\"https:\\\/\\\/chemsxpress.com\\\/product\\\/buy-amt-succinate\\\/#breadcrumb\",\"itemListElement\":[{\"@type\":\"ListItem\",\"position\":1,\"name\":\"Home\",\"item\":\"https:\\\/\\\/chemsxpress.com\\\/\"},{\"@type\":\"ListItem\",\"position\":2,\"name\":\"Shop\",\"item\":\"https:\\\/\\\/chemsxpress.com\\\/shop\\\/\"},{\"@type\":\"ListItem\",\"position\":3,\"name\":\"AMT succinate\"}]},{\"@type\":\"WebSite\",\"@id\":\"https:\\\/\\\/chemsxpress.com\\\/#website\",\"url\":\"https:\\\/\\\/chemsxpress.com\\\/\",\"name\":\"SHOP MDPHP\",\"description\":\"Buy MDPHP freebase from reliable supplier\",\"potentialAction\":[{\"@type\":\"SearchAction\",\"target\":{\"@type\":\"EntryPoint\",\"urlTemplate\":\"https:\\\/\\\/chemsxpress.com\\\/?s={search_term_string}\"},\"query-input\":{\"@type\":\"PropertyValueSpecification\",\"valueRequired\":true,\"valueName\":\"search_term_string\"}}],\"inLanguage\":\"fr-FR\"}]}<\/script>\n<!-- \/ Yoast SEO Premium plugin. -->","yoast_head_json":{"title":"Acheter du succinate d'aMT en ligne : RC's de premi\u00e8re qualit\u00e9 | ChemsXpress","description":"D\u00e9couvrez le succinate d'aMT sur ChemsXpress. Produits chimiques de recherche de premi\u00e8re qualit\u00e9, livraison rapide. Faites confiance \u00e0 notre assurance qualit\u00e9 pour tous vos besoins de recherche. Commandez maintenant","robots":{"index":"index","follow":"follow","max-snippet":"max-snippet:-1","max-image-preview":"max-image-preview:large","max-video-preview":"max-video-preview:-1"},"canonical":"https:\/\/chemsxpress.com\/fr\/produit\/acheter-amt-succinate\/","og_locale":"fr_FR","og_type":"article","og_title":"AMT succinate","og_description":"Explore aMT Succinate at ChemsXpress. Premium research chemicals, fast shipping. Trust our quality assurance for all your research needs. Order now","og_url":"https:\/\/chemsxpress.com\/fr\/produit\/acheter-amt-succinate\/","og_site_name":"SHOP MDPHP","article_modified_time":"2024-05-02T14:12:03+00:00","og_image":[{"width":600,"height":600,"url":"https:\/\/chemsxpress.com\/wp-content\/uploads\/2024\/04\/AMT-succinate.jpg","type":"image\/jpeg"}],"twitter_card":"summary_large_image","twitter_misc":{"Dur\u00e9e de lecture estim\u00e9e":"2 minutes"},"schema":{"@context":"https:\/\/schema.org","@graph":[{"@type":"WebPage","@id":"https:\/\/chemsxpress.com\/product\/buy-amt-succinate\/","url":"https:\/\/chemsxpress.com\/product\/buy-amt-succinate\/","name":"Acheter du succinate d'aMT en ligne : RC's de premi\u00e8re qualit\u00e9 | ChemsXpress","isPartOf":{"@id":"https:\/\/chemsxpress.com\/#website"},"primaryImageOfPage":{"@id":"https:\/\/chemsxpress.com\/product\/buy-amt-succinate\/#primaryimage"},"image":{"@id":"https:\/\/chemsxpress.com\/product\/buy-amt-succinate\/#primaryimage"},"thumbnailUrl":"https:\/\/chemsxpress.com\/wp-content\/uploads\/2024\/04\/AMT-succinate.jpg","datePublished":"2024-04-29T13:19:58+00:00","dateModified":"2024-05-02T14:12:03+00:00","description":"D\u00e9couvrez le succinate d'aMT sur ChemsXpress. Produits chimiques de recherche de premi\u00e8re qualit\u00e9, livraison rapide. Faites confiance \u00e0 notre assurance qualit\u00e9 pour tous vos besoins de recherche. Commandez maintenant","breadcrumb":{"@id":"https:\/\/chemsxpress.com\/product\/buy-amt-succinate\/#breadcrumb"},"inLanguage":"fr-FR","potentialAction":[{"@type":"ReadAction","target":["https:\/\/chemsxpress.com\/product\/buy-amt-succinate\/"]}]},{"@type":"ImageObject","inLanguage":"fr-FR","@id":"https:\/\/chemsxpress.com\/product\/buy-amt-succinate\/#primaryimage","url":"https:\/\/chemsxpress.com\/wp-content\/uploads\/2024\/04\/AMT-succinate.jpg","contentUrl":"https:\/\/chemsxpress.com\/wp-content\/uploads\/2024\/04\/AMT-succinate.jpg","width":600,"height":600,"caption":"Buy aMT Succinate"},{"@type":"BreadcrumbList","@id":"https:\/\/chemsxpress.com\/product\/buy-amt-succinate\/#breadcrumb","itemListElement":[{"@type":"ListItem","position":1,"name":"Home","item":"https:\/\/chemsxpress.com\/"},{"@type":"ListItem","position":2,"name":"Shop","item":"https:\/\/chemsxpress.com\/shop\/"},{"@type":"ListItem","position":3,"name":"AMT succinate"}]},{"@type":"WebSite","@id":"https:\/\/chemsxpress.com\/#website","url":"https:\/\/chemsxpress.com\/","name":"SHOP MDPHP","description":"Acheter MDPHP freebase aupr\u00e8s d'un fournisseur fiable","potentialAction":[{"@type":"SearchAction","target":{"@type":"EntryPoint","urlTemplate":"https:\/\/chemsxpress.com\/?s={search_term_string}"},"query-input":{"@type":"PropertyValueSpecification","valueRequired":true,"valueName":"search_term_string"}}],"inLanguage":"fr-FR"}]}},"jetpack_sharing_enabled":true,"_links":{"self":[{"href":"https:\/\/chemsxpress.com\/fr\/wp-json\/wp\/v2\/product\/28982","targetHints":{"allow":["GET"]}}],"collection":[{"href":"https:\/\/chemsxpress.com\/fr\/wp-json\/wp\/v2\/product"}],"about":[{"href":"https:\/\/chemsxpress.com\/fr\/wp-json\/wp\/v2\/types\/product"}],"replies":[{"embeddable":true,"href":"https:\/\/chemsxpress.com\/fr\/wp-json\/wp\/v2\/comments?post=28982"}],"version-history":[{"count":3,"href":"https:\/\/chemsxpress.com\/fr\/wp-json\/wp\/v2\/product\/28982\/revisions"}],"predecessor-version":[{"id":29609,"href":"https:\/\/chemsxpress.com\/fr\/wp-json\/wp\/v2\/product\/28982\/revisions\/29609"}],"wp:featuredmedia":[{"embeddable":true,"href":"https:\/\/chemsxpress.com\/fr\/wp-json\/wp\/v2\/media\/29072"}],"wp:attachment":[{"href":"https:\/\/chemsxpress.com\/fr\/wp-json\/wp\/v2\/media?parent=28982"}],"wp:term":[{"taxonomy":"product_brand","embeddable":true,"href":"https:\/\/chemsxpress.com\/fr\/wp-json\/wp\/v2\/product_brand?post=28982"},{"taxonomy":"product_cat","embeddable":true,"href":"https:\/\/chemsxpress.com\/fr\/wp-json\/wp\/v2\/product_cat?post=28982"},{"taxonomy":"product_tag","embeddable":true,"href":"https:\/\/chemsxpress.com\/fr\/wp-json\/wp\/v2\/product_tag?post=28982"}],"curies":[{"name":"wp","href":"https:\/\/api.w.org\/{rel}","templated":true}]}}