{"id":29008,"date":"2024-04-29T13:20:19","date_gmt":"2024-04-29T13:20:19","guid":{"rendered":"https:\/\/chemsxpress.com\/?post_type=product&#038;p=29008"},"modified":"2025-05-23T20:08:56","modified_gmt":"2025-05-23T20:08:56","slug":"acheter-5-meo-mipt-2-2","status":"publish","type":"product","link":"https:\/\/chemsxpress.com\/fr\/produit\/acheter-5-meo-mipt-2-2\/","title":{"rendered":"5-MEO-DIPT"},"content":{"rendered":"<h2><strong>ACHETER 5-MEO-MIPT en ligne<\/strong><\/h2>\n<p>Acheter 5-MeO-MiPT en ligne, \u00e9galement connu sous le nom de 5-M\u00e9thoxy-N-m\u00e9thyl-N-isopropyltryptamine et moxy, est un psych\u00e9d\u00e9lique moins connu de la classe des tryptamines. La 5-MeO-MiPT est structurellement apparent\u00e9e \u00e0 d'autres tryptamines comme la 5-MeO-DMT et la 5-MeO-DiPT.  Elle est peu courante par rapport au di\u00e9thylamide de l'acide lysergique et \u00e0 la psilocine, mais elle existe d\u00e9j\u00e0 depuis quelques d\u00e9cennies. La 5-MeO-MiPT fait virer le r\u00e9actif d'Ehrlich au violet puis au bleu p\u00e2le. Le r\u00e9actif de Marquis passe du jaune au noir. Les r\u00e9sultats psychoactifs de la recherche proviendraient de l'activit\u00e9 des r\u00e9cepteurs de la s\u00e9rotonine.<\/p>\n<p>La synth\u00e8se de la 5-MeO-MiPT a \u00e9t\u00e9 rapport\u00e9e pour la premi\u00e8re fois en 1985 par David Repke et Alexander Shulgin et d\u00e9crite dans le livre de Shulgin TiHKAL \"Tryptamines I Have Known and Loved\".<\/p>\n<p>Les rapports de recherche d\u00e9crivent les effets de la 5-MeO-MiPT comme tr\u00e8s stimulants et l\u00e9g\u00e8rement entactog\u00e8nes, sans effets psych\u00e9d\u00e9liques typiques. On sait tr\u00e8s peu de choses sur la 5-MeO-MiPT, et son histoire est limit\u00e9e sur le march\u00e9 de la drogue. <a href=\"https:\/\/chemsxpress.com\/fr\/categorie-produit\/produits-chimiques-de-recherche\/\">produits chimiques de recherche<\/a> march\u00e9. Nous recommandons vivement d'utiliser des pratiques de r\u00e9duction des risques lors de la recherche de cette substance.<\/p>\n<p>&nbsp;<\/p>\n<h2><strong>COMMENT UTILISER LE 5-MEO-MIPT EN POUDRE ET EN GRANUL\u00c9S ?<\/strong><\/h2>\n<p>Chez ChemsXpress, vous pouvez acheter du 5-MeO-MIPT en ligne sous forme de poudre et de pastilles de la plus haute qualit\u00e9. Achetez la poudre de 5-MeO-MIPT en quantit\u00e9s de 0,25gr, 0,5gr, 1gr, et 2gr ou achetez les pastilles de 5-MeO-MIPT en quantit\u00e9s allant de 1 \u00e0 25. Veillez \u00e0 conserver la poudre ou les pastilles de 5-MeO-MIPT dans un endroit sec et frais pour une dur\u00e9e de conservation maximale. Lorsque vous manipulez des produits chimiques de recherche, veillez \u00e0 toujours prendre les pr\u00e9cautions qui s'imposent dans le laboratoire, par exemple en essuyant les surfaces et en portant des gants, un masque et des v\u00eatements de protection.<\/p>\n<p>&nbsp;<\/p>\n<h2><strong>D\u00c9FINITION 5-MEO-MIPT<\/strong><\/h2>\n<p>La d\u00e9finition de la 5-MeO-MIPT est officiellement connue sous le nom de 5-M\u00e9thoxy-N-m\u00e9thyl-N-isopropyltryptamine et commun\u00e9ment appel\u00e9e moxy. Il s'agit d'une tryptamine moins connue, structurellement apparent\u00e9e \u00e0 la 5-MeO-DMT et \u00e0 la 5-MeO-DiPT.<\/p>\n<p>&nbsp;<\/p>\n<h2><strong>INFORMATIONS DE BASE SUR LA CHIMIE 5-MEO-MIPT<\/strong><\/h2>\n<p>La structure de la 5-MeO-MiPT est similaire \u00e0 celle de la substance plus populaire 5-MeO-DiPT, \u00e9galement connue sous le nom de foxy methoxy, ce qui explique que la 5-MeO-MiPT soit surnomm\u00e9e \"moxy\". La 5-MeO-MiPT a \u00e9t\u00e9 synth\u00e9tis\u00e9e pour la premi\u00e8re fois en 1985 par David Repke et Alexander Shulgin. Certains chercheurs rapportent les r\u00e9sultats typiques de la 5-MeO-DiPT sans aucun des effets ind\u00e9sirables et beaucoup plus psych\u00e9d\u00e9liques que la 5-MeO-DMT.<\/p>\n<p>Les chercheurs pensent que l'action du 5-MeO-MiPT est principalement due \u00e0 l'agonisme des r\u00e9cepteurs 5-HT2A. Il se lie plus fortement aux r\u00e9cepteurs 5-HT1A ; il pr\u00e9sente \u00e9galement une affinit\u00e9 de liaison assez forte pour le SERT et le NET, agissant comme un inhibiteur mod\u00e9r\u00e9ment puissant de la recapture de la s\u00e9rotonine et de la nor\u00e9pin\u00e9phrine. On sait tr\u00e8s peu de choses sur la 5-MeO-MiPT, et son histoire sur le march\u00e9 des produits chimiques de recherche est courte. Nous recommandons vivement l'utilisation de pratiques de r\u00e9duction des risques lors de l'\u00e9tude de cette substance.<\/p>\n<p>&nbsp;<\/p>\n<h2><strong>O\u00d9 ACHETER 5-MEO-MIPT<\/strong><\/h2>\n<p>Le 5-MeO-MIPT peut \u00eatre achet\u00e9 ici sur le site de la <a href=\"https:\/\/chemsxpress.com\/fr\/\">site web<\/a>. Nous vendons du 5-MeO-MIPT de premi\u00e8re qualit\u00e9, g\u00e9n\u00e9ralement sous forme de poudre et de pastilles. Cependant, nous avons souvent d'autres formes de substances disponibles, alors n'h\u00e9sitez pas \u00e0 nous contacter pour savoir si nous avons votre forme de substance pr\u00e9f\u00e9r\u00e9e en stock. Vous devez \u00eatre \u00e2g\u00e9 d'au moins 18 ans pour acheter du 5-MeO-MIPT chez nous.<\/p>","protected":false},"excerpt":{"rendered":"<p><strong>Nom IUPAC : <\/strong>5-M\u00e9thoxy-N,N-diisopropyltryptamine - chlorhydrate<\/p>\n<p><strong>CAS # <\/strong>4021-34-5<\/p>\n<p><strong>Forme : <\/strong>HCl<\/p>\n<p><strong>Analyse RMN : <\/strong>C17H26N2O<\/p>","protected":false},"featured_media":29074,"comment_status":"open","ping_status":"closed","template":"","meta":[],"product_brand":[],"product_cat":[92],"product_tag":[],"class_list":{"0":"post-29008","1":"product","2":"type-product","3":"status-publish","4":"has-post-thumbnail","6":"product_cat-tryptamines","8":"first","9":"instock","10":"shipping-taxable","11":"purchasable","12":"product-type-variable"},"yoast_head":"<!-- This site is optimized with the Yoast SEO Premium plugin v24.1 (Yoast SEO v27.4) - https:\/\/yoast.com\/product\/yoast-seo-premium-wordpress\/ -->\n<title>Buy 5-MEO-MIPT Online: Premium Quality RC&#039;s | ChemsXpres<\/title>\n<meta name=\"description\" content=\"Buy 5-MEO-MIPT online at ChemsXpress. Premium research chemicals, fast shipping. Trust our quality assurance for all your research needs. Order now\" \/>\n<meta name=\"robots\" content=\"index, follow, max-snippet:-1, max-image-preview:large, max-video-preview:-1\" \/>\n<link rel=\"canonical\" href=\"https:\/\/chemsxpress.com\/fr\/produit\/acheter-5-meo-mipt-2-2\/\" \/>\n<meta property=\"og:locale\" content=\"fr_FR\" \/>\n<meta property=\"og:type\" content=\"article\" \/>\n<meta property=\"og:title\" content=\"5-MEO-DIPT\" \/>\n<meta property=\"og:description\" content=\"Buy 5-MEO-MIPT online at ChemsXpress. Premium research chemicals, fast shipping. Trust our quality assurance for all your research needs. Order now\" \/>\n<meta property=\"og:url\" content=\"https:\/\/chemsxpress.com\/fr\/produit\/acheter-5-meo-mipt-2-2\/\" \/>\n<meta property=\"og:site_name\" content=\"SHOP MDPHP\" \/>\n<meta property=\"article:modified_time\" content=\"2025-05-23T20:08:56+00:00\" \/>\n<meta property=\"og:image\" content=\"https:\/\/chemsxpress.com\/wp-content\/uploads\/2024\/04\/5-MEO-DIPT.jpg\" \/>\n\t<meta property=\"og:image:width\" content=\"600\" \/>\n\t<meta property=\"og:image:height\" content=\"600\" \/>\n\t<meta property=\"og:image:type\" content=\"image\/jpeg\" \/>\n<meta name=\"twitter:card\" content=\"summary_large_image\" \/>\n<meta name=\"twitter:label1\" content=\"Dur\u00e9e de lecture estim\u00e9e\" \/>\n\t<meta name=\"twitter:data1\" content=\"3 minutes\" \/>\n<script type=\"application\/ld+json\" class=\"yoast-schema-graph\">{\"@context\":\"https:\\\/\\\/schema.org\",\"@graph\":[{\"@type\":\"WebPage\",\"@id\":\"https:\\\/\\\/chemsxpress.com\\\/product\\\/buy-5-meo-mipt-2\\\/\",\"url\":\"https:\\\/\\\/chemsxpress.com\\\/product\\\/buy-5-meo-mipt-2\\\/\",\"name\":\"Buy 5-MEO-MIPT Online: Premium Quality RC's | ChemsXpres\",\"isPartOf\":{\"@id\":\"https:\\\/\\\/chemsxpress.com\\\/#website\"},\"primaryImageOfPage\":{\"@id\":\"https:\\\/\\\/chemsxpress.com\\\/product\\\/buy-5-meo-mipt-2\\\/#primaryimage\"},\"image\":{\"@id\":\"https:\\\/\\\/chemsxpress.com\\\/product\\\/buy-5-meo-mipt-2\\\/#primaryimage\"},\"thumbnailUrl\":\"https:\\\/\\\/chemsxpress.com\\\/wp-content\\\/uploads\\\/2024\\\/04\\\/5-MEO-DIPT.jpg\",\"datePublished\":\"2024-04-29T13:20:19+00:00\",\"dateModified\":\"2025-05-23T20:08:56+00:00\",\"description\":\"Buy 5-MEO-MIPT online at ChemsXpress. Premium research chemicals, fast shipping. Trust our quality assurance for all your research needs. Order now\",\"breadcrumb\":{\"@id\":\"https:\\\/\\\/chemsxpress.com\\\/product\\\/buy-5-meo-mipt-2\\\/#breadcrumb\"},\"inLanguage\":\"fr-FR\",\"potentialAction\":[{\"@type\":\"ReadAction\",\"target\":[\"https:\\\/\\\/chemsxpress.com\\\/product\\\/buy-5-meo-mipt-2\\\/\"]}]},{\"@type\":\"ImageObject\",\"inLanguage\":\"fr-FR\",\"@id\":\"https:\\\/\\\/chemsxpress.com\\\/product\\\/buy-5-meo-mipt-2\\\/#primaryimage\",\"url\":\"https:\\\/\\\/chemsxpress.com\\\/wp-content\\\/uploads\\\/2024\\\/04\\\/5-MEO-DIPT.jpg\",\"contentUrl\":\"https:\\\/\\\/chemsxpress.com\\\/wp-content\\\/uploads\\\/2024\\\/04\\\/5-MEO-DIPT.jpg\",\"width\":600,\"height\":600,\"caption\":\"Buy 5-MeO-MiPT\u00a0 Online\"},{\"@type\":\"BreadcrumbList\",\"@id\":\"https:\\\/\\\/chemsxpress.com\\\/product\\\/buy-5-meo-mipt-2\\\/#breadcrumb\",\"itemListElement\":[{\"@type\":\"ListItem\",\"position\":1,\"name\":\"Home\",\"item\":\"https:\\\/\\\/chemsxpress.com\\\/\"},{\"@type\":\"ListItem\",\"position\":2,\"name\":\"Shop\",\"item\":\"https:\\\/\\\/chemsxpress.com\\\/shop\\\/\"},{\"@type\":\"ListItem\",\"position\":3,\"name\":\"5-MEO-DIPT\"}]},{\"@type\":\"WebSite\",\"@id\":\"https:\\\/\\\/chemsxpress.com\\\/#website\",\"url\":\"https:\\\/\\\/chemsxpress.com\\\/\",\"name\":\"SHOP MDPHP\",\"description\":\"Buy MDPHP freebase from reliable supplier\",\"potentialAction\":[{\"@type\":\"SearchAction\",\"target\":{\"@type\":\"EntryPoint\",\"urlTemplate\":\"https:\\\/\\\/chemsxpress.com\\\/?s={search_term_string}\"},\"query-input\":{\"@type\":\"PropertyValueSpecification\",\"valueRequired\":true,\"valueName\":\"search_term_string\"}}],\"inLanguage\":\"fr-FR\"}]}<\/script>\n<!-- \/ Yoast SEO Premium plugin. -->","yoast_head_json":{"title":"Acheter 5-MEO-MIPT en ligne : Premium Quality RC's | ChemsXpres","description":"Achetez 5-MEO-MIPT en ligne \u00e0 ChemsXpress. Produits chimiques de recherche de premi\u00e8re qualit\u00e9, livraison rapide. Faites confiance \u00e0 notre assurance qualit\u00e9 pour tous vos besoins de recherche. Commandez maintenant","robots":{"index":"index","follow":"follow","max-snippet":"max-snippet:-1","max-image-preview":"max-image-preview:large","max-video-preview":"max-video-preview:-1"},"canonical":"https:\/\/chemsxpress.com\/fr\/produit\/acheter-5-meo-mipt-2-2\/","og_locale":"fr_FR","og_type":"article","og_title":"5-MEO-DIPT","og_description":"Buy 5-MEO-MIPT online at ChemsXpress. Premium research chemicals, fast shipping. Trust our quality assurance for all your research needs. Order now","og_url":"https:\/\/chemsxpress.com\/fr\/produit\/acheter-5-meo-mipt-2-2\/","og_site_name":"SHOP MDPHP","article_modified_time":"2025-05-23T20:08:56+00:00","og_image":[{"width":600,"height":600,"url":"https:\/\/chemsxpress.com\/wp-content\/uploads\/2024\/04\/5-MEO-DIPT.jpg","type":"image\/jpeg"}],"twitter_card":"summary_large_image","twitter_misc":{"Dur\u00e9e de lecture estim\u00e9e":"3 minutes"},"schema":{"@context":"https:\/\/schema.org","@graph":[{"@type":"WebPage","@id":"https:\/\/chemsxpress.com\/product\/buy-5-meo-mipt-2\/","url":"https:\/\/chemsxpress.com\/product\/buy-5-meo-mipt-2\/","name":"Acheter 5-MEO-MIPT en ligne : Premium Quality RC's | ChemsXpres","isPartOf":{"@id":"https:\/\/chemsxpress.com\/#website"},"primaryImageOfPage":{"@id":"https:\/\/chemsxpress.com\/product\/buy-5-meo-mipt-2\/#primaryimage"},"image":{"@id":"https:\/\/chemsxpress.com\/product\/buy-5-meo-mipt-2\/#primaryimage"},"thumbnailUrl":"https:\/\/chemsxpress.com\/wp-content\/uploads\/2024\/04\/5-MEO-DIPT.jpg","datePublished":"2024-04-29T13:20:19+00:00","dateModified":"2025-05-23T20:08:56+00:00","description":"Achetez 5-MEO-MIPT en ligne \u00e0 ChemsXpress. Produits chimiques de recherche de premi\u00e8re qualit\u00e9, livraison rapide. Faites confiance \u00e0 notre assurance qualit\u00e9 pour tous vos besoins de recherche. Commandez maintenant","breadcrumb":{"@id":"https:\/\/chemsxpress.com\/product\/buy-5-meo-mipt-2\/#breadcrumb"},"inLanguage":"fr-FR","potentialAction":[{"@type":"ReadAction","target":["https:\/\/chemsxpress.com\/product\/buy-5-meo-mipt-2\/"]}]},{"@type":"ImageObject","inLanguage":"fr-FR","@id":"https:\/\/chemsxpress.com\/product\/buy-5-meo-mipt-2\/#primaryimage","url":"https:\/\/chemsxpress.com\/wp-content\/uploads\/2024\/04\/5-MEO-DIPT.jpg","contentUrl":"https:\/\/chemsxpress.com\/wp-content\/uploads\/2024\/04\/5-MEO-DIPT.jpg","width":600,"height":600,"caption":"Buy 5-MeO-MiPT\u00a0 Online"},{"@type":"BreadcrumbList","@id":"https:\/\/chemsxpress.com\/product\/buy-5-meo-mipt-2\/#breadcrumb","itemListElement":[{"@type":"ListItem","position":1,"name":"Home","item":"https:\/\/chemsxpress.com\/"},{"@type":"ListItem","position":2,"name":"Shop","item":"https:\/\/chemsxpress.com\/shop\/"},{"@type":"ListItem","position":3,"name":"5-MEO-DIPT"}]},{"@type":"WebSite","@id":"https:\/\/chemsxpress.com\/#website","url":"https:\/\/chemsxpress.com\/","name":"SHOP MDPHP","description":"Acheter MDPHP freebase aupr\u00e8s d'un fournisseur fiable","potentialAction":[{"@type":"SearchAction","target":{"@type":"EntryPoint","urlTemplate":"https:\/\/chemsxpress.com\/?s={search_term_string}"},"query-input":{"@type":"PropertyValueSpecification","valueRequired":true,"valueName":"search_term_string"}}],"inLanguage":"fr-FR"}]}},"jetpack_sharing_enabled":true,"_links":{"self":[{"href":"https:\/\/chemsxpress.com\/fr\/wp-json\/wp\/v2\/product\/29008","targetHints":{"allow":["GET"]}}],"collection":[{"href":"https:\/\/chemsxpress.com\/fr\/wp-json\/wp\/v2\/product"}],"about":[{"href":"https:\/\/chemsxpress.com\/fr\/wp-json\/wp\/v2\/types\/product"}],"replies":[{"embeddable":true,"href":"https:\/\/chemsxpress.com\/fr\/wp-json\/wp\/v2\/comments?post=29008"}],"version-history":[{"count":4,"href":"https:\/\/chemsxpress.com\/fr\/wp-json\/wp\/v2\/product\/29008\/revisions"}],"predecessor-version":[{"id":29999,"href":"https:\/\/chemsxpress.com\/fr\/wp-json\/wp\/v2\/product\/29008\/revisions\/29999"}],"wp:featuredmedia":[{"embeddable":true,"href":"https:\/\/chemsxpress.com\/fr\/wp-json\/wp\/v2\/media\/29074"}],"wp:attachment":[{"href":"https:\/\/chemsxpress.com\/fr\/wp-json\/wp\/v2\/media?parent=29008"}],"wp:term":[{"taxonomy":"product_brand","embeddable":true,"href":"https:\/\/chemsxpress.com\/fr\/wp-json\/wp\/v2\/product_brand?post=29008"},{"taxonomy":"product_cat","embeddable":true,"href":"https:\/\/chemsxpress.com\/fr\/wp-json\/wp\/v2\/product_cat?post=29008"},{"taxonomy":"product_tag","embeddable":true,"href":"https:\/\/chemsxpress.com\/fr\/wp-json\/wp\/v2\/product_tag?post=29008"}],"curies":[{"name":"wp","href":"https:\/\/api.w.org\/{rel}","templated":true}]}}