{"id":29011,"date":"2024-04-29T13:20:20","date_gmt":"2024-04-29T13:20:20","guid":{"rendered":"https:\/\/chemsxpress.com\/?post_type=product&#038;p=29011"},"modified":"2025-05-26T15:53:16","modified_gmt":"2025-05-26T15:53:16","slug":"acheter-ept-en-ligne-2","status":"publish","type":"product","link":"https:\/\/chemsxpress.com\/fr\/produit\/acheter-ept-en-ligne-2\/","title":{"rendered":"EPT"},"content":{"rendered":"<h1 style=\"font-weight: 500;\"><span data-contrast=\"none\">Acheter l'EPT en ligne <\/span><span data-ccp-props=\"{}\">\u00a0<\/span><\/h1>\n<p><span data-contrast=\"none\">Acheter EPT en ligne est l'abr\u00e9viation de <\/span><span data-contrast=\"auto\">N-Ethyl-N-<\/span><span data-contrast=\"auto\">propyltryptamine<\/span><span data-contrast=\"auto\">. Il appartient \u00e0 la classe des tryptamines. L'EPT est une tryptamine relativement nouvelle et relativement obscure. En fait, la date de synth\u00e8se originale de l'EPT est inconnue. Cependant, elle est disponible \u00e0 la vente sur le march\u00e9 de la recherche depuis 2016. Les r\u00e9sultats des exp\u00e9riences de laboratoire sur l'EPT sont g\u00e9n\u00e9ralement d\u00e9crits comme \u00e9tant moins intenses que ceux d'autres tryptamines, telles que le DMT, le DET et le DPT. Par cons\u00e9quent, si vous recherchez une alternative plus douce au DMT, au DET ou au DPT, l'EPT est une option solide pour vous.\u00a0<\/span><span data-ccp-props=\"{}\">\u00a0<\/span><\/p>\n<p>L'EPT, ou \u00e9thylpropyltryptamine, est un compos\u00e9 chimique appartenant \u00e0 la classe des tryptamines. C'est un analogue structurel de la DMT (N,N-Dim\u00e9thyltryptamine) et il est consid\u00e9r\u00e9 comme un compos\u00e9 psych\u00e9d\u00e9lique. Cependant, les informations disponibles sur sa pharmacologie, ses effets et son profil de s\u00e9curit\u00e9 sont limit\u00e9es, car il s'agit d'une nouvelle substance psych\u00e9d\u00e9lique. <a href=\"https:\/\/chemsxpress.com\/fr\/categorie-produit\/produits-chimiques-de-recherche\/\">recherche chimique<\/a>.<\/p>\n<p>Comme pour les autres produits chimiques utilis\u00e9s dans la recherche, il convient d'\u00eatre prudent lors de la manipulation et de la recherche sur l'EPT. Les chercheurs doivent respecter des protocoles de s\u00e9curit\u00e9 stricts et des r\u00e9glementations l\u00e9gales concernant la possession, l'utilisation et la distribution de ce produit.<\/p>\n<p>Il est important de noter que l'utilisation de l'EPT pour la consommation humaine n'est pas approuv\u00e9e par les autorit\u00e9s r\u00e9glementaires et que ses effets sur l'homme n'ont pas \u00e9t\u00e9 \u00e9tudi\u00e9s de mani\u00e8re approfondie. Par cons\u00e9quent, toute recherche impliquant l'EPT doit \u00eatre men\u00e9e avec la plus grande prudence et dans le respect de l'\u00e9thique.<\/p>\n<h2 style=\"font-weight: 500;\"><span data-contrast=\"none\">O\u00f9 acheter EPT ?\u00a0<\/span><span data-ccp-props=\"{}\">\u00a0<\/span><\/h2>\n<p><span data-contrast=\"none\"><a href=\"https:\/\/chemsxpress.com\/fr\/\">ChemsXpress<\/a> est l'un des premiers vendeurs d'EPT. Nous vendons l'EPT dans les deux <\/span><span data-contrast=\"none\">hcl<\/span><span data-contrast=\"none\">\u00a0et de la poudre de fumarate. Toutefois, si vous pr\u00e9f\u00e9rez d'autres formes du produit chimique, n'h\u00e9sitez pas \u00e0 nous contacter pour savoir si nous les avons en stock.\u00a0<\/span><span data-ccp-props=\"{}\">\u00a0<\/span><\/p>\n<p><span data-contrast=\"none\">Pour acheter de l'EPT aupr\u00e8s de ChemsXpress, vous devez \u00eatre l\u00e9galement autoris\u00e9 \u00e0 le faire dans votre pays et avoir plus de 18 ans. Notre EPT est uniquement destin\u00e9 \u00e0 la recherche. Il n'est pas con\u00e7u pour un usage animal ou humain. <\/span><span data-ccp-props=\"{}\">\u00a0<\/span><\/p>\n<p><span data-ccp-props=\"{}\">\u00a0<\/span><\/p>\n<h2 style=\"font-weight: 500;\"><span data-contrast=\"none\">L\u00e9galit\u00e9 de l'EPT<\/span><span data-ccp-props=\"{}\">\u00a0<\/span><\/h2>\n<p><span data-contrast=\"none\">L'EPT est un m\u00e9dicament de classe A au Royaume-Uni. Aux \u00c9tats-Unis, il n'est pas r\u00e9pertori\u00e9. Cependant, il pourrait potentiellement \u00eatre consid\u00e9r\u00e9 comme un analogue du DMT, qui est une drogue de l'annexe I.<\/span><\/p>","protected":false},"excerpt":{"rendered":"<p><strong>IUPAC-Name: <\/strong>3-[2-(Ethyl(propyl)amino)ethyl]-1H-indole<\/p>\n<p><strong>Other name: <\/strong>N-Ethyl-N-propyltryptamine<\/p>\n<p><strong>Appearance: <\/strong>powder<\/p>\n<p><strong>Form: <\/strong>fumarate<\/p>\n<p><strong>NMR Analysis: <\/strong>N\/A<\/p>\n","protected":false},"featured_media":29080,"comment_status":"open","ping_status":"closed","template":"","meta":[],"product_brand":[],"product_cat":[92],"product_tag":[],"class_list":{"0":"post-29011","1":"product","2":"type-product","3":"status-publish","4":"has-post-thumbnail","6":"product_cat-tryptamines","8":"first","9":"instock","10":"shipping-taxable","11":"purchasable","12":"product-type-variable"},"yoast_head":"<!-- This site is optimized with the Yoast SEO Premium plugin v24.1 (Yoast SEO v27.4) - https:\/\/yoast.com\/product\/yoast-seo-premium-wordpress\/ -->\n<title>Buy EPT Online:Premium Quality Research Chems| ChemsXpress<\/title>\n<meta name=\"description\" content=\"Explore EPT at ChemsXpress. Premium research chemicals, fast shipping. Trust our quality assurance for all your research needs. Order now!&quot;\" \/>\n<meta name=\"robots\" content=\"index, follow, max-snippet:-1, max-image-preview:large, max-video-preview:-1\" \/>\n<link rel=\"canonical\" href=\"https:\/\/chemsxpress.com\/fr\/produit\/acheter-ept-en-ligne-2\/\" \/>\n<meta property=\"og:locale\" content=\"fr_FR\" \/>\n<meta property=\"og:type\" content=\"article\" \/>\n<meta property=\"og:title\" content=\"EPT\" \/>\n<meta property=\"og:description\" content=\"Explore EPT at ChemsXpress. Premium research chemicals, fast shipping. Trust our quality assurance for all your research needs. Order now!&quot;\" \/>\n<meta property=\"og:url\" content=\"https:\/\/chemsxpress.com\/fr\/produit\/acheter-ept-en-ligne-2\/\" \/>\n<meta property=\"og:site_name\" content=\"SHOP MDPHP\" \/>\n<meta property=\"article:modified_time\" content=\"2025-05-26T15:53:16+00:00\" \/>\n<meta property=\"og:image\" content=\"https:\/\/chemsxpress.com\/wp-content\/uploads\/2024\/04\/EPT.jpg\" \/>\n\t<meta property=\"og:image:width\" content=\"600\" \/>\n\t<meta property=\"og:image:height\" content=\"600\" \/>\n\t<meta property=\"og:image:type\" content=\"image\/jpeg\" \/>\n<meta name=\"twitter:card\" content=\"summary_large_image\" \/>\n<meta name=\"twitter:label1\" content=\"Dur\u00e9e de lecture estim\u00e9e\" \/>\n\t<meta name=\"twitter:data1\" content=\"2 minutes\" \/>\n<script type=\"application\/ld+json\" class=\"yoast-schema-graph\">{\"@context\":\"https:\\\/\\\/schema.org\",\"@graph\":[{\"@type\":\"WebPage\",\"@id\":\"https:\\\/\\\/chemsxpress.com\\\/product\\\/buy-ept-online\\\/\",\"url\":\"https:\\\/\\\/chemsxpress.com\\\/product\\\/buy-ept-online\\\/\",\"name\":\"Buy EPT Online:Premium Quality Research Chems| ChemsXpress\",\"isPartOf\":{\"@id\":\"https:\\\/\\\/chemsxpress.com\\\/#website\"},\"primaryImageOfPage\":{\"@id\":\"https:\\\/\\\/chemsxpress.com\\\/product\\\/buy-ept-online\\\/#primaryimage\"},\"image\":{\"@id\":\"https:\\\/\\\/chemsxpress.com\\\/product\\\/buy-ept-online\\\/#primaryimage\"},\"thumbnailUrl\":\"https:\\\/\\\/chemsxpress.com\\\/wp-content\\\/uploads\\\/2024\\\/04\\\/EPT.jpg\",\"datePublished\":\"2024-04-29T13:20:20+00:00\",\"dateModified\":\"2025-05-26T15:53:16+00:00\",\"description\":\"Explore EPT at ChemsXpress. Premium research chemicals, fast shipping. Trust our quality assurance for all your research needs. Order now!\\\"\",\"breadcrumb\":{\"@id\":\"https:\\\/\\\/chemsxpress.com\\\/product\\\/buy-ept-online\\\/#breadcrumb\"},\"inLanguage\":\"fr-FR\",\"potentialAction\":[{\"@type\":\"ReadAction\",\"target\":[\"https:\\\/\\\/chemsxpress.com\\\/product\\\/buy-ept-online\\\/\"]}]},{\"@type\":\"ImageObject\",\"inLanguage\":\"fr-FR\",\"@id\":\"https:\\\/\\\/chemsxpress.com\\\/product\\\/buy-ept-online\\\/#primaryimage\",\"url\":\"https:\\\/\\\/chemsxpress.com\\\/wp-content\\\/uploads\\\/2024\\\/04\\\/EPT.jpg\",\"contentUrl\":\"https:\\\/\\\/chemsxpress.com\\\/wp-content\\\/uploads\\\/2024\\\/04\\\/EPT.jpg\",\"width\":600,\"height\":600,\"caption\":\"Buy EPT online\"},{\"@type\":\"BreadcrumbList\",\"@id\":\"https:\\\/\\\/chemsxpress.com\\\/product\\\/buy-ept-online\\\/#breadcrumb\",\"itemListElement\":[{\"@type\":\"ListItem\",\"position\":1,\"name\":\"Home\",\"item\":\"https:\\\/\\\/chemsxpress.com\\\/\"},{\"@type\":\"ListItem\",\"position\":2,\"name\":\"Shop\",\"item\":\"https:\\\/\\\/chemsxpress.com\\\/shop\\\/\"},{\"@type\":\"ListItem\",\"position\":3,\"name\":\"EPT\"}]},{\"@type\":\"WebSite\",\"@id\":\"https:\\\/\\\/chemsxpress.com\\\/#website\",\"url\":\"https:\\\/\\\/chemsxpress.com\\\/\",\"name\":\"SHOP MDPHP\",\"description\":\"Buy MDPHP freebase from reliable supplier\",\"potentialAction\":[{\"@type\":\"SearchAction\",\"target\":{\"@type\":\"EntryPoint\",\"urlTemplate\":\"https:\\\/\\\/chemsxpress.com\\\/?s={search_term_string}\"},\"query-input\":{\"@type\":\"PropertyValueSpecification\",\"valueRequired\":true,\"valueName\":\"search_term_string\"}}],\"inLanguage\":\"fr-FR\"}]}<\/script>\n<!-- \/ Yoast SEO Premium plugin. -->","yoast_head_json":{"title":"Acheter EPT en ligne : Chems de recherche de qualit\u00e9 sup\u00e9rieure| ChemsXpress","description":"D\u00e9couvrez l'EPT sur ChemsXpress. Produits chimiques de recherche de premi\u00e8re qualit\u00e9, livraison rapide. Faites confiance \u00e0 notre assurance qualit\u00e9 pour tous vos besoins de recherche. Commandez maintenant !\"","robots":{"index":"index","follow":"follow","max-snippet":"max-snippet:-1","max-image-preview":"max-image-preview:large","max-video-preview":"max-video-preview:-1"},"canonical":"https:\/\/chemsxpress.com\/fr\/produit\/acheter-ept-en-ligne-2\/","og_locale":"fr_FR","og_type":"article","og_title":"EPT","og_description":"Explore EPT at ChemsXpress. Premium research chemicals, fast shipping. Trust our quality assurance for all your research needs. Order now!\"","og_url":"https:\/\/chemsxpress.com\/fr\/produit\/acheter-ept-en-ligne-2\/","og_site_name":"SHOP MDPHP","article_modified_time":"2025-05-26T15:53:16+00:00","og_image":[{"width":600,"height":600,"url":"https:\/\/chemsxpress.com\/wp-content\/uploads\/2024\/04\/EPT.jpg","type":"image\/jpeg"}],"twitter_card":"summary_large_image","twitter_misc":{"Dur\u00e9e de lecture estim\u00e9e":"2 minutes"},"schema":{"@context":"https:\/\/schema.org","@graph":[{"@type":"WebPage","@id":"https:\/\/chemsxpress.com\/product\/buy-ept-online\/","url":"https:\/\/chemsxpress.com\/product\/buy-ept-online\/","name":"Acheter EPT en ligne : Chems de recherche de qualit\u00e9 sup\u00e9rieure| ChemsXpress","isPartOf":{"@id":"https:\/\/chemsxpress.com\/#website"},"primaryImageOfPage":{"@id":"https:\/\/chemsxpress.com\/product\/buy-ept-online\/#primaryimage"},"image":{"@id":"https:\/\/chemsxpress.com\/product\/buy-ept-online\/#primaryimage"},"thumbnailUrl":"https:\/\/chemsxpress.com\/wp-content\/uploads\/2024\/04\/EPT.jpg","datePublished":"2024-04-29T13:20:20+00:00","dateModified":"2025-05-26T15:53:16+00:00","description":"D\u00e9couvrez l'EPT sur ChemsXpress. Produits chimiques de recherche de premi\u00e8re qualit\u00e9, livraison rapide. Faites confiance \u00e0 notre assurance qualit\u00e9 pour tous vos besoins de recherche. Commandez maintenant !\"","breadcrumb":{"@id":"https:\/\/chemsxpress.com\/product\/buy-ept-online\/#breadcrumb"},"inLanguage":"fr-FR","potentialAction":[{"@type":"ReadAction","target":["https:\/\/chemsxpress.com\/product\/buy-ept-online\/"]}]},{"@type":"ImageObject","inLanguage":"fr-FR","@id":"https:\/\/chemsxpress.com\/product\/buy-ept-online\/#primaryimage","url":"https:\/\/chemsxpress.com\/wp-content\/uploads\/2024\/04\/EPT.jpg","contentUrl":"https:\/\/chemsxpress.com\/wp-content\/uploads\/2024\/04\/EPT.jpg","width":600,"height":600,"caption":"Buy EPT online"},{"@type":"BreadcrumbList","@id":"https:\/\/chemsxpress.com\/product\/buy-ept-online\/#breadcrumb","itemListElement":[{"@type":"ListItem","position":1,"name":"Home","item":"https:\/\/chemsxpress.com\/"},{"@type":"ListItem","position":2,"name":"Shop","item":"https:\/\/chemsxpress.com\/shop\/"},{"@type":"ListItem","position":3,"name":"EPT"}]},{"@type":"WebSite","@id":"https:\/\/chemsxpress.com\/#website","url":"https:\/\/chemsxpress.com\/","name":"SHOP MDPHP","description":"Acheter MDPHP freebase aupr\u00e8s d'un fournisseur fiable","potentialAction":[{"@type":"SearchAction","target":{"@type":"EntryPoint","urlTemplate":"https:\/\/chemsxpress.com\/?s={search_term_string}"},"query-input":{"@type":"PropertyValueSpecification","valueRequired":true,"valueName":"search_term_string"}}],"inLanguage":"fr-FR"}]}},"jetpack_sharing_enabled":true,"_links":{"self":[{"href":"https:\/\/chemsxpress.com\/fr\/wp-json\/wp\/v2\/product\/29011","targetHints":{"allow":["GET"]}}],"collection":[{"href":"https:\/\/chemsxpress.com\/fr\/wp-json\/wp\/v2\/product"}],"about":[{"href":"https:\/\/chemsxpress.com\/fr\/wp-json\/wp\/v2\/types\/product"}],"replies":[{"embeddable":true,"href":"https:\/\/chemsxpress.com\/fr\/wp-json\/wp\/v2\/comments?post=29011"}],"version-history":[{"count":4,"href":"https:\/\/chemsxpress.com\/fr\/wp-json\/wp\/v2\/product\/29011\/revisions"}],"predecessor-version":[{"id":29998,"href":"https:\/\/chemsxpress.com\/fr\/wp-json\/wp\/v2\/product\/29011\/revisions\/29998"}],"wp:featuredmedia":[{"embeddable":true,"href":"https:\/\/chemsxpress.com\/fr\/wp-json\/wp\/v2\/media\/29080"}],"wp:attachment":[{"href":"https:\/\/chemsxpress.com\/fr\/wp-json\/wp\/v2\/media?parent=29011"}],"wp:term":[{"taxonomy":"product_brand","embeddable":true,"href":"https:\/\/chemsxpress.com\/fr\/wp-json\/wp\/v2\/product_brand?post=29011"},{"taxonomy":"product_cat","embeddable":true,"href":"https:\/\/chemsxpress.com\/fr\/wp-json\/wp\/v2\/product_cat?post=29011"},{"taxonomy":"product_tag","embeddable":true,"href":"https:\/\/chemsxpress.com\/fr\/wp-json\/wp\/v2\/product_tag?post=29011"}],"curies":[{"name":"wp","href":"https:\/\/api.w.org\/{rel}","templated":true}]}}