{"id":29301,"date":"2024-04-29T13:21:21","date_gmt":"2024-04-29T13:21:21","guid":{"rendered":"https:\/\/chemsxpress.com\/?post_type=product&#038;p=29301"},"modified":"2025-05-26T19:08:25","modified_gmt":"2025-05-26T19:08:25","slug":"acheter-4-ho-malt","status":"publish","type":"product","link":"https:\/\/chemsxpress.com\/fr\/produit\/acheter-4-ho-malt\/","title":{"rendered":"4-ACO-MALT"},"content":{"rendered":"<h2><strong>ACHETER 4-HO-MALT<\/strong><\/h2>\n<p>Acheter Le 4-HO-MALT, \u00e9galement connu sous le nom de 4-Acetoxy-MALT, est une substance relativement peu commune et tr\u00e8s rare de la classe des tryptamines et est similaire au 4-acetoxy-DMT et au 5-MeO-MALT. La structure mol\u00e9culaire et les effets pharmacologiques du 4-HO-MALT ressemblent quelque peu \u00e0 ceux de la tryptamine psilocine, qui est la principale substance psychoactive des champignons magiques. Les champignons \u00e0 psilocybine, plus connus sous le nom de champignons magiques, champignons psych\u00e9d\u00e9liques, champignons magiques et shrooms, constituent une famille de champignons psychoactifs qui contiennent de la psilocybine, une tryptamine de la classe des psych\u00e9d\u00e9liques. La psilocine est une substance psych\u00e9d\u00e9lique naturelle et le principal constituant psychoactif de certaines esp\u00e8ces de champignons. Les champignons \u00e0 psilocybine sont pr\u00e9sents sur tous les continents et sont class\u00e9s en plus de 200 esp\u00e8ces.<\/p>\n<p>&nbsp;<\/p>\n<h2><strong>COMMENT UTILISER LA POUDRE DE 4-HO-MALT ?<\/strong><\/h2>\n<p>Achetez 4-HO-MALT, l'un des meilleurs psych\u00e9d\u00e9liques tryptamines, en ligne sous forme de poudre de la plus haute qualit\u00e9. Le 4-HO-MALT est disponible en quantit\u00e9s de 0,25gr, 0,5gr, 1gr et 2gr. Veillez \u00e0 conserver la poudre de 4-HO-MALT dans un endroit sec et frais pour une dur\u00e9e de conservation maximale. Lorsque vous manipulez des produits chimiques destin\u00e9s \u00e0 la recherche, veillez \u00e0 toujours prendre les pr\u00e9cautions qui s'imposent dans le laboratoire, par exemple en essuyant les surfaces et en portant des gants, un masque et des v\u00eatements de protection. Nous conseillons vivement d'utiliser des pratiques de r\u00e9duction des risques lors de l'utilisation de produits chimiques de recherche.<\/p>\n<p>&nbsp;<\/p>\n<h2><strong>D\u00c9FINITION 4-HO-MALT<\/strong><\/h2>\n<p>La d\u00e9finition du 4-HO-MALT est officiellement connue sous le nom de 4-Acetoxy-MALT. Il s'agit d'une substance relativement peu commune et tr\u00e8s rare de la classe des tryptamines.<\/p>\n<p>&nbsp;<\/p>\n<h2><strong>INFORMATIONS DE BASE SUR LA CHIMIE 4-HO-MALT<\/strong><\/h2>\n<p>La 4-HO-MALT est similaire \u00e0 la 4-ac\u00e9toxy-DMT et \u00e0 la 5-MeO-MALT. La structure mol\u00e9culaire et les effets pharmacologiques du 4-ac\u00e9toxy-MALT ressemblent quelque peu \u00e0 ceux de la tryptamine psilocine, qui est le principal produit chimique psychoactif des champignons magiques. La psilocybine est chimiquement li\u00e9e \u00e0 l'acide amin\u00e9 tryptophane et structurellement similaire au neurotransmetteur s\u00e9rotonine. Les substances de la classe des tryptamines ont en commun un noyau de cycle indole bicyclique.<\/p>\n<p>&nbsp;<\/p>\n<h2><strong>O\u00d9 ACHETER DU 4-HO-MALT<\/strong><\/h2>\n<p>Le 4-HO-MALT peut \u00eatre achet\u00e9 ici sur le site Internet de la Commission europ\u00e9enne.<a href=\"https:\/\/chemsxpress.com\/fr\/\"> ChemsXpress<\/a> site web. Nous vendons du 4-HO-MALT de premi\u00e8re qualit\u00e9, g\u00e9n\u00e9ralement sous forme de poudre. Cependant, nous avons souvent d'autres formes de substances disponibles, alors n'h\u00e9sitez pas \u00e0 nous contacter pour savoir si nous avons la forme de substance que vous pr\u00e9f\u00e9rez en stock. Vous devez \u00eatre \u00e2g\u00e9 d'au moins 18 ans pour acheter de la 4-HO-MALT chez nous.<\/p>","protected":false},"excerpt":{"rendered":"<p><strong>Nom IUPAC : <\/strong>Ac\u00e9tate de 3-(2-(allyl(m\u00e9thyl)amino)\u00e9thyle)-1H-indol-4-yl<\/p>\n<p><strong>Autre nom : <\/strong>4-Ac\u00e9toxy-MALT<\/p>\n<p><strong>Analyse RMN : <\/strong>C16H20N2O2<\/p>","protected":false},"featured_media":29324,"comment_status":"open","ping_status":"closed","template":"","meta":[],"product_brand":[],"product_cat":[92],"product_tag":[],"class_list":{"0":"post-29301","1":"product","2":"type-product","3":"status-publish","4":"has-post-thumbnail","6":"product_cat-tryptamines","8":"first","9":"instock","10":"shipping-taxable","11":"purchasable","12":"product-type-variable"},"yoast_head":"<!-- This site is optimized with the Yoast SEO Premium plugin v24.1 (Yoast SEO v27.5) - https:\/\/yoast.com\/product\/yoast-seo-premium-wordpress\/ -->\n<title>Buy 4-HO-MALT Online: Premium Quality Research Chemicals<\/title>\n<meta name=\"description\" content=\"Buy 4-HO-MALT from ChemsXpress. Explore our premium selection of research chemicals, shipped quickly and discreetly. Best Prices you can get.\" \/>\n<meta name=\"robots\" content=\"index, follow, max-snippet:-1, max-image-preview:large, max-video-preview:-1\" \/>\n<link rel=\"canonical\" href=\"https:\/\/chemsxpress.com\/fr\/produit\/acheter-4-ho-malt\/\" \/>\n<meta property=\"og:locale\" content=\"fr_FR\" \/>\n<meta property=\"og:type\" content=\"article\" \/>\n<meta property=\"og:title\" content=\"4-ACO-MALT\" \/>\n<meta property=\"og:description\" content=\"Buy 4-HO-MALT from ChemsXpress. Explore our premium selection of research chemicals, shipped quickly and discreetly. Best Prices you can get.\" \/>\n<meta property=\"og:url\" content=\"https:\/\/chemsxpress.com\/fr\/produit\/acheter-4-ho-malt\/\" \/>\n<meta property=\"og:site_name\" content=\"SHOP MDPHP\" \/>\n<meta property=\"article:modified_time\" content=\"2025-05-26T19:08:25+00:00\" \/>\n<meta property=\"og:image\" content=\"https:\/\/chemsxpress.com\/wp-content\/uploads\/2024\/04\/4-ACO-MALT.jpg\" \/>\n\t<meta property=\"og:image:width\" content=\"600\" \/>\n\t<meta property=\"og:image:height\" content=\"600\" \/>\n\t<meta property=\"og:image:type\" content=\"image\/jpeg\" \/>\n<meta name=\"twitter:card\" content=\"summary_large_image\" \/>\n<meta name=\"twitter:label1\" content=\"Dur\u00e9e de lecture estim\u00e9e\" \/>\n\t<meta name=\"twitter:data1\" content=\"2 minutes\" \/>\n<script type=\"application\/ld+json\" class=\"yoast-schema-graph\">{\"@context\":\"https:\\\/\\\/schema.org\",\"@graph\":[{\"@type\":\"WebPage\",\"@id\":\"https:\\\/\\\/chemsxpress.com\\\/product\\\/buy-4-ho-malt\\\/\",\"url\":\"https:\\\/\\\/chemsxpress.com\\\/product\\\/buy-4-ho-malt\\\/\",\"name\":\"Buy 4-HO-MALT Online: Premium Quality Research Chemicals\",\"isPartOf\":{\"@id\":\"https:\\\/\\\/chemsxpress.com\\\/#website\"},\"primaryImageOfPage\":{\"@id\":\"https:\\\/\\\/chemsxpress.com\\\/product\\\/buy-4-ho-malt\\\/#primaryimage\"},\"image\":{\"@id\":\"https:\\\/\\\/chemsxpress.com\\\/product\\\/buy-4-ho-malt\\\/#primaryimage\"},\"thumbnailUrl\":\"https:\\\/\\\/chemsxpress.com\\\/wp-content\\\/uploads\\\/2024\\\/04\\\/4-ACO-MALT.jpg\",\"datePublished\":\"2024-04-29T13:21:21+00:00\",\"dateModified\":\"2025-05-26T19:08:25+00:00\",\"description\":\"Buy 4-HO-MALT from ChemsXpress. Explore our premium selection of research chemicals, shipped quickly and discreetly. Best Prices you can get.\",\"breadcrumb\":{\"@id\":\"https:\\\/\\\/chemsxpress.com\\\/product\\\/buy-4-ho-malt\\\/#breadcrumb\"},\"inLanguage\":\"fr-FR\",\"potentialAction\":[{\"@type\":\"ReadAction\",\"target\":[\"https:\\\/\\\/chemsxpress.com\\\/product\\\/buy-4-ho-malt\\\/\"]}]},{\"@type\":\"ImageObject\",\"inLanguage\":\"fr-FR\",\"@id\":\"https:\\\/\\\/chemsxpress.com\\\/product\\\/buy-4-ho-malt\\\/#primaryimage\",\"url\":\"https:\\\/\\\/chemsxpress.com\\\/wp-content\\\/uploads\\\/2024\\\/04\\\/4-ACO-MALT.jpg\",\"contentUrl\":\"https:\\\/\\\/chemsxpress.com\\\/wp-content\\\/uploads\\\/2024\\\/04\\\/4-ACO-MALT.jpg\",\"width\":600,\"height\":600,\"caption\":\"Buy 4-HO-MALT\"},{\"@type\":\"BreadcrumbList\",\"@id\":\"https:\\\/\\\/chemsxpress.com\\\/product\\\/buy-4-ho-malt\\\/#breadcrumb\",\"itemListElement\":[{\"@type\":\"ListItem\",\"position\":1,\"name\":\"Home\",\"item\":\"https:\\\/\\\/chemsxpress.com\\\/\"},{\"@type\":\"ListItem\",\"position\":2,\"name\":\"Shop\",\"item\":\"https:\\\/\\\/chemsxpress.com\\\/shop\\\/\"},{\"@type\":\"ListItem\",\"position\":3,\"name\":\"4-ACO-MALT\"}]},{\"@type\":\"WebSite\",\"@id\":\"https:\\\/\\\/chemsxpress.com\\\/#website\",\"url\":\"https:\\\/\\\/chemsxpress.com\\\/\",\"name\":\"SHOP MDPHP\",\"description\":\"Buy MDPHP freebase from reliable supplier\",\"potentialAction\":[{\"@type\":\"SearchAction\",\"target\":{\"@type\":\"EntryPoint\",\"urlTemplate\":\"https:\\\/\\\/chemsxpress.com\\\/?s={search_term_string}\"},\"query-input\":{\"@type\":\"PropertyValueSpecification\",\"valueRequired\":true,\"valueName\":\"search_term_string\"}}],\"inLanguage\":\"fr-FR\"}]}<\/script>\n<!-- \/ Yoast SEO Premium plugin. -->","yoast_head_json":{"title":"Achetez du 4-HO-MALT en ligne\u00a0: produits chimiques de recherche de qualit\u00e9 sup\u00e9rieure","description":"Achetez du 4-HO-MALT aupr\u00e8s de ChemsXpress. D\u00e9couvrez notre s\u00e9lection haut de gamme de produits chimiques de recherche, exp\u00e9di\u00e9s rapidement et discr\u00e8tement. Les meilleurs prix que vous puissiez obtenir.","robots":{"index":"index","follow":"follow","max-snippet":"max-snippet:-1","max-image-preview":"max-image-preview:large","max-video-preview":"max-video-preview:-1"},"canonical":"https:\/\/chemsxpress.com\/fr\/produit\/acheter-4-ho-malt\/","og_locale":"fr_FR","og_type":"article","og_title":"4-ACO-MALT","og_description":"Buy 4-HO-MALT from ChemsXpress. Explore our premium selection of research chemicals, shipped quickly and discreetly. Best Prices you can get.","og_url":"https:\/\/chemsxpress.com\/fr\/produit\/acheter-4-ho-malt\/","og_site_name":"SHOP MDPHP","article_modified_time":"2025-05-26T19:08:25+00:00","og_image":[{"width":600,"height":600,"url":"https:\/\/chemsxpress.com\/wp-content\/uploads\/2024\/04\/4-ACO-MALT.jpg","type":"image\/jpeg"}],"twitter_card":"summary_large_image","twitter_misc":{"Dur\u00e9e de lecture estim\u00e9e":"2 minutes"},"schema":{"@context":"https:\/\/schema.org","@graph":[{"@type":"WebPage","@id":"https:\/\/chemsxpress.com\/product\/buy-4-ho-malt\/","url":"https:\/\/chemsxpress.com\/product\/buy-4-ho-malt\/","name":"Achetez du 4-HO-MALT en ligne\u00a0: produits chimiques de recherche de qualit\u00e9 sup\u00e9rieure","isPartOf":{"@id":"https:\/\/chemsxpress.com\/#website"},"primaryImageOfPage":{"@id":"https:\/\/chemsxpress.com\/product\/buy-4-ho-malt\/#primaryimage"},"image":{"@id":"https:\/\/chemsxpress.com\/product\/buy-4-ho-malt\/#primaryimage"},"thumbnailUrl":"https:\/\/chemsxpress.com\/wp-content\/uploads\/2024\/04\/4-ACO-MALT.jpg","datePublished":"2024-04-29T13:21:21+00:00","dateModified":"2025-05-26T19:08:25+00:00","description":"Achetez du 4-HO-MALT aupr\u00e8s de ChemsXpress. D\u00e9couvrez notre s\u00e9lection haut de gamme de produits chimiques de recherche, exp\u00e9di\u00e9s rapidement et discr\u00e8tement. Les meilleurs prix que vous puissiez obtenir.","breadcrumb":{"@id":"https:\/\/chemsxpress.com\/product\/buy-4-ho-malt\/#breadcrumb"},"inLanguage":"fr-FR","potentialAction":[{"@type":"ReadAction","target":["https:\/\/chemsxpress.com\/product\/buy-4-ho-malt\/"]}]},{"@type":"ImageObject","inLanguage":"fr-FR","@id":"https:\/\/chemsxpress.com\/product\/buy-4-ho-malt\/#primaryimage","url":"https:\/\/chemsxpress.com\/wp-content\/uploads\/2024\/04\/4-ACO-MALT.jpg","contentUrl":"https:\/\/chemsxpress.com\/wp-content\/uploads\/2024\/04\/4-ACO-MALT.jpg","width":600,"height":600,"caption":"Buy 4-HO-MALT"},{"@type":"BreadcrumbList","@id":"https:\/\/chemsxpress.com\/product\/buy-4-ho-malt\/#breadcrumb","itemListElement":[{"@type":"ListItem","position":1,"name":"Home","item":"https:\/\/chemsxpress.com\/"},{"@type":"ListItem","position":2,"name":"Shop","item":"https:\/\/chemsxpress.com\/shop\/"},{"@type":"ListItem","position":3,"name":"4-ACO-MALT"}]},{"@type":"WebSite","@id":"https:\/\/chemsxpress.com\/#website","url":"https:\/\/chemsxpress.com\/","name":"SHOP MDPHP","description":"Acheter MDPHP freebase aupr\u00e8s d'un fournisseur fiable","potentialAction":[{"@type":"SearchAction","target":{"@type":"EntryPoint","urlTemplate":"https:\/\/chemsxpress.com\/?s={search_term_string}"},"query-input":{"@type":"PropertyValueSpecification","valueRequired":true,"valueName":"search_term_string"}}],"inLanguage":"fr-FR"}]}},"jetpack_sharing_enabled":true,"_links":{"self":[{"href":"https:\/\/chemsxpress.com\/fr\/wp-json\/wp\/v2\/product\/29301","targetHints":{"allow":["GET"]}}],"collection":[{"href":"https:\/\/chemsxpress.com\/fr\/wp-json\/wp\/v2\/product"}],"about":[{"href":"https:\/\/chemsxpress.com\/fr\/wp-json\/wp\/v2\/types\/product"}],"replies":[{"embeddable":true,"href":"https:\/\/chemsxpress.com\/fr\/wp-json\/wp\/v2\/comments?post=29301"}],"version-history":[{"count":3,"href":"https:\/\/chemsxpress.com\/fr\/wp-json\/wp\/v2\/product\/29301\/revisions"}],"predecessor-version":[{"id":29579,"href":"https:\/\/chemsxpress.com\/fr\/wp-json\/wp\/v2\/product\/29301\/revisions\/29579"}],"wp:featuredmedia":[{"embeddable":true,"href":"https:\/\/chemsxpress.com\/fr\/wp-json\/wp\/v2\/media\/29324"}],"wp:attachment":[{"href":"https:\/\/chemsxpress.com\/fr\/wp-json\/wp\/v2\/media?parent=29301"}],"wp:term":[{"taxonomy":"product_brand","embeddable":true,"href":"https:\/\/chemsxpress.com\/fr\/wp-json\/wp\/v2\/product_brand?post=29301"},{"taxonomy":"product_cat","embeddable":true,"href":"https:\/\/chemsxpress.com\/fr\/wp-json\/wp\/v2\/product_cat?post=29301"},{"taxonomy":"product_tag","embeddable":true,"href":"https:\/\/chemsxpress.com\/fr\/wp-json\/wp\/v2\/product_tag?post=29301"}],"curies":[{"name":"wp","href":"https:\/\/api.w.org\/{rel}","templated":true}]}}