{"id":29304,"date":"2024-04-29T13:21:21","date_gmt":"2024-04-29T13:21:21","guid":{"rendered":"https:\/\/chemsxpress.com\/?post_type=product&#038;p=29304"},"modified":"2025-05-18T22:50:11","modified_gmt":"2025-05-18T22:50:11","slug":"acheter-5-meo-dipt","status":"publish","type":"product","link":"https:\/\/chemsxpress.com\/fr\/produit\/acheter-5-meo-dipt\/","title":{"rendered":"DiPT"},"content":{"rendered":"<h2><strong>Qu'est-ce que Buy 5-MeO-DiPT ?<\/strong><\/h2>\n<p>Acheter Le 5-MeO-DiPT, \u00e9galement connu sous les noms de Foxy et Foxy Methoxy, est une drogue psych\u00e9d\u00e9lique de la classe des tryptamines. Elle a \u00e9t\u00e9 synth\u00e9tis\u00e9e pour la premi\u00e8re fois au milieu des ann\u00e9es 1970 par Alexander Shulgin et un rapport d\u00e9taill\u00e9 a \u00e9t\u00e9 inclus dans son livre TiHKAL (Tryptamines I Have Known And Loved) publi\u00e9 en 1997.<\/p>\n<p>Bien que peu de recherches aient \u00e9t\u00e9 men\u00e9es sur cette substance, des rapports anecdotiques indiquent qu'elle n'a pas les propri\u00e9t\u00e9s hallucinog\u00e8nes typiques que l'on trouve dans d'autres tryptamines plus populaires telles que la mescaline et le LSD. Elle est plut\u00f4t connue pour ses effets hautement stimulants et entactog\u00e8nes en laboratoire.<\/p>\n<p>Il est important de noter que la 5-MeO-DiPT n'a pas \u00e9t\u00e9 approuv\u00e9e pour la consommation humaine et qu'elle n'est disponible que sous la forme d'un m\u00e9dicament. <a href=\"https:\/\/chemsxpress.com\/fr\/categorie-produit\/produits-chimiques-de-recherche\/\">recherche chimique<\/a>.<\/p>\n<h2><strong>O\u00f9 acheter le 5-MeO-DiPT ?<\/strong><\/h2>\n<p>\"Bienvenue \u00e0 <a href=\"https:\/\/chemsxpress.com\/fr\/\">ChemsXpress<\/a>Nous sommes une source fiable de produits chimiques de recherche de haute qualit\u00e9. Bien que nous ne proposions pas actuellement le 5-MeO-DiPT \u00e0 la vente, nous fournissons une large gamme d'autres compos\u00e9s de recherche pour votre exploration scientifique. D\u00e9couvrez notre s\u00e9lection de produits de qualit\u00e9 sup\u00e9rieure, notre livraison rapide et notre service client\u00e8le exceptionnel. Faites confiance \u00e0 ChemsXpress pour tous vos besoins en mati\u00e8re de recherche\".<\/p>\n<p>Am\u00e9liorez votre recherche avec le 5-MeO-DiPT de ChemsXpress. Explorez notre s\u00e9lection de produits chimiques de recherche de premi\u00e8re qualit\u00e9, m\u00e9ticuleusement sourc\u00e9s et rigoureusement test\u00e9s pour garantir la qualit\u00e9 et la puret\u00e9. Avec une livraison rapide et discr\u00e8te, vous pouvez nous faire confiance pour livrer votre commande rapidement et en toute s\u00e9curit\u00e9. Que vous meniez des recherches acad\u00e9miques ou que vous exploriez des solutions innovantes, notre engagement envers l'excellence vous garantit l'acc\u00e8s \u00e0 des compos\u00e9s de la plus haute qualit\u00e9 possible. Achetez en toute confiance chez ChemsXpress et d\u00e9couvrez la diff\u00e9rence de travailler avec un fournisseur de confiance. D\u00e9couvrez de nouvelles possibilit\u00e9s et faites avancer vos projets scientifiques gr\u00e2ce \u00e0 notre 5-MeO-DiPT de qualit\u00e9 sup\u00e9rieure et \u00e0 d'autres produits chimiques destin\u00e9s \u00e0 la recherche. Faites confiance \u00e0 ChemsXpress pour \u00eatre votre partenaire dans l'exploration scientifique.<\/p>\n<h2><\/h2>","protected":false},"excerpt":{"rendered":"<p><strong>IUPAC-Name: <\/strong>3-[2-(Diisopropylamino)ethyl]indole<\/p>\n<p><strong>CAS # <\/strong>null<\/p>\n<p><strong>Other name: <\/strong>N,N-Diisopropyltryptamine<\/p>\n<p><strong>Appearance: <\/strong>powder<\/p>\n<p><strong>Form: <\/strong>fumarate<\/p>\n<p><strong>NMR Analysis: <\/strong>N\/A<\/p>\n","protected":false},"featured_media":29330,"comment_status":"open","ping_status":"closed","template":"","meta":[],"product_brand":[],"product_cat":[92],"product_tag":[],"class_list":{"0":"post-29304","1":"product","2":"type-product","3":"status-publish","4":"has-post-thumbnail","6":"product_cat-tryptamines","8":"first","9":"instock","10":"shipping-taxable","11":"purchasable","12":"product-type-variable"},"yoast_head":"<!-- This site is optimized with the Yoast SEO Premium plugin v24.1 (Yoast SEO v27.4) - https:\/\/yoast.com\/product\/yoast-seo-premium-wordpress\/ -->\n<title>&quot;Buy 5-MeO-DiPT Online: Premium Quality RC&#039;s| ChemsXpress&quot;<\/title>\n<meta name=\"description\" content=\"Buy 5-MeO-DiPT from ChemsXpress. Explore our selection of rigorously tested research chemicals, shipped discreetly. Trust in our quality assurance and fast, reliable shipping.\" \/>\n<meta name=\"robots\" content=\"index, follow, max-snippet:-1, max-image-preview:large, max-video-preview:-1\" \/>\n<link rel=\"canonical\" href=\"https:\/\/chemsxpress.com\/fr\/produit\/acheter-5-meo-dipt\/\" \/>\n<meta property=\"og:locale\" content=\"fr_FR\" \/>\n<meta property=\"og:type\" content=\"article\" \/>\n<meta property=\"og:title\" content=\"DiPT\" \/>\n<meta property=\"og:description\" content=\"Buy 5-MeO-DiPT from ChemsXpress. Explore our selection of rigorously tested research chemicals, shipped discreetly. Trust in our quality assurance and fast, reliable shipping.\" \/>\n<meta property=\"og:url\" content=\"https:\/\/chemsxpress.com\/fr\/produit\/acheter-5-meo-dipt\/\" \/>\n<meta property=\"og:site_name\" content=\"SHOP MDPHP\" \/>\n<meta property=\"article:modified_time\" content=\"2025-05-18T22:50:11+00:00\" \/>\n<meta property=\"og:image\" content=\"https:\/\/chemsxpress.com\/wp-content\/uploads\/2024\/04\/DiPT.jpg\" \/>\n\t<meta property=\"og:image:width\" content=\"600\" \/>\n\t<meta property=\"og:image:height\" content=\"600\" \/>\n\t<meta property=\"og:image:type\" content=\"image\/jpeg\" \/>\n<meta name=\"twitter:card\" content=\"summary_large_image\" \/>\n<meta name=\"twitter:label1\" content=\"Dur\u00e9e de lecture estim\u00e9e\" \/>\n\t<meta name=\"twitter:data1\" content=\"2 minutes\" \/>\n<script type=\"application\/ld+json\" class=\"yoast-schema-graph\">{\"@context\":\"https:\\\/\\\/schema.org\",\"@graph\":[{\"@type\":\"WebPage\",\"@id\":\"https:\\\/\\\/chemsxpress.com\\\/product\\\/buy-5-meo-dipt\\\/\",\"url\":\"https:\\\/\\\/chemsxpress.com\\\/product\\\/buy-5-meo-dipt\\\/\",\"name\":\"\\\"Buy 5-MeO-DiPT Online: Premium Quality RC's| ChemsXpress\\\"\",\"isPartOf\":{\"@id\":\"https:\\\/\\\/chemsxpress.com\\\/#website\"},\"primaryImageOfPage\":{\"@id\":\"https:\\\/\\\/chemsxpress.com\\\/product\\\/buy-5-meo-dipt\\\/#primaryimage\"},\"image\":{\"@id\":\"https:\\\/\\\/chemsxpress.com\\\/product\\\/buy-5-meo-dipt\\\/#primaryimage\"},\"thumbnailUrl\":\"https:\\\/\\\/chemsxpress.com\\\/wp-content\\\/uploads\\\/2024\\\/04\\\/DiPT.jpg\",\"datePublished\":\"2024-04-29T13:21:21+00:00\",\"dateModified\":\"2025-05-18T22:50:11+00:00\",\"description\":\"Buy 5-MeO-DiPT from ChemsXpress. Explore our selection of rigorously tested research chemicals, shipped discreetly. Trust in our quality assurance and fast, reliable shipping.\",\"breadcrumb\":{\"@id\":\"https:\\\/\\\/chemsxpress.com\\\/product\\\/buy-5-meo-dipt\\\/#breadcrumb\"},\"inLanguage\":\"fr-FR\",\"potentialAction\":[{\"@type\":\"ReadAction\",\"target\":[\"https:\\\/\\\/chemsxpress.com\\\/product\\\/buy-5-meo-dipt\\\/\"]}]},{\"@type\":\"ImageObject\",\"inLanguage\":\"fr-FR\",\"@id\":\"https:\\\/\\\/chemsxpress.com\\\/product\\\/buy-5-meo-dipt\\\/#primaryimage\",\"url\":\"https:\\\/\\\/chemsxpress.com\\\/wp-content\\\/uploads\\\/2024\\\/04\\\/DiPT.jpg\",\"contentUrl\":\"https:\\\/\\\/chemsxpress.com\\\/wp-content\\\/uploads\\\/2024\\\/04\\\/DiPT.jpg\",\"width\":600,\"height\":600,\"caption\":\"Buy 5-MeO-DiPT\"},{\"@type\":\"BreadcrumbList\",\"@id\":\"https:\\\/\\\/chemsxpress.com\\\/product\\\/buy-5-meo-dipt\\\/#breadcrumb\",\"itemListElement\":[{\"@type\":\"ListItem\",\"position\":1,\"name\":\"Home\",\"item\":\"https:\\\/\\\/chemsxpress.com\\\/\"},{\"@type\":\"ListItem\",\"position\":2,\"name\":\"Shop\",\"item\":\"https:\\\/\\\/chemsxpress.com\\\/shop\\\/\"},{\"@type\":\"ListItem\",\"position\":3,\"name\":\"DiPT\"}]},{\"@type\":\"WebSite\",\"@id\":\"https:\\\/\\\/chemsxpress.com\\\/#website\",\"url\":\"https:\\\/\\\/chemsxpress.com\\\/\",\"name\":\"SHOP MDPHP\",\"description\":\"Buy MDPHP freebase from reliable supplier\",\"potentialAction\":[{\"@type\":\"SearchAction\",\"target\":{\"@type\":\"EntryPoint\",\"urlTemplate\":\"https:\\\/\\\/chemsxpress.com\\\/?s={search_term_string}\"},\"query-input\":{\"@type\":\"PropertyValueSpecification\",\"valueRequired\":true,\"valueName\":\"search_term_string\"}}],\"inLanguage\":\"fr-FR\"}]}<\/script>\n<!-- \/ Yoast SEO Premium plugin. -->","yoast_head_json":{"title":"\"Acheter 5-MeO-DiPT en ligne : RC's de premi\\u00e8re qualit\\u00e9| ChemsXpress\"","description":"Achetez 5-MeO-DiPT sur ChemsXpress. Explorez notre s\u00e9lection de produits chimiques de recherche rigoureusement test\u00e9s, exp\u00e9di\u00e9s discr\u00e8tement. Faites confiance \u00e0 notre assurance qualit\u00e9 et \u00e0 notre livraison rapide et fiable.","robots":{"index":"index","follow":"follow","max-snippet":"max-snippet:-1","max-image-preview":"max-image-preview:large","max-video-preview":"max-video-preview:-1"},"canonical":"https:\/\/chemsxpress.com\/fr\/produit\/acheter-5-meo-dipt\/","og_locale":"fr_FR","og_type":"article","og_title":"DiPT","og_description":"Buy 5-MeO-DiPT from ChemsXpress. Explore our selection of rigorously tested research chemicals, shipped discreetly. Trust in our quality assurance and fast, reliable shipping.","og_url":"https:\/\/chemsxpress.com\/fr\/produit\/acheter-5-meo-dipt\/","og_site_name":"SHOP MDPHP","article_modified_time":"2025-05-18T22:50:11+00:00","og_image":[{"width":600,"height":600,"url":"https:\/\/chemsxpress.com\/wp-content\/uploads\/2024\/04\/DiPT.jpg","type":"image\/jpeg"}],"twitter_card":"summary_large_image","twitter_misc":{"Dur\u00e9e de lecture estim\u00e9e":"2 minutes"},"schema":{"@context":"https:\/\/schema.org","@graph":[{"@type":"WebPage","@id":"https:\/\/chemsxpress.com\/product\/buy-5-meo-dipt\/","url":"https:\/\/chemsxpress.com\/product\/buy-5-meo-dipt\/","name":"\"Acheter 5-MeO-DiPT en ligne : RC's de premi\\u00e8re qualit\\u00e9| ChemsXpress\"","isPartOf":{"@id":"https:\/\/chemsxpress.com\/#website"},"primaryImageOfPage":{"@id":"https:\/\/chemsxpress.com\/product\/buy-5-meo-dipt\/#primaryimage"},"image":{"@id":"https:\/\/chemsxpress.com\/product\/buy-5-meo-dipt\/#primaryimage"},"thumbnailUrl":"https:\/\/chemsxpress.com\/wp-content\/uploads\/2024\/04\/DiPT.jpg","datePublished":"2024-04-29T13:21:21+00:00","dateModified":"2025-05-18T22:50:11+00:00","description":"Achetez 5-MeO-DiPT sur ChemsXpress. Explorez notre s\u00e9lection de produits chimiques de recherche rigoureusement test\u00e9s, exp\u00e9di\u00e9s discr\u00e8tement. Faites confiance \u00e0 notre assurance qualit\u00e9 et \u00e0 notre livraison rapide et fiable.","breadcrumb":{"@id":"https:\/\/chemsxpress.com\/product\/buy-5-meo-dipt\/#breadcrumb"},"inLanguage":"fr-FR","potentialAction":[{"@type":"ReadAction","target":["https:\/\/chemsxpress.com\/product\/buy-5-meo-dipt\/"]}]},{"@type":"ImageObject","inLanguage":"fr-FR","@id":"https:\/\/chemsxpress.com\/product\/buy-5-meo-dipt\/#primaryimage","url":"https:\/\/chemsxpress.com\/wp-content\/uploads\/2024\/04\/DiPT.jpg","contentUrl":"https:\/\/chemsxpress.com\/wp-content\/uploads\/2024\/04\/DiPT.jpg","width":600,"height":600,"caption":"Buy 5-MeO-DiPT"},{"@type":"BreadcrumbList","@id":"https:\/\/chemsxpress.com\/product\/buy-5-meo-dipt\/#breadcrumb","itemListElement":[{"@type":"ListItem","position":1,"name":"Home","item":"https:\/\/chemsxpress.com\/"},{"@type":"ListItem","position":2,"name":"Shop","item":"https:\/\/chemsxpress.com\/shop\/"},{"@type":"ListItem","position":3,"name":"DiPT"}]},{"@type":"WebSite","@id":"https:\/\/chemsxpress.com\/#website","url":"https:\/\/chemsxpress.com\/","name":"SHOP MDPHP","description":"Acheter MDPHP freebase aupr\u00e8s d'un fournisseur fiable","potentialAction":[{"@type":"SearchAction","target":{"@type":"EntryPoint","urlTemplate":"https:\/\/chemsxpress.com\/?s={search_term_string}"},"query-input":{"@type":"PropertyValueSpecification","valueRequired":true,"valueName":"search_term_string"}}],"inLanguage":"fr-FR"}]}},"jetpack_sharing_enabled":true,"_links":{"self":[{"href":"https:\/\/chemsxpress.com\/fr\/wp-json\/wp\/v2\/product\/29304","targetHints":{"allow":["GET"]}}],"collection":[{"href":"https:\/\/chemsxpress.com\/fr\/wp-json\/wp\/v2\/product"}],"about":[{"href":"https:\/\/chemsxpress.com\/fr\/wp-json\/wp\/v2\/types\/product"}],"replies":[{"embeddable":true,"href":"https:\/\/chemsxpress.com\/fr\/wp-json\/wp\/v2\/comments?post=29304"}],"version-history":[{"count":4,"href":"https:\/\/chemsxpress.com\/fr\/wp-json\/wp\/v2\/product\/29304\/revisions"}],"predecessor-version":[{"id":29994,"href":"https:\/\/chemsxpress.com\/fr\/wp-json\/wp\/v2\/product\/29304\/revisions\/29994"}],"wp:featuredmedia":[{"embeddable":true,"href":"https:\/\/chemsxpress.com\/fr\/wp-json\/wp\/v2\/media\/29330"}],"wp:attachment":[{"href":"https:\/\/chemsxpress.com\/fr\/wp-json\/wp\/v2\/media?parent=29304"}],"wp:term":[{"taxonomy":"product_brand","embeddable":true,"href":"https:\/\/chemsxpress.com\/fr\/wp-json\/wp\/v2\/product_brand?post=29304"},{"taxonomy":"product_cat","embeddable":true,"href":"https:\/\/chemsxpress.com\/fr\/wp-json\/wp\/v2\/product_cat?post=29304"},{"taxonomy":"product_tag","embeddable":true,"href":"https:\/\/chemsxpress.com\/fr\/wp-json\/wp\/v2\/product_tag?post=29304"}],"curies":[{"name":"wp","href":"https:\/\/api.w.org\/{rel}","templated":true}]}}