{"id":29306,"date":"2024-04-29T13:21:21","date_gmt":"2024-04-29T13:21:21","guid":{"rendered":"https:\/\/chemsxpress.com\/?post_type=product&#038;p=29306"},"modified":"2024-05-02T05:25:58","modified_gmt":"2024-05-02T05:25:58","slug":"acheter-mpt-en-ligne-2","status":"publish","type":"product","link":"https:\/\/chemsxpress.com\/fr\/produit\/acheter-mpt-en-ligne-2\/","title":{"rendered":"MPT"},"content":{"rendered":"<h1><strong>Acheter MPT en ligne<\/strong><\/h1>\n<p>Buy MPT Online, ou 3-M\u00e9thyl-2-(1-pentyl)-3H-indole, est un cannabino\u00efde synth\u00e9tique qui appartient \u00e0 la classe des indoles. C'est un puissant agoniste des r\u00e9cepteurs cannabino\u00efdes CB1 et CB2 et il est connu pour ses effets psychoactifs. Le MPT a \u00e9t\u00e9 identifi\u00e9 comme un ingr\u00e9dient de certains m\u00e9langes de cannabino\u00efdes synth\u00e9tiques et a gagn\u00e9 en popularit\u00e9 sur le march\u00e9 des drogues r\u00e9cr\u00e9atives.<\/p>\n<p>Comme d'autres cannabino\u00efdes synth\u00e9tiques, le MPT en vente en ligne peut produire une s\u00e9rie d'effets, notamment la relaxation, l'euphorie, une alt\u00e9ration de la perception du temps et des changements dans la perception sensorielle. Cependant, il comporte \u00e9galement des risques d'effets ind\u00e9sirables, tels que l'anxi\u00e9t\u00e9, la parano\u00efa, l'acc\u00e9l\u00e9ration du rythme cardiaque et, dans les cas les plus graves, des hallucinations et des psychoses.<\/p>\n<p>En raison de son potentiel d'utilisation abusive et des risques pour la sant\u00e9 qui y sont associ\u00e9s, l'effet MPT est souvent soumis \u00e0 des restrictions l\u00e9gales dans de nombreuses juridictions. Sa vente, sa possession et son utilisation peuvent \u00eatre interdites ou r\u00e9glement\u00e9es par les lois sur les substances contr\u00f4l\u00e9es. Comme pour toute substance psychoactive, une utilisation responsable, une prise de d\u00e9cision \u00e9clair\u00e9e et le respect des lois et r\u00e9glementations locales sont essentiels pour minimiser les risques et promouvoir la s\u00e9curit\u00e9.<\/p>\n<p>Les cannabino\u00efdes synth\u00e9tiques sont des substances chimiques fabriqu\u00e9es par l'homme qui agissent sur les m\u00eames r\u00e9cepteurs c\u00e9r\u00e9braux que les cannabino\u00efdes naturels, tels que le THC pr\u00e9sent dans les plantes de cannabis. Ils sont souvent pulv\u00e9ris\u00e9s sur le mat\u00e9riel v\u00e9g\u00e9tal et vendus sous forme d'encens \u00e0 base de plantes ou de \"legal highs\" sous diff\u00e9rentes marques. Ces substances peuvent produire des effets psychoactifs similaires \u00e0 ceux du cannabis, mais ils peuvent \u00eatre beaucoup plus forts et plus impr\u00e9visibles.<\/p>\n<p>En raison de leur puissance et de leur nature impr\u00e9visible, les cannabino\u00efdes synth\u00e9tiques pr\u00e9sentent des risques importants pour la sant\u00e9. Ils ont \u00e9t\u00e9 associ\u00e9s \u00e0 une s\u00e9rie d'effets ind\u00e9sirables, notamment l'anxi\u00e9t\u00e9, la parano\u00efa, les hallucinations, l'acc\u00e9l\u00e9ration du rythme cardiaque et m\u00eame les crises d'\u00e9pilepsie. L'utilisation \u00e0 long terme ou \u00e0 fortes doses peut entra\u00eener une d\u00e9pendance, des sympt\u00f4mes de sevrage et de graves probl\u00e8mes de sant\u00e9 physique et mentale.<\/p>\n<h2><strong>O\u00f9 acheter le MPT en ligne ?<\/strong><\/h2>\n<p>Bienvenue \u00e0 <a href=\"https:\/\/chemsxpress.com\/fr\/\">ChemsXpress,<\/a> votre source de confiance pour MPT. Explorez notre s\u00e9lection de produits MPT de haute qualit\u00e9, exp\u00e9di\u00e9s rapidement et discr\u00e8tement. D\u00e9couvrez les avantages du TPM avec ChemsXpress d\u00e8s aujourd'hui.<\/p>","protected":false},"excerpt":{"rendered":"<p><strong>IUPAC-Name: <\/strong>N-[2-(1H-Indol-3-yl)ethyl]-N-methylpropan-1-amine<\/p>\n<p><strong>CAS # <\/strong>850032-72-3<\/p>\n<p><strong>Other name: <\/strong>N-Methyl-N-propyltryptamine<\/p>\n<p><strong>Appearance: <\/strong>powder<\/p>\n<p><strong>Form: <\/strong>fumarate<\/p>\n<p><strong>NMR Analysis: <\/strong>C14H20N2<\/p>\n","protected":false},"featured_media":28994,"comment_status":"open","ping_status":"closed","template":"","meta":[],"product_brand":[],"product_cat":[92],"product_tag":[],"class_list":{"0":"post-29306","1":"product","2":"type-product","3":"status-publish","4":"has-post-thumbnail","6":"product_cat-tryptamines","8":"first","9":"instock","10":"shipping-taxable","11":"purchasable","12":"product-type-variable"},"yoast_head":"<!-- This site is optimized with the Yoast SEO Premium plugin v24.1 (Yoast SEO v27.4) - https:\/\/yoast.com\/product\/yoast-seo-premium-wordpress\/ -->\n<title>Buy MPT Online: Premium Quality, Fast Shipping |ChemsXpress<\/title>\n<meta name=\"description\" content=\"Buy MPT Online. Explore our selection of high-quality MPT products, shipped quickly and discreetly. Trust in our commitment and quality.\" \/>\n<meta name=\"robots\" content=\"index, follow, max-snippet:-1, max-image-preview:large, max-video-preview:-1\" \/>\n<link rel=\"canonical\" href=\"https:\/\/chemsxpress.com\/fr\/produit\/acheter-mpt-en-ligne-2\/\" \/>\n<meta property=\"og:locale\" content=\"fr_FR\" \/>\n<meta property=\"og:type\" content=\"article\" \/>\n<meta property=\"og:title\" content=\"MPT\" \/>\n<meta property=\"og:description\" content=\"Buy MPT Online. Explore our selection of high-quality MPT products, shipped quickly and discreetly. Trust in our commitment and quality.\" \/>\n<meta property=\"og:url\" content=\"https:\/\/chemsxpress.com\/fr\/produit\/acheter-mpt-en-ligne-2\/\" \/>\n<meta property=\"og:site_name\" content=\"SHOP MDPHP\" \/>\n<meta property=\"article:modified_time\" content=\"2024-05-02T05:25:58+00:00\" \/>\n<meta property=\"og:image\" content=\"https:\/\/chemsxpress.com\/wp-content\/uploads\/2024\/04\/5-MAPB-pellets-50mg.jpg\" \/>\n\t<meta property=\"og:image:width\" content=\"600\" \/>\n\t<meta property=\"og:image:height\" content=\"600\" \/>\n\t<meta property=\"og:image:type\" content=\"image\/jpeg\" \/>\n<meta name=\"twitter:card\" content=\"summary_large_image\" \/>\n<meta name=\"twitter:label1\" content=\"Dur\u00e9e de lecture estim\u00e9e\" \/>\n\t<meta name=\"twitter:data1\" content=\"2 minutes\" \/>\n<script type=\"application\/ld+json\" class=\"yoast-schema-graph\">{\"@context\":\"https:\\\/\\\/schema.org\",\"@graph\":[{\"@type\":\"WebPage\",\"@id\":\"https:\\\/\\\/chemsxpress.com\\\/product\\\/buy-mpt-online\\\/\",\"url\":\"https:\\\/\\\/chemsxpress.com\\\/product\\\/buy-mpt-online\\\/\",\"name\":\"Buy MPT Online: Premium Quality, Fast Shipping |ChemsXpress\",\"isPartOf\":{\"@id\":\"https:\\\/\\\/chemsxpress.com\\\/#website\"},\"primaryImageOfPage\":{\"@id\":\"https:\\\/\\\/chemsxpress.com\\\/product\\\/buy-mpt-online\\\/#primaryimage\"},\"image\":{\"@id\":\"https:\\\/\\\/chemsxpress.com\\\/product\\\/buy-mpt-online\\\/#primaryimage\"},\"thumbnailUrl\":\"https:\\\/\\\/chemsxpress.com\\\/wp-content\\\/uploads\\\/2024\\\/04\\\/5-MAPB-pellets-50mg.jpg\",\"datePublished\":\"2024-04-29T13:21:21+00:00\",\"dateModified\":\"2024-05-02T05:25:58+00:00\",\"description\":\"Buy MPT Online. Explore our selection of high-quality MPT products, shipped quickly and discreetly. Trust in our commitment and quality.\",\"breadcrumb\":{\"@id\":\"https:\\\/\\\/chemsxpress.com\\\/product\\\/buy-mpt-online\\\/#breadcrumb\"},\"inLanguage\":\"fr-FR\",\"potentialAction\":[{\"@type\":\"ReadAction\",\"target\":[\"https:\\\/\\\/chemsxpress.com\\\/product\\\/buy-mpt-online\\\/\"]}]},{\"@type\":\"ImageObject\",\"inLanguage\":\"fr-FR\",\"@id\":\"https:\\\/\\\/chemsxpress.com\\\/product\\\/buy-mpt-online\\\/#primaryimage\",\"url\":\"https:\\\/\\\/chemsxpress.com\\\/wp-content\\\/uploads\\\/2024\\\/04\\\/5-MAPB-pellets-50mg.jpg\",\"contentUrl\":\"https:\\\/\\\/chemsxpress.com\\\/wp-content\\\/uploads\\\/2024\\\/04\\\/5-MAPB-pellets-50mg.jpg\",\"width\":600,\"height\":600,\"caption\":\"Buy MPT Online\"},{\"@type\":\"BreadcrumbList\",\"@id\":\"https:\\\/\\\/chemsxpress.com\\\/product\\\/buy-mpt-online\\\/#breadcrumb\",\"itemListElement\":[{\"@type\":\"ListItem\",\"position\":1,\"name\":\"Home\",\"item\":\"https:\\\/\\\/chemsxpress.com\\\/\"},{\"@type\":\"ListItem\",\"position\":2,\"name\":\"Shop\",\"item\":\"https:\\\/\\\/chemsxpress.com\\\/shop\\\/\"},{\"@type\":\"ListItem\",\"position\":3,\"name\":\"MPT\"}]},{\"@type\":\"WebSite\",\"@id\":\"https:\\\/\\\/chemsxpress.com\\\/#website\",\"url\":\"https:\\\/\\\/chemsxpress.com\\\/\",\"name\":\"SHOP MDPHP\",\"description\":\"Buy MDPHP freebase from reliable supplier\",\"potentialAction\":[{\"@type\":\"SearchAction\",\"target\":{\"@type\":\"EntryPoint\",\"urlTemplate\":\"https:\\\/\\\/chemsxpress.com\\\/?s={search_term_string}\"},\"query-input\":{\"@type\":\"PropertyValueSpecification\",\"valueRequired\":true,\"valueName\":\"search_term_string\"}}],\"inLanguage\":\"fr-FR\"}]}<\/script>\n<!-- \/ Yoast SEO Premium plugin. -->","yoast_head_json":{"title":"Acheter MPT en ligne : Qualit\u00e9 sup\u00e9rieure, livraison rapide |ChemsXpress","description":"Acheter MPT en ligne. D\u00e9couvrez notre s\u00e9lection de produits MPT de haute qualit\u00e9, exp\u00e9di\u00e9s rapidement et discr\u00e8tement. Faites confiance \u00e0 notre engagement et \u00e0 notre qualit\u00e9.","robots":{"index":"index","follow":"follow","max-snippet":"max-snippet:-1","max-image-preview":"max-image-preview:large","max-video-preview":"max-video-preview:-1"},"canonical":"https:\/\/chemsxpress.com\/fr\/produit\/acheter-mpt-en-ligne-2\/","og_locale":"fr_FR","og_type":"article","og_title":"MPT","og_description":"Buy MPT Online. Explore our selection of high-quality MPT products, shipped quickly and discreetly. Trust in our commitment and quality.","og_url":"https:\/\/chemsxpress.com\/fr\/produit\/acheter-mpt-en-ligne-2\/","og_site_name":"SHOP MDPHP","article_modified_time":"2024-05-02T05:25:58+00:00","og_image":[{"width":600,"height":600,"url":"https:\/\/chemsxpress.com\/wp-content\/uploads\/2024\/04\/5-MAPB-pellets-50mg.jpg","type":"image\/jpeg"}],"twitter_card":"summary_large_image","twitter_misc":{"Dur\u00e9e de lecture estim\u00e9e":"2 minutes"},"schema":{"@context":"https:\/\/schema.org","@graph":[{"@type":"WebPage","@id":"https:\/\/chemsxpress.com\/product\/buy-mpt-online\/","url":"https:\/\/chemsxpress.com\/product\/buy-mpt-online\/","name":"Acheter MPT en ligne : Qualit\u00e9 sup\u00e9rieure, livraison rapide |ChemsXpress","isPartOf":{"@id":"https:\/\/chemsxpress.com\/#website"},"primaryImageOfPage":{"@id":"https:\/\/chemsxpress.com\/product\/buy-mpt-online\/#primaryimage"},"image":{"@id":"https:\/\/chemsxpress.com\/product\/buy-mpt-online\/#primaryimage"},"thumbnailUrl":"https:\/\/chemsxpress.com\/wp-content\/uploads\/2024\/04\/5-MAPB-pellets-50mg.jpg","datePublished":"2024-04-29T13:21:21+00:00","dateModified":"2024-05-02T05:25:58+00:00","description":"Acheter MPT en ligne. D\u00e9couvrez notre s\u00e9lection de produits MPT de haute qualit\u00e9, exp\u00e9di\u00e9s rapidement et discr\u00e8tement. Faites confiance \u00e0 notre engagement et \u00e0 notre qualit\u00e9.","breadcrumb":{"@id":"https:\/\/chemsxpress.com\/product\/buy-mpt-online\/#breadcrumb"},"inLanguage":"fr-FR","potentialAction":[{"@type":"ReadAction","target":["https:\/\/chemsxpress.com\/product\/buy-mpt-online\/"]}]},{"@type":"ImageObject","inLanguage":"fr-FR","@id":"https:\/\/chemsxpress.com\/product\/buy-mpt-online\/#primaryimage","url":"https:\/\/chemsxpress.com\/wp-content\/uploads\/2024\/04\/5-MAPB-pellets-50mg.jpg","contentUrl":"https:\/\/chemsxpress.com\/wp-content\/uploads\/2024\/04\/5-MAPB-pellets-50mg.jpg","width":600,"height":600,"caption":"Buy MPT Online"},{"@type":"BreadcrumbList","@id":"https:\/\/chemsxpress.com\/product\/buy-mpt-online\/#breadcrumb","itemListElement":[{"@type":"ListItem","position":1,"name":"Home","item":"https:\/\/chemsxpress.com\/"},{"@type":"ListItem","position":2,"name":"Shop","item":"https:\/\/chemsxpress.com\/shop\/"},{"@type":"ListItem","position":3,"name":"MPT"}]},{"@type":"WebSite","@id":"https:\/\/chemsxpress.com\/#website","url":"https:\/\/chemsxpress.com\/","name":"SHOP MDPHP","description":"Acheter MDPHP freebase aupr\u00e8s d'un fournisseur fiable","potentialAction":[{"@type":"SearchAction","target":{"@type":"EntryPoint","urlTemplate":"https:\/\/chemsxpress.com\/?s={search_term_string}"},"query-input":{"@type":"PropertyValueSpecification","valueRequired":true,"valueName":"search_term_string"}}],"inLanguage":"fr-FR"}]}},"jetpack_sharing_enabled":true,"_links":{"self":[{"href":"https:\/\/chemsxpress.com\/fr\/wp-json\/wp\/v2\/product\/29306","targetHints":{"allow":["GET"]}}],"collection":[{"href":"https:\/\/chemsxpress.com\/fr\/wp-json\/wp\/v2\/product"}],"about":[{"href":"https:\/\/chemsxpress.com\/fr\/wp-json\/wp\/v2\/types\/product"}],"replies":[{"embeddable":true,"href":"https:\/\/chemsxpress.com\/fr\/wp-json\/wp\/v2\/comments?post=29306"}],"version-history":[{"count":3,"href":"https:\/\/chemsxpress.com\/fr\/wp-json\/wp\/v2\/product\/29306\/revisions"}],"predecessor-version":[{"id":29572,"href":"https:\/\/chemsxpress.com\/fr\/wp-json\/wp\/v2\/product\/29306\/revisions\/29572"}],"wp:featuredmedia":[{"embeddable":true,"href":"https:\/\/chemsxpress.com\/fr\/wp-json\/wp\/v2\/media\/28994"}],"wp:attachment":[{"href":"https:\/\/chemsxpress.com\/fr\/wp-json\/wp\/v2\/media?parent=29306"}],"wp:term":[{"taxonomy":"product_brand","embeddable":true,"href":"https:\/\/chemsxpress.com\/fr\/wp-json\/wp\/v2\/product_brand?post=29306"},{"taxonomy":"product_cat","embeddable":true,"href":"https:\/\/chemsxpress.com\/fr\/wp-json\/wp\/v2\/product_cat?post=29306"},{"taxonomy":"product_tag","embeddable":true,"href":"https:\/\/chemsxpress.com\/fr\/wp-json\/wp\/v2\/product_tag?post=29306"}],"curies":[{"name":"wp","href":"https:\/\/api.w.org\/{rel}","templated":true}]}}