{"id":29308,"date":"2024-04-29T13:21:21","date_gmt":"2024-04-29T13:21:21","guid":{"rendered":"https:\/\/chemsxpress.com\/?post_type=product&#038;p=29308"},"modified":"2025-05-28T13:47:47","modified_gmt":"2025-05-28T13:47:47","slug":"acheter-5-meo-met","status":"publish","type":"product","link":"https:\/\/chemsxpress.com\/fr\/produit\/acheter-5-meo-met\/","title":{"rendered":"5-MEO-MET"},"content":{"rendered":"<h1><strong>Acheter 5-MEO-MET.<\/strong><\/h1>\n<p>Acheter de la 5-MeO-MET (ou 5-M\u00e9thoxy-N-m\u00e9thyl-N-\u00e9thyltryptamine), c'est l'occasion r\u00eav\u00e9e pour les chercheurs d'en cr\u00e9er !<\/p>\n<p>Au <a href=\"https:\/\/chemsxpress.com\/fr\/\">ChemsXpress<\/a>Nous proposons le 5-MEO-MET, un compos\u00e9 psych\u00e9d\u00e9lique qui appartient \u00e0 la classe des tryptamines. \u00c9galement connu sous le nom de 5-m\u00e9thoxy-N-m\u00e9thyl-N-\u00e9thyltryptamine, le 5-MEO-MET est structurellement apparent\u00e9 \u00e0 d'autres psych\u00e9d\u00e9liques tryptamines tels que le 5-MeO-DMT et la MET (N-m\u00e9thyl-N-\u00e9thyltryptamine). Ce compos\u00e9 a attir\u00e9 l'attention de la communaut\u00e9 des chercheurs en raison de ses effets uniques et de ses applications th\u00e9rapeutiques potentielles.<\/p>\n<p>Comme pour d'autres <a href=\"https:\/\/chemsxpress.com\/fr\/categorie-produit\/produits-chimiques-de-recherche\/\">produits chimiques de recherche<\/a>Le 5-MEO-MET est principalement utilis\u00e9 \u00e0 des fins de recherche scientifique. Les chercheurs sont int\u00e9ress\u00e9s par l'\u00e9tude de ses effets pharmacologiques, de ses relations structure-activit\u00e9 et de ses utilisations th\u00e9rapeutiques potentielles. Bien que le 5-MEO-MET n'ait pas fait l'objet d'\u00e9tudes approfondies chez l'homme, des recherches pr\u00e9liminaires sugg\u00e8rent qu'il pourrait produire des effets psych\u00e9d\u00e9liques similaires \u00e0 ceux d'autres tryptamines, notamment des alt\u00e9rations de la perception, de l'humeur et de la conscience.<\/p>\n<p>Chez ChemsXpress, nous donnons la priorit\u00e9 \u00e0 la qualit\u00e9, \u00e0 la s\u00e9curit\u00e9 et au respect des r\u00e9glementations l\u00e9gales dans la distribution des produits chimiques destin\u00e9s \u00e0 la recherche. Notre 5-MEO-MET est synth\u00e9tis\u00e9 \u00e0 l'aide de techniques de pointe et subit des tests rigoureux pour garantir sa puret\u00e9 et sa puissance. Les chercheurs peuvent faire confiance \u00e0 ChemsXpress pour leur fournir du 5-MEO-MET de haute qualit\u00e9 qui r\u00e9pond \u00e0 leurs besoins de recherche.<\/p>\n<p>Il est important de noter que l'utilisation du 5-MEO-MET pour la consommation humaine n'est pas approuv\u00e9e par les autorit\u00e9s r\u00e9glementaires et que ses effets sur l'homme n'ont pas fait l'objet d'\u00e9tudes approfondies. Par cons\u00e9quent, toute recherche impliquant le 5-MEO-MET doit \u00eatre men\u00e9e avec le plus grand soin et dans le respect de l'\u00e9thique. Les chercheurs doivent \u00e9galement respecter des protocoles de s\u00e9curit\u00e9 stricts et des r\u00e9glementations l\u00e9gales concernant la manipulation, le stockage et l'utilisation du 5-MEO-MET.<\/p>\n<h2><strong>O\u00f9 acheter le 5-MEO-MET ?<\/strong><\/h2>\n<p>En conclusion, <a href=\"https:\/\/chemsxpress.com\/fr\/\">ChemsXpress<\/a> est votre source fiable pour le 5-MEO-MET et d'autres produits chimiques de recherche. Gr\u00e2ce \u00e0 notre engagement en mati\u00e8re d'assurance qualit\u00e9 et de satisfaction de la client\u00e8le, nous nous effor\u00e7ons de soutenir la recherche scientifique et l'innovation. Explorez notre catalogue de produits chimiques de recherche de qualit\u00e9 sup\u00e9rieure et d\u00e9couvrez les possibilit\u00e9s d'exploration scientifique avec les produits suivants <a href=\"https:\/\/chemsxpress.com\/fr\/\">ChemsXpress.<\/a><\/p>\n<p>&nbsp;<\/p>","protected":false},"excerpt":{"rendered":"<p><strong>Nom IUPAC : <\/strong>nul<\/p>\n<p><strong>CAS # <\/strong>nul<\/p>\n<p><strong>Autre nom : <\/strong>5-MEO-MET<\/p>\n<p><strong>Apparence : <\/strong>poudre<\/p>\n<p><strong>Forme : <\/strong>fumarate<\/p>\n<p><strong>Analyse RMN : <\/strong>N\/A<\/p>","protected":false},"featured_media":29335,"comment_status":"open","ping_status":"closed","template":"","meta":[],"product_brand":[],"product_cat":[92],"product_tag":[],"class_list":{"0":"post-29308","1":"product","2":"type-product","3":"status-publish","4":"has-post-thumbnail","6":"product_cat-tryptamines","8":"first","9":"instock","10":"shipping-taxable","11":"purchasable","12":"product-type-variable"},"yoast_head":"<!-- This site is optimized with the Yoast SEO Premium plugin v24.1 (Yoast SEO v27.4) - https:\/\/yoast.com\/product\/yoast-seo-premium-wordpress\/ -->\n<title>Buy 5-MEO-MET: Premium Quality RC&#039;s at ChemsXpress<\/title>\n<meta name=\"description\" content=\"Explore 5-MEO-MET at ChemsXpress. Premium research chemicals, fast shipping. Trust our quality assurance for all your research needs. Order now\" \/>\n<meta name=\"robots\" content=\"index, follow, max-snippet:-1, max-image-preview:large, max-video-preview:-1\" \/>\n<link rel=\"canonical\" href=\"https:\/\/chemsxpress.com\/fr\/produit\/acheter-5-meo-met\/\" \/>\n<meta property=\"og:locale\" content=\"fr_FR\" \/>\n<meta property=\"og:type\" content=\"article\" \/>\n<meta property=\"og:title\" content=\"5-MEO-MET\" \/>\n<meta property=\"og:description\" content=\"Explore 5-MEO-MET at ChemsXpress. Premium research chemicals, fast shipping. Trust our quality assurance for all your research needs. Order now\" \/>\n<meta property=\"og:url\" content=\"https:\/\/chemsxpress.com\/fr\/produit\/acheter-5-meo-met\/\" \/>\n<meta property=\"og:site_name\" content=\"SHOP MDPHP\" \/>\n<meta property=\"article:modified_time\" content=\"2025-05-28T13:47:47+00:00\" \/>\n<meta property=\"og:image\" content=\"https:\/\/chemsxpress.com\/wp-content\/uploads\/2024\/04\/5-MEO-MET.jpg\" \/>\n\t<meta property=\"og:image:width\" content=\"600\" \/>\n\t<meta property=\"og:image:height\" content=\"600\" \/>\n\t<meta property=\"og:image:type\" content=\"image\/jpeg\" \/>\n<meta name=\"twitter:card\" content=\"summary_large_image\" \/>\n<meta name=\"twitter:label1\" content=\"Dur\u00e9e de lecture estim\u00e9e\" \/>\n\t<meta name=\"twitter:data1\" content=\"2 minutes\" \/>\n<script type=\"application\/ld+json\" class=\"yoast-schema-graph\">{\"@context\":\"https:\\\/\\\/schema.org\",\"@graph\":[{\"@type\":\"WebPage\",\"@id\":\"https:\\\/\\\/chemsxpress.com\\\/product\\\/buy-5-meo-met\\\/\",\"url\":\"https:\\\/\\\/chemsxpress.com\\\/product\\\/buy-5-meo-met\\\/\",\"name\":\"Buy 5-MEO-MET: Premium Quality RC's at ChemsXpress\",\"isPartOf\":{\"@id\":\"https:\\\/\\\/chemsxpress.com\\\/#website\"},\"primaryImageOfPage\":{\"@id\":\"https:\\\/\\\/chemsxpress.com\\\/product\\\/buy-5-meo-met\\\/#primaryimage\"},\"image\":{\"@id\":\"https:\\\/\\\/chemsxpress.com\\\/product\\\/buy-5-meo-met\\\/#primaryimage\"},\"thumbnailUrl\":\"https:\\\/\\\/chemsxpress.com\\\/wp-content\\\/uploads\\\/2024\\\/04\\\/5-MEO-MET.jpg\",\"datePublished\":\"2024-04-29T13:21:21+00:00\",\"dateModified\":\"2025-05-28T13:47:47+00:00\",\"description\":\"Explore 5-MEO-MET at ChemsXpress. Premium research chemicals, fast shipping. Trust our quality assurance for all your research needs. Order now\",\"breadcrumb\":{\"@id\":\"https:\\\/\\\/chemsxpress.com\\\/product\\\/buy-5-meo-met\\\/#breadcrumb\"},\"inLanguage\":\"fr-FR\",\"potentialAction\":[{\"@type\":\"ReadAction\",\"target\":[\"https:\\\/\\\/chemsxpress.com\\\/product\\\/buy-5-meo-met\\\/\"]}]},{\"@type\":\"ImageObject\",\"inLanguage\":\"fr-FR\",\"@id\":\"https:\\\/\\\/chemsxpress.com\\\/product\\\/buy-5-meo-met\\\/#primaryimage\",\"url\":\"https:\\\/\\\/chemsxpress.com\\\/wp-content\\\/uploads\\\/2024\\\/04\\\/5-MEO-MET.jpg\",\"contentUrl\":\"https:\\\/\\\/chemsxpress.com\\\/wp-content\\\/uploads\\\/2024\\\/04\\\/5-MEO-MET.jpg\",\"width\":600,\"height\":600},{\"@type\":\"BreadcrumbList\",\"@id\":\"https:\\\/\\\/chemsxpress.com\\\/product\\\/buy-5-meo-met\\\/#breadcrumb\",\"itemListElement\":[{\"@type\":\"ListItem\",\"position\":1,\"name\":\"Home\",\"item\":\"https:\\\/\\\/chemsxpress.com\\\/\"},{\"@type\":\"ListItem\",\"position\":2,\"name\":\"Shop\",\"item\":\"https:\\\/\\\/chemsxpress.com\\\/shop\\\/\"},{\"@type\":\"ListItem\",\"position\":3,\"name\":\"5-MEO-MET\"}]},{\"@type\":\"WebSite\",\"@id\":\"https:\\\/\\\/chemsxpress.com\\\/#website\",\"url\":\"https:\\\/\\\/chemsxpress.com\\\/\",\"name\":\"SHOP MDPHP\",\"description\":\"Buy MDPHP freebase from reliable supplier\",\"potentialAction\":[{\"@type\":\"SearchAction\",\"target\":{\"@type\":\"EntryPoint\",\"urlTemplate\":\"https:\\\/\\\/chemsxpress.com\\\/?s={search_term_string}\"},\"query-input\":{\"@type\":\"PropertyValueSpecification\",\"valueRequired\":true,\"valueName\":\"search_term_string\"}}],\"inLanguage\":\"fr-FR\"}]}<\/script>\n<!-- \/ Yoast SEO Premium plugin. -->","yoast_head_json":{"title":"Acheter 5-MEO-MET : RC's de premi\u00e8re qualit\u00e9 \u00e0 ChemsXpress","description":"D\u00e9couvrez le 5-MEO-MET sur ChemsXpress. Produits chimiques de recherche de premi\u00e8re qualit\u00e9, livraison rapide. Faites confiance \u00e0 notre assurance qualit\u00e9 pour tous vos besoins de recherche. Commandez maintenant","robots":{"index":"index","follow":"follow","max-snippet":"max-snippet:-1","max-image-preview":"max-image-preview:large","max-video-preview":"max-video-preview:-1"},"canonical":"https:\/\/chemsxpress.com\/fr\/produit\/acheter-5-meo-met\/","og_locale":"fr_FR","og_type":"article","og_title":"5-MEO-MET","og_description":"Explore 5-MEO-MET at ChemsXpress. Premium research chemicals, fast shipping. Trust our quality assurance for all your research needs. Order now","og_url":"https:\/\/chemsxpress.com\/fr\/produit\/acheter-5-meo-met\/","og_site_name":"SHOP MDPHP","article_modified_time":"2025-05-28T13:47:47+00:00","og_image":[{"width":600,"height":600,"url":"https:\/\/chemsxpress.com\/wp-content\/uploads\/2024\/04\/5-MEO-MET.jpg","type":"image\/jpeg"}],"twitter_card":"summary_large_image","twitter_misc":{"Dur\u00e9e de lecture estim\u00e9e":"2 minutes"},"schema":{"@context":"https:\/\/schema.org","@graph":[{"@type":"WebPage","@id":"https:\/\/chemsxpress.com\/product\/buy-5-meo-met\/","url":"https:\/\/chemsxpress.com\/product\/buy-5-meo-met\/","name":"Acheter 5-MEO-MET : RC's de premi\u00e8re qualit\u00e9 \u00e0 ChemsXpress","isPartOf":{"@id":"https:\/\/chemsxpress.com\/#website"},"primaryImageOfPage":{"@id":"https:\/\/chemsxpress.com\/product\/buy-5-meo-met\/#primaryimage"},"image":{"@id":"https:\/\/chemsxpress.com\/product\/buy-5-meo-met\/#primaryimage"},"thumbnailUrl":"https:\/\/chemsxpress.com\/wp-content\/uploads\/2024\/04\/5-MEO-MET.jpg","datePublished":"2024-04-29T13:21:21+00:00","dateModified":"2025-05-28T13:47:47+00:00","description":"D\u00e9couvrez le 5-MEO-MET sur ChemsXpress. Produits chimiques de recherche de premi\u00e8re qualit\u00e9, livraison rapide. Faites confiance \u00e0 notre assurance qualit\u00e9 pour tous vos besoins de recherche. Commandez maintenant","breadcrumb":{"@id":"https:\/\/chemsxpress.com\/product\/buy-5-meo-met\/#breadcrumb"},"inLanguage":"fr-FR","potentialAction":[{"@type":"ReadAction","target":["https:\/\/chemsxpress.com\/product\/buy-5-meo-met\/"]}]},{"@type":"ImageObject","inLanguage":"fr-FR","@id":"https:\/\/chemsxpress.com\/product\/buy-5-meo-met\/#primaryimage","url":"https:\/\/chemsxpress.com\/wp-content\/uploads\/2024\/04\/5-MEO-MET.jpg","contentUrl":"https:\/\/chemsxpress.com\/wp-content\/uploads\/2024\/04\/5-MEO-MET.jpg","width":600,"height":600},{"@type":"BreadcrumbList","@id":"https:\/\/chemsxpress.com\/product\/buy-5-meo-met\/#breadcrumb","itemListElement":[{"@type":"ListItem","position":1,"name":"Home","item":"https:\/\/chemsxpress.com\/"},{"@type":"ListItem","position":2,"name":"Shop","item":"https:\/\/chemsxpress.com\/shop\/"},{"@type":"ListItem","position":3,"name":"5-MEO-MET"}]},{"@type":"WebSite","@id":"https:\/\/chemsxpress.com\/#website","url":"https:\/\/chemsxpress.com\/","name":"SHOP MDPHP","description":"Acheter MDPHP freebase aupr\u00e8s d'un fournisseur fiable","potentialAction":[{"@type":"SearchAction","target":{"@type":"EntryPoint","urlTemplate":"https:\/\/chemsxpress.com\/?s={search_term_string}"},"query-input":{"@type":"PropertyValueSpecification","valueRequired":true,"valueName":"search_term_string"}}],"inLanguage":"fr-FR"}]}},"jetpack_sharing_enabled":true,"_links":{"self":[{"href":"https:\/\/chemsxpress.com\/fr\/wp-json\/wp\/v2\/product\/29308","targetHints":{"allow":["GET"]}}],"collection":[{"href":"https:\/\/chemsxpress.com\/fr\/wp-json\/wp\/v2\/product"}],"about":[{"href":"https:\/\/chemsxpress.com\/fr\/wp-json\/wp\/v2\/types\/product"}],"replies":[{"embeddable":true,"href":"https:\/\/chemsxpress.com\/fr\/wp-json\/wp\/v2\/comments?post=29308"}],"version-history":[{"count":4,"href":"https:\/\/chemsxpress.com\/fr\/wp-json\/wp\/v2\/product\/29308\/revisions"}],"predecessor-version":[{"id":29997,"href":"https:\/\/chemsxpress.com\/fr\/wp-json\/wp\/v2\/product\/29308\/revisions\/29997"}],"wp:featuredmedia":[{"embeddable":true,"href":"https:\/\/chemsxpress.com\/fr\/wp-json\/wp\/v2\/media\/29335"}],"wp:attachment":[{"href":"https:\/\/chemsxpress.com\/fr\/wp-json\/wp\/v2\/media?parent=29308"}],"wp:term":[{"taxonomy":"product_brand","embeddable":true,"href":"https:\/\/chemsxpress.com\/fr\/wp-json\/wp\/v2\/product_brand?post=29308"},{"taxonomy":"product_cat","embeddable":true,"href":"https:\/\/chemsxpress.com\/fr\/wp-json\/wp\/v2\/product_cat?post=29308"},{"taxonomy":"product_tag","embeddable":true,"href":"https:\/\/chemsxpress.com\/fr\/wp-json\/wp\/v2\/product_tag?post=29308"}],"curies":[{"name":"wp","href":"https:\/\/api.w.org\/{rel}","templated":true}]}}