{"id":29309,"date":"2024-04-29T13:21:21","date_gmt":"2024-04-29T13:21:21","guid":{"rendered":"https:\/\/chemsxpress.com\/?post_type=product&#038;p=29309"},"modified":"2025-05-28T14:58:32","modified_gmt":"2025-05-28T14:58:32","slug":"acheter-4-ho-ept","status":"publish","type":"product","link":"https:\/\/chemsxpress.com\/fr\/produit\/acheter-4-ho-ept\/","title":{"rendered":"4-HO-EPT"},"content":{"rendered":"<h2><strong>ACHETER 4-HO-EPT<\/strong><\/h2>\n<p>Acheter Le 4-HO-EPT, \u00e9galement connu sous le nom de 4-hydroxy-N-\u00e9thyl-N-propyltryptamine, est un compos\u00e9 chimique rarement rencontr\u00e9 de la classe des tryptamines. La structure de la 4-HO-EPT est \u00e9troitement li\u00e9e \u00e0 celle de la psilocine, un psych\u00e9d\u00e9lique puissant. La 4-HO-EPT (4-hydroxy-N-\u00e9thyl-N-propyltryptamine) est fournie par nous sous forme de poudre de la plus haute qualit\u00e9 (puret\u00e9 &gt;97%) et est disponible en quantit\u00e9s de 0,25gr, 0,5gr, 1gr et 2gr.<\/p>\n<p>&nbsp;<\/p>\n<h2><strong>COMMENT UTILISER LA POUDRE DE 4-HO-EPT ?<\/strong><\/h2>\n<p>Chez RealChems, vous pouvez acheter du 4-HO-EPT en ligne sous forme de poudre de la plus haute qualit\u00e9 (puret\u00e9 &gt;97%). Nous avons du 4-HO-EPT \u00e0 vendre en quantit\u00e9s de 0,25gr, 0,5gr, 1gr et 2gr. Veillez \u00e0 conserver la poudre de 4-HO-EPT dans un endroit sec et frais pour une dur\u00e9e de conservation maximale. Lorsque vous manipulez des produits chimiques destin\u00e9s \u00e0 la recherche, veillez \u00e0 toujours prendre les pr\u00e9cautions qui s'imposent dans le laboratoire, par exemple en essuyant les surfaces et en portant des gants, un masque et des v\u00eatements de protection. Nous conseillons vivement d'utiliser des pratiques de r\u00e9duction des risques lors de l'utilisation de produits chimiques de recherche.<\/p>\n<p>&nbsp;<\/p>\n<h2><strong>D\u00c9FINITION 4-HO-EPT<\/strong><\/h2>\n<p>La d\u00e9finition du 4-HO-EPT est officiellement connue sous le nom de 4-hydroxy-N-\u00e9thyl-N-propyltryptamine, un compos\u00e9 rare de la classe des tryptamines structurellement apparent\u00e9 \u00e0 la psilocine. La psilocine est une substance psych\u00e9d\u00e9lique naturelle plus connue sous le nom de champignons magiques, champignons psych\u00e9d\u00e9liques, champignons magiques et champignons.<\/p>\n<p>&nbsp;<\/p>\n<h2><strong>INFORMATIONS DE BASE SUR LA CHIMIE 4-HO-EPT<\/strong><\/h2>\n<p>Le 4-HO-EPT, ou 4-hydroxy-N-\u00e9thyl-N-propyltryptamine, est une mol\u00e9cule synth\u00e9tique de la classe chimique des tryptamines. Les substances de la classe des tryptamines ont en commun une structure centrale constitu\u00e9e d'un h\u00e9t\u00e9rocycle indole bicyclique li\u00e9 \u00e0 R3 \u00e0 un groupe amino. Les propri\u00e9t\u00e9s psych\u00e9d\u00e9liques r\u00e9sulteraient de la corr\u00e9lation entre le 4-HO-EPT et les r\u00e9cepteurs 5-HT2A. Toutefois, le r\u00f4le et les r\u00e9sultats de ces interactions restent insaisissables et devront faire l'objet d'\u00e9tudes scientifiques plus approfondies. La 4-HO-EPT contient une cha\u00eene li\u00e9e \u00e0 l'amine RN terminale de son squelette tryptamine (EPT).<\/p>\n<p>&nbsp;<\/p>\n<h2><strong>O\u00d9 ACHETER 4-HO-EPT<\/strong><\/h2>\n<p>Le 4-HO-EPT est en vente ici m\u00eame sur le site de la <a href=\"https:\/\/chemsxpress.com\/fr\/\">ChemsXpress<\/a> site web. Nous ne vendons que du 4-HO-EPT de premi\u00e8re qualit\u00e9, g\u00e9n\u00e9ralement sous forme de poudre. Cependant, nous avons souvent d'autres formes de substances disponibles, alors n'h\u00e9sitez pas \u00e0 nous contacter pour savoir si nous avons votre forme de substance pr\u00e9f\u00e9r\u00e9e en stock. Vous devez \u00eatre \u00e2g\u00e9 d'au moins 18 ans pour acheter de la 4-HO-EPT chez nous.<\/p>","protected":false},"excerpt":{"rendered":"<p><strong>IUPAC-Name: <\/strong>3-{2-[Ethyl(propyl)amino]ethyl}-1H-indol-4-ol<\/p>\n<p><strong>CAS # <\/strong>N\/A<\/p>\n<p><strong>Other name: <\/strong>4-hydroxy-N-ethyl-N-propyltryptamine<\/p>\n<p><strong>Appearance: <\/strong>powder<\/p>\n<p><strong>Form: <\/strong>fumarate<\/p>\n<p><strong>NMR Analysis: <\/strong>C15H22N2O<\/p>\n","protected":false},"featured_media":29337,"comment_status":"open","ping_status":"closed","template":"","meta":[],"product_brand":[],"product_cat":[92],"product_tag":[],"class_list":{"0":"post-29309","1":"product","2":"type-product","3":"status-publish","4":"has-post-thumbnail","6":"product_cat-tryptamines","8":"first","9":"instock","10":"shipping-taxable","11":"purchasable","12":"product-type-variable"},"yoast_head":"<!-- This site is optimized with the Yoast SEO Premium plugin v24.1 (Yoast SEO v27.4) - https:\/\/yoast.com\/product\/yoast-seo-premium-wordpress\/ -->\n<title>Buy 4-HO-EPT Online: Premium Quality RC&#039;s | ChemsXpress<\/title>\n<meta name=\"description\" content=\"Discover 4-HO-EPT at ChemsXpress. Premium research chemicals, fast shipping. Trust our quality assurance for all your research needs. Order now\" \/>\n<meta name=\"robots\" content=\"index, follow, max-snippet:-1, max-image-preview:large, max-video-preview:-1\" \/>\n<link rel=\"canonical\" href=\"https:\/\/chemsxpress.com\/fr\/produit\/acheter-4-ho-ept\/\" \/>\n<meta property=\"og:locale\" content=\"fr_FR\" \/>\n<meta property=\"og:type\" content=\"article\" \/>\n<meta property=\"og:title\" content=\"4-HO-EPT\" \/>\n<meta property=\"og:description\" content=\"Discover 4-HO-EPT at ChemsXpress. Premium research chemicals, fast shipping. Trust our quality assurance for all your research needs. Order now\" \/>\n<meta property=\"og:url\" content=\"https:\/\/chemsxpress.com\/fr\/produit\/acheter-4-ho-ept\/\" \/>\n<meta property=\"og:site_name\" content=\"SHOP MDPHP\" \/>\n<meta property=\"article:modified_time\" content=\"2025-05-28T14:58:32+00:00\" \/>\n<meta property=\"og:image\" content=\"https:\/\/chemsxpress.com\/wp-content\/uploads\/2024\/04\/4-HO-EPT.jpg\" \/>\n\t<meta property=\"og:image:width\" content=\"600\" \/>\n\t<meta property=\"og:image:height\" content=\"600\" \/>\n\t<meta property=\"og:image:type\" content=\"image\/jpeg\" \/>\n<meta name=\"twitter:card\" content=\"summary_large_image\" \/>\n<meta name=\"twitter:label1\" content=\"Dur\u00e9e de lecture estim\u00e9e\" \/>\n\t<meta name=\"twitter:data1\" content=\"2 minutes\" \/>\n<script type=\"application\/ld+json\" class=\"yoast-schema-graph\">{\"@context\":\"https:\\\/\\\/schema.org\",\"@graph\":[{\"@type\":\"WebPage\",\"@id\":\"https:\\\/\\\/chemsxpress.com\\\/product\\\/buy-4-ho-ept\\\/\",\"url\":\"https:\\\/\\\/chemsxpress.com\\\/product\\\/buy-4-ho-ept\\\/\",\"name\":\"Buy 4-HO-EPT Online: Premium Quality RC's | ChemsXpress\",\"isPartOf\":{\"@id\":\"https:\\\/\\\/chemsxpress.com\\\/#website\"},\"primaryImageOfPage\":{\"@id\":\"https:\\\/\\\/chemsxpress.com\\\/product\\\/buy-4-ho-ept\\\/#primaryimage\"},\"image\":{\"@id\":\"https:\\\/\\\/chemsxpress.com\\\/product\\\/buy-4-ho-ept\\\/#primaryimage\"},\"thumbnailUrl\":\"https:\\\/\\\/chemsxpress.com\\\/wp-content\\\/uploads\\\/2024\\\/04\\\/4-HO-EPT.jpg\",\"datePublished\":\"2024-04-29T13:21:21+00:00\",\"dateModified\":\"2025-05-28T14:58:32+00:00\",\"description\":\"Discover 4-HO-EPT at ChemsXpress. Premium research chemicals, fast shipping. Trust our quality assurance for all your research needs. Order now\",\"breadcrumb\":{\"@id\":\"https:\\\/\\\/chemsxpress.com\\\/product\\\/buy-4-ho-ept\\\/#breadcrumb\"},\"inLanguage\":\"fr-FR\",\"potentialAction\":[{\"@type\":\"ReadAction\",\"target\":[\"https:\\\/\\\/chemsxpress.com\\\/product\\\/buy-4-ho-ept\\\/\"]}]},{\"@type\":\"ImageObject\",\"inLanguage\":\"fr-FR\",\"@id\":\"https:\\\/\\\/chemsxpress.com\\\/product\\\/buy-4-ho-ept\\\/#primaryimage\",\"url\":\"https:\\\/\\\/chemsxpress.com\\\/wp-content\\\/uploads\\\/2024\\\/04\\\/4-HO-EPT.jpg\",\"contentUrl\":\"https:\\\/\\\/chemsxpress.com\\\/wp-content\\\/uploads\\\/2024\\\/04\\\/4-HO-EPT.jpg\",\"width\":600,\"height\":600,\"caption\":\"BUY 4-HO-EPT\"},{\"@type\":\"BreadcrumbList\",\"@id\":\"https:\\\/\\\/chemsxpress.com\\\/product\\\/buy-4-ho-ept\\\/#breadcrumb\",\"itemListElement\":[{\"@type\":\"ListItem\",\"position\":1,\"name\":\"Home\",\"item\":\"https:\\\/\\\/chemsxpress.com\\\/\"},{\"@type\":\"ListItem\",\"position\":2,\"name\":\"Shop\",\"item\":\"https:\\\/\\\/chemsxpress.com\\\/shop\\\/\"},{\"@type\":\"ListItem\",\"position\":3,\"name\":\"4-HO-EPT\"}]},{\"@type\":\"WebSite\",\"@id\":\"https:\\\/\\\/chemsxpress.com\\\/#website\",\"url\":\"https:\\\/\\\/chemsxpress.com\\\/\",\"name\":\"SHOP MDPHP\",\"description\":\"Buy MDPHP freebase from reliable supplier\",\"potentialAction\":[{\"@type\":\"SearchAction\",\"target\":{\"@type\":\"EntryPoint\",\"urlTemplate\":\"https:\\\/\\\/chemsxpress.com\\\/?s={search_term_string}\"},\"query-input\":{\"@type\":\"PropertyValueSpecification\",\"valueRequired\":true,\"valueName\":\"search_term_string\"}}],\"inLanguage\":\"fr-FR\"}]}<\/script>\n<!-- \/ Yoast SEO Premium plugin. -->","yoast_head_json":{"title":"Achetez 4-HO-EPT en ligne\u00a0: RC de qualit\u00e9 sup\u00e9rieure | ChemsXpress","description":"D\u00e9couvrez Pink Star Pellets sur ChemsXpress. Produits chimiques de recherche de premi\u00e8re qualit\u00e9, livraison rapide. Faites confiance \u00e0 notre assurance qualit\u00e9 pour tous vos besoins de recherche. Commandez maintenant","robots":{"index":"index","follow":"follow","max-snippet":"max-snippet:-1","max-image-preview":"max-image-preview:large","max-video-preview":"max-video-preview:-1"},"canonical":"https:\/\/chemsxpress.com\/fr\/produit\/acheter-4-ho-ept\/","og_locale":"fr_FR","og_type":"article","og_title":"4-HO-EPT","og_description":"Discover 4-HO-EPT at ChemsXpress. Premium research chemicals, fast shipping. Trust our quality assurance for all your research needs. Order now","og_url":"https:\/\/chemsxpress.com\/fr\/produit\/acheter-4-ho-ept\/","og_site_name":"SHOP MDPHP","article_modified_time":"2025-05-28T14:58:32+00:00","og_image":[{"width":600,"height":600,"url":"https:\/\/chemsxpress.com\/wp-content\/uploads\/2024\/04\/4-HO-EPT.jpg","type":"image\/jpeg"}],"twitter_card":"summary_large_image","twitter_misc":{"Dur\u00e9e de lecture estim\u00e9e":"2 minutes"},"schema":{"@context":"https:\/\/schema.org","@graph":[{"@type":"WebPage","@id":"https:\/\/chemsxpress.com\/product\/buy-4-ho-ept\/","url":"https:\/\/chemsxpress.com\/product\/buy-4-ho-ept\/","name":"Achetez 4-HO-EPT en ligne\u00a0: RC de qualit\u00e9 sup\u00e9rieure | ChemsXpress","isPartOf":{"@id":"https:\/\/chemsxpress.com\/#website"},"primaryImageOfPage":{"@id":"https:\/\/chemsxpress.com\/product\/buy-4-ho-ept\/#primaryimage"},"image":{"@id":"https:\/\/chemsxpress.com\/product\/buy-4-ho-ept\/#primaryimage"},"thumbnailUrl":"https:\/\/chemsxpress.com\/wp-content\/uploads\/2024\/04\/4-HO-EPT.jpg","datePublished":"2024-04-29T13:21:21+00:00","dateModified":"2025-05-28T14:58:32+00:00","description":"D\u00e9couvrez Pink Star Pellets sur ChemsXpress. Produits chimiques de recherche de premi\u00e8re qualit\u00e9, livraison rapide. Faites confiance \u00e0 notre assurance qualit\u00e9 pour tous vos besoins de recherche. Commandez maintenant","breadcrumb":{"@id":"https:\/\/chemsxpress.com\/product\/buy-4-ho-ept\/#breadcrumb"},"inLanguage":"fr-FR","potentialAction":[{"@type":"ReadAction","target":["https:\/\/chemsxpress.com\/product\/buy-4-ho-ept\/"]}]},{"@type":"ImageObject","inLanguage":"fr-FR","@id":"https:\/\/chemsxpress.com\/product\/buy-4-ho-ept\/#primaryimage","url":"https:\/\/chemsxpress.com\/wp-content\/uploads\/2024\/04\/4-HO-EPT.jpg","contentUrl":"https:\/\/chemsxpress.com\/wp-content\/uploads\/2024\/04\/4-HO-EPT.jpg","width":600,"height":600,"caption":"BUY 4-HO-EPT"},{"@type":"BreadcrumbList","@id":"https:\/\/chemsxpress.com\/product\/buy-4-ho-ept\/#breadcrumb","itemListElement":[{"@type":"ListItem","position":1,"name":"Home","item":"https:\/\/chemsxpress.com\/"},{"@type":"ListItem","position":2,"name":"Shop","item":"https:\/\/chemsxpress.com\/shop\/"},{"@type":"ListItem","position":3,"name":"4-HO-EPT"}]},{"@type":"WebSite","@id":"https:\/\/chemsxpress.com\/#website","url":"https:\/\/chemsxpress.com\/","name":"SHOP MDPHP","description":"Acheter MDPHP freebase aupr\u00e8s d'un fournisseur fiable","potentialAction":[{"@type":"SearchAction","target":{"@type":"EntryPoint","urlTemplate":"https:\/\/chemsxpress.com\/?s={search_term_string}"},"query-input":{"@type":"PropertyValueSpecification","valueRequired":true,"valueName":"search_term_string"}}],"inLanguage":"fr-FR"}]}},"jetpack_sharing_enabled":true,"_links":{"self":[{"href":"https:\/\/chemsxpress.com\/fr\/wp-json\/wp\/v2\/product\/29309","targetHints":{"allow":["GET"]}}],"collection":[{"href":"https:\/\/chemsxpress.com\/fr\/wp-json\/wp\/v2\/product"}],"about":[{"href":"https:\/\/chemsxpress.com\/fr\/wp-json\/wp\/v2\/types\/product"}],"replies":[{"embeddable":true,"href":"https:\/\/chemsxpress.com\/fr\/wp-json\/wp\/v2\/comments?post=29309"}],"version-history":[{"count":3,"href":"https:\/\/chemsxpress.com\/fr\/wp-json\/wp\/v2\/product\/29309\/revisions"}],"predecessor-version":[{"id":29593,"href":"https:\/\/chemsxpress.com\/fr\/wp-json\/wp\/v2\/product\/29309\/revisions\/29593"}],"wp:featuredmedia":[{"embeddable":true,"href":"https:\/\/chemsxpress.com\/fr\/wp-json\/wp\/v2\/media\/29337"}],"wp:attachment":[{"href":"https:\/\/chemsxpress.com\/fr\/wp-json\/wp\/v2\/media?parent=29309"}],"wp:term":[{"taxonomy":"product_brand","embeddable":true,"href":"https:\/\/chemsxpress.com\/fr\/wp-json\/wp\/v2\/product_brand?post=29309"},{"taxonomy":"product_cat","embeddable":true,"href":"https:\/\/chemsxpress.com\/fr\/wp-json\/wp\/v2\/product_cat?post=29309"},{"taxonomy":"product_tag","embeddable":true,"href":"https:\/\/chemsxpress.com\/fr\/wp-json\/wp\/v2\/product_tag?post=29309"}],"curies":[{"name":"wp","href":"https:\/\/api.w.org\/{rel}","templated":true}]}}