{"id":29310,"date":"2024-04-29T13:21:22","date_gmt":"2024-04-29T13:21:22","guid":{"rendered":"https:\/\/chemsxpress.com\/?post_type=product&#038;p=29310"},"modified":"2025-05-29T13:39:19","modified_gmt":"2025-05-29T13:39:19","slug":"acheter-4-ho-dpt","status":"publish","type":"product","link":"https:\/\/chemsxpress.com\/fr\/produit\/acheter-4-ho-dpt\/","title":{"rendered":"4-HO-DPT"},"content":{"rendered":"<h2><strong>ACHETER 4-HO-DPT<\/strong><\/h2>\n<p>Acheter Le 4-HO-DPT est officiellement connu sous le nom de 4-hydroxy dipropyltryptamine, et parfois appel\u00e9 Procin. Le 4-HO-DPT est une substance psych\u00e9d\u00e9lique de la classe des tryptamines. La 4-HO-DPT a \u00e9t\u00e9 synth\u00e9tis\u00e9e pour la premi\u00e8re fois par Alexander Shulgin et document\u00e9e dans son livre TiHKAL (<em>Tryptamines que j'ai connues et aim\u00e9es<\/em>). Les chercheurs l'utilisent comme compos\u00e9 enth\u00e9og\u00e9nique. Par rapport \u00e0 d'autres tryptamines telles que la 4-HO-DMT et la 4-AcO-DMT, la 4-hydroxy dipropyltryptamine a des effets tr\u00e8s similaires.<\/p>\n<p>&nbsp;<\/p>\n<h2><strong>COMMENT UTILISER LA POUDRE DE 4-HO-DPT ?<\/strong><\/h2>\n<p>Au <a href=\"https:\/\/chemsxpress.com\/fr\/\">chemsxpress<\/a> vous pouvez acheter du 4-HO-DPT sous forme de poudre de la plus haute qualit\u00e9 (puret\u00e9 &gt;97%). Nous avons du 4-HO-DPT \u00e0 vendre en quantit\u00e9s de 0,25gr, 0,5gr et 1gr. Veillez \u00e0 conserver la poudre de 4-HO-DPT dans un endroit sec et frais pour une dur\u00e9e de conservation maximale. Lorsque vous manipulez des produits chimiques destin\u00e9s \u00e0 la recherche, veillez \u00e0 toujours prendre les pr\u00e9cautions qui s'imposent dans le laboratoire, par exemple en essuyant les surfaces et en portant des gants, un masque et des v\u00eatements de protection. Nous conseillons vivement d'utiliser des pratiques de r\u00e9duction des risques lors de l'utilisation de produits chimiques de recherche.<\/p>\n<p>&nbsp;<\/p>\n<h2><strong>D\u00c9FINITION 4-HO-DPT<\/strong><\/h2>\n<p>La d\u00e9finition de Buy Le 4-HO-DPT est officiellement connu sous le nom de 4-hydroxy dipropyltryptamine, et occasionnellement appel\u00e9 Procin. Il s'agit d'une substance psych\u00e9d\u00e9lique de la classe des tryptamines, apparent\u00e9e au DPT, \u00e9galement connu sous le nom de Dipropyltryptamine \"The Light\".<\/p>\n<p>&nbsp;<\/p>\n<h2><strong>INFORMATIONS DE BASE SUR LA CHIMIE 4-HO-DPT<\/strong><\/h2>\n<p>Comme la plupart des tryptamines psych\u00e9d\u00e9liques, la 4-HO-DPT agirait principalement comme un agoniste partiel de la 5-HT2A. Les propri\u00e9t\u00e9s psych\u00e9d\u00e9liques r\u00e9sulteraient des effets de la 4-HO-DPT sur les r\u00e9cepteurs 5-HT2A. Toutefois, le r\u00f4le et les r\u00e9sultats de ces interactions restent insaisissables et devront faire l'objet de recherches scientifiques plus approfondies. Les substances de la classe des tryptamines partagent une structure de base consistant en un h\u00e9t\u00e9rocycle indole li\u00e9 \u00e0 R3 \u00e0 un groupe amino. Le 4-HO-DPT est substitu\u00e9 sur le R4 de son h\u00e9t\u00e9rocycle indole par un groupe fonctionnel hydroxyle OH-. Il contient \u00e9galement deux cha\u00eenes de propyle li\u00e9es \u00e0 l'amine RN terminale de son squelette de tryptamine (DPT).<\/p>\n<p>&nbsp;<\/p>\n<h2><strong>O\u00d9 ACHETER 4-HO-DPT<\/strong><\/h2>\n<p>Vous pouvez acheter du 4-HO-DPT sur le site Chemsxpress. Nous vendons du 4-HO-DPT de premi\u00e8re qualit\u00e9, g\u00e9n\u00e9ralement sous forme de poudre. Cependant, nous avons souvent d'autres formes de substances disponibles, alors n'h\u00e9sitez pas \u00e0 nous contacter pour savoir si nous avons votre forme de substance pr\u00e9f\u00e9r\u00e9e en stock. Vous devez \u00eatre \u00e2g\u00e9 d'au moins 18 ans pour acheter du 4-HO-DPT chez nous.<\/p>","protected":false},"excerpt":{"rendered":"<p><strong>Nom IUPAC : <\/strong>4-hydroxy-N,N-dipropyltryptamine<\/p>\n<p><strong>Apparence : <\/strong>poudre<\/p>\n<p><strong>Analyse RMN : <\/strong>N\/A<\/p>","protected":false},"featured_media":29339,"comment_status":"open","ping_status":"closed","template":"","meta":[],"product_brand":[],"product_cat":[92],"product_tag":[],"class_list":{"0":"post-29310","1":"product","2":"type-product","3":"status-publish","4":"has-post-thumbnail","6":"product_cat-tryptamines","8":"first","9":"instock","10":"shipping-taxable","11":"purchasable","12":"product-type-variable"},"yoast_head":"<!-- This site is optimized with the Yoast SEO Premium plugin v24.1 (Yoast SEO v27.4) - https:\/\/yoast.com\/product\/yoast-seo-premium-wordpress\/ -->\n<title>Buy 4-HO-DPT Online: Best Research Chemicals [chemsxpress]<\/title>\n<meta name=\"description\" content=\"Elevate your research with buy 4-HO-DPT. Explore our selection of premium-grade research chemicals. Trusted source, discreet packaging, fast shipping.\" \/>\n<meta name=\"robots\" content=\"index, follow, max-snippet:-1, max-image-preview:large, max-video-preview:-1\" \/>\n<link rel=\"canonical\" href=\"https:\/\/chemsxpress.com\/fr\/produit\/acheter-4-ho-dpt\/\" \/>\n<meta property=\"og:locale\" content=\"fr_FR\" \/>\n<meta property=\"og:type\" content=\"article\" \/>\n<meta property=\"og:title\" content=\"4-HO-DPT\" \/>\n<meta property=\"og:description\" content=\"Elevate your research with buy 4-HO-DPT. Explore our selection of premium-grade research chemicals. Trusted source, discreet packaging, fast shipping.\" \/>\n<meta property=\"og:url\" content=\"https:\/\/chemsxpress.com\/fr\/produit\/acheter-4-ho-dpt\/\" \/>\n<meta property=\"og:site_name\" content=\"SHOP MDPHP\" \/>\n<meta property=\"article:modified_time\" content=\"2025-05-29T13:39:19+00:00\" \/>\n<meta property=\"og:image\" content=\"https:\/\/chemsxpress.com\/wp-content\/uploads\/2024\/04\/4-HO-DPT.jpg\" \/>\n\t<meta property=\"og:image:width\" content=\"600\" \/>\n\t<meta property=\"og:image:height\" content=\"600\" \/>\n\t<meta property=\"og:image:type\" content=\"image\/jpeg\" \/>\n<meta name=\"twitter:card\" content=\"summary_large_image\" \/>\n<meta name=\"twitter:label1\" content=\"Dur\u00e9e de lecture estim\u00e9e\" \/>\n\t<meta name=\"twitter:data1\" content=\"2 minutes\" \/>\n<script type=\"application\/ld+json\" class=\"yoast-schema-graph\">{\"@context\":\"https:\\\/\\\/schema.org\",\"@graph\":[{\"@type\":\"WebPage\",\"@id\":\"https:\\\/\\\/chemsxpress.com\\\/product\\\/buy-4-ho-dpt\\\/\",\"url\":\"https:\\\/\\\/chemsxpress.com\\\/product\\\/buy-4-ho-dpt\\\/\",\"name\":\"Buy 4-HO-DPT Online: Best Research Chemicals [chemsxpress]\",\"isPartOf\":{\"@id\":\"https:\\\/\\\/chemsxpress.com\\\/#website\"},\"primaryImageOfPage\":{\"@id\":\"https:\\\/\\\/chemsxpress.com\\\/product\\\/buy-4-ho-dpt\\\/#primaryimage\"},\"image\":{\"@id\":\"https:\\\/\\\/chemsxpress.com\\\/product\\\/buy-4-ho-dpt\\\/#primaryimage\"},\"thumbnailUrl\":\"https:\\\/\\\/chemsxpress.com\\\/wp-content\\\/uploads\\\/2024\\\/04\\\/4-HO-DPT.jpg\",\"datePublished\":\"2024-04-29T13:21:22+00:00\",\"dateModified\":\"2025-05-29T13:39:19+00:00\",\"description\":\"Elevate your research with buy 4-HO-DPT. Explore our selection of premium-grade research chemicals. Trusted source, discreet packaging, fast shipping.\",\"breadcrumb\":{\"@id\":\"https:\\\/\\\/chemsxpress.com\\\/product\\\/buy-4-ho-dpt\\\/#breadcrumb\"},\"inLanguage\":\"fr-FR\",\"potentialAction\":[{\"@type\":\"ReadAction\",\"target\":[\"https:\\\/\\\/chemsxpress.com\\\/product\\\/buy-4-ho-dpt\\\/\"]}]},{\"@type\":\"ImageObject\",\"inLanguage\":\"fr-FR\",\"@id\":\"https:\\\/\\\/chemsxpress.com\\\/product\\\/buy-4-ho-dpt\\\/#primaryimage\",\"url\":\"https:\\\/\\\/chemsxpress.com\\\/wp-content\\\/uploads\\\/2024\\\/04\\\/4-HO-DPT.jpg\",\"contentUrl\":\"https:\\\/\\\/chemsxpress.com\\\/wp-content\\\/uploads\\\/2024\\\/04\\\/4-HO-DPT.jpg\",\"width\":600,\"height\":600,\"caption\":\"Buy 4-HO-DPT\"},{\"@type\":\"BreadcrumbList\",\"@id\":\"https:\\\/\\\/chemsxpress.com\\\/product\\\/buy-4-ho-dpt\\\/#breadcrumb\",\"itemListElement\":[{\"@type\":\"ListItem\",\"position\":1,\"name\":\"Home\",\"item\":\"https:\\\/\\\/chemsxpress.com\\\/\"},{\"@type\":\"ListItem\",\"position\":2,\"name\":\"Shop\",\"item\":\"https:\\\/\\\/chemsxpress.com\\\/shop\\\/\"},{\"@type\":\"ListItem\",\"position\":3,\"name\":\"4-HO-DPT\"}]},{\"@type\":\"WebSite\",\"@id\":\"https:\\\/\\\/chemsxpress.com\\\/#website\",\"url\":\"https:\\\/\\\/chemsxpress.com\\\/\",\"name\":\"SHOP MDPHP\",\"description\":\"Buy MDPHP freebase from reliable supplier\",\"potentialAction\":[{\"@type\":\"SearchAction\",\"target\":{\"@type\":\"EntryPoint\",\"urlTemplate\":\"https:\\\/\\\/chemsxpress.com\\\/?s={search_term_string}\"},\"query-input\":{\"@type\":\"PropertyValueSpecification\",\"valueRequired\":true,\"valueName\":\"search_term_string\"}}],\"inLanguage\":\"fr-FR\"}]}<\/script>\n<!-- \/ Yoast SEO Premium plugin. -->","yoast_head_json":{"title":"Buy 4-HO-DPT Online: Best Research Chemicals [chemsxpress]","description":"Achetez 4-ACO-MET \u00c9levez vos recherches avec 4-ACO-MET. D\u00e9couvrez notre s\u00e9lection de produits chimiques de recherche de qualit\u00e9 A. Source fiable, emballage discret, exp\u00e9dition rapide","robots":{"index":"index","follow":"follow","max-snippet":"max-snippet:-1","max-image-preview":"max-image-preview:large","max-video-preview":"max-video-preview:-1"},"canonical":"https:\/\/chemsxpress.com\/fr\/produit\/acheter-4-ho-dpt\/","og_locale":"fr_FR","og_type":"article","og_title":"4-HO-DPT","og_description":"Elevate your research with buy 4-HO-DPT. Explore our selection of premium-grade research chemicals. Trusted source, discreet packaging, fast shipping.","og_url":"https:\/\/chemsxpress.com\/fr\/produit\/acheter-4-ho-dpt\/","og_site_name":"SHOP MDPHP","article_modified_time":"2025-05-29T13:39:19+00:00","og_image":[{"width":600,"height":600,"url":"https:\/\/chemsxpress.com\/wp-content\/uploads\/2024\/04\/4-HO-DPT.jpg","type":"image\/jpeg"}],"twitter_card":"summary_large_image","twitter_misc":{"Dur\u00e9e de lecture estim\u00e9e":"2 minutes"},"schema":{"@context":"https:\/\/schema.org","@graph":[{"@type":"WebPage","@id":"https:\/\/chemsxpress.com\/product\/buy-4-ho-dpt\/","url":"https:\/\/chemsxpress.com\/product\/buy-4-ho-dpt\/","name":"Buy 4-HO-DPT Online: Best Research Chemicals [chemsxpress]","isPartOf":{"@id":"https:\/\/chemsxpress.com\/#website"},"primaryImageOfPage":{"@id":"https:\/\/chemsxpress.com\/product\/buy-4-ho-dpt\/#primaryimage"},"image":{"@id":"https:\/\/chemsxpress.com\/product\/buy-4-ho-dpt\/#primaryimage"},"thumbnailUrl":"https:\/\/chemsxpress.com\/wp-content\/uploads\/2024\/04\/4-HO-DPT.jpg","datePublished":"2024-04-29T13:21:22+00:00","dateModified":"2025-05-29T13:39:19+00:00","description":"Achetez 4-ACO-MET \u00c9levez vos recherches avec 4-ACO-MET. D\u00e9couvrez notre s\u00e9lection de produits chimiques de recherche de qualit\u00e9 A. Source fiable, emballage discret, exp\u00e9dition rapide","breadcrumb":{"@id":"https:\/\/chemsxpress.com\/product\/buy-4-ho-dpt\/#breadcrumb"},"inLanguage":"fr-FR","potentialAction":[{"@type":"ReadAction","target":["https:\/\/chemsxpress.com\/product\/buy-4-ho-dpt\/"]}]},{"@type":"ImageObject","inLanguage":"fr-FR","@id":"https:\/\/chemsxpress.com\/product\/buy-4-ho-dpt\/#primaryimage","url":"https:\/\/chemsxpress.com\/wp-content\/uploads\/2024\/04\/4-HO-DPT.jpg","contentUrl":"https:\/\/chemsxpress.com\/wp-content\/uploads\/2024\/04\/4-HO-DPT.jpg","width":600,"height":600,"caption":"Buy 4-HO-DPT"},{"@type":"BreadcrumbList","@id":"https:\/\/chemsxpress.com\/product\/buy-4-ho-dpt\/#breadcrumb","itemListElement":[{"@type":"ListItem","position":1,"name":"Home","item":"https:\/\/chemsxpress.com\/"},{"@type":"ListItem","position":2,"name":"Shop","item":"https:\/\/chemsxpress.com\/shop\/"},{"@type":"ListItem","position":3,"name":"4-HO-DPT"}]},{"@type":"WebSite","@id":"https:\/\/chemsxpress.com\/#website","url":"https:\/\/chemsxpress.com\/","name":"SHOP MDPHP","description":"Acheter MDPHP freebase aupr\u00e8s d'un fournisseur fiable","potentialAction":[{"@type":"SearchAction","target":{"@type":"EntryPoint","urlTemplate":"https:\/\/chemsxpress.com\/?s={search_term_string}"},"query-input":{"@type":"PropertyValueSpecification","valueRequired":true,"valueName":"search_term_string"}}],"inLanguage":"fr-FR"}]}},"jetpack_sharing_enabled":true,"_links":{"self":[{"href":"https:\/\/chemsxpress.com\/fr\/wp-json\/wp\/v2\/product\/29310","targetHints":{"allow":["GET"]}}],"collection":[{"href":"https:\/\/chemsxpress.com\/fr\/wp-json\/wp\/v2\/product"}],"about":[{"href":"https:\/\/chemsxpress.com\/fr\/wp-json\/wp\/v2\/types\/product"}],"replies":[{"embeddable":true,"href":"https:\/\/chemsxpress.com\/fr\/wp-json\/wp\/v2\/comments?post=29310"}],"version-history":[{"count":3,"href":"https:\/\/chemsxpress.com\/fr\/wp-json\/wp\/v2\/product\/29310\/revisions"}],"predecessor-version":[{"id":29550,"href":"https:\/\/chemsxpress.com\/fr\/wp-json\/wp\/v2\/product\/29310\/revisions\/29550"}],"wp:featuredmedia":[{"embeddable":true,"href":"https:\/\/chemsxpress.com\/fr\/wp-json\/wp\/v2\/media\/29339"}],"wp:attachment":[{"href":"https:\/\/chemsxpress.com\/fr\/wp-json\/wp\/v2\/media?parent=29310"}],"wp:term":[{"taxonomy":"product_brand","embeddable":true,"href":"https:\/\/chemsxpress.com\/fr\/wp-json\/wp\/v2\/product_brand?post=29310"},{"taxonomy":"product_cat","embeddable":true,"href":"https:\/\/chemsxpress.com\/fr\/wp-json\/wp\/v2\/product_cat?post=29310"},{"taxonomy":"product_tag","embeddable":true,"href":"https:\/\/chemsxpress.com\/fr\/wp-json\/wp\/v2\/product_tag?post=29310"}],"curies":[{"name":"wp","href":"https:\/\/api.w.org\/{rel}","templated":true}]}}